{"id":9169,"date":"2025-06-18T18:27:56","date_gmt":"2025-06-18T10:27:56","guid":{"rendered":"https:\/\/www.hsymachinery.com\/?post_type=product&#038;p=9169"},"modified":"2025-06-28T21:58:31","modified_gmt":"2025-06-28T13:58:31","slug":"fratasadora-electrica-pth-l80-90","status":"publish","type":"product","link":"https:\/\/www.hsymachinery.com\/es\/product\/fratasadora-electrica-pth-l80-90\/","title":{"rendered":"Fratasadora con conductor a pie PTH-L80\/90"},"content":{"rendered":"<h2 data-start=\"136\" data-end=\"179\">Fratasadora con conductor a pie PTH-L80\/90<\/h2>\n<h3 data-start=\"180\" data-end=\"290\">Fratasadora de gasolina PTH-L80\/90 con motor Loncin | Ideal para trabajos de acabado de hormig\u00f3n medianos y grandes<\/h3>\n<h3 data-start=\"297\" data-end=\"396\">Descripci\u00f3n del producto - Potente y eficaz hormigonera para superficies planas y duraderas<a href=\"https:\/\/www.hsymachinery.com\/es\/productos\/fratasadora-electrica-manual\/\" target=\"_blank\" rel=\"noopener\"><img fetchpriority=\"high\" decoding=\"async\" class=\"wp-image-9170 alignright\" src=\"https:\/\/www.hsymachinery.com\/wp-content\/uploads\/2025\/06\/Walk-Behind-Power-Trowel-PTH-L80-244x300.jpg\" alt=\"\" width=\"450\" height=\"553\" srcset=\"https:\/\/www.hsymachinery.com\/wp-content\/uploads\/2025\/06\/Walk-Behind-Power-Trowel-PTH-L80-244x300.jpg 244w, https:\/\/www.hsymachinery.com\/wp-content\/uploads\/2025\/06\/Walk-Behind-Power-Trowel-PTH-L80.jpg 600w\" sizes=\"(max-width: 450px) 100vw, 450px\" \/><\/a><\/h3>\n<p data-start=\"398\" data-end=\"764\">En <strong data-start=\"402\" data-end=\"441\">Allanadora con conductor a pie PTH-L80\/90<\/strong> est\u00e1 dise\u00f1ada para proyectos de acabado de superficies medianas y grandes, con un fiable motor de gasolina Longxin (Loncin). Esta m\u00e1quina ofrece un rendimiento constante, un par elevado y un control preciso del paso de las cuchillas, lo que la convierte en la herramienta perfecta para los contratistas que necesitan un equilibrio entre potencia y maniobrabilidad.<\/p>\n<p data-start=\"766\" data-end=\"1101\">Gracias a su mayor di\u00e1metro de trabajo, la PTH-L80\/90 aumenta la eficacia y la cobertura del acabado, ayudando a los usuarios a completar los trabajos m\u00e1s r\u00e1pidamente sin sacrificar la calidad. La caja de engranajes reforzada de la m\u00e1quina, la empu\u00f1adura ajustable y el conjunto de ara\u00f1a de alta resistencia garantizan la durabilidad a largo plazo incluso en entornos de construcci\u00f3n dif\u00edciles.<\/p>\n<p data-start=\"1103\" data-end=\"1236\">Dise\u00f1ada para profesionales, esta fratasadora con operador a pie es un activo fiable para producir superficies de hormig\u00f3n densas, lisas y niveladas.<\/p>\n<h3 data-start=\"1243\" data-end=\"1292\">Caracter\u00edsticas principales de la fratasadora de hormig\u00f3n PTH-L80\/90<\/h3>\n<ul data-start=\"1294\" data-end=\"1616\">\n<li data-start=\"1294\" data-end=\"1346\">\n<p data-start=\"1296\" data-end=\"1346\">Equipado con un potente motor de gasolina Longxin<\/p>\n<\/li>\n<li data-start=\"1347\" data-end=\"1408\">\n<p data-start=\"1349\" data-end=\"1408\">Di\u00e1metro de llana de 80\/90 cm para acabados de hormig\u00f3n de gran superficie<\/p>\n<\/li>\n<li data-start=\"1409\" data-end=\"1463\">\n<p data-start=\"1411\" data-end=\"1463\">Paso de pala ajustable para un control preciso de la superficie<\/p>\n<\/li>\n<li data-start=\"1464\" data-end=\"1508\">\n<p data-start=\"1466\" data-end=\"1508\">Mango plegable con empu\u00f1adura antivibraciones<\/p>\n<\/li>\n<li data-start=\"1509\" data-end=\"1559\">\n<p data-start=\"1511\" data-end=\"1559\">Dise\u00f1o robusto con protecci\u00f3n total del anillo de seguridad<\/p>\n<\/li>\n<li data-start=\"1560\" data-end=\"1616\">\n<p data-start=\"1562\" data-end=\"1616\">F\u00e1cil de mantener, consume poco combustible y est\u00e1 preparado para el lugar de trabajo<\/p>\n<\/li>\n<\/ul>\n<h3 data-start=\"1623\" data-end=\"1711\">Aplicaciones - Dise\u00f1ado para losas, suelos de f\u00e1bricas, aparcamientos y trabajos comerciales<\/h3>\n<p data-start=\"1713\" data-end=\"1984\">La PTH-L80\/90 es ideal para grandes superficies de hormig\u00f3n, como suelos industriales, aparcamientos, calzadas y zapatas de cimentaci\u00f3n. Su base estable y la gran cobertura de la llana la hacen adecuada para trabajos que requieren un alto rendimiento y est\u00e1ndares de planitud.<\/p>\n<p data-start=\"1986\" data-end=\"2140\">Los contratistas prefieren este modelo por su relaci\u00f3n potencia\/tama\u00f1o, su facilidad de manejo y su capacidad para producir resultados profesionales uniformes en cada vertido.<\/p>\n<p><iframe title=\"fratasadora,fratasadora manual,fratasadora,hormigon 1TP5Fresadora 1TP5Fresadora 1TP5Hormig\u00f3n\" width=\"720\" height=\"405\" src=\"https:\/\/www.youtube.com\/embed\/JeIeqDsn7vk?feature=oembed\" frameborder=\"0\" allow=\"accelerometer; autoplay; clipboard-write; encrypted-media; gyroscope; picture-in-picture; web-share\" referrerpolicy=\"strict-origin-when-cross-origin\" allowfullscreen><\/iframe><\/p>","protected":false},"excerpt":{"rendered":"<p>La fratasadora con conductor a pie PTH-L80\/90 con motor Longxin es perfecta para el acabado de grandes losas de hormig\u00f3n, ofreciendo resultados suaves y nivelados con una mayor eficiencia.<\/p>","protected":false},"featured_media":9170,"template":"","meta":{"_kad_post_transparent":"default","_kad_post_title":"","_kad_post_layout":"default","_kad_post_sidebar_id":"","_kad_post_content_style":"default","_kad_post_vertical_padding":"default","_kad_post_feature":"","_kad_post_feature_position":"","_kad_post_header":false,"_kad_post_footer":false},"product_brand":[],"product_cat":[55],"product_tag":[1084,1083,1087,1081,1086,1085,1089,1088,1090,1082],"class_list":{"0":"post-9169","1":"product","2":"type-product","3":"status-publish","4":"has-post-thumbnail","6":"product_cat-walk-behind-power-trowel","7":"product_tag-cement-power-trowel","8":"product_tag-concrete-finishing-trowel","9":"product_tag-concrete-floor-finishing-machine","10":"product_tag-concrete-power-trowel","11":"product_tag-electric-walk-behind-trowel","12":"product_tag-gasoline-power-trowel","13":"product_tag-hand-operated-power-trowel","14":"product_tag-manual-power-trowel","15":"product_tag-walk-behind-concrete-finishing-machine","16":"product_tag-walk-behind-trowel-machine","18":"first","19":"instock","20":"shipping-taxable","21":"product-type-simple","22":"entry","23":"content-bg","24":"loop-entry"},"yoast_head":"<!-- This site is optimized with the Yoast SEO plugin v25.3.1 - https:\/\/yoast.com\/wordpress\/plugins\/seo\/ -->\n<title>Walk-Behind Power Trowel PTH-L80\/90 - HSY Construction Machinery<\/title>\n<meta name=\"description\" content=\"Walk-Behind Power Trowel PTH-L80\/90 with Loncin gasoline engine delivers efficient surface finishing for large slabs, factory floors, and parking lots. Reliable and durable.\" \/>\n<meta name=\"robots\" content=\"index, follow, max-snippet:-1, max-image-preview:large, max-video-preview:-1\" \/>\n<link rel=\"canonical\" href=\"https:\/\/www.hsymachinery.com\/es\/product\/fratasadora-electrica-pth-l80-90\/\" \/>\n<meta property=\"og:locale\" content=\"es_ES\" \/>\n<meta property=\"og:type\" content=\"article\" \/>\n<meta property=\"og:title\" content=\"Walk-Behind Power Trowel PTH-L80\/90 - HSY Construction Machinery\" \/>\n<meta property=\"og:description\" content=\"Walk-Behind Power Trowel PTH-L80\/90 with Loncin gasoline engine delivers efficient surface finishing for large slabs, factory floors, and parking lots. Reliable and durable.\" \/>\n<meta property=\"og:url\" content=\"https:\/\/www.hsymachinery.com\/es\/product\/fratasadora-electrica-pth-l80-90\/\" \/>\n<meta property=\"og:site_name\" content=\"HSY Construction Machinery\" \/>\n<meta property=\"article:modified_time\" content=\"2025-06-28T13:58:31+00:00\" \/>\n<meta property=\"og:image\" content=\"https:\/\/www.hsymachinery.com\/wp-content\/uploads\/2025\/06\/Walk-Behind-Power-Trowel-PTH-L80.jpg\" \/>\n\t<meta property=\"og:image:width\" content=\"600\" \/>\n\t<meta property=\"og:image:height\" content=\"738\" \/>\n\t<meta property=\"og:image:type\" content=\"image\/jpeg\" \/>\n<meta name=\"twitter:card\" content=\"summary_large_image\" \/>\n<meta name=\"twitter:label1\" content=\"Tiempo de lectura\" \/>\n\t<meta name=\"twitter:data1\" content=\"2 minutos\" \/>\n<script type=\"application\/ld+json\" class=\"yoast-schema-graph\">{\"@context\":\"https:\/\/schema.org\",\"@graph\":[{\"@type\":\"WebPage\",\"@id\":\"https:\/\/www.hsymachinery.com\/product\/walk-behind-power-trowel-pth-l80-90\/\",\"url\":\"https:\/\/www.hsymachinery.com\/product\/walk-behind-power-trowel-pth-l80-90\/\",\"name\":\"Walk-Behind Power Trowel PTH-L80\/90 - HSY Construction Machinery\",\"isPartOf\":{\"@id\":\"https:\/\/www.hsymachinery.com\/#website\"},\"primaryImageOfPage\":{\"@id\":\"https:\/\/www.hsymachinery.com\/product\/walk-behind-power-trowel-pth-l80-90\/#primaryimage\"},\"image\":{\"@id\":\"https:\/\/www.hsymachinery.com\/product\/walk-behind-power-trowel-pth-l80-90\/#primaryimage\"},\"thumbnailUrl\":\"https:\/\/www.hsymachinery.com\/wp-content\/uploads\/2025\/06\/Walk-Behind-Power-Trowel-PTH-L80.jpg\",\"datePublished\":\"2025-06-18T10:27:56+00:00\",\"dateModified\":\"2025-06-28T13:58:31+00:00\",\"description\":\"Walk-Behind Power Trowel PTH-L80\/90 with Loncin gasoline engine delivers efficient surface finishing for large slabs, factory floors, and parking lots. Reliable and durable.\",\"breadcrumb\":{\"@id\":\"https:\/\/www.hsymachinery.com\/product\/walk-behind-power-trowel-pth-l80-90\/#breadcrumb\"},\"inLanguage\":\"es\",\"potentialAction\":[{\"@type\":\"ReadAction\",\"target\":[\"https:\/\/www.hsymachinery.com\/product\/walk-behind-power-trowel-pth-l80-90\/\"]}]},{\"@type\":\"ImageObject\",\"inLanguage\":\"es\",\"@id\":\"https:\/\/www.hsymachinery.com\/product\/walk-behind-power-trowel-pth-l80-90\/#primaryimage\",\"url\":\"https:\/\/www.hsymachinery.com\/wp-content\/uploads\/2025\/06\/Walk-Behind-Power-Trowel-PTH-L80.jpg\",\"contentUrl\":\"https:\/\/www.hsymachinery.com\/wp-content\/uploads\/2025\/06\/Walk-Behind-Power-Trowel-PTH-L80.jpg\",\"width\":600,\"height\":738},{\"@type\":\"BreadcrumbList\",\"@id\":\"https:\/\/www.hsymachinery.com\/product\/walk-behind-power-trowel-pth-l80-90\/#breadcrumb\",\"itemListElement\":[{\"@type\":\"ListItem\",\"position\":1,\"name\":\"home\",\"item\":\"https:\/\/www.hsymachinery.com\/\"},{\"@type\":\"ListItem\",\"position\":2,\"name\":\"products\",\"item\":\"https:\/\/www.hsymachinery.com\/products\/\"},{\"@type\":\"ListItem\",\"position\":3,\"name\":\"Walk-Behind Power Trowel PTH-L80\/90\"}]},{\"@type\":\"WebSite\",\"@id\":\"https:\/\/www.hsymachinery.com\/#website\",\"url\":\"https:\/\/www.hsymachinery.com\/\",\"name\":\"HSY Construction Machinery\",\"description\":\"HSY Machinery \u2013 A leading China construction machinery supplier, offering a wide range of light construction equipment. Our main products include Rebar Cutting Machine, Rebar Bending Machine, Rebar Stirrup Bending Machine, Rebar Arc Bending Machine, Rebar Straightening Machine, Five-Head Rebar Stirrup Bending Machine, Tamping Rammer, Plate Compactor, Concrete Cutter, Power Trowel, and other construction machinery. We are equipped with advanced CNC machines, and we enforce strict quality inspection standards along with comprehensive after-sales service. If you are interested in our products or services, we warmly welcome your inquiries via message.\",\"publisher\":{\"@id\":\"https:\/\/www.hsymachinery.com\/#organization\"},\"potentialAction\":[{\"@type\":\"SearchAction\",\"target\":{\"@type\":\"EntryPoint\",\"urlTemplate\":\"https:\/\/www.hsymachinery.com\/?s={search_term_string}\"},\"query-input\":{\"@type\":\"PropertyValueSpecification\",\"valueRequired\":true,\"valueName\":\"search_term_string\"}}],\"inLanguage\":\"es\"},{\"@type\":\"Organization\",\"@id\":\"https:\/\/www.hsymachinery.com\/#organization\",\"name\":\"HSY Construction Machinery\",\"url\":\"https:\/\/www.hsymachinery.com\/\",\"logo\":{\"@type\":\"ImageObject\",\"inLanguage\":\"es\",\"@id\":\"https:\/\/www.hsymachinery.com\/#\/schema\/logo\/image\/\",\"url\":\"https:\/\/www.hsymachinery.com\/wp-content\/uploads\/2025\/06\/cropped-HSY-machinery.png\",\"contentUrl\":\"https:\/\/www.hsymachinery.com\/wp-content\/uploads\/2025\/06\/cropped-HSY-machinery.png\",\"width\":600,\"height\":240,\"caption\":\"HSY Construction Machinery\"},\"image\":{\"@id\":\"https:\/\/www.hsymachinery.com\/#\/schema\/logo\/image\/\"}}]}<\/script>\n<!-- \/ Yoast SEO plugin. -->","yoast_head_json":{"title":"Allanadora con operador a bordo PTH-L80\/90 - HSY Maquinaria de Construcci\u00f3n","description":"La fratasadora el\u00e9ctrica con operador a pie PTH-L80\/90 con motor de gasolina Loncin proporciona un acabado eficaz de superficies para grandes losas, suelos de f\u00e1bricas y aparcamientos. Fiable y duradera.","robots":{"index":"index","follow":"follow","max-snippet":"max-snippet:-1","max-image-preview":"max-image-preview:large","max-video-preview":"max-video-preview:-1"},"canonical":"https:\/\/www.hsymachinery.com\/es\/product\/fratasadora-electrica-pth-l80-90\/","og_locale":"es_ES","og_type":"article","og_title":"Walk-Behind Power Trowel PTH-L80\/90 - HSY Construction Machinery","og_description":"Walk-Behind Power Trowel PTH-L80\/90 with Loncin gasoline engine delivers efficient surface finishing for large slabs, factory floors, and parking lots. Reliable and durable.","og_url":"https:\/\/www.hsymachinery.com\/es\/product\/fratasadora-electrica-pth-l80-90\/","og_site_name":"HSY Construction Machinery","article_modified_time":"2025-06-28T13:58:31+00:00","og_image":[{"width":600,"height":738,"url":"https:\/\/www.hsymachinery.com\/wp-content\/uploads\/2025\/06\/Walk-Behind-Power-Trowel-PTH-L80.jpg","type":"image\/jpeg"}],"twitter_card":"summary_large_image","twitter_misc":{"Tiempo de lectura":"2 minutos"},"schema":{"@context":"https:\/\/schema.org","@graph":[{"@type":"WebPage","@id":"https:\/\/www.hsymachinery.com\/product\/walk-behind-power-trowel-pth-l80-90\/","url":"https:\/\/www.hsymachinery.com\/product\/walk-behind-power-trowel-pth-l80-90\/","name":"Allanadora con operador a bordo PTH-L80\/90 - HSY Maquinaria de Construcci\u00f3n","isPartOf":{"@id":"https:\/\/www.hsymachinery.com\/#website"},"primaryImageOfPage":{"@id":"https:\/\/www.hsymachinery.com\/product\/walk-behind-power-trowel-pth-l80-90\/#primaryimage"},"image":{"@id":"https:\/\/www.hsymachinery.com\/product\/walk-behind-power-trowel-pth-l80-90\/#primaryimage"},"thumbnailUrl":"https:\/\/www.hsymachinery.com\/wp-content\/uploads\/2025\/06\/Walk-Behind-Power-Trowel-PTH-L80.jpg","datePublished":"2025-06-18T10:27:56+00:00","dateModified":"2025-06-28T13:58:31+00:00","description":"La fratasadora el\u00e9ctrica con operador a pie PTH-L80\/90 con motor de gasolina Loncin proporciona un acabado eficaz de superficies para grandes losas, suelos de f\u00e1bricas y aparcamientos. Fiable y duradera.","breadcrumb":{"@id":"https:\/\/www.hsymachinery.com\/product\/walk-behind-power-trowel-pth-l80-90\/#breadcrumb"},"inLanguage":"es","potentialAction":[{"@type":"ReadAction","target":["https:\/\/www.hsymachinery.com\/product\/walk-behind-power-trowel-pth-l80-90\/"]}]},{"@type":"ImageObject","inLanguage":"es","@id":"https:\/\/www.hsymachinery.com\/product\/walk-behind-power-trowel-pth-l80-90\/#primaryimage","url":"https:\/\/www.hsymachinery.com\/wp-content\/uploads\/2025\/06\/Walk-Behind-Power-Trowel-PTH-L80.jpg","contentUrl":"https:\/\/www.hsymachinery.com\/wp-content\/uploads\/2025\/06\/Walk-Behind-Power-Trowel-PTH-L80.jpg","width":600,"height":738},{"@type":"BreadcrumbList","@id":"https:\/\/www.hsymachinery.com\/product\/walk-behind-power-trowel-pth-l80-90\/#breadcrumb","itemListElement":[{"@type":"ListItem","position":1,"name":"home","item":"https:\/\/www.hsymachinery.com\/"},{"@type":"ListItem","position":2,"name":"products","item":"https:\/\/www.hsymachinery.com\/products\/"},{"@type":"ListItem","position":3,"name":"Walk-Behind Power Trowel PTH-L80\/90"}]},{"@type":"WebSite","@id":"https:\/\/www.hsymachinery.com\/#website","url":"https:\/\/www.hsymachinery.com\/","name":"Maquinaria de construcci\u00f3n HSY","description":"HSY Machinery - Un proveedor l\u00edder de maquinaria de construcci\u00f3n en China, que ofrece una amplia gama de equipos de construcci\u00f3n ligera. Nuestros productos principales incluyen m\u00e1quina cortadora de varilla, m\u00e1quina dobladora de varilla, m\u00e1quina dobladora de estribo de varilla, m\u00e1quina dobladora de arco de varilla, m\u00e1quina enderezadora de varilla, m\u00e1quina dobladora de estribo de varilla de cinco cabezas, apisonador, compactador de placa, cortadora de concreto, allanadora mec\u00e1nica, y otra maquinaria de construcci\u00f3n. Estamos equipados con m\u00e1quinas CNC avanzadas, y aplicamos estrictas normas de inspecci\u00f3n de calidad, junto con un completo servicio post-venta. Si usted est\u00e1 interesado en nuestros productos o servicios, damos la bienvenida a sus consultas a trav\u00e9s de mensaje.","publisher":{"@id":"https:\/\/www.hsymachinery.com\/#organization"},"potentialAction":[{"@type":"SearchAction","target":{"@type":"EntryPoint","urlTemplate":"https:\/\/www.hsymachinery.com\/?s={search_term_string}"},"query-input":{"@type":"PropertyValueSpecification","valueRequired":true,"valueName":"search_term_string"}}],"inLanguage":"es"},{"@type":"Organization","@id":"https:\/\/www.hsymachinery.com\/#organization","name":"Maquinaria de construcci\u00f3n HSY","url":"https:\/\/www.hsymachinery.com\/","logo":{"@type":"ImageObject","inLanguage":"es","@id":"https:\/\/www.hsymachinery.com\/#\/schema\/logo\/image\/","url":"https:\/\/www.hsymachinery.com\/wp-content\/uploads\/2025\/06\/cropped-HSY-machinery.png","contentUrl":"https:\/\/www.hsymachinery.com\/wp-content\/uploads\/2025\/06\/cropped-HSY-machinery.png","width":600,"height":240,"caption":"HSY Construction Machinery"},"image":{"@id":"https:\/\/www.hsymachinery.com\/#\/schema\/logo\/image\/"}}]}},"_links":{"self":[{"href":"https:\/\/www.hsymachinery.com\/es\/wp-json\/wp\/v2\/product\/9169","targetHints":{"allow":["GET"]}}],"collection":[{"href":"https:\/\/www.hsymachinery.com\/es\/wp-json\/wp\/v2\/product"}],"about":[{"href":"https:\/\/www.hsymachinery.com\/es\/wp-json\/wp\/v2\/types\/product"}],"version-history":[{"count":3,"href":"https:\/\/www.hsymachinery.com\/es\/wp-json\/wp\/v2\/product\/9169\/revisions"}],"predecessor-version":[{"id":9577,"href":"https:\/\/www.hsymachinery.com\/es\/wp-json\/wp\/v2\/product\/9169\/revisions\/9577"}],"wp:featuredmedia":[{"embeddable":true,"href":"https:\/\/www.hsymachinery.com\/es\/wp-json\/wp\/v2\/media\/9170"}],"wp:attachment":[{"href":"https:\/\/www.hsymachinery.com\/es\/wp-json\/wp\/v2\/media?parent=9169"}],"wp:term":[{"taxonomy":"product_brand","embeddable":true,"href":"https:\/\/www.hsymachinery.com\/es\/wp-json\/wp\/v2\/product_brand?post=9169"},{"taxonomy":"product_cat","embeddable":true,"href":"https:\/\/www.hsymachinery.com\/es\/wp-json\/wp\/v2\/product_cat?post=9169"},{"taxonomy":"product_tag","embeddable":true,"href":"https:\/\/www.hsymachinery.com\/es\/wp-json\/wp\/v2\/product_tag?post=9169"}],"curies":[{"name":"wp","href":"https:\/\/api.w.org\/{rel}","templated":true}]}}