{"id":9103,"date":"2025-06-18T16:50:53","date_gmt":"2025-06-18T08:50:53","guid":{"rendered":"https:\/\/www.hsymachinery.com\/?post_type=product&#038;p=9103"},"modified":"2025-06-28T19:39:25","modified_gmt":"2025-06-28T11:39:25","slug":"compactador-de-placas-ph-h90","status":"publish","type":"product","link":"https:\/\/www.hsymachinery.com\/es\/product\/compactador-de-placas-ph-h90\/","title":{"rendered":"Placa compactadora PH-H90"},"content":{"rendered":"<h2 data-start=\"96\" data-end=\"126\">Placa compactadora PH-H90<\/h2>\n<h3 data-start=\"127\" data-end=\"243\">PH-H90 Compactador de Placas de Gasolina Honda | Compactador de Suelos Compacto y Duradero para Aceras, Parcheo y Paisajismo<\/h3>\n<h3 data-start=\"250\" data-end=\"322\">Resumen del producto - Potencia Honda para una compactaci\u00f3n ligera fiable<a href=\"https:\/\/www.hsymachinery.com\/es\/productos\/compactador-de-placas\/\" target=\"_blank\" rel=\"noopener\"><img fetchpriority=\"high\" decoding=\"async\" class=\"wp-image-9110 alignright\" src=\"https:\/\/www.hsymachinery.com\/wp-content\/uploads\/2025\/06\/Plate-Compactor-PH-H90-1-e1750237264210-300x300.jpg\" alt=\"\" width=\"459\" height=\"459\" srcset=\"https:\/\/www.hsymachinery.com\/wp-content\/uploads\/2025\/06\/Plate-Compactor-PH-H90-1-e1750237264210-300x300.jpg 300w, https:\/\/www.hsymachinery.com\/wp-content\/uploads\/2025\/06\/Plate-Compactor-PH-H90-1-e1750237264210-150x150.jpg 150w, https:\/\/www.hsymachinery.com\/wp-content\/uploads\/2025\/06\/Plate-Compactor-PH-H90-1-e1750237264210-100x100.jpg 100w, https:\/\/www.hsymachinery.com\/wp-content\/uploads\/2025\/06\/Plate-Compactor-PH-H90-1-e1750237264210.jpg 600w\" sizes=\"(max-width: 459px) 100vw, 459px\" \/><\/a><\/h3>\n<p data-start=\"324\" data-end=\"700\">En <strong data-start=\"328\" data-end=\"354\">Placa compactadora PH-H90<\/strong> est\u00e1 equipada con un motor de gasolina Honda GX160 de 4 tiempos, que ofrece un rendimiento de compactaci\u00f3n fiable y constante para aplicaciones de trabajo ligero a medio. Es ideal para parcheo de pavimentos, instalaci\u00f3n de aceras, proyectos de jardiner\u00eda y construcci\u00f3n residencial, especialmente en \u00e1reas donde la fiabilidad y las bajas emisiones son importantes.<\/p>\n<p data-start=\"702\" data-end=\"859\">Con su estructura compacta y su motor Honda de eficacia probada, la PH-H90 es la favorita de los contratistas que exigen eficiencia, movilidad y durabilidad de marca.<\/p>\n<h3 data-start=\"866\" data-end=\"933\">Funcionamiento suave, larga vida \u00fatil del motor y dise\u00f1o f\u00e1cil de usar<\/h3>\n<p data-start=\"935\" data-end=\"1232\">El motor Honda GX160 ofrece un f\u00e1cil arranque de retroceso, un bajo nivel de ruido y un excelente ahorro de combustible, lo que hace que este modelo sea adecuado para el uso diario en cualquier lugar de trabajo. Su placa base de acero reforzado garantiza una compactaci\u00f3n uniforme, mientras que la empu\u00f1adura ergon\u00f3mica reduce la fatiga del operador durante las largas jornadas de trabajo.<\/p>\n<p data-start=\"1234\" data-end=\"1337\">El mantenimiento es sencillo, y el soporte global de Honda hace que las piezas y el servicio sean ampliamente accesibles.<\/p>\n<h3 data-start=\"1344\" data-end=\"1396\">Ideal para trabajos de precisi\u00f3n y obras peque\u00f1as<\/h3>\n<p data-start=\"1398\" data-end=\"1670\">Dise\u00f1ada para desplazarse por zonas de construcci\u00f3n estrechas, la PH-H90 es f\u00e1cil de transportar y utilizar en bordes de aceras, calzadas y zanjas estrechas. A pesar de su tama\u00f1o compacto, ofrece una gran fuerza de impacto, lo que garantiza una superficie lisa y estable en todo momento.<\/p>\n<p data-start=\"1672\" data-end=\"1801\">Tanto si trabaja en urbanizaciones como en mejoras urbanas, esta m\u00e1quina proporciona un rendimiento en el que puede confiar.<\/p>\n<h3 data-start=\"1808\" data-end=\"1852\">Caracter\u00edsticas principales de la placa compactadora PH-H90<\/h3>\n<ul data-start=\"1854\" data-end=\"2153\">\n<li data-start=\"1854\" data-end=\"1907\">\n<p data-start=\"1856\" data-end=\"1907\">Propulsado por un fiable motor de gasolina Honda GX160<\/p>\n<\/li>\n<li data-start=\"1908\" data-end=\"1971\">\n<p data-start=\"1910\" data-end=\"1971\">Proporciona una compactaci\u00f3n uniforme en suelos de densidad ligera a media<\/p>\n<\/li>\n<li data-start=\"1972\" data-end=\"2038\">\n<p data-start=\"1974\" data-end=\"2038\">Ideal para peque\u00f1as obras de construcci\u00f3n, jardiner\u00eda y reparaci\u00f3n de pavimentos<\/p>\n<\/li>\n<li data-start=\"2039\" data-end=\"2093\">\n<p data-start=\"2041\" data-end=\"2093\">Baja vibraci\u00f3n y funcionamiento silencioso para mayor comodidad del usuario<\/p>\n<\/li>\n<li data-start=\"2094\" data-end=\"2153\">\n<p data-start=\"2096\" data-end=\"2153\">Duradera y compacta para facilitar su transporte y almacenamiento en el lugar de trabajo<\/p>\n<\/li>\n<\/ul>\n<p><iframe title=\"compactador,apisonador,pis\u00f3n,compactador de placa,vibraci\u00f3n de la construcci\u00f3n,compactador machine.#tamping\" width=\"720\" height=\"405\" src=\"https:\/\/www.youtube.com\/embed\/kHw7Cpv12Zs?feature=oembed\" frameborder=\"0\" allow=\"accelerometer; autoplay; clipboard-write; encrypted-media; gyroscope; picture-in-picture; web-share\" referrerpolicy=\"strict-origin-when-cross-origin\" allowfullscreen><\/iframe><\/p>","protected":false},"excerpt":{"rendered":"<p>El compactador de placa PH-H90 con motor Honda GX160 ofrece una compactaci\u00f3n eficiente, silenciosa y uniforme. Perfecto para jardiner\u00eda, reparaci\u00f3n de aceras y peque\u00f1os proyectos de construcci\u00f3n.<\/p>","protected":false},"featured_media":9110,"template":"","meta":{"_kad_post_transparent":"default","_kad_post_title":"","_kad_post_layout":"default","_kad_post_sidebar_id":"","_kad_post_content_style":"default","_kad_post_vertical_padding":"default","_kad_post_feature":"","_kad_post_feature_position":"","_kad_post_header":false,"_kad_post_footer":false},"product_brand":[],"product_cat":[59],"product_tag":[1066,1062,1065,1070,1069,1063,1067,1064,1061,1068],"class_list":{"0":"post-9103","1":"product","2":"type-product","3":"status-publish","4":"has-post-thumbnail","6":"product_cat-plate-compactor","7":"product_tag-diesel-plate-compactor","8":"product_tag-forward-plate-compactor","9":"product_tag-gasoline-plate-compactor","10":"product_tag-heavy-duty-plate-compactor","11":"product_tag-plate-compactor-for-asphalt","12":"product_tag-reversible-plate-compactor","13":"product_tag-road-construction-compactor","14":"product_tag-soil-plate-compactor","15":"product_tag-vibratory-plate-compactor","16":"product_tag-walk-behind-plate-compactor","18":"first","19":"instock","20":"featured","21":"shipping-taxable","22":"product-type-simple","23":"entry","24":"content-bg","25":"loop-entry"},"yoast_head":"<!-- This site is optimized with the Yoast SEO plugin v25.3.1 - https:\/\/yoast.com\/wordpress\/plugins\/seo\/ -->\n<title>Plate Compactor PH-H90 - HSY Construction Machinery<\/title>\n<meta name=\"description\" content=\"PH-H90 Honda Plate Compactor offers reliable and quiet soil compaction. Ideal for sidewalks, driveways, and light-duty construction. Powered by a GX160 engine.\" \/>\n<meta name=\"robots\" content=\"index, follow, max-snippet:-1, max-image-preview:large, max-video-preview:-1\" \/>\n<link rel=\"canonical\" href=\"https:\/\/www.hsymachinery.com\/es\/product\/compactador-de-placas-ph-h90\/\" \/>\n<meta property=\"og:locale\" content=\"es_ES\" \/>\n<meta property=\"og:type\" content=\"article\" \/>\n<meta property=\"og:title\" content=\"Plate Compactor PH-H90 - HSY Construction Machinery\" \/>\n<meta property=\"og:description\" content=\"PH-H90 Honda Plate Compactor offers reliable and quiet soil compaction. Ideal for sidewalks, driveways, and light-duty construction. Powered by a GX160 engine.\" \/>\n<meta property=\"og:url\" content=\"https:\/\/www.hsymachinery.com\/es\/product\/compactador-de-placas-ph-h90\/\" \/>\n<meta property=\"og:site_name\" content=\"HSY Construction Machinery\" \/>\n<meta property=\"article:modified_time\" content=\"2025-06-28T11:39:25+00:00\" \/>\n<meta property=\"og:image\" content=\"https:\/\/www.hsymachinery.com\/wp-content\/uploads\/2025\/06\/Plate-Compactor-PH-H90-1-e1750237264210.jpg\" \/>\n\t<meta property=\"og:image:width\" content=\"600\" \/>\n\t<meta property=\"og:image:height\" content=\"600\" \/>\n\t<meta property=\"og:image:type\" content=\"image\/jpeg\" \/>\n<meta name=\"twitter:card\" content=\"summary_large_image\" \/>\n<meta name=\"twitter:label1\" content=\"Tiempo de lectura\" \/>\n\t<meta name=\"twitter:data1\" content=\"2 minutos\" \/>\n<script type=\"application\/ld+json\" class=\"yoast-schema-graph\">{\"@context\":\"https:\/\/schema.org\",\"@graph\":[{\"@type\":\"WebPage\",\"@id\":\"https:\/\/www.hsymachinery.com\/product\/plate-compactor-ph-h90\/\",\"url\":\"https:\/\/www.hsymachinery.com\/product\/plate-compactor-ph-h90\/\",\"name\":\"Plate Compactor PH-H90 - HSY Construction Machinery\",\"isPartOf\":{\"@id\":\"https:\/\/www.hsymachinery.com\/#website\"},\"primaryImageOfPage\":{\"@id\":\"https:\/\/www.hsymachinery.com\/product\/plate-compactor-ph-h90\/#primaryimage\"},\"image\":{\"@id\":\"https:\/\/www.hsymachinery.com\/product\/plate-compactor-ph-h90\/#primaryimage\"},\"thumbnailUrl\":\"https:\/\/www.hsymachinery.com\/wp-content\/uploads\/2025\/06\/Plate-Compactor-PH-H90-1-e1750237264210.jpg\",\"datePublished\":\"2025-06-18T08:50:53+00:00\",\"dateModified\":\"2025-06-28T11:39:25+00:00\",\"description\":\"PH-H90 Honda Plate Compactor offers reliable and quiet soil compaction. Ideal for sidewalks, driveways, and light-duty construction. Powered by a GX160 engine.\",\"breadcrumb\":{\"@id\":\"https:\/\/www.hsymachinery.com\/product\/plate-compactor-ph-h90\/#breadcrumb\"},\"inLanguage\":\"es\",\"potentialAction\":[{\"@type\":\"ReadAction\",\"target\":[\"https:\/\/www.hsymachinery.com\/product\/plate-compactor-ph-h90\/\"]}]},{\"@type\":\"ImageObject\",\"inLanguage\":\"es\",\"@id\":\"https:\/\/www.hsymachinery.com\/product\/plate-compactor-ph-h90\/#primaryimage\",\"url\":\"https:\/\/www.hsymachinery.com\/wp-content\/uploads\/2025\/06\/Plate-Compactor-PH-H90-1-e1750237264210.jpg\",\"contentUrl\":\"https:\/\/www.hsymachinery.com\/wp-content\/uploads\/2025\/06\/Plate-Compactor-PH-H90-1-e1750237264210.jpg\",\"width\":600,\"height\":600},{\"@type\":\"BreadcrumbList\",\"@id\":\"https:\/\/www.hsymachinery.com\/product\/plate-compactor-ph-h90\/#breadcrumb\",\"itemListElement\":[{\"@type\":\"ListItem\",\"position\":1,\"name\":\"home\",\"item\":\"https:\/\/www.hsymachinery.com\/\"},{\"@type\":\"ListItem\",\"position\":2,\"name\":\"products\",\"item\":\"https:\/\/www.hsymachinery.com\/products\/\"},{\"@type\":\"ListItem\",\"position\":3,\"name\":\"Plate Compactor PH-H90\"}]},{\"@type\":\"WebSite\",\"@id\":\"https:\/\/www.hsymachinery.com\/#website\",\"url\":\"https:\/\/www.hsymachinery.com\/\",\"name\":\"HSY Construction Machinery\",\"description\":\"HSY Machinery \u2013 A leading China construction machinery supplier, offering a wide range of light construction equipment. Our main products include Rebar Cutting Machine, Rebar Bending Machine, Rebar Stirrup Bending Machine, Rebar Arc Bending Machine, Rebar Straightening Machine, Five-Head Rebar Stirrup Bending Machine, Tamping Rammer, Plate Compactor, Concrete Cutter, Power Trowel, and other construction machinery. We are equipped with advanced CNC machines, and we enforce strict quality inspection standards along with comprehensive after-sales service. If you are interested in our products or services, we warmly welcome your inquiries via message.\",\"publisher\":{\"@id\":\"https:\/\/www.hsymachinery.com\/#organization\"},\"potentialAction\":[{\"@type\":\"SearchAction\",\"target\":{\"@type\":\"EntryPoint\",\"urlTemplate\":\"https:\/\/www.hsymachinery.com\/?s={search_term_string}\"},\"query-input\":{\"@type\":\"PropertyValueSpecification\",\"valueRequired\":true,\"valueName\":\"search_term_string\"}}],\"inLanguage\":\"es\"},{\"@type\":\"Organization\",\"@id\":\"https:\/\/www.hsymachinery.com\/#organization\",\"name\":\"HSY Construction Machinery\",\"url\":\"https:\/\/www.hsymachinery.com\/\",\"logo\":{\"@type\":\"ImageObject\",\"inLanguage\":\"es\",\"@id\":\"https:\/\/www.hsymachinery.com\/#\/schema\/logo\/image\/\",\"url\":\"https:\/\/www.hsymachinery.com\/wp-content\/uploads\/2025\/06\/cropped-HSY-machinery.png\",\"contentUrl\":\"https:\/\/www.hsymachinery.com\/wp-content\/uploads\/2025\/06\/cropped-HSY-machinery.png\",\"width\":600,\"height\":240,\"caption\":\"HSY Construction Machinery\"},\"image\":{\"@id\":\"https:\/\/www.hsymachinery.com\/#\/schema\/logo\/image\/\"}}]}<\/script>\n<!-- \/ Yoast SEO plugin. -->","yoast_head_json":{"title":"Placa compactadora PH-H90 - Maquinaria de construcci\u00f3n HSY","description":"El Compactador de Placas Honda PH-H90 ofrece una compactaci\u00f3n del suelo fiable y silenciosa. Ideal para aceras, calzadas y construcci\u00f3n ligera. Accionado por un motor GX160.","robots":{"index":"index","follow":"follow","max-snippet":"max-snippet:-1","max-image-preview":"max-image-preview:large","max-video-preview":"max-video-preview:-1"},"canonical":"https:\/\/www.hsymachinery.com\/es\/product\/compactador-de-placas-ph-h90\/","og_locale":"es_ES","og_type":"article","og_title":"Plate Compactor PH-H90 - HSY Construction Machinery","og_description":"PH-H90 Honda Plate Compactor offers reliable and quiet soil compaction. Ideal for sidewalks, driveways, and light-duty construction. Powered by a GX160 engine.","og_url":"https:\/\/www.hsymachinery.com\/es\/product\/compactador-de-placas-ph-h90\/","og_site_name":"HSY Construction Machinery","article_modified_time":"2025-06-28T11:39:25+00:00","og_image":[{"width":600,"height":600,"url":"https:\/\/www.hsymachinery.com\/wp-content\/uploads\/2025\/06\/Plate-Compactor-PH-H90-1-e1750237264210.jpg","type":"image\/jpeg"}],"twitter_card":"summary_large_image","twitter_misc":{"Tiempo de lectura":"2 minutos"},"schema":{"@context":"https:\/\/schema.org","@graph":[{"@type":"WebPage","@id":"https:\/\/www.hsymachinery.com\/product\/plate-compactor-ph-h90\/","url":"https:\/\/www.hsymachinery.com\/product\/plate-compactor-ph-h90\/","name":"Placa compactadora PH-H90 - Maquinaria de construcci\u00f3n HSY","isPartOf":{"@id":"https:\/\/www.hsymachinery.com\/#website"},"primaryImageOfPage":{"@id":"https:\/\/www.hsymachinery.com\/product\/plate-compactor-ph-h90\/#primaryimage"},"image":{"@id":"https:\/\/www.hsymachinery.com\/product\/plate-compactor-ph-h90\/#primaryimage"},"thumbnailUrl":"https:\/\/www.hsymachinery.com\/wp-content\/uploads\/2025\/06\/Plate-Compactor-PH-H90-1-e1750237264210.jpg","datePublished":"2025-06-18T08:50:53+00:00","dateModified":"2025-06-28T11:39:25+00:00","description":"El Compactador de Placas Honda PH-H90 ofrece una compactaci\u00f3n del suelo fiable y silenciosa. Ideal para aceras, calzadas y construcci\u00f3n ligera. Accionado por un motor GX160.","breadcrumb":{"@id":"https:\/\/www.hsymachinery.com\/product\/plate-compactor-ph-h90\/#breadcrumb"},"inLanguage":"es","potentialAction":[{"@type":"ReadAction","target":["https:\/\/www.hsymachinery.com\/product\/plate-compactor-ph-h90\/"]}]},{"@type":"ImageObject","inLanguage":"es","@id":"https:\/\/www.hsymachinery.com\/product\/plate-compactor-ph-h90\/#primaryimage","url":"https:\/\/www.hsymachinery.com\/wp-content\/uploads\/2025\/06\/Plate-Compactor-PH-H90-1-e1750237264210.jpg","contentUrl":"https:\/\/www.hsymachinery.com\/wp-content\/uploads\/2025\/06\/Plate-Compactor-PH-H90-1-e1750237264210.jpg","width":600,"height":600},{"@type":"BreadcrumbList","@id":"https:\/\/www.hsymachinery.com\/product\/plate-compactor-ph-h90\/#breadcrumb","itemListElement":[{"@type":"ListItem","position":1,"name":"home","item":"https:\/\/www.hsymachinery.com\/"},{"@type":"ListItem","position":2,"name":"products","item":"https:\/\/www.hsymachinery.com\/products\/"},{"@type":"ListItem","position":3,"name":"Plate Compactor PH-H90"}]},{"@type":"WebSite","@id":"https:\/\/www.hsymachinery.com\/#website","url":"https:\/\/www.hsymachinery.com\/","name":"Maquinaria de construcci\u00f3n HSY","description":"HSY Machinery - Un proveedor l\u00edder de maquinaria de construcci\u00f3n en China, que ofrece una amplia gama de equipos de construcci\u00f3n ligera. Nuestros productos principales incluyen m\u00e1quina cortadora de varilla, m\u00e1quina dobladora de varilla, m\u00e1quina dobladora de estribo de varilla, m\u00e1quina dobladora de arco de varilla, m\u00e1quina enderezadora de varilla, m\u00e1quina dobladora de estribo de varilla de cinco cabezas, apisonador, compactador de placa, cortadora de concreto, allanadora mec\u00e1nica, y otra maquinaria de construcci\u00f3n. Estamos equipados con m\u00e1quinas CNC avanzadas, y aplicamos estrictas normas de inspecci\u00f3n de calidad, junto con un completo servicio post-venta. Si usted est\u00e1 interesado en nuestros productos o servicios, damos la bienvenida a sus consultas a trav\u00e9s de mensaje.","publisher":{"@id":"https:\/\/www.hsymachinery.com\/#organization"},"potentialAction":[{"@type":"SearchAction","target":{"@type":"EntryPoint","urlTemplate":"https:\/\/www.hsymachinery.com\/?s={search_term_string}"},"query-input":{"@type":"PropertyValueSpecification","valueRequired":true,"valueName":"search_term_string"}}],"inLanguage":"es"},{"@type":"Organization","@id":"https:\/\/www.hsymachinery.com\/#organization","name":"Maquinaria de construcci\u00f3n HSY","url":"https:\/\/www.hsymachinery.com\/","logo":{"@type":"ImageObject","inLanguage":"es","@id":"https:\/\/www.hsymachinery.com\/#\/schema\/logo\/image\/","url":"https:\/\/www.hsymachinery.com\/wp-content\/uploads\/2025\/06\/cropped-HSY-machinery.png","contentUrl":"https:\/\/www.hsymachinery.com\/wp-content\/uploads\/2025\/06\/cropped-HSY-machinery.png","width":600,"height":240,"caption":"HSY Construction Machinery"},"image":{"@id":"https:\/\/www.hsymachinery.com\/#\/schema\/logo\/image\/"}}]}},"_links":{"self":[{"href":"https:\/\/www.hsymachinery.com\/es\/wp-json\/wp\/v2\/product\/9103","targetHints":{"allow":["GET"]}}],"collection":[{"href":"https:\/\/www.hsymachinery.com\/es\/wp-json\/wp\/v2\/product"}],"about":[{"href":"https:\/\/www.hsymachinery.com\/es\/wp-json\/wp\/v2\/types\/product"}],"version-history":[{"count":3,"href":"https:\/\/www.hsymachinery.com\/es\/wp-json\/wp\/v2\/product\/9103\/revisions"}],"predecessor-version":[{"id":9527,"href":"https:\/\/www.hsymachinery.com\/es\/wp-json\/wp\/v2\/product\/9103\/revisions\/9527"}],"wp:featuredmedia":[{"embeddable":true,"href":"https:\/\/www.hsymachinery.com\/es\/wp-json\/wp\/v2\/media\/9110"}],"wp:attachment":[{"href":"https:\/\/www.hsymachinery.com\/es\/wp-json\/wp\/v2\/media?parent=9103"}],"wp:term":[{"taxonomy":"product_brand","embeddable":true,"href":"https:\/\/www.hsymachinery.com\/es\/wp-json\/wp\/v2\/product_brand?post=9103"},{"taxonomy":"product_cat","embeddable":true,"href":"https:\/\/www.hsymachinery.com\/es\/wp-json\/wp\/v2\/product_cat?post=9103"},{"taxonomy":"product_tag","embeddable":true,"href":"https:\/\/www.hsymachinery.com\/es\/wp-json\/wp\/v2\/product_tag?post=9103"}],"curies":[{"name":"wp","href":"https:\/\/api.w.org\/{rel}","templated":true}]}}