{"id":9073,"date":"2025-06-18T16:23:56","date_gmt":"2025-06-18T08:23:56","guid":{"rendered":"https:\/\/www.hsymachinery.com\/?post_type=product&#038;p=9073"},"modified":"2025-06-28T15:24:41","modified_gmt":"2025-06-28T07:24:41","slug":"apisonador-ch-h100","status":"publish","type":"product","link":"https:\/\/www.hsymachinery.com\/es\/product\/apisonador-ch-h100\/","title":{"rendered":"Apisonador CH-H100"},"content":{"rendered":"<h2 data-start=\"115\" data-end=\"145\">Apisonador CH-H100<\/h2>\n<h3 data-start=\"146\" data-end=\"261\">CH-H100 Apisonador de Gasolina Honda | Fiable y Potente Compactador de Suelos para Trabajos Profesionales de Construcci\u00f3n<\/h3>\n<h3 data-start=\"268\" data-end=\"342\">Resumen del producto - Compactaci\u00f3n de primera calidad con la fiabilidad del motor Honda<a href=\"https:\/\/www.hsymachinery.com\/es\/productos\/apisonador\/\" target=\"_blank\" rel=\"noopener\"><img fetchpriority=\"high\" decoding=\"async\" class=\"wp-image-9074 alignright\" src=\"https:\/\/www.hsymachinery.com\/wp-content\/uploads\/2025\/06\/Tamping-Rammer-CH-H100-300x300.jpg\" alt=\"\" width=\"476\" height=\"476\" srcset=\"https:\/\/www.hsymachinery.com\/wp-content\/uploads\/2025\/06\/Tamping-Rammer-CH-H100-300x300.jpg 300w, https:\/\/www.hsymachinery.com\/wp-content\/uploads\/2025\/06\/Tamping-Rammer-CH-H100-150x150.jpg 150w, https:\/\/www.hsymachinery.com\/wp-content\/uploads\/2025\/06\/Tamping-Rammer-CH-H100-768x768.jpg 768w, https:\/\/www.hsymachinery.com\/wp-content\/uploads\/2025\/06\/Tamping-Rammer-CH-H100-600x600.jpg 600w, https:\/\/www.hsymachinery.com\/wp-content\/uploads\/2025\/06\/Tamping-Rammer-CH-H100-100x100.jpg 100w, https:\/\/www.hsymachinery.com\/wp-content\/uploads\/2025\/06\/Tamping-Rammer-CH-H100.jpg 800w\" sizes=\"(max-width: 476px) 100vw, 476px\" \/><\/a><\/h3>\n<p data-start=\"344\" data-end=\"644\">En <strong data-start=\"348\" data-end=\"374\">Apisonador CH-H100<\/strong> est\u00e1 equipada con un motor de gasolina Honda GX160 de confianza mundial, que proporciona una compactaci\u00f3n estable y de alto impacto en una gran variedad de tipos de suelo. Este modelo es el favorito de los contratistas que dan prioridad a la fiabilidad del motor, la facilidad de mantenimiento y la larga vida \u00fatil.<\/p>\n<p data-start=\"646\" data-end=\"808\">Ofrece un rendimiento excepcional en zanjas, trabajos de cimentaci\u00f3n, parcheado de asfalto y construcci\u00f3n urbana, especialmente en entornos exteriores o semiremovidos.<\/p>\n<h3 data-start=\"815\" data-end=\"864\">Dise\u00f1ado para durar y rendir en el campo<\/h3>\n<p data-start=\"866\" data-end=\"1194\">El motor Honda GX160 ofrece un arranque f\u00e1cil, un bajo consumo de combustible y un gran par motor, lo que hace que la CH-H100 sea adecuada tanto para suelos arenosos como cohesivos. El sistema de montaje reforzado con amortiguaci\u00f3n de la m\u00e1quina minimiza la fatiga del operador, mientras que la placa de bateo de acero de alta resistencia a la tracci\u00f3n garantiza la durabilidad a largo plazo.<\/p>\n<p data-start=\"1196\" data-end=\"1291\">Su estructura compacta permite acceder a espacios estrechos sin comprometer el rendimiento ni la estabilidad.<\/p>\n<h3 data-start=\"1298\" data-end=\"1348\">Fiabilidad en condiciones de trabajo exigentes<\/h3>\n<p data-start=\"1350\" data-end=\"1580\">Desde reparaciones municipales hasta mejoras de infraestructuras, la CH-H100 soporta un funcionamiento continuo en entornos exteriores dif\u00edciles. Gracias a la red mundial de asistencia en piezas de Honda, el mantenimiento es sencillo y se puede realizar en cualquier lugar del mundo.<\/p>\n<p data-start=\"1582\" data-end=\"1702\">Tanto si compacta en espacios reducidos como si lo hace durante largas horas, este modelo ofrece resultados de calidad profesional en todo momento.<\/p>\n<h3 data-start=\"1709\" data-end=\"1762\">Caracter\u00edsticas principales del apisonador de impacto de gasolina CH-H100<\/h3>\n<ul data-start=\"1764\" data-end=\"2081\">\n<li data-start=\"1764\" data-end=\"1817\">\n<p data-start=\"1766\" data-end=\"1817\">Propulsado por un motor de gasolina Honda GX160 de 4 tiempos<\/p>\n<\/li>\n<li data-start=\"1818\" data-end=\"1877\">\n<p data-start=\"1820\" data-end=\"1877\">Gran fuerza de embestida con un funcionamiento silencioso y de bajo consumo de combustible<\/p>\n<\/li>\n<li data-start=\"1878\" data-end=\"1944\">\n<p data-start=\"1880\" data-end=\"1944\">Ideal para zanjas, cimentaciones, reparaci\u00f3n de asfalto y preparaci\u00f3n de obras<\/p>\n<\/li>\n<li data-start=\"1945\" data-end=\"2014\">\n<p data-start=\"1947\" data-end=\"2014\">Fiabilidad y longevidad superiores con disponibilidad mundial de piezas<\/p>\n<\/li>\n<li data-start=\"2015\" data-end=\"2081\">\n<p data-start=\"2017\" data-end=\"2081\">Base de acero reforzado y sistema ergon\u00f3mico de reducci\u00f3n de vibraciones<\/p>\n<\/li>\n<\/ul>\n<p><iframe title=\"compactador,apisonador,pis\u00f3n,compactador de placa,vibraci\u00f3n de la construcci\u00f3n,compactador machine.#tamping\" width=\"720\" height=\"540\" src=\"https:\/\/www.youtube.com\/embed\/j8Nod6Mcz9w?feature=oembed\" frameborder=\"0\" allow=\"accelerometer; autoplay; clipboard-write; encrypted-media; gyroscope; picture-in-picture; web-share\" referrerpolicy=\"strict-origin-when-cross-origin\" allowfullscreen><\/iframe><\/p>","protected":false},"excerpt":{"rendered":"<p>El apisonador CH-H100 utiliza un motor Honda GX160 para ofrecer una compactaci\u00f3n del suelo potente y uniforme. Rendimiento de confianza para aplicaciones profesionales exigentes.<\/p>","protected":false},"featured_media":9074,"template":"","meta":{"_kad_post_transparent":"default","_kad_post_title":"","_kad_post_layout":"default","_kad_post_sidebar_id":"","_kad_post_content_style":"default","_kad_post_vertical_padding":"default","_kad_post_feature":"","_kad_post_feature_position":"","_kad_post_header":false,"_kad_post_footer":false},"product_brand":[],"product_cat":[83],"product_tag":[1060,1057,1058,1059,1051,1052,1056,1053,1055,1054],"class_list":{"0":"post-9073","1":"product","2":"type-product","3":"status-publish","4":"has-post-thumbnail","6":"product_cat-tamping-rammer","7":"product_tag-backfill-compactor-machine","8":"product_tag-diesel-tamping-rammer","9":"product_tag-earth-tamping-machine","10":"product_tag-handheld-tamping-rammer","11":"product_tag-impact-rammer","12":"product_tag-jumping-jack-compactor","13":"product_tag-petrol-tamping-rammer","14":"product_tag-plate-tamping-rammer","15":"product_tag-soil-compaction-rammer","16":"product_tag-vibratory-tamping-rammer","18":"first","19":"instock","20":"shipping-taxable","21":"product-type-simple","22":"entry","23":"content-bg","24":"loop-entry"},"yoast_head":"<!-- This site is optimized with the Yoast SEO plugin v25.3.1 - https:\/\/yoast.com\/wordpress\/plugins\/seo\/ -->\n<title>Tamping Rammer CH-H100 - HSY Construction Machinery<\/title>\n<meta name=\"description\" content=\"CH-H100 Honda Tamping Rammer offers high-performance compaction with a GX160 engine. Built for trench, road, and foundation work. Durable and globally serviceable.\" \/>\n<meta name=\"robots\" content=\"index, follow, max-snippet:-1, max-image-preview:large, max-video-preview:-1\" \/>\n<link rel=\"canonical\" href=\"https:\/\/www.hsymachinery.com\/es\/product\/apisonador-ch-h100\/\" \/>\n<meta property=\"og:locale\" content=\"es_ES\" \/>\n<meta property=\"og:type\" content=\"article\" \/>\n<meta property=\"og:title\" content=\"Tamping Rammer CH-H100 - HSY Construction Machinery\" \/>\n<meta property=\"og:description\" content=\"CH-H100 Honda Tamping Rammer offers high-performance compaction with a GX160 engine. Built for trench, road, and foundation work. Durable and globally serviceable.\" \/>\n<meta property=\"og:url\" content=\"https:\/\/www.hsymachinery.com\/es\/product\/apisonador-ch-h100\/\" \/>\n<meta property=\"og:site_name\" content=\"HSY Construction Machinery\" \/>\n<meta property=\"article:modified_time\" content=\"2025-06-28T07:24:41+00:00\" \/>\n<meta property=\"og:image\" content=\"https:\/\/www.hsymachinery.com\/wp-content\/uploads\/2025\/06\/Tamping-Rammer-CH-H100.jpg\" \/>\n\t<meta property=\"og:image:width\" content=\"800\" \/>\n\t<meta property=\"og:image:height\" content=\"800\" \/>\n\t<meta property=\"og:image:type\" content=\"image\/jpeg\" \/>\n<meta name=\"twitter:card\" content=\"summary_large_image\" \/>\n<meta name=\"twitter:label1\" content=\"Tiempo de lectura\" \/>\n\t<meta name=\"twitter:data1\" content=\"2 minutos\" \/>\n<script type=\"application\/ld+json\" class=\"yoast-schema-graph\">{\"@context\":\"https:\/\/schema.org\",\"@graph\":[{\"@type\":\"WebPage\",\"@id\":\"https:\/\/www.hsymachinery.com\/product\/tamping-rammer-ch-h100\/\",\"url\":\"https:\/\/www.hsymachinery.com\/product\/tamping-rammer-ch-h100\/\",\"name\":\"Tamping Rammer CH-H100 - HSY Construction Machinery\",\"isPartOf\":{\"@id\":\"https:\/\/www.hsymachinery.com\/#website\"},\"primaryImageOfPage\":{\"@id\":\"https:\/\/www.hsymachinery.com\/product\/tamping-rammer-ch-h100\/#primaryimage\"},\"image\":{\"@id\":\"https:\/\/www.hsymachinery.com\/product\/tamping-rammer-ch-h100\/#primaryimage\"},\"thumbnailUrl\":\"https:\/\/www.hsymachinery.com\/wp-content\/uploads\/2025\/06\/Tamping-Rammer-CH-H100.jpg\",\"datePublished\":\"2025-06-18T08:23:56+00:00\",\"dateModified\":\"2025-06-28T07:24:41+00:00\",\"description\":\"CH-H100 Honda Tamping Rammer offers high-performance compaction with a GX160 engine. Built for trench, road, and foundation work. Durable and globally serviceable.\",\"breadcrumb\":{\"@id\":\"https:\/\/www.hsymachinery.com\/product\/tamping-rammer-ch-h100\/#breadcrumb\"},\"inLanguage\":\"es\",\"potentialAction\":[{\"@type\":\"ReadAction\",\"target\":[\"https:\/\/www.hsymachinery.com\/product\/tamping-rammer-ch-h100\/\"]}]},{\"@type\":\"ImageObject\",\"inLanguage\":\"es\",\"@id\":\"https:\/\/www.hsymachinery.com\/product\/tamping-rammer-ch-h100\/#primaryimage\",\"url\":\"https:\/\/www.hsymachinery.com\/wp-content\/uploads\/2025\/06\/Tamping-Rammer-CH-H100.jpg\",\"contentUrl\":\"https:\/\/www.hsymachinery.com\/wp-content\/uploads\/2025\/06\/Tamping-Rammer-CH-H100.jpg\",\"width\":800,\"height\":800},{\"@type\":\"BreadcrumbList\",\"@id\":\"https:\/\/www.hsymachinery.com\/product\/tamping-rammer-ch-h100\/#breadcrumb\",\"itemListElement\":[{\"@type\":\"ListItem\",\"position\":1,\"name\":\"home\",\"item\":\"https:\/\/www.hsymachinery.com\/\"},{\"@type\":\"ListItem\",\"position\":2,\"name\":\"products\",\"item\":\"https:\/\/www.hsymachinery.com\/products\/\"},{\"@type\":\"ListItem\",\"position\":3,\"name\":\"Tamping Rammer CH-H100\"}]},{\"@type\":\"WebSite\",\"@id\":\"https:\/\/www.hsymachinery.com\/#website\",\"url\":\"https:\/\/www.hsymachinery.com\/\",\"name\":\"HSY Construction Machinery\",\"description\":\"HSY Machinery \u2013 A leading China construction machinery supplier, offering a wide range of light construction equipment. Our main products include Rebar Cutting Machine, Rebar Bending Machine, Rebar Stirrup Bending Machine, Rebar Arc Bending Machine, Rebar Straightening Machine, Five-Head Rebar Stirrup Bending Machine, Tamping Rammer, Plate Compactor, Concrete Cutter, Power Trowel, and other construction machinery. We are equipped with advanced CNC machines, and we enforce strict quality inspection standards along with comprehensive after-sales service. If you are interested in our products or services, we warmly welcome your inquiries via message.\",\"publisher\":{\"@id\":\"https:\/\/www.hsymachinery.com\/#organization\"},\"potentialAction\":[{\"@type\":\"SearchAction\",\"target\":{\"@type\":\"EntryPoint\",\"urlTemplate\":\"https:\/\/www.hsymachinery.com\/?s={search_term_string}\"},\"query-input\":{\"@type\":\"PropertyValueSpecification\",\"valueRequired\":true,\"valueName\":\"search_term_string\"}}],\"inLanguage\":\"es\"},{\"@type\":\"Organization\",\"@id\":\"https:\/\/www.hsymachinery.com\/#organization\",\"name\":\"HSY Construction Machinery\",\"url\":\"https:\/\/www.hsymachinery.com\/\",\"logo\":{\"@type\":\"ImageObject\",\"inLanguage\":\"es\",\"@id\":\"https:\/\/www.hsymachinery.com\/#\/schema\/logo\/image\/\",\"url\":\"https:\/\/www.hsymachinery.com\/wp-content\/uploads\/2025\/06\/cropped-HSY-machinery.png\",\"contentUrl\":\"https:\/\/www.hsymachinery.com\/wp-content\/uploads\/2025\/06\/cropped-HSY-machinery.png\",\"width\":600,\"height\":240,\"caption\":\"HSY Construction Machinery\"},\"image\":{\"@id\":\"https:\/\/www.hsymachinery.com\/#\/schema\/logo\/image\/\"}}]}<\/script>\n<!-- \/ Yoast SEO plugin. -->","yoast_head_json":{"title":"Apisonador CH-H100 - HSY Maquinaria de Construcci\u00f3n","description":"El apisonador Honda CH-H100 ofrece una compactaci\u00f3n de alto rendimiento con un motor GX160. Construido para trabajos en zanjas, carreteras y cimentaciones. Duradero y de servicio global.","robots":{"index":"index","follow":"follow","max-snippet":"max-snippet:-1","max-image-preview":"max-image-preview:large","max-video-preview":"max-video-preview:-1"},"canonical":"https:\/\/www.hsymachinery.com\/es\/product\/apisonador-ch-h100\/","og_locale":"es_ES","og_type":"article","og_title":"Tamping Rammer CH-H100 - HSY Construction Machinery","og_description":"CH-H100 Honda Tamping Rammer offers high-performance compaction with a GX160 engine. Built for trench, road, and foundation work. Durable and globally serviceable.","og_url":"https:\/\/www.hsymachinery.com\/es\/product\/apisonador-ch-h100\/","og_site_name":"HSY Construction Machinery","article_modified_time":"2025-06-28T07:24:41+00:00","og_image":[{"width":800,"height":800,"url":"https:\/\/www.hsymachinery.com\/wp-content\/uploads\/2025\/06\/Tamping-Rammer-CH-H100.jpg","type":"image\/jpeg"}],"twitter_card":"summary_large_image","twitter_misc":{"Tiempo de lectura":"2 minutos"},"schema":{"@context":"https:\/\/schema.org","@graph":[{"@type":"WebPage","@id":"https:\/\/www.hsymachinery.com\/product\/tamping-rammer-ch-h100\/","url":"https:\/\/www.hsymachinery.com\/product\/tamping-rammer-ch-h100\/","name":"Apisonador CH-H100 - HSY Maquinaria de Construcci\u00f3n","isPartOf":{"@id":"https:\/\/www.hsymachinery.com\/#website"},"primaryImageOfPage":{"@id":"https:\/\/www.hsymachinery.com\/product\/tamping-rammer-ch-h100\/#primaryimage"},"image":{"@id":"https:\/\/www.hsymachinery.com\/product\/tamping-rammer-ch-h100\/#primaryimage"},"thumbnailUrl":"https:\/\/www.hsymachinery.com\/wp-content\/uploads\/2025\/06\/Tamping-Rammer-CH-H100.jpg","datePublished":"2025-06-18T08:23:56+00:00","dateModified":"2025-06-28T07:24:41+00:00","description":"El apisonador Honda CH-H100 ofrece una compactaci\u00f3n de alto rendimiento con un motor GX160. Construido para trabajos en zanjas, carreteras y cimentaciones. Duradero y de servicio global.","breadcrumb":{"@id":"https:\/\/www.hsymachinery.com\/product\/tamping-rammer-ch-h100\/#breadcrumb"},"inLanguage":"es","potentialAction":[{"@type":"ReadAction","target":["https:\/\/www.hsymachinery.com\/product\/tamping-rammer-ch-h100\/"]}]},{"@type":"ImageObject","inLanguage":"es","@id":"https:\/\/www.hsymachinery.com\/product\/tamping-rammer-ch-h100\/#primaryimage","url":"https:\/\/www.hsymachinery.com\/wp-content\/uploads\/2025\/06\/Tamping-Rammer-CH-H100.jpg","contentUrl":"https:\/\/www.hsymachinery.com\/wp-content\/uploads\/2025\/06\/Tamping-Rammer-CH-H100.jpg","width":800,"height":800},{"@type":"BreadcrumbList","@id":"https:\/\/www.hsymachinery.com\/product\/tamping-rammer-ch-h100\/#breadcrumb","itemListElement":[{"@type":"ListItem","position":1,"name":"home","item":"https:\/\/www.hsymachinery.com\/"},{"@type":"ListItem","position":2,"name":"products","item":"https:\/\/www.hsymachinery.com\/products\/"},{"@type":"ListItem","position":3,"name":"Tamping Rammer CH-H100"}]},{"@type":"WebSite","@id":"https:\/\/www.hsymachinery.com\/#website","url":"https:\/\/www.hsymachinery.com\/","name":"Maquinaria de construcci\u00f3n HSY","description":"HSY Machinery - Un proveedor l\u00edder de maquinaria de construcci\u00f3n en China, que ofrece una amplia gama de equipos de construcci\u00f3n ligera. Nuestros productos principales incluyen m\u00e1quina cortadora de varilla, m\u00e1quina dobladora de varilla, m\u00e1quina dobladora de estribo de varilla, m\u00e1quina dobladora de arco de varilla, m\u00e1quina enderezadora de varilla, m\u00e1quina dobladora de estribo de varilla de cinco cabezas, apisonador, compactador de placa, cortadora de concreto, allanadora mec\u00e1nica, y otra maquinaria de construcci\u00f3n. Estamos equipados con m\u00e1quinas CNC avanzadas, y aplicamos estrictas normas de inspecci\u00f3n de calidad, junto con un completo servicio post-venta. Si usted est\u00e1 interesado en nuestros productos o servicios, damos la bienvenida a sus consultas a trav\u00e9s de mensaje.","publisher":{"@id":"https:\/\/www.hsymachinery.com\/#organization"},"potentialAction":[{"@type":"SearchAction","target":{"@type":"EntryPoint","urlTemplate":"https:\/\/www.hsymachinery.com\/?s={search_term_string}"},"query-input":{"@type":"PropertyValueSpecification","valueRequired":true,"valueName":"search_term_string"}}],"inLanguage":"es"},{"@type":"Organization","@id":"https:\/\/www.hsymachinery.com\/#organization","name":"Maquinaria de construcci\u00f3n HSY","url":"https:\/\/www.hsymachinery.com\/","logo":{"@type":"ImageObject","inLanguage":"es","@id":"https:\/\/www.hsymachinery.com\/#\/schema\/logo\/image\/","url":"https:\/\/www.hsymachinery.com\/wp-content\/uploads\/2025\/06\/cropped-HSY-machinery.png","contentUrl":"https:\/\/www.hsymachinery.com\/wp-content\/uploads\/2025\/06\/cropped-HSY-machinery.png","width":600,"height":240,"caption":"HSY Construction Machinery"},"image":{"@id":"https:\/\/www.hsymachinery.com\/#\/schema\/logo\/image\/"}}]}},"_links":{"self":[{"href":"https:\/\/www.hsymachinery.com\/es\/wp-json\/wp\/v2\/product\/9073","targetHints":{"allow":["GET"]}}],"collection":[{"href":"https:\/\/www.hsymachinery.com\/es\/wp-json\/wp\/v2\/product"}],"about":[{"href":"https:\/\/www.hsymachinery.com\/es\/wp-json\/wp\/v2\/types\/product"}],"version-history":[{"count":4,"href":"https:\/\/www.hsymachinery.com\/es\/wp-json\/wp\/v2\/product\/9073\/revisions"}],"predecessor-version":[{"id":9500,"href":"https:\/\/www.hsymachinery.com\/es\/wp-json\/wp\/v2\/product\/9073\/revisions\/9500"}],"wp:featuredmedia":[{"embeddable":true,"href":"https:\/\/www.hsymachinery.com\/es\/wp-json\/wp\/v2\/media\/9074"}],"wp:attachment":[{"href":"https:\/\/www.hsymachinery.com\/es\/wp-json\/wp\/v2\/media?parent=9073"}],"wp:term":[{"taxonomy":"product_brand","embeddable":true,"href":"https:\/\/www.hsymachinery.com\/es\/wp-json\/wp\/v2\/product_brand?post=9073"},{"taxonomy":"product_cat","embeddable":true,"href":"https:\/\/www.hsymachinery.com\/es\/wp-json\/wp\/v2\/product_cat?post=9073"},{"taxonomy":"product_tag","embeddable":true,"href":"https:\/\/www.hsymachinery.com\/es\/wp-json\/wp\/v2\/product_tag?post=9073"}],"curies":[{"name":"wp","href":"https:\/\/api.w.org\/{rel}","templated":true}]}}