{"id":9023,"date":"2025-06-18T14:22:46","date_gmt":"2025-06-18T06:22:46","guid":{"rendered":"https:\/\/www.hsymachinery.com\/?post_type=product&#038;p=9023"},"modified":"2025-06-28T00:45:04","modified_gmt":"2025-06-27T16:45:04","slug":"enderezadora-de-armaduras-gtf4-16a","status":"publish","type":"product","link":"https:\/\/www.hsymachinery.com\/es\/product\/enderezadora-de-armaduras-gtf4-16a\/","title":{"rendered":"M\u00e1quina enderezadora de armaduras GTF4-16A"},"content":{"rendered":"<h2 data-start=\"139\" data-end=\"183\">M\u00e1quina enderezadora de armaduras GTF4-16A<\/h2>\n<h3 data-start=\"184\" data-end=\"321\">GTF4-16A Enderezadora de barras de acero controlada por inversor para barras de refuerzo de 4-16mm | Equipo de enderezado de barras de refuerzo de alta capacidad y frecuencia variable<\/h3>\n<h3 data-start=\"328\" data-end=\"414\">Resumen del producto - Enderezado de bobinas flexible y potente con tecnolog\u00eda VFD<\/h3>\n<p data-start=\"416\" data-end=\"761\">En <strong data-start=\"420\" data-end=\"460\"><a href=\"https:\/\/www.hsymachinery.com\/es\/productos\/enderezadora-de-barras-de-refuerzo\/\" target=\"_blank\" rel=\"noopener\">Enderezadora de armaduras<\/a> GTF4-16A<\/strong> est\u00e1 dise\u00f1ada para el enderezado de alta eficiencia de barras de acero en espiral de 4 mm a 16 mm, utilizando tecnolog\u00eda inverter (VFD) para permitir un control preciso de la velocidad. Este modelo es ideal para la construcci\u00f3n de puentes, f\u00e1bricas de prefabricados y procesamiento industrial de acero, donde se necesita potencia y adaptabilidad.<\/p>\n<p data-start=\"763\" data-end=\"953\">Con la transmisi\u00f3n de frecuencia variable, la GTF4-16A no s\u00f3lo reduce el consumo de energ\u00eda, sino que tambi\u00e9n minimiza el desgaste del sistema mec\u00e1nico, lo que se traduce en una vida \u00fatil m\u00e1s larga y un funcionamiento m\u00e1s suave.<\/p>\n<h3 data-start=\"960\" data-end=\"1030\">Alto par y velocidad ajustable mediante control de frecuencia variable<\/h3>\n<p data-start=\"1032\" data-end=\"1320\">El sistema VFD de la m\u00e1quina le permite cambiar la velocidad de enderezado en tiempo real, seg\u00fan el tipo de material y las necesidades de producci\u00f3n. Tanto si trabaja con acero al carbono blando como con barras de refuerzo de alta resistencia, el sistema de rodillos ajustables y la fuerza de alimentaci\u00f3n estable garantizan una excelente rectitud.<\/p>\n<p data-start=\"1322\" data-end=\"1521\">Su motor con n\u00facleo de cobre, mejorado con tecnolog\u00eda inverter, proporciona un par de salida constante al tiempo que mantiene un control total sobre el ritmo de alimentaci\u00f3n, lo que resulta ideal tanto para lotes peque\u00f1os como para un funcionamiento continuo.<\/p>\n<h3 data-start=\"1528\" data-end=\"1581\">Bastidor robusto con compatibilidad de voltaje global<\/h3>\n<p data-start=\"1583\" data-end=\"1847\">Construida con acero estructural reforzado, la GTF4-16A resiste las vibraciones y la fatiga mec\u00e1nica durante el uso intensivo. La m\u00e1quina presenta un dise\u00f1o compacto con ruedas pivotantes para facilitar su movilidad, lo que facilita su reubicaci\u00f3n o su integraci\u00f3n en una l\u00ednea de producci\u00f3n.<\/p>\n<p data-start=\"1849\" data-end=\"1958\">Es totalmente compatible con sistemas de alimentaci\u00f3n de 220 V\/380 V (50\/60 Hz), lo que permite su exportaci\u00f3n y uso sobre el terreno en todo el mundo.<\/p>\n<h3 data-start=\"1965\" data-end=\"2023\">Caracter\u00edsticas principales de la enderezadora de barras GTF4-16A<\/h3>\n<ul data-start=\"2025\" data-end=\"2322\">\n<li data-start=\"2025\" data-end=\"2079\">\n<p data-start=\"2027\" data-end=\"2079\">Endereza barras de refuerzo en espiral de 4-16 mm con gran precisi\u00f3n<\/p>\n<\/li>\n<li data-start=\"2080\" data-end=\"2149\">\n<p data-start=\"2082\" data-end=\"2149\"><strong data-start=\"2082\" data-end=\"2118\">Control de frecuencia variable (VFD)<\/strong> para ajustar la velocidad de trabajo<\/p>\n<\/li>\n<li data-start=\"2150\" data-end=\"2206\">\n<p data-start=\"2152\" data-end=\"2206\">Potente sistema de torsi\u00f3n y rodillos alineados con precisi\u00f3n<\/p>\n<\/li>\n<li data-start=\"2207\" data-end=\"2265\">\n<p data-start=\"2209\" data-end=\"2265\">Dise\u00f1ado para uso industrial, prefabricado y exportaci\u00f3n<\/p>\n<\/li>\n<li data-start=\"2266\" data-end=\"2322\">\n<p data-start=\"2268\" data-end=\"2322\">Entrada de alimentaci\u00f3n global para un despliegue flexible<\/p>\n<\/li>\n<\/ul>\n<p><iframe title=\"Enderezadora de barras. Cortadora de barras. Cortadora de armaduras. #rebarcutter #rebarcuttingmachine\" width=\"720\" height=\"405\" src=\"https:\/\/www.youtube.com\/embed\/7FKkySPeKVQ?feature=oembed\" frameborder=\"0\" allow=\"accelerometer; autoplay; clipboard-write; encrypted-media; gyroscope; picture-in-picture; web-share\" referrerpolicy=\"strict-origin-when-cross-origin\" allowfullscreen><\/iframe><\/p>","protected":false},"excerpt":{"rendered":"<p>La GTF4-16A endereza barras de acero de 4-16 mm con control de velocidad mediante inversor. Perfecta para uso industrial, combina una gran potencia con un variador de frecuencia para un funcionamiento flexible.<\/p>","protected":false},"featured_media":9024,"template":"","meta":{"_kad_post_transparent":"default","_kad_post_title":"","_kad_post_layout":"default","_kad_post_sidebar_id":"","_kad_post_content_style":"default","_kad_post_vertical_padding":"default","_kad_post_feature":"","_kad_post_feature_position":"","_kad_post_header":false,"_kad_post_footer":false},"product_brand":[],"product_cat":[62],"product_tag":[1026,1028,1030,1031,1034,1027,1032,1025,1029,1033],"class_list":{"0":"post-9023","1":"product","2":"type-product","3":"status-publish","4":"has-post-thumbnail","6":"product_cat-rebar-straightening-machine","7":"product_tag-automatic-rebar-straightener","8":"product_tag-cnc-rebar-straightening-equipment","9":"product_tag-coiled-rebar-straightening-machine","10":"product_tag-construction-bar-straightening-machine","11":"product_tag-high-speed-rebar-straightening-tool","12":"product_tag-hydraulic-rebar-straightening-machine","13":"product_tag-rebar-leveling-and-cutting-machine","14":"product_tag-steel-bar-straightening-machine","15":"product_tag-steel-wire-straightener-and-cutter","16":"product_tag-straightening-machine-for-steel-rods","18":"first","19":"instock","20":"shipping-taxable","21":"product-type-simple","22":"entry","23":"content-bg","24":"loop-entry"},"yoast_head":"<!-- This site is optimized with the Yoast SEO plugin v25.3.1 - https:\/\/yoast.com\/wordpress\/plugins\/seo\/ -->\n<title>Rebar Straightening Machine GTF4-16A - HSY Construction Machinery<\/title>\n<meta name=\"description\" content=\"Rebar Straightening Machine GTF4-16A processes 4\u201316mm coil bars with VFD control. Ideal for high-efficiency industrial use and global export compatibility.\" \/>\n<meta name=\"robots\" content=\"index, follow, max-snippet:-1, max-image-preview:large, max-video-preview:-1\" \/>\n<link rel=\"canonical\" href=\"https:\/\/www.hsymachinery.com\/es\/product\/enderezadora-de-armaduras-gtf4-16a\/\" \/>\n<meta property=\"og:locale\" content=\"es_ES\" \/>\n<meta property=\"og:type\" content=\"article\" \/>\n<meta property=\"og:title\" content=\"Rebar Straightening Machine GTF4-16A - HSY Construction Machinery\" \/>\n<meta property=\"og:description\" content=\"Rebar Straightening Machine GTF4-16A processes 4\u201316mm coil bars with VFD control. Ideal for high-efficiency industrial use and global export compatibility.\" \/>\n<meta property=\"og:url\" content=\"https:\/\/www.hsymachinery.com\/es\/product\/enderezadora-de-armaduras-gtf4-16a\/\" \/>\n<meta property=\"og:site_name\" content=\"HSY Construction Machinery\" \/>\n<meta property=\"article:modified_time\" content=\"2025-06-27T16:45:04+00:00\" \/>\n<meta property=\"og:image\" content=\"https:\/\/www.hsymachinery.com\/wp-content\/uploads\/2025\/06\/Rebar-Straightening-Machine-GTF4-16A.jpg\" \/>\n\t<meta property=\"og:image:width\" content=\"600\" \/>\n\t<meta property=\"og:image:height\" content=\"600\" \/>\n\t<meta property=\"og:image:type\" content=\"image\/jpeg\" \/>\n<meta name=\"twitter:card\" content=\"summary_large_image\" \/>\n<meta name=\"twitter:label1\" content=\"Tiempo de lectura\" \/>\n\t<meta name=\"twitter:data1\" content=\"2 minutos\" \/>\n<script type=\"application\/ld+json\" class=\"yoast-schema-graph\">{\"@context\":\"https:\/\/schema.org\",\"@graph\":[{\"@type\":\"WebPage\",\"@id\":\"https:\/\/www.hsymachinery.com\/product\/rebar-straightening-machine-gtf4-16a\/\",\"url\":\"https:\/\/www.hsymachinery.com\/product\/rebar-straightening-machine-gtf4-16a\/\",\"name\":\"Rebar Straightening Machine GTF4-16A - HSY Construction Machinery\",\"isPartOf\":{\"@id\":\"https:\/\/www.hsymachinery.com\/#website\"},\"primaryImageOfPage\":{\"@id\":\"https:\/\/www.hsymachinery.com\/product\/rebar-straightening-machine-gtf4-16a\/#primaryimage\"},\"image\":{\"@id\":\"https:\/\/www.hsymachinery.com\/product\/rebar-straightening-machine-gtf4-16a\/#primaryimage\"},\"thumbnailUrl\":\"https:\/\/www.hsymachinery.com\/wp-content\/uploads\/2025\/06\/Rebar-Straightening-Machine-GTF4-16A.jpg\",\"datePublished\":\"2025-06-18T06:22:46+00:00\",\"dateModified\":\"2025-06-27T16:45:04+00:00\",\"description\":\"Rebar Straightening Machine GTF4-16A processes 4\u201316mm coil bars with VFD control. Ideal for high-efficiency industrial use and global export compatibility.\",\"breadcrumb\":{\"@id\":\"https:\/\/www.hsymachinery.com\/product\/rebar-straightening-machine-gtf4-16a\/#breadcrumb\"},\"inLanguage\":\"es\",\"potentialAction\":[{\"@type\":\"ReadAction\",\"target\":[\"https:\/\/www.hsymachinery.com\/product\/rebar-straightening-machine-gtf4-16a\/\"]}]},{\"@type\":\"ImageObject\",\"inLanguage\":\"es\",\"@id\":\"https:\/\/www.hsymachinery.com\/product\/rebar-straightening-machine-gtf4-16a\/#primaryimage\",\"url\":\"https:\/\/www.hsymachinery.com\/wp-content\/uploads\/2025\/06\/Rebar-Straightening-Machine-GTF4-16A.jpg\",\"contentUrl\":\"https:\/\/www.hsymachinery.com\/wp-content\/uploads\/2025\/06\/Rebar-Straightening-Machine-GTF4-16A.jpg\",\"width\":600,\"height\":600},{\"@type\":\"BreadcrumbList\",\"@id\":\"https:\/\/www.hsymachinery.com\/product\/rebar-straightening-machine-gtf4-16a\/#breadcrumb\",\"itemListElement\":[{\"@type\":\"ListItem\",\"position\":1,\"name\":\"home\",\"item\":\"https:\/\/www.hsymachinery.com\/\"},{\"@type\":\"ListItem\",\"position\":2,\"name\":\"products\",\"item\":\"https:\/\/www.hsymachinery.com\/products\/\"},{\"@type\":\"ListItem\",\"position\":3,\"name\":\"Rebar Straightening Machine GTF4-16A\"}]},{\"@type\":\"WebSite\",\"@id\":\"https:\/\/www.hsymachinery.com\/#website\",\"url\":\"https:\/\/www.hsymachinery.com\/\",\"name\":\"HSY Construction Machinery\",\"description\":\"HSY Machinery \u2013 A leading China construction machinery supplier, offering a wide range of light construction equipment. Our main products include Rebar Cutting Machine, Rebar Bending Machine, Rebar Stirrup Bending Machine, Rebar Arc Bending Machine, Rebar Straightening Machine, Five-Head Rebar Stirrup Bending Machine, Tamping Rammer, Plate Compactor, Concrete Cutter, Power Trowel, and other construction machinery. We are equipped with advanced CNC machines, and we enforce strict quality inspection standards along with comprehensive after-sales service. If you are interested in our products or services, we warmly welcome your inquiries via message.\",\"publisher\":{\"@id\":\"https:\/\/www.hsymachinery.com\/#organization\"},\"potentialAction\":[{\"@type\":\"SearchAction\",\"target\":{\"@type\":\"EntryPoint\",\"urlTemplate\":\"https:\/\/www.hsymachinery.com\/?s={search_term_string}\"},\"query-input\":{\"@type\":\"PropertyValueSpecification\",\"valueRequired\":true,\"valueName\":\"search_term_string\"}}],\"inLanguage\":\"es\"},{\"@type\":\"Organization\",\"@id\":\"https:\/\/www.hsymachinery.com\/#organization\",\"name\":\"HSY Construction Machinery\",\"url\":\"https:\/\/www.hsymachinery.com\/\",\"logo\":{\"@type\":\"ImageObject\",\"inLanguage\":\"es\",\"@id\":\"https:\/\/www.hsymachinery.com\/#\/schema\/logo\/image\/\",\"url\":\"https:\/\/www.hsymachinery.com\/wp-content\/uploads\/2025\/06\/cropped-HSY-machinery.png\",\"contentUrl\":\"https:\/\/www.hsymachinery.com\/wp-content\/uploads\/2025\/06\/cropped-HSY-machinery.png\",\"width\":600,\"height\":240,\"caption\":\"HSY Construction Machinery\"},\"image\":{\"@id\":\"https:\/\/www.hsymachinery.com\/#\/schema\/logo\/image\/\"}}]}<\/script>\n<!-- \/ Yoast SEO plugin. -->","yoast_head_json":{"title":"M\u00e1quina enderezadora de barras GTF4-16A - HSY Maquinaria de construcci\u00f3n","description":"La enderezadora de barras GTF4-16A procesa barras en rollo de 4-16 mm con control VFD. Ideal para uso industrial de alta eficiencia y compatibilidad con la exportaci\u00f3n global.","robots":{"index":"index","follow":"follow","max-snippet":"max-snippet:-1","max-image-preview":"max-image-preview:large","max-video-preview":"max-video-preview:-1"},"canonical":"https:\/\/www.hsymachinery.com\/es\/product\/enderezadora-de-armaduras-gtf4-16a\/","og_locale":"es_ES","og_type":"article","og_title":"Rebar Straightening Machine GTF4-16A - HSY Construction Machinery","og_description":"Rebar Straightening Machine GTF4-16A processes 4\u201316mm coil bars with VFD control. Ideal for high-efficiency industrial use and global export compatibility.","og_url":"https:\/\/www.hsymachinery.com\/es\/product\/enderezadora-de-armaduras-gtf4-16a\/","og_site_name":"HSY Construction Machinery","article_modified_time":"2025-06-27T16:45:04+00:00","og_image":[{"width":600,"height":600,"url":"https:\/\/www.hsymachinery.com\/wp-content\/uploads\/2025\/06\/Rebar-Straightening-Machine-GTF4-16A.jpg","type":"image\/jpeg"}],"twitter_card":"summary_large_image","twitter_misc":{"Tiempo de lectura":"2 minutos"},"schema":{"@context":"https:\/\/schema.org","@graph":[{"@type":"WebPage","@id":"https:\/\/www.hsymachinery.com\/product\/rebar-straightening-machine-gtf4-16a\/","url":"https:\/\/www.hsymachinery.com\/product\/rebar-straightening-machine-gtf4-16a\/","name":"M\u00e1quina enderezadora de barras GTF4-16A - HSY Maquinaria de construcci\u00f3n","isPartOf":{"@id":"https:\/\/www.hsymachinery.com\/#website"},"primaryImageOfPage":{"@id":"https:\/\/www.hsymachinery.com\/product\/rebar-straightening-machine-gtf4-16a\/#primaryimage"},"image":{"@id":"https:\/\/www.hsymachinery.com\/product\/rebar-straightening-machine-gtf4-16a\/#primaryimage"},"thumbnailUrl":"https:\/\/www.hsymachinery.com\/wp-content\/uploads\/2025\/06\/Rebar-Straightening-Machine-GTF4-16A.jpg","datePublished":"2025-06-18T06:22:46+00:00","dateModified":"2025-06-27T16:45:04+00:00","description":"La enderezadora de barras GTF4-16A procesa barras en rollo de 4-16 mm con control VFD. Ideal para uso industrial de alta eficiencia y compatibilidad con la exportaci\u00f3n global.","breadcrumb":{"@id":"https:\/\/www.hsymachinery.com\/product\/rebar-straightening-machine-gtf4-16a\/#breadcrumb"},"inLanguage":"es","potentialAction":[{"@type":"ReadAction","target":["https:\/\/www.hsymachinery.com\/product\/rebar-straightening-machine-gtf4-16a\/"]}]},{"@type":"ImageObject","inLanguage":"es","@id":"https:\/\/www.hsymachinery.com\/product\/rebar-straightening-machine-gtf4-16a\/#primaryimage","url":"https:\/\/www.hsymachinery.com\/wp-content\/uploads\/2025\/06\/Rebar-Straightening-Machine-GTF4-16A.jpg","contentUrl":"https:\/\/www.hsymachinery.com\/wp-content\/uploads\/2025\/06\/Rebar-Straightening-Machine-GTF4-16A.jpg","width":600,"height":600},{"@type":"BreadcrumbList","@id":"https:\/\/www.hsymachinery.com\/product\/rebar-straightening-machine-gtf4-16a\/#breadcrumb","itemListElement":[{"@type":"ListItem","position":1,"name":"home","item":"https:\/\/www.hsymachinery.com\/"},{"@type":"ListItem","position":2,"name":"products","item":"https:\/\/www.hsymachinery.com\/products\/"},{"@type":"ListItem","position":3,"name":"Rebar Straightening Machine GTF4-16A"}]},{"@type":"WebSite","@id":"https:\/\/www.hsymachinery.com\/#website","url":"https:\/\/www.hsymachinery.com\/","name":"Maquinaria de construcci\u00f3n HSY","description":"HSY Machinery - Un proveedor l\u00edder de maquinaria de construcci\u00f3n en China, que ofrece una amplia gama de equipos de construcci\u00f3n ligera. Nuestros productos principales incluyen m\u00e1quina cortadora de varilla, m\u00e1quina dobladora de varilla, m\u00e1quina dobladora de estribo de varilla, m\u00e1quina dobladora de arco de varilla, m\u00e1quina enderezadora de varilla, m\u00e1quina dobladora de estribo de varilla de cinco cabezas, apisonador, compactador de placa, cortadora de concreto, allanadora mec\u00e1nica, y otra maquinaria de construcci\u00f3n. Estamos equipados con m\u00e1quinas CNC avanzadas, y aplicamos estrictas normas de inspecci\u00f3n de calidad, junto con un completo servicio post-venta. Si usted est\u00e1 interesado en nuestros productos o servicios, damos la bienvenida a sus consultas a trav\u00e9s de mensaje.","publisher":{"@id":"https:\/\/www.hsymachinery.com\/#organization"},"potentialAction":[{"@type":"SearchAction","target":{"@type":"EntryPoint","urlTemplate":"https:\/\/www.hsymachinery.com\/?s={search_term_string}"},"query-input":{"@type":"PropertyValueSpecification","valueRequired":true,"valueName":"search_term_string"}}],"inLanguage":"es"},{"@type":"Organization","@id":"https:\/\/www.hsymachinery.com\/#organization","name":"Maquinaria de construcci\u00f3n HSY","url":"https:\/\/www.hsymachinery.com\/","logo":{"@type":"ImageObject","inLanguage":"es","@id":"https:\/\/www.hsymachinery.com\/#\/schema\/logo\/image\/","url":"https:\/\/www.hsymachinery.com\/wp-content\/uploads\/2025\/06\/cropped-HSY-machinery.png","contentUrl":"https:\/\/www.hsymachinery.com\/wp-content\/uploads\/2025\/06\/cropped-HSY-machinery.png","width":600,"height":240,"caption":"HSY Construction Machinery"},"image":{"@id":"https:\/\/www.hsymachinery.com\/#\/schema\/logo\/image\/"}}]}},"_links":{"self":[{"href":"https:\/\/www.hsymachinery.com\/es\/wp-json\/wp\/v2\/product\/9023","targetHints":{"allow":["GET"]}}],"collection":[{"href":"https:\/\/www.hsymachinery.com\/es\/wp-json\/wp\/v2\/product"}],"about":[{"href":"https:\/\/www.hsymachinery.com\/es\/wp-json\/wp\/v2\/types\/product"}],"version-history":[{"count":3,"href":"https:\/\/www.hsymachinery.com\/es\/wp-json\/wp\/v2\/product\/9023\/revisions"}],"predecessor-version":[{"id":9447,"href":"https:\/\/www.hsymachinery.com\/es\/wp-json\/wp\/v2\/product\/9023\/revisions\/9447"}],"wp:featuredmedia":[{"embeddable":true,"href":"https:\/\/www.hsymachinery.com\/es\/wp-json\/wp\/v2\/media\/9024"}],"wp:attachment":[{"href":"https:\/\/www.hsymachinery.com\/es\/wp-json\/wp\/v2\/media?parent=9023"}],"wp:term":[{"taxonomy":"product_brand","embeddable":true,"href":"https:\/\/www.hsymachinery.com\/es\/wp-json\/wp\/v2\/product_brand?post=9023"},{"taxonomy":"product_cat","embeddable":true,"href":"https:\/\/www.hsymachinery.com\/es\/wp-json\/wp\/v2\/product_cat?post=9023"},{"taxonomy":"product_tag","embeddable":true,"href":"https:\/\/www.hsymachinery.com\/es\/wp-json\/wp\/v2\/product_tag?post=9023"}],"curies":[{"name":"wp","href":"https:\/\/api.w.org\/{rel}","templated":true}]}}