{"id":9020,"date":"2025-06-18T14:21:32","date_gmt":"2025-06-18T06:21:32","guid":{"rendered":"https:\/\/www.hsymachinery.com\/?post_type=product&#038;p=9020"},"modified":"2025-06-28T00:40:55","modified_gmt":"2025-06-27T16:40:55","slug":"enderezadora-de-armaduras-gtf4-14","status":"publish","type":"product","link":"https:\/\/www.hsymachinery.com\/es\/product\/enderezadora-de-armaduras-gtf4-14\/","title":{"rendered":"M\u00e1quina enderezadora de armaduras GTF4-14"},"content":{"rendered":"<h2 data-start=\"171\" data-end=\"214\">M\u00e1quina enderezadora de armaduras GTF4-14<\/h2>\n<h3 data-start=\"215\" data-end=\"348\">GTF4-14 Enderezadora de barras de acero de frecuencia variable para barras de acero de 4-14mm | Enderezadora de bobinas de alta velocidad con control por inversor<\/h3>\n<h3 data-start=\"355\" data-end=\"432\">Resumen del producto - Alisado inteligente con control de frecuencia variable<\/h3>\n<p data-start=\"434\" data-end=\"843\">En <strong data-start=\"438\" data-end=\"477\"><a href=\"https:\/\/www.hsymachinery.com\/es\/productos\/enderezadora-de-barras-de-refuerzo\/\" target=\"_blank\" rel=\"noopener\">Enderezadora de armaduras<\/a> GTF4-14<\/strong> combina un rendimiento de alta capacidad con un avanzado control de frecuencia variable, lo que permite a los usuarios enderezar barras de acero en espiral de 4 mm a 14 mm con precisi\u00f3n y eficiencia energ\u00e9tica. Este modelo es id\u00f3neo para obras de gran envergadura, centros de procesamiento de barras de refuerzo y l\u00edneas de producci\u00f3n de prefabricados, donde la velocidad flexible y el rendimiento fiable son fundamentales.<\/p>\n<p data-start=\"845\" data-end=\"977\">Al integrar la tecnolog\u00eda de inversor, ofrece una regulaci\u00f3n de velocidad ajustable y un menor esfuerzo del motor durante el arranque y el funcionamiento.<\/p>\n<h3 data-start=\"984\" data-end=\"1040\">Velocidad controlada por inversor con alto par de salida<\/h3>\n<p data-start=\"1042\" data-end=\"1299\">Equipada con un variador de frecuencia (VFD), la GTF4-14 permite un control suave de la velocidad de enderezado. Los operarios pueden ajustar la velocidad de alimentaci\u00f3n en tiempo real para adaptarse a los distintos tipos de barras, lo que mejora la eficiencia de la producci\u00f3n al tiempo que minimiza el desgaste de los componentes.<\/p>\n<p data-start=\"1301\" data-end=\"1559\">El sistema de rodillos de precisi\u00f3n garantiza que cada barra salga recta y uniforme. El motor de alto par, junto con el inversor, proporciona una fuerza de tracci\u00f3n estable incluso con grandes cargas de trabajo, lo que hace que la m\u00e1quina sea adecuada para barras de acero dulce y de alta resistencia.<\/p>\n<h3 data-start=\"1566\" data-end=\"1616\">Marco robusto y compatibilidad energ\u00e9tica global<\/h3>\n<p data-start=\"1618\" data-end=\"1886\">El bastidor de acero de alta resistencia absorbe las vibraciones durante el funcionamiento continuo, lo que garantiza una larga vida \u00fatil y un rendimiento estable. A pesar de su robusta construcci\u00f3n, la GTF4-14 tiene un dise\u00f1o compacto, adecuado para su instalaci\u00f3n en talleres estrechos o en configuraciones de campo m\u00f3viles.<\/p>\n<p data-start=\"1888\" data-end=\"1994\">Admite doble voltaje (220 V\/380 V, 50 Hz\/60 Hz), por lo que est\u00e1 preparada para exportar a diversos mercados mundiales.<\/p>\n<h3 data-start=\"2001\" data-end=\"2058\">Caracter\u00edsticas principales de la enderezadora GTF4-14<\/h3>\n<ul data-start=\"2060\" data-end=\"2350\">\n<li data-start=\"2060\" data-end=\"2120\">\n<p data-start=\"2062\" data-end=\"2120\">Endereza barras de acero en espiral de 4-14 mm con gran precisi\u00f3n<\/p>\n<\/li>\n<li data-start=\"2121\" data-end=\"2186\">\n<p data-start=\"2123\" data-end=\"2186\">Caracter\u00edsticas <strong data-start=\"2132\" data-end=\"2166\">variador de frecuencia (VFD)<\/strong> para el control de la velocidad<\/p>\n<\/li>\n<li data-start=\"2187\" data-end=\"2248\">\n<p data-start=\"2189\" data-end=\"2248\">Ideal para el procesamiento industrial y orientado a la exportaci\u00f3n de barras de refuerzo<\/p>\n<\/li>\n<li data-start=\"2249\" data-end=\"2304\">\n<p data-start=\"2251\" data-end=\"2304\">Fuerte sistema de tracci\u00f3n y disposici\u00f3n de rodillos ajustable<\/p>\n<\/li>\n<li data-start=\"2305\" data-end=\"2350\">\n<p data-start=\"2307\" data-end=\"2350\">Dise\u00f1o compacto, duradero y listo para la exportaci\u00f3n<\/p>\n<\/li>\n<\/ul>\n<p><iframe title=\"Enderezadora de barras. Cortadora de barras. Cortadora de armaduras. #rebarcutter #rebarcuttingmachine\" width=\"720\" height=\"405\" src=\"https:\/\/www.youtube.com\/embed\/7FKkySPeKVQ?feature=oembed\" frameborder=\"0\" allow=\"accelerometer; autoplay; clipboard-write; encrypted-media; gyroscope; picture-in-picture; web-share\" referrerpolicy=\"strict-origin-when-cross-origin\" allowfullscreen><\/iframe><\/p>","protected":false},"excerpt":{"rendered":"<p>La enderezadora de barras GTF4-14 endereza barras en rollo de 4-14 mm con velocidad controlada por inversor. Dise\u00f1ada para obtener un rendimiento de alta eficiencia en los sectores de la construcci\u00f3n y la prefabricaci\u00f3n.<\/p>","protected":false},"featured_media":9021,"template":"","meta":{"_kad_post_transparent":"default","_kad_post_title":"","_kad_post_layout":"default","_kad_post_sidebar_id":"","_kad_post_content_style":"default","_kad_post_vertical_padding":"default","_kad_post_feature":"","_kad_post_feature_position":"","_kad_post_header":false,"_kad_post_footer":false},"product_brand":[],"product_cat":[62],"product_tag":[1026,1028,1030,1031,1034,1027,1032,1025,1029,1033],"class_list":{"0":"post-9020","1":"product","2":"type-product","3":"status-publish","4":"has-post-thumbnail","6":"product_cat-rebar-straightening-machine","7":"product_tag-automatic-rebar-straightener","8":"product_tag-cnc-rebar-straightening-equipment","9":"product_tag-coiled-rebar-straightening-machine","10":"product_tag-construction-bar-straightening-machine","11":"product_tag-high-speed-rebar-straightening-tool","12":"product_tag-hydraulic-rebar-straightening-machine","13":"product_tag-rebar-leveling-and-cutting-machine","14":"product_tag-steel-bar-straightening-machine","15":"product_tag-steel-wire-straightener-and-cutter","16":"product_tag-straightening-machine-for-steel-rods","18":"first","19":"instock","20":"featured","21":"shipping-taxable","22":"product-type-simple","23":"entry","24":"content-bg","25":"loop-entry"},"yoast_head":"<!-- This site is optimized with the Yoast SEO plugin v25.3.1 - https:\/\/yoast.com\/wordpress\/plugins\/seo\/ -->\n<title>Rebar Straightening Machine GTF4-14 - HSY Construction Machinery<\/title>\n<meta name=\"description\" content=\"Rebar Straightening Machine GTF4-14 with variable frequency control straightens 4\u201314mm bars. Ideal for industrial use with inverter technology and global voltage support.\" \/>\n<meta name=\"robots\" content=\"index, follow, max-snippet:-1, max-image-preview:large, max-video-preview:-1\" \/>\n<link rel=\"canonical\" href=\"https:\/\/www.hsymachinery.com\/es\/product\/enderezadora-de-armaduras-gtf4-14\/\" \/>\n<meta property=\"og:locale\" content=\"es_ES\" \/>\n<meta property=\"og:type\" content=\"article\" \/>\n<meta property=\"og:title\" content=\"Rebar Straightening Machine GTF4-14 - HSY Construction Machinery\" \/>\n<meta property=\"og:description\" content=\"Rebar Straightening Machine GTF4-14 with variable frequency control straightens 4\u201314mm bars. Ideal for industrial use with inverter technology and global voltage support.\" \/>\n<meta property=\"og:url\" content=\"https:\/\/www.hsymachinery.com\/es\/product\/enderezadora-de-armaduras-gtf4-14\/\" \/>\n<meta property=\"og:site_name\" content=\"HSY Construction Machinery\" \/>\n<meta property=\"article:modified_time\" content=\"2025-06-27T16:40:55+00:00\" \/>\n<meta property=\"og:image\" content=\"https:\/\/www.hsymachinery.com\/wp-content\/uploads\/2025\/06\/Rebar-Straightening-Machine-GTF4-14.jpg\" \/>\n\t<meta property=\"og:image:width\" content=\"600\" \/>\n\t<meta property=\"og:image:height\" content=\"600\" \/>\n\t<meta property=\"og:image:type\" content=\"image\/jpeg\" \/>\n<meta name=\"twitter:card\" content=\"summary_large_image\" \/>\n<meta name=\"twitter:label1\" content=\"Tiempo de lectura\" \/>\n\t<meta name=\"twitter:data1\" content=\"2 minutos\" \/>\n<script type=\"application\/ld+json\" class=\"yoast-schema-graph\">{\"@context\":\"https:\/\/schema.org\",\"@graph\":[{\"@type\":\"WebPage\",\"@id\":\"https:\/\/www.hsymachinery.com\/product\/rebar-straightening-machine-gtf4-14\/\",\"url\":\"https:\/\/www.hsymachinery.com\/product\/rebar-straightening-machine-gtf4-14\/\",\"name\":\"Rebar Straightening Machine GTF4-14 - HSY Construction Machinery\",\"isPartOf\":{\"@id\":\"https:\/\/www.hsymachinery.com\/#website\"},\"primaryImageOfPage\":{\"@id\":\"https:\/\/www.hsymachinery.com\/product\/rebar-straightening-machine-gtf4-14\/#primaryimage\"},\"image\":{\"@id\":\"https:\/\/www.hsymachinery.com\/product\/rebar-straightening-machine-gtf4-14\/#primaryimage\"},\"thumbnailUrl\":\"https:\/\/www.hsymachinery.com\/wp-content\/uploads\/2025\/06\/Rebar-Straightening-Machine-GTF4-14.jpg\",\"datePublished\":\"2025-06-18T06:21:32+00:00\",\"dateModified\":\"2025-06-27T16:40:55+00:00\",\"description\":\"Rebar Straightening Machine GTF4-14 with variable frequency control straightens 4\u201314mm bars. Ideal for industrial use with inverter technology and global voltage support.\",\"breadcrumb\":{\"@id\":\"https:\/\/www.hsymachinery.com\/product\/rebar-straightening-machine-gtf4-14\/#breadcrumb\"},\"inLanguage\":\"es\",\"potentialAction\":[{\"@type\":\"ReadAction\",\"target\":[\"https:\/\/www.hsymachinery.com\/product\/rebar-straightening-machine-gtf4-14\/\"]}]},{\"@type\":\"ImageObject\",\"inLanguage\":\"es\",\"@id\":\"https:\/\/www.hsymachinery.com\/product\/rebar-straightening-machine-gtf4-14\/#primaryimage\",\"url\":\"https:\/\/www.hsymachinery.com\/wp-content\/uploads\/2025\/06\/Rebar-Straightening-Machine-GTF4-14.jpg\",\"contentUrl\":\"https:\/\/www.hsymachinery.com\/wp-content\/uploads\/2025\/06\/Rebar-Straightening-Machine-GTF4-14.jpg\",\"width\":600,\"height\":600},{\"@type\":\"BreadcrumbList\",\"@id\":\"https:\/\/www.hsymachinery.com\/product\/rebar-straightening-machine-gtf4-14\/#breadcrumb\",\"itemListElement\":[{\"@type\":\"ListItem\",\"position\":1,\"name\":\"home\",\"item\":\"https:\/\/www.hsymachinery.com\/\"},{\"@type\":\"ListItem\",\"position\":2,\"name\":\"products\",\"item\":\"https:\/\/www.hsymachinery.com\/products\/\"},{\"@type\":\"ListItem\",\"position\":3,\"name\":\"Rebar Straightening Machine GTF4-14\"}]},{\"@type\":\"WebSite\",\"@id\":\"https:\/\/www.hsymachinery.com\/#website\",\"url\":\"https:\/\/www.hsymachinery.com\/\",\"name\":\"HSY Construction Machinery\",\"description\":\"HSY Machinery \u2013 A leading China construction machinery supplier, offering a wide range of light construction equipment. Our main products include Rebar Cutting Machine, Rebar Bending Machine, Rebar Stirrup Bending Machine, Rebar Arc Bending Machine, Rebar Straightening Machine, Five-Head Rebar Stirrup Bending Machine, Tamping Rammer, Plate Compactor, Concrete Cutter, Power Trowel, and other construction machinery. We are equipped with advanced CNC machines, and we enforce strict quality inspection standards along with comprehensive after-sales service. If you are interested in our products or services, we warmly welcome your inquiries via message.\",\"publisher\":{\"@id\":\"https:\/\/www.hsymachinery.com\/#organization\"},\"potentialAction\":[{\"@type\":\"SearchAction\",\"target\":{\"@type\":\"EntryPoint\",\"urlTemplate\":\"https:\/\/www.hsymachinery.com\/?s={search_term_string}\"},\"query-input\":{\"@type\":\"PropertyValueSpecification\",\"valueRequired\":true,\"valueName\":\"search_term_string\"}}],\"inLanguage\":\"es\"},{\"@type\":\"Organization\",\"@id\":\"https:\/\/www.hsymachinery.com\/#organization\",\"name\":\"HSY Construction Machinery\",\"url\":\"https:\/\/www.hsymachinery.com\/\",\"logo\":{\"@type\":\"ImageObject\",\"inLanguage\":\"es\",\"@id\":\"https:\/\/www.hsymachinery.com\/#\/schema\/logo\/image\/\",\"url\":\"https:\/\/www.hsymachinery.com\/wp-content\/uploads\/2025\/06\/cropped-HSY-machinery.png\",\"contentUrl\":\"https:\/\/www.hsymachinery.com\/wp-content\/uploads\/2025\/06\/cropped-HSY-machinery.png\",\"width\":600,\"height\":240,\"caption\":\"HSY Construction Machinery\"},\"image\":{\"@id\":\"https:\/\/www.hsymachinery.com\/#\/schema\/logo\/image\/\"}}]}<\/script>\n<!-- \/ Yoast SEO plugin. -->","yoast_head_json":{"title":"M\u00e1quina enderezadora de barras GTF4-14 - HSY Maquinaria de construcci\u00f3n","description":"La enderezadora de barras GTF4-14 con control de frecuencia variable endereza barras de 4-14 mm. Ideal para uso industrial con tecnolog\u00eda inverter y soporte de voltaje global.","robots":{"index":"index","follow":"follow","max-snippet":"max-snippet:-1","max-image-preview":"max-image-preview:large","max-video-preview":"max-video-preview:-1"},"canonical":"https:\/\/www.hsymachinery.com\/es\/product\/enderezadora-de-armaduras-gtf4-14\/","og_locale":"es_ES","og_type":"article","og_title":"Rebar Straightening Machine GTF4-14 - HSY Construction Machinery","og_description":"Rebar Straightening Machine GTF4-14 with variable frequency control straightens 4\u201314mm bars. Ideal for industrial use with inverter technology and global voltage support.","og_url":"https:\/\/www.hsymachinery.com\/es\/product\/enderezadora-de-armaduras-gtf4-14\/","og_site_name":"HSY Construction Machinery","article_modified_time":"2025-06-27T16:40:55+00:00","og_image":[{"width":600,"height":600,"url":"https:\/\/www.hsymachinery.com\/wp-content\/uploads\/2025\/06\/Rebar-Straightening-Machine-GTF4-14.jpg","type":"image\/jpeg"}],"twitter_card":"summary_large_image","twitter_misc":{"Tiempo de lectura":"2 minutos"},"schema":{"@context":"https:\/\/schema.org","@graph":[{"@type":"WebPage","@id":"https:\/\/www.hsymachinery.com\/product\/rebar-straightening-machine-gtf4-14\/","url":"https:\/\/www.hsymachinery.com\/product\/rebar-straightening-machine-gtf4-14\/","name":"M\u00e1quina enderezadora de barras GTF4-14 - HSY Maquinaria de construcci\u00f3n","isPartOf":{"@id":"https:\/\/www.hsymachinery.com\/#website"},"primaryImageOfPage":{"@id":"https:\/\/www.hsymachinery.com\/product\/rebar-straightening-machine-gtf4-14\/#primaryimage"},"image":{"@id":"https:\/\/www.hsymachinery.com\/product\/rebar-straightening-machine-gtf4-14\/#primaryimage"},"thumbnailUrl":"https:\/\/www.hsymachinery.com\/wp-content\/uploads\/2025\/06\/Rebar-Straightening-Machine-GTF4-14.jpg","datePublished":"2025-06-18T06:21:32+00:00","dateModified":"2025-06-27T16:40:55+00:00","description":"La enderezadora de barras GTF4-14 con control de frecuencia variable endereza barras de 4-14 mm. Ideal para uso industrial con tecnolog\u00eda inverter y soporte de voltaje global.","breadcrumb":{"@id":"https:\/\/www.hsymachinery.com\/product\/rebar-straightening-machine-gtf4-14\/#breadcrumb"},"inLanguage":"es","potentialAction":[{"@type":"ReadAction","target":["https:\/\/www.hsymachinery.com\/product\/rebar-straightening-machine-gtf4-14\/"]}]},{"@type":"ImageObject","inLanguage":"es","@id":"https:\/\/www.hsymachinery.com\/product\/rebar-straightening-machine-gtf4-14\/#primaryimage","url":"https:\/\/www.hsymachinery.com\/wp-content\/uploads\/2025\/06\/Rebar-Straightening-Machine-GTF4-14.jpg","contentUrl":"https:\/\/www.hsymachinery.com\/wp-content\/uploads\/2025\/06\/Rebar-Straightening-Machine-GTF4-14.jpg","width":600,"height":600},{"@type":"BreadcrumbList","@id":"https:\/\/www.hsymachinery.com\/product\/rebar-straightening-machine-gtf4-14\/#breadcrumb","itemListElement":[{"@type":"ListItem","position":1,"name":"home","item":"https:\/\/www.hsymachinery.com\/"},{"@type":"ListItem","position":2,"name":"products","item":"https:\/\/www.hsymachinery.com\/products\/"},{"@type":"ListItem","position":3,"name":"Rebar Straightening Machine GTF4-14"}]},{"@type":"WebSite","@id":"https:\/\/www.hsymachinery.com\/#website","url":"https:\/\/www.hsymachinery.com\/","name":"Maquinaria de construcci\u00f3n HSY","description":"HSY Machinery - Un proveedor l\u00edder de maquinaria de construcci\u00f3n en China, que ofrece una amplia gama de equipos de construcci\u00f3n ligera. Nuestros productos principales incluyen m\u00e1quina cortadora de varilla, m\u00e1quina dobladora de varilla, m\u00e1quina dobladora de estribo de varilla, m\u00e1quina dobladora de arco de varilla, m\u00e1quina enderezadora de varilla, m\u00e1quina dobladora de estribo de varilla de cinco cabezas, apisonador, compactador de placa, cortadora de concreto, allanadora mec\u00e1nica, y otra maquinaria de construcci\u00f3n. Estamos equipados con m\u00e1quinas CNC avanzadas, y aplicamos estrictas normas de inspecci\u00f3n de calidad, junto con un completo servicio post-venta. Si usted est\u00e1 interesado en nuestros productos o servicios, damos la bienvenida a sus consultas a trav\u00e9s de mensaje.","publisher":{"@id":"https:\/\/www.hsymachinery.com\/#organization"},"potentialAction":[{"@type":"SearchAction","target":{"@type":"EntryPoint","urlTemplate":"https:\/\/www.hsymachinery.com\/?s={search_term_string}"},"query-input":{"@type":"PropertyValueSpecification","valueRequired":true,"valueName":"search_term_string"}}],"inLanguage":"es"},{"@type":"Organization","@id":"https:\/\/www.hsymachinery.com\/#organization","name":"Maquinaria de construcci\u00f3n HSY","url":"https:\/\/www.hsymachinery.com\/","logo":{"@type":"ImageObject","inLanguage":"es","@id":"https:\/\/www.hsymachinery.com\/#\/schema\/logo\/image\/","url":"https:\/\/www.hsymachinery.com\/wp-content\/uploads\/2025\/06\/cropped-HSY-machinery.png","contentUrl":"https:\/\/www.hsymachinery.com\/wp-content\/uploads\/2025\/06\/cropped-HSY-machinery.png","width":600,"height":240,"caption":"HSY Construction Machinery"},"image":{"@id":"https:\/\/www.hsymachinery.com\/#\/schema\/logo\/image\/"}}]}},"_links":{"self":[{"href":"https:\/\/www.hsymachinery.com\/es\/wp-json\/wp\/v2\/product\/9020","targetHints":{"allow":["GET"]}}],"collection":[{"href":"https:\/\/www.hsymachinery.com\/es\/wp-json\/wp\/v2\/product"}],"about":[{"href":"https:\/\/www.hsymachinery.com\/es\/wp-json\/wp\/v2\/types\/product"}],"version-history":[{"count":3,"href":"https:\/\/www.hsymachinery.com\/es\/wp-json\/wp\/v2\/product\/9020\/revisions"}],"predecessor-version":[{"id":9445,"href":"https:\/\/www.hsymachinery.com\/es\/wp-json\/wp\/v2\/product\/9020\/revisions\/9445"}],"wp:featuredmedia":[{"embeddable":true,"href":"https:\/\/www.hsymachinery.com\/es\/wp-json\/wp\/v2\/media\/9021"}],"wp:attachment":[{"href":"https:\/\/www.hsymachinery.com\/es\/wp-json\/wp\/v2\/media?parent=9020"}],"wp:term":[{"taxonomy":"product_brand","embeddable":true,"href":"https:\/\/www.hsymachinery.com\/es\/wp-json\/wp\/v2\/product_brand?post=9020"},{"taxonomy":"product_cat","embeddable":true,"href":"https:\/\/www.hsymachinery.com\/es\/wp-json\/wp\/v2\/product_cat?post=9020"},{"taxonomy":"product_tag","embeddable":true,"href":"https:\/\/www.hsymachinery.com\/es\/wp-json\/wp\/v2\/product_tag?post=9020"}],"curies":[{"name":"wp","href":"https:\/\/api.w.org\/{rel}","templated":true}]}}