{"id":9017,"date":"2025-06-18T14:20:41","date_gmt":"2025-06-18T06:20:41","guid":{"rendered":"https:\/\/www.hsymachinery.com\/?post_type=product&#038;p=9017"},"modified":"2025-06-28T00:27:56","modified_gmt":"2025-06-27T16:27:56","slug":"enderezadora-de-armaduras-gtu4-12b","status":"publish","type":"product","link":"https:\/\/www.hsymachinery.com\/es\/product\/enderezadora-de-armaduras-gtu4-12b\/","title":{"rendered":"M\u00e1quina enderezadora de armaduras GTU4-12B"},"content":{"rendered":"<h2 data-start=\"112\" data-end=\"156\">M\u00e1quina enderezadora de armaduras GTU4-12B<\/h2>\n<h3 data-start=\"157\" data-end=\"288\">M\u00e1quina enderezadora de barras de acero GTU4-12B para barras de refuerzo de 4-12 mm | Enderezadora de barras de refuerzo duradera para operaciones industriales y de campo<\/h3>\n<h3 data-start=\"295\" data-end=\"379\">Resumen del producto - Enderezadora de barras de refuerzo en rollo para trabajos pesados con un rendimiento constante<\/h3>\n<p data-start=\"381\" data-end=\"666\">En <strong data-start=\"385\" data-end=\"425\"><a href=\"https:\/\/www.hsymachinery.com\/es\/productos\/enderezadora-de-barras-de-refuerzo\/\" target=\"_blank\" rel=\"noopener\">Enderezadora de armaduras<\/a> GTU4-12B<\/strong> proporciona un enderezado de alto rendimiento para barras de acero en rollo de 4 mm a 12 mm. Dise\u00f1ada para un uso medio o intensivo, se utiliza habitualmente en la construcci\u00f3n de infraestructuras, plantas de procesamiento de acero y plantas de barras de refuerzo para la exportaci\u00f3n.<\/p>\n<p data-start=\"668\" data-end=\"804\">Con un sistema de tracci\u00f3n fiable y un cuerpo de acero duradero, esta m\u00e1quina garantiza una salida limpia y recta incluso en entornos de trabajo exigentes.<\/p>\n<h3 data-start=\"811\" data-end=\"863\">Motor de alto par y sistema de rodillos de precisi\u00f3n<\/h3>\n<p data-start=\"865\" data-end=\"1202\">Puede personalizar f\u00e1cilmente la disposici\u00f3n de los rodillos y la tensi\u00f3n para adaptarse a distintos tama\u00f1os de barras de acero. El robusto motor genera suficiente potencia de tracci\u00f3n para enderezar barras de bobina densas y retorcidas con suavidad y rapidez. Cada barra sale de la m\u00e1quina con un alto grado de rectitud y uniformidad, lista para soldar, cortar o utilizar in situ.<\/p>\n<p data-start=\"1204\" data-end=\"1356\">La GTU4-12B tambi\u00e9n cuenta con un sistema inteligente de control de la velocidad, que permite realizar ajustes precisos en funci\u00f3n de las propiedades del material y del volumen de producci\u00f3n.<\/p>\n<h3 data-start=\"1363\" data-end=\"1415\">Estructura preparada para la exportaci\u00f3n con un tama\u00f1o compacto<\/h3>\n<p data-start=\"1417\" data-end=\"1666\">A pesar de su robusto bastidor, la GTU4-12B tiene un dise\u00f1o que ocupa poco espacio, lo que permite una colocaci\u00f3n flexible en talleres peque\u00f1os o en obras. Funciona a 220 V o 380 V (50 Hz\/60 Hz), lo que ofrece compatibilidad total para clientes internacionales.<\/p>\n<p data-start=\"1668\" data-end=\"1791\">Su construcci\u00f3n duradera, combinada con la adaptabilidad a la tensi\u00f3n global, la hace ideal para contratistas que trabajan en distintas regiones.<\/p>\n<h3 data-start=\"1798\" data-end=\"1856\">Caracter\u00edsticas principales de la enderezadora de barras GTU4-12B<\/h3>\n<ul data-start=\"1858\" data-end=\"2118\">\n<li data-start=\"1858\" data-end=\"1916\">\n<p data-start=\"1860\" data-end=\"1916\">Endereza barras de refuerzo en rollo de 4-12 mm de forma eficaz y fiable<\/p>\n<\/li>\n<li data-start=\"1917\" data-end=\"1990\">\n<p data-start=\"1919\" data-end=\"1990\">Adecuado para acer\u00edas, mercados de exportaci\u00f3n y aplicaciones industriales<\/p>\n<\/li>\n<li data-start=\"1991\" data-end=\"2053\">\n<p data-start=\"1993\" data-end=\"2053\">Tracci\u00f3n estable y rodillos ajustables para una salida recta<\/p>\n<\/li>\n<li data-start=\"2054\" data-end=\"2118\">\n<p data-start=\"2056\" data-end=\"2118\">Dise\u00f1o compacto y apto para la exportaci\u00f3n con soporte de doble voltaje<\/p>\n<\/li>\n<\/ul>\n<p><iframe title=\"#construction #constructionworker #rebarmachine #rebarcutter #rebarcuttingmachine #rebarmachine\" width=\"720\" height=\"405\" src=\"https:\/\/www.youtube.com\/embed\/iSdgJyeed00?feature=oembed\" frameborder=\"0\" allow=\"accelerometer; autoplay; clipboard-write; encrypted-media; gyroscope; picture-in-picture; web-share\" referrerpolicy=\"strict-origin-when-cross-origin\" allowfullscreen><\/iframe><\/p>","protected":false},"excerpt":{"rendered":"<p>La GTU4-12B endereza barras de refuerzo de acero de 4-12 mm a partir de bobina. Dise\u00f1ado para su uso en campo y en f\u00e1brica, ofrece una gran fuerza de tracci\u00f3n y un enderezado preciso con compatibilidad de voltaje global.<\/p>","protected":false},"featured_media":9018,"template":"","meta":{"_kad_post_transparent":"default","_kad_post_title":"","_kad_post_layout":"default","_kad_post_sidebar_id":"","_kad_post_content_style":"default","_kad_post_vertical_padding":"default","_kad_post_feature":"","_kad_post_feature_position":"","_kad_post_header":false,"_kad_post_footer":false},"product_brand":[],"product_cat":[62],"product_tag":[1026,1028,1030,1031,1034,1027,1032,1025,1029,1033],"class_list":{"0":"post-9017","1":"product","2":"type-product","3":"status-publish","4":"has-post-thumbnail","6":"product_cat-rebar-straightening-machine","7":"product_tag-automatic-rebar-straightener","8":"product_tag-cnc-rebar-straightening-equipment","9":"product_tag-coiled-rebar-straightening-machine","10":"product_tag-construction-bar-straightening-machine","11":"product_tag-high-speed-rebar-straightening-tool","12":"product_tag-hydraulic-rebar-straightening-machine","13":"product_tag-rebar-leveling-and-cutting-machine","14":"product_tag-steel-bar-straightening-machine","15":"product_tag-steel-wire-straightener-and-cutter","16":"product_tag-straightening-machine-for-steel-rods","18":"first","19":"instock","20":"shipping-taxable","21":"product-type-simple","22":"entry","23":"content-bg","24":"loop-entry"},"yoast_head":"<!-- This site is optimized with the Yoast SEO plugin v25.3.1 - https:\/\/yoast.com\/wordpress\/plugins\/seo\/ -->\n<title>Rebar Straightening Machine GTU4-12B - HSY Construction Machinery<\/title>\n<meta name=\"description\" content=\"Rebar Straightening Machine GTU4-12B processes 4\u201312mm coil bars. Ideal for industrial and export use with high power, precision rollers, and compact size.\" \/>\n<meta name=\"robots\" content=\"index, follow, max-snippet:-1, max-image-preview:large, max-video-preview:-1\" \/>\n<link rel=\"canonical\" href=\"https:\/\/www.hsymachinery.com\/es\/product\/enderezadora-de-armaduras-gtu4-12b\/\" \/>\n<meta property=\"og:locale\" content=\"es_ES\" \/>\n<meta property=\"og:type\" content=\"article\" \/>\n<meta property=\"og:title\" content=\"Rebar Straightening Machine GTU4-12B - HSY Construction Machinery\" \/>\n<meta property=\"og:description\" content=\"Rebar Straightening Machine GTU4-12B processes 4\u201312mm coil bars. Ideal for industrial and export use with high power, precision rollers, and compact size.\" \/>\n<meta property=\"og:url\" content=\"https:\/\/www.hsymachinery.com\/es\/product\/enderezadora-de-armaduras-gtu4-12b\/\" \/>\n<meta property=\"og:site_name\" content=\"HSY Construction Machinery\" \/>\n<meta property=\"article:modified_time\" content=\"2025-06-27T16:27:56+00:00\" \/>\n<meta property=\"og:image\" content=\"https:\/\/www.hsymachinery.com\/wp-content\/uploads\/2025\/06\/Rebar-Straightening-Machine-GTU4-12B.jpg\" \/>\n\t<meta property=\"og:image:width\" content=\"600\" \/>\n\t<meta property=\"og:image:height\" content=\"600\" \/>\n\t<meta property=\"og:image:type\" content=\"image\/jpeg\" \/>\n<meta name=\"twitter:card\" content=\"summary_large_image\" \/>\n<meta name=\"twitter:label1\" content=\"Tiempo de lectura\" \/>\n\t<meta name=\"twitter:data1\" content=\"2 minutos\" \/>\n<script type=\"application\/ld+json\" class=\"yoast-schema-graph\">{\"@context\":\"https:\/\/schema.org\",\"@graph\":[{\"@type\":\"WebPage\",\"@id\":\"https:\/\/www.hsymachinery.com\/product\/rebar-straightening-machine-gtu4-12b\/\",\"url\":\"https:\/\/www.hsymachinery.com\/product\/rebar-straightening-machine-gtu4-12b\/\",\"name\":\"Rebar Straightening Machine GTU4-12B - HSY Construction Machinery\",\"isPartOf\":{\"@id\":\"https:\/\/www.hsymachinery.com\/#website\"},\"primaryImageOfPage\":{\"@id\":\"https:\/\/www.hsymachinery.com\/product\/rebar-straightening-machine-gtu4-12b\/#primaryimage\"},\"image\":{\"@id\":\"https:\/\/www.hsymachinery.com\/product\/rebar-straightening-machine-gtu4-12b\/#primaryimage\"},\"thumbnailUrl\":\"https:\/\/www.hsymachinery.com\/wp-content\/uploads\/2025\/06\/Rebar-Straightening-Machine-GTU4-12B.jpg\",\"datePublished\":\"2025-06-18T06:20:41+00:00\",\"dateModified\":\"2025-06-27T16:27:56+00:00\",\"description\":\"Rebar Straightening Machine GTU4-12B processes 4\u201312mm coil bars. Ideal for industrial and export use with high power, precision rollers, and compact size.\",\"breadcrumb\":{\"@id\":\"https:\/\/www.hsymachinery.com\/product\/rebar-straightening-machine-gtu4-12b\/#breadcrumb\"},\"inLanguage\":\"es\",\"potentialAction\":[{\"@type\":\"ReadAction\",\"target\":[\"https:\/\/www.hsymachinery.com\/product\/rebar-straightening-machine-gtu4-12b\/\"]}]},{\"@type\":\"ImageObject\",\"inLanguage\":\"es\",\"@id\":\"https:\/\/www.hsymachinery.com\/product\/rebar-straightening-machine-gtu4-12b\/#primaryimage\",\"url\":\"https:\/\/www.hsymachinery.com\/wp-content\/uploads\/2025\/06\/Rebar-Straightening-Machine-GTU4-12B.jpg\",\"contentUrl\":\"https:\/\/www.hsymachinery.com\/wp-content\/uploads\/2025\/06\/Rebar-Straightening-Machine-GTU4-12B.jpg\",\"width\":600,\"height\":600},{\"@type\":\"BreadcrumbList\",\"@id\":\"https:\/\/www.hsymachinery.com\/product\/rebar-straightening-machine-gtu4-12b\/#breadcrumb\",\"itemListElement\":[{\"@type\":\"ListItem\",\"position\":1,\"name\":\"home\",\"item\":\"https:\/\/www.hsymachinery.com\/\"},{\"@type\":\"ListItem\",\"position\":2,\"name\":\"products\",\"item\":\"https:\/\/www.hsymachinery.com\/products\/\"},{\"@type\":\"ListItem\",\"position\":3,\"name\":\"Rebar Straightening Machine GTU4-12B\"}]},{\"@type\":\"WebSite\",\"@id\":\"https:\/\/www.hsymachinery.com\/#website\",\"url\":\"https:\/\/www.hsymachinery.com\/\",\"name\":\"HSY Construction Machinery\",\"description\":\"HSY Machinery \u2013 A leading China construction machinery supplier, offering a wide range of light construction equipment. Our main products include Rebar Cutting Machine, Rebar Bending Machine, Rebar Stirrup Bending Machine, Rebar Arc Bending Machine, Rebar Straightening Machine, Five-Head Rebar Stirrup Bending Machine, Tamping Rammer, Plate Compactor, Concrete Cutter, Power Trowel, and other construction machinery. We are equipped with advanced CNC machines, and we enforce strict quality inspection standards along with comprehensive after-sales service. If you are interested in our products or services, we warmly welcome your inquiries via message.\",\"publisher\":{\"@id\":\"https:\/\/www.hsymachinery.com\/#organization\"},\"potentialAction\":[{\"@type\":\"SearchAction\",\"target\":{\"@type\":\"EntryPoint\",\"urlTemplate\":\"https:\/\/www.hsymachinery.com\/?s={search_term_string}\"},\"query-input\":{\"@type\":\"PropertyValueSpecification\",\"valueRequired\":true,\"valueName\":\"search_term_string\"}}],\"inLanguage\":\"es\"},{\"@type\":\"Organization\",\"@id\":\"https:\/\/www.hsymachinery.com\/#organization\",\"name\":\"HSY Construction Machinery\",\"url\":\"https:\/\/www.hsymachinery.com\/\",\"logo\":{\"@type\":\"ImageObject\",\"inLanguage\":\"es\",\"@id\":\"https:\/\/www.hsymachinery.com\/#\/schema\/logo\/image\/\",\"url\":\"https:\/\/www.hsymachinery.com\/wp-content\/uploads\/2025\/06\/cropped-HSY-machinery.png\",\"contentUrl\":\"https:\/\/www.hsymachinery.com\/wp-content\/uploads\/2025\/06\/cropped-HSY-machinery.png\",\"width\":600,\"height\":240,\"caption\":\"HSY Construction Machinery\"},\"image\":{\"@id\":\"https:\/\/www.hsymachinery.com\/#\/schema\/logo\/image\/\"}}]}<\/script>\n<!-- \/ Yoast SEO plugin. -->","yoast_head_json":{"title":"M\u00e1quina enderezadora de barras de refuerzo GTU4-12B - HSY Maquinaria de construcci\u00f3n","description":"La enderezadora de barras de refuerzo GTU4-12B procesa barras en rollo de 4-12 mm. Ideal para uso industrial y de exportaci\u00f3n con alta potencia, rodillos de precisi\u00f3n y tama\u00f1o compacto.","robots":{"index":"index","follow":"follow","max-snippet":"max-snippet:-1","max-image-preview":"max-image-preview:large","max-video-preview":"max-video-preview:-1"},"canonical":"https:\/\/www.hsymachinery.com\/es\/product\/enderezadora-de-armaduras-gtu4-12b\/","og_locale":"es_ES","og_type":"article","og_title":"Rebar Straightening Machine GTU4-12B - HSY Construction Machinery","og_description":"Rebar Straightening Machine GTU4-12B processes 4\u201312mm coil bars. Ideal for industrial and export use with high power, precision rollers, and compact size.","og_url":"https:\/\/www.hsymachinery.com\/es\/product\/enderezadora-de-armaduras-gtu4-12b\/","og_site_name":"HSY Construction Machinery","article_modified_time":"2025-06-27T16:27:56+00:00","og_image":[{"width":600,"height":600,"url":"https:\/\/www.hsymachinery.com\/wp-content\/uploads\/2025\/06\/Rebar-Straightening-Machine-GTU4-12B.jpg","type":"image\/jpeg"}],"twitter_card":"summary_large_image","twitter_misc":{"Tiempo de lectura":"2 minutos"},"schema":{"@context":"https:\/\/schema.org","@graph":[{"@type":"WebPage","@id":"https:\/\/www.hsymachinery.com\/product\/rebar-straightening-machine-gtu4-12b\/","url":"https:\/\/www.hsymachinery.com\/product\/rebar-straightening-machine-gtu4-12b\/","name":"M\u00e1quina enderezadora de barras de refuerzo GTU4-12B - HSY Maquinaria de construcci\u00f3n","isPartOf":{"@id":"https:\/\/www.hsymachinery.com\/#website"},"primaryImageOfPage":{"@id":"https:\/\/www.hsymachinery.com\/product\/rebar-straightening-machine-gtu4-12b\/#primaryimage"},"image":{"@id":"https:\/\/www.hsymachinery.com\/product\/rebar-straightening-machine-gtu4-12b\/#primaryimage"},"thumbnailUrl":"https:\/\/www.hsymachinery.com\/wp-content\/uploads\/2025\/06\/Rebar-Straightening-Machine-GTU4-12B.jpg","datePublished":"2025-06-18T06:20:41+00:00","dateModified":"2025-06-27T16:27:56+00:00","description":"La enderezadora de barras de refuerzo GTU4-12B procesa barras en rollo de 4-12 mm. Ideal para uso industrial y de exportaci\u00f3n con alta potencia, rodillos de precisi\u00f3n y tama\u00f1o compacto.","breadcrumb":{"@id":"https:\/\/www.hsymachinery.com\/product\/rebar-straightening-machine-gtu4-12b\/#breadcrumb"},"inLanguage":"es","potentialAction":[{"@type":"ReadAction","target":["https:\/\/www.hsymachinery.com\/product\/rebar-straightening-machine-gtu4-12b\/"]}]},{"@type":"ImageObject","inLanguage":"es","@id":"https:\/\/www.hsymachinery.com\/product\/rebar-straightening-machine-gtu4-12b\/#primaryimage","url":"https:\/\/www.hsymachinery.com\/wp-content\/uploads\/2025\/06\/Rebar-Straightening-Machine-GTU4-12B.jpg","contentUrl":"https:\/\/www.hsymachinery.com\/wp-content\/uploads\/2025\/06\/Rebar-Straightening-Machine-GTU4-12B.jpg","width":600,"height":600},{"@type":"BreadcrumbList","@id":"https:\/\/www.hsymachinery.com\/product\/rebar-straightening-machine-gtu4-12b\/#breadcrumb","itemListElement":[{"@type":"ListItem","position":1,"name":"home","item":"https:\/\/www.hsymachinery.com\/"},{"@type":"ListItem","position":2,"name":"products","item":"https:\/\/www.hsymachinery.com\/products\/"},{"@type":"ListItem","position":3,"name":"Rebar Straightening Machine GTU4-12B"}]},{"@type":"WebSite","@id":"https:\/\/www.hsymachinery.com\/#website","url":"https:\/\/www.hsymachinery.com\/","name":"Maquinaria de construcci\u00f3n HSY","description":"HSY Machinery - Un proveedor l\u00edder de maquinaria de construcci\u00f3n en China, que ofrece una amplia gama de equipos de construcci\u00f3n ligera. Nuestros productos principales incluyen m\u00e1quina cortadora de varilla, m\u00e1quina dobladora de varilla, m\u00e1quina dobladora de estribo de varilla, m\u00e1quina dobladora de arco de varilla, m\u00e1quina enderezadora de varilla, m\u00e1quina dobladora de estribo de varilla de cinco cabezas, apisonador, compactador de placa, cortadora de concreto, allanadora mec\u00e1nica, y otra maquinaria de construcci\u00f3n. Estamos equipados con m\u00e1quinas CNC avanzadas, y aplicamos estrictas normas de inspecci\u00f3n de calidad, junto con un completo servicio post-venta. Si usted est\u00e1 interesado en nuestros productos o servicios, damos la bienvenida a sus consultas a trav\u00e9s de mensaje.","publisher":{"@id":"https:\/\/www.hsymachinery.com\/#organization"},"potentialAction":[{"@type":"SearchAction","target":{"@type":"EntryPoint","urlTemplate":"https:\/\/www.hsymachinery.com\/?s={search_term_string}"},"query-input":{"@type":"PropertyValueSpecification","valueRequired":true,"valueName":"search_term_string"}}],"inLanguage":"es"},{"@type":"Organization","@id":"https:\/\/www.hsymachinery.com\/#organization","name":"Maquinaria de construcci\u00f3n HSY","url":"https:\/\/www.hsymachinery.com\/","logo":{"@type":"ImageObject","inLanguage":"es","@id":"https:\/\/www.hsymachinery.com\/#\/schema\/logo\/image\/","url":"https:\/\/www.hsymachinery.com\/wp-content\/uploads\/2025\/06\/cropped-HSY-machinery.png","contentUrl":"https:\/\/www.hsymachinery.com\/wp-content\/uploads\/2025\/06\/cropped-HSY-machinery.png","width":600,"height":240,"caption":"HSY Construction Machinery"},"image":{"@id":"https:\/\/www.hsymachinery.com\/#\/schema\/logo\/image\/"}}]}},"_links":{"self":[{"href":"https:\/\/www.hsymachinery.com\/es\/wp-json\/wp\/v2\/product\/9017","targetHints":{"allow":["GET"]}}],"collection":[{"href":"https:\/\/www.hsymachinery.com\/es\/wp-json\/wp\/v2\/product"}],"about":[{"href":"https:\/\/www.hsymachinery.com\/es\/wp-json\/wp\/v2\/types\/product"}],"version-history":[{"count":3,"href":"https:\/\/www.hsymachinery.com\/es\/wp-json\/wp\/v2\/product\/9017\/revisions"}],"predecessor-version":[{"id":9439,"href":"https:\/\/www.hsymachinery.com\/es\/wp-json\/wp\/v2\/product\/9017\/revisions\/9439"}],"wp:featuredmedia":[{"embeddable":true,"href":"https:\/\/www.hsymachinery.com\/es\/wp-json\/wp\/v2\/media\/9018"}],"wp:attachment":[{"href":"https:\/\/www.hsymachinery.com\/es\/wp-json\/wp\/v2\/media?parent=9017"}],"wp:term":[{"taxonomy":"product_brand","embeddable":true,"href":"https:\/\/www.hsymachinery.com\/es\/wp-json\/wp\/v2\/product_brand?post=9017"},{"taxonomy":"product_cat","embeddable":true,"href":"https:\/\/www.hsymachinery.com\/es\/wp-json\/wp\/v2\/product_cat?post=9017"},{"taxonomy":"product_tag","embeddable":true,"href":"https:\/\/www.hsymachinery.com\/es\/wp-json\/wp\/v2\/product_tag?post=9017"}],"curies":[{"name":"wp","href":"https:\/\/api.w.org\/{rel}","templated":true}]}}