{"id":9013,"date":"2025-06-18T14:18:53","date_gmt":"2025-06-18T06:18:53","guid":{"rendered":"https:\/\/www.hsymachinery.com\/?post_type=product&#038;p=9013"},"modified":"2025-06-28T00:29:56","modified_gmt":"2025-06-27T16:29:56","slug":"enderezadora-de-armaduras-gtu4-12a","status":"publish","type":"product","link":"https:\/\/www.hsymachinery.com\/es\/product\/enderezadora-de-armaduras-gtu4-12a\/","title":{"rendered":"M\u00e1quina enderezadora de armaduras GTU4-12A"},"content":{"rendered":"<h2 data-start=\"108\" data-end=\"152\">M\u00e1quina enderezadora de armaduras GTU4-12A<\/h2>\n<h3 data-start=\"153\" data-end=\"275\">GTU4-12A M\u00e1quina enderezadora autom\u00e1tica de barras de refuerzo de 4-12 mm | Enderezadora compacta de barras de refuerzo en rollo para exportaci\u00f3n y uso in situ<\/h3>\n<h3 data-start=\"282\" data-end=\"362\">Resumen del producto - Enderezado eficaz de barras de acero de di\u00e1metro medio<\/h3>\n<p data-start=\"364\" data-end=\"658\">En <strong data-start=\"368\" data-end=\"408\"><a href=\"https:\/\/www.hsymachinery.com\/es\/productos\/enderezadora-de-barras-de-refuerzo\/\" target=\"_blank\" rel=\"noopener\">Enderezadora de armaduras<\/a> GTU4-12A<\/strong> est\u00e1 dise\u00f1ado para gestionar <strong data-start=\"428\" data-end=\"456\">Barra de refuerzo en espiral de 4 mm a 12 mm<\/strong>ofrece una soluci\u00f3n equilibrada tanto en velocidad como en precisi\u00f3n. Es ideal para empresas de construcci\u00f3n, fabricantes de acero y exportadores que buscan una unidad de enderezado compacta y rentable.<\/p>\n<p data-start=\"660\" data-end=\"801\">Esta m\u00e1quina endereza barras de refuerzo deformadas o enrolladas en longitudes precisas y listas para usar, lo que aumenta la productividad y reduce el desperdicio de material.<\/p>\n<h3 data-start=\"808\" data-end=\"861\">\u00a0Rodillos ajustables y control de avance uniforme<\/h3>\n<p data-start=\"863\" data-end=\"1117\">Puede configurar r\u00e1pidamente la GTU4-12A ajustando el espaciado de los rodillos y los ajustes de alineaci\u00f3n para adaptarlos al tama\u00f1o de su barra. Su motor de alto par ofrece una potencia de tracci\u00f3n suave para garantizar que cada barra se enderece de manera uniforme, con un m\u00ednimo de vibraciones o desviaciones.<\/p>\n<p data-start=\"1119\" data-end=\"1284\">El control del dial de velocidad le permite regular la velocidad de avance seg\u00fan los diferentes tipos de barras de acero, manteniendo su trabajo r\u00e1pido y preciso sin da\u00f1ar el material.<\/p>\n<h3 data-start=\"1291\" data-end=\"1354\">Dise\u00f1o eficiente en espacio con compatibilidad de voltaje global<\/h3>\n<p data-start=\"1356\" data-end=\"1611\">La GTU4-12A presenta un bastidor compacto que facilita su transporte y colocaci\u00f3n en talleres o emplazamientos temporales. Admite entradas de 220 V o 380 V (50 Hz\/60 Hz), lo que permite a contratistas y distribuidores desplegar la m\u00e1quina en todo el mundo sin modificaciones.<\/p>\n<p data-start=\"1613\" data-end=\"1732\">Su movilidad, combinada con una fiabilidad de nivel industrial, la convierten en una excelente opci\u00f3n tanto para el mercado nacional como para la exportaci\u00f3n.<\/p>\n<h3 data-start=\"1739\" data-end=\"1797\">Caracter\u00edsticas principales de la enderezadora de barras GTU4-12A<\/h3>\n<ul data-start=\"1799\" data-end=\"2046\">\n<li data-start=\"1799\" data-end=\"1862\">\n<p data-start=\"1801\" data-end=\"1862\">Endereza barras de acero de 4-12 mm a partir de bobinas con gran precisi\u00f3n<\/p>\n<\/li>\n<li data-start=\"1863\" data-end=\"1935\">\n<p data-start=\"1865\" data-end=\"1935\">Adecuado para talleres, obras y proveedores internacionales de barras de refuerzo<\/p>\n<\/li>\n<li data-start=\"1936\" data-end=\"1987\">\n<p data-start=\"1938\" data-end=\"1987\">Sistema de rodillos y ajustes de velocidad f\u00e1ciles de ajustar<\/p>\n<\/li>\n<li data-start=\"1988\" data-end=\"2046\">\n<p data-start=\"1990\" data-end=\"2046\">Bastidor compacto y doble voltaje para un despliegue flexible<\/p>\n<\/li>\n<\/ul>\n<p><iframe title=\"#construction #constructionworker #rebarmachine #rebarcutter #rebarcuttingmachine #rebarmachine\" width=\"720\" height=\"405\" src=\"https:\/\/www.youtube.com\/embed\/iSdgJyeed00?feature=oembed\" frameborder=\"0\" allow=\"accelerometer; autoplay; clipboard-write; encrypted-media; gyroscope; picture-in-picture; web-share\" referrerpolicy=\"strict-origin-when-cross-origin\" allowfullscreen><\/iframe><\/p>","protected":false},"excerpt":{"rendered":"<p>La GTU4-12A endereza barras de refuerzo en espiral de 4-12 mm y las convierte en barras rectas. Ideal para exportaci\u00f3n y uso en campo, con velocidad ajustable y estructura compacta para operaciones m\u00f3viles.<\/p>","protected":false},"featured_media":9015,"template":"","meta":{"_kad_post_transparent":"default","_kad_post_title":"","_kad_post_layout":"default","_kad_post_sidebar_id":"","_kad_post_content_style":"default","_kad_post_vertical_padding":"default","_kad_post_feature":"","_kad_post_feature_position":"","_kad_post_header":false,"_kad_post_footer":false},"product_brand":[],"product_cat":[62],"product_tag":[1026,1028,1030,1031,1034,1027,1032,1025,1029,1033],"class_list":{"0":"post-9013","1":"product","2":"type-product","3":"status-publish","4":"has-post-thumbnail","6":"product_cat-rebar-straightening-machine","7":"product_tag-automatic-rebar-straightener","8":"product_tag-cnc-rebar-straightening-equipment","9":"product_tag-coiled-rebar-straightening-machine","10":"product_tag-construction-bar-straightening-machine","11":"product_tag-high-speed-rebar-straightening-tool","12":"product_tag-hydraulic-rebar-straightening-machine","13":"product_tag-rebar-leveling-and-cutting-machine","14":"product_tag-steel-bar-straightening-machine","15":"product_tag-steel-wire-straightener-and-cutter","16":"product_tag-straightening-machine-for-steel-rods","18":"first","19":"instock","20":"shipping-taxable","21":"product-type-simple","22":"entry","23":"content-bg","24":"loop-entry"},"yoast_head":"<!-- This site is optimized with the Yoast SEO plugin v25.3.1 - https:\/\/yoast.com\/wordpress\/plugins\/seo\/ -->\n<title>Rebar Straightening Machine GTU4-12A - HSY Construction Machinery<\/title>\n<meta name=\"description\" content=\"Rebar Straightening Machine GTU4-12A processes 4\u201312mm coil steel bars. Compact, efficient, and voltage-adaptable for export or construction use.\" \/>\n<meta name=\"robots\" content=\"index, follow, max-snippet:-1, max-image-preview:large, max-video-preview:-1\" \/>\n<link rel=\"canonical\" href=\"https:\/\/www.hsymachinery.com\/es\/product\/enderezadora-de-armaduras-gtu4-12a\/\" \/>\n<meta property=\"og:locale\" content=\"es_ES\" \/>\n<meta property=\"og:type\" content=\"article\" \/>\n<meta property=\"og:title\" content=\"Rebar Straightening Machine GTU4-12A - HSY Construction Machinery\" \/>\n<meta property=\"og:description\" content=\"Rebar Straightening Machine GTU4-12A processes 4\u201312mm coil steel bars. Compact, efficient, and voltage-adaptable for export or construction use.\" \/>\n<meta property=\"og:url\" content=\"https:\/\/www.hsymachinery.com\/es\/product\/enderezadora-de-armaduras-gtu4-12a\/\" \/>\n<meta property=\"og:site_name\" content=\"HSY Construction Machinery\" \/>\n<meta property=\"article:modified_time\" content=\"2025-06-27T16:29:56+00:00\" \/>\n<meta property=\"og:image\" content=\"https:\/\/www.hsymachinery.com\/wp-content\/uploads\/2025\/06\/Rebar-Straightening-Machine-GTU4-12A.jpg\" \/>\n\t<meta property=\"og:image:width\" content=\"600\" \/>\n\t<meta property=\"og:image:height\" content=\"600\" \/>\n\t<meta property=\"og:image:type\" content=\"image\/jpeg\" \/>\n<meta name=\"twitter:card\" content=\"summary_large_image\" \/>\n<meta name=\"twitter:label1\" content=\"Tiempo de lectura\" \/>\n\t<meta name=\"twitter:data1\" content=\"2 minutos\" \/>\n<script type=\"application\/ld+json\" class=\"yoast-schema-graph\">{\"@context\":\"https:\/\/schema.org\",\"@graph\":[{\"@type\":\"WebPage\",\"@id\":\"https:\/\/www.hsymachinery.com\/product\/rebar-straightening-machine-gtu4-12a\/\",\"url\":\"https:\/\/www.hsymachinery.com\/product\/rebar-straightening-machine-gtu4-12a\/\",\"name\":\"Rebar Straightening Machine GTU4-12A - HSY Construction Machinery\",\"isPartOf\":{\"@id\":\"https:\/\/www.hsymachinery.com\/#website\"},\"primaryImageOfPage\":{\"@id\":\"https:\/\/www.hsymachinery.com\/product\/rebar-straightening-machine-gtu4-12a\/#primaryimage\"},\"image\":{\"@id\":\"https:\/\/www.hsymachinery.com\/product\/rebar-straightening-machine-gtu4-12a\/#primaryimage\"},\"thumbnailUrl\":\"https:\/\/www.hsymachinery.com\/wp-content\/uploads\/2025\/06\/Rebar-Straightening-Machine-GTU4-12A.jpg\",\"datePublished\":\"2025-06-18T06:18:53+00:00\",\"dateModified\":\"2025-06-27T16:29:56+00:00\",\"description\":\"Rebar Straightening Machine GTU4-12A processes 4\u201312mm coil steel bars. Compact, efficient, and voltage-adaptable for export or construction use.\",\"breadcrumb\":{\"@id\":\"https:\/\/www.hsymachinery.com\/product\/rebar-straightening-machine-gtu4-12a\/#breadcrumb\"},\"inLanguage\":\"es\",\"potentialAction\":[{\"@type\":\"ReadAction\",\"target\":[\"https:\/\/www.hsymachinery.com\/product\/rebar-straightening-machine-gtu4-12a\/\"]}]},{\"@type\":\"ImageObject\",\"inLanguage\":\"es\",\"@id\":\"https:\/\/www.hsymachinery.com\/product\/rebar-straightening-machine-gtu4-12a\/#primaryimage\",\"url\":\"https:\/\/www.hsymachinery.com\/wp-content\/uploads\/2025\/06\/Rebar-Straightening-Machine-GTU4-12A.jpg\",\"contentUrl\":\"https:\/\/www.hsymachinery.com\/wp-content\/uploads\/2025\/06\/Rebar-Straightening-Machine-GTU4-12A.jpg\",\"width\":600,\"height\":600},{\"@type\":\"BreadcrumbList\",\"@id\":\"https:\/\/www.hsymachinery.com\/product\/rebar-straightening-machine-gtu4-12a\/#breadcrumb\",\"itemListElement\":[{\"@type\":\"ListItem\",\"position\":1,\"name\":\"home\",\"item\":\"https:\/\/www.hsymachinery.com\/\"},{\"@type\":\"ListItem\",\"position\":2,\"name\":\"products\",\"item\":\"https:\/\/www.hsymachinery.com\/products\/\"},{\"@type\":\"ListItem\",\"position\":3,\"name\":\"Rebar Straightening Machine GTU4-12A\"}]},{\"@type\":\"WebSite\",\"@id\":\"https:\/\/www.hsymachinery.com\/#website\",\"url\":\"https:\/\/www.hsymachinery.com\/\",\"name\":\"HSY Construction Machinery\",\"description\":\"HSY Machinery \u2013 A leading China construction machinery supplier, offering a wide range of light construction equipment. Our main products include Rebar Cutting Machine, Rebar Bending Machine, Rebar Stirrup Bending Machine, Rebar Arc Bending Machine, Rebar Straightening Machine, Five-Head Rebar Stirrup Bending Machine, Tamping Rammer, Plate Compactor, Concrete Cutter, Power Trowel, and other construction machinery. We are equipped with advanced CNC machines, and we enforce strict quality inspection standards along with comprehensive after-sales service. If you are interested in our products or services, we warmly welcome your inquiries via message.\",\"publisher\":{\"@id\":\"https:\/\/www.hsymachinery.com\/#organization\"},\"potentialAction\":[{\"@type\":\"SearchAction\",\"target\":{\"@type\":\"EntryPoint\",\"urlTemplate\":\"https:\/\/www.hsymachinery.com\/?s={search_term_string}\"},\"query-input\":{\"@type\":\"PropertyValueSpecification\",\"valueRequired\":true,\"valueName\":\"search_term_string\"}}],\"inLanguage\":\"es\"},{\"@type\":\"Organization\",\"@id\":\"https:\/\/www.hsymachinery.com\/#organization\",\"name\":\"HSY Construction Machinery\",\"url\":\"https:\/\/www.hsymachinery.com\/\",\"logo\":{\"@type\":\"ImageObject\",\"inLanguage\":\"es\",\"@id\":\"https:\/\/www.hsymachinery.com\/#\/schema\/logo\/image\/\",\"url\":\"https:\/\/www.hsymachinery.com\/wp-content\/uploads\/2025\/06\/cropped-HSY-machinery.png\",\"contentUrl\":\"https:\/\/www.hsymachinery.com\/wp-content\/uploads\/2025\/06\/cropped-HSY-machinery.png\",\"width\":600,\"height\":240,\"caption\":\"HSY Construction Machinery\"},\"image\":{\"@id\":\"https:\/\/www.hsymachinery.com\/#\/schema\/logo\/image\/\"}}]}<\/script>\n<!-- \/ Yoast SEO plugin. -->","yoast_head_json":{"title":"M\u00e1quina enderezadora de barras de refuerzo GTU4-12A - HSY Maquinaria de construcci\u00f3n","description":"La enderezadora de barras GTU4-12A procesa barras de acero en rollo de 4-12 mm. Compacta, eficiente y con voltaje adaptable para uso en exportaci\u00f3n o construcci\u00f3n.","robots":{"index":"index","follow":"follow","max-snippet":"max-snippet:-1","max-image-preview":"max-image-preview:large","max-video-preview":"max-video-preview:-1"},"canonical":"https:\/\/www.hsymachinery.com\/es\/product\/enderezadora-de-armaduras-gtu4-12a\/","og_locale":"es_ES","og_type":"article","og_title":"Rebar Straightening Machine GTU4-12A - HSY Construction Machinery","og_description":"Rebar Straightening Machine GTU4-12A processes 4\u201312mm coil steel bars. Compact, efficient, and voltage-adaptable for export or construction use.","og_url":"https:\/\/www.hsymachinery.com\/es\/product\/enderezadora-de-armaduras-gtu4-12a\/","og_site_name":"HSY Construction Machinery","article_modified_time":"2025-06-27T16:29:56+00:00","og_image":[{"width":600,"height":600,"url":"https:\/\/www.hsymachinery.com\/wp-content\/uploads\/2025\/06\/Rebar-Straightening-Machine-GTU4-12A.jpg","type":"image\/jpeg"}],"twitter_card":"summary_large_image","twitter_misc":{"Tiempo de lectura":"2 minutos"},"schema":{"@context":"https:\/\/schema.org","@graph":[{"@type":"WebPage","@id":"https:\/\/www.hsymachinery.com\/product\/rebar-straightening-machine-gtu4-12a\/","url":"https:\/\/www.hsymachinery.com\/product\/rebar-straightening-machine-gtu4-12a\/","name":"M\u00e1quina enderezadora de barras de refuerzo GTU4-12A - HSY Maquinaria de construcci\u00f3n","isPartOf":{"@id":"https:\/\/www.hsymachinery.com\/#website"},"primaryImageOfPage":{"@id":"https:\/\/www.hsymachinery.com\/product\/rebar-straightening-machine-gtu4-12a\/#primaryimage"},"image":{"@id":"https:\/\/www.hsymachinery.com\/product\/rebar-straightening-machine-gtu4-12a\/#primaryimage"},"thumbnailUrl":"https:\/\/www.hsymachinery.com\/wp-content\/uploads\/2025\/06\/Rebar-Straightening-Machine-GTU4-12A.jpg","datePublished":"2025-06-18T06:18:53+00:00","dateModified":"2025-06-27T16:29:56+00:00","description":"La enderezadora de barras GTU4-12A procesa barras de acero en rollo de 4-12 mm. Compacta, eficiente y con voltaje adaptable para uso en exportaci\u00f3n o construcci\u00f3n.","breadcrumb":{"@id":"https:\/\/www.hsymachinery.com\/product\/rebar-straightening-machine-gtu4-12a\/#breadcrumb"},"inLanguage":"es","potentialAction":[{"@type":"ReadAction","target":["https:\/\/www.hsymachinery.com\/product\/rebar-straightening-machine-gtu4-12a\/"]}]},{"@type":"ImageObject","inLanguage":"es","@id":"https:\/\/www.hsymachinery.com\/product\/rebar-straightening-machine-gtu4-12a\/#primaryimage","url":"https:\/\/www.hsymachinery.com\/wp-content\/uploads\/2025\/06\/Rebar-Straightening-Machine-GTU4-12A.jpg","contentUrl":"https:\/\/www.hsymachinery.com\/wp-content\/uploads\/2025\/06\/Rebar-Straightening-Machine-GTU4-12A.jpg","width":600,"height":600},{"@type":"BreadcrumbList","@id":"https:\/\/www.hsymachinery.com\/product\/rebar-straightening-machine-gtu4-12a\/#breadcrumb","itemListElement":[{"@type":"ListItem","position":1,"name":"home","item":"https:\/\/www.hsymachinery.com\/"},{"@type":"ListItem","position":2,"name":"products","item":"https:\/\/www.hsymachinery.com\/products\/"},{"@type":"ListItem","position":3,"name":"Rebar Straightening Machine GTU4-12A"}]},{"@type":"WebSite","@id":"https:\/\/www.hsymachinery.com\/#website","url":"https:\/\/www.hsymachinery.com\/","name":"Maquinaria de construcci\u00f3n HSY","description":"HSY Machinery - Un proveedor l\u00edder de maquinaria de construcci\u00f3n en China, que ofrece una amplia gama de equipos de construcci\u00f3n ligera. Nuestros productos principales incluyen m\u00e1quina cortadora de varilla, m\u00e1quina dobladora de varilla, m\u00e1quina dobladora de estribo de varilla, m\u00e1quina dobladora de arco de varilla, m\u00e1quina enderezadora de varilla, m\u00e1quina dobladora de estribo de varilla de cinco cabezas, apisonador, compactador de placa, cortadora de concreto, allanadora mec\u00e1nica, y otra maquinaria de construcci\u00f3n. Estamos equipados con m\u00e1quinas CNC avanzadas, y aplicamos estrictas normas de inspecci\u00f3n de calidad, junto con un completo servicio post-venta. Si usted est\u00e1 interesado en nuestros productos o servicios, damos la bienvenida a sus consultas a trav\u00e9s de mensaje.","publisher":{"@id":"https:\/\/www.hsymachinery.com\/#organization"},"potentialAction":[{"@type":"SearchAction","target":{"@type":"EntryPoint","urlTemplate":"https:\/\/www.hsymachinery.com\/?s={search_term_string}"},"query-input":{"@type":"PropertyValueSpecification","valueRequired":true,"valueName":"search_term_string"}}],"inLanguage":"es"},{"@type":"Organization","@id":"https:\/\/www.hsymachinery.com\/#organization","name":"Maquinaria de construcci\u00f3n HSY","url":"https:\/\/www.hsymachinery.com\/","logo":{"@type":"ImageObject","inLanguage":"es","@id":"https:\/\/www.hsymachinery.com\/#\/schema\/logo\/image\/","url":"https:\/\/www.hsymachinery.com\/wp-content\/uploads\/2025\/06\/cropped-HSY-machinery.png","contentUrl":"https:\/\/www.hsymachinery.com\/wp-content\/uploads\/2025\/06\/cropped-HSY-machinery.png","width":600,"height":240,"caption":"HSY Construction Machinery"},"image":{"@id":"https:\/\/www.hsymachinery.com\/#\/schema\/logo\/image\/"}}]}},"_links":{"self":[{"href":"https:\/\/www.hsymachinery.com\/es\/wp-json\/wp\/v2\/product\/9013","targetHints":{"allow":["GET"]}}],"collection":[{"href":"https:\/\/www.hsymachinery.com\/es\/wp-json\/wp\/v2\/product"}],"about":[{"href":"https:\/\/www.hsymachinery.com\/es\/wp-json\/wp\/v2\/types\/product"}],"version-history":[{"count":4,"href":"https:\/\/www.hsymachinery.com\/es\/wp-json\/wp\/v2\/product\/9013\/revisions"}],"predecessor-version":[{"id":9440,"href":"https:\/\/www.hsymachinery.com\/es\/wp-json\/wp\/v2\/product\/9013\/revisions\/9440"}],"wp:featuredmedia":[{"embeddable":true,"href":"https:\/\/www.hsymachinery.com\/es\/wp-json\/wp\/v2\/media\/9015"}],"wp:attachment":[{"href":"https:\/\/www.hsymachinery.com\/es\/wp-json\/wp\/v2\/media?parent=9013"}],"wp:term":[{"taxonomy":"product_brand","embeddable":true,"href":"https:\/\/www.hsymachinery.com\/es\/wp-json\/wp\/v2\/product_brand?post=9013"},{"taxonomy":"product_cat","embeddable":true,"href":"https:\/\/www.hsymachinery.com\/es\/wp-json\/wp\/v2\/product_cat?post=9013"},{"taxonomy":"product_tag","embeddable":true,"href":"https:\/\/www.hsymachinery.com\/es\/wp-json\/wp\/v2\/product_tag?post=9013"}],"curies":[{"name":"wp","href":"https:\/\/api.w.org\/{rel}","templated":true}]}}