{"id":9007,"date":"2025-06-18T12:42:38","date_gmt":"2025-06-18T04:42:38","guid":{"rendered":"https:\/\/www.hsymachinery.com\/?post_type=product&#038;p=9007"},"modified":"2025-06-27T23:55:54","modified_gmt":"2025-06-27T15:55:54","slug":"enderezadora-de-armaduras-gtd4-10c","status":"publish","type":"product","link":"https:\/\/www.hsymachinery.com\/es\/product\/enderezadora-de-armaduras-gtd4-10c\/","title":{"rendered":"M\u00e1quina enderezadora de armaduras GTD4-10C"},"content":{"rendered":"<h2 data-start=\"105\" data-end=\"149\">M\u00e1quina enderezadora de armaduras GTD4-10C<\/h2>\n<h3 data-start=\"150\" data-end=\"287\">GTD4-10C M\u00e1quina enderezadora autom\u00e1tica de barras de refuerzo para barras de acero enrolladas de 4-10mm | Equipo de procesamiento de barras de precisi\u00f3n para uso en la construcci\u00f3n<\/h3>\n<h3 data-start=\"294\" data-end=\"379\">Resumen del producto - Enderezadora de bobinas de alto rendimiento para barras de acero ligeras<\/h3>\n<p data-start=\"381\" data-end=\"670\">En <strong data-start=\"385\" data-end=\"425\"><a href=\"https:\/\/www.hsymachinery.com\/es\/productos\/enderezadora-de-barras-de-refuerzo\/\" target=\"_blank\" rel=\"noopener\">Enderezadora de armaduras<\/a> GTD4-10C<\/strong> se especializa en el tratamiento <strong data-start=\"452\" data-end=\"486\">Varilla de acero en rollo de 4 mm a 10 mm<\/strong> con gran velocidad y precisi\u00f3n. Se aplica ampliamente en la construcci\u00f3n residencial, trabajos de acero decorativo y procesamiento de barras de refuerzo prefabricadas, donde la rectitud consistente es cr\u00edtica.<\/p>\n<p data-start=\"672\" data-end=\"787\">Dise\u00f1ado para la productividad, este modelo reduce el trabajo manual a la vez que mejora la calidad de la barra y reduce el desperdicio de material.<\/p>\n<h3 data-start=\"794\" data-end=\"844\">Alisado suave con ajustes flexibles<\/h3>\n<p data-start=\"846\" data-end=\"1093\">Puede ajustar la configuraci\u00f3n de los rodillos y la tensi\u00f3n de alimentaci\u00f3n para manipular diferentes tipos de barras con un tiempo de preparaci\u00f3n m\u00ednimo. El motor el\u00e9ctrico industrial proporciona una potencia constante, lo que permite a la m\u00e1quina enderezar barras r\u00e1pidamente sin perder precisi\u00f3n.<\/p>\n<p data-start=\"1095\" data-end=\"1319\">La GTD4-10C tambi\u00e9n cuenta con un sistema de gu\u00eda de baja fricci\u00f3n que garantiza que cada barra salga recta y lista para cortar o ensamblar. Su dial de control de velocidad ayuda a los operarios a adaptar el ritmo de producci\u00f3n a las demandas espec\u00edficas del proyecto.<\/p>\n<h3 data-start=\"1326\" data-end=\"1374\">Pr\u00e1ctico, port\u00e1til y listo para exportar<\/h3>\n<p data-start=\"1376\" data-end=\"1630\">Esta m\u00e1quina utiliza un bastidor de acero soldado que resiste el desgaste y el movimiento durante el funcionamiento. Su dise\u00f1o compacto facilita el transporte, mientras que su capacidad de doble voltaje (220 V\/380 V) permite utilizarla sin problemas tanto en mercados locales como internacionales.<\/p>\n<p data-start=\"1632\" data-end=\"1777\">Los contratistas y fabricantes valoran este modelo por su portabilidad, rendimiento y resultados constantes en aplicaciones de trabajo ligero a medio.<\/p>\n<h3 data-start=\"1784\" data-end=\"1842\">Caracter\u00edsticas principales de la alisadora de barras GTD4-10C<\/h3>\n<ul data-start=\"1844\" data-end=\"2067\">\n<li data-start=\"1844\" data-end=\"1894\">\n<p data-start=\"1846\" data-end=\"1894\">Endereza con precisi\u00f3n barras de refuerzo en espiral de 4-10 mm<\/p>\n<\/li>\n<li data-start=\"1895\" data-end=\"1961\">\n<p data-start=\"1897\" data-end=\"1961\">Dise\u00f1ado para la construcci\u00f3n a peque\u00f1a escala y el procesamiento de barras de acero<\/p>\n<\/li>\n<li data-start=\"1962\" data-end=\"2013\">\n<p data-start=\"1964\" data-end=\"2013\">Rodillos ajustables por el usuario y sistema de accionamiento estable<\/p>\n<\/li>\n<li data-start=\"2014\" data-end=\"2067\">\n<p data-start=\"2016\" data-end=\"2067\">Soporte de tensi\u00f3n global para exportaci\u00f3n y uso in situ<\/p>\n<\/li>\n<\/ul>\n<p><iframe title=\"#construcci\u00f3n #rebarmachine #rebarbending #rebarcutter #rebarcuttingmachine\" width=\"720\" height=\"405\" src=\"https:\/\/www.youtube.com\/embed\/YnqPtwSEoVw?feature=oembed\" frameborder=\"0\" allow=\"accelerometer; autoplay; clipboard-write; encrypted-media; gyroscope; picture-in-picture; web-share\" referrerpolicy=\"strict-origin-when-cross-origin\" allowfullscreen><\/iframe><\/p>","protected":false},"excerpt":{"rendered":"<p>La GTD4-10C endereza barras de refuerzo de acero de 4-10 mm de la bobina de forma r\u00e1pida y limpia. Ideal para trabajos residenciales y prefabricados, con rodillos ajustables y compatibilidad con doble voltaje.<\/p>","protected":false},"featured_media":9008,"template":"","meta":{"_kad_post_transparent":"default","_kad_post_title":"","_kad_post_layout":"default","_kad_post_sidebar_id":"","_kad_post_content_style":"default","_kad_post_vertical_padding":"default","_kad_post_feature":"","_kad_post_feature_position":"","_kad_post_header":false,"_kad_post_footer":false},"product_brand":[],"product_cat":[62],"product_tag":[1026,1028,1030,1031,1034,1027,1032,1025,1029,1033],"class_list":{"0":"post-9007","1":"product","2":"type-product","3":"status-publish","4":"has-post-thumbnail","6":"product_cat-rebar-straightening-machine","7":"product_tag-automatic-rebar-straightener","8":"product_tag-cnc-rebar-straightening-equipment","9":"product_tag-coiled-rebar-straightening-machine","10":"product_tag-construction-bar-straightening-machine","11":"product_tag-high-speed-rebar-straightening-tool","12":"product_tag-hydraulic-rebar-straightening-machine","13":"product_tag-rebar-leveling-and-cutting-machine","14":"product_tag-steel-bar-straightening-machine","15":"product_tag-steel-wire-straightener-and-cutter","16":"product_tag-straightening-machine-for-steel-rods","18":"first","19":"instock","20":"shipping-taxable","21":"product-type-simple","22":"entry","23":"content-bg","24":"loop-entry"},"yoast_head":"<!-- This site is optimized with the Yoast SEO plugin v25.3.1 - https:\/\/yoast.com\/wordpress\/plugins\/seo\/ -->\n<title>Rebar Straightening Machine GTD4-10C - HSY Construction Machinery<\/title>\n<meta name=\"description\" content=\"Rebar Straightening Machine GTD4-10C straightens 4\u201310mm steel bars with precision. Built for light-duty work, with export-ready design and adjustable settings.\" \/>\n<meta name=\"robots\" content=\"index, follow, max-snippet:-1, max-image-preview:large, max-video-preview:-1\" \/>\n<link rel=\"canonical\" href=\"https:\/\/www.hsymachinery.com\/es\/product\/enderezadora-de-armaduras-gtd4-10c\/\" \/>\n<meta property=\"og:locale\" content=\"es_ES\" \/>\n<meta property=\"og:type\" content=\"article\" \/>\n<meta property=\"og:title\" content=\"Rebar Straightening Machine GTD4-10C - HSY Construction Machinery\" \/>\n<meta property=\"og:description\" content=\"Rebar Straightening Machine GTD4-10C straightens 4\u201310mm steel bars with precision. Built for light-duty work, with export-ready design and adjustable settings.\" \/>\n<meta property=\"og:url\" content=\"https:\/\/www.hsymachinery.com\/es\/product\/enderezadora-de-armaduras-gtd4-10c\/\" \/>\n<meta property=\"og:site_name\" content=\"HSY Construction Machinery\" \/>\n<meta property=\"article:modified_time\" content=\"2025-06-27T15:55:54+00:00\" \/>\n<meta property=\"og:image\" content=\"https:\/\/www.hsymachinery.com\/wp-content\/uploads\/2025\/06\/Rebar-Straightening-Machine-GTD4-10C.jpg\" \/>\n\t<meta property=\"og:image:width\" content=\"600\" \/>\n\t<meta property=\"og:image:height\" content=\"600\" \/>\n\t<meta property=\"og:image:type\" content=\"image\/jpeg\" \/>\n<meta name=\"twitter:card\" content=\"summary_large_image\" \/>\n<meta name=\"twitter:label1\" content=\"Tiempo de lectura\" \/>\n\t<meta name=\"twitter:data1\" content=\"2 minutos\" \/>\n<script type=\"application\/ld+json\" class=\"yoast-schema-graph\">{\"@context\":\"https:\/\/schema.org\",\"@graph\":[{\"@type\":\"WebPage\",\"@id\":\"https:\/\/www.hsymachinery.com\/product\/rebar-straightening-machine-gtd4-10c\/\",\"url\":\"https:\/\/www.hsymachinery.com\/product\/rebar-straightening-machine-gtd4-10c\/\",\"name\":\"Rebar Straightening Machine GTD4-10C - HSY Construction Machinery\",\"isPartOf\":{\"@id\":\"https:\/\/www.hsymachinery.com\/#website\"},\"primaryImageOfPage\":{\"@id\":\"https:\/\/www.hsymachinery.com\/product\/rebar-straightening-machine-gtd4-10c\/#primaryimage\"},\"image\":{\"@id\":\"https:\/\/www.hsymachinery.com\/product\/rebar-straightening-machine-gtd4-10c\/#primaryimage\"},\"thumbnailUrl\":\"https:\/\/www.hsymachinery.com\/wp-content\/uploads\/2025\/06\/Rebar-Straightening-Machine-GTD4-10C.jpg\",\"datePublished\":\"2025-06-18T04:42:38+00:00\",\"dateModified\":\"2025-06-27T15:55:54+00:00\",\"description\":\"Rebar Straightening Machine GTD4-10C straightens 4\u201310mm steel bars with precision. Built for light-duty work, with export-ready design and adjustable settings.\",\"breadcrumb\":{\"@id\":\"https:\/\/www.hsymachinery.com\/product\/rebar-straightening-machine-gtd4-10c\/#breadcrumb\"},\"inLanguage\":\"es\",\"potentialAction\":[{\"@type\":\"ReadAction\",\"target\":[\"https:\/\/www.hsymachinery.com\/product\/rebar-straightening-machine-gtd4-10c\/\"]}]},{\"@type\":\"ImageObject\",\"inLanguage\":\"es\",\"@id\":\"https:\/\/www.hsymachinery.com\/product\/rebar-straightening-machine-gtd4-10c\/#primaryimage\",\"url\":\"https:\/\/www.hsymachinery.com\/wp-content\/uploads\/2025\/06\/Rebar-Straightening-Machine-GTD4-10C.jpg\",\"contentUrl\":\"https:\/\/www.hsymachinery.com\/wp-content\/uploads\/2025\/06\/Rebar-Straightening-Machine-GTD4-10C.jpg\",\"width\":600,\"height\":600},{\"@type\":\"BreadcrumbList\",\"@id\":\"https:\/\/www.hsymachinery.com\/product\/rebar-straightening-machine-gtd4-10c\/#breadcrumb\",\"itemListElement\":[{\"@type\":\"ListItem\",\"position\":1,\"name\":\"home\",\"item\":\"https:\/\/www.hsymachinery.com\/\"},{\"@type\":\"ListItem\",\"position\":2,\"name\":\"products\",\"item\":\"https:\/\/www.hsymachinery.com\/products\/\"},{\"@type\":\"ListItem\",\"position\":3,\"name\":\"Rebar Straightening Machine GTD4-10C\"}]},{\"@type\":\"WebSite\",\"@id\":\"https:\/\/www.hsymachinery.com\/#website\",\"url\":\"https:\/\/www.hsymachinery.com\/\",\"name\":\"HSY Construction Machinery\",\"description\":\"HSY Machinery \u2013 A leading China construction machinery supplier, offering a wide range of light construction equipment. Our main products include Rebar Cutting Machine, Rebar Bending Machine, Rebar Stirrup Bending Machine, Rebar Arc Bending Machine, Rebar Straightening Machine, Five-Head Rebar Stirrup Bending Machine, Tamping Rammer, Plate Compactor, Concrete Cutter, Power Trowel, and other construction machinery. We are equipped with advanced CNC machines, and we enforce strict quality inspection standards along with comprehensive after-sales service. If you are interested in our products or services, we warmly welcome your inquiries via message.\",\"publisher\":{\"@id\":\"https:\/\/www.hsymachinery.com\/#organization\"},\"potentialAction\":[{\"@type\":\"SearchAction\",\"target\":{\"@type\":\"EntryPoint\",\"urlTemplate\":\"https:\/\/www.hsymachinery.com\/?s={search_term_string}\"},\"query-input\":{\"@type\":\"PropertyValueSpecification\",\"valueRequired\":true,\"valueName\":\"search_term_string\"}}],\"inLanguage\":\"es\"},{\"@type\":\"Organization\",\"@id\":\"https:\/\/www.hsymachinery.com\/#organization\",\"name\":\"HSY Construction Machinery\",\"url\":\"https:\/\/www.hsymachinery.com\/\",\"logo\":{\"@type\":\"ImageObject\",\"inLanguage\":\"es\",\"@id\":\"https:\/\/www.hsymachinery.com\/#\/schema\/logo\/image\/\",\"url\":\"https:\/\/www.hsymachinery.com\/wp-content\/uploads\/2025\/06\/cropped-HSY-machinery.png\",\"contentUrl\":\"https:\/\/www.hsymachinery.com\/wp-content\/uploads\/2025\/06\/cropped-HSY-machinery.png\",\"width\":600,\"height\":240,\"caption\":\"HSY Construction Machinery\"},\"image\":{\"@id\":\"https:\/\/www.hsymachinery.com\/#\/schema\/logo\/image\/\"}}]}<\/script>\n<!-- \/ Yoast SEO plugin. -->","yoast_head_json":{"title":"M\u00e1quina enderezadora de barras GTD4-10C - HSY Maquinaria de construcci\u00f3n","description":"La enderezadora de barras GTD4-10C endereza barras de acero de 4-10 mm con precisi\u00f3n. Fabricada para trabajos ligeros, con dise\u00f1o listo para la exportaci\u00f3n y ajustes regulables.","robots":{"index":"index","follow":"follow","max-snippet":"max-snippet:-1","max-image-preview":"max-image-preview:large","max-video-preview":"max-video-preview:-1"},"canonical":"https:\/\/www.hsymachinery.com\/es\/product\/enderezadora-de-armaduras-gtd4-10c\/","og_locale":"es_ES","og_type":"article","og_title":"Rebar Straightening Machine GTD4-10C - HSY Construction Machinery","og_description":"Rebar Straightening Machine GTD4-10C straightens 4\u201310mm steel bars with precision. Built for light-duty work, with export-ready design and adjustable settings.","og_url":"https:\/\/www.hsymachinery.com\/es\/product\/enderezadora-de-armaduras-gtd4-10c\/","og_site_name":"HSY Construction Machinery","article_modified_time":"2025-06-27T15:55:54+00:00","og_image":[{"width":600,"height":600,"url":"https:\/\/www.hsymachinery.com\/wp-content\/uploads\/2025\/06\/Rebar-Straightening-Machine-GTD4-10C.jpg","type":"image\/jpeg"}],"twitter_card":"summary_large_image","twitter_misc":{"Tiempo de lectura":"2 minutos"},"schema":{"@context":"https:\/\/schema.org","@graph":[{"@type":"WebPage","@id":"https:\/\/www.hsymachinery.com\/product\/rebar-straightening-machine-gtd4-10c\/","url":"https:\/\/www.hsymachinery.com\/product\/rebar-straightening-machine-gtd4-10c\/","name":"M\u00e1quina enderezadora de barras GTD4-10C - HSY Maquinaria de construcci\u00f3n","isPartOf":{"@id":"https:\/\/www.hsymachinery.com\/#website"},"primaryImageOfPage":{"@id":"https:\/\/www.hsymachinery.com\/product\/rebar-straightening-machine-gtd4-10c\/#primaryimage"},"image":{"@id":"https:\/\/www.hsymachinery.com\/product\/rebar-straightening-machine-gtd4-10c\/#primaryimage"},"thumbnailUrl":"https:\/\/www.hsymachinery.com\/wp-content\/uploads\/2025\/06\/Rebar-Straightening-Machine-GTD4-10C.jpg","datePublished":"2025-06-18T04:42:38+00:00","dateModified":"2025-06-27T15:55:54+00:00","description":"La enderezadora de barras GTD4-10C endereza barras de acero de 4-10 mm con precisi\u00f3n. Fabricada para trabajos ligeros, con dise\u00f1o listo para la exportaci\u00f3n y ajustes regulables.","breadcrumb":{"@id":"https:\/\/www.hsymachinery.com\/product\/rebar-straightening-machine-gtd4-10c\/#breadcrumb"},"inLanguage":"es","potentialAction":[{"@type":"ReadAction","target":["https:\/\/www.hsymachinery.com\/product\/rebar-straightening-machine-gtd4-10c\/"]}]},{"@type":"ImageObject","inLanguage":"es","@id":"https:\/\/www.hsymachinery.com\/product\/rebar-straightening-machine-gtd4-10c\/#primaryimage","url":"https:\/\/www.hsymachinery.com\/wp-content\/uploads\/2025\/06\/Rebar-Straightening-Machine-GTD4-10C.jpg","contentUrl":"https:\/\/www.hsymachinery.com\/wp-content\/uploads\/2025\/06\/Rebar-Straightening-Machine-GTD4-10C.jpg","width":600,"height":600},{"@type":"BreadcrumbList","@id":"https:\/\/www.hsymachinery.com\/product\/rebar-straightening-machine-gtd4-10c\/#breadcrumb","itemListElement":[{"@type":"ListItem","position":1,"name":"home","item":"https:\/\/www.hsymachinery.com\/"},{"@type":"ListItem","position":2,"name":"products","item":"https:\/\/www.hsymachinery.com\/products\/"},{"@type":"ListItem","position":3,"name":"Rebar Straightening Machine GTD4-10C"}]},{"@type":"WebSite","@id":"https:\/\/www.hsymachinery.com\/#website","url":"https:\/\/www.hsymachinery.com\/","name":"Maquinaria de construcci\u00f3n HSY","description":"HSY Machinery - Un proveedor l\u00edder de maquinaria de construcci\u00f3n en China, que ofrece una amplia gama de equipos de construcci\u00f3n ligera. Nuestros productos principales incluyen m\u00e1quina cortadora de varilla, m\u00e1quina dobladora de varilla, m\u00e1quina dobladora de estribo de varilla, m\u00e1quina dobladora de arco de varilla, m\u00e1quina enderezadora de varilla, m\u00e1quina dobladora de estribo de varilla de cinco cabezas, apisonador, compactador de placa, cortadora de concreto, allanadora mec\u00e1nica, y otra maquinaria de construcci\u00f3n. Estamos equipados con m\u00e1quinas CNC avanzadas, y aplicamos estrictas normas de inspecci\u00f3n de calidad, junto con un completo servicio post-venta. Si usted est\u00e1 interesado en nuestros productos o servicios, damos la bienvenida a sus consultas a trav\u00e9s de mensaje.","publisher":{"@id":"https:\/\/www.hsymachinery.com\/#organization"},"potentialAction":[{"@type":"SearchAction","target":{"@type":"EntryPoint","urlTemplate":"https:\/\/www.hsymachinery.com\/?s={search_term_string}"},"query-input":{"@type":"PropertyValueSpecification","valueRequired":true,"valueName":"search_term_string"}}],"inLanguage":"es"},{"@type":"Organization","@id":"https:\/\/www.hsymachinery.com\/#organization","name":"Maquinaria de construcci\u00f3n HSY","url":"https:\/\/www.hsymachinery.com\/","logo":{"@type":"ImageObject","inLanguage":"es","@id":"https:\/\/www.hsymachinery.com\/#\/schema\/logo\/image\/","url":"https:\/\/www.hsymachinery.com\/wp-content\/uploads\/2025\/06\/cropped-HSY-machinery.png","contentUrl":"https:\/\/www.hsymachinery.com\/wp-content\/uploads\/2025\/06\/cropped-HSY-machinery.png","width":600,"height":240,"caption":"HSY Construction Machinery"},"image":{"@id":"https:\/\/www.hsymachinery.com\/#\/schema\/logo\/image\/"}}]}},"_links":{"self":[{"href":"https:\/\/www.hsymachinery.com\/es\/wp-json\/wp\/v2\/product\/9007","targetHints":{"allow":["GET"]}}],"collection":[{"href":"https:\/\/www.hsymachinery.com\/es\/wp-json\/wp\/v2\/product"}],"about":[{"href":"https:\/\/www.hsymachinery.com\/es\/wp-json\/wp\/v2\/types\/product"}],"version-history":[{"count":3,"href":"https:\/\/www.hsymachinery.com\/es\/wp-json\/wp\/v2\/product\/9007\/revisions"}],"predecessor-version":[{"id":9428,"href":"https:\/\/www.hsymachinery.com\/es\/wp-json\/wp\/v2\/product\/9007\/revisions\/9428"}],"wp:featuredmedia":[{"embeddable":true,"href":"https:\/\/www.hsymachinery.com\/es\/wp-json\/wp\/v2\/media\/9008"}],"wp:attachment":[{"href":"https:\/\/www.hsymachinery.com\/es\/wp-json\/wp\/v2\/media?parent=9007"}],"wp:term":[{"taxonomy":"product_brand","embeddable":true,"href":"https:\/\/www.hsymachinery.com\/es\/wp-json\/wp\/v2\/product_brand?post=9007"},{"taxonomy":"product_cat","embeddable":true,"href":"https:\/\/www.hsymachinery.com\/es\/wp-json\/wp\/v2\/product_cat?post=9007"},{"taxonomy":"product_tag","embeddable":true,"href":"https:\/\/www.hsymachinery.com\/es\/wp-json\/wp\/v2\/product_tag?post=9007"}],"curies":[{"name":"wp","href":"https:\/\/api.w.org\/{rel}","templated":true}]}}