{"id":8986,"date":"2025-06-18T12:23:54","date_gmt":"2025-06-18T04:23:54","guid":{"rendered":"https:\/\/www.hsymachinery.com\/?post_type=product&#038;p=8986"},"modified":"2025-06-27T22:38:50","modified_gmt":"2025-06-27T14:38:50","slug":"maquina-curvadora-de-barras-de-refuerzo-gwh32","status":"publish","type":"product","link":"https:\/\/www.hsymachinery.com\/es\/product\/maquina-curvadora-de-barras-de-refuerzo-gwh32\/","title":{"rendered":"M\u00e1quina curvadora de barras de refuerzo GWH32"},"content":{"rendered":"<h2 data-start=\"95\" data-end=\"134\">M\u00e1quina curvadora de barras de refuerzo GWH32<\/h2>\n<h3 data-start=\"135\" data-end=\"252\">GWH32 Dobladora de arco para barras de refuerzo de 14-32mm | M\u00e1quina industrial de curvado de barras de acero para puentes, t\u00faneles y plantas de prefabricados<\/h3>\n<h3 data-start=\"259\" data-end=\"346\">Resumen del producto - Soluci\u00f3n de encofrado de arco resistente para trabajos pesados de refuerzo<\/h3>\n<p data-start=\"348\" data-end=\"625\">En <strong data-start=\"352\" data-end=\"387\"><a href=\"https:\/\/www.hsymachinery.com\/es\/productos\/maquina-dobladora-de-arco-de-barras-de-refuerzo\/\" target=\"_blank\" rel=\"noopener\">M\u00e1quina curvadora de barras de refuerzo<\/a> GWH32<\/strong> curvas <strong data-start=\"394\" data-end=\"415\">Barra de refuerzo de 14 mm a 32 mm<\/strong> en arcos suaves y precisos. Los ingenieros y fabricantes eligen este modelo para vigas de puentes, segmentos de t\u00faneles, muros de contenci\u00f3n y estructuras prefabricadas de hormig\u00f3n en las que es fundamental que las barras de refuerzo curvadas sean uniformes.<\/p>\n<p data-start=\"627\" data-end=\"776\">Con su mecanismo de rodillos mejorado y su motor perfeccionado, la GWH32 le ayuda a crear curvas de barras de refuerzo de alta precisi\u00f3n m\u00e1s r\u00e1pidamente y con menos esfuerzo manual.<\/p>\n<h3 data-start=\"783\" data-end=\"836\">Doblado controlado con un potente motor de apoyo<\/h3>\n<p data-start=\"838\" data-end=\"1093\">Puede ajustar los controles de distancia y \u00e1ngulo de los rodillos de la GWH32 para crear radios de arco precisos que cumplan las especificaciones exactas del proyecto. El motor con n\u00facleo de cobre proporciona un par constante, ayud\u00e1ndole a doblar barras de acero gruesas sin calarse ni da\u00f1ar la superficie.<\/p>\n<p data-start=\"1095\" data-end=\"1234\">Para un funcionamiento seguro y sin problemas, puede manejar la m\u00e1quina mediante la palanca manual o el pedal, en funci\u00f3n de la disposici\u00f3n de su obra.<\/p>\n<h3 data-start=\"1241\" data-end=\"1302\">Construcci\u00f3n duradera y voltaje flexible para proyectos globales<\/h3>\n<p data-start=\"1304\" data-end=\"1608\">La GWH32 utiliza un chasis de acero reforzado para absorber las vibraciones durante el funcionamiento intenso. Puede transportar f\u00e1cilmente la unidad utilizando sus ruedas integradas y sus asas laterales. Gracias a su compatibilidad con dos voltajes (220 V\/380 V, 50\/60 Hz), la GWH32 se adapta tanto a las necesidades de construcci\u00f3n nacionales como a las de exportaci\u00f3n.<\/p>\n<p data-start=\"1610\" data-end=\"1736\">Tanto si trabaja en un taller de ferralla como en una obra, puede confiar en esta m\u00e1quina para doblar barras pesadas con precisi\u00f3n.<\/p>\n<h3 data-start=\"1743\" data-end=\"1796\">Caracter\u00edsticas principales de la dobladora de arco GWH32<\/h3>\n<ul data-start=\"1798\" data-end=\"2030\">\n<li data-start=\"1798\" data-end=\"1857\">\n<p data-start=\"1800\" data-end=\"1857\">Dobla barras de refuerzo de 14-32 mm en arcos consistentes de alta precisi\u00f3n<\/p>\n<\/li>\n<li data-start=\"1858\" data-end=\"1920\">\n<p data-start=\"1860\" data-end=\"1920\">Ideal para puentes, t\u00faneles y aplicaciones de acero prefabricado<\/p>\n<\/li>\n<li data-start=\"1921\" data-end=\"1978\">\n<p data-start=\"1923\" data-end=\"1978\">El potente motor garantiza un par constante con cargas pesadas<\/p>\n<\/li>\n<li data-start=\"1979\" data-end=\"2030\">\n<p data-start=\"1981\" data-end=\"2030\">M\u00e9todos de control dual y soporte de tensi\u00f3n global<\/p>\n<\/li>\n<\/ul>\n<p><iframe title=\"#construction #constructionworker #rebarmachine #rebarbender #rebarbending\" width=\"720\" height=\"405\" src=\"https:\/\/www.youtube.com\/embed\/kZFU0Z3IPgM?feature=oembed\" frameborder=\"0\" allow=\"accelerometer; autoplay; clipboard-write; encrypted-media; gyroscope; picture-in-picture; web-share\" referrerpolicy=\"strict-origin-when-cross-origin\" allowfullscreen><\/iframe><\/p>","protected":false},"excerpt":{"rendered":"<p>La dobladora de arco GWH32 dobla barras de acero de 14-32 mm con rapidez y precisi\u00f3n. Perfecta para proyectos estructurales como puentes y t\u00faneles, con tensi\u00f3n lista para la exportaci\u00f3n y un gran rendimiento.<\/p>","protected":false},"featured_media":8987,"template":"","meta":{"_kad_post_transparent":"default","_kad_post_title":"","_kad_post_layout":"default","_kad_post_sidebar_id":"","_kad_post_content_style":"default","_kad_post_vertical_padding":"default","_kad_post_feature":"","_kad_post_feature_position":"","_kad_post_header":false,"_kad_post_footer":false},"product_brand":[],"product_cat":[54],"product_tag":[1022,1016,1024,1018,1023,1017,1019,1021,1020,1015],"class_list":{"0":"post-8986","1":"product","2":"type-product","3":"status-publish","4":"has-post-thumbnail","6":"product_cat-rebar-arc-bending-machine","7":"product_tag-arc-shape-bending-machine-for-rebar","8":"product_tag-automatic-rebar-arc-bender","9":"product_tag-bar-arc-bending-machine-for-construction","10":"product_tag-cnc-rebar-arc-bending-equipment","11":"product_tag-curved-rebar-bending-tool","12":"product_tag-hydraulic-arc-bending-machine","13":"product_tag-rebar-circular-bending-machine","14":"product_tag-rebar-radius-bending-machine","15":"product_tag-round-bending-machine-for-steel-bars","16":"product_tag-steel-arc-bending-machine","18":"first","19":"instock","20":"shipping-taxable","21":"product-type-simple","22":"entry","23":"content-bg","24":"loop-entry"},"yoast_head":"<!-- This site is optimized with the Yoast SEO plugin v25.3.1 - https:\/\/yoast.com\/wordpress\/plugins\/seo\/ -->\n<title>Rebar Arc Bending Machine GWH32 - HSY Construction Machinery<\/title>\n<meta name=\"description\" content=\"Rebar Arc Bending Machine GWH32 bends 14\u201332mm rebar into arcs with precision. Built for industrial use in bridges, tunnels, and global construction markets.\" \/>\n<meta name=\"robots\" content=\"index, follow, max-snippet:-1, max-image-preview:large, max-video-preview:-1\" \/>\n<link rel=\"canonical\" href=\"https:\/\/www.hsymachinery.com\/es\/product\/maquina-curvadora-de-barras-de-refuerzo-gwh32\/\" \/>\n<meta property=\"og:locale\" content=\"es_ES\" \/>\n<meta property=\"og:type\" content=\"article\" \/>\n<meta property=\"og:title\" content=\"Rebar Arc Bending Machine GWH32 - HSY Construction Machinery\" \/>\n<meta property=\"og:description\" content=\"Rebar Arc Bending Machine GWH32 bends 14\u201332mm rebar into arcs with precision. Built for industrial use in bridges, tunnels, and global construction markets.\" \/>\n<meta property=\"og:url\" content=\"https:\/\/www.hsymachinery.com\/es\/product\/maquina-curvadora-de-barras-de-refuerzo-gwh32\/\" \/>\n<meta property=\"og:site_name\" content=\"HSY Construction Machinery\" \/>\n<meta property=\"article:modified_time\" content=\"2025-06-27T14:38:50+00:00\" \/>\n<meta property=\"og:image\" content=\"https:\/\/www.hsymachinery.com\/wp-content\/uploads\/2025\/06\/Rebar-Arc-Bending-Machine-GWH32.jpg\" \/>\n\t<meta property=\"og:image:width\" content=\"600\" \/>\n\t<meta property=\"og:image:height\" content=\"600\" \/>\n\t<meta property=\"og:image:type\" content=\"image\/jpeg\" \/>\n<meta name=\"twitter:card\" content=\"summary_large_image\" \/>\n<meta name=\"twitter:label1\" content=\"Tiempo de lectura\" \/>\n\t<meta name=\"twitter:data1\" content=\"2 minutos\" \/>\n<script type=\"application\/ld+json\" class=\"yoast-schema-graph\">{\"@context\":\"https:\/\/schema.org\",\"@graph\":[{\"@type\":\"WebPage\",\"@id\":\"https:\/\/www.hsymachinery.com\/product\/rebar-arc-bending-machine-gwh32\/\",\"url\":\"https:\/\/www.hsymachinery.com\/product\/rebar-arc-bending-machine-gwh32\/\",\"name\":\"Rebar Arc Bending Machine GWH32 - HSY Construction Machinery\",\"isPartOf\":{\"@id\":\"https:\/\/www.hsymachinery.com\/#website\"},\"primaryImageOfPage\":{\"@id\":\"https:\/\/www.hsymachinery.com\/product\/rebar-arc-bending-machine-gwh32\/#primaryimage\"},\"image\":{\"@id\":\"https:\/\/www.hsymachinery.com\/product\/rebar-arc-bending-machine-gwh32\/#primaryimage\"},\"thumbnailUrl\":\"https:\/\/www.hsymachinery.com\/wp-content\/uploads\/2025\/06\/Rebar-Arc-Bending-Machine-GWH32.jpg\",\"datePublished\":\"2025-06-18T04:23:54+00:00\",\"dateModified\":\"2025-06-27T14:38:50+00:00\",\"description\":\"Rebar Arc Bending Machine GWH32 bends 14\u201332mm rebar into arcs with precision. Built for industrial use in bridges, tunnels, and global construction markets.\",\"breadcrumb\":{\"@id\":\"https:\/\/www.hsymachinery.com\/product\/rebar-arc-bending-machine-gwh32\/#breadcrumb\"},\"inLanguage\":\"es\",\"potentialAction\":[{\"@type\":\"ReadAction\",\"target\":[\"https:\/\/www.hsymachinery.com\/product\/rebar-arc-bending-machine-gwh32\/\"]}]},{\"@type\":\"ImageObject\",\"inLanguage\":\"es\",\"@id\":\"https:\/\/www.hsymachinery.com\/product\/rebar-arc-bending-machine-gwh32\/#primaryimage\",\"url\":\"https:\/\/www.hsymachinery.com\/wp-content\/uploads\/2025\/06\/Rebar-Arc-Bending-Machine-GWH32.jpg\",\"contentUrl\":\"https:\/\/www.hsymachinery.com\/wp-content\/uploads\/2025\/06\/Rebar-Arc-Bending-Machine-GWH32.jpg\",\"width\":600,\"height\":600},{\"@type\":\"BreadcrumbList\",\"@id\":\"https:\/\/www.hsymachinery.com\/product\/rebar-arc-bending-machine-gwh32\/#breadcrumb\",\"itemListElement\":[{\"@type\":\"ListItem\",\"position\":1,\"name\":\"home\",\"item\":\"https:\/\/www.hsymachinery.com\/\"},{\"@type\":\"ListItem\",\"position\":2,\"name\":\"products\",\"item\":\"https:\/\/www.hsymachinery.com\/products\/\"},{\"@type\":\"ListItem\",\"position\":3,\"name\":\"Rebar Arc Bending Machine GWH32\"}]},{\"@type\":\"WebSite\",\"@id\":\"https:\/\/www.hsymachinery.com\/#website\",\"url\":\"https:\/\/www.hsymachinery.com\/\",\"name\":\"HSY Construction Machinery\",\"description\":\"HSY Machinery \u2013 A leading China construction machinery supplier, offering a wide range of light construction equipment. Our main products include Rebar Cutting Machine, Rebar Bending Machine, Rebar Stirrup Bending Machine, Rebar Arc Bending Machine, Rebar Straightening Machine, Five-Head Rebar Stirrup Bending Machine, Tamping Rammer, Plate Compactor, Concrete Cutter, Power Trowel, and other construction machinery. We are equipped with advanced CNC machines, and we enforce strict quality inspection standards along with comprehensive after-sales service. If you are interested in our products or services, we warmly welcome your inquiries via message.\",\"publisher\":{\"@id\":\"https:\/\/www.hsymachinery.com\/#organization\"},\"potentialAction\":[{\"@type\":\"SearchAction\",\"target\":{\"@type\":\"EntryPoint\",\"urlTemplate\":\"https:\/\/www.hsymachinery.com\/?s={search_term_string}\"},\"query-input\":{\"@type\":\"PropertyValueSpecification\",\"valueRequired\":true,\"valueName\":\"search_term_string\"}}],\"inLanguage\":\"es\"},{\"@type\":\"Organization\",\"@id\":\"https:\/\/www.hsymachinery.com\/#organization\",\"name\":\"HSY Construction Machinery\",\"url\":\"https:\/\/www.hsymachinery.com\/\",\"logo\":{\"@type\":\"ImageObject\",\"inLanguage\":\"es\",\"@id\":\"https:\/\/www.hsymachinery.com\/#\/schema\/logo\/image\/\",\"url\":\"https:\/\/www.hsymachinery.com\/wp-content\/uploads\/2025\/06\/cropped-HSY-machinery.png\",\"contentUrl\":\"https:\/\/www.hsymachinery.com\/wp-content\/uploads\/2025\/06\/cropped-HSY-machinery.png\",\"width\":600,\"height\":240,\"caption\":\"HSY Construction Machinery\"},\"image\":{\"@id\":\"https:\/\/www.hsymachinery.com\/#\/schema\/logo\/image\/\"}}]}<\/script>\n<!-- \/ Yoast SEO plugin. -->","yoast_head_json":{"title":"M\u00e1quina dobladora de arco de varilla GWH32 - HSY Maquinaria de construcci\u00f3n","description":"La dobladora de arcos GWH32 dobla barras de refuerzo de 14-32 mm en arcos con precisi\u00f3n. Dise\u00f1ada para uso industrial en puentes, t\u00faneles y mercados globales de la construcci\u00f3n.","robots":{"index":"index","follow":"follow","max-snippet":"max-snippet:-1","max-image-preview":"max-image-preview:large","max-video-preview":"max-video-preview:-1"},"canonical":"https:\/\/www.hsymachinery.com\/es\/product\/maquina-curvadora-de-barras-de-refuerzo-gwh32\/","og_locale":"es_ES","og_type":"article","og_title":"Rebar Arc Bending Machine GWH32 - HSY Construction Machinery","og_description":"Rebar Arc Bending Machine GWH32 bends 14\u201332mm rebar into arcs with precision. Built for industrial use in bridges, tunnels, and global construction markets.","og_url":"https:\/\/www.hsymachinery.com\/es\/product\/maquina-curvadora-de-barras-de-refuerzo-gwh32\/","og_site_name":"HSY Construction Machinery","article_modified_time":"2025-06-27T14:38:50+00:00","og_image":[{"width":600,"height":600,"url":"https:\/\/www.hsymachinery.com\/wp-content\/uploads\/2025\/06\/Rebar-Arc-Bending-Machine-GWH32.jpg","type":"image\/jpeg"}],"twitter_card":"summary_large_image","twitter_misc":{"Tiempo de lectura":"2 minutos"},"schema":{"@context":"https:\/\/schema.org","@graph":[{"@type":"WebPage","@id":"https:\/\/www.hsymachinery.com\/product\/rebar-arc-bending-machine-gwh32\/","url":"https:\/\/www.hsymachinery.com\/product\/rebar-arc-bending-machine-gwh32\/","name":"M\u00e1quina dobladora de arco de varilla GWH32 - HSY Maquinaria de construcci\u00f3n","isPartOf":{"@id":"https:\/\/www.hsymachinery.com\/#website"},"primaryImageOfPage":{"@id":"https:\/\/www.hsymachinery.com\/product\/rebar-arc-bending-machine-gwh32\/#primaryimage"},"image":{"@id":"https:\/\/www.hsymachinery.com\/product\/rebar-arc-bending-machine-gwh32\/#primaryimage"},"thumbnailUrl":"https:\/\/www.hsymachinery.com\/wp-content\/uploads\/2025\/06\/Rebar-Arc-Bending-Machine-GWH32.jpg","datePublished":"2025-06-18T04:23:54+00:00","dateModified":"2025-06-27T14:38:50+00:00","description":"La dobladora de arcos GWH32 dobla barras de refuerzo de 14-32 mm en arcos con precisi\u00f3n. Dise\u00f1ada para uso industrial en puentes, t\u00faneles y mercados globales de la construcci\u00f3n.","breadcrumb":{"@id":"https:\/\/www.hsymachinery.com\/product\/rebar-arc-bending-machine-gwh32\/#breadcrumb"},"inLanguage":"es","potentialAction":[{"@type":"ReadAction","target":["https:\/\/www.hsymachinery.com\/product\/rebar-arc-bending-machine-gwh32\/"]}]},{"@type":"ImageObject","inLanguage":"es","@id":"https:\/\/www.hsymachinery.com\/product\/rebar-arc-bending-machine-gwh32\/#primaryimage","url":"https:\/\/www.hsymachinery.com\/wp-content\/uploads\/2025\/06\/Rebar-Arc-Bending-Machine-GWH32.jpg","contentUrl":"https:\/\/www.hsymachinery.com\/wp-content\/uploads\/2025\/06\/Rebar-Arc-Bending-Machine-GWH32.jpg","width":600,"height":600},{"@type":"BreadcrumbList","@id":"https:\/\/www.hsymachinery.com\/product\/rebar-arc-bending-machine-gwh32\/#breadcrumb","itemListElement":[{"@type":"ListItem","position":1,"name":"home","item":"https:\/\/www.hsymachinery.com\/"},{"@type":"ListItem","position":2,"name":"products","item":"https:\/\/www.hsymachinery.com\/products\/"},{"@type":"ListItem","position":3,"name":"Rebar Arc Bending Machine GWH32"}]},{"@type":"WebSite","@id":"https:\/\/www.hsymachinery.com\/#website","url":"https:\/\/www.hsymachinery.com\/","name":"Maquinaria de construcci\u00f3n HSY","description":"HSY Machinery - Un proveedor l\u00edder de maquinaria de construcci\u00f3n en China, que ofrece una amplia gama de equipos de construcci\u00f3n ligera. Nuestros productos principales incluyen m\u00e1quina cortadora de varilla, m\u00e1quina dobladora de varilla, m\u00e1quina dobladora de estribo de varilla, m\u00e1quina dobladora de arco de varilla, m\u00e1quina enderezadora de varilla, m\u00e1quina dobladora de estribo de varilla de cinco cabezas, apisonador, compactador de placa, cortadora de concreto, allanadora mec\u00e1nica, y otra maquinaria de construcci\u00f3n. Estamos equipados con m\u00e1quinas CNC avanzadas, y aplicamos estrictas normas de inspecci\u00f3n de calidad, junto con un completo servicio post-venta. Si usted est\u00e1 interesado en nuestros productos o servicios, damos la bienvenida a sus consultas a trav\u00e9s de mensaje.","publisher":{"@id":"https:\/\/www.hsymachinery.com\/#organization"},"potentialAction":[{"@type":"SearchAction","target":{"@type":"EntryPoint","urlTemplate":"https:\/\/www.hsymachinery.com\/?s={search_term_string}"},"query-input":{"@type":"PropertyValueSpecification","valueRequired":true,"valueName":"search_term_string"}}],"inLanguage":"es"},{"@type":"Organization","@id":"https:\/\/www.hsymachinery.com\/#organization","name":"Maquinaria de construcci\u00f3n HSY","url":"https:\/\/www.hsymachinery.com\/","logo":{"@type":"ImageObject","inLanguage":"es","@id":"https:\/\/www.hsymachinery.com\/#\/schema\/logo\/image\/","url":"https:\/\/www.hsymachinery.com\/wp-content\/uploads\/2025\/06\/cropped-HSY-machinery.png","contentUrl":"https:\/\/www.hsymachinery.com\/wp-content\/uploads\/2025\/06\/cropped-HSY-machinery.png","width":600,"height":240,"caption":"HSY Construction Machinery"},"image":{"@id":"https:\/\/www.hsymachinery.com\/#\/schema\/logo\/image\/"}}]}},"_links":{"self":[{"href":"https:\/\/www.hsymachinery.com\/es\/wp-json\/wp\/v2\/product\/8986","targetHints":{"allow":["GET"]}}],"collection":[{"href":"https:\/\/www.hsymachinery.com\/es\/wp-json\/wp\/v2\/product"}],"about":[{"href":"https:\/\/www.hsymachinery.com\/es\/wp-json\/wp\/v2\/types\/product"}],"version-history":[{"count":4,"href":"https:\/\/www.hsymachinery.com\/es\/wp-json\/wp\/v2\/product\/8986\/revisions"}],"predecessor-version":[{"id":9406,"href":"https:\/\/www.hsymachinery.com\/es\/wp-json\/wp\/v2\/product\/8986\/revisions\/9406"}],"wp:featuredmedia":[{"embeddable":true,"href":"https:\/\/www.hsymachinery.com\/es\/wp-json\/wp\/v2\/media\/8987"}],"wp:attachment":[{"href":"https:\/\/www.hsymachinery.com\/es\/wp-json\/wp\/v2\/media?parent=8986"}],"wp:term":[{"taxonomy":"product_brand","embeddable":true,"href":"https:\/\/www.hsymachinery.com\/es\/wp-json\/wp\/v2\/product_brand?post=8986"},{"taxonomy":"product_cat","embeddable":true,"href":"https:\/\/www.hsymachinery.com\/es\/wp-json\/wp\/v2\/product_cat?post=8986"},{"taxonomy":"product_tag","embeddable":true,"href":"https:\/\/www.hsymachinery.com\/es\/wp-json\/wp\/v2\/product_tag?post=8986"}],"curies":[{"name":"wp","href":"https:\/\/api.w.org\/{rel}","templated":true}]}}