{"id":8927,"date":"2025-06-18T11:27:56","date_gmt":"2025-06-18T03:27:56","guid":{"rendered":"https:\/\/www.hsymachinery.com\/?post_type=product&#038;p=8927"},"modified":"2025-06-25T21:03:06","modified_gmt":"2025-06-25T13:03:06","slug":"cortadora-de-barras-de-refuerzo-gq55-cuchilla-plana","status":"publish","type":"product","link":"https:\/\/www.hsymachinery.com\/es\/product\/cortadora-de-barras-de-refuerzo-gq55-cuchilla-plana\/","title":{"rendered":"M\u00e1quina cortadora de armaduras GQ55 (cuchilla plana)"},"content":{"rendered":"<h3 data-start=\"429\" data-end=\"519\">Resumen del producto - Cizalla de precisi\u00f3n de hoja plana para aplicaciones pesadas<\/h3>\n<p data-start=\"521\" data-end=\"893\">En <strong data-start=\"525\" data-end=\"568\">M\u00e1quina cortadora de armadura GQ55 (cuchilla plana)<\/strong> est\u00e1 dise\u00f1ada para tareas exigentes de corte de acero en proyectos de construcci\u00f3n a gran escala. Este modelo corta eficazmente barras de acero de 6 mm a 42 mm de di\u00e1metro, incluidas barras corrugadas, redondas y de carbono. Con una cuchilla plana dise\u00f1ada con precisi\u00f3n, proporciona cortes afilados y precisos que cumplen las normas de refuerzo estructural.<\/p>\n<p data-start=\"895\" data-end=\"1076\">A diferencia de las m\u00e1quinas m\u00e1s ligeras, la GQ55 proporciona una mayor potencia de par y una estabilidad reforzada, lo que la hace adecuada para trabajos en puentes, construcciones de gran altura y astilleros de prefabricaci\u00f3n.<\/p>\n<h3 data-start=\"1083\" data-end=\"1130\">Rendimiento de corte preciso y duradero<\/h3>\n<p data-start=\"1132\" data-end=\"1363\">El sistema de cuchilla plana garantiza una l\u00ednea de corte recta, lo que se traduce en una deformaci\u00f3n m\u00ednima de la barra y un acabado de corte m\u00e1s limpio. Adem\u00e1s, este modelo reduce la p\u00e9rdida de material durante el procesamiento, lo que contribuye a reducir sus costes operativos a lo largo del tiempo.<\/p>\n<p data-start=\"1365\" data-end=\"1643\">Gracias a su motor de cobre de calidad industrial, la m\u00e1quina cortadora de armadura GQ55 (cuchilla plana) ofrece un suministro de potencia estable y continuo. Adem\u00e1s, el sistema de transmisi\u00f3n interno se ha perfeccionado para reducir el ruido mec\u00e1nico y aumentar la vida \u00fatil, incluso en condiciones de uso intensivo.<\/p>\n<p data-start=\"1645\" data-end=\"1802\">Adem\u00e1s, el dise\u00f1o de acceso r\u00e1pido simplifica el mantenimiento rutinario. Los operadores pueden inspeccionar, lubricar o cambiar las cuchillas f\u00e1cilmente sin necesidad de desmontar varios paneles.<\/p>\n<h3 data-start=\"1809\" data-end=\"1851\">Dise\u00f1o reforzado para un uso prolongado<\/h3>\n<p data-start=\"1853\" data-end=\"2186\">El modelo GQ55 adopta una carcasa de hierro fundido fuertemente reforzada para garantizar una excelente resistencia contra vibraciones y esfuerzos prolongados. Adem\u00e1s, est\u00e1 equipada con ruedas resistentes al desgaste, que permiten un desplazamiento sin esfuerzo por superficies rugosas. Una palanca manual proporciona un control intuitivo, garantizando que cada corte sea eficiente y seguro.<\/p>\n<p data-start=\"2188\" data-end=\"2365\">Admite <strong data-start=\"2200\" data-end=\"2243\">configuraciones de doble voltaje (220V\/380V)<\/strong> y <strong data-start=\"2248\" data-end=\"2261\">50 Hz\/60 Hz<\/strong>por lo que es muy adaptable a los mercados de exportaci\u00f3n de Asia, Oriente Medio, \u00c1frica y Am\u00e9rica Latina.<\/p>\n<h3 data-start=\"2372\" data-end=\"2420\">Principales ventajas del cortador de cuchilla plana GQ55<\/h3>\n<ul data-start=\"2422\" data-end=\"2640\">\n<li data-start=\"2422\" data-end=\"2476\">\n<p data-start=\"2424\" data-end=\"2476\">Cizalla barras de acero de 6-42 mm con precisi\u00f3n constante<\/p>\n<\/li>\n<li data-start=\"2477\" data-end=\"2522\">\n<p data-start=\"2479\" data-end=\"2522\">Dise\u00f1ado para entornos de construcci\u00f3n dif\u00edciles<\/p>\n<\/li>\n<li data-start=\"2523\" data-end=\"2580\">\n<p data-start=\"2525\" data-end=\"2580\">Vibraciones m\u00ednimas, larga vida \u00fatil y f\u00e1cil mantenimiento<\/p>\n<\/li>\n<li data-start=\"2581\" data-end=\"2640\">\n<p data-start=\"2583\" data-end=\"2640\">Opciones de tensi\u00f3n y frecuencia personalizables para un uso global<\/p>\n<\/li>\n<\/ul>\n<p><iframe title=\"cortadora de barras de refuerzo cortadora de barras de refuerzo ,cortadora de barras de acero ,maquinaria de construcci\u00f3n\" width=\"720\" height=\"405\" src=\"https:\/\/www.youtube.com\/embed\/cIrJPBezWsw?feature=oembed\" frameborder=\"0\" allow=\"accelerometer; autoplay; clipboard-write; encrypted-media; gyroscope; picture-in-picture; web-share\" referrerpolicy=\"strict-origin-when-cross-origin\" allowfullscreen><\/iframe><\/p>","protected":false},"excerpt":{"rendered":"<p>La cizalla para armaduras de cuchilla plana GQ55 est\u00e1 dise\u00f1ada para cizallar barras de 6-42 mm con gran resistencia y fiabilidad, ofreciendo cortes limpios y un funcionamiento suave para las necesidades de la construcci\u00f3n industrial.<\/p>","protected":false},"featured_media":8928,"template":"","meta":{"_kad_post_transparent":"default","_kad_post_title":"","_kad_post_layout":"default","_kad_post_sidebar_id":"","_kad_post_content_style":"default","_kad_post_vertical_padding":"default","_kad_post_feature":"","_kad_post_feature_position":"","_kad_post_header":false,"_kad_post_footer":false},"product_brand":[],"product_cat":[51],"product_tag":[988,992,990,989,993,985,994,987,984,991,986],"class_list":{"0":"post-8927","1":"product","2":"type-product","3":"status-publish","4":"has-post-thumbnail","6":"product_cat-rebar-cutting-machine","7":"product_tag-automatic-rebar-cutter","8":"product_tag-construction-steel-bar-cutter","9":"product_tag-electric-rebar-cutting-tool","10":"product_tag-hydraulic-rebar-cutting-machine","11":"product_tag-portable-rebar-cutting-machine","12":"product_tag-rebar-cutter","13":"product_tag-rebar-cutting-machine","14":"product_tag-reinforcement-bar-cutter","15":"product_tag-steel-bar-cutting-machine","16":"product_tag-steel-rod-cutter-machine","17":"product_tag-tmt-bar-cutting-machine","19":"first","20":"instock","21":"shipping-taxable","22":"product-type-simple","23":"entry","24":"content-bg","25":"loop-entry"},"yoast_head":"<!-- This site is optimized with the Yoast SEO plugin v25.3.1 - https:\/\/yoast.com\/wordpress\/plugins\/seo\/ -->\n<title>Rebar Cutting Machine GQ55 (Flat knife) - HSY Construction Machinery<\/title>\n<meta name=\"description\" content=\"Rebar Cutting Machine GQ55 (Flat Knife) shears 6\u201342mm bars precisely. Heavy-duty design for durable use in global construction and steel processing sectors.\" \/>\n<meta name=\"robots\" content=\"index, follow, max-snippet:-1, max-image-preview:large, max-video-preview:-1\" \/>\n<link rel=\"canonical\" href=\"https:\/\/www.hsymachinery.com\/es\/product\/cortadora-de-barras-de-refuerzo-gq55-cuchilla-plana\/\" \/>\n<meta property=\"og:locale\" content=\"es_ES\" \/>\n<meta property=\"og:type\" content=\"article\" \/>\n<meta property=\"og:title\" content=\"Rebar Cutting Machine GQ55 (Flat knife) - HSY Construction Machinery\" \/>\n<meta property=\"og:description\" content=\"Rebar Cutting Machine GQ55 (Flat Knife) shears 6\u201342mm bars precisely. Heavy-duty design for durable use in global construction and steel processing sectors.\" \/>\n<meta property=\"og:url\" content=\"https:\/\/www.hsymachinery.com\/es\/product\/cortadora-de-barras-de-refuerzo-gq55-cuchilla-plana\/\" \/>\n<meta property=\"og:site_name\" content=\"HSY Construction Machinery\" \/>\n<meta property=\"article:modified_time\" content=\"2025-06-25T13:03:06+00:00\" \/>\n<meta property=\"og:image\" content=\"https:\/\/www.hsymachinery.com\/wp-content\/uploads\/2025\/06\/Rebar-Cutting-Machine-GQ55-Flat-knife.jpg\" \/>\n\t<meta property=\"og:image:width\" content=\"600\" \/>\n\t<meta property=\"og:image:height\" content=\"600\" \/>\n\t<meta property=\"og:image:type\" content=\"image\/jpeg\" \/>\n<meta name=\"twitter:card\" content=\"summary_large_image\" \/>\n<meta name=\"twitter:label1\" content=\"Tiempo de lectura\" \/>\n\t<meta name=\"twitter:data1\" content=\"2 minutos\" \/>\n<script type=\"application\/ld+json\" class=\"yoast-schema-graph\">{\"@context\":\"https:\/\/schema.org\",\"@graph\":[{\"@type\":\"WebPage\",\"@id\":\"https:\/\/www.hsymachinery.com\/product\/rebar-cutting-machine-gq55-flat-knife\/\",\"url\":\"https:\/\/www.hsymachinery.com\/product\/rebar-cutting-machine-gq55-flat-knife\/\",\"name\":\"Rebar Cutting Machine GQ55 (Flat knife) - HSY Construction Machinery\",\"isPartOf\":{\"@id\":\"https:\/\/www.hsymachinery.com\/#website\"},\"primaryImageOfPage\":{\"@id\":\"https:\/\/www.hsymachinery.com\/product\/rebar-cutting-machine-gq55-flat-knife\/#primaryimage\"},\"image\":{\"@id\":\"https:\/\/www.hsymachinery.com\/product\/rebar-cutting-machine-gq55-flat-knife\/#primaryimage\"},\"thumbnailUrl\":\"https:\/\/www.hsymachinery.com\/wp-content\/uploads\/2025\/06\/Rebar-Cutting-Machine-GQ55-Flat-knife.jpg\",\"datePublished\":\"2025-06-18T03:27:56+00:00\",\"dateModified\":\"2025-06-25T13:03:06+00:00\",\"description\":\"Rebar Cutting Machine GQ55 (Flat Knife) shears 6\u201342mm bars precisely. Heavy-duty design for durable use in global construction and steel processing sectors.\",\"breadcrumb\":{\"@id\":\"https:\/\/www.hsymachinery.com\/product\/rebar-cutting-machine-gq55-flat-knife\/#breadcrumb\"},\"inLanguage\":\"es\",\"potentialAction\":[{\"@type\":\"ReadAction\",\"target\":[\"https:\/\/www.hsymachinery.com\/product\/rebar-cutting-machine-gq55-flat-knife\/\"]}]},{\"@type\":\"ImageObject\",\"inLanguage\":\"es\",\"@id\":\"https:\/\/www.hsymachinery.com\/product\/rebar-cutting-machine-gq55-flat-knife\/#primaryimage\",\"url\":\"https:\/\/www.hsymachinery.com\/wp-content\/uploads\/2025\/06\/Rebar-Cutting-Machine-GQ55-Flat-knife.jpg\",\"contentUrl\":\"https:\/\/www.hsymachinery.com\/wp-content\/uploads\/2025\/06\/Rebar-Cutting-Machine-GQ55-Flat-knife.jpg\",\"width\":600,\"height\":600},{\"@type\":\"BreadcrumbList\",\"@id\":\"https:\/\/www.hsymachinery.com\/product\/rebar-cutting-machine-gq55-flat-knife\/#breadcrumb\",\"itemListElement\":[{\"@type\":\"ListItem\",\"position\":1,\"name\":\"home\",\"item\":\"https:\/\/www.hsymachinery.com\/\"},{\"@type\":\"ListItem\",\"position\":2,\"name\":\"products\",\"item\":\"https:\/\/www.hsymachinery.com\/products\/\"},{\"@type\":\"ListItem\",\"position\":3,\"name\":\"Rebar Cutting Machine GQ55 (Flat knife)\"}]},{\"@type\":\"WebSite\",\"@id\":\"https:\/\/www.hsymachinery.com\/#website\",\"url\":\"https:\/\/www.hsymachinery.com\/\",\"name\":\"HSY Construction Machinery\",\"description\":\"HSY Machinery \u2013 A leading China construction machinery supplier, offering a wide range of light construction equipment. Our main products include Rebar Cutting Machine, Rebar Bending Machine, Rebar Stirrup Bending Machine, Rebar Arc Bending Machine, Rebar Straightening Machine, Five-Head Rebar Stirrup Bending Machine, Tamping Rammer, Plate Compactor, Concrete Cutter, Power Trowel, and other construction machinery. We are equipped with advanced CNC machines, and we enforce strict quality inspection standards along with comprehensive after-sales service. If you are interested in our products or services, we warmly welcome your inquiries via message.\",\"publisher\":{\"@id\":\"https:\/\/www.hsymachinery.com\/#organization\"},\"potentialAction\":[{\"@type\":\"SearchAction\",\"target\":{\"@type\":\"EntryPoint\",\"urlTemplate\":\"https:\/\/www.hsymachinery.com\/?s={search_term_string}\"},\"query-input\":{\"@type\":\"PropertyValueSpecification\",\"valueRequired\":true,\"valueName\":\"search_term_string\"}}],\"inLanguage\":\"es\"},{\"@type\":\"Organization\",\"@id\":\"https:\/\/www.hsymachinery.com\/#organization\",\"name\":\"HSY Construction Machinery\",\"url\":\"https:\/\/www.hsymachinery.com\/\",\"logo\":{\"@type\":\"ImageObject\",\"inLanguage\":\"es\",\"@id\":\"https:\/\/www.hsymachinery.com\/#\/schema\/logo\/image\/\",\"url\":\"https:\/\/www.hsymachinery.com\/wp-content\/uploads\/2025\/06\/cropped-HSY-machinery.png\",\"contentUrl\":\"https:\/\/www.hsymachinery.com\/wp-content\/uploads\/2025\/06\/cropped-HSY-machinery.png\",\"width\":600,\"height\":240,\"caption\":\"HSY Construction Machinery\"},\"image\":{\"@id\":\"https:\/\/www.hsymachinery.com\/#\/schema\/logo\/image\/\"}}]}<\/script>\n<!-- \/ Yoast SEO plugin. -->","yoast_head_json":{"title":"M\u00e1quina cortadora de varilla GQ55 (Cuchilla plana) - HSY Maquinaria de construcci\u00f3n","description":"La m\u00e1quina cortadora de barras de refuerzo GQ55 (cuchilla plana) cizalla barras de 6-42 mm con precisi\u00f3n. Dise\u00f1o resistente para un uso duradero en los sectores mundiales de la construcci\u00f3n y el procesamiento del acero.","robots":{"index":"index","follow":"follow","max-snippet":"max-snippet:-1","max-image-preview":"max-image-preview:large","max-video-preview":"max-video-preview:-1"},"canonical":"https:\/\/www.hsymachinery.com\/es\/product\/cortadora-de-barras-de-refuerzo-gq55-cuchilla-plana\/","og_locale":"es_ES","og_type":"article","og_title":"Rebar Cutting Machine GQ55 (Flat knife) - HSY Construction Machinery","og_description":"Rebar Cutting Machine GQ55 (Flat Knife) shears 6\u201342mm bars precisely. Heavy-duty design for durable use in global construction and steel processing sectors.","og_url":"https:\/\/www.hsymachinery.com\/es\/product\/cortadora-de-barras-de-refuerzo-gq55-cuchilla-plana\/","og_site_name":"HSY Construction Machinery","article_modified_time":"2025-06-25T13:03:06+00:00","og_image":[{"width":600,"height":600,"url":"https:\/\/www.hsymachinery.com\/wp-content\/uploads\/2025\/06\/Rebar-Cutting-Machine-GQ55-Flat-knife.jpg","type":"image\/jpeg"}],"twitter_card":"summary_large_image","twitter_misc":{"Tiempo de lectura":"2 minutos"},"schema":{"@context":"https:\/\/schema.org","@graph":[{"@type":"WebPage","@id":"https:\/\/www.hsymachinery.com\/product\/rebar-cutting-machine-gq55-flat-knife\/","url":"https:\/\/www.hsymachinery.com\/product\/rebar-cutting-machine-gq55-flat-knife\/","name":"M\u00e1quina cortadora de varilla GQ55 (Cuchilla plana) - HSY Maquinaria de construcci\u00f3n","isPartOf":{"@id":"https:\/\/www.hsymachinery.com\/#website"},"primaryImageOfPage":{"@id":"https:\/\/www.hsymachinery.com\/product\/rebar-cutting-machine-gq55-flat-knife\/#primaryimage"},"image":{"@id":"https:\/\/www.hsymachinery.com\/product\/rebar-cutting-machine-gq55-flat-knife\/#primaryimage"},"thumbnailUrl":"https:\/\/www.hsymachinery.com\/wp-content\/uploads\/2025\/06\/Rebar-Cutting-Machine-GQ55-Flat-knife.jpg","datePublished":"2025-06-18T03:27:56+00:00","dateModified":"2025-06-25T13:03:06+00:00","description":"La m\u00e1quina cortadora de barras de refuerzo GQ55 (cuchilla plana) cizalla barras de 6-42 mm con precisi\u00f3n. Dise\u00f1o resistente para un uso duradero en los sectores mundiales de la construcci\u00f3n y el procesamiento del acero.","breadcrumb":{"@id":"https:\/\/www.hsymachinery.com\/product\/rebar-cutting-machine-gq55-flat-knife\/#breadcrumb"},"inLanguage":"es","potentialAction":[{"@type":"ReadAction","target":["https:\/\/www.hsymachinery.com\/product\/rebar-cutting-machine-gq55-flat-knife\/"]}]},{"@type":"ImageObject","inLanguage":"es","@id":"https:\/\/www.hsymachinery.com\/product\/rebar-cutting-machine-gq55-flat-knife\/#primaryimage","url":"https:\/\/www.hsymachinery.com\/wp-content\/uploads\/2025\/06\/Rebar-Cutting-Machine-GQ55-Flat-knife.jpg","contentUrl":"https:\/\/www.hsymachinery.com\/wp-content\/uploads\/2025\/06\/Rebar-Cutting-Machine-GQ55-Flat-knife.jpg","width":600,"height":600},{"@type":"BreadcrumbList","@id":"https:\/\/www.hsymachinery.com\/product\/rebar-cutting-machine-gq55-flat-knife\/#breadcrumb","itemListElement":[{"@type":"ListItem","position":1,"name":"home","item":"https:\/\/www.hsymachinery.com\/"},{"@type":"ListItem","position":2,"name":"products","item":"https:\/\/www.hsymachinery.com\/products\/"},{"@type":"ListItem","position":3,"name":"Rebar Cutting Machine GQ55 (Flat knife)"}]},{"@type":"WebSite","@id":"https:\/\/www.hsymachinery.com\/#website","url":"https:\/\/www.hsymachinery.com\/","name":"Maquinaria de construcci\u00f3n HSY","description":"HSY Machinery - Un proveedor l\u00edder de maquinaria de construcci\u00f3n en China, que ofrece una amplia gama de equipos de construcci\u00f3n ligera. Nuestros productos principales incluyen m\u00e1quina cortadora de varilla, m\u00e1quina dobladora de varilla, m\u00e1quina dobladora de estribo de varilla, m\u00e1quina dobladora de arco de varilla, m\u00e1quina enderezadora de varilla, m\u00e1quina dobladora de estribo de varilla de cinco cabezas, apisonador, compactador de placa, cortadora de concreto, allanadora mec\u00e1nica, y otra maquinaria de construcci\u00f3n. Estamos equipados con m\u00e1quinas CNC avanzadas, y aplicamos estrictas normas de inspecci\u00f3n de calidad, junto con un completo servicio post-venta. Si usted est\u00e1 interesado en nuestros productos o servicios, damos la bienvenida a sus consultas a trav\u00e9s de mensaje.","publisher":{"@id":"https:\/\/www.hsymachinery.com\/#organization"},"potentialAction":[{"@type":"SearchAction","target":{"@type":"EntryPoint","urlTemplate":"https:\/\/www.hsymachinery.com\/?s={search_term_string}"},"query-input":{"@type":"PropertyValueSpecification","valueRequired":true,"valueName":"search_term_string"}}],"inLanguage":"es"},{"@type":"Organization","@id":"https:\/\/www.hsymachinery.com\/#organization","name":"Maquinaria de construcci\u00f3n HSY","url":"https:\/\/www.hsymachinery.com\/","logo":{"@type":"ImageObject","inLanguage":"es","@id":"https:\/\/www.hsymachinery.com\/#\/schema\/logo\/image\/","url":"https:\/\/www.hsymachinery.com\/wp-content\/uploads\/2025\/06\/cropped-HSY-machinery.png","contentUrl":"https:\/\/www.hsymachinery.com\/wp-content\/uploads\/2025\/06\/cropped-HSY-machinery.png","width":600,"height":240,"caption":"HSY Construction Machinery"},"image":{"@id":"https:\/\/www.hsymachinery.com\/#\/schema\/logo\/image\/"}}]}},"_links":{"self":[{"href":"https:\/\/www.hsymachinery.com\/es\/wp-json\/wp\/v2\/product\/8927","targetHints":{"allow":["GET"]}}],"collection":[{"href":"https:\/\/www.hsymachinery.com\/es\/wp-json\/wp\/v2\/product"}],"about":[{"href":"https:\/\/www.hsymachinery.com\/es\/wp-json\/wp\/v2\/types\/product"}],"version-history":[{"count":3,"href":"https:\/\/www.hsymachinery.com\/es\/wp-json\/wp\/v2\/product\/8927\/revisions"}],"predecessor-version":[{"id":9333,"href":"https:\/\/www.hsymachinery.com\/es\/wp-json\/wp\/v2\/product\/8927\/revisions\/9333"}],"wp:featuredmedia":[{"embeddable":true,"href":"https:\/\/www.hsymachinery.com\/es\/wp-json\/wp\/v2\/media\/8928"}],"wp:attachment":[{"href":"https:\/\/www.hsymachinery.com\/es\/wp-json\/wp\/v2\/media?parent=8927"}],"wp:term":[{"taxonomy":"product_brand","embeddable":true,"href":"https:\/\/www.hsymachinery.com\/es\/wp-json\/wp\/v2\/product_brand?post=8927"},{"taxonomy":"product_cat","embeddable":true,"href":"https:\/\/www.hsymachinery.com\/es\/wp-json\/wp\/v2\/product_cat?post=8927"},{"taxonomy":"product_tag","embeddable":true,"href":"https:\/\/www.hsymachinery.com\/es\/wp-json\/wp\/v2\/product_tag?post=8927"}],"curies":[{"name":"wp","href":"https:\/\/api.w.org\/{rel}","templated":true}]}}