{"id":8921,"date":"2025-06-18T11:24:46","date_gmt":"2025-06-18T03:24:46","guid":{"rendered":"https:\/\/www.hsymachinery.com\/?post_type=product&#038;p=8921"},"modified":"2025-06-25T20:50:31","modified_gmt":"2025-06-25T12:50:31","slug":"cortadora-de-barras-de-refuerzo-gq50-cuchilla-plana","status":"publish","type":"product","link":"https:\/\/www.hsymachinery.com\/es\/product\/cortadora-de-barras-de-refuerzo-gq50-cuchilla-plana\/","title":{"rendered":"M\u00e1quina cortadora de armaduras GQ50 (cuchilla plana)"},"content":{"rendered":"<h3 data-start=\"419\" data-end=\"476\">M\u00e1quina cortadora de acero resistente para barras de refuerzo de hasta 40 mm<\/h3>\n<h3 data-start=\"483\" data-end=\"570\">\u00a0Resumen del producto - Equipo industrial de procesamiento de armaduras para corte a gran escala<\/h3>\n<p data-start=\"572\" data-end=\"990\">En <strong data-start=\"576\" data-end=\"619\">M\u00e1quina cortadora de armadura GQ50 (cuchilla plana)<\/strong> es una m\u00e1quina de corte de acero de gran capacidad dise\u00f1ada para satisfacer las necesidades de la construcci\u00f3n pesada. Dise\u00f1ada para cortar <strong data-start=\"724\" data-end=\"739\">De 6 mm a 40 mm<\/strong> Este modelo es ideal para aplicaciones de infraestructuras, puentes, t\u00faneles y prefabricaci\u00f3n. Su mecanismo de corte de cuchilla plana garantiza un proceso de cizallado estable y limpio, proporcionando unos bordes uniformemente lisos y reduciendo la p\u00e9rdida de material.<\/p>\n<h3 data-start=\"997\" data-end=\"1062\">Rendimiento de corte estable con un dise\u00f1o de cuchilla de alta resistencia<\/h3>\n<p data-start=\"1064\" data-end=\"1407\">Este modelo utiliza un <strong data-start=\"1082\" data-end=\"1112\">sistema de corte con cuchilla plana<\/strong> que aplica una presi\u00f3n uniforme en cada segmento de barra de refuerzo. Como resultado, los cortes son precisos y limpios, sin distorsiones ni rebabas. La robusta hoja puede soportar grandes cargas de trabajo manteniendo la precisi\u00f3n a lo largo del tiempo. Adem\u00e1s, el sistema de cambio r\u00e1pido de la hoja hace que el mantenimiento sea r\u00e1pido y sencillo.<\/p>\n<p data-start=\"1409\" data-end=\"1692\">En <strong data-start=\"1413\" data-end=\"1456\"><a href=\"https:\/\/www.hsymachinery.com\/es\/productos\/maquina-cortadora-de-barras-de-refuerzo\/\" target=\"_blank\" rel=\"noopener\">M\u00e1quina cortadora de armaduras<\/a> GQ50 (Cuchillo plano)<\/strong> est\u00e1 propulsada por un motor de cobre de alta eficiencia que proporciona un fuerte par motor con un bajo consumo de energ\u00eda. Combinado con una caja de engranajes mecanizada con precisi\u00f3n, esta m\u00e1quina funciona con m\u00ednimas vibraciones y bajo nivel de ruido, incluso en condiciones de uso continuo.<\/p>\n<h3 data-start=\"1699\" data-end=\"1749\">Bastidor robusto y dise\u00f1o global listo para la exportaci\u00f3n<\/h3>\n<p data-start=\"1751\" data-end=\"2081\">La m\u00e1quina cuenta con un cuerpo de hierro fundido reforzado, que garantiza la integridad estructural bajo esfuerzos mec\u00e1nicos prolongados. Las ruedas de goma maciza mejoran la movilidad in situ, mientras que la palanca de control manual facilita el manejo. Adem\u00e1s, la cubierta superior abierta facilita el acceso durante el mantenimiento y el cambio de cuchillas.<\/p>\n<p data-start=\"2083\" data-end=\"2335\">Compatible con m\u00faltiples est\u00e1ndares de voltaje (220V\/380V, 50Hz\/60Hz), esta m\u00e1quina es id\u00f3nea para los mercados internacionales. Los profesionales eligen el modelo de cuchilla plana GQ50 por su fiabilidad a largo plazo, consistencia de corte y fuerte retorno de la inversi\u00f3n.<\/p>\n<h3 data-start=\"2342\" data-end=\"2388\">\u00a0\u00bfPor qu\u00e9 elegir la cortadora de armadura de cuchilla plana GQ50?<\/h3>\n<ul data-start=\"2390\" data-end=\"2631\">\n<li data-start=\"2390\" data-end=\"2452\">\n<p data-start=\"2392\" data-end=\"2452\">Corta barras de refuerzo de 6 mm a 40 mm con un rendimiento limpio y estable<\/p>\n<\/li>\n<li data-start=\"2453\" data-end=\"2525\">\n<p data-start=\"2455\" data-end=\"2525\">Dise\u00f1o resistente para largas horas de corte sin p\u00e9rdida de precisi\u00f3n<\/p>\n<\/li>\n<li data-start=\"2526\" data-end=\"2574\">\n<p data-start=\"2528\" data-end=\"2574\">Cambio r\u00e1pido de cuchillas y f\u00e1cil mantenimiento<\/p>\n<\/li>\n<li data-start=\"2575\" data-end=\"2631\">\n<p data-start=\"2577\" data-end=\"2631\">Preparado para la exportaci\u00f3n con personalizaci\u00f3n de voltaje para uso global<\/p>\n<\/li>\n<\/ul>\n<p><iframe title=\"cortadora de barras de refuerzo cortadora de barras de refuerzo ,cortadora de barras de acero ,maquinaria de construcci\u00f3n\" width=\"720\" height=\"405\" src=\"https:\/\/www.youtube.com\/embed\/cIrJPBezWsw?feature=oembed\" frameborder=\"0\" allow=\"accelerometer; autoplay; clipboard-write; encrypted-media; gyroscope; picture-in-picture; web-share\" referrerpolicy=\"strict-origin-when-cross-origin\" allowfullscreen><\/iframe><\/p>","protected":false},"excerpt":{"rendered":"<p>La cortadora de armaduras de cuchilla plana GQ50 proporciona cortes estables y limpios para barras de acero de 6-40 mm. Ideal para entornos de construcci\u00f3n de alta carga y uso prolongado en obras.<\/p>","protected":false},"featured_media":8922,"template":"","meta":{"_kad_post_transparent":"default","_kad_post_title":"","_kad_post_layout":"default","_kad_post_sidebar_id":"","_kad_post_content_style":"default","_kad_post_vertical_padding":"default","_kad_post_feature":"","_kad_post_feature_position":"","_kad_post_header":false,"_kad_post_footer":false},"product_brand":[],"product_cat":[51],"product_tag":[988,992,990,989,993,985,994,987,984,991,986],"class_list":{"0":"post-8921","1":"product","2":"type-product","3":"status-publish","4":"has-post-thumbnail","6":"product_cat-rebar-cutting-machine","7":"product_tag-automatic-rebar-cutter","8":"product_tag-construction-steel-bar-cutter","9":"product_tag-electric-rebar-cutting-tool","10":"product_tag-hydraulic-rebar-cutting-machine","11":"product_tag-portable-rebar-cutting-machine","12":"product_tag-rebar-cutter","13":"product_tag-rebar-cutting-machine","14":"product_tag-reinforcement-bar-cutter","15":"product_tag-steel-bar-cutting-machine","16":"product_tag-steel-rod-cutter-machine","17":"product_tag-tmt-bar-cutting-machine","19":"first","20":"instock","21":"shipping-taxable","22":"product-type-simple","23":"entry","24":"content-bg","25":"loop-entry"},"yoast_head":"<!-- This site is optimized with the Yoast SEO plugin v25.3.1 - https:\/\/yoast.com\/wordpress\/plugins\/seo\/ -->\n<title>Rebar Cutting Machine GQ50 (Flat knife) - HSY Construction Machinery<\/title>\n<meta name=\"description\" content=\"Rebar Cutting Machine GQ50 (Flat Knife) cuts 6\u201340mm rebar with clean edges and high efficiency. Designed for heavy-duty construction and export demands.\" \/>\n<meta name=\"robots\" content=\"index, follow, max-snippet:-1, max-image-preview:large, max-video-preview:-1\" \/>\n<link rel=\"canonical\" href=\"https:\/\/www.hsymachinery.com\/es\/product\/cortadora-de-barras-de-refuerzo-gq50-cuchilla-plana\/\" \/>\n<meta property=\"og:locale\" content=\"es_ES\" \/>\n<meta property=\"og:type\" content=\"article\" \/>\n<meta property=\"og:title\" content=\"Rebar Cutting Machine GQ50 (Flat knife) - HSY Construction Machinery\" \/>\n<meta property=\"og:description\" content=\"Rebar Cutting Machine GQ50 (Flat Knife) cuts 6\u201340mm rebar with clean edges and high efficiency. Designed for heavy-duty construction and export demands.\" \/>\n<meta property=\"og:url\" content=\"https:\/\/www.hsymachinery.com\/es\/product\/cortadora-de-barras-de-refuerzo-gq50-cuchilla-plana\/\" \/>\n<meta property=\"og:site_name\" content=\"HSY Construction Machinery\" \/>\n<meta property=\"article:modified_time\" content=\"2025-06-25T12:50:31+00:00\" \/>\n<meta property=\"og:image\" content=\"https:\/\/www.hsymachinery.com\/wp-content\/uploads\/2025\/06\/Rebar-Cutting-Machine-GQ50-Flat-knife.jpg\" \/>\n\t<meta property=\"og:image:width\" content=\"600\" \/>\n\t<meta property=\"og:image:height\" content=\"600\" \/>\n\t<meta property=\"og:image:type\" content=\"image\/jpeg\" \/>\n<meta name=\"twitter:card\" content=\"summary_large_image\" \/>\n<meta name=\"twitter:label1\" content=\"Tiempo de lectura\" \/>\n\t<meta name=\"twitter:data1\" content=\"2 minutos\" \/>\n<script type=\"application\/ld+json\" class=\"yoast-schema-graph\">{\"@context\":\"https:\/\/schema.org\",\"@graph\":[{\"@type\":\"WebPage\",\"@id\":\"https:\/\/www.hsymachinery.com\/product\/rebar-cutting-machine-gq50-flat-knife\/\",\"url\":\"https:\/\/www.hsymachinery.com\/product\/rebar-cutting-machine-gq50-flat-knife\/\",\"name\":\"Rebar Cutting Machine GQ50 (Flat knife) - HSY Construction Machinery\",\"isPartOf\":{\"@id\":\"https:\/\/www.hsymachinery.com\/#website\"},\"primaryImageOfPage\":{\"@id\":\"https:\/\/www.hsymachinery.com\/product\/rebar-cutting-machine-gq50-flat-knife\/#primaryimage\"},\"image\":{\"@id\":\"https:\/\/www.hsymachinery.com\/product\/rebar-cutting-machine-gq50-flat-knife\/#primaryimage\"},\"thumbnailUrl\":\"https:\/\/www.hsymachinery.com\/wp-content\/uploads\/2025\/06\/Rebar-Cutting-Machine-GQ50-Flat-knife.jpg\",\"datePublished\":\"2025-06-18T03:24:46+00:00\",\"dateModified\":\"2025-06-25T12:50:31+00:00\",\"description\":\"Rebar Cutting Machine GQ50 (Flat Knife) cuts 6\u201340mm rebar with clean edges and high efficiency. Designed for heavy-duty construction and export demands.\",\"breadcrumb\":{\"@id\":\"https:\/\/www.hsymachinery.com\/product\/rebar-cutting-machine-gq50-flat-knife\/#breadcrumb\"},\"inLanguage\":\"es\",\"potentialAction\":[{\"@type\":\"ReadAction\",\"target\":[\"https:\/\/www.hsymachinery.com\/product\/rebar-cutting-machine-gq50-flat-knife\/\"]}]},{\"@type\":\"ImageObject\",\"inLanguage\":\"es\",\"@id\":\"https:\/\/www.hsymachinery.com\/product\/rebar-cutting-machine-gq50-flat-knife\/#primaryimage\",\"url\":\"https:\/\/www.hsymachinery.com\/wp-content\/uploads\/2025\/06\/Rebar-Cutting-Machine-GQ50-Flat-knife.jpg\",\"contentUrl\":\"https:\/\/www.hsymachinery.com\/wp-content\/uploads\/2025\/06\/Rebar-Cutting-Machine-GQ50-Flat-knife.jpg\",\"width\":600,\"height\":600},{\"@type\":\"BreadcrumbList\",\"@id\":\"https:\/\/www.hsymachinery.com\/product\/rebar-cutting-machine-gq50-flat-knife\/#breadcrumb\",\"itemListElement\":[{\"@type\":\"ListItem\",\"position\":1,\"name\":\"home\",\"item\":\"https:\/\/www.hsymachinery.com\/\"},{\"@type\":\"ListItem\",\"position\":2,\"name\":\"products\",\"item\":\"https:\/\/www.hsymachinery.com\/products\/\"},{\"@type\":\"ListItem\",\"position\":3,\"name\":\"Rebar Cutting Machine GQ50 (Flat knife)\"}]},{\"@type\":\"WebSite\",\"@id\":\"https:\/\/www.hsymachinery.com\/#website\",\"url\":\"https:\/\/www.hsymachinery.com\/\",\"name\":\"HSY Construction Machinery\",\"description\":\"HSY Machinery \u2013 A leading China construction machinery supplier, offering a wide range of light construction equipment. Our main products include Rebar Cutting Machine, Rebar Bending Machine, Rebar Stirrup Bending Machine, Rebar Arc Bending Machine, Rebar Straightening Machine, Five-Head Rebar Stirrup Bending Machine, Tamping Rammer, Plate Compactor, Concrete Cutter, Power Trowel, and other construction machinery. We are equipped with advanced CNC machines, and we enforce strict quality inspection standards along with comprehensive after-sales service. If you are interested in our products or services, we warmly welcome your inquiries via message.\",\"publisher\":{\"@id\":\"https:\/\/www.hsymachinery.com\/#organization\"},\"potentialAction\":[{\"@type\":\"SearchAction\",\"target\":{\"@type\":\"EntryPoint\",\"urlTemplate\":\"https:\/\/www.hsymachinery.com\/?s={search_term_string}\"},\"query-input\":{\"@type\":\"PropertyValueSpecification\",\"valueRequired\":true,\"valueName\":\"search_term_string\"}}],\"inLanguage\":\"es\"},{\"@type\":\"Organization\",\"@id\":\"https:\/\/www.hsymachinery.com\/#organization\",\"name\":\"HSY Construction Machinery\",\"url\":\"https:\/\/www.hsymachinery.com\/\",\"logo\":{\"@type\":\"ImageObject\",\"inLanguage\":\"es\",\"@id\":\"https:\/\/www.hsymachinery.com\/#\/schema\/logo\/image\/\",\"url\":\"https:\/\/www.hsymachinery.com\/wp-content\/uploads\/2025\/06\/cropped-HSY-machinery.png\",\"contentUrl\":\"https:\/\/www.hsymachinery.com\/wp-content\/uploads\/2025\/06\/cropped-HSY-machinery.png\",\"width\":600,\"height\":240,\"caption\":\"HSY Construction Machinery\"},\"image\":{\"@id\":\"https:\/\/www.hsymachinery.com\/#\/schema\/logo\/image\/\"}}]}<\/script>\n<!-- \/ Yoast SEO plugin. -->","yoast_head_json":{"title":"M\u00e1quina cortadora de varilla GQ50 (Cuchilla plana) - HSY Maquinaria de construcci\u00f3n","description":"La m\u00e1quina cortadora de barras de refuerzo GQ50 (cuchilla plana) corta barras de refuerzo de 6-40 mm con bordes limpios y alta eficiencia. Dise\u00f1ada para la construcci\u00f3n pesada y las demandas de exportaci\u00f3n.","robots":{"index":"index","follow":"follow","max-snippet":"max-snippet:-1","max-image-preview":"max-image-preview:large","max-video-preview":"max-video-preview:-1"},"canonical":"https:\/\/www.hsymachinery.com\/es\/product\/cortadora-de-barras-de-refuerzo-gq50-cuchilla-plana\/","og_locale":"es_ES","og_type":"article","og_title":"Rebar Cutting Machine GQ50 (Flat knife) - HSY Construction Machinery","og_description":"Rebar Cutting Machine GQ50 (Flat Knife) cuts 6\u201340mm rebar with clean edges and high efficiency. Designed for heavy-duty construction and export demands.","og_url":"https:\/\/www.hsymachinery.com\/es\/product\/cortadora-de-barras-de-refuerzo-gq50-cuchilla-plana\/","og_site_name":"HSY Construction Machinery","article_modified_time":"2025-06-25T12:50:31+00:00","og_image":[{"width":600,"height":600,"url":"https:\/\/www.hsymachinery.com\/wp-content\/uploads\/2025\/06\/Rebar-Cutting-Machine-GQ50-Flat-knife.jpg","type":"image\/jpeg"}],"twitter_card":"summary_large_image","twitter_misc":{"Tiempo de lectura":"2 minutos"},"schema":{"@context":"https:\/\/schema.org","@graph":[{"@type":"WebPage","@id":"https:\/\/www.hsymachinery.com\/product\/rebar-cutting-machine-gq50-flat-knife\/","url":"https:\/\/www.hsymachinery.com\/product\/rebar-cutting-machine-gq50-flat-knife\/","name":"M\u00e1quina cortadora de varilla GQ50 (Cuchilla plana) - HSY Maquinaria de construcci\u00f3n","isPartOf":{"@id":"https:\/\/www.hsymachinery.com\/#website"},"primaryImageOfPage":{"@id":"https:\/\/www.hsymachinery.com\/product\/rebar-cutting-machine-gq50-flat-knife\/#primaryimage"},"image":{"@id":"https:\/\/www.hsymachinery.com\/product\/rebar-cutting-machine-gq50-flat-knife\/#primaryimage"},"thumbnailUrl":"https:\/\/www.hsymachinery.com\/wp-content\/uploads\/2025\/06\/Rebar-Cutting-Machine-GQ50-Flat-knife.jpg","datePublished":"2025-06-18T03:24:46+00:00","dateModified":"2025-06-25T12:50:31+00:00","description":"La m\u00e1quina cortadora de barras de refuerzo GQ50 (cuchilla plana) corta barras de refuerzo de 6-40 mm con bordes limpios y alta eficiencia. Dise\u00f1ada para la construcci\u00f3n pesada y las demandas de exportaci\u00f3n.","breadcrumb":{"@id":"https:\/\/www.hsymachinery.com\/product\/rebar-cutting-machine-gq50-flat-knife\/#breadcrumb"},"inLanguage":"es","potentialAction":[{"@type":"ReadAction","target":["https:\/\/www.hsymachinery.com\/product\/rebar-cutting-machine-gq50-flat-knife\/"]}]},{"@type":"ImageObject","inLanguage":"es","@id":"https:\/\/www.hsymachinery.com\/product\/rebar-cutting-machine-gq50-flat-knife\/#primaryimage","url":"https:\/\/www.hsymachinery.com\/wp-content\/uploads\/2025\/06\/Rebar-Cutting-Machine-GQ50-Flat-knife.jpg","contentUrl":"https:\/\/www.hsymachinery.com\/wp-content\/uploads\/2025\/06\/Rebar-Cutting-Machine-GQ50-Flat-knife.jpg","width":600,"height":600},{"@type":"BreadcrumbList","@id":"https:\/\/www.hsymachinery.com\/product\/rebar-cutting-machine-gq50-flat-knife\/#breadcrumb","itemListElement":[{"@type":"ListItem","position":1,"name":"home","item":"https:\/\/www.hsymachinery.com\/"},{"@type":"ListItem","position":2,"name":"products","item":"https:\/\/www.hsymachinery.com\/products\/"},{"@type":"ListItem","position":3,"name":"Rebar Cutting Machine GQ50 (Flat knife)"}]},{"@type":"WebSite","@id":"https:\/\/www.hsymachinery.com\/#website","url":"https:\/\/www.hsymachinery.com\/","name":"Maquinaria de construcci\u00f3n HSY","description":"HSY Machinery - Un proveedor l\u00edder de maquinaria de construcci\u00f3n en China, que ofrece una amplia gama de equipos de construcci\u00f3n ligera. Nuestros productos principales incluyen m\u00e1quina cortadora de varilla, m\u00e1quina dobladora de varilla, m\u00e1quina dobladora de estribo de varilla, m\u00e1quina dobladora de arco de varilla, m\u00e1quina enderezadora de varilla, m\u00e1quina dobladora de estribo de varilla de cinco cabezas, apisonador, compactador de placa, cortadora de concreto, allanadora mec\u00e1nica, y otra maquinaria de construcci\u00f3n. Estamos equipados con m\u00e1quinas CNC avanzadas, y aplicamos estrictas normas de inspecci\u00f3n de calidad, junto con un completo servicio post-venta. Si usted est\u00e1 interesado en nuestros productos o servicios, damos la bienvenida a sus consultas a trav\u00e9s de mensaje.","publisher":{"@id":"https:\/\/www.hsymachinery.com\/#organization"},"potentialAction":[{"@type":"SearchAction","target":{"@type":"EntryPoint","urlTemplate":"https:\/\/www.hsymachinery.com\/?s={search_term_string}"},"query-input":{"@type":"PropertyValueSpecification","valueRequired":true,"valueName":"search_term_string"}}],"inLanguage":"es"},{"@type":"Organization","@id":"https:\/\/www.hsymachinery.com\/#organization","name":"Maquinaria de construcci\u00f3n HSY","url":"https:\/\/www.hsymachinery.com\/","logo":{"@type":"ImageObject","inLanguage":"es","@id":"https:\/\/www.hsymachinery.com\/#\/schema\/logo\/image\/","url":"https:\/\/www.hsymachinery.com\/wp-content\/uploads\/2025\/06\/cropped-HSY-machinery.png","contentUrl":"https:\/\/www.hsymachinery.com\/wp-content\/uploads\/2025\/06\/cropped-HSY-machinery.png","width":600,"height":240,"caption":"HSY Construction Machinery"},"image":{"@id":"https:\/\/www.hsymachinery.com\/#\/schema\/logo\/image\/"}}]}},"_links":{"self":[{"href":"https:\/\/www.hsymachinery.com\/es\/wp-json\/wp\/v2\/product\/8921","targetHints":{"allow":["GET"]}}],"collection":[{"href":"https:\/\/www.hsymachinery.com\/es\/wp-json\/wp\/v2\/product"}],"about":[{"href":"https:\/\/www.hsymachinery.com\/es\/wp-json\/wp\/v2\/types\/product"}],"version-history":[{"count":3,"href":"https:\/\/www.hsymachinery.com\/es\/wp-json\/wp\/v2\/product\/8921\/revisions"}],"predecessor-version":[{"id":9329,"href":"https:\/\/www.hsymachinery.com\/es\/wp-json\/wp\/v2\/product\/8921\/revisions\/9329"}],"wp:featuredmedia":[{"embeddable":true,"href":"https:\/\/www.hsymachinery.com\/es\/wp-json\/wp\/v2\/media\/8922"}],"wp:attachment":[{"href":"https:\/\/www.hsymachinery.com\/es\/wp-json\/wp\/v2\/media?parent=8921"}],"wp:term":[{"taxonomy":"product_brand","embeddable":true,"href":"https:\/\/www.hsymachinery.com\/es\/wp-json\/wp\/v2\/product_brand?post=8921"},{"taxonomy":"product_cat","embeddable":true,"href":"https:\/\/www.hsymachinery.com\/es\/wp-json\/wp\/v2\/product_cat?post=8921"},{"taxonomy":"product_tag","embeddable":true,"href":"https:\/\/www.hsymachinery.com\/es\/wp-json\/wp\/v2\/product_tag?post=8921"}],"curies":[{"name":"wp","href":"https:\/\/api.w.org\/{rel}","templated":true}]}}