{"id":8892,"date":"2025-06-16T10:10:43","date_gmt":"2025-06-16T02:10:43","guid":{"rendered":"https:\/\/www.hsymachinery.com\/?post_type=product&#038;p=8892"},"modified":"2025-06-25T20:14:34","modified_gmt":"2025-06-25T12:14:34","slug":"cortadora-de-barras-de-refuerzo-gq40-cuchilla-plana","status":"publish","type":"product","link":"https:\/\/www.hsymachinery.com\/es\/product\/cortadora-de-barras-de-refuerzo-gq40-cuchilla-plana\/","title":{"rendered":"M\u00e1quina cortadora de armadura GQ40 (cuchilla plana)"},"content":{"rendered":"<p data-start=\"333\" data-end=\"553\">En <strong data-start=\"337\" data-end=\"383\">M\u00e1quina cortadora de barras de refuerzo GQ40 con cuchilla plana<\/strong> proporciona un corte r\u00e1pido y preciso de barras de acero. Los equipos de construcci\u00f3n de todo el mundo conf\u00edan en ella para el trabajo diario en obras, proyectos de puentes y construcci\u00f3n de carreteras.<\/p>\n<p data-start=\"555\" data-end=\"790\">Esta m\u00e1quina utiliza un sistema de cuchilla plana para cortar acero al carbono, barras de acero deformadas y barras redondas. Puede cortar barras de refuerzo con di\u00e1metros de 6 mm a 28 mm. La cuchilla plana aplica una fuerza uniforme, garantizando que cada corte sea limpio y sin rebabas.<\/p>\n<p data-start=\"792\" data-end=\"1029\">La GQ40 cuenta con un motor de alta potencia y un sistema de engranajes duradero. Los operadores pueden utilizarla continuamente sin que se sobrecaliente. La m\u00e1quina funciona con suavidad y produce vibraciones m\u00ednimas. Las ruedas incorporadas facilitan su desplazamiento por la obra.<\/p>\n<p data-start=\"1031\" data-end=\"1198\">El bastidor utiliza hierro fundido de alta resistencia. Resiste el desgaste y mantiene el corte estable durante a\u00f1os. El m\u00f3dulo de cuchillas planas permite un cambio r\u00e1pido de las cuchillas y un mantenimiento sencillo.<\/p>\n<p data-start=\"1200\" data-end=\"1392\">Los operarios controlan la acci\u00f3n de corte con una palanca manual. La m\u00e1quina responde con rapidez, lo que aumenta la eficiencia in situ. Los protectores de seguridad protegen a los usuarios durante el funcionamiento sin bloquear la visibilidad.<\/p>\n<p data-start=\"1394\" data-end=\"1429\">Esta desbarbadora se adapta a muchos usuarios:<\/p>\n<ul data-start=\"1430\" data-end=\"1498\">\n<li data-start=\"1430\" data-end=\"1443\">\n<p data-start=\"1432\" data-end=\"1443\">Contratistas<\/p>\n<\/li>\n<li data-start=\"1444\" data-end=\"1468\">\n<p data-start=\"1446\" data-end=\"1468\">Talleres de transformaci\u00f3n de armaduras<\/p>\n<\/li>\n<li data-start=\"1469\" data-end=\"1498\">\n<p data-start=\"1471\" data-end=\"1498\">Empresas de ingenier\u00eda civil<\/p>\n<\/li>\n<\/ul>\n<p data-start=\"1500\" data-end=\"1654\">Su tama\u00f1o compacto y su compatibilidad con tensiones internacionales (220 V\/380 V, 50 Hz\/60 Hz) lo hacen ideal para la exportaci\u00f3n. Se puede instalar con poca formaci\u00f3n.<\/p>\n<p data-start=\"1656\" data-end=\"1846\">Elija el<a href=\"https:\/\/www.hsymachinery.com\/es\/productos\/maquina-cortadora-de-barras-de-refuerzo\/\" target=\"_blank\" rel=\"noopener\"> M\u00e1quina cortadora de armaduras<\/a> GQ40 (cuchilla plana) si desea un rendimiento fiable, poco mantenimiento y un corte r\u00e1pido todos los d\u00edas. Ahorra tiempo, reduce el desperdicio de barras de refuerzo y mantiene la productividad de su equipo.<\/p>\n<p><iframe title=\"cortadora de barras de refuerzo cortadora de barras de refuerzo ,cortadora de barras de acero ,maquinaria de construcci\u00f3n\" width=\"720\" height=\"405\" src=\"https:\/\/www.youtube.com\/embed\/cIrJPBezWsw?feature=oembed\" frameborder=\"0\" allow=\"accelerometer; autoplay; clipboard-write; encrypted-media; gyroscope; picture-in-picture; web-share\" referrerpolicy=\"strict-origin-when-cross-origin\" allowfullscreen><\/iframe><\/p>","protected":false},"excerpt":{"rendered":"<p>La cizalla GQ40 con cuchilla plana corta barras de 6-28 mm con rapidez y precisi\u00f3n. Port\u00e1til, duradera e ideal para el uso diario en la construcci\u00f3n.<\/p>","protected":false},"featured_media":8908,"template":"","meta":{"_kad_post_transparent":"default","_kad_post_title":"","_kad_post_layout":"default","_kad_post_sidebar_id":"","_kad_post_content_style":"default","_kad_post_vertical_padding":"default","_kad_post_feature":"","_kad_post_feature_position":"","_kad_post_header":false,"_kad_post_footer":false},"product_brand":[],"product_cat":[51],"product_tag":[988,992,990,989,993,985,994,987,984,991,986],"class_list":{"0":"post-8892","1":"product","2":"type-product","3":"status-publish","4":"has-post-thumbnail","6":"product_cat-rebar-cutting-machine","7":"product_tag-automatic-rebar-cutter","8":"product_tag-construction-steel-bar-cutter","9":"product_tag-electric-rebar-cutting-tool","10":"product_tag-hydraulic-rebar-cutting-machine","11":"product_tag-portable-rebar-cutting-machine","12":"product_tag-rebar-cutter","13":"product_tag-rebar-cutting-machine","14":"product_tag-reinforcement-bar-cutter","15":"product_tag-steel-bar-cutting-machine","16":"product_tag-steel-rod-cutter-machine","17":"product_tag-tmt-bar-cutting-machine","19":"first","20":"instock","21":"shipping-taxable","22":"product-type-simple","23":"entry","24":"content-bg","25":"loop-entry"},"yoast_head":"<!-- This site is optimized with the Yoast SEO plugin v25.3.1 - https:\/\/yoast.com\/wordpress\/plugins\/seo\/ -->\n<title>Rebar Cutting Machine GQ40 (Flat knife) - HSY Construction Machinery<\/title>\n<meta name=\"description\" content=\"Export-grade GQ40 Rebar Cutting Machine with flat knife cuts 6\u201328mm rebar fast and clean. Ideal for construction and steel processing.\" \/>\n<meta name=\"robots\" content=\"index, follow, max-snippet:-1, max-image-preview:large, max-video-preview:-1\" \/>\n<link rel=\"canonical\" href=\"https:\/\/www.hsymachinery.com\/es\/product\/cortadora-de-barras-de-refuerzo-gq40-cuchilla-plana\/\" \/>\n<meta property=\"og:locale\" content=\"es_ES\" \/>\n<meta property=\"og:type\" content=\"article\" \/>\n<meta property=\"og:title\" content=\"Rebar Cutting Machine GQ40 (Flat knife) - HSY Construction Machinery\" \/>\n<meta property=\"og:description\" content=\"Export-grade GQ40 Rebar Cutting Machine with flat knife cuts 6\u201328mm rebar fast and clean. Ideal for construction and steel processing.\" \/>\n<meta property=\"og:url\" content=\"https:\/\/www.hsymachinery.com\/es\/product\/cortadora-de-barras-de-refuerzo-gq40-cuchilla-plana\/\" \/>\n<meta property=\"og:site_name\" content=\"HSY Construction Machinery\" \/>\n<meta property=\"article:modified_time\" content=\"2025-06-25T12:14:34+00:00\" \/>\n<meta property=\"og:image\" content=\"https:\/\/www.hsymachinery.com\/wp-content\/uploads\/2025\/06\/Rebar-Cutting-Machine-GQ40-Flat-knife.jpg\" \/>\n\t<meta property=\"og:image:width\" content=\"600\" \/>\n\t<meta property=\"og:image:height\" content=\"600\" \/>\n\t<meta property=\"og:image:type\" content=\"image\/jpeg\" \/>\n<meta name=\"twitter:card\" content=\"summary_large_image\" \/>\n<meta name=\"twitter:label1\" content=\"Tiempo de lectura\" \/>\n\t<meta name=\"twitter:data1\" content=\"2 minutos\" \/>\n<script type=\"application\/ld+json\" class=\"yoast-schema-graph\">{\"@context\":\"https:\/\/schema.org\",\"@graph\":[{\"@type\":\"WebPage\",\"@id\":\"https:\/\/www.hsymachinery.com\/product\/rebar-cutting-machine-gq40-flat-knife\/\",\"url\":\"https:\/\/www.hsymachinery.com\/product\/rebar-cutting-machine-gq40-flat-knife\/\",\"name\":\"Rebar Cutting Machine GQ40 (Flat knife) - HSY Construction Machinery\",\"isPartOf\":{\"@id\":\"https:\/\/www.hsymachinery.com\/#website\"},\"primaryImageOfPage\":{\"@id\":\"https:\/\/www.hsymachinery.com\/product\/rebar-cutting-machine-gq40-flat-knife\/#primaryimage\"},\"image\":{\"@id\":\"https:\/\/www.hsymachinery.com\/product\/rebar-cutting-machine-gq40-flat-knife\/#primaryimage\"},\"thumbnailUrl\":\"https:\/\/www.hsymachinery.com\/wp-content\/uploads\/2025\/06\/Rebar-Cutting-Machine-GQ40-Flat-knife.jpg\",\"datePublished\":\"2025-06-16T02:10:43+00:00\",\"dateModified\":\"2025-06-25T12:14:34+00:00\",\"description\":\"Export-grade GQ40 Rebar Cutting Machine with flat knife cuts 6\u201328mm rebar fast and clean. Ideal for construction and steel processing.\",\"breadcrumb\":{\"@id\":\"https:\/\/www.hsymachinery.com\/product\/rebar-cutting-machine-gq40-flat-knife\/#breadcrumb\"},\"inLanguage\":\"es\",\"potentialAction\":[{\"@type\":\"ReadAction\",\"target\":[\"https:\/\/www.hsymachinery.com\/product\/rebar-cutting-machine-gq40-flat-knife\/\"]}]},{\"@type\":\"ImageObject\",\"inLanguage\":\"es\",\"@id\":\"https:\/\/www.hsymachinery.com\/product\/rebar-cutting-machine-gq40-flat-knife\/#primaryimage\",\"url\":\"https:\/\/www.hsymachinery.com\/wp-content\/uploads\/2025\/06\/Rebar-Cutting-Machine-GQ40-Flat-knife.jpg\",\"contentUrl\":\"https:\/\/www.hsymachinery.com\/wp-content\/uploads\/2025\/06\/Rebar-Cutting-Machine-GQ40-Flat-knife.jpg\",\"width\":600,\"height\":600},{\"@type\":\"BreadcrumbList\",\"@id\":\"https:\/\/www.hsymachinery.com\/product\/rebar-cutting-machine-gq40-flat-knife\/#breadcrumb\",\"itemListElement\":[{\"@type\":\"ListItem\",\"position\":1,\"name\":\"home\",\"item\":\"https:\/\/www.hsymachinery.com\/\"},{\"@type\":\"ListItem\",\"position\":2,\"name\":\"products\",\"item\":\"https:\/\/www.hsymachinery.com\/products\/\"},{\"@type\":\"ListItem\",\"position\":3,\"name\":\"Rebar Cutting Machine GQ40 (Flat knife)\"}]},{\"@type\":\"WebSite\",\"@id\":\"https:\/\/www.hsymachinery.com\/#website\",\"url\":\"https:\/\/www.hsymachinery.com\/\",\"name\":\"HSY Construction Machinery\",\"description\":\"HSY Machinery \u2013 A leading China construction machinery supplier, offering a wide range of light construction equipment. Our main products include Rebar Cutting Machine, Rebar Bending Machine, Rebar Stirrup Bending Machine, Rebar Arc Bending Machine, Rebar Straightening Machine, Five-Head Rebar Stirrup Bending Machine, Tamping Rammer, Plate Compactor, Concrete Cutter, Power Trowel, and other construction machinery. We are equipped with advanced CNC machines, and we enforce strict quality inspection standards along with comprehensive after-sales service. If you are interested in our products or services, we warmly welcome your inquiries via message.\",\"publisher\":{\"@id\":\"https:\/\/www.hsymachinery.com\/#organization\"},\"potentialAction\":[{\"@type\":\"SearchAction\",\"target\":{\"@type\":\"EntryPoint\",\"urlTemplate\":\"https:\/\/www.hsymachinery.com\/?s={search_term_string}\"},\"query-input\":{\"@type\":\"PropertyValueSpecification\",\"valueRequired\":true,\"valueName\":\"search_term_string\"}}],\"inLanguage\":\"es\"},{\"@type\":\"Organization\",\"@id\":\"https:\/\/www.hsymachinery.com\/#organization\",\"name\":\"HSY Construction Machinery\",\"url\":\"https:\/\/www.hsymachinery.com\/\",\"logo\":{\"@type\":\"ImageObject\",\"inLanguage\":\"es\",\"@id\":\"https:\/\/www.hsymachinery.com\/#\/schema\/logo\/image\/\",\"url\":\"https:\/\/www.hsymachinery.com\/wp-content\/uploads\/2025\/06\/cropped-HSY-machinery.png\",\"contentUrl\":\"https:\/\/www.hsymachinery.com\/wp-content\/uploads\/2025\/06\/cropped-HSY-machinery.png\",\"width\":600,\"height\":240,\"caption\":\"HSY Construction Machinery\"},\"image\":{\"@id\":\"https:\/\/www.hsymachinery.com\/#\/schema\/logo\/image\/\"}}]}<\/script>\n<!-- \/ Yoast SEO plugin. -->","yoast_head_json":{"title":"M\u00e1quina cortadora de varilla GQ40 (Cuchilla plana) - HSY Maquinaria de construcci\u00f3n","description":"La cortadora de barras de refuerzo GQ40 con cuchilla plana corta barras de refuerzo de 6-28 mm de forma r\u00e1pida y limpia. Ideal para la construcci\u00f3n y el procesamiento de acero.","robots":{"index":"index","follow":"follow","max-snippet":"max-snippet:-1","max-image-preview":"max-image-preview:large","max-video-preview":"max-video-preview:-1"},"canonical":"https:\/\/www.hsymachinery.com\/es\/product\/cortadora-de-barras-de-refuerzo-gq40-cuchilla-plana\/","og_locale":"es_ES","og_type":"article","og_title":"Rebar Cutting Machine GQ40 (Flat knife) - HSY Construction Machinery","og_description":"Export-grade GQ40 Rebar Cutting Machine with flat knife cuts 6\u201328mm rebar fast and clean. Ideal for construction and steel processing.","og_url":"https:\/\/www.hsymachinery.com\/es\/product\/cortadora-de-barras-de-refuerzo-gq40-cuchilla-plana\/","og_site_name":"HSY Construction Machinery","article_modified_time":"2025-06-25T12:14:34+00:00","og_image":[{"width":600,"height":600,"url":"https:\/\/www.hsymachinery.com\/wp-content\/uploads\/2025\/06\/Rebar-Cutting-Machine-GQ40-Flat-knife.jpg","type":"image\/jpeg"}],"twitter_card":"summary_large_image","twitter_misc":{"Tiempo de lectura":"2 minutos"},"schema":{"@context":"https:\/\/schema.org","@graph":[{"@type":"WebPage","@id":"https:\/\/www.hsymachinery.com\/product\/rebar-cutting-machine-gq40-flat-knife\/","url":"https:\/\/www.hsymachinery.com\/product\/rebar-cutting-machine-gq40-flat-knife\/","name":"M\u00e1quina cortadora de varilla GQ40 (Cuchilla plana) - HSY Maquinaria de construcci\u00f3n","isPartOf":{"@id":"https:\/\/www.hsymachinery.com\/#website"},"primaryImageOfPage":{"@id":"https:\/\/www.hsymachinery.com\/product\/rebar-cutting-machine-gq40-flat-knife\/#primaryimage"},"image":{"@id":"https:\/\/www.hsymachinery.com\/product\/rebar-cutting-machine-gq40-flat-knife\/#primaryimage"},"thumbnailUrl":"https:\/\/www.hsymachinery.com\/wp-content\/uploads\/2025\/06\/Rebar-Cutting-Machine-GQ40-Flat-knife.jpg","datePublished":"2025-06-16T02:10:43+00:00","dateModified":"2025-06-25T12:14:34+00:00","description":"La cortadora de barras de refuerzo GQ40 con cuchilla plana corta barras de refuerzo de 6-28 mm de forma r\u00e1pida y limpia. Ideal para la construcci\u00f3n y el procesamiento de acero.","breadcrumb":{"@id":"https:\/\/www.hsymachinery.com\/product\/rebar-cutting-machine-gq40-flat-knife\/#breadcrumb"},"inLanguage":"es","potentialAction":[{"@type":"ReadAction","target":["https:\/\/www.hsymachinery.com\/product\/rebar-cutting-machine-gq40-flat-knife\/"]}]},{"@type":"ImageObject","inLanguage":"es","@id":"https:\/\/www.hsymachinery.com\/product\/rebar-cutting-machine-gq40-flat-knife\/#primaryimage","url":"https:\/\/www.hsymachinery.com\/wp-content\/uploads\/2025\/06\/Rebar-Cutting-Machine-GQ40-Flat-knife.jpg","contentUrl":"https:\/\/www.hsymachinery.com\/wp-content\/uploads\/2025\/06\/Rebar-Cutting-Machine-GQ40-Flat-knife.jpg","width":600,"height":600},{"@type":"BreadcrumbList","@id":"https:\/\/www.hsymachinery.com\/product\/rebar-cutting-machine-gq40-flat-knife\/#breadcrumb","itemListElement":[{"@type":"ListItem","position":1,"name":"home","item":"https:\/\/www.hsymachinery.com\/"},{"@type":"ListItem","position":2,"name":"products","item":"https:\/\/www.hsymachinery.com\/products\/"},{"@type":"ListItem","position":3,"name":"Rebar Cutting Machine GQ40 (Flat knife)"}]},{"@type":"WebSite","@id":"https:\/\/www.hsymachinery.com\/#website","url":"https:\/\/www.hsymachinery.com\/","name":"Maquinaria de construcci\u00f3n HSY","description":"HSY Machinery - Un proveedor l\u00edder de maquinaria de construcci\u00f3n en China, que ofrece una amplia gama de equipos de construcci\u00f3n ligera. Nuestros productos principales incluyen m\u00e1quina cortadora de varilla, m\u00e1quina dobladora de varilla, m\u00e1quina dobladora de estribo de varilla, m\u00e1quina dobladora de arco de varilla, m\u00e1quina enderezadora de varilla, m\u00e1quina dobladora de estribo de varilla de cinco cabezas, apisonador, compactador de placa, cortadora de concreto, allanadora mec\u00e1nica, y otra maquinaria de construcci\u00f3n. Estamos equipados con m\u00e1quinas CNC avanzadas, y aplicamos estrictas normas de inspecci\u00f3n de calidad, junto con un completo servicio post-venta. Si usted est\u00e1 interesado en nuestros productos o servicios, damos la bienvenida a sus consultas a trav\u00e9s de mensaje.","publisher":{"@id":"https:\/\/www.hsymachinery.com\/#organization"},"potentialAction":[{"@type":"SearchAction","target":{"@type":"EntryPoint","urlTemplate":"https:\/\/www.hsymachinery.com\/?s={search_term_string}"},"query-input":{"@type":"PropertyValueSpecification","valueRequired":true,"valueName":"search_term_string"}}],"inLanguage":"es"},{"@type":"Organization","@id":"https:\/\/www.hsymachinery.com\/#organization","name":"Maquinaria de construcci\u00f3n HSY","url":"https:\/\/www.hsymachinery.com\/","logo":{"@type":"ImageObject","inLanguage":"es","@id":"https:\/\/www.hsymachinery.com\/#\/schema\/logo\/image\/","url":"https:\/\/www.hsymachinery.com\/wp-content\/uploads\/2025\/06\/cropped-HSY-machinery.png","contentUrl":"https:\/\/www.hsymachinery.com\/wp-content\/uploads\/2025\/06\/cropped-HSY-machinery.png","width":600,"height":240,"caption":"HSY Construction Machinery"},"image":{"@id":"https:\/\/www.hsymachinery.com\/#\/schema\/logo\/image\/"}}]}},"_links":{"self":[{"href":"https:\/\/www.hsymachinery.com\/es\/wp-json\/wp\/v2\/product\/8892","targetHints":{"allow":["GET"]}}],"collection":[{"href":"https:\/\/www.hsymachinery.com\/es\/wp-json\/wp\/v2\/product"}],"about":[{"href":"https:\/\/www.hsymachinery.com\/es\/wp-json\/wp\/v2\/types\/product"}],"version-history":[{"count":10,"href":"https:\/\/www.hsymachinery.com\/es\/wp-json\/wp\/v2\/product\/8892\/revisions"}],"predecessor-version":[{"id":9317,"href":"https:\/\/www.hsymachinery.com\/es\/wp-json\/wp\/v2\/product\/8892\/revisions\/9317"}],"wp:featuredmedia":[{"embeddable":true,"href":"https:\/\/www.hsymachinery.com\/es\/wp-json\/wp\/v2\/media\/8908"}],"wp:attachment":[{"href":"https:\/\/www.hsymachinery.com\/es\/wp-json\/wp\/v2\/media?parent=8892"}],"wp:term":[{"taxonomy":"product_brand","embeddable":true,"href":"https:\/\/www.hsymachinery.com\/es\/wp-json\/wp\/v2\/product_brand?post=8892"},{"taxonomy":"product_cat","embeddable":true,"href":"https:\/\/www.hsymachinery.com\/es\/wp-json\/wp\/v2\/product_cat?post=8892"},{"taxonomy":"product_tag","embeddable":true,"href":"https:\/\/www.hsymachinery.com\/es\/wp-json\/wp\/v2\/product_tag?post=8892"}],"curies":[{"name":"wp","href":"https:\/\/api.w.org\/{rel}","templated":true}]}}