{"id":9235,"date":"2025-06-18T21:20:45","date_gmt":"2025-06-18T13:20:45","guid":{"rendered":"https:\/\/www.hsymachinery.com\/?post_type=product&#038;p=9235"},"modified":"2025-06-28T23:57:12","modified_gmt":"2025-06-28T15:57:12","slug":"aufsitz-glatter-ptr-l100d","status":"publish","type":"product","link":"https:\/\/www.hsymachinery.com\/de\/product\/aufsitz-glatter-ptr-l100d\/","title":{"rendered":"Aufsitz-Motorgl\u00e4tter PTR-L100D"},"content":{"rendered":"<h2 data-start=\"144\" data-end=\"182\">Aufsitz-Motorgl\u00e4tter PTR-L100D<\/h2>\n<h3 data-start=\"183\" data-end=\"297\">PTR-L100D Auffahrbare Doppelscheiben-Betonkelle mit Longxin-Motor | Maximale Fl\u00e4chenleistung f\u00fcr gro\u00dffl\u00e4chige Plattenarbeiten<\/h3>\n<h3 data-start=\"304\" data-end=\"404\">Produktbeschreibung - Longxin-Doppelrotorkelle f\u00fcr die effiziente Bearbeitung gro\u00dfer Fl\u00e4chen<a href=\"https:\/\/www.hsymachinery.com\/de\/produkte\/aufsitz-glatter\/\" target=\"_blank\" rel=\"noopener\"><img fetchpriority=\"high\" decoding=\"async\" class=\"wp-image-9616 alignright\" src=\"https:\/\/www.hsymachinery.com\/wp-content\/uploads\/2025\/06\/Sitting-Type-Power-Trowel-209x300.jpg\" alt=\"\" width=\"452\" height=\"649\" srcset=\"https:\/\/www.hsymachinery.com\/wp-content\/uploads\/2025\/06\/Sitting-Type-Power-Trowel-209x300.jpg 209w, https:\/\/www.hsymachinery.com\/wp-content\/uploads\/2025\/06\/Sitting-Type-Power-Trowel-713x1024.jpg 713w, https:\/\/www.hsymachinery.com\/wp-content\/uploads\/2025\/06\/Sitting-Type-Power-Trowel-768x1103.jpg 768w, https:\/\/www.hsymachinery.com\/wp-content\/uploads\/2025\/06\/Sitting-Type-Power-Trowel-600x862.jpg 600w, https:\/\/www.hsymachinery.com\/wp-content\/uploads\/2025\/06\/Sitting-Type-Power-Trowel.jpg 800w\" sizes=\"(max-width: 452px) 100vw, 452px\" \/><\/a><\/h3>\n<p data-start=\"406\" data-end=\"798\">Die <strong data-start=\"410\" data-end=\"444\">PTR-L100D Aufsitz-Gl\u00e4tter<\/strong> ist mit einem Zweischeiben-Rotorsystem ausgestattet, das eine un\u00fcbertroffene Abdeckung und glatte Oberfl\u00e4che bei gro\u00dfen Betonprojekten bietet. Die von einem Longxin-Benzinmotor angetriebene Maschine bietet eine starke Kombination aus Langlebigkeit, Kraftstoffeffizienz und gleichm\u00e4\u00dfiger Leistung, was sie zu einer ausgezeichneten Wahl f\u00fcr Profis macht, die auf kommerziellen Platten arbeiten.<\/p>\n<p data-start=\"800\" data-end=\"1118\">Mit zwei gleichzeitig arbeitenden Gl\u00e4ttkellen erh\u00f6ht dieses Modell die Oberfl\u00e4chenabdeckung erheblich - perfekt f\u00fcr Gro\u00dfbaustellen, Logistikparks oder Parkh\u00e4user. Die Aufsitzkonstruktion verbessert die Produktivit\u00e4t und reduziert Erm\u00fcdungserscheinungen, da der Bediener \u00fcber l\u00e4ngere Zeitr\u00e4ume bequem arbeiten kann.<\/p>\n<p data-start=\"1120\" data-end=\"1430\">Dar\u00fcber hinaus bietet die unabh\u00e4ngige Steuerung der Messerneigung an beiden Rotoren eine h\u00f6here Pr\u00e4zision bei der Endbearbeitung, so dass Sie problemlos zwischen Gleitschleifen und Polieren wechseln k\u00f6nnen. Ein verst\u00e4rkter Rahmen, ein Hochleistungsgetriebe und ein sto\u00dfd\u00e4mpfendes Sitzsystem verl\u00e4ngern die Lebensdauer der Maschine und gew\u00e4hrleisten Stabilit\u00e4t und Komfort f\u00fcr den Bediener.<\/p>\n<p data-start=\"1432\" data-end=\"1600\">Dank seiner gro\u00dfen Stellfl\u00e4che und der Zuverl\u00e4ssigkeit des Longxin-Motors \u00fcberzeugt der PTR-L100D bei allen Projekten, bei denen es auf Geschwindigkeit, Reichweite und gleichbleibende Qualit\u00e4t ankommt.<\/p>\n<h3 data-start=\"1607\" data-end=\"1654\">Hauptmerkmale des PTR-L100D Aufsitzgl\u00e4tters<\/h3>\n<ul data-start=\"1656\" data-end=\"2068\">\n<li data-start=\"1656\" data-end=\"1715\">\n<p data-start=\"1658\" data-end=\"1715\">Zweischeibiges System f\u00fcr hocheffiziente Betonbearbeitung<\/p>\n<\/li>\n<li data-start=\"1716\" data-end=\"1783\">\n<p data-start=\"1718\" data-end=\"1783\">Der Longxin-Benzinmotor sorgt f\u00fcr eine starke und gleichm\u00e4\u00dfige Leistung<\/p>\n<\/li>\n<li data-start=\"1784\" data-end=\"1854\">\n<p data-start=\"1786\" data-end=\"1854\">Die auffahrbare Struktur bietet mehr Komfort und verringert die Erm\u00fcdung der Arbeiter<\/p>\n<\/li>\n<li data-start=\"1855\" data-end=\"1925\">\n<p data-start=\"1857\" data-end=\"1925\">Einstellbare Pitch-Steuerung f\u00fcr beide Scheiben erm\u00f6glicht flexibles Finishing<\/p>\n<\/li>\n<li data-start=\"1926\" data-end=\"1991\">\n<p data-start=\"1928\" data-end=\"1991\">Verst\u00e4rkter Rahmen und Getriebe f\u00fcr harte Baustellenbedingungen<\/p>\n<\/li>\n<li data-start=\"1992\" data-end=\"2068\">\n<p data-start=\"1994\" data-end=\"2068\">Ideal f\u00fcr die gro\u00dffl\u00e4chige Deckenbearbeitung in gewerblichen und industriellen Projekten<\/p>\n<\/li>\n<\/ul>\n<h3 data-start=\"2075\" data-end=\"2168\">Anwendungen - Gebaut f\u00fcr Lagerhallen, Flugh\u00e4fen, gro\u00dfe kommerzielle B\u00f6den und Platten im Freien<\/h3>\n<p data-start=\"2170\" data-end=\"2319\">Der PTR-L100D eignet sich hervorragend f\u00fcr Bauunternehmen, die auf ausgedehnten Betonfl\u00e4chen arbeiten, wo Zeit, Konsistenz und Kraftstoffeffizienz am wichtigsten sind.<\/p>\n<p><iframe title=\"#Konstruktion #Konstruktionsarbeiter #Kelle#\" width=\"720\" height=\"405\" src=\"https:\/\/www.youtube.com\/embed\/XQyVcEkyJOs?feature=oembed\" frameborder=\"0\" allow=\"accelerometer; autoplay; clipboard-write; encrypted-media; gyroscope; picture-in-picture; web-share\" referrerpolicy=\"strict-origin-when-cross-origin\" allowfullscreen><\/iframe><\/p>","protected":false},"excerpt":{"rendered":"<p>Der Aufsitzgl\u00e4tter PTR-L100D mit Longxin-Motor und Zweischeibenkonstruktion erm\u00f6glicht eine effiziente Betonbearbeitung von gro\u00dffl\u00e4chigen Platten in gewerblichen oder industriellen Umgebungen.<\/p>","protected":false},"featured_media":9236,"template":"","meta":{"_kad_post_transparent":"default","_kad_post_title":"","_kad_post_layout":"default","_kad_post_sidebar_id":"","_kad_post_content_style":"default","_kad_post_vertical_padding":"default","_kad_post_feature":"","_kad_post_feature_position":"","_kad_post_header":false,"_kad_post_footer":false},"product_brand":[],"product_cat":[58],"product_tag":[1093,1094,1098,1091,1096,1092,1097,1099,1095,1100],"class_list":{"0":"post-9235","1":"product","2":"type-product","3":"status-publish","4":"has-post-thumbnail","6":"product_cat-ride-on-power-trowel","7":"product_tag-concrete-ride-on-trowel","8":"product_tag-concrete-ride-on-trowel-machine","9":"product_tag-concrete-surface-finishing-trowel","10":"product_tag-double-disc-ride-on-power-trowel","11":"product_tag-double-rotor-power-trowel","12":"product_tag-gasoline-ride-on-power-trowel","13":"product_tag-heavy-duty-ride-on-trowel","14":"product_tag-hydraulic-ride-on-trowel","15":"product_tag-ride-on-concrete-finishing-machine","16":"product_tag-ride-on-floor-trowel","18":"first","19":"instock","20":"shipping-taxable","21":"product-type-simple","22":"entry","23":"content-bg","24":"loop-entry"},"yoast_head":"<!-- This site is optimized with the Yoast SEO plugin v25.3.1 - https:\/\/yoast.com\/wordpress\/plugins\/seo\/ -->\n<title>Ride-On Power Trowel PTR-L100D - HSY Construction Machinery<\/title>\n<meta name=\"description\" content=\"PTR-L100D double-disc ride-on power trowel with Longxin engine delivers high-efficiency concrete finishing for large slabs in industrial and commercial projects.\" \/>\n<meta name=\"robots\" content=\"index, follow, max-snippet:-1, max-image-preview:large, max-video-preview:-1\" \/>\n<link rel=\"canonical\" href=\"https:\/\/www.hsymachinery.com\/de\/product\/aufsitz-glatter-ptr-l100d\/\" \/>\n<meta property=\"og:locale\" content=\"de_DE\" \/>\n<meta property=\"og:type\" content=\"article\" \/>\n<meta property=\"og:title\" content=\"Ride-On Power Trowel PTR-L100D - HSY Construction Machinery\" \/>\n<meta property=\"og:description\" content=\"PTR-L100D double-disc ride-on power trowel with Longxin engine delivers high-efficiency concrete finishing for large slabs in industrial and commercial projects.\" \/>\n<meta property=\"og:url\" content=\"https:\/\/www.hsymachinery.com\/de\/product\/aufsitz-glatter-ptr-l100d\/\" \/>\n<meta property=\"og:site_name\" content=\"HSY Construction Machinery\" \/>\n<meta property=\"article:modified_time\" content=\"2025-06-28T15:57:12+00:00\" \/>\n<meta property=\"og:image\" content=\"https:\/\/www.hsymachinery.com\/wp-content\/uploads\/2025\/06\/Ride-On-Power-Trowel-PTR-L100D.jpg\" \/>\n\t<meta property=\"og:image:width\" content=\"800\" \/>\n\t<meta property=\"og:image:height\" content=\"800\" \/>\n\t<meta property=\"og:image:type\" content=\"image\/jpeg\" \/>\n<meta name=\"twitter:card\" content=\"summary_large_image\" \/>\n<meta name=\"twitter:label1\" content=\"Gesch\u00e4tzte Lesezeit\" \/>\n\t<meta name=\"twitter:data1\" content=\"2\u00a0Minuten\" \/>\n<script type=\"application\/ld+json\" class=\"yoast-schema-graph\">{\"@context\":\"https:\/\/schema.org\",\"@graph\":[{\"@type\":\"WebPage\",\"@id\":\"https:\/\/www.hsymachinery.com\/product\/ride-on-power-trowel-ptr-l100d\/\",\"url\":\"https:\/\/www.hsymachinery.com\/product\/ride-on-power-trowel-ptr-l100d\/\",\"name\":\"Ride-On Power Trowel PTR-L100D - HSY Construction Machinery\",\"isPartOf\":{\"@id\":\"https:\/\/www.hsymachinery.com\/#website\"},\"primaryImageOfPage\":{\"@id\":\"https:\/\/www.hsymachinery.com\/product\/ride-on-power-trowel-ptr-l100d\/#primaryimage\"},\"image\":{\"@id\":\"https:\/\/www.hsymachinery.com\/product\/ride-on-power-trowel-ptr-l100d\/#primaryimage\"},\"thumbnailUrl\":\"https:\/\/www.hsymachinery.com\/wp-content\/uploads\/2025\/06\/Ride-On-Power-Trowel-PTR-L100D.jpg\",\"datePublished\":\"2025-06-18T13:20:45+00:00\",\"dateModified\":\"2025-06-28T15:57:12+00:00\",\"description\":\"PTR-L100D double-disc ride-on power trowel with Longxin engine delivers high-efficiency concrete finishing for large slabs in industrial and commercial projects.\",\"breadcrumb\":{\"@id\":\"https:\/\/www.hsymachinery.com\/product\/ride-on-power-trowel-ptr-l100d\/#breadcrumb\"},\"inLanguage\":\"de\",\"potentialAction\":[{\"@type\":\"ReadAction\",\"target\":[\"https:\/\/www.hsymachinery.com\/product\/ride-on-power-trowel-ptr-l100d\/\"]}]},{\"@type\":\"ImageObject\",\"inLanguage\":\"de\",\"@id\":\"https:\/\/www.hsymachinery.com\/product\/ride-on-power-trowel-ptr-l100d\/#primaryimage\",\"url\":\"https:\/\/www.hsymachinery.com\/wp-content\/uploads\/2025\/06\/Ride-On-Power-Trowel-PTR-L100D.jpg\",\"contentUrl\":\"https:\/\/www.hsymachinery.com\/wp-content\/uploads\/2025\/06\/Ride-On-Power-Trowel-PTR-L100D.jpg\",\"width\":800,\"height\":800},{\"@type\":\"BreadcrumbList\",\"@id\":\"https:\/\/www.hsymachinery.com\/product\/ride-on-power-trowel-ptr-l100d\/#breadcrumb\",\"itemListElement\":[{\"@type\":\"ListItem\",\"position\":1,\"name\":\"home\",\"item\":\"https:\/\/www.hsymachinery.com\/\"},{\"@type\":\"ListItem\",\"position\":2,\"name\":\"products\",\"item\":\"https:\/\/www.hsymachinery.com\/products\/\"},{\"@type\":\"ListItem\",\"position\":3,\"name\":\"Ride-On Power Trowel PTR-L100D\"}]},{\"@type\":\"WebSite\",\"@id\":\"https:\/\/www.hsymachinery.com\/#website\",\"url\":\"https:\/\/www.hsymachinery.com\/\",\"name\":\"HSY Construction Machinery\",\"description\":\"HSY Machinery \u2013 A leading China construction machinery supplier, offering a wide range of light construction equipment. Our main products include Rebar Cutting Machine, Rebar Bending Machine, Rebar Stirrup Bending Machine, Rebar Arc Bending Machine, Rebar Straightening Machine, Five-Head Rebar Stirrup Bending Machine, Tamping Rammer, Plate Compactor, Concrete Cutter, Power Trowel, and other construction machinery. We are equipped with advanced CNC machines, and we enforce strict quality inspection standards along with comprehensive after-sales service. If you are interested in our products or services, we warmly welcome your inquiries via message.\",\"publisher\":{\"@id\":\"https:\/\/www.hsymachinery.com\/#organization\"},\"potentialAction\":[{\"@type\":\"SearchAction\",\"target\":{\"@type\":\"EntryPoint\",\"urlTemplate\":\"https:\/\/www.hsymachinery.com\/?s={search_term_string}\"},\"query-input\":{\"@type\":\"PropertyValueSpecification\",\"valueRequired\":true,\"valueName\":\"search_term_string\"}}],\"inLanguage\":\"de\"},{\"@type\":\"Organization\",\"@id\":\"https:\/\/www.hsymachinery.com\/#organization\",\"name\":\"HSY Construction Machinery\",\"url\":\"https:\/\/www.hsymachinery.com\/\",\"logo\":{\"@type\":\"ImageObject\",\"inLanguage\":\"de\",\"@id\":\"https:\/\/www.hsymachinery.com\/#\/schema\/logo\/image\/\",\"url\":\"https:\/\/www.hsymachinery.com\/wp-content\/uploads\/2025\/06\/cropped-HSY-machinery.png\",\"contentUrl\":\"https:\/\/www.hsymachinery.com\/wp-content\/uploads\/2025\/06\/cropped-HSY-machinery.png\",\"width\":600,\"height\":240,\"caption\":\"HSY Construction Machinery\"},\"image\":{\"@id\":\"https:\/\/www.hsymachinery.com\/#\/schema\/logo\/image\/\"}}]}<\/script>\n<!-- \/ Yoast SEO plugin. -->","yoast_head_json":{"title":"Aufsitz-Kellengl\u00e4tter PTR-L100D - HSY Construction Machinery","description":"Der Zweischeiben-Aufsitzgl\u00e4tter PTR-L100D mit Longxin-Motor bietet eine hocheffiziente Betonbearbeitung f\u00fcr gro\u00dfe Platten in industriellen und gewerblichen Projekten.","robots":{"index":"index","follow":"follow","max-snippet":"max-snippet:-1","max-image-preview":"max-image-preview:large","max-video-preview":"max-video-preview:-1"},"canonical":"https:\/\/www.hsymachinery.com\/de\/product\/aufsitz-glatter-ptr-l100d\/","og_locale":"de_DE","og_type":"article","og_title":"Ride-On Power Trowel PTR-L100D - HSY Construction Machinery","og_description":"PTR-L100D double-disc ride-on power trowel with Longxin engine delivers high-efficiency concrete finishing for large slabs in industrial and commercial projects.","og_url":"https:\/\/www.hsymachinery.com\/de\/product\/aufsitz-glatter-ptr-l100d\/","og_site_name":"HSY Construction Machinery","article_modified_time":"2025-06-28T15:57:12+00:00","og_image":[{"width":800,"height":800,"url":"https:\/\/www.hsymachinery.com\/wp-content\/uploads\/2025\/06\/Ride-On-Power-Trowel-PTR-L100D.jpg","type":"image\/jpeg"}],"twitter_card":"summary_large_image","twitter_misc":{"Gesch\u00e4tzte Lesezeit":"2\u00a0Minuten"},"schema":{"@context":"https:\/\/schema.org","@graph":[{"@type":"WebPage","@id":"https:\/\/www.hsymachinery.com\/product\/ride-on-power-trowel-ptr-l100d\/","url":"https:\/\/www.hsymachinery.com\/product\/ride-on-power-trowel-ptr-l100d\/","name":"Aufsitz-Kellengl\u00e4tter PTR-L100D - HSY Construction Machinery","isPartOf":{"@id":"https:\/\/www.hsymachinery.com\/#website"},"primaryImageOfPage":{"@id":"https:\/\/www.hsymachinery.com\/product\/ride-on-power-trowel-ptr-l100d\/#primaryimage"},"image":{"@id":"https:\/\/www.hsymachinery.com\/product\/ride-on-power-trowel-ptr-l100d\/#primaryimage"},"thumbnailUrl":"https:\/\/www.hsymachinery.com\/wp-content\/uploads\/2025\/06\/Ride-On-Power-Trowel-PTR-L100D.jpg","datePublished":"2025-06-18T13:20:45+00:00","dateModified":"2025-06-28T15:57:12+00:00","description":"Der Zweischeiben-Aufsitzgl\u00e4tter PTR-L100D mit Longxin-Motor bietet eine hocheffiziente Betonbearbeitung f\u00fcr gro\u00dfe Platten in industriellen und gewerblichen Projekten.","breadcrumb":{"@id":"https:\/\/www.hsymachinery.com\/product\/ride-on-power-trowel-ptr-l100d\/#breadcrumb"},"inLanguage":"de","potentialAction":[{"@type":"ReadAction","target":["https:\/\/www.hsymachinery.com\/product\/ride-on-power-trowel-ptr-l100d\/"]}]},{"@type":"ImageObject","inLanguage":"de","@id":"https:\/\/www.hsymachinery.com\/product\/ride-on-power-trowel-ptr-l100d\/#primaryimage","url":"https:\/\/www.hsymachinery.com\/wp-content\/uploads\/2025\/06\/Ride-On-Power-Trowel-PTR-L100D.jpg","contentUrl":"https:\/\/www.hsymachinery.com\/wp-content\/uploads\/2025\/06\/Ride-On-Power-Trowel-PTR-L100D.jpg","width":800,"height":800},{"@type":"BreadcrumbList","@id":"https:\/\/www.hsymachinery.com\/product\/ride-on-power-trowel-ptr-l100d\/#breadcrumb","itemListElement":[{"@type":"ListItem","position":1,"name":"home","item":"https:\/\/www.hsymachinery.com\/"},{"@type":"ListItem","position":2,"name":"products","item":"https:\/\/www.hsymachinery.com\/products\/"},{"@type":"ListItem","position":3,"name":"Ride-On Power Trowel PTR-L100D"}]},{"@type":"WebSite","@id":"https:\/\/www.hsymachinery.com\/#website","url":"https:\/\/www.hsymachinery.com\/","name":"HSY Baumaschinen","description":"HSY Machinery - Ein f\u00fchrender chinesischer Lieferant von Baumaschinen, der eine breite Palette von leichten Baumaschinen anbietet. Zu unseren Hauptprodukten geh\u00f6ren Bewehrungsschneidemaschine, Bewehrungsbiegemaschine, Bewehrungsb\u00fcgel-Biegemaschine, Bewehrungsbogen-Biegemaschine, Bewehrungsrichtmaschine, F\u00fcnf-Kopf-Bewehrungsb\u00fcgel-Biegemaschine, Stampfhammer, Plattenverdichter, Betonschneider, Gl\u00e4ttmaschine und andere Baumaschinen. Wir sind mit fortschrittlichen CNC-Maschinen ausgestattet und verf\u00fcgen \u00fcber strenge Qualit\u00e4tskontrollstandards sowie einen umfassenden Kundendienst. Wenn Sie an unseren Produkten oder Dienstleistungen interessiert sind, freuen wir uns \u00fcber Ihre Anfrage per Nachricht.","publisher":{"@id":"https:\/\/www.hsymachinery.com\/#organization"},"potentialAction":[{"@type":"SearchAction","target":{"@type":"EntryPoint","urlTemplate":"https:\/\/www.hsymachinery.com\/?s={search_term_string}"},"query-input":{"@type":"PropertyValueSpecification","valueRequired":true,"valueName":"search_term_string"}}],"inLanguage":"de"},{"@type":"Organization","@id":"https:\/\/www.hsymachinery.com\/#organization","name":"HSY Baumaschinen","url":"https:\/\/www.hsymachinery.com\/","logo":{"@type":"ImageObject","inLanguage":"de","@id":"https:\/\/www.hsymachinery.com\/#\/schema\/logo\/image\/","url":"https:\/\/www.hsymachinery.com\/wp-content\/uploads\/2025\/06\/cropped-HSY-machinery.png","contentUrl":"https:\/\/www.hsymachinery.com\/wp-content\/uploads\/2025\/06\/cropped-HSY-machinery.png","width":600,"height":240,"caption":"HSY Construction Machinery"},"image":{"@id":"https:\/\/www.hsymachinery.com\/#\/schema\/logo\/image\/"}}]}},"_links":{"self":[{"href":"https:\/\/www.hsymachinery.com\/de\/wp-json\/wp\/v2\/product\/9235","targetHints":{"allow":["GET"]}}],"collection":[{"href":"https:\/\/www.hsymachinery.com\/de\/wp-json\/wp\/v2\/product"}],"about":[{"href":"https:\/\/www.hsymachinery.com\/de\/wp-json\/wp\/v2\/types\/product"}],"version-history":[{"count":3,"href":"https:\/\/www.hsymachinery.com\/de\/wp-json\/wp\/v2\/product\/9235\/revisions"}],"predecessor-version":[{"id":9626,"href":"https:\/\/www.hsymachinery.com\/de\/wp-json\/wp\/v2\/product\/9235\/revisions\/9626"}],"wp:featuredmedia":[{"embeddable":true,"href":"https:\/\/www.hsymachinery.com\/de\/wp-json\/wp\/v2\/media\/9236"}],"wp:attachment":[{"href":"https:\/\/www.hsymachinery.com\/de\/wp-json\/wp\/v2\/media?parent=9235"}],"wp:term":[{"taxonomy":"product_brand","embeddable":true,"href":"https:\/\/www.hsymachinery.com\/de\/wp-json\/wp\/v2\/product_brand?post=9235"},{"taxonomy":"product_cat","embeddable":true,"href":"https:\/\/www.hsymachinery.com\/de\/wp-json\/wp\/v2\/product_cat?post=9235"},{"taxonomy":"product_tag","embeddable":true,"href":"https:\/\/www.hsymachinery.com\/de\/wp-json\/wp\/v2\/product_tag?post=9235"}],"curies":[{"name":"wp","href":"https:\/\/api.w.org\/{rel}","templated":true}]}}