{"id":9232,"date":"2025-06-18T21:19:30","date_gmt":"2025-06-18T13:19:30","guid":{"rendered":"https:\/\/www.hsymachinery.com\/?post_type=product&#038;p=9232"},"modified":"2025-06-28T23:53:29","modified_gmt":"2025-06-28T15:53:29","slug":"aufsitz-glatter-ptr-h100","status":"publish","type":"product","link":"https:\/\/www.hsymachinery.com\/de\/product\/aufsitz-glatter-ptr-h100\/","title":{"rendered":"Aufsitz-Kellengl\u00e4tter PTR-H100"},"content":{"rendered":"<h2 data-start=\"146\" data-end=\"183\">Aufsitz-Kellengl\u00e4tter PTR-H100<\/h2>\n<h3 data-start=\"184\" data-end=\"304\">PTR-H100 Aufsitz-Betonbearbeitungsmaschine mit Honda-Motor | Gro\u00dffl\u00e4chige Abdeckung f\u00fcr professionelle Bodenbearbeitung<\/h3>\n<h3 data-start=\"311\" data-end=\"410\">Produktbeschreibung - Aufsitzgl\u00e4tter mit Honda-Antrieb f\u00fcr industrielle Hochleistungsarbeiten<a href=\"https:\/\/www.hsymachinery.com\/de\/produkte\/aufsitz-glatter\/\" target=\"_blank\" rel=\"noopener\"><img fetchpriority=\"high\" decoding=\"async\" class=\"wp-image-9616 alignright\" src=\"https:\/\/www.hsymachinery.com\/wp-content\/uploads\/2025\/06\/Sitting-Type-Power-Trowel-209x300.jpg\" alt=\"\" width=\"451\" height=\"647\" srcset=\"https:\/\/www.hsymachinery.com\/wp-content\/uploads\/2025\/06\/Sitting-Type-Power-Trowel-209x300.jpg 209w, https:\/\/www.hsymachinery.com\/wp-content\/uploads\/2025\/06\/Sitting-Type-Power-Trowel-713x1024.jpg 713w, https:\/\/www.hsymachinery.com\/wp-content\/uploads\/2025\/06\/Sitting-Type-Power-Trowel-768x1103.jpg 768w, https:\/\/www.hsymachinery.com\/wp-content\/uploads\/2025\/06\/Sitting-Type-Power-Trowel-600x862.jpg 600w, https:\/\/www.hsymachinery.com\/wp-content\/uploads\/2025\/06\/Sitting-Type-Power-Trowel.jpg 800w\" sizes=\"(max-width: 451px) 100vw, 451px\" \/><\/a><\/h3>\n<p data-start=\"412\" data-end=\"720\">Die <strong data-start=\"416\" data-end=\"449\">PTR-H100 Aufsitz-Gl\u00e4tter<\/strong> wurde entwickelt, um bei gro\u00dfen Betonplattenprojekten hervorragende Ergebnisse zu erzielen. Die von einem Honda-Benzinmotor angetriebene Maschine bietet gleichbleibende Leistung, einfache Handhabung und eine gr\u00f6\u00dfere Reichweite f\u00fcr Bauunternehmer, die auf industriellen oder gewerblichen B\u00f6den arbeiten.<\/p>\n<p data-start=\"722\" data-end=\"1061\">Mit seinem 100 cm gro\u00dfen Doppelscheibenmesser bearbeitet der PTR-H100 gro\u00dfe Betonfl\u00e4chen effizient und in k\u00fcrzester Zeit. Der aufsitzende Fahrersitz verbessert den Komfort und die Kontrolle, insbesondere bei langen Arbeitszeiten. Der Honda-Motor sorgt f\u00fcr ein gleichm\u00e4\u00dfiges Drehmoment, Kraftstoffeffizienz und dauerhafte Zuverl\u00e4ssigkeit, auch bei hoher Arbeitsbelastung.<\/p>\n<p data-start=\"1063\" data-end=\"1351\">Dar\u00fcber hinaus kann der Bediener die Blattverstellung schnell einstellen, was einen flie\u00dfenden \u00dcbergang zwischen Gleit- und Finisharbeiten erm\u00f6glicht. Der robuste Stahlrahmen, das verst\u00e4rkte Getriebe und die schwingungsd\u00e4mpfende Konstruktion sorgen f\u00fcr Betriebsstabilit\u00e4t und reduzieren den Maschinenverschlei\u00df mit der Zeit.<\/p>\n<p data-start=\"1353\" data-end=\"1575\">Der PTR-H100 ist ideal f\u00fcr den Einsatz in Fabrikhallen, Einkaufszentren, Lagerhallen und Parkh\u00e4usern. Er ist eine zuverl\u00e4ssige Finishing-Maschine f\u00fcr Profis, die Wert auf Pr\u00e4zision, Langlebigkeit und Motorleistung legen.<\/p>\n<h3 data-start=\"1582\" data-end=\"1628\">Hauptmerkmale des PTR-H100 Aufsitzgl\u00e4tters<\/h3>\n<ul data-start=\"1630\" data-end=\"2009\">\n<li data-start=\"1630\" data-end=\"1701\">\n<p data-start=\"1632\" data-end=\"1701\">Angetrieben von einem Honda-Benzinmotor f\u00fcr reibungslosen und effizienten Betrieb<\/p>\n<\/li>\n<li data-start=\"1702\" data-end=\"1766\">\n<p data-start=\"1704\" data-end=\"1766\">100 cm Gl\u00e4ttdurchmesser deckt mehr Fl\u00e4che mit weniger Durchg\u00e4ngen ab<\/p>\n<\/li>\n<li data-start=\"1767\" data-end=\"1831\">\n<p data-start=\"1769\" data-end=\"1831\">Die auffahrbare Struktur bietet dem Bediener Komfort und volle Kontrolle<\/p>\n<\/li>\n<li data-start=\"1832\" data-end=\"1890\">\n<p data-start=\"1834\" data-end=\"1890\">Einstellbarer Klingenabstand f\u00fcr pr\u00e4zise Finishing-Ergebnisse<\/p>\n<\/li>\n<li data-start=\"1891\" data-end=\"1952\">\n<p data-start=\"1893\" data-end=\"1952\">Robustes Getriebe und Stahlrahmen f\u00fcr hohe Beanspruchung<\/p>\n<\/li>\n<li data-start=\"1953\" data-end=\"2009\">\n<p data-start=\"1955\" data-end=\"2009\">Konzipiert f\u00fcr industrielle und gewerbliche Deckenprojekte<\/p>\n<\/li>\n<\/ul>\n<h3 data-start=\"2016\" data-end=\"2106\">Anwendungen - Perfekt f\u00fcr Industriefu\u00dfb\u00f6den, gewerbliche Lagerhallen und Parkpl\u00e4tze<\/h3>\n<p data-start=\"2108\" data-end=\"2304\">Der PTR-H100 eignet sich hervorragend f\u00fcr gro\u00dfvolumige Betonarbeiten und bietet die perfekte Kombination aus Reichweite, Stabilit\u00e4t und Komfort f\u00fcr professionelle Arbeiten an gro\u00dfen Bodenplatten.<\/p>\n<p><iframe title=\"#Konstruktion #Konstruktionsarbeiter #Kelle#\" width=\"720\" height=\"405\" src=\"https:\/\/www.youtube.com\/embed\/XQyVcEkyJOs?feature=oembed\" frameborder=\"0\" allow=\"accelerometer; autoplay; clipboard-write; encrypted-media; gyroscope; picture-in-picture; web-share\" referrerpolicy=\"strict-origin-when-cross-origin\" allowfullscreen><\/iframe><\/p>","protected":false},"excerpt":{"rendered":"<p>Der Aufsitzbetongl\u00e4tter PTR-H100 mit Honda-Motor bietet 100 cm Arbeitsbreite, hervorragende Stabilit\u00e4t und professionelle Ergebnisse bei der Bearbeitung gro\u00dfer Platten.<\/p>","protected":false},"featured_media":9233,"template":"","meta":{"_kad_post_transparent":"default","_kad_post_title":"","_kad_post_layout":"default","_kad_post_sidebar_id":"","_kad_post_content_style":"default","_kad_post_vertical_padding":"default","_kad_post_feature":"","_kad_post_feature_position":"","_kad_post_header":false,"_kad_post_footer":false},"product_brand":[],"product_cat":[58],"product_tag":[1093,1094,1098,1091,1096,1092,1097,1099,1095,1100],"class_list":{"0":"post-9232","1":"product","2":"type-product","3":"status-publish","4":"has-post-thumbnail","6":"product_cat-ride-on-power-trowel","7":"product_tag-concrete-ride-on-trowel","8":"product_tag-concrete-ride-on-trowel-machine","9":"product_tag-concrete-surface-finishing-trowel","10":"product_tag-double-disc-ride-on-power-trowel","11":"product_tag-double-rotor-power-trowel","12":"product_tag-gasoline-ride-on-power-trowel","13":"product_tag-heavy-duty-ride-on-trowel","14":"product_tag-hydraulic-ride-on-trowel","15":"product_tag-ride-on-concrete-finishing-machine","16":"product_tag-ride-on-floor-trowel","18":"first","19":"instock","20":"featured","21":"shipping-taxable","22":"product-type-simple","23":"entry","24":"content-bg","25":"loop-entry"},"yoast_head":"<!-- This site is optimized with the Yoast SEO plugin v25.3.1 - https:\/\/yoast.com\/wordpress\/plugins\/seo\/ -->\n<title>Ride-On Power Trowel PTR-H100 - HSY Construction Machinery<\/title>\n<meta name=\"description\" content=\"PTR-H100 ride-on power trowel with 100 cm blades and Honda engine delivers efficient, high-performance slab finishing for industrial concrete floors.\" \/>\n<meta name=\"robots\" content=\"index, follow, max-snippet:-1, max-image-preview:large, max-video-preview:-1\" \/>\n<link rel=\"canonical\" href=\"https:\/\/www.hsymachinery.com\/de\/product\/aufsitz-glatter-ptr-h100\/\" \/>\n<meta property=\"og:locale\" content=\"de_DE\" \/>\n<meta property=\"og:type\" content=\"article\" \/>\n<meta property=\"og:title\" content=\"Ride-On Power Trowel PTR-H100 - HSY Construction Machinery\" \/>\n<meta property=\"og:description\" content=\"PTR-H100 ride-on power trowel with 100 cm blades and Honda engine delivers efficient, high-performance slab finishing for industrial concrete floors.\" \/>\n<meta property=\"og:url\" content=\"https:\/\/www.hsymachinery.com\/de\/product\/aufsitz-glatter-ptr-h100\/\" \/>\n<meta property=\"og:site_name\" content=\"HSY Construction Machinery\" \/>\n<meta property=\"article:modified_time\" content=\"2025-06-28T15:53:29+00:00\" \/>\n<meta property=\"og:image\" content=\"https:\/\/www.hsymachinery.com\/wp-content\/uploads\/2025\/06\/Ride-On-Power-Trowel-PTR-H100.jpg\" \/>\n\t<meta property=\"og:image:width\" content=\"800\" \/>\n\t<meta property=\"og:image:height\" content=\"800\" \/>\n\t<meta property=\"og:image:type\" content=\"image\/jpeg\" \/>\n<meta name=\"twitter:card\" content=\"summary_large_image\" \/>\n<meta name=\"twitter:label1\" content=\"Gesch\u00e4tzte Lesezeit\" \/>\n\t<meta name=\"twitter:data1\" content=\"2\u00a0Minuten\" \/>\n<script type=\"application\/ld+json\" class=\"yoast-schema-graph\">{\"@context\":\"https:\/\/schema.org\",\"@graph\":[{\"@type\":\"WebPage\",\"@id\":\"https:\/\/www.hsymachinery.com\/product\/ride-on-power-trowel-ptr-h100\/\",\"url\":\"https:\/\/www.hsymachinery.com\/product\/ride-on-power-trowel-ptr-h100\/\",\"name\":\"Ride-On Power Trowel PTR-H100 - HSY Construction Machinery\",\"isPartOf\":{\"@id\":\"https:\/\/www.hsymachinery.com\/#website\"},\"primaryImageOfPage\":{\"@id\":\"https:\/\/www.hsymachinery.com\/product\/ride-on-power-trowel-ptr-h100\/#primaryimage\"},\"image\":{\"@id\":\"https:\/\/www.hsymachinery.com\/product\/ride-on-power-trowel-ptr-h100\/#primaryimage\"},\"thumbnailUrl\":\"https:\/\/www.hsymachinery.com\/wp-content\/uploads\/2025\/06\/Ride-On-Power-Trowel-PTR-H100.jpg\",\"datePublished\":\"2025-06-18T13:19:30+00:00\",\"dateModified\":\"2025-06-28T15:53:29+00:00\",\"description\":\"PTR-H100 ride-on power trowel with 100 cm blades and Honda engine delivers efficient, high-performance slab finishing for industrial concrete floors.\",\"breadcrumb\":{\"@id\":\"https:\/\/www.hsymachinery.com\/product\/ride-on-power-trowel-ptr-h100\/#breadcrumb\"},\"inLanguage\":\"de\",\"potentialAction\":[{\"@type\":\"ReadAction\",\"target\":[\"https:\/\/www.hsymachinery.com\/product\/ride-on-power-trowel-ptr-h100\/\"]}]},{\"@type\":\"ImageObject\",\"inLanguage\":\"de\",\"@id\":\"https:\/\/www.hsymachinery.com\/product\/ride-on-power-trowel-ptr-h100\/#primaryimage\",\"url\":\"https:\/\/www.hsymachinery.com\/wp-content\/uploads\/2025\/06\/Ride-On-Power-Trowel-PTR-H100.jpg\",\"contentUrl\":\"https:\/\/www.hsymachinery.com\/wp-content\/uploads\/2025\/06\/Ride-On-Power-Trowel-PTR-H100.jpg\",\"width\":800,\"height\":800},{\"@type\":\"BreadcrumbList\",\"@id\":\"https:\/\/www.hsymachinery.com\/product\/ride-on-power-trowel-ptr-h100\/#breadcrumb\",\"itemListElement\":[{\"@type\":\"ListItem\",\"position\":1,\"name\":\"home\",\"item\":\"https:\/\/www.hsymachinery.com\/\"},{\"@type\":\"ListItem\",\"position\":2,\"name\":\"products\",\"item\":\"https:\/\/www.hsymachinery.com\/products\/\"},{\"@type\":\"ListItem\",\"position\":3,\"name\":\"Ride-On Power Trowel PTR-H100\"}]},{\"@type\":\"WebSite\",\"@id\":\"https:\/\/www.hsymachinery.com\/#website\",\"url\":\"https:\/\/www.hsymachinery.com\/\",\"name\":\"HSY Construction Machinery\",\"description\":\"HSY Machinery \u2013 A leading China construction machinery supplier, offering a wide range of light construction equipment. Our main products include Rebar Cutting Machine, Rebar Bending Machine, Rebar Stirrup Bending Machine, Rebar Arc Bending Machine, Rebar Straightening Machine, Five-Head Rebar Stirrup Bending Machine, Tamping Rammer, Plate Compactor, Concrete Cutter, Power Trowel, and other construction machinery. We are equipped with advanced CNC machines, and we enforce strict quality inspection standards along with comprehensive after-sales service. If you are interested in our products or services, we warmly welcome your inquiries via message.\",\"publisher\":{\"@id\":\"https:\/\/www.hsymachinery.com\/#organization\"},\"potentialAction\":[{\"@type\":\"SearchAction\",\"target\":{\"@type\":\"EntryPoint\",\"urlTemplate\":\"https:\/\/www.hsymachinery.com\/?s={search_term_string}\"},\"query-input\":{\"@type\":\"PropertyValueSpecification\",\"valueRequired\":true,\"valueName\":\"search_term_string\"}}],\"inLanguage\":\"de\"},{\"@type\":\"Organization\",\"@id\":\"https:\/\/www.hsymachinery.com\/#organization\",\"name\":\"HSY Construction Machinery\",\"url\":\"https:\/\/www.hsymachinery.com\/\",\"logo\":{\"@type\":\"ImageObject\",\"inLanguage\":\"de\",\"@id\":\"https:\/\/www.hsymachinery.com\/#\/schema\/logo\/image\/\",\"url\":\"https:\/\/www.hsymachinery.com\/wp-content\/uploads\/2025\/06\/cropped-HSY-machinery.png\",\"contentUrl\":\"https:\/\/www.hsymachinery.com\/wp-content\/uploads\/2025\/06\/cropped-HSY-machinery.png\",\"width\":600,\"height\":240,\"caption\":\"HSY Construction Machinery\"},\"image\":{\"@id\":\"https:\/\/www.hsymachinery.com\/#\/schema\/logo\/image\/\"}}]}<\/script>\n<!-- \/ Yoast SEO plugin. -->","yoast_head_json":{"title":"Auffahrbare Gl\u00e4ttekelle PTR-H100 - HSY Construction Machinery","description":"Der Aufsitzgl\u00e4tter PTR-H100 mit 100 cm langen Fl\u00fcgeln und Honda-Motor bietet eine effiziente, leistungsstarke Plattenbearbeitung f\u00fcr industrielle Betonb\u00f6den.","robots":{"index":"index","follow":"follow","max-snippet":"max-snippet:-1","max-image-preview":"max-image-preview:large","max-video-preview":"max-video-preview:-1"},"canonical":"https:\/\/www.hsymachinery.com\/de\/product\/aufsitz-glatter-ptr-h100\/","og_locale":"de_DE","og_type":"article","og_title":"Ride-On Power Trowel PTR-H100 - HSY Construction Machinery","og_description":"PTR-H100 ride-on power trowel with 100 cm blades and Honda engine delivers efficient, high-performance slab finishing for industrial concrete floors.","og_url":"https:\/\/www.hsymachinery.com\/de\/product\/aufsitz-glatter-ptr-h100\/","og_site_name":"HSY Construction Machinery","article_modified_time":"2025-06-28T15:53:29+00:00","og_image":[{"width":800,"height":800,"url":"https:\/\/www.hsymachinery.com\/wp-content\/uploads\/2025\/06\/Ride-On-Power-Trowel-PTR-H100.jpg","type":"image\/jpeg"}],"twitter_card":"summary_large_image","twitter_misc":{"Gesch\u00e4tzte Lesezeit":"2\u00a0Minuten"},"schema":{"@context":"https:\/\/schema.org","@graph":[{"@type":"WebPage","@id":"https:\/\/www.hsymachinery.com\/product\/ride-on-power-trowel-ptr-h100\/","url":"https:\/\/www.hsymachinery.com\/product\/ride-on-power-trowel-ptr-h100\/","name":"Auffahrbare Gl\u00e4ttekelle PTR-H100 - HSY Construction Machinery","isPartOf":{"@id":"https:\/\/www.hsymachinery.com\/#website"},"primaryImageOfPage":{"@id":"https:\/\/www.hsymachinery.com\/product\/ride-on-power-trowel-ptr-h100\/#primaryimage"},"image":{"@id":"https:\/\/www.hsymachinery.com\/product\/ride-on-power-trowel-ptr-h100\/#primaryimage"},"thumbnailUrl":"https:\/\/www.hsymachinery.com\/wp-content\/uploads\/2025\/06\/Ride-On-Power-Trowel-PTR-H100.jpg","datePublished":"2025-06-18T13:19:30+00:00","dateModified":"2025-06-28T15:53:29+00:00","description":"Der Aufsitzgl\u00e4tter PTR-H100 mit 100 cm langen Fl\u00fcgeln und Honda-Motor bietet eine effiziente, leistungsstarke Plattenbearbeitung f\u00fcr industrielle Betonb\u00f6den.","breadcrumb":{"@id":"https:\/\/www.hsymachinery.com\/product\/ride-on-power-trowel-ptr-h100\/#breadcrumb"},"inLanguage":"de","potentialAction":[{"@type":"ReadAction","target":["https:\/\/www.hsymachinery.com\/product\/ride-on-power-trowel-ptr-h100\/"]}]},{"@type":"ImageObject","inLanguage":"de","@id":"https:\/\/www.hsymachinery.com\/product\/ride-on-power-trowel-ptr-h100\/#primaryimage","url":"https:\/\/www.hsymachinery.com\/wp-content\/uploads\/2025\/06\/Ride-On-Power-Trowel-PTR-H100.jpg","contentUrl":"https:\/\/www.hsymachinery.com\/wp-content\/uploads\/2025\/06\/Ride-On-Power-Trowel-PTR-H100.jpg","width":800,"height":800},{"@type":"BreadcrumbList","@id":"https:\/\/www.hsymachinery.com\/product\/ride-on-power-trowel-ptr-h100\/#breadcrumb","itemListElement":[{"@type":"ListItem","position":1,"name":"home","item":"https:\/\/www.hsymachinery.com\/"},{"@type":"ListItem","position":2,"name":"products","item":"https:\/\/www.hsymachinery.com\/products\/"},{"@type":"ListItem","position":3,"name":"Ride-On Power Trowel PTR-H100"}]},{"@type":"WebSite","@id":"https:\/\/www.hsymachinery.com\/#website","url":"https:\/\/www.hsymachinery.com\/","name":"HSY Baumaschinen","description":"HSY Machinery - Ein f\u00fchrender chinesischer Lieferant von Baumaschinen, der eine breite Palette von leichten Baumaschinen anbietet. Zu unseren Hauptprodukten geh\u00f6ren Bewehrungsschneidemaschine, Bewehrungsbiegemaschine, Bewehrungsb\u00fcgel-Biegemaschine, Bewehrungsbogen-Biegemaschine, Bewehrungsrichtmaschine, F\u00fcnf-Kopf-Bewehrungsb\u00fcgel-Biegemaschine, Stampfhammer, Plattenverdichter, Betonschneider, Gl\u00e4ttmaschine und andere Baumaschinen. Wir sind mit fortschrittlichen CNC-Maschinen ausgestattet und verf\u00fcgen \u00fcber strenge Qualit\u00e4tskontrollstandards sowie einen umfassenden Kundendienst. Wenn Sie an unseren Produkten oder Dienstleistungen interessiert sind, freuen wir uns \u00fcber Ihre Anfrage per Nachricht.","publisher":{"@id":"https:\/\/www.hsymachinery.com\/#organization"},"potentialAction":[{"@type":"SearchAction","target":{"@type":"EntryPoint","urlTemplate":"https:\/\/www.hsymachinery.com\/?s={search_term_string}"},"query-input":{"@type":"PropertyValueSpecification","valueRequired":true,"valueName":"search_term_string"}}],"inLanguage":"de"},{"@type":"Organization","@id":"https:\/\/www.hsymachinery.com\/#organization","name":"HSY Baumaschinen","url":"https:\/\/www.hsymachinery.com\/","logo":{"@type":"ImageObject","inLanguage":"de","@id":"https:\/\/www.hsymachinery.com\/#\/schema\/logo\/image\/","url":"https:\/\/www.hsymachinery.com\/wp-content\/uploads\/2025\/06\/cropped-HSY-machinery.png","contentUrl":"https:\/\/www.hsymachinery.com\/wp-content\/uploads\/2025\/06\/cropped-HSY-machinery.png","width":600,"height":240,"caption":"HSY Construction Machinery"},"image":{"@id":"https:\/\/www.hsymachinery.com\/#\/schema\/logo\/image\/"}}]}},"_links":{"self":[{"href":"https:\/\/www.hsymachinery.com\/de\/wp-json\/wp\/v2\/product\/9232","targetHints":{"allow":["GET"]}}],"collection":[{"href":"https:\/\/www.hsymachinery.com\/de\/wp-json\/wp\/v2\/product"}],"about":[{"href":"https:\/\/www.hsymachinery.com\/de\/wp-json\/wp\/v2\/types\/product"}],"version-history":[{"count":3,"href":"https:\/\/www.hsymachinery.com\/de\/wp-json\/wp\/v2\/product\/9232\/revisions"}],"predecessor-version":[{"id":9624,"href":"https:\/\/www.hsymachinery.com\/de\/wp-json\/wp\/v2\/product\/9232\/revisions\/9624"}],"wp:featuredmedia":[{"embeddable":true,"href":"https:\/\/www.hsymachinery.com\/de\/wp-json\/wp\/v2\/media\/9233"}],"wp:attachment":[{"href":"https:\/\/www.hsymachinery.com\/de\/wp-json\/wp\/v2\/media?parent=9232"}],"wp:term":[{"taxonomy":"product_brand","embeddable":true,"href":"https:\/\/www.hsymachinery.com\/de\/wp-json\/wp\/v2\/product_brand?post=9232"},{"taxonomy":"product_cat","embeddable":true,"href":"https:\/\/www.hsymachinery.com\/de\/wp-json\/wp\/v2\/product_cat?post=9232"},{"taxonomy":"product_tag","embeddable":true,"href":"https:\/\/www.hsymachinery.com\/de\/wp-json\/wp\/v2\/product_tag?post=9232"}],"curies":[{"name":"wp","href":"https:\/\/api.w.org\/{rel}","templated":true}]}}