{"id":9229,"date":"2025-06-18T21:17:54","date_gmt":"2025-06-18T13:17:54","guid":{"rendered":"https:\/\/www.hsymachinery.com\/?post_type=product&#038;p=9229"},"modified":"2025-06-28T23:48:37","modified_gmt":"2025-06-28T15:48:37","slug":"aufsitz-glatter-ptr-l100","status":"publish","type":"product","link":"https:\/\/www.hsymachinery.com\/de\/product\/aufsitz-glatter-ptr-l100\/","title":{"rendered":"Aufsitz-Kellengl\u00e4tter PTR-L100"},"content":{"rendered":"<h2 data-start=\"139\" data-end=\"176\">Aufsitz-Kellengl\u00e4tter PTR-L100<\/h2>\n<h3 data-start=\"177\" data-end=\"289\">PTR-L100 Auffahrbare Betongl\u00e4ttekelle mit Longxin-Motor | Gro\u00dffl\u00e4chiger Ausbau f\u00fcr industrielle Deckenprojekte<\/h3>\n<h3 data-start=\"296\" data-end=\"398\">Produktbeschreibung - Longxin-angetriebene Aufsitzkelle f\u00fcr die effiziente Bearbeitung von gro\u00dfen Betonplatten<a href=\"https:\/\/www.hsymachinery.com\/de\/produkte\/aufsitz-glatter\/\" target=\"_blank\" rel=\"noopener\"><img fetchpriority=\"high\" decoding=\"async\" class=\"wp-image-9616 alignright\" src=\"https:\/\/www.hsymachinery.com\/wp-content\/uploads\/2025\/06\/Sitting-Type-Power-Trowel-209x300.jpg\" alt=\"\" width=\"451\" height=\"647\" srcset=\"https:\/\/www.hsymachinery.com\/wp-content\/uploads\/2025\/06\/Sitting-Type-Power-Trowel-209x300.jpg 209w, https:\/\/www.hsymachinery.com\/wp-content\/uploads\/2025\/06\/Sitting-Type-Power-Trowel-713x1024.jpg 713w, https:\/\/www.hsymachinery.com\/wp-content\/uploads\/2025\/06\/Sitting-Type-Power-Trowel-768x1103.jpg 768w, https:\/\/www.hsymachinery.com\/wp-content\/uploads\/2025\/06\/Sitting-Type-Power-Trowel-600x862.jpg 600w, https:\/\/www.hsymachinery.com\/wp-content\/uploads\/2025\/06\/Sitting-Type-Power-Trowel.jpg 800w\" sizes=\"(max-width: 451px) 100vw, 451px\" \/><\/a><\/h3>\n<p data-start=\"400\" data-end=\"713\">Die <strong data-start=\"404\" data-end=\"437\">PTR-L100 Aufsitz-Gl\u00e4tter<\/strong> ist eine Betonbearbeitungsmaschine mit gro\u00dfem Durchmesser, die von einem zuverl\u00e4ssigen Longxin-Benzinmotor angetrieben wird. Mit seiner gro\u00dfen Reichweite und verbesserten Man\u00f6vrierf\u00e4higkeit ist dieses Modell ideal f\u00fcr Bauunternehmen, die auf gro\u00dfen Fl\u00e4chen arbeiten, wo Effizienz und Konsistenz am wichtigsten sind.<\/p>\n<p data-start=\"715\" data-end=\"1068\">Die Maschine verf\u00fcgt \u00fcber ein 100 cm langes Zweischeiben-Messersystem, das eine breitere Abdeckung in weniger Durchg\u00e4ngen erm\u00f6glicht. Dies verk\u00fcrzt nicht nur die Arbeitszeit, sondern sorgt auch f\u00fcr eine glatte, ebene Betonoberfl\u00e4che. Die Aufsitzsteuerung sorgt f\u00fcr mehr Komfort und bessere Sicht, w\u00e4hrend die kompakte Lenkung die Handhabung in breiten Betonabschnitten verbessert.<\/p>\n<p data-start=\"1070\" data-end=\"1467\">Dank des Longxin-Motors l\u00e4uft der PTR-L100 gleichm\u00e4\u00dfig und liefert ein starkes Drehmoment bei ausgezeichneter Kraftstoffeffizienz. Der Bediener kann die Messerneigung leicht einstellen, um je nach Zustand der Platte zwischen Schwimmen und Polieren zu wechseln. Der robuste Stahlrahmen, das Hochleistungsgetriebe und der schwingungsd\u00e4mpfende Sitz der Maschine tragen zur Stabilit\u00e4t des Fahrers bei und verringern den Verschlei\u00df.<\/p>\n<p data-start=\"1469\" data-end=\"1651\">Dieser Aufsitzgl\u00e4tter ist ideal f\u00fcr die Fertigstellung von B\u00f6den in Fabriken, gro\u00dfen Lagerhallen und Einkaufszentren und gew\u00e4hrleistet ein professionelles Ergebnis auf jedem Quadratmeter Beton.<\/p>\n<h3 data-start=\"1658\" data-end=\"1711\">Wesentliche Merkmale des PTR-L100 Betongl\u00e4tters<\/h3>\n<ul data-start=\"1713\" data-end=\"2098\">\n<li data-start=\"1713\" data-end=\"1773\">\n<p data-start=\"1715\" data-end=\"1773\">100 cm Messerdurchmesser f\u00fcr schnelle, effiziente Brammenbearbeitung<\/p>\n<\/li>\n<li data-start=\"1774\" data-end=\"1842\">\n<p data-start=\"1776\" data-end=\"1842\">Longxin-Benzinmotor bietet starke und zuverl\u00e4ssige Leistung<\/p>\n<\/li>\n<li data-start=\"1843\" data-end=\"1899\">\n<p data-start=\"1845\" data-end=\"1899\">Das Aufsitzdesign erh\u00f6ht den Komfort und verringert die Erm\u00fcdung<\/p>\n<\/li>\n<li data-start=\"1900\" data-end=\"1968\">\n<p data-start=\"1902\" data-end=\"1968\">Die einstellbare Teilung der Klingen erm\u00f6glicht eine bessere Kontrolle der Oberfl\u00e4chenqualit\u00e4t<\/p>\n<\/li>\n<li data-start=\"1969\" data-end=\"2033\">\n<p data-start=\"1971\" data-end=\"2033\">Robuster Rahmen und verst\u00e4rktes Getriebe f\u00fcr l\u00e4ngere Lebensdauer<\/p>\n<\/li>\n<li data-start=\"2034\" data-end=\"2098\">\n<p data-start=\"2036\" data-end=\"2098\">Geeignet f\u00fcr gro\u00dfe Betonbodenarbeiten im Innen- und Au\u00dfenbereich<\/p>\n<\/li>\n<\/ul>\n<h3 data-start=\"2105\" data-end=\"2198\">Anwendungen - Entwickelt f\u00fcr industrielle Lagerhallen, Werkst\u00e4tten und gro\u00dfe Betonoberfl\u00e4chen<\/h3>\n<p data-start=\"2200\" data-end=\"2428\">Der PTR-L100 eignet sich perfekt f\u00fcr professionelle Arbeiten auf Industrieb\u00f6den, Garagenplatten und Parkdecks. Sein ausgewogenes Verh\u00e4ltnis von Leistung, Gr\u00f6\u00dfe und Bedienerkomfort macht ihn zur idealen Maschine f\u00fcr gro\u00dffl\u00e4chige Betonarbeiten.<\/p>\n<p><iframe title=\"Gl\u00e4tter, Aufsitzgl\u00e4tter, Handschiebegl\u00e4tter, Gl\u00e4tter, Beton\" width=\"720\" height=\"405\" src=\"https:\/\/www.youtube.com\/embed\/f6bzSaqMaws?feature=oembed\" frameborder=\"0\" allow=\"accelerometer; autoplay; clipboard-write; encrypted-media; gyroscope; picture-in-picture; web-share\" referrerpolicy=\"strict-origin-when-cross-origin\" allowfullscreen><\/iframe><\/p>","protected":false},"excerpt":{"rendered":"<p>Der Aufsitzgl\u00e4tter PTR-L100 mit Longxin-Motor bietet eine gro\u00dfe Reichweite von 100 cm und effiziente Leistung f\u00fcr gro\u00dfe Betonplatten. Eine verl\u00e4ssliche Wahl f\u00fcr gewerbliche B\u00f6den.<\/p>","protected":false},"featured_media":9230,"template":"","meta":{"_kad_post_transparent":"default","_kad_post_title":"","_kad_post_layout":"default","_kad_post_sidebar_id":"","_kad_post_content_style":"default","_kad_post_vertical_padding":"default","_kad_post_feature":"","_kad_post_feature_position":"","_kad_post_header":false,"_kad_post_footer":false},"product_brand":[],"product_cat":[58],"product_tag":[1093,1094,1098,1091,1096,1092,1097,1099,1095,1100],"class_list":{"0":"post-9229","1":"product","2":"type-product","3":"status-publish","4":"has-post-thumbnail","6":"product_cat-ride-on-power-trowel","7":"product_tag-concrete-ride-on-trowel","8":"product_tag-concrete-ride-on-trowel-machine","9":"product_tag-concrete-surface-finishing-trowel","10":"product_tag-double-disc-ride-on-power-trowel","11":"product_tag-double-rotor-power-trowel","12":"product_tag-gasoline-ride-on-power-trowel","13":"product_tag-heavy-duty-ride-on-trowel","14":"product_tag-hydraulic-ride-on-trowel","15":"product_tag-ride-on-concrete-finishing-machine","16":"product_tag-ride-on-floor-trowel","18":"first","19":"instock","20":"shipping-taxable","21":"product-type-simple","22":"entry","23":"content-bg","24":"loop-entry"},"yoast_head":"<!-- This site is optimized with the Yoast SEO plugin v25.3.1 - https:\/\/yoast.com\/wordpress\/plugins\/seo\/ -->\n<title>Ride-On Power Trowel PTR-L100 - HSY Construction Machinery<\/title>\n<meta name=\"description\" content=\"PTR-L100 ride-on concrete trowel features a Longxin engine and 100 cm dual disc for fast, consistent finishing on industrial concrete floors.Ride-On Power Trowel PTR-L100\" \/>\n<meta name=\"robots\" content=\"index, follow, max-snippet:-1, max-image-preview:large, max-video-preview:-1\" \/>\n<link rel=\"canonical\" href=\"https:\/\/www.hsymachinery.com\/de\/product\/aufsitz-glatter-ptr-l100\/\" \/>\n<meta property=\"og:locale\" content=\"de_DE\" \/>\n<meta property=\"og:type\" content=\"article\" \/>\n<meta property=\"og:title\" content=\"Ride-On Power Trowel PTR-L100 - HSY Construction Machinery\" \/>\n<meta property=\"og:description\" content=\"PTR-L100 ride-on concrete trowel features a Longxin engine and 100 cm dual disc for fast, consistent finishing on industrial concrete floors.Ride-On Power Trowel PTR-L100\" \/>\n<meta property=\"og:url\" content=\"https:\/\/www.hsymachinery.com\/de\/product\/aufsitz-glatter-ptr-l100\/\" \/>\n<meta property=\"og:site_name\" content=\"HSY Construction Machinery\" \/>\n<meta property=\"article:modified_time\" content=\"2025-06-28T15:48:37+00:00\" \/>\n<meta property=\"og:image\" content=\"https:\/\/www.hsymachinery.com\/wp-content\/uploads\/2025\/06\/Ride-On-Power-Trowel-PTR-L100.jpg\" \/>\n\t<meta property=\"og:image:width\" content=\"800\" \/>\n\t<meta property=\"og:image:height\" content=\"800\" \/>\n\t<meta property=\"og:image:type\" content=\"image\/jpeg\" \/>\n<meta name=\"twitter:card\" content=\"summary_large_image\" \/>\n<meta name=\"twitter:label1\" content=\"Gesch\u00e4tzte Lesezeit\" \/>\n\t<meta name=\"twitter:data1\" content=\"2\u00a0Minuten\" \/>\n<script type=\"application\/ld+json\" class=\"yoast-schema-graph\">{\"@context\":\"https:\/\/schema.org\",\"@graph\":[{\"@type\":\"WebPage\",\"@id\":\"https:\/\/www.hsymachinery.com\/product\/ride-on-power-trowel-ptr-l100\/\",\"url\":\"https:\/\/www.hsymachinery.com\/product\/ride-on-power-trowel-ptr-l100\/\",\"name\":\"Ride-On Power Trowel PTR-L100 - HSY Construction Machinery\",\"isPartOf\":{\"@id\":\"https:\/\/www.hsymachinery.com\/#website\"},\"primaryImageOfPage\":{\"@id\":\"https:\/\/www.hsymachinery.com\/product\/ride-on-power-trowel-ptr-l100\/#primaryimage\"},\"image\":{\"@id\":\"https:\/\/www.hsymachinery.com\/product\/ride-on-power-trowel-ptr-l100\/#primaryimage\"},\"thumbnailUrl\":\"https:\/\/www.hsymachinery.com\/wp-content\/uploads\/2025\/06\/Ride-On-Power-Trowel-PTR-L100.jpg\",\"datePublished\":\"2025-06-18T13:17:54+00:00\",\"dateModified\":\"2025-06-28T15:48:37+00:00\",\"description\":\"PTR-L100 ride-on concrete trowel features a Longxin engine and 100 cm dual disc for fast, consistent finishing on industrial concrete floors.Ride-On Power Trowel PTR-L100\",\"breadcrumb\":{\"@id\":\"https:\/\/www.hsymachinery.com\/product\/ride-on-power-trowel-ptr-l100\/#breadcrumb\"},\"inLanguage\":\"de\",\"potentialAction\":[{\"@type\":\"ReadAction\",\"target\":[\"https:\/\/www.hsymachinery.com\/product\/ride-on-power-trowel-ptr-l100\/\"]}]},{\"@type\":\"ImageObject\",\"inLanguage\":\"de\",\"@id\":\"https:\/\/www.hsymachinery.com\/product\/ride-on-power-trowel-ptr-l100\/#primaryimage\",\"url\":\"https:\/\/www.hsymachinery.com\/wp-content\/uploads\/2025\/06\/Ride-On-Power-Trowel-PTR-L100.jpg\",\"contentUrl\":\"https:\/\/www.hsymachinery.com\/wp-content\/uploads\/2025\/06\/Ride-On-Power-Trowel-PTR-L100.jpg\",\"width\":800,\"height\":800},{\"@type\":\"BreadcrumbList\",\"@id\":\"https:\/\/www.hsymachinery.com\/product\/ride-on-power-trowel-ptr-l100\/#breadcrumb\",\"itemListElement\":[{\"@type\":\"ListItem\",\"position\":1,\"name\":\"home\",\"item\":\"https:\/\/www.hsymachinery.com\/\"},{\"@type\":\"ListItem\",\"position\":2,\"name\":\"products\",\"item\":\"https:\/\/www.hsymachinery.com\/products\/\"},{\"@type\":\"ListItem\",\"position\":3,\"name\":\"Ride-On Power Trowel PTR-L100\"}]},{\"@type\":\"WebSite\",\"@id\":\"https:\/\/www.hsymachinery.com\/#website\",\"url\":\"https:\/\/www.hsymachinery.com\/\",\"name\":\"HSY Construction Machinery\",\"description\":\"HSY Machinery \u2013 A leading China construction machinery supplier, offering a wide range of light construction equipment. Our main products include Rebar Cutting Machine, Rebar Bending Machine, Rebar Stirrup Bending Machine, Rebar Arc Bending Machine, Rebar Straightening Machine, Five-Head Rebar Stirrup Bending Machine, Tamping Rammer, Plate Compactor, Concrete Cutter, Power Trowel, and other construction machinery. We are equipped with advanced CNC machines, and we enforce strict quality inspection standards along with comprehensive after-sales service. If you are interested in our products or services, we warmly welcome your inquiries via message.\",\"publisher\":{\"@id\":\"https:\/\/www.hsymachinery.com\/#organization\"},\"potentialAction\":[{\"@type\":\"SearchAction\",\"target\":{\"@type\":\"EntryPoint\",\"urlTemplate\":\"https:\/\/www.hsymachinery.com\/?s={search_term_string}\"},\"query-input\":{\"@type\":\"PropertyValueSpecification\",\"valueRequired\":true,\"valueName\":\"search_term_string\"}}],\"inLanguage\":\"de\"},{\"@type\":\"Organization\",\"@id\":\"https:\/\/www.hsymachinery.com\/#organization\",\"name\":\"HSY Construction Machinery\",\"url\":\"https:\/\/www.hsymachinery.com\/\",\"logo\":{\"@type\":\"ImageObject\",\"inLanguage\":\"de\",\"@id\":\"https:\/\/www.hsymachinery.com\/#\/schema\/logo\/image\/\",\"url\":\"https:\/\/www.hsymachinery.com\/wp-content\/uploads\/2025\/06\/cropped-HSY-machinery.png\",\"contentUrl\":\"https:\/\/www.hsymachinery.com\/wp-content\/uploads\/2025\/06\/cropped-HSY-machinery.png\",\"width\":600,\"height\":240,\"caption\":\"HSY Construction Machinery\"},\"image\":{\"@id\":\"https:\/\/www.hsymachinery.com\/#\/schema\/logo\/image\/\"}}]}<\/script>\n<!-- \/ Yoast SEO plugin. -->","yoast_head_json":{"title":"Aufsitz-Kellengl\u00e4tter PTR-L100 - HSY Construction Machinery","description":"Der Aufsitz-Betongl\u00e4tter PTR-L100 verf\u00fcgt \u00fcber einen Longxin-Motor und eine 100 cm lange Doppelscheibe f\u00fcr eine schnelle und gleichm\u00e4\u00dfige Bearbeitung von Industriebetonb\u00f6den.Aufsitz-Betongl\u00e4tter PTR-L100","robots":{"index":"index","follow":"follow","max-snippet":"max-snippet:-1","max-image-preview":"max-image-preview:large","max-video-preview":"max-video-preview:-1"},"canonical":"https:\/\/www.hsymachinery.com\/de\/product\/aufsitz-glatter-ptr-l100\/","og_locale":"de_DE","og_type":"article","og_title":"Ride-On Power Trowel PTR-L100 - HSY Construction Machinery","og_description":"PTR-L100 ride-on concrete trowel features a Longxin engine and 100 cm dual disc for fast, consistent finishing on industrial concrete floors.Ride-On Power Trowel PTR-L100","og_url":"https:\/\/www.hsymachinery.com\/de\/product\/aufsitz-glatter-ptr-l100\/","og_site_name":"HSY Construction Machinery","article_modified_time":"2025-06-28T15:48:37+00:00","og_image":[{"width":800,"height":800,"url":"https:\/\/www.hsymachinery.com\/wp-content\/uploads\/2025\/06\/Ride-On-Power-Trowel-PTR-L100.jpg","type":"image\/jpeg"}],"twitter_card":"summary_large_image","twitter_misc":{"Gesch\u00e4tzte Lesezeit":"2\u00a0Minuten"},"schema":{"@context":"https:\/\/schema.org","@graph":[{"@type":"WebPage","@id":"https:\/\/www.hsymachinery.com\/product\/ride-on-power-trowel-ptr-l100\/","url":"https:\/\/www.hsymachinery.com\/product\/ride-on-power-trowel-ptr-l100\/","name":"Aufsitz-Kellengl\u00e4tter PTR-L100 - HSY Construction Machinery","isPartOf":{"@id":"https:\/\/www.hsymachinery.com\/#website"},"primaryImageOfPage":{"@id":"https:\/\/www.hsymachinery.com\/product\/ride-on-power-trowel-ptr-l100\/#primaryimage"},"image":{"@id":"https:\/\/www.hsymachinery.com\/product\/ride-on-power-trowel-ptr-l100\/#primaryimage"},"thumbnailUrl":"https:\/\/www.hsymachinery.com\/wp-content\/uploads\/2025\/06\/Ride-On-Power-Trowel-PTR-L100.jpg","datePublished":"2025-06-18T13:17:54+00:00","dateModified":"2025-06-28T15:48:37+00:00","description":"Der Aufsitz-Betongl\u00e4tter PTR-L100 verf\u00fcgt \u00fcber einen Longxin-Motor und eine 100 cm lange Doppelscheibe f\u00fcr eine schnelle und gleichm\u00e4\u00dfige Bearbeitung von Industriebetonb\u00f6den.Aufsitz-Betongl\u00e4tter PTR-L100","breadcrumb":{"@id":"https:\/\/www.hsymachinery.com\/product\/ride-on-power-trowel-ptr-l100\/#breadcrumb"},"inLanguage":"de","potentialAction":[{"@type":"ReadAction","target":["https:\/\/www.hsymachinery.com\/product\/ride-on-power-trowel-ptr-l100\/"]}]},{"@type":"ImageObject","inLanguage":"de","@id":"https:\/\/www.hsymachinery.com\/product\/ride-on-power-trowel-ptr-l100\/#primaryimage","url":"https:\/\/www.hsymachinery.com\/wp-content\/uploads\/2025\/06\/Ride-On-Power-Trowel-PTR-L100.jpg","contentUrl":"https:\/\/www.hsymachinery.com\/wp-content\/uploads\/2025\/06\/Ride-On-Power-Trowel-PTR-L100.jpg","width":800,"height":800},{"@type":"BreadcrumbList","@id":"https:\/\/www.hsymachinery.com\/product\/ride-on-power-trowel-ptr-l100\/#breadcrumb","itemListElement":[{"@type":"ListItem","position":1,"name":"home","item":"https:\/\/www.hsymachinery.com\/"},{"@type":"ListItem","position":2,"name":"products","item":"https:\/\/www.hsymachinery.com\/products\/"},{"@type":"ListItem","position":3,"name":"Ride-On Power Trowel PTR-L100"}]},{"@type":"WebSite","@id":"https:\/\/www.hsymachinery.com\/#website","url":"https:\/\/www.hsymachinery.com\/","name":"HSY Baumaschinen","description":"HSY Machinery - Ein f\u00fchrender chinesischer Lieferant von Baumaschinen, der eine breite Palette von leichten Baumaschinen anbietet. Zu unseren Hauptprodukten geh\u00f6ren Bewehrungsschneidemaschine, Bewehrungsbiegemaschine, Bewehrungsb\u00fcgel-Biegemaschine, Bewehrungsbogen-Biegemaschine, Bewehrungsrichtmaschine, F\u00fcnf-Kopf-Bewehrungsb\u00fcgel-Biegemaschine, Stampfhammer, Plattenverdichter, Betonschneider, Gl\u00e4ttmaschine und andere Baumaschinen. Wir sind mit fortschrittlichen CNC-Maschinen ausgestattet und verf\u00fcgen \u00fcber strenge Qualit\u00e4tskontrollstandards sowie einen umfassenden Kundendienst. Wenn Sie an unseren Produkten oder Dienstleistungen interessiert sind, freuen wir uns \u00fcber Ihre Anfrage per Nachricht.","publisher":{"@id":"https:\/\/www.hsymachinery.com\/#organization"},"potentialAction":[{"@type":"SearchAction","target":{"@type":"EntryPoint","urlTemplate":"https:\/\/www.hsymachinery.com\/?s={search_term_string}"},"query-input":{"@type":"PropertyValueSpecification","valueRequired":true,"valueName":"search_term_string"}}],"inLanguage":"de"},{"@type":"Organization","@id":"https:\/\/www.hsymachinery.com\/#organization","name":"HSY Baumaschinen","url":"https:\/\/www.hsymachinery.com\/","logo":{"@type":"ImageObject","inLanguage":"de","@id":"https:\/\/www.hsymachinery.com\/#\/schema\/logo\/image\/","url":"https:\/\/www.hsymachinery.com\/wp-content\/uploads\/2025\/06\/cropped-HSY-machinery.png","contentUrl":"https:\/\/www.hsymachinery.com\/wp-content\/uploads\/2025\/06\/cropped-HSY-machinery.png","width":600,"height":240,"caption":"HSY Construction Machinery"},"image":{"@id":"https:\/\/www.hsymachinery.com\/#\/schema\/logo\/image\/"}}]}},"_links":{"self":[{"href":"https:\/\/www.hsymachinery.com\/de\/wp-json\/wp\/v2\/product\/9229","targetHints":{"allow":["GET"]}}],"collection":[{"href":"https:\/\/www.hsymachinery.com\/de\/wp-json\/wp\/v2\/product"}],"about":[{"href":"https:\/\/www.hsymachinery.com\/de\/wp-json\/wp\/v2\/types\/product"}],"version-history":[{"count":2,"href":"https:\/\/www.hsymachinery.com\/de\/wp-json\/wp\/v2\/product\/9229\/revisions"}],"predecessor-version":[{"id":9622,"href":"https:\/\/www.hsymachinery.com\/de\/wp-json\/wp\/v2\/product\/9229\/revisions\/9622"}],"wp:featuredmedia":[{"embeddable":true,"href":"https:\/\/www.hsymachinery.com\/de\/wp-json\/wp\/v2\/media\/9230"}],"wp:attachment":[{"href":"https:\/\/www.hsymachinery.com\/de\/wp-json\/wp\/v2\/media?parent=9229"}],"wp:term":[{"taxonomy":"product_brand","embeddable":true,"href":"https:\/\/www.hsymachinery.com\/de\/wp-json\/wp\/v2\/product_brand?post=9229"},{"taxonomy":"product_cat","embeddable":true,"href":"https:\/\/www.hsymachinery.com\/de\/wp-json\/wp\/v2\/product_cat?post=9229"},{"taxonomy":"product_tag","embeddable":true,"href":"https:\/\/www.hsymachinery.com\/de\/wp-json\/wp\/v2\/product_tag?post=9229"}],"curies":[{"name":"wp","href":"https:\/\/api.w.org\/{rel}","templated":true}]}}