{"id":9220,"date":"2025-06-18T21:12:28","date_gmt":"2025-06-18T13:12:28","guid":{"rendered":"https:\/\/www.hsymachinery.com\/?post_type=product&#038;p=9220"},"modified":"2025-06-28T23:39:09","modified_gmt":"2025-06-28T15:39:09","slug":"aufsitz-glatter-ptr-l80","status":"publish","type":"product","link":"https:\/\/www.hsymachinery.com\/de\/product\/aufsitz-glatter-ptr-l80\/","title":{"rendered":"Aufsitz-Kellengl\u00e4tter PTR-L80"},"content":{"rendered":"<h2 data-start=\"139\" data-end=\"175\">Aufsitz-Kellengl\u00e4tter PTR-L80<\/h2>\n<h3 data-start=\"176\" data-end=\"291\">PTR-L80 Auffahrbare Betongl\u00e4ttekelle mit Longxin-Benzinmotor | Effiziente Bodenbearbeitung f\u00fcr mittelgro\u00dfe Platten<\/h3>\n<h3 data-start=\"298\" data-end=\"395\">Produktbeschreibung - Zuverl\u00e4ssiger Longxin-Aufsitzgl\u00e4tter f\u00fcr glatte Betonoberfl\u00e4chen<a href=\"https:\/\/www.hsymachinery.com\/de\/produkte\/aufsitz-glatter\/\" target=\"_blank\" rel=\"noopener\"><img fetchpriority=\"high\" decoding=\"async\" class=\"wp-image-9616 alignright\" src=\"https:\/\/www.hsymachinery.com\/wp-content\/uploads\/2025\/06\/Sitting-Type-Power-Trowel-209x300.jpg\" alt=\"\" width=\"451\" height=\"647\" srcset=\"https:\/\/www.hsymachinery.com\/wp-content\/uploads\/2025\/06\/Sitting-Type-Power-Trowel-209x300.jpg 209w, https:\/\/www.hsymachinery.com\/wp-content\/uploads\/2025\/06\/Sitting-Type-Power-Trowel-713x1024.jpg 713w, https:\/\/www.hsymachinery.com\/wp-content\/uploads\/2025\/06\/Sitting-Type-Power-Trowel-768x1103.jpg 768w, https:\/\/www.hsymachinery.com\/wp-content\/uploads\/2025\/06\/Sitting-Type-Power-Trowel-600x862.jpg 600w, https:\/\/www.hsymachinery.com\/wp-content\/uploads\/2025\/06\/Sitting-Type-Power-Trowel.jpg 800w\" sizes=\"(max-width: 451px) 100vw, 451px\" \/><\/a><\/h3>\n<p data-start=\"397\" data-end=\"689\">Die <strong data-start=\"401\" data-end=\"433\">PTR-L80 Aufsitz-Gl\u00e4tter<\/strong> bietet eine leistungsstarke und effiziente L\u00f6sung f\u00fcr die Bearbeitung mittelgro\u00dfer Betonplatten. Angetrieben von einem bew\u00e4hrten Longxin-Benzinmotor, bietet diese Aufsitz-Gl\u00e4ttmaschine gleichbleibende Leistung und reibungslosen Betrieb w\u00e4hrend des gesamten Gl\u00e4ttungsprozesses.<\/p>\n<p data-start=\"691\" data-end=\"1053\">Dieses Modell verf\u00fcgt \u00fcber ein 80-cm-Doppelscheiben-Gl\u00e4ttersystem, das eine schnelle und gleichm\u00e4\u00dfige Oberfl\u00e4chenabdeckung gew\u00e4hrleistet. Die Aufsitzkonstruktion erh\u00f6ht den Fahrerkomfort und die Produktivit\u00e4t, da der Benutzer die Maschine im Sitzen steuern kann, was die Erm\u00fcdung bei langen Arbeitsschichten verringert. Dar\u00fcber hinaus erm\u00f6glicht das reaktionsschnelle Lenksystem ein pr\u00e4zises Man\u00f6vrieren auch auf engem Raum.<\/p>\n<p data-start=\"1055\" data-end=\"1379\">Dar\u00fcber hinaus verf\u00fcgt der PTR-L80 \u00fcber einen Mechanismus zur Einstellung der Messerneigung. Der Bediener kann ganz einfach zwischen dem Schwimm- und dem Poliermodus umschalten und erh\u00e4lt so ein hochwertiges Finish auf jeder Betonoberfl\u00e4che. Der langlebige Rahmen und das robuste Getriebe erh\u00f6hen die Langlebigkeit der Maschine und machen sie zu einer zuverl\u00e4ssigen Wahl f\u00fcr Bauprofis.<\/p>\n<p data-start=\"1381\" data-end=\"1639\">Dank seiner kompakten Gr\u00f6\u00dfe und seiner Kraftstoffeffizienz ist der PTR-L80 ideal f\u00fcr den Einsatz auf Parkpl\u00e4tzen, in Lagerhallen und Gesch\u00e4ftsgeb\u00e4uden. Er liefert hervorragende Ergebnisse f\u00fcr Bauunternehmer, die ein ausgewogenes Verh\u00e4ltnis zwischen Leistung, Pr\u00e4zision und Mobilit\u00e4t ben\u00f6tigen.<\/p>\n<h3 data-start=\"1646\" data-end=\"1697\">Hauptmerkmale des auffahrbaren Gl\u00e4tters PTR-L80<\/h3>\n<ul data-start=\"1699\" data-end=\"2065\">\n<li data-start=\"1699\" data-end=\"1768\">\n<p data-start=\"1701\" data-end=\"1768\">Ausgestattet mit Longxin-Benzinmotor f\u00fcr stabile und starke Leistung<\/p>\n<\/li>\n<li data-start=\"1769\" data-end=\"1829\">\n<p data-start=\"1771\" data-end=\"1829\">80 cm Doppelscheiben-Gl\u00e4ttersystem f\u00fcr effiziente Verarbeitung<\/p>\n<\/li>\n<li data-start=\"1830\" data-end=\"1892\">\n<p data-start=\"1832\" data-end=\"1892\">Das Aufsitzdesign erh\u00f6ht den Komfort f\u00fcr den Bediener und verringert die Erm\u00fcdung<\/p>\n<\/li>\n<li data-start=\"1893\" data-end=\"1951\">\n<p data-start=\"1895\" data-end=\"1951\">Einstellbarer Blattabstand f\u00fcr vielseitige Endbearbeitung<\/p>\n<\/li>\n<li data-start=\"1952\" data-end=\"2003\">\n<p data-start=\"1954\" data-end=\"2003\">Reaktionsschnelles Lenksystem f\u00fcr pr\u00e4zises Handling<\/p>\n<\/li>\n<li data-start=\"2004\" data-end=\"2065\">\n<p data-start=\"2006\" data-end=\"2065\">Die robuste Konstruktion garantiert Langlebigkeit auf harten Baustellen<\/p>\n<\/li>\n<\/ul>\n<h3 data-start=\"2072\" data-end=\"2160\">Anwendungen - Geeignet f\u00fcr mittelgro\u00dfe gewerbliche und industrielle Betonplatten<\/h3>\n<p data-start=\"2162\" data-end=\"2431\">Der PTR-L80 eignet sich hervorragend f\u00fcr Projekte, die glatte und gleichm\u00e4\u00dfige Betonoberfl\u00e4chen erfordern, z. B. gewerbliche Parkpl\u00e4tze, industrielle Lagerhallen und mittelgro\u00dfe Bodenplatten. Seine Benutzerfreundlichkeit und Leistung machen ihn zu einer beliebten Wahl f\u00fcr professionelle Bauunternehmer.<\/p>\n<p><iframe title=\"Gl\u00e4tter, Aufsitzgl\u00e4tter, Handschiebegl\u00e4tter, Gl\u00e4tter, Beton\" width=\"720\" height=\"405\" src=\"https:\/\/www.youtube.com\/embed\/f6bzSaqMaws?feature=oembed\" frameborder=\"0\" allow=\"accelerometer; autoplay; clipboard-write; encrypted-media; gyroscope; picture-in-picture; web-share\" referrerpolicy=\"strict-origin-when-cross-origin\" allowfullscreen><\/iframe><\/p>","protected":false},"excerpt":{"rendered":"<p>Der Aufsitzgl\u00e4tter PTR-L80 mit Longxin-Motor erm\u00f6glicht eine effiziente und komfortable Betonbearbeitung von mittelgro\u00dfen Platten, ideal f\u00fcr gewerbliche und industrielle Projekte.<\/p>","protected":false},"featured_media":9224,"template":"","meta":{"_kad_post_transparent":"default","_kad_post_title":"","_kad_post_layout":"default","_kad_post_sidebar_id":"","_kad_post_content_style":"default","_kad_post_vertical_padding":"default","_kad_post_feature":"","_kad_post_feature_position":"","_kad_post_header":false,"_kad_post_footer":false},"product_brand":[],"product_cat":[58],"product_tag":[1093,1094,1098,1091,1096,1092,1097,1099,1095,1100],"class_list":{"0":"post-9220","1":"product","2":"type-product","3":"status-publish","4":"has-post-thumbnail","6":"product_cat-ride-on-power-trowel","7":"product_tag-concrete-ride-on-trowel","8":"product_tag-concrete-ride-on-trowel-machine","9":"product_tag-concrete-surface-finishing-trowel","10":"product_tag-double-disc-ride-on-power-trowel","11":"product_tag-double-rotor-power-trowel","12":"product_tag-gasoline-ride-on-power-trowel","13":"product_tag-heavy-duty-ride-on-trowel","14":"product_tag-hydraulic-ride-on-trowel","15":"product_tag-ride-on-concrete-finishing-machine","16":"product_tag-ride-on-floor-trowel","18":"first","19":"instock","20":"shipping-taxable","21":"product-type-simple","22":"entry","23":"content-bg","24":"loop-entry"},"yoast_head":"<!-- This site is optimized with the Yoast SEO plugin v25.3.1 - https:\/\/yoast.com\/wordpress\/plugins\/seo\/ -->\n<title>Ride-On Power Trowel PTR-L80 - HSY Construction Machinery<\/title>\n<meta name=\"description\" content=\"PTR-L80 ride-on concrete trowel with Longxin gasoline engine offers reliable power and efficient finishing for medium-sized slabs. Perfect for parking lots and warehouses.\" \/>\n<meta name=\"robots\" content=\"index, follow, max-snippet:-1, max-image-preview:large, max-video-preview:-1\" \/>\n<link rel=\"canonical\" href=\"https:\/\/www.hsymachinery.com\/de\/product\/aufsitz-glatter-ptr-l80\/\" \/>\n<meta property=\"og:locale\" content=\"de_DE\" \/>\n<meta property=\"og:type\" content=\"article\" \/>\n<meta property=\"og:title\" content=\"Ride-On Power Trowel PTR-L80 - HSY Construction Machinery\" \/>\n<meta property=\"og:description\" content=\"PTR-L80 ride-on concrete trowel with Longxin gasoline engine offers reliable power and efficient finishing for medium-sized slabs. Perfect for parking lots and warehouses.\" \/>\n<meta property=\"og:url\" content=\"https:\/\/www.hsymachinery.com\/de\/product\/aufsitz-glatter-ptr-l80\/\" \/>\n<meta property=\"og:site_name\" content=\"HSY Construction Machinery\" \/>\n<meta property=\"article:modified_time\" content=\"2025-06-28T15:39:09+00:00\" \/>\n<meta property=\"og:image\" content=\"https:\/\/www.hsymachinery.com\/wp-content\/uploads\/2025\/06\/Ride-On-Power-Trowel-PTR-L80.jpg\" \/>\n\t<meta property=\"og:image:width\" content=\"800\" \/>\n\t<meta property=\"og:image:height\" content=\"800\" \/>\n\t<meta property=\"og:image:type\" content=\"image\/jpeg\" \/>\n<meta name=\"twitter:card\" content=\"summary_large_image\" \/>\n<meta name=\"twitter:label1\" content=\"Gesch\u00e4tzte Lesezeit\" \/>\n\t<meta name=\"twitter:data1\" content=\"2\u00a0Minuten\" \/>\n<script type=\"application\/ld+json\" class=\"yoast-schema-graph\">{\"@context\":\"https:\/\/schema.org\",\"@graph\":[{\"@type\":\"WebPage\",\"@id\":\"https:\/\/www.hsymachinery.com\/product\/ride-on-power-trowel-ptr-l80\/\",\"url\":\"https:\/\/www.hsymachinery.com\/product\/ride-on-power-trowel-ptr-l80\/\",\"name\":\"Ride-On Power Trowel PTR-L80 - HSY Construction Machinery\",\"isPartOf\":{\"@id\":\"https:\/\/www.hsymachinery.com\/#website\"},\"primaryImageOfPage\":{\"@id\":\"https:\/\/www.hsymachinery.com\/product\/ride-on-power-trowel-ptr-l80\/#primaryimage\"},\"image\":{\"@id\":\"https:\/\/www.hsymachinery.com\/product\/ride-on-power-trowel-ptr-l80\/#primaryimage\"},\"thumbnailUrl\":\"https:\/\/www.hsymachinery.com\/wp-content\/uploads\/2025\/06\/Ride-On-Power-Trowel-PTR-L80.jpg\",\"datePublished\":\"2025-06-18T13:12:28+00:00\",\"dateModified\":\"2025-06-28T15:39:09+00:00\",\"description\":\"PTR-L80 ride-on concrete trowel with Longxin gasoline engine offers reliable power and efficient finishing for medium-sized slabs. Perfect for parking lots and warehouses.\",\"breadcrumb\":{\"@id\":\"https:\/\/www.hsymachinery.com\/product\/ride-on-power-trowel-ptr-l80\/#breadcrumb\"},\"inLanguage\":\"de\",\"potentialAction\":[{\"@type\":\"ReadAction\",\"target\":[\"https:\/\/www.hsymachinery.com\/product\/ride-on-power-trowel-ptr-l80\/\"]}]},{\"@type\":\"ImageObject\",\"inLanguage\":\"de\",\"@id\":\"https:\/\/www.hsymachinery.com\/product\/ride-on-power-trowel-ptr-l80\/#primaryimage\",\"url\":\"https:\/\/www.hsymachinery.com\/wp-content\/uploads\/2025\/06\/Ride-On-Power-Trowel-PTR-L80.jpg\",\"contentUrl\":\"https:\/\/www.hsymachinery.com\/wp-content\/uploads\/2025\/06\/Ride-On-Power-Trowel-PTR-L80.jpg\",\"width\":800,\"height\":800},{\"@type\":\"BreadcrumbList\",\"@id\":\"https:\/\/www.hsymachinery.com\/product\/ride-on-power-trowel-ptr-l80\/#breadcrumb\",\"itemListElement\":[{\"@type\":\"ListItem\",\"position\":1,\"name\":\"home\",\"item\":\"https:\/\/www.hsymachinery.com\/\"},{\"@type\":\"ListItem\",\"position\":2,\"name\":\"products\",\"item\":\"https:\/\/www.hsymachinery.com\/products\/\"},{\"@type\":\"ListItem\",\"position\":3,\"name\":\"Ride-On Power Trowel PTR-L80\"}]},{\"@type\":\"WebSite\",\"@id\":\"https:\/\/www.hsymachinery.com\/#website\",\"url\":\"https:\/\/www.hsymachinery.com\/\",\"name\":\"HSY Construction Machinery\",\"description\":\"HSY Machinery \u2013 A leading China construction machinery supplier, offering a wide range of light construction equipment. Our main products include Rebar Cutting Machine, Rebar Bending Machine, Rebar Stirrup Bending Machine, Rebar Arc Bending Machine, Rebar Straightening Machine, Five-Head Rebar Stirrup Bending Machine, Tamping Rammer, Plate Compactor, Concrete Cutter, Power Trowel, and other construction machinery. We are equipped with advanced CNC machines, and we enforce strict quality inspection standards along with comprehensive after-sales service. If you are interested in our products or services, we warmly welcome your inquiries via message.\",\"publisher\":{\"@id\":\"https:\/\/www.hsymachinery.com\/#organization\"},\"potentialAction\":[{\"@type\":\"SearchAction\",\"target\":{\"@type\":\"EntryPoint\",\"urlTemplate\":\"https:\/\/www.hsymachinery.com\/?s={search_term_string}\"},\"query-input\":{\"@type\":\"PropertyValueSpecification\",\"valueRequired\":true,\"valueName\":\"search_term_string\"}}],\"inLanguage\":\"de\"},{\"@type\":\"Organization\",\"@id\":\"https:\/\/www.hsymachinery.com\/#organization\",\"name\":\"HSY Construction Machinery\",\"url\":\"https:\/\/www.hsymachinery.com\/\",\"logo\":{\"@type\":\"ImageObject\",\"inLanguage\":\"de\",\"@id\":\"https:\/\/www.hsymachinery.com\/#\/schema\/logo\/image\/\",\"url\":\"https:\/\/www.hsymachinery.com\/wp-content\/uploads\/2025\/06\/cropped-HSY-machinery.png\",\"contentUrl\":\"https:\/\/www.hsymachinery.com\/wp-content\/uploads\/2025\/06\/cropped-HSY-machinery.png\",\"width\":600,\"height\":240,\"caption\":\"HSY Construction Machinery\"},\"image\":{\"@id\":\"https:\/\/www.hsymachinery.com\/#\/schema\/logo\/image\/\"}}]}<\/script>\n<!-- \/ Yoast SEO plugin. -->","yoast_head_json":{"title":"Auffahrbare Gl\u00e4ttekelle PTR-L80 - HSY Construction Machinery","description":"Der Aufsitzbetongl\u00e4tter PTR-L80 mit Longxin-Benzinmotor bietet zuverl\u00e4ssige Leistung und effiziente Bearbeitung mittelgro\u00dfer Platten. Perfekt f\u00fcr Parkpl\u00e4tze und Lagerhallen.","robots":{"index":"index","follow":"follow","max-snippet":"max-snippet:-1","max-image-preview":"max-image-preview:large","max-video-preview":"max-video-preview:-1"},"canonical":"https:\/\/www.hsymachinery.com\/de\/product\/aufsitz-glatter-ptr-l80\/","og_locale":"de_DE","og_type":"article","og_title":"Ride-On Power Trowel PTR-L80 - HSY Construction Machinery","og_description":"PTR-L80 ride-on concrete trowel with Longxin gasoline engine offers reliable power and efficient finishing for medium-sized slabs. Perfect for parking lots and warehouses.","og_url":"https:\/\/www.hsymachinery.com\/de\/product\/aufsitz-glatter-ptr-l80\/","og_site_name":"HSY Construction Machinery","article_modified_time":"2025-06-28T15:39:09+00:00","og_image":[{"width":800,"height":800,"url":"https:\/\/www.hsymachinery.com\/wp-content\/uploads\/2025\/06\/Ride-On-Power-Trowel-PTR-L80.jpg","type":"image\/jpeg"}],"twitter_card":"summary_large_image","twitter_misc":{"Gesch\u00e4tzte Lesezeit":"2\u00a0Minuten"},"schema":{"@context":"https:\/\/schema.org","@graph":[{"@type":"WebPage","@id":"https:\/\/www.hsymachinery.com\/product\/ride-on-power-trowel-ptr-l80\/","url":"https:\/\/www.hsymachinery.com\/product\/ride-on-power-trowel-ptr-l80\/","name":"Auffahrbare Gl\u00e4ttekelle PTR-L80 - HSY Construction Machinery","isPartOf":{"@id":"https:\/\/www.hsymachinery.com\/#website"},"primaryImageOfPage":{"@id":"https:\/\/www.hsymachinery.com\/product\/ride-on-power-trowel-ptr-l80\/#primaryimage"},"image":{"@id":"https:\/\/www.hsymachinery.com\/product\/ride-on-power-trowel-ptr-l80\/#primaryimage"},"thumbnailUrl":"https:\/\/www.hsymachinery.com\/wp-content\/uploads\/2025\/06\/Ride-On-Power-Trowel-PTR-L80.jpg","datePublished":"2025-06-18T13:12:28+00:00","dateModified":"2025-06-28T15:39:09+00:00","description":"Der Aufsitzbetongl\u00e4tter PTR-L80 mit Longxin-Benzinmotor bietet zuverl\u00e4ssige Leistung und effiziente Bearbeitung mittelgro\u00dfer Platten. Perfekt f\u00fcr Parkpl\u00e4tze und Lagerhallen.","breadcrumb":{"@id":"https:\/\/www.hsymachinery.com\/product\/ride-on-power-trowel-ptr-l80\/#breadcrumb"},"inLanguage":"de","potentialAction":[{"@type":"ReadAction","target":["https:\/\/www.hsymachinery.com\/product\/ride-on-power-trowel-ptr-l80\/"]}]},{"@type":"ImageObject","inLanguage":"de","@id":"https:\/\/www.hsymachinery.com\/product\/ride-on-power-trowel-ptr-l80\/#primaryimage","url":"https:\/\/www.hsymachinery.com\/wp-content\/uploads\/2025\/06\/Ride-On-Power-Trowel-PTR-L80.jpg","contentUrl":"https:\/\/www.hsymachinery.com\/wp-content\/uploads\/2025\/06\/Ride-On-Power-Trowel-PTR-L80.jpg","width":800,"height":800},{"@type":"BreadcrumbList","@id":"https:\/\/www.hsymachinery.com\/product\/ride-on-power-trowel-ptr-l80\/#breadcrumb","itemListElement":[{"@type":"ListItem","position":1,"name":"home","item":"https:\/\/www.hsymachinery.com\/"},{"@type":"ListItem","position":2,"name":"products","item":"https:\/\/www.hsymachinery.com\/products\/"},{"@type":"ListItem","position":3,"name":"Ride-On Power Trowel PTR-L80"}]},{"@type":"WebSite","@id":"https:\/\/www.hsymachinery.com\/#website","url":"https:\/\/www.hsymachinery.com\/","name":"HSY Baumaschinen","description":"HSY Machinery - Ein f\u00fchrender chinesischer Lieferant von Baumaschinen, der eine breite Palette von leichten Baumaschinen anbietet. Zu unseren Hauptprodukten geh\u00f6ren Bewehrungsschneidemaschine, Bewehrungsbiegemaschine, Bewehrungsb\u00fcgel-Biegemaschine, Bewehrungsbogen-Biegemaschine, Bewehrungsrichtmaschine, F\u00fcnf-Kopf-Bewehrungsb\u00fcgel-Biegemaschine, Stampfhammer, Plattenverdichter, Betonschneider, Gl\u00e4ttmaschine und andere Baumaschinen. Wir sind mit fortschrittlichen CNC-Maschinen ausgestattet und verf\u00fcgen \u00fcber strenge Qualit\u00e4tskontrollstandards sowie einen umfassenden Kundendienst. Wenn Sie an unseren Produkten oder Dienstleistungen interessiert sind, freuen wir uns \u00fcber Ihre Anfrage per Nachricht.","publisher":{"@id":"https:\/\/www.hsymachinery.com\/#organization"},"potentialAction":[{"@type":"SearchAction","target":{"@type":"EntryPoint","urlTemplate":"https:\/\/www.hsymachinery.com\/?s={search_term_string}"},"query-input":{"@type":"PropertyValueSpecification","valueRequired":true,"valueName":"search_term_string"}}],"inLanguage":"de"},{"@type":"Organization","@id":"https:\/\/www.hsymachinery.com\/#organization","name":"HSY Baumaschinen","url":"https:\/\/www.hsymachinery.com\/","logo":{"@type":"ImageObject","inLanguage":"de","@id":"https:\/\/www.hsymachinery.com\/#\/schema\/logo\/image\/","url":"https:\/\/www.hsymachinery.com\/wp-content\/uploads\/2025\/06\/cropped-HSY-machinery.png","contentUrl":"https:\/\/www.hsymachinery.com\/wp-content\/uploads\/2025\/06\/cropped-HSY-machinery.png","width":600,"height":240,"caption":"HSY Construction Machinery"},"image":{"@id":"https:\/\/www.hsymachinery.com\/#\/schema\/logo\/image\/"}}]}},"_links":{"self":[{"href":"https:\/\/www.hsymachinery.com\/de\/wp-json\/wp\/v2\/product\/9220","targetHints":{"allow":["GET"]}}],"collection":[{"href":"https:\/\/www.hsymachinery.com\/de\/wp-json\/wp\/v2\/product"}],"about":[{"href":"https:\/\/www.hsymachinery.com\/de\/wp-json\/wp\/v2\/types\/product"}],"version-history":[{"count":3,"href":"https:\/\/www.hsymachinery.com\/de\/wp-json\/wp\/v2\/product\/9220\/revisions"}],"predecessor-version":[{"id":9618,"href":"https:\/\/www.hsymachinery.com\/de\/wp-json\/wp\/v2\/product\/9220\/revisions\/9618"}],"wp:featuredmedia":[{"embeddable":true,"href":"https:\/\/www.hsymachinery.com\/de\/wp-json\/wp\/v2\/media\/9224"}],"wp:attachment":[{"href":"https:\/\/www.hsymachinery.com\/de\/wp-json\/wp\/v2\/media?parent=9220"}],"wp:term":[{"taxonomy":"product_brand","embeddable":true,"href":"https:\/\/www.hsymachinery.com\/de\/wp-json\/wp\/v2\/product_brand?post=9220"},{"taxonomy":"product_cat","embeddable":true,"href":"https:\/\/www.hsymachinery.com\/de\/wp-json\/wp\/v2\/product_cat?post=9220"},{"taxonomy":"product_tag","embeddable":true,"href":"https:\/\/www.hsymachinery.com\/de\/wp-json\/wp\/v2\/product_tag?post=9220"}],"curies":[{"name":"wp","href":"https:\/\/api.w.org\/{rel}","templated":true}]}}