{"id":9211,"date":"2025-06-18T20:38:34","date_gmt":"2025-06-18T12:38:34","guid":{"rendered":"https:\/\/www.hsymachinery.com\/?post_type=product&#038;p=9211"},"modified":"2025-06-28T23:14:56","modified_gmt":"2025-06-28T15:14:56","slug":"handgefuhrte-glattekelle-pth-l100b","status":"publish","type":"product","link":"https:\/\/www.hsymachinery.com\/de\/product\/handgefuhrte-glattekelle-pth-l100b\/","title":{"rendered":"Handgef\u00fchrte Gl\u00e4ttekelle PTH-L100B"},"content":{"rendered":"<h2 data-start=\"155\" data-end=\"197\">Handgef\u00fchrte Gl\u00e4ttekelle PTH-L100B<\/h2>\n<h3 data-start=\"198\" data-end=\"320\">PTH-L100B Gro\u00dfer Benzinbetongl\u00e4tter | Longxin-Motor | Verbesserte Deckenbearbeitung f\u00fcr hocheffiziente Projekte<\/h3>\n<h3 data-start=\"327\" data-end=\"438\">Produktbeschreibung - Longxin-Powered Trowel f\u00fcr gro\u00dfe Betonplatten Gl\u00e4ttung mit Performance-Upgrades<a href=\"https:\/\/www.hsymachinery.com\/de\/produkte\/handgefuhrter-motorglatter\/\" target=\"_blank\" rel=\"noopener\"><img fetchpriority=\"high\" decoding=\"async\" class=\"wp-image-9212 alignright\" src=\"https:\/\/www.hsymachinery.com\/wp-content\/uploads\/2025\/06\/Walk-Behind-Power-Trowel-PTH-L100B-244x300.jpg\" alt=\"\" width=\"451\" height=\"555\" srcset=\"https:\/\/www.hsymachinery.com\/wp-content\/uploads\/2025\/06\/Walk-Behind-Power-Trowel-PTH-L100B-244x300.jpg 244w, https:\/\/www.hsymachinery.com\/wp-content\/uploads\/2025\/06\/Walk-Behind-Power-Trowel-PTH-L100B.jpg 600w\" sizes=\"(max-width: 451px) 100vw, 451px\" \/><\/a><\/h3>\n<p data-start=\"440\" data-end=\"853\">Die <strong data-start=\"444\" data-end=\"482\">PTH-L100B Handgef\u00fchrte Gl\u00e4ttekelle<\/strong> ist eine benzinbetriebene Betonbearbeitungsmaschine mit gro\u00dfem Durchmesser, die mit einem zuverl\u00e4ssigen Longxin-Motor ausgestattet ist. Als verbesserte Version der Standard-100-cm-Kellen wurde dieses Modell f\u00fcr eine h\u00f6here Haltbarkeit, eine bessere Balance und eine pr\u00e4zisere Steuerung der Endbearbeitung entwickelt - ideal f\u00fcr Profis, die mittlere bis gro\u00dfe Betonplattenprojekte bearbeiten.<\/p>\n<p data-start=\"855\" data-end=\"1200\">Mit einem Gl\u00e4ttdurchmesser von 100 cm erh\u00f6ht die PTH-L100B die Fl\u00e4chenleistung pro Arbeitsgang und steigert damit die Produktivit\u00e4t auf Industrieb\u00f6den, Lagerhallen und Parkdecks erheblich. Dar\u00fcber hinaus erm\u00f6glicht das einstellbare Blattverstellsystem der Maschine einen nahtlosen \u00dcbergang zwischen Gl\u00e4tten und Finishing und sorgt f\u00fcr eine makellose, hochgl\u00e4nzende Oberfl\u00e4che.<\/p>\n<p data-start=\"1202\" data-end=\"1644\">Dar\u00fcber hinaus erm\u00f6glichen das verst\u00e4rkte Getriebe, die verbesserten Spider-Arme und der verbesserte Sicherheitsring einen zuverl\u00e4ssigen Betrieb der Maschine unter schweren Bedingungen. Der ergonomische, klappbare Griff ist mit vibrationsd\u00e4mpfenden Griffen ausgestattet und bietet dem Bediener bei l\u00e4ngerem Einsatz mehr Komfort. Der Longxin-Benzinmotor liefert ein stabiles Drehmoment, eine gleichm\u00e4\u00dfige Leistungsabgabe und eine hervorragende Kraftstoffeffizienz, wodurch die Betriebskosten langfristig gesenkt werden.<\/p>\n<p data-start=\"1646\" data-end=\"1862\">Dank seines verbesserten Designs erf\u00fcllt das PTH-L100B nicht nur die Anforderungen gro\u00dfer Baustellen, sondern bietet auch gleichbleibende Qualit\u00e4t, Betriebsstabilit\u00e4t und eine lange Lebensdauer, selbst in anspruchsvollen Umgebungen.<\/p>\n<h3 data-start=\"1869\" data-end=\"1926\">Hauptmerkmale des handgef\u00fchrten Gl\u00e4tters PTH-L100B<\/h3>\n<ul data-start=\"1928\" data-end=\"2358\">\n<li data-start=\"1928\" data-end=\"2000\">\n<p data-start=\"1930\" data-end=\"2000\">Longxin-Benzinmotor f\u00fcr starke und stabile Leistung<\/p>\n<\/li>\n<li data-start=\"2001\" data-end=\"2074\">\n<p data-start=\"2003\" data-end=\"2074\">100 cm Kellen-Durchmesser verbessert die Effizienz bei der Verarbeitung gro\u00dfer Platten<\/p>\n<\/li>\n<li data-start=\"2075\" data-end=\"2149\">\n<p data-start=\"2077\" data-end=\"2149\">Verbessertes Getriebe und Struktur f\u00fcr h\u00f6here Haltbarkeit und langfristige Nutzung<\/p>\n<\/li>\n<li data-start=\"2150\" data-end=\"2227\">\n<p data-start=\"2152\" data-end=\"2227\">Der einstellbare Klingenabstand erm\u00f6glicht eine pr\u00e4zise Steuerung beim Schwimmen oder Polieren<\/p>\n<\/li>\n<li data-start=\"2228\" data-end=\"2287\">\n<p data-start=\"2230\" data-end=\"2287\">Der klappbare Anti-Vibrations-Griff reduziert die Erm\u00fcdung des Bedieners<\/p>\n<\/li>\n<li data-start=\"2288\" data-end=\"2358\">\n<p data-start=\"2290\" data-end=\"2358\">Ideal f\u00fcr die industrielle, gewerbliche und kommunale Betonverarbeitung<\/p>\n<\/li>\n<\/ul>\n<h3 data-start=\"2365\" data-end=\"2451\">Anwendungen - Am besten f\u00fcr gro\u00dfe Platten, Lagerhallen, Werkst\u00e4tten und Parkh\u00e4user<\/h3>\n<p data-start=\"2453\" data-end=\"2757\">Der PTH-L100B wird h\u00e4ufig in Fabriken, Logistikzentren, gro\u00dfen Einfahrten und bei gewerblichen Immobilienprojekten eingesetzt. Sein hocheffizienter Betrieb und seine professionellen Ergebnisse machen ihn zu einem bevorzugten Werkzeug f\u00fcr Bauunternehmer, die Leistung, Zuverl\u00e4ssigkeit und Qualit\u00e4t in einer Maschine verlangen.<\/p>\n<p data-start=\"2759\" data-end=\"2889\">Daher ist es besonders beliebt bei knappen Zeitpl\u00e4nen, wenn keine Kompromisse bei der Deckung und der Oberfl\u00e4chenqualit\u00e4t gemacht werden d\u00fcrfen.<\/p>\n<p><iframe title=\"Gl\u00e4ttekelle,Handschiebegl\u00e4tter,Kelle,Beton #Kelle #Powertrowe#Beton\" width=\"720\" height=\"405\" src=\"https:\/\/www.youtube.com\/embed\/pa6AuNhMrwI?feature=oembed\" frameborder=\"0\" allow=\"accelerometer; autoplay; clipboard-write; encrypted-media; gyroscope; picture-in-picture; web-share\" referrerpolicy=\"strict-origin-when-cross-origin\" allowfullscreen><\/iframe><\/p>","protected":false},"excerpt":{"rendered":"<p>Der Benzinkellengl\u00e4tter PTH-L100B ist mit einem Longxin-Motor und einem Durchmesser von 100 cm ausgestattet und erm\u00f6glicht eine schnelle, dauerhafte und pr\u00e4zise Bearbeitung von Betonplatten auf gro\u00dfen Baustellen.<\/p>","protected":false},"featured_media":9212,"template":"","meta":{"_kad_post_transparent":"default","_kad_post_title":"","_kad_post_layout":"default","_kad_post_sidebar_id":"","_kad_post_content_style":"default","_kad_post_vertical_padding":"default","_kad_post_feature":"","_kad_post_feature_position":"","_kad_post_header":false,"_kad_post_footer":false},"product_brand":[],"product_cat":[55],"product_tag":[1084,1083,1087,1081,1086,1085,1089,1088,1090,1082],"class_list":{"0":"post-9211","1":"product","2":"type-product","3":"status-publish","4":"has-post-thumbnail","6":"product_cat-walk-behind-power-trowel","7":"product_tag-cement-power-trowel","8":"product_tag-concrete-finishing-trowel","9":"product_tag-concrete-floor-finishing-machine","10":"product_tag-concrete-power-trowel","11":"product_tag-electric-walk-behind-trowel","12":"product_tag-gasoline-power-trowel","13":"product_tag-hand-operated-power-trowel","14":"product_tag-manual-power-trowel","15":"product_tag-walk-behind-concrete-finishing-machine","16":"product_tag-walk-behind-trowel-machine","18":"first","19":"instock","20":"shipping-taxable","21":"product-type-simple","22":"entry","23":"content-bg","24":"loop-entry"},"yoast_head":"<!-- This site is optimized with the Yoast SEO plugin v25.3.1 - https:\/\/yoast.com\/wordpress\/plugins\/seo\/ -->\n<title>Walk-Behind Power Trowel PTH-L100B - HSY Construction Machinery<\/title>\n<meta name=\"description\" content=\"PTH-L100B walk-behind trowel with Longxin gasoline engine offers 100 cm coverage, enhanced durability, and smooth slab finishing for commercial and industrial projects.Walk-Behind Power Trowel PTH-L100B\" \/>\n<meta name=\"robots\" content=\"index, follow, max-snippet:-1, max-image-preview:large, max-video-preview:-1\" \/>\n<link rel=\"canonical\" href=\"https:\/\/www.hsymachinery.com\/de\/product\/handgefuhrte-glattekelle-pth-l100b\/\" \/>\n<meta property=\"og:locale\" content=\"de_DE\" \/>\n<meta property=\"og:type\" content=\"article\" \/>\n<meta property=\"og:title\" content=\"Walk-Behind Power Trowel PTH-L100B - HSY Construction Machinery\" \/>\n<meta property=\"og:description\" content=\"PTH-L100B walk-behind trowel with Longxin gasoline engine offers 100 cm coverage, enhanced durability, and smooth slab finishing for commercial and industrial projects.Walk-Behind Power Trowel PTH-L100B\" \/>\n<meta property=\"og:url\" content=\"https:\/\/www.hsymachinery.com\/de\/product\/handgefuhrte-glattekelle-pth-l100b\/\" \/>\n<meta property=\"og:site_name\" content=\"HSY Construction Machinery\" \/>\n<meta property=\"article:modified_time\" content=\"2025-06-28T15:14:56+00:00\" \/>\n<meta property=\"og:image\" content=\"https:\/\/www.hsymachinery.com\/wp-content\/uploads\/2025\/06\/Walk-Behind-Power-Trowel-PTH-L100B.jpg\" \/>\n\t<meta property=\"og:image:width\" content=\"600\" \/>\n\t<meta property=\"og:image:height\" content=\"738\" \/>\n\t<meta property=\"og:image:type\" content=\"image\/jpeg\" \/>\n<meta name=\"twitter:card\" content=\"summary_large_image\" \/>\n<meta name=\"twitter:label1\" content=\"Gesch\u00e4tzte Lesezeit\" \/>\n\t<meta name=\"twitter:data1\" content=\"2\u00a0Minuten\" \/>\n<script type=\"application\/ld+json\" class=\"yoast-schema-graph\">{\"@context\":\"https:\/\/schema.org\",\"@graph\":[{\"@type\":\"WebPage\",\"@id\":\"https:\/\/www.hsymachinery.com\/product\/walk-behind-power-trowel-pth-l100b\/\",\"url\":\"https:\/\/www.hsymachinery.com\/product\/walk-behind-power-trowel-pth-l100b\/\",\"name\":\"Walk-Behind Power Trowel PTH-L100B - HSY Construction Machinery\",\"isPartOf\":{\"@id\":\"https:\/\/www.hsymachinery.com\/#website\"},\"primaryImageOfPage\":{\"@id\":\"https:\/\/www.hsymachinery.com\/product\/walk-behind-power-trowel-pth-l100b\/#primaryimage\"},\"image\":{\"@id\":\"https:\/\/www.hsymachinery.com\/product\/walk-behind-power-trowel-pth-l100b\/#primaryimage\"},\"thumbnailUrl\":\"https:\/\/www.hsymachinery.com\/wp-content\/uploads\/2025\/06\/Walk-Behind-Power-Trowel-PTH-L100B.jpg\",\"datePublished\":\"2025-06-18T12:38:34+00:00\",\"dateModified\":\"2025-06-28T15:14:56+00:00\",\"description\":\"PTH-L100B walk-behind trowel with Longxin gasoline engine offers 100 cm coverage, enhanced durability, and smooth slab finishing for commercial and industrial projects.Walk-Behind Power Trowel PTH-L100B\",\"breadcrumb\":{\"@id\":\"https:\/\/www.hsymachinery.com\/product\/walk-behind-power-trowel-pth-l100b\/#breadcrumb\"},\"inLanguage\":\"de\",\"potentialAction\":[{\"@type\":\"ReadAction\",\"target\":[\"https:\/\/www.hsymachinery.com\/product\/walk-behind-power-trowel-pth-l100b\/\"]}]},{\"@type\":\"ImageObject\",\"inLanguage\":\"de\",\"@id\":\"https:\/\/www.hsymachinery.com\/product\/walk-behind-power-trowel-pth-l100b\/#primaryimage\",\"url\":\"https:\/\/www.hsymachinery.com\/wp-content\/uploads\/2025\/06\/Walk-Behind-Power-Trowel-PTH-L100B.jpg\",\"contentUrl\":\"https:\/\/www.hsymachinery.com\/wp-content\/uploads\/2025\/06\/Walk-Behind-Power-Trowel-PTH-L100B.jpg\",\"width\":600,\"height\":738},{\"@type\":\"BreadcrumbList\",\"@id\":\"https:\/\/www.hsymachinery.com\/product\/walk-behind-power-trowel-pth-l100b\/#breadcrumb\",\"itemListElement\":[{\"@type\":\"ListItem\",\"position\":1,\"name\":\"home\",\"item\":\"https:\/\/www.hsymachinery.com\/\"},{\"@type\":\"ListItem\",\"position\":2,\"name\":\"products\",\"item\":\"https:\/\/www.hsymachinery.com\/products\/\"},{\"@type\":\"ListItem\",\"position\":3,\"name\":\"Walk-Behind Power Trowel PTH-L100B\"}]},{\"@type\":\"WebSite\",\"@id\":\"https:\/\/www.hsymachinery.com\/#website\",\"url\":\"https:\/\/www.hsymachinery.com\/\",\"name\":\"HSY Construction Machinery\",\"description\":\"HSY Machinery \u2013 A leading China construction machinery supplier, offering a wide range of light construction equipment. Our main products include Rebar Cutting Machine, Rebar Bending Machine, Rebar Stirrup Bending Machine, Rebar Arc Bending Machine, Rebar Straightening Machine, Five-Head Rebar Stirrup Bending Machine, Tamping Rammer, Plate Compactor, Concrete Cutter, Power Trowel, and other construction machinery. We are equipped with advanced CNC machines, and we enforce strict quality inspection standards along with comprehensive after-sales service. If you are interested in our products or services, we warmly welcome your inquiries via message.\",\"publisher\":{\"@id\":\"https:\/\/www.hsymachinery.com\/#organization\"},\"potentialAction\":[{\"@type\":\"SearchAction\",\"target\":{\"@type\":\"EntryPoint\",\"urlTemplate\":\"https:\/\/www.hsymachinery.com\/?s={search_term_string}\"},\"query-input\":{\"@type\":\"PropertyValueSpecification\",\"valueRequired\":true,\"valueName\":\"search_term_string\"}}],\"inLanguage\":\"de\"},{\"@type\":\"Organization\",\"@id\":\"https:\/\/www.hsymachinery.com\/#organization\",\"name\":\"HSY Construction Machinery\",\"url\":\"https:\/\/www.hsymachinery.com\/\",\"logo\":{\"@type\":\"ImageObject\",\"inLanguage\":\"de\",\"@id\":\"https:\/\/www.hsymachinery.com\/#\/schema\/logo\/image\/\",\"url\":\"https:\/\/www.hsymachinery.com\/wp-content\/uploads\/2025\/06\/cropped-HSY-machinery.png\",\"contentUrl\":\"https:\/\/www.hsymachinery.com\/wp-content\/uploads\/2025\/06\/cropped-HSY-machinery.png\",\"width\":600,\"height\":240,\"caption\":\"HSY Construction Machinery\"},\"image\":{\"@id\":\"https:\/\/www.hsymachinery.com\/#\/schema\/logo\/image\/\"}}]}<\/script>\n<!-- \/ Yoast SEO plugin. -->","yoast_head_json":{"title":"Handgef\u00fchrte Gl\u00e4ttekelle PTH-L100B - HSY Construction Machinery","description":"Der handgef\u00fchrte Gl\u00e4tter PTH-L100B mit Longxin-Benzinmotor bietet eine Reichweite von 100 cm, eine verbesserte Haltbarkeit und eine glatte Oberfl\u00e4che f\u00fcr gewerbliche und industrielle Projekte. handgef\u00fchrter Gl\u00e4tter PTH-L100B","robots":{"index":"index","follow":"follow","max-snippet":"max-snippet:-1","max-image-preview":"max-image-preview:large","max-video-preview":"max-video-preview:-1"},"canonical":"https:\/\/www.hsymachinery.com\/de\/product\/handgefuhrte-glattekelle-pth-l100b\/","og_locale":"de_DE","og_type":"article","og_title":"Walk-Behind Power Trowel PTH-L100B - HSY Construction Machinery","og_description":"PTH-L100B walk-behind trowel with Longxin gasoline engine offers 100 cm coverage, enhanced durability, and smooth slab finishing for commercial and industrial projects.Walk-Behind Power Trowel PTH-L100B","og_url":"https:\/\/www.hsymachinery.com\/de\/product\/handgefuhrte-glattekelle-pth-l100b\/","og_site_name":"HSY Construction Machinery","article_modified_time":"2025-06-28T15:14:56+00:00","og_image":[{"width":600,"height":738,"url":"https:\/\/www.hsymachinery.com\/wp-content\/uploads\/2025\/06\/Walk-Behind-Power-Trowel-PTH-L100B.jpg","type":"image\/jpeg"}],"twitter_card":"summary_large_image","twitter_misc":{"Gesch\u00e4tzte Lesezeit":"2\u00a0Minuten"},"schema":{"@context":"https:\/\/schema.org","@graph":[{"@type":"WebPage","@id":"https:\/\/www.hsymachinery.com\/product\/walk-behind-power-trowel-pth-l100b\/","url":"https:\/\/www.hsymachinery.com\/product\/walk-behind-power-trowel-pth-l100b\/","name":"Handgef\u00fchrte Gl\u00e4ttekelle PTH-L100B - HSY Construction Machinery","isPartOf":{"@id":"https:\/\/www.hsymachinery.com\/#website"},"primaryImageOfPage":{"@id":"https:\/\/www.hsymachinery.com\/product\/walk-behind-power-trowel-pth-l100b\/#primaryimage"},"image":{"@id":"https:\/\/www.hsymachinery.com\/product\/walk-behind-power-trowel-pth-l100b\/#primaryimage"},"thumbnailUrl":"https:\/\/www.hsymachinery.com\/wp-content\/uploads\/2025\/06\/Walk-Behind-Power-Trowel-PTH-L100B.jpg","datePublished":"2025-06-18T12:38:34+00:00","dateModified":"2025-06-28T15:14:56+00:00","description":"Der handgef\u00fchrte Gl\u00e4tter PTH-L100B mit Longxin-Benzinmotor bietet eine Reichweite von 100 cm, eine verbesserte Haltbarkeit und eine glatte Oberfl\u00e4che f\u00fcr gewerbliche und industrielle Projekte. handgef\u00fchrter Gl\u00e4tter PTH-L100B","breadcrumb":{"@id":"https:\/\/www.hsymachinery.com\/product\/walk-behind-power-trowel-pth-l100b\/#breadcrumb"},"inLanguage":"de","potentialAction":[{"@type":"ReadAction","target":["https:\/\/www.hsymachinery.com\/product\/walk-behind-power-trowel-pth-l100b\/"]}]},{"@type":"ImageObject","inLanguage":"de","@id":"https:\/\/www.hsymachinery.com\/product\/walk-behind-power-trowel-pth-l100b\/#primaryimage","url":"https:\/\/www.hsymachinery.com\/wp-content\/uploads\/2025\/06\/Walk-Behind-Power-Trowel-PTH-L100B.jpg","contentUrl":"https:\/\/www.hsymachinery.com\/wp-content\/uploads\/2025\/06\/Walk-Behind-Power-Trowel-PTH-L100B.jpg","width":600,"height":738},{"@type":"BreadcrumbList","@id":"https:\/\/www.hsymachinery.com\/product\/walk-behind-power-trowel-pth-l100b\/#breadcrumb","itemListElement":[{"@type":"ListItem","position":1,"name":"home","item":"https:\/\/www.hsymachinery.com\/"},{"@type":"ListItem","position":2,"name":"products","item":"https:\/\/www.hsymachinery.com\/products\/"},{"@type":"ListItem","position":3,"name":"Walk-Behind Power Trowel PTH-L100B"}]},{"@type":"WebSite","@id":"https:\/\/www.hsymachinery.com\/#website","url":"https:\/\/www.hsymachinery.com\/","name":"HSY Baumaschinen","description":"HSY Machinery - Ein f\u00fchrender chinesischer Lieferant von Baumaschinen, der eine breite Palette von leichten Baumaschinen anbietet. Zu unseren Hauptprodukten geh\u00f6ren Bewehrungsschneidemaschine, Bewehrungsbiegemaschine, Bewehrungsb\u00fcgel-Biegemaschine, Bewehrungsbogen-Biegemaschine, Bewehrungsrichtmaschine, F\u00fcnf-Kopf-Bewehrungsb\u00fcgel-Biegemaschine, Stampfhammer, Plattenverdichter, Betonschneider, Gl\u00e4ttmaschine und andere Baumaschinen. Wir sind mit fortschrittlichen CNC-Maschinen ausgestattet und verf\u00fcgen \u00fcber strenge Qualit\u00e4tskontrollstandards sowie einen umfassenden Kundendienst. Wenn Sie an unseren Produkten oder Dienstleistungen interessiert sind, freuen wir uns \u00fcber Ihre Anfrage per Nachricht.","publisher":{"@id":"https:\/\/www.hsymachinery.com\/#organization"},"potentialAction":[{"@type":"SearchAction","target":{"@type":"EntryPoint","urlTemplate":"https:\/\/www.hsymachinery.com\/?s={search_term_string}"},"query-input":{"@type":"PropertyValueSpecification","valueRequired":true,"valueName":"search_term_string"}}],"inLanguage":"de"},{"@type":"Organization","@id":"https:\/\/www.hsymachinery.com\/#organization","name":"HSY Baumaschinen","url":"https:\/\/www.hsymachinery.com\/","logo":{"@type":"ImageObject","inLanguage":"de","@id":"https:\/\/www.hsymachinery.com\/#\/schema\/logo\/image\/","url":"https:\/\/www.hsymachinery.com\/wp-content\/uploads\/2025\/06\/cropped-HSY-machinery.png","contentUrl":"https:\/\/www.hsymachinery.com\/wp-content\/uploads\/2025\/06\/cropped-HSY-machinery.png","width":600,"height":240,"caption":"HSY Construction Machinery"},"image":{"@id":"https:\/\/www.hsymachinery.com\/#\/schema\/logo\/image\/"}}]}},"_links":{"self":[{"href":"https:\/\/www.hsymachinery.com\/de\/wp-json\/wp\/v2\/product\/9211","targetHints":{"allow":["GET"]}}],"collection":[{"href":"https:\/\/www.hsymachinery.com\/de\/wp-json\/wp\/v2\/product"}],"about":[{"href":"https:\/\/www.hsymachinery.com\/de\/wp-json\/wp\/v2\/types\/product"}],"version-history":[{"count":3,"href":"https:\/\/www.hsymachinery.com\/de\/wp-json\/wp\/v2\/product\/9211\/revisions"}],"predecessor-version":[{"id":9606,"href":"https:\/\/www.hsymachinery.com\/de\/wp-json\/wp\/v2\/product\/9211\/revisions\/9606"}],"wp:featuredmedia":[{"embeddable":true,"href":"https:\/\/www.hsymachinery.com\/de\/wp-json\/wp\/v2\/media\/9212"}],"wp:attachment":[{"href":"https:\/\/www.hsymachinery.com\/de\/wp-json\/wp\/v2\/media?parent=9211"}],"wp:term":[{"taxonomy":"product_brand","embeddable":true,"href":"https:\/\/www.hsymachinery.com\/de\/wp-json\/wp\/v2\/product_brand?post=9211"},{"taxonomy":"product_cat","embeddable":true,"href":"https:\/\/www.hsymachinery.com\/de\/wp-json\/wp\/v2\/product_cat?post=9211"},{"taxonomy":"product_tag","embeddable":true,"href":"https:\/\/www.hsymachinery.com\/de\/wp-json\/wp\/v2\/product_tag?post=9211"}],"curies":[{"name":"wp","href":"https:\/\/api.w.org\/{rel}","templated":true}]}}