{"id":9205,"date":"2025-06-18T20:34:21","date_gmt":"2025-06-18T12:34:21","guid":{"rendered":"https:\/\/www.hsymachinery.com\/?post_type=product&#038;p=9205"},"modified":"2025-06-28T23:07:53","modified_gmt":"2025-06-28T15:07:53","slug":"handgefuhrte-glattekelle-pth-d60-90a","status":"publish","type":"product","link":"https:\/\/www.hsymachinery.com\/de\/product\/handgefuhrte-glattekelle-pth-d60-90a\/","title":{"rendered":"Handgef\u00fchrte Gl\u00e4ttekelle PTH-D60\/90A"},"content":{"rendered":"<h2 data-start=\"148\" data-end=\"192\">Handgef\u00fchrte Gl\u00e4ttekelle PTH-D60\/90A<\/h2>\n<h3 data-start=\"193\" data-end=\"307\">PTH-D60\/90A Verbesserte elektrische Betongl\u00e4ttekelle | Kompakt, leise und langlebig f\u00fcr Deckenprojekte im Innenbereich<\/h3>\n<h3 data-start=\"314\" data-end=\"420\">Produktbeschreibung - Verst\u00e4rkte elektrische Gl\u00e4ttekelle f\u00fcr saubere und gleichm\u00e4\u00dfige Betonarbeiten im Innenbereich<a href=\"https:\/\/www.hsymachinery.com\/de\/produkte\/handgefuhrter-motorglatter\/\" target=\"_blank\" rel=\"noopener\"><img fetchpriority=\"high\" decoding=\"async\" class=\"wp-image-9206 alignright\" src=\"https:\/\/www.hsymachinery.com\/wp-content\/uploads\/2025\/06\/Walk-Behind-Power-Trowel-PTH-D60A-244x300.jpg\" alt=\"\" width=\"451\" height=\"555\" srcset=\"https:\/\/www.hsymachinery.com\/wp-content\/uploads\/2025\/06\/Walk-Behind-Power-Trowel-PTH-D60A-244x300.jpg 244w, https:\/\/www.hsymachinery.com\/wp-content\/uploads\/2025\/06\/Walk-Behind-Power-Trowel-PTH-D60A.jpg 600w\" sizes=\"(max-width: 451px) 100vw, 451px\" \/><\/a><\/h3>\n<p data-start=\"422\" data-end=\"849\">Die <strong data-start=\"426\" data-end=\"466\">PTH-D60\/90A Handgef\u00fchrte Gl\u00e4ttekelle<\/strong> ist ein verst\u00e4rktes, elektrisch betriebenes Modell, das speziell f\u00fcr die Betonbearbeitung im Innenbereich entwickelt wurde, wo geringe Ger\u00e4uschentwicklung und keine Emissionen wichtig sind. Als aufger\u00fcstete Version des PTH-D60\/90 bietet diese Maschine eine verbesserte mechanische Festigkeit, eine h\u00f6here Klingenpr\u00e4zision und eine gr\u00f6\u00dfere Betriebsstabilit\u00e4t - und das alles unter Beibehaltung der Vorteile des Elektroantriebs.<\/p>\n<p data-start=\"851\" data-end=\"1210\">Ausgestattet mit einem robusten Elektromotor l\u00e4uft die PTH-D60\/90A leise und effizient und ist damit perfekt f\u00fcr Krankenhausb\u00f6den, gewerbliche Keller, K\u00fcchen und B\u00fcrogeb\u00e4ude geeignet. Der Gl\u00e4ttdurchmesser von 60-90 cm bietet das perfekte Gleichgewicht zwischen Man\u00f6vrierbarkeit und Produktivit\u00e4t und erm\u00f6glicht es dem Benutzer, mittelgro\u00dfe Platten mit Leichtigkeit zu verlegen.<\/p>\n<p data-start=\"1212\" data-end=\"1617\">Dar\u00fcber hinaus kann der Bediener den Klingenabstand m\u00fchelos einstellen, um vom Grobfr\u00e4sen zum Endpolieren \u00fcberzugehen. Der schwingungsd\u00e4mpfende, klappbare Griff minimiert die Erm\u00fcdung des Anwenders bei l\u00e4ngeren Arbeitsschichten und erleichtert die Lagerung und den Transport. Dar\u00fcber hinaus sorgen das verbesserte Getriebe, die robusten Spider-Arme und der hochfeste Schutzring f\u00fcr dauerhafte Zuverl\u00e4ssigkeit, auch bei st\u00e4ndigem Einsatz.<\/p>\n<p data-start=\"1619\" data-end=\"1814\">Dieses Modell ist eine gute Wahl f\u00fcr Bauunternehmer, die leise, kraftstofffreie und wartungsarme Finishing-Ger\u00e4te ben\u00f6tigen, die professionelle Betonergebnisse liefern, ohne die Umwelt zu gef\u00e4hrden.<\/p>\n<h3 data-start=\"1821\" data-end=\"1874\">Hauptmerkmale des handgef\u00fchrten Gl\u00e4tters PTH-D60\/90A<\/h3>\n<ul data-start=\"1876\" data-end=\"2240\">\n<li data-start=\"1876\" data-end=\"1938\">\n<p data-start=\"1878\" data-end=\"1938\">Ein verbesserter Elektromotor sorgt f\u00fcr einen starken und leisen Betrieb<\/p>\n<\/li>\n<li data-start=\"1939\" data-end=\"1996\">\n<p data-start=\"1941\" data-end=\"1996\">60-90 cm Arbeitsdurchmesser f\u00fcr mittelgro\u00dfe Plattenarbeiten<\/p>\n<\/li>\n<li data-start=\"1997\" data-end=\"2052\">\n<p data-start=\"1999\" data-end=\"2052\">Einstellbarer Blattabstand bietet Flexibilit\u00e4t bei der Endbearbeitung<\/p>\n<\/li>\n<li data-start=\"2053\" data-end=\"2115\">\n<p data-start=\"2055\" data-end=\"2115\">Ergonomischer Griff reduziert Erm\u00fcdungserscheinungen und l\u00e4sst sich f\u00fcr den Transport zusammenklappen<\/p>\n<\/li>\n<li data-start=\"2116\" data-end=\"2176\">\n<p data-start=\"2118\" data-end=\"2176\">Verst\u00e4rktes Getriebe und Struktur f\u00fcr verbesserte Haltbarkeit<\/p>\n<\/li>\n<li data-start=\"2177\" data-end=\"2240\">\n<p data-start=\"2179\" data-end=\"2240\">Ideal f\u00fcr den Einsatz in Innenr\u00e4umen in l\u00e4rm- und emissionsempfindlichen Bereichen<\/p>\n<\/li>\n<\/ul>\n<h3 data-start=\"2247\" data-end=\"2334\">Anwendungen - Perfekt f\u00fcr B\u00fcros, Schulen, Krankenh\u00e4user und gewerbliche Innenbereiche<\/h3>\n<p data-start=\"2336\" data-end=\"2653\">Aufgrund seines Elektromotors und seiner kompakten Gr\u00f6\u00dfe eignet sich der PTH-D60\/90A hervorragend f\u00fcr die Innenreinigung in Bildungseinrichtungen, Gesundheitseinrichtungen, Superm\u00e4rkten und mehrst\u00f6ckigen Geb\u00e4uden. Sein emissionsfreier Betrieb gew\u00e4hrleistet die Einhaltung strenger Sicherheits- und Luftqualit\u00e4tsvorschriften.<\/p>\n<p data-start=\"2655\" data-end=\"2817\">Daher bevorzugen Fachleute den PTH-D60\/90A, wenn sie einen kompakten und dennoch leistungsstarken Gl\u00e4tter ben\u00f6tigen, der sich sowohl durch seine Leistung als auch durch seine Umweltvertr\u00e4glichkeit auszeichnet.<\/p>\n<p><iframe title=\"Gl\u00e4ttekelle,Handschiebegl\u00e4tter,Kelle,Beton #Kelle #Powertrowe#Beton\" width=\"720\" height=\"405\" src=\"https:\/\/www.youtube.com\/embed\/pa6AuNhMrwI?feature=oembed\" frameborder=\"0\" allow=\"accelerometer; autoplay; clipboard-write; encrypted-media; gyroscope; picture-in-picture; web-share\" referrerpolicy=\"strict-origin-when-cross-origin\" allowfullscreen><\/iframe><\/p>","protected":false},"excerpt":{"rendered":"<p>Der elektrische, handgef\u00fchrte Betongl\u00e4tter PTH-D60\/90A bietet eine verst\u00e4rkte Struktur, einen leisen Betrieb und eine Reichweite von 60-90 cm f\u00fcr die sichere und effiziente Fertigstellung von Betonplatten in Innenr\u00e4umen.<\/p>","protected":false},"featured_media":9206,"template":"","meta":{"_kad_post_transparent":"default","_kad_post_title":"","_kad_post_layout":"default","_kad_post_sidebar_id":"","_kad_post_content_style":"default","_kad_post_vertical_padding":"default","_kad_post_feature":"","_kad_post_feature_position":"","_kad_post_header":false,"_kad_post_footer":false},"product_brand":[],"product_cat":[55],"product_tag":[1084,1083,1087,1081,1086,1085,1089,1088,1090,1082],"class_list":{"0":"post-9205","1":"product","2":"type-product","3":"status-publish","4":"has-post-thumbnail","6":"product_cat-walk-behind-power-trowel","7":"product_tag-cement-power-trowel","8":"product_tag-concrete-finishing-trowel","9":"product_tag-concrete-floor-finishing-machine","10":"product_tag-concrete-power-trowel","11":"product_tag-electric-walk-behind-trowel","12":"product_tag-gasoline-power-trowel","13":"product_tag-hand-operated-power-trowel","14":"product_tag-manual-power-trowel","15":"product_tag-walk-behind-concrete-finishing-machine","16":"product_tag-walk-behind-trowel-machine","18":"first","19":"instock","20":"shipping-taxable","21":"product-type-simple","22":"entry","23":"content-bg","24":"loop-entry"},"yoast_head":"<!-- This site is optimized with the Yoast SEO plugin v25.3.1 - https:\/\/yoast.com\/wordpress\/plugins\/seo\/ -->\n<title>Walk-Behind Power Trowel PTH-D60\/90A - HSY Construction Machinery<\/title>\n<meta name=\"description\" content=\"PTH-D60\/90A electric power trowel offers reinforced performance and quiet, emission-free operation for indoor concrete finishing. Ideal for offices, hospitals, and basements.Walk-Behind Power Trowel PTH-D60\/90A\" \/>\n<meta name=\"robots\" content=\"index, follow, max-snippet:-1, max-image-preview:large, max-video-preview:-1\" \/>\n<link rel=\"canonical\" href=\"https:\/\/www.hsymachinery.com\/de\/product\/handgefuhrte-glattekelle-pth-d60-90a\/\" \/>\n<meta property=\"og:locale\" content=\"de_DE\" \/>\n<meta property=\"og:type\" content=\"article\" \/>\n<meta property=\"og:title\" content=\"Walk-Behind Power Trowel PTH-D60\/90A - HSY Construction Machinery\" \/>\n<meta property=\"og:description\" content=\"PTH-D60\/90A electric power trowel offers reinforced performance and quiet, emission-free operation for indoor concrete finishing. Ideal for offices, hospitals, and basements.Walk-Behind Power Trowel PTH-D60\/90A\" \/>\n<meta property=\"og:url\" content=\"https:\/\/www.hsymachinery.com\/de\/product\/handgefuhrte-glattekelle-pth-d60-90a\/\" \/>\n<meta property=\"og:site_name\" content=\"HSY Construction Machinery\" \/>\n<meta property=\"article:modified_time\" content=\"2025-06-28T15:07:53+00:00\" \/>\n<meta property=\"og:image\" content=\"https:\/\/www.hsymachinery.com\/wp-content\/uploads\/2025\/06\/Walk-Behind-Power-Trowel-PTH-D60A.jpg\" \/>\n\t<meta property=\"og:image:width\" content=\"600\" \/>\n\t<meta property=\"og:image:height\" content=\"738\" \/>\n\t<meta property=\"og:image:type\" content=\"image\/jpeg\" \/>\n<meta name=\"twitter:card\" content=\"summary_large_image\" \/>\n<meta name=\"twitter:label1\" content=\"Gesch\u00e4tzte Lesezeit\" \/>\n\t<meta name=\"twitter:data1\" content=\"2\u00a0Minuten\" \/>\n<script type=\"application\/ld+json\" class=\"yoast-schema-graph\">{\"@context\":\"https:\/\/schema.org\",\"@graph\":[{\"@type\":\"WebPage\",\"@id\":\"https:\/\/www.hsymachinery.com\/product\/walk-behind-power-trowel-pth-d60-90a\/\",\"url\":\"https:\/\/www.hsymachinery.com\/product\/walk-behind-power-trowel-pth-d60-90a\/\",\"name\":\"Walk-Behind Power Trowel PTH-D60\/90A - HSY Construction Machinery\",\"isPartOf\":{\"@id\":\"https:\/\/www.hsymachinery.com\/#website\"},\"primaryImageOfPage\":{\"@id\":\"https:\/\/www.hsymachinery.com\/product\/walk-behind-power-trowel-pth-d60-90a\/#primaryimage\"},\"image\":{\"@id\":\"https:\/\/www.hsymachinery.com\/product\/walk-behind-power-trowel-pth-d60-90a\/#primaryimage\"},\"thumbnailUrl\":\"https:\/\/www.hsymachinery.com\/wp-content\/uploads\/2025\/06\/Walk-Behind-Power-Trowel-PTH-D60A.jpg\",\"datePublished\":\"2025-06-18T12:34:21+00:00\",\"dateModified\":\"2025-06-28T15:07:53+00:00\",\"description\":\"PTH-D60\/90A electric power trowel offers reinforced performance and quiet, emission-free operation for indoor concrete finishing. Ideal for offices, hospitals, and basements.Walk-Behind Power Trowel PTH-D60\/90A\",\"breadcrumb\":{\"@id\":\"https:\/\/www.hsymachinery.com\/product\/walk-behind-power-trowel-pth-d60-90a\/#breadcrumb\"},\"inLanguage\":\"de\",\"potentialAction\":[{\"@type\":\"ReadAction\",\"target\":[\"https:\/\/www.hsymachinery.com\/product\/walk-behind-power-trowel-pth-d60-90a\/\"]}]},{\"@type\":\"ImageObject\",\"inLanguage\":\"de\",\"@id\":\"https:\/\/www.hsymachinery.com\/product\/walk-behind-power-trowel-pth-d60-90a\/#primaryimage\",\"url\":\"https:\/\/www.hsymachinery.com\/wp-content\/uploads\/2025\/06\/Walk-Behind-Power-Trowel-PTH-D60A.jpg\",\"contentUrl\":\"https:\/\/www.hsymachinery.com\/wp-content\/uploads\/2025\/06\/Walk-Behind-Power-Trowel-PTH-D60A.jpg\",\"width\":600,\"height\":738},{\"@type\":\"BreadcrumbList\",\"@id\":\"https:\/\/www.hsymachinery.com\/product\/walk-behind-power-trowel-pth-d60-90a\/#breadcrumb\",\"itemListElement\":[{\"@type\":\"ListItem\",\"position\":1,\"name\":\"home\",\"item\":\"https:\/\/www.hsymachinery.com\/\"},{\"@type\":\"ListItem\",\"position\":2,\"name\":\"products\",\"item\":\"https:\/\/www.hsymachinery.com\/products\/\"},{\"@type\":\"ListItem\",\"position\":3,\"name\":\"Walk-Behind Power Trowel PTH-D60\/90A\"}]},{\"@type\":\"WebSite\",\"@id\":\"https:\/\/www.hsymachinery.com\/#website\",\"url\":\"https:\/\/www.hsymachinery.com\/\",\"name\":\"HSY Construction Machinery\",\"description\":\"HSY Machinery \u2013 A leading China construction machinery supplier, offering a wide range of light construction equipment. Our main products include Rebar Cutting Machine, Rebar Bending Machine, Rebar Stirrup Bending Machine, Rebar Arc Bending Machine, Rebar Straightening Machine, Five-Head Rebar Stirrup Bending Machine, Tamping Rammer, Plate Compactor, Concrete Cutter, Power Trowel, and other construction machinery. We are equipped with advanced CNC machines, and we enforce strict quality inspection standards along with comprehensive after-sales service. If you are interested in our products or services, we warmly welcome your inquiries via message.\",\"publisher\":{\"@id\":\"https:\/\/www.hsymachinery.com\/#organization\"},\"potentialAction\":[{\"@type\":\"SearchAction\",\"target\":{\"@type\":\"EntryPoint\",\"urlTemplate\":\"https:\/\/www.hsymachinery.com\/?s={search_term_string}\"},\"query-input\":{\"@type\":\"PropertyValueSpecification\",\"valueRequired\":true,\"valueName\":\"search_term_string\"}}],\"inLanguage\":\"de\"},{\"@type\":\"Organization\",\"@id\":\"https:\/\/www.hsymachinery.com\/#organization\",\"name\":\"HSY Construction Machinery\",\"url\":\"https:\/\/www.hsymachinery.com\/\",\"logo\":{\"@type\":\"ImageObject\",\"inLanguage\":\"de\",\"@id\":\"https:\/\/www.hsymachinery.com\/#\/schema\/logo\/image\/\",\"url\":\"https:\/\/www.hsymachinery.com\/wp-content\/uploads\/2025\/06\/cropped-HSY-machinery.png\",\"contentUrl\":\"https:\/\/www.hsymachinery.com\/wp-content\/uploads\/2025\/06\/cropped-HSY-machinery.png\",\"width\":600,\"height\":240,\"caption\":\"HSY Construction Machinery\"},\"image\":{\"@id\":\"https:\/\/www.hsymachinery.com\/#\/schema\/logo\/image\/\"}}]}<\/script>\n<!-- \/ Yoast SEO plugin. -->","yoast_head_json":{"title":"Handgef\u00fchrte Gl\u00e4ttekelle PTH-D60\/90A - HSY Construction Machinery","description":"Der elektrische Gl\u00e4tter PTH-D60\/90A bietet verst\u00e4rkte Leistung und leisen, emissionsfreien Betrieb f\u00fcr die Betonbearbeitung in Innenr\u00e4umen. Ideal f\u00fcr B\u00fcros, Krankenh\u00e4user und Kellergeschosse.Handgef\u00fchrter Gl\u00e4tter PTH-D60\/90A","robots":{"index":"index","follow":"follow","max-snippet":"max-snippet:-1","max-image-preview":"max-image-preview:large","max-video-preview":"max-video-preview:-1"},"canonical":"https:\/\/www.hsymachinery.com\/de\/product\/handgefuhrte-glattekelle-pth-d60-90a\/","og_locale":"de_DE","og_type":"article","og_title":"Walk-Behind Power Trowel PTH-D60\/90A - HSY Construction Machinery","og_description":"PTH-D60\/90A electric power trowel offers reinforced performance and quiet, emission-free operation for indoor concrete finishing. Ideal for offices, hospitals, and basements.Walk-Behind Power Trowel PTH-D60\/90A","og_url":"https:\/\/www.hsymachinery.com\/de\/product\/handgefuhrte-glattekelle-pth-d60-90a\/","og_site_name":"HSY Construction Machinery","article_modified_time":"2025-06-28T15:07:53+00:00","og_image":[{"width":600,"height":738,"url":"https:\/\/www.hsymachinery.com\/wp-content\/uploads\/2025\/06\/Walk-Behind-Power-Trowel-PTH-D60A.jpg","type":"image\/jpeg"}],"twitter_card":"summary_large_image","twitter_misc":{"Gesch\u00e4tzte Lesezeit":"2\u00a0Minuten"},"schema":{"@context":"https:\/\/schema.org","@graph":[{"@type":"WebPage","@id":"https:\/\/www.hsymachinery.com\/product\/walk-behind-power-trowel-pth-d60-90a\/","url":"https:\/\/www.hsymachinery.com\/product\/walk-behind-power-trowel-pth-d60-90a\/","name":"Handgef\u00fchrte Gl\u00e4ttekelle PTH-D60\/90A - HSY Construction Machinery","isPartOf":{"@id":"https:\/\/www.hsymachinery.com\/#website"},"primaryImageOfPage":{"@id":"https:\/\/www.hsymachinery.com\/product\/walk-behind-power-trowel-pth-d60-90a\/#primaryimage"},"image":{"@id":"https:\/\/www.hsymachinery.com\/product\/walk-behind-power-trowel-pth-d60-90a\/#primaryimage"},"thumbnailUrl":"https:\/\/www.hsymachinery.com\/wp-content\/uploads\/2025\/06\/Walk-Behind-Power-Trowel-PTH-D60A.jpg","datePublished":"2025-06-18T12:34:21+00:00","dateModified":"2025-06-28T15:07:53+00:00","description":"Der elektrische Gl\u00e4tter PTH-D60\/90A bietet verst\u00e4rkte Leistung und leisen, emissionsfreien Betrieb f\u00fcr die Betonbearbeitung in Innenr\u00e4umen. Ideal f\u00fcr B\u00fcros, Krankenh\u00e4user und Kellergeschosse.Handgef\u00fchrter Gl\u00e4tter PTH-D60\/90A","breadcrumb":{"@id":"https:\/\/www.hsymachinery.com\/product\/walk-behind-power-trowel-pth-d60-90a\/#breadcrumb"},"inLanguage":"de","potentialAction":[{"@type":"ReadAction","target":["https:\/\/www.hsymachinery.com\/product\/walk-behind-power-trowel-pth-d60-90a\/"]}]},{"@type":"ImageObject","inLanguage":"de","@id":"https:\/\/www.hsymachinery.com\/product\/walk-behind-power-trowel-pth-d60-90a\/#primaryimage","url":"https:\/\/www.hsymachinery.com\/wp-content\/uploads\/2025\/06\/Walk-Behind-Power-Trowel-PTH-D60A.jpg","contentUrl":"https:\/\/www.hsymachinery.com\/wp-content\/uploads\/2025\/06\/Walk-Behind-Power-Trowel-PTH-D60A.jpg","width":600,"height":738},{"@type":"BreadcrumbList","@id":"https:\/\/www.hsymachinery.com\/product\/walk-behind-power-trowel-pth-d60-90a\/#breadcrumb","itemListElement":[{"@type":"ListItem","position":1,"name":"home","item":"https:\/\/www.hsymachinery.com\/"},{"@type":"ListItem","position":2,"name":"products","item":"https:\/\/www.hsymachinery.com\/products\/"},{"@type":"ListItem","position":3,"name":"Walk-Behind Power Trowel PTH-D60\/90A"}]},{"@type":"WebSite","@id":"https:\/\/www.hsymachinery.com\/#website","url":"https:\/\/www.hsymachinery.com\/","name":"HSY Baumaschinen","description":"HSY Machinery - Ein f\u00fchrender chinesischer Lieferant von Baumaschinen, der eine breite Palette von leichten Baumaschinen anbietet. Zu unseren Hauptprodukten geh\u00f6ren Bewehrungsschneidemaschine, Bewehrungsbiegemaschine, Bewehrungsb\u00fcgel-Biegemaschine, Bewehrungsbogen-Biegemaschine, Bewehrungsrichtmaschine, F\u00fcnf-Kopf-Bewehrungsb\u00fcgel-Biegemaschine, Stampfhammer, Plattenverdichter, Betonschneider, Gl\u00e4ttmaschine und andere Baumaschinen. Wir sind mit fortschrittlichen CNC-Maschinen ausgestattet und verf\u00fcgen \u00fcber strenge Qualit\u00e4tskontrollstandards sowie einen umfassenden Kundendienst. Wenn Sie an unseren Produkten oder Dienstleistungen interessiert sind, freuen wir uns \u00fcber Ihre Anfrage per Nachricht.","publisher":{"@id":"https:\/\/www.hsymachinery.com\/#organization"},"potentialAction":[{"@type":"SearchAction","target":{"@type":"EntryPoint","urlTemplate":"https:\/\/www.hsymachinery.com\/?s={search_term_string}"},"query-input":{"@type":"PropertyValueSpecification","valueRequired":true,"valueName":"search_term_string"}}],"inLanguage":"de"},{"@type":"Organization","@id":"https:\/\/www.hsymachinery.com\/#organization","name":"HSY Baumaschinen","url":"https:\/\/www.hsymachinery.com\/","logo":{"@type":"ImageObject","inLanguage":"de","@id":"https:\/\/www.hsymachinery.com\/#\/schema\/logo\/image\/","url":"https:\/\/www.hsymachinery.com\/wp-content\/uploads\/2025\/06\/cropped-HSY-machinery.png","contentUrl":"https:\/\/www.hsymachinery.com\/wp-content\/uploads\/2025\/06\/cropped-HSY-machinery.png","width":600,"height":240,"caption":"HSY Construction Machinery"},"image":{"@id":"https:\/\/www.hsymachinery.com\/#\/schema\/logo\/image\/"}}]}},"_links":{"self":[{"href":"https:\/\/www.hsymachinery.com\/de\/wp-json\/wp\/v2\/product\/9205","targetHints":{"allow":["GET"]}}],"collection":[{"href":"https:\/\/www.hsymachinery.com\/de\/wp-json\/wp\/v2\/product"}],"about":[{"href":"https:\/\/www.hsymachinery.com\/de\/wp-json\/wp\/v2\/types\/product"}],"version-history":[{"count":3,"href":"https:\/\/www.hsymachinery.com\/de\/wp-json\/wp\/v2\/product\/9205\/revisions"}],"predecessor-version":[{"id":9602,"href":"https:\/\/www.hsymachinery.com\/de\/wp-json\/wp\/v2\/product\/9205\/revisions\/9602"}],"wp:featuredmedia":[{"embeddable":true,"href":"https:\/\/www.hsymachinery.com\/de\/wp-json\/wp\/v2\/media\/9206"}],"wp:attachment":[{"href":"https:\/\/www.hsymachinery.com\/de\/wp-json\/wp\/v2\/media?parent=9205"}],"wp:term":[{"taxonomy":"product_brand","embeddable":true,"href":"https:\/\/www.hsymachinery.com\/de\/wp-json\/wp\/v2\/product_brand?post=9205"},{"taxonomy":"product_cat","embeddable":true,"href":"https:\/\/www.hsymachinery.com\/de\/wp-json\/wp\/v2\/product_cat?post=9205"},{"taxonomy":"product_tag","embeddable":true,"href":"https:\/\/www.hsymachinery.com\/de\/wp-json\/wp\/v2\/product_tag?post=9205"}],"curies":[{"name":"wp","href":"https:\/\/api.w.org\/{rel}","templated":true}]}}