{"id":9193,"date":"2025-06-18T20:23:34","date_gmt":"2025-06-18T12:23:34","guid":{"rendered":"https:\/\/www.hsymachinery.com\/?post_type=product&#038;p=9193"},"modified":"2025-06-28T22:40:38","modified_gmt":"2025-06-28T14:40:38","slug":"handgefuhrte-glattekelle-pth-c100","status":"publish","type":"product","link":"https:\/\/www.hsymachinery.com\/de\/product\/handgefuhrte-glattekelle-pth-c100\/","title":{"rendered":"Handgef\u00fchrte Gl\u00e4ttekelle PTH-C100"},"content":{"rendered":"<h2 data-start=\"165\" data-end=\"206\">Handgef\u00fchrte Gl\u00e4ttekelle PTH-C100<\/h2>\n<h3 data-start=\"207\" data-end=\"319\">PTH-C100 Dieselmotor-Betonkelle | Leistungsstarkes und effizientes Nachbearbeitungswerkzeug f\u00fcr Industriebetonplatten<\/h3>\n<h3 data-start=\"326\" data-end=\"417\">Produktbeschreibung - Strapazierf\u00e4higer, dieselbetriebener Gl\u00e4tter f\u00fcr schwere Oberfl\u00e4chenbearbeitung<a href=\"https:\/\/www.hsymachinery.com\/de\/produkte\/handgefuhrter-motorglatter\/\" target=\"_blank\" rel=\"noopener\"><img fetchpriority=\"high\" decoding=\"async\" class=\"wp-image-9194 alignright\" src=\"https:\/\/www.hsymachinery.com\/wp-content\/uploads\/2025\/06\/Walk-Behind-Power-Trowel-PTH-C100-244x300.jpg\" alt=\"\" width=\"450\" height=\"553\" srcset=\"https:\/\/www.hsymachinery.com\/wp-content\/uploads\/2025\/06\/Walk-Behind-Power-Trowel-PTH-C100-244x300.jpg 244w, https:\/\/www.hsymachinery.com\/wp-content\/uploads\/2025\/06\/Walk-Behind-Power-Trowel-PTH-C100.jpg 600w\" sizes=\"(max-width: 450px) 100vw, 450px\" \/><\/a><\/h3>\n<p data-start=\"419\" data-end=\"865\">Die <strong data-start=\"423\" data-end=\"460\">PTH-C100 Handgef\u00fchrte Gl\u00e4ttekelle<\/strong> ist eine Betonbearbeitungsmaschine mit Dieselmotor, die f\u00fcr industrielle Gro\u00dfanwendungen entwickelt wurde. Sie bietet eine ideale L\u00f6sung, wenn der Einsatz von Benzin eingeschr\u00e4nkt ist, und liefert dennoch eine starke, gleichm\u00e4\u00dfige Leistung f\u00fcr professionelle Ergebnisse. Dank ihres zuverl\u00e4ssigen Dieselmotors arbeitet die PTH-C100 mit einer ausgezeichneten Kraftstoffeffizienz, was sie f\u00fcr den t\u00e4glichen Einsatz kosteneffizient und zuverl\u00e4ssig macht.<\/p>\n<p data-start=\"867\" data-end=\"1288\">Mit einem gro\u00dfen Gl\u00e4ttdurchmesser von 100 cm deckt diese Maschine bei jedem Durchgang eine gr\u00f6\u00dfere Fl\u00e4che ab, was die Arbeitseffizienz deutlich erh\u00f6ht. Dar\u00fcber hinaus erm\u00f6glicht das System zur Steuerung des Fl\u00fcgelwinkels eine einfache Einstellung, die sowohl ein grobes Gl\u00e4tten als auch ein feines Polieren auf verschiedenen Betonoberfl\u00e4chen erm\u00f6glicht. Der Bauunternehmer kann den Winkel der Gl\u00e4ttschaufeln w\u00e4hrend des Betriebs nahtlos umschalten, was dazu beitr\u00e4gt, dass bei gro\u00dfen Platten ein gleichm\u00e4\u00dfiges Ergebnis erzielt wird.<\/p>\n<p data-start=\"1290\" data-end=\"1568\">Dar\u00fcber hinaus sorgen das Hochleistungsgetriebe, die verst\u00e4rkten Spinnenarme und der Sicherheitsring f\u00fcr eine lange Lebensdauer, auch unter harten Baustellenbedingungen. Der ergonomische Griff reduziert nicht nur die Vibrationen, sondern l\u00e4sst sich auch f\u00fcr den einfachen Transport und die Lagerung bequem zusammenklappen.<\/p>\n<p data-start=\"1570\" data-end=\"1811\">Dar\u00fcber hinaus eignet sich der PTH-C100 gut f\u00fcr Baustellen, die sowohl Leistung als auch Flexibilit\u00e4t bei der Kraftstoffart erfordern, insbesondere in Umgebungen mit Kraftstoffvorschriften oder an abgelegenen Orten, wo Diesel leichter verf\u00fcgbar ist als Benzin.<\/p>\n<h3 data-start=\"1818\" data-end=\"1871\">Haupteigenschaften der PTH-C100 Betongl\u00e4ttekelle<\/h3>\n<ul data-start=\"1873\" data-end=\"2262\">\n<li data-start=\"1873\" data-end=\"1948\">\n<p data-start=\"1875\" data-end=\"1948\">Der Dieselmotor liefert ein stabiles Drehmoment und eine lange Betriebsdauer<\/p>\n<\/li>\n<li data-start=\"1949\" data-end=\"2003\">\n<p data-start=\"1951\" data-end=\"2003\">100 cm Kellen-Durchmesser erm\u00f6glicht eine schnellere Abdeckung der Platte<\/p>\n<\/li>\n<li data-start=\"2004\" data-end=\"2062\">\n<p data-start=\"2006\" data-end=\"2062\">Einstellbarer Blattabstand f\u00fcr variable Oberfl\u00e4chengl\u00e4tte<\/p>\n<\/li>\n<li data-start=\"2063\" data-end=\"2123\">\n<p data-start=\"2065\" data-end=\"2123\">Langlebige Konstruktion mit hochfestem Getriebe und Armen<\/p>\n<\/li>\n<li data-start=\"2124\" data-end=\"2196\">\n<p data-start=\"2126\" data-end=\"2196\">Klappbarer Griff mit vibrationsd\u00e4mpfendem Design f\u00fcr mehr Bedienkomfort<\/p>\n<\/li>\n<li data-start=\"2197\" data-end=\"2262\">\n<p data-start=\"2199\" data-end=\"2262\">Ideal f\u00fcr gro\u00dfe Betonfl\u00e4chen auf brennstoffgeregelten Baustellen<\/p>\n<\/li>\n<\/ul>\n<h3 data-start=\"2269\" data-end=\"2356\">Anwendungen - Geeignet f\u00fcr Fabriken, Lagerhallen, Parkdecks und Platten im Freien<\/h3>\n<p data-start=\"2358\" data-end=\"2665\">Die PTH-C100 ist die perfekte L\u00f6sung f\u00fcr die Bearbeitung gro\u00dfer Brammen in Industrielagern, Transportterminals und offenen Gewerbefl\u00e4chen. Dank seines Dieselantriebs arbeitet er zuverl\u00e4ssig in Regionen, in denen der Zugang zu Benzin begrenzt ist oder Sicherheitsvorschriften Dieselger\u00e4te bevorzugen.<\/p>\n<p data-start=\"2667\" data-end=\"2854\">Aufgrund seiner Kombination aus hoher Leistung, niedrigem Kraftstoffverbrauch und robuster Technik ist der PTH-C100 die erste Wahl f\u00fcr Profis, die Geschwindigkeit und Oberfl\u00e4chenperfektion anstreben.<\/p>\n<p><iframe title=\"Gl\u00e4ttekelle,Handschiebegl\u00e4tter,Kelle,Beton #Kelle #Powertrowe#Beton\" width=\"720\" height=\"405\" src=\"https:\/\/www.youtube.com\/embed\/pa6AuNhMrwI?feature=oembed\" frameborder=\"0\" allow=\"accelerometer; autoplay; clipboard-write; encrypted-media; gyroscope; picture-in-picture; web-share\" referrerpolicy=\"strict-origin-when-cross-origin\" allowfullscreen><\/iframe><\/p>","protected":false},"excerpt":{"rendered":"<p>Der dieselbetriebene Gl\u00e4tter PTH-C100 zeichnet sich durch eine 100 cm breite Abdeckung, Kraftstoffeffizienz und eine robuste Konstruktion f\u00fcr die Bearbeitung gro\u00dfer Betonplatten in anspruchsvollen Arbeitsumgebungen aus.<\/p>","protected":false},"featured_media":9194,"template":"","meta":{"_kad_post_transparent":"default","_kad_post_title":"","_kad_post_layout":"default","_kad_post_sidebar_id":"","_kad_post_content_style":"default","_kad_post_vertical_padding":"default","_kad_post_feature":"","_kad_post_feature_position":"","_kad_post_header":false,"_kad_post_footer":false},"product_brand":[],"product_cat":[55],"product_tag":[1084,1083,1087,1081,1086,1085,1089,1088,1090,1082],"class_list":{"0":"post-9193","1":"product","2":"type-product","3":"status-publish","4":"has-post-thumbnail","6":"product_cat-walk-behind-power-trowel","7":"product_tag-cement-power-trowel","8":"product_tag-concrete-finishing-trowel","9":"product_tag-concrete-floor-finishing-machine","10":"product_tag-concrete-power-trowel","11":"product_tag-electric-walk-behind-trowel","12":"product_tag-gasoline-power-trowel","13":"product_tag-hand-operated-power-trowel","14":"product_tag-manual-power-trowel","15":"product_tag-walk-behind-concrete-finishing-machine","16":"product_tag-walk-behind-trowel-machine","18":"first","19":"instock","20":"shipping-taxable","21":"product-type-simple","22":"entry","23":"content-bg","24":"loop-entry"},"yoast_head":"<!-- This site is optimized with the Yoast SEO plugin v25.3.1 - https:\/\/yoast.com\/wordpress\/plugins\/seo\/ -->\n<title>Walk-Behind Power Trowel PTH-C100 - HSY Construction Machinery<\/title>\n<meta name=\"description\" content=\"PTH-C100 Walk-Behind Power Trowel with 100cm coverage ensures smooth surface finishing for industrial concrete slabs. Durable, efficient, and ideal for fuel-restricted sites.\" \/>\n<meta name=\"robots\" content=\"index, follow, max-snippet:-1, max-image-preview:large, max-video-preview:-1\" \/>\n<link rel=\"canonical\" href=\"https:\/\/www.hsymachinery.com\/de\/product\/handgefuhrte-glattekelle-pth-c100\/\" \/>\n<meta property=\"og:locale\" content=\"de_DE\" \/>\n<meta property=\"og:type\" content=\"article\" \/>\n<meta property=\"og:title\" content=\"Walk-Behind Power Trowel PTH-C100 - HSY Construction Machinery\" \/>\n<meta property=\"og:description\" content=\"PTH-C100 Walk-Behind Power Trowel with 100cm coverage ensures smooth surface finishing for industrial concrete slabs. Durable, efficient, and ideal for fuel-restricted sites.\" \/>\n<meta property=\"og:url\" content=\"https:\/\/www.hsymachinery.com\/de\/product\/handgefuhrte-glattekelle-pth-c100\/\" \/>\n<meta property=\"og:site_name\" content=\"HSY Construction Machinery\" \/>\n<meta property=\"article:modified_time\" content=\"2025-06-28T14:40:38+00:00\" \/>\n<meta property=\"og:image\" content=\"https:\/\/www.hsymachinery.com\/wp-content\/uploads\/2025\/06\/Walk-Behind-Power-Trowel-PTH-C100.jpg\" \/>\n\t<meta property=\"og:image:width\" content=\"600\" \/>\n\t<meta property=\"og:image:height\" content=\"738\" \/>\n\t<meta property=\"og:image:type\" content=\"image\/jpeg\" \/>\n<meta name=\"twitter:card\" content=\"summary_large_image\" \/>\n<meta name=\"twitter:label1\" content=\"Gesch\u00e4tzte Lesezeit\" \/>\n\t<meta name=\"twitter:data1\" content=\"2\u00a0Minuten\" \/>\n<script type=\"application\/ld+json\" class=\"yoast-schema-graph\">{\"@context\":\"https:\/\/schema.org\",\"@graph\":[{\"@type\":\"WebPage\",\"@id\":\"https:\/\/www.hsymachinery.com\/product\/walk-behind-power-trowel-pth-c100\/\",\"url\":\"https:\/\/www.hsymachinery.com\/product\/walk-behind-power-trowel-pth-c100\/\",\"name\":\"Walk-Behind Power Trowel PTH-C100 - HSY Construction Machinery\",\"isPartOf\":{\"@id\":\"https:\/\/www.hsymachinery.com\/#website\"},\"primaryImageOfPage\":{\"@id\":\"https:\/\/www.hsymachinery.com\/product\/walk-behind-power-trowel-pth-c100\/#primaryimage\"},\"image\":{\"@id\":\"https:\/\/www.hsymachinery.com\/product\/walk-behind-power-trowel-pth-c100\/#primaryimage\"},\"thumbnailUrl\":\"https:\/\/www.hsymachinery.com\/wp-content\/uploads\/2025\/06\/Walk-Behind-Power-Trowel-PTH-C100.jpg\",\"datePublished\":\"2025-06-18T12:23:34+00:00\",\"dateModified\":\"2025-06-28T14:40:38+00:00\",\"description\":\"PTH-C100 Walk-Behind Power Trowel with 100cm coverage ensures smooth surface finishing for industrial concrete slabs. Durable, efficient, and ideal for fuel-restricted sites.\",\"breadcrumb\":{\"@id\":\"https:\/\/www.hsymachinery.com\/product\/walk-behind-power-trowel-pth-c100\/#breadcrumb\"},\"inLanguage\":\"de\",\"potentialAction\":[{\"@type\":\"ReadAction\",\"target\":[\"https:\/\/www.hsymachinery.com\/product\/walk-behind-power-trowel-pth-c100\/\"]}]},{\"@type\":\"ImageObject\",\"inLanguage\":\"de\",\"@id\":\"https:\/\/www.hsymachinery.com\/product\/walk-behind-power-trowel-pth-c100\/#primaryimage\",\"url\":\"https:\/\/www.hsymachinery.com\/wp-content\/uploads\/2025\/06\/Walk-Behind-Power-Trowel-PTH-C100.jpg\",\"contentUrl\":\"https:\/\/www.hsymachinery.com\/wp-content\/uploads\/2025\/06\/Walk-Behind-Power-Trowel-PTH-C100.jpg\",\"width\":600,\"height\":738},{\"@type\":\"BreadcrumbList\",\"@id\":\"https:\/\/www.hsymachinery.com\/product\/walk-behind-power-trowel-pth-c100\/#breadcrumb\",\"itemListElement\":[{\"@type\":\"ListItem\",\"position\":1,\"name\":\"home\",\"item\":\"https:\/\/www.hsymachinery.com\/\"},{\"@type\":\"ListItem\",\"position\":2,\"name\":\"products\",\"item\":\"https:\/\/www.hsymachinery.com\/products\/\"},{\"@type\":\"ListItem\",\"position\":3,\"name\":\"Walk-Behind Power Trowel PTH-C100\"}]},{\"@type\":\"WebSite\",\"@id\":\"https:\/\/www.hsymachinery.com\/#website\",\"url\":\"https:\/\/www.hsymachinery.com\/\",\"name\":\"HSY Construction Machinery\",\"description\":\"HSY Machinery \u2013 A leading China construction machinery supplier, offering a wide range of light construction equipment. Our main products include Rebar Cutting Machine, Rebar Bending Machine, Rebar Stirrup Bending Machine, Rebar Arc Bending Machine, Rebar Straightening Machine, Five-Head Rebar Stirrup Bending Machine, Tamping Rammer, Plate Compactor, Concrete Cutter, Power Trowel, and other construction machinery. We are equipped with advanced CNC machines, and we enforce strict quality inspection standards along with comprehensive after-sales service. If you are interested in our products or services, we warmly welcome your inquiries via message.\",\"publisher\":{\"@id\":\"https:\/\/www.hsymachinery.com\/#organization\"},\"potentialAction\":[{\"@type\":\"SearchAction\",\"target\":{\"@type\":\"EntryPoint\",\"urlTemplate\":\"https:\/\/www.hsymachinery.com\/?s={search_term_string}\"},\"query-input\":{\"@type\":\"PropertyValueSpecification\",\"valueRequired\":true,\"valueName\":\"search_term_string\"}}],\"inLanguage\":\"de\"},{\"@type\":\"Organization\",\"@id\":\"https:\/\/www.hsymachinery.com\/#organization\",\"name\":\"HSY Construction Machinery\",\"url\":\"https:\/\/www.hsymachinery.com\/\",\"logo\":{\"@type\":\"ImageObject\",\"inLanguage\":\"de\",\"@id\":\"https:\/\/www.hsymachinery.com\/#\/schema\/logo\/image\/\",\"url\":\"https:\/\/www.hsymachinery.com\/wp-content\/uploads\/2025\/06\/cropped-HSY-machinery.png\",\"contentUrl\":\"https:\/\/www.hsymachinery.com\/wp-content\/uploads\/2025\/06\/cropped-HSY-machinery.png\",\"width\":600,\"height\":240,\"caption\":\"HSY Construction Machinery\"},\"image\":{\"@id\":\"https:\/\/www.hsymachinery.com\/#\/schema\/logo\/image\/\"}}]}<\/script>\n<!-- \/ Yoast SEO plugin. -->","yoast_head_json":{"title":"Handgef\u00fchrte Gl\u00e4ttekelle PTH-C100 - HSY Construction Machinery","description":"Der handgef\u00fchrte Gl\u00e4tter PTH-C100 mit einer Reichweite von 100 cm sorgt f\u00fcr eine glatte Oberfl\u00e4che bei industriellen Betonplatten. Langlebig, effizient und ideal f\u00fcr Standorte mit begrenztem Kraftstoffvorrat.","robots":{"index":"index","follow":"follow","max-snippet":"max-snippet:-1","max-image-preview":"max-image-preview:large","max-video-preview":"max-video-preview:-1"},"canonical":"https:\/\/www.hsymachinery.com\/de\/product\/handgefuhrte-glattekelle-pth-c100\/","og_locale":"de_DE","og_type":"article","og_title":"Walk-Behind Power Trowel PTH-C100 - HSY Construction Machinery","og_description":"PTH-C100 Walk-Behind Power Trowel with 100cm coverage ensures smooth surface finishing for industrial concrete slabs. Durable, efficient, and ideal for fuel-restricted sites.","og_url":"https:\/\/www.hsymachinery.com\/de\/product\/handgefuhrte-glattekelle-pth-c100\/","og_site_name":"HSY Construction Machinery","article_modified_time":"2025-06-28T14:40:38+00:00","og_image":[{"width":600,"height":738,"url":"https:\/\/www.hsymachinery.com\/wp-content\/uploads\/2025\/06\/Walk-Behind-Power-Trowel-PTH-C100.jpg","type":"image\/jpeg"}],"twitter_card":"summary_large_image","twitter_misc":{"Gesch\u00e4tzte Lesezeit":"2\u00a0Minuten"},"schema":{"@context":"https:\/\/schema.org","@graph":[{"@type":"WebPage","@id":"https:\/\/www.hsymachinery.com\/product\/walk-behind-power-trowel-pth-c100\/","url":"https:\/\/www.hsymachinery.com\/product\/walk-behind-power-trowel-pth-c100\/","name":"Handgef\u00fchrte Gl\u00e4ttekelle PTH-C100 - HSY Construction Machinery","isPartOf":{"@id":"https:\/\/www.hsymachinery.com\/#website"},"primaryImageOfPage":{"@id":"https:\/\/www.hsymachinery.com\/product\/walk-behind-power-trowel-pth-c100\/#primaryimage"},"image":{"@id":"https:\/\/www.hsymachinery.com\/product\/walk-behind-power-trowel-pth-c100\/#primaryimage"},"thumbnailUrl":"https:\/\/www.hsymachinery.com\/wp-content\/uploads\/2025\/06\/Walk-Behind-Power-Trowel-PTH-C100.jpg","datePublished":"2025-06-18T12:23:34+00:00","dateModified":"2025-06-28T14:40:38+00:00","description":"Der handgef\u00fchrte Gl\u00e4tter PTH-C100 mit einer Reichweite von 100 cm sorgt f\u00fcr eine glatte Oberfl\u00e4che bei industriellen Betonplatten. Langlebig, effizient und ideal f\u00fcr Standorte mit begrenztem Kraftstoffvorrat.","breadcrumb":{"@id":"https:\/\/www.hsymachinery.com\/product\/walk-behind-power-trowel-pth-c100\/#breadcrumb"},"inLanguage":"de","potentialAction":[{"@type":"ReadAction","target":["https:\/\/www.hsymachinery.com\/product\/walk-behind-power-trowel-pth-c100\/"]}]},{"@type":"ImageObject","inLanguage":"de","@id":"https:\/\/www.hsymachinery.com\/product\/walk-behind-power-trowel-pth-c100\/#primaryimage","url":"https:\/\/www.hsymachinery.com\/wp-content\/uploads\/2025\/06\/Walk-Behind-Power-Trowel-PTH-C100.jpg","contentUrl":"https:\/\/www.hsymachinery.com\/wp-content\/uploads\/2025\/06\/Walk-Behind-Power-Trowel-PTH-C100.jpg","width":600,"height":738},{"@type":"BreadcrumbList","@id":"https:\/\/www.hsymachinery.com\/product\/walk-behind-power-trowel-pth-c100\/#breadcrumb","itemListElement":[{"@type":"ListItem","position":1,"name":"home","item":"https:\/\/www.hsymachinery.com\/"},{"@type":"ListItem","position":2,"name":"products","item":"https:\/\/www.hsymachinery.com\/products\/"},{"@type":"ListItem","position":3,"name":"Walk-Behind Power Trowel PTH-C100"}]},{"@type":"WebSite","@id":"https:\/\/www.hsymachinery.com\/#website","url":"https:\/\/www.hsymachinery.com\/","name":"HSY Baumaschinen","description":"HSY Machinery - Ein f\u00fchrender chinesischer Lieferant von Baumaschinen, der eine breite Palette von leichten Baumaschinen anbietet. Zu unseren Hauptprodukten geh\u00f6ren Bewehrungsschneidemaschine, Bewehrungsbiegemaschine, Bewehrungsb\u00fcgel-Biegemaschine, Bewehrungsbogen-Biegemaschine, Bewehrungsrichtmaschine, F\u00fcnf-Kopf-Bewehrungsb\u00fcgel-Biegemaschine, Stampfhammer, Plattenverdichter, Betonschneider, Gl\u00e4ttmaschine und andere Baumaschinen. Wir sind mit fortschrittlichen CNC-Maschinen ausgestattet und verf\u00fcgen \u00fcber strenge Qualit\u00e4tskontrollstandards sowie einen umfassenden Kundendienst. Wenn Sie an unseren Produkten oder Dienstleistungen interessiert sind, freuen wir uns \u00fcber Ihre Anfrage per Nachricht.","publisher":{"@id":"https:\/\/www.hsymachinery.com\/#organization"},"potentialAction":[{"@type":"SearchAction","target":{"@type":"EntryPoint","urlTemplate":"https:\/\/www.hsymachinery.com\/?s={search_term_string}"},"query-input":{"@type":"PropertyValueSpecification","valueRequired":true,"valueName":"search_term_string"}}],"inLanguage":"de"},{"@type":"Organization","@id":"https:\/\/www.hsymachinery.com\/#organization","name":"HSY Baumaschinen","url":"https:\/\/www.hsymachinery.com\/","logo":{"@type":"ImageObject","inLanguage":"de","@id":"https:\/\/www.hsymachinery.com\/#\/schema\/logo\/image\/","url":"https:\/\/www.hsymachinery.com\/wp-content\/uploads\/2025\/06\/cropped-HSY-machinery.png","contentUrl":"https:\/\/www.hsymachinery.com\/wp-content\/uploads\/2025\/06\/cropped-HSY-machinery.png","width":600,"height":240,"caption":"HSY Construction Machinery"},"image":{"@id":"https:\/\/www.hsymachinery.com\/#\/schema\/logo\/image\/"}}]}},"_links":{"self":[{"href":"https:\/\/www.hsymachinery.com\/de\/wp-json\/wp\/v2\/product\/9193","targetHints":{"allow":["GET"]}}],"collection":[{"href":"https:\/\/www.hsymachinery.com\/de\/wp-json\/wp\/v2\/product"}],"about":[{"href":"https:\/\/www.hsymachinery.com\/de\/wp-json\/wp\/v2\/types\/product"}],"version-history":[{"count":3,"href":"https:\/\/www.hsymachinery.com\/de\/wp-json\/wp\/v2\/product\/9193\/revisions"}],"predecessor-version":[{"id":9594,"href":"https:\/\/www.hsymachinery.com\/de\/wp-json\/wp\/v2\/product\/9193\/revisions\/9594"}],"wp:featuredmedia":[{"embeddable":true,"href":"https:\/\/www.hsymachinery.com\/de\/wp-json\/wp\/v2\/media\/9194"}],"wp:attachment":[{"href":"https:\/\/www.hsymachinery.com\/de\/wp-json\/wp\/v2\/media?parent=9193"}],"wp:term":[{"taxonomy":"product_brand","embeddable":true,"href":"https:\/\/www.hsymachinery.com\/de\/wp-json\/wp\/v2\/product_brand?post=9193"},{"taxonomy":"product_cat","embeddable":true,"href":"https:\/\/www.hsymachinery.com\/de\/wp-json\/wp\/v2\/product_cat?post=9193"},{"taxonomy":"product_tag","embeddable":true,"href":"https:\/\/www.hsymachinery.com\/de\/wp-json\/wp\/v2\/product_tag?post=9193"}],"curies":[{"name":"wp","href":"https:\/\/api.w.org\/{rel}","templated":true}]}}