{"id":9172,"date":"2025-06-18T18:29:14","date_gmt":"2025-06-18T10:29:14","guid":{"rendered":"https:\/\/www.hsymachinery.com\/?post_type=product&#038;p=9172"},"modified":"2025-06-28T22:05:02","modified_gmt":"2025-06-28T14:05:02","slug":"handgefuhrte-glattekelle-pth-l100","status":"publish","type":"product","link":"https:\/\/www.hsymachinery.com\/de\/product\/handgefuhrte-glattekelle-pth-l100\/","title":{"rendered":"Handgef\u00fchrte Gl\u00e4ttekelle PTH-L100"},"content":{"rendered":"<h2 data-start=\"119\" data-end=\"160\">Handgef\u00fchrte Gl\u00e4ttekelle PTH-L100<\/h2>\n<h3 data-start=\"161\" data-end=\"265\">PTH-L100 Longxin Motor-Betonkelle | Gro\u00dffl\u00e4chiges Gl\u00e4tten f\u00fcr gro\u00dfe Betonbodenarbeiten<\/h3>\n<h3 data-start=\"272\" data-end=\"370\">Produktbeschreibung - Professionelle Gl\u00e4ttungsl\u00f6sung f\u00fcr gro\u00dffl\u00e4chige Betonanwendungen<a href=\"https:\/\/www.hsymachinery.com\/de\/produkte\/handgefuhrter-motorglatter\/\" target=\"_blank\" rel=\"noopener\"><img fetchpriority=\"high\" decoding=\"async\" class=\"wp-image-9173 alignright\" src=\"https:\/\/www.hsymachinery.com\/wp-content\/uploads\/2025\/06\/Walk-Behind-Power-Trowel-PTH-L100-244x300.jpg\" alt=\"\" width=\"453\" height=\"557\" srcset=\"https:\/\/www.hsymachinery.com\/wp-content\/uploads\/2025\/06\/Walk-Behind-Power-Trowel-PTH-L100-244x300.jpg 244w, https:\/\/www.hsymachinery.com\/wp-content\/uploads\/2025\/06\/Walk-Behind-Power-Trowel-PTH-L100.jpg 600w\" sizes=\"(max-width: 453px) 100vw, 453px\" \/><\/a><\/h3>\n<p data-start=\"372\" data-end=\"739\">Die <strong data-start=\"376\" data-end=\"413\">PTH-L100 Handgef\u00fchrte Gl\u00e4ttekelle<\/strong> ist eine Hochleistungs-Betonbearbeitungsmaschine, die gro\u00dfe Fl\u00e4chen mit Leichtigkeit und Pr\u00e4zision bearbeiten kann. Angetrieben von einem langlebigen Longxin-Benzinmotor bietet dieses Modell die Leistung und Kontrolle, die Bauunternehmer auf anspruchsvollen Baustellen wie Lagerhallen, Industrieb\u00f6den und gro\u00dfen Baupl\u00e4tzen ben\u00f6tigen.<\/p>\n<p data-start=\"741\" data-end=\"1054\">Mit einem Gl\u00e4tterdurchmesser von 100 cm deckt der PTH-L100 mehr Fl\u00e4che pro Arbeitsgang ab, was die Arbeitseffizienz erh\u00f6ht, ohne die Gl\u00e4tte zu beeintr\u00e4chtigen. Die Blattneigung l\u00e4sst sich leicht einstellen, so dass der Bediener das Finish von rau bis poliert verfeinern kann, was gleichm\u00e4\u00dfige Ergebnisse auf der gesamten Betonoberfl\u00e4che gew\u00e4hrleistet.<\/p>\n<p data-start=\"1056\" data-end=\"1233\">Die Maschine ist mit einem robusten Getriebe, hochfesten Spinnenarmen und einem vibrationsd\u00e4mpfenden Griff ausgestattet, was einen reibungslosen Betrieb, mehr Sicherheit und eine lange Lebensdauer gew\u00e4hrleistet.<\/p>\n<h3 data-start=\"1240\" data-end=\"1293\">\u00a0Wesentliche Merkmale der PTH-L100 Betongl\u00e4ttekelle<\/h3>\n<ul data-start=\"1295\" data-end=\"1661\">\n<li data-start=\"1295\" data-end=\"1360\">\n<p data-start=\"1297\" data-end=\"1360\">Longxin-Benzinmotor sorgt f\u00fcr zuverl\u00e4ssige und starke Leistung<\/p>\n<\/li>\n<li data-start=\"1361\" data-end=\"1424\">\n<p data-start=\"1363\" data-end=\"1424\">Breiter Gl\u00e4ttungsdurchmesser von 100 cm f\u00fcr eine schnellere Oberfl\u00e4chenbearbeitung<\/p>\n<\/li>\n<li data-start=\"1425\" data-end=\"1479\">\n<p data-start=\"1427\" data-end=\"1479\">Einstellbarer Messerabstand f\u00fcr variable Oberfl\u00e4chenqualit\u00e4t<\/p>\n<\/li>\n<li data-start=\"1480\" data-end=\"1542\">\n<p data-start=\"1482\" data-end=\"1542\">Verst\u00e4rkter Sicherheitsring und hochbelastbare Getriebekonstruktion<\/p>\n<\/li>\n<li data-start=\"1543\" data-end=\"1603\">\n<p data-start=\"1545\" data-end=\"1603\">Klappbarer Griff mit ergonomischem Griff f\u00fcr Bedienkomfort<\/p>\n<\/li>\n<li data-start=\"1604\" data-end=\"1661\">\n<p data-start=\"1606\" data-end=\"1661\">Wartungsarm und kraftstoffsparend f\u00fcr lange Arbeitszeiten<\/p>\n<\/li>\n<\/ul>\n<h3 data-start=\"1668\" data-end=\"1750\">Anwendungen - Perfekt f\u00fcr Lagerhallen, gro\u00dfe Platten und Industrieprojekte<\/h3>\n<p data-start=\"1752\" data-end=\"2056\">Der PTH-L100 ist f\u00fcr die leistungsstarke Oberfl\u00e4chenbearbeitung in gro\u00dfen Baugebieten wie Fabriken, Logistikzentren, Parkh\u00e4usern und Betonplattformen konzipiert. Der gro\u00dfe Arbeitsbereich und die stabile Konstruktion helfen den Teams, Zeit zu sparen und gleichzeitig eine gleichm\u00e4\u00dfige, glatte Oberfl\u00e4che zu erzielen.<\/p>\n<p data-start=\"2058\" data-end=\"2209\">Bauprofis vertrauen auf dieses Modell wegen seiner robusten Bauweise, der langen Laufzeit und der F\u00e4higkeit zum Dauereinsatz in schwierigen Umgebungen.<\/p>\n<p><iframe title=\"Gl\u00e4ttekelle,Aufsitzgl\u00e4tter,Handschiebegl\u00e4tter,Gl\u00e4tter,Beton #gl\u00e4tter#Gl\u00e4tter\" width=\"720\" height=\"405\" src=\"https:\/\/www.youtube.com\/embed\/VGFIPDTiUYI?feature=oembed\" frameborder=\"0\" allow=\"accelerometer; autoplay; clipboard-write; encrypted-media; gyroscope; picture-in-picture; web-share\" referrerpolicy=\"strict-origin-when-cross-origin\" allowfullscreen><\/iframe><\/p>","protected":false},"excerpt":{"rendered":"<p>Der handgef\u00fchrte Betongl\u00e4tter PTH-L100 mit Longxin-Motor ist ideal f\u00fcr die Bearbeitung gro\u00dfer Platten und bietet eine gro\u00dfe Reichweite und eine einstellbare Klingensteuerung f\u00fcr eine perfekte Oberfl\u00e4che.<\/p>","protected":false},"featured_media":9173,"template":"","meta":{"_kad_post_transparent":"default","_kad_post_title":"","_kad_post_layout":"default","_kad_post_sidebar_id":"","_kad_post_content_style":"default","_kad_post_vertical_padding":"default","_kad_post_feature":"","_kad_post_feature_position":"","_kad_post_header":false,"_kad_post_footer":false},"product_brand":[],"product_cat":[55],"product_tag":[1084,1083,1087,1081,1086,1085,1089,1088,1090,1082],"class_list":{"0":"post-9172","1":"product","2":"type-product","3":"status-publish","4":"has-post-thumbnail","6":"product_cat-walk-behind-power-trowel","7":"product_tag-cement-power-trowel","8":"product_tag-concrete-finishing-trowel","9":"product_tag-concrete-floor-finishing-machine","10":"product_tag-concrete-power-trowel","11":"product_tag-electric-walk-behind-trowel","12":"product_tag-gasoline-power-trowel","13":"product_tag-hand-operated-power-trowel","14":"product_tag-manual-power-trowel","15":"product_tag-walk-behind-concrete-finishing-machine","16":"product_tag-walk-behind-trowel-machine","18":"first","19":"instock","20":"shipping-taxable","21":"product-type-simple","22":"entry","23":"content-bg","24":"loop-entry"},"yoast_head":"<!-- This site is optimized with the Yoast SEO plugin v25.3.1 - https:\/\/yoast.com\/wordpress\/plugins\/seo\/ -->\n<title>Walk-Behind Power Trowel PTH-L100 - HSY Construction Machinery<\/title>\n<meta name=\"description\" content=\"PTH-L100 walk-behind concrete power trowel with Loncin engine ensures efficient wide-area finishing for industrial floors and slabs. Rugged, powerful, and operator-friendly.\" \/>\n<meta name=\"robots\" content=\"index, follow, max-snippet:-1, max-image-preview:large, max-video-preview:-1\" \/>\n<link rel=\"canonical\" href=\"https:\/\/www.hsymachinery.com\/de\/product\/handgefuhrte-glattekelle-pth-l100\/\" \/>\n<meta property=\"og:locale\" content=\"de_DE\" \/>\n<meta property=\"og:type\" content=\"article\" \/>\n<meta property=\"og:title\" content=\"Walk-Behind Power Trowel PTH-L100 - HSY Construction Machinery\" \/>\n<meta property=\"og:description\" content=\"PTH-L100 walk-behind concrete power trowel with Loncin engine ensures efficient wide-area finishing for industrial floors and slabs. Rugged, powerful, and operator-friendly.\" \/>\n<meta property=\"og:url\" content=\"https:\/\/www.hsymachinery.com\/de\/product\/handgefuhrte-glattekelle-pth-l100\/\" \/>\n<meta property=\"og:site_name\" content=\"HSY Construction Machinery\" \/>\n<meta property=\"article:modified_time\" content=\"2025-06-28T14:05:02+00:00\" \/>\n<meta property=\"og:image\" content=\"https:\/\/www.hsymachinery.com\/wp-content\/uploads\/2025\/06\/Walk-Behind-Power-Trowel-PTH-L100.jpg\" \/>\n\t<meta property=\"og:image:width\" content=\"600\" \/>\n\t<meta property=\"og:image:height\" content=\"738\" \/>\n\t<meta property=\"og:image:type\" content=\"image\/jpeg\" \/>\n<meta name=\"twitter:card\" content=\"summary_large_image\" \/>\n<meta name=\"twitter:label1\" content=\"Gesch\u00e4tzte Lesezeit\" \/>\n\t<meta name=\"twitter:data1\" content=\"2\u00a0Minuten\" \/>\n<script type=\"application\/ld+json\" class=\"yoast-schema-graph\">{\"@context\":\"https:\/\/schema.org\",\"@graph\":[{\"@type\":\"WebPage\",\"@id\":\"https:\/\/www.hsymachinery.com\/product\/walk-behind-power-trowel-pth-l100\/\",\"url\":\"https:\/\/www.hsymachinery.com\/product\/walk-behind-power-trowel-pth-l100\/\",\"name\":\"Walk-Behind Power Trowel PTH-L100 - HSY Construction Machinery\",\"isPartOf\":{\"@id\":\"https:\/\/www.hsymachinery.com\/#website\"},\"primaryImageOfPage\":{\"@id\":\"https:\/\/www.hsymachinery.com\/product\/walk-behind-power-trowel-pth-l100\/#primaryimage\"},\"image\":{\"@id\":\"https:\/\/www.hsymachinery.com\/product\/walk-behind-power-trowel-pth-l100\/#primaryimage\"},\"thumbnailUrl\":\"https:\/\/www.hsymachinery.com\/wp-content\/uploads\/2025\/06\/Walk-Behind-Power-Trowel-PTH-L100.jpg\",\"datePublished\":\"2025-06-18T10:29:14+00:00\",\"dateModified\":\"2025-06-28T14:05:02+00:00\",\"description\":\"PTH-L100 walk-behind concrete power trowel with Loncin engine ensures efficient wide-area finishing for industrial floors and slabs. Rugged, powerful, and operator-friendly.\",\"breadcrumb\":{\"@id\":\"https:\/\/www.hsymachinery.com\/product\/walk-behind-power-trowel-pth-l100\/#breadcrumb\"},\"inLanguage\":\"de\",\"potentialAction\":[{\"@type\":\"ReadAction\",\"target\":[\"https:\/\/www.hsymachinery.com\/product\/walk-behind-power-trowel-pth-l100\/\"]}]},{\"@type\":\"ImageObject\",\"inLanguage\":\"de\",\"@id\":\"https:\/\/www.hsymachinery.com\/product\/walk-behind-power-trowel-pth-l100\/#primaryimage\",\"url\":\"https:\/\/www.hsymachinery.com\/wp-content\/uploads\/2025\/06\/Walk-Behind-Power-Trowel-PTH-L100.jpg\",\"contentUrl\":\"https:\/\/www.hsymachinery.com\/wp-content\/uploads\/2025\/06\/Walk-Behind-Power-Trowel-PTH-L100.jpg\",\"width\":600,\"height\":738},{\"@type\":\"BreadcrumbList\",\"@id\":\"https:\/\/www.hsymachinery.com\/product\/walk-behind-power-trowel-pth-l100\/#breadcrumb\",\"itemListElement\":[{\"@type\":\"ListItem\",\"position\":1,\"name\":\"home\",\"item\":\"https:\/\/www.hsymachinery.com\/\"},{\"@type\":\"ListItem\",\"position\":2,\"name\":\"products\",\"item\":\"https:\/\/www.hsymachinery.com\/products\/\"},{\"@type\":\"ListItem\",\"position\":3,\"name\":\"Walk-Behind Power Trowel PTH-L100\"}]},{\"@type\":\"WebSite\",\"@id\":\"https:\/\/www.hsymachinery.com\/#website\",\"url\":\"https:\/\/www.hsymachinery.com\/\",\"name\":\"HSY Construction Machinery\",\"description\":\"HSY Machinery \u2013 A leading China construction machinery supplier, offering a wide range of light construction equipment. Our main products include Rebar Cutting Machine, Rebar Bending Machine, Rebar Stirrup Bending Machine, Rebar Arc Bending Machine, Rebar Straightening Machine, Five-Head Rebar Stirrup Bending Machine, Tamping Rammer, Plate Compactor, Concrete Cutter, Power Trowel, and other construction machinery. We are equipped with advanced CNC machines, and we enforce strict quality inspection standards along with comprehensive after-sales service. If you are interested in our products or services, we warmly welcome your inquiries via message.\",\"publisher\":{\"@id\":\"https:\/\/www.hsymachinery.com\/#organization\"},\"potentialAction\":[{\"@type\":\"SearchAction\",\"target\":{\"@type\":\"EntryPoint\",\"urlTemplate\":\"https:\/\/www.hsymachinery.com\/?s={search_term_string}\"},\"query-input\":{\"@type\":\"PropertyValueSpecification\",\"valueRequired\":true,\"valueName\":\"search_term_string\"}}],\"inLanguage\":\"de\"},{\"@type\":\"Organization\",\"@id\":\"https:\/\/www.hsymachinery.com\/#organization\",\"name\":\"HSY Construction Machinery\",\"url\":\"https:\/\/www.hsymachinery.com\/\",\"logo\":{\"@type\":\"ImageObject\",\"inLanguage\":\"de\",\"@id\":\"https:\/\/www.hsymachinery.com\/#\/schema\/logo\/image\/\",\"url\":\"https:\/\/www.hsymachinery.com\/wp-content\/uploads\/2025\/06\/cropped-HSY-machinery.png\",\"contentUrl\":\"https:\/\/www.hsymachinery.com\/wp-content\/uploads\/2025\/06\/cropped-HSY-machinery.png\",\"width\":600,\"height\":240,\"caption\":\"HSY Construction Machinery\"},\"image\":{\"@id\":\"https:\/\/www.hsymachinery.com\/#\/schema\/logo\/image\/\"}}]}<\/script>\n<!-- \/ Yoast SEO plugin. -->","yoast_head_json":{"title":"Handgef\u00fchrte Gl\u00e4ttekelle PTH-L100 - HSY Construction Machinery","description":"Der handgef\u00fchrte Betongl\u00e4tter PTH-L100 mit Loncin-Motor gew\u00e4hrleistet eine effiziente, gro\u00dffl\u00e4chige Bearbeitung von Industrieb\u00f6den und -platten. Robust, leistungsstark und bedienerfreundlich.","robots":{"index":"index","follow":"follow","max-snippet":"max-snippet:-1","max-image-preview":"max-image-preview:large","max-video-preview":"max-video-preview:-1"},"canonical":"https:\/\/www.hsymachinery.com\/de\/product\/handgefuhrte-glattekelle-pth-l100\/","og_locale":"de_DE","og_type":"article","og_title":"Walk-Behind Power Trowel PTH-L100 - HSY Construction Machinery","og_description":"PTH-L100 walk-behind concrete power trowel with Loncin engine ensures efficient wide-area finishing for industrial floors and slabs. Rugged, powerful, and operator-friendly.","og_url":"https:\/\/www.hsymachinery.com\/de\/product\/handgefuhrte-glattekelle-pth-l100\/","og_site_name":"HSY Construction Machinery","article_modified_time":"2025-06-28T14:05:02+00:00","og_image":[{"width":600,"height":738,"url":"https:\/\/www.hsymachinery.com\/wp-content\/uploads\/2025\/06\/Walk-Behind-Power-Trowel-PTH-L100.jpg","type":"image\/jpeg"}],"twitter_card":"summary_large_image","twitter_misc":{"Gesch\u00e4tzte Lesezeit":"2\u00a0Minuten"},"schema":{"@context":"https:\/\/schema.org","@graph":[{"@type":"WebPage","@id":"https:\/\/www.hsymachinery.com\/product\/walk-behind-power-trowel-pth-l100\/","url":"https:\/\/www.hsymachinery.com\/product\/walk-behind-power-trowel-pth-l100\/","name":"Handgef\u00fchrte Gl\u00e4ttekelle PTH-L100 - HSY Construction Machinery","isPartOf":{"@id":"https:\/\/www.hsymachinery.com\/#website"},"primaryImageOfPage":{"@id":"https:\/\/www.hsymachinery.com\/product\/walk-behind-power-trowel-pth-l100\/#primaryimage"},"image":{"@id":"https:\/\/www.hsymachinery.com\/product\/walk-behind-power-trowel-pth-l100\/#primaryimage"},"thumbnailUrl":"https:\/\/www.hsymachinery.com\/wp-content\/uploads\/2025\/06\/Walk-Behind-Power-Trowel-PTH-L100.jpg","datePublished":"2025-06-18T10:29:14+00:00","dateModified":"2025-06-28T14:05:02+00:00","description":"Der handgef\u00fchrte Betongl\u00e4tter PTH-L100 mit Loncin-Motor gew\u00e4hrleistet eine effiziente, gro\u00dffl\u00e4chige Bearbeitung von Industrieb\u00f6den und -platten. Robust, leistungsstark und bedienerfreundlich.","breadcrumb":{"@id":"https:\/\/www.hsymachinery.com\/product\/walk-behind-power-trowel-pth-l100\/#breadcrumb"},"inLanguage":"de","potentialAction":[{"@type":"ReadAction","target":["https:\/\/www.hsymachinery.com\/product\/walk-behind-power-trowel-pth-l100\/"]}]},{"@type":"ImageObject","inLanguage":"de","@id":"https:\/\/www.hsymachinery.com\/product\/walk-behind-power-trowel-pth-l100\/#primaryimage","url":"https:\/\/www.hsymachinery.com\/wp-content\/uploads\/2025\/06\/Walk-Behind-Power-Trowel-PTH-L100.jpg","contentUrl":"https:\/\/www.hsymachinery.com\/wp-content\/uploads\/2025\/06\/Walk-Behind-Power-Trowel-PTH-L100.jpg","width":600,"height":738},{"@type":"BreadcrumbList","@id":"https:\/\/www.hsymachinery.com\/product\/walk-behind-power-trowel-pth-l100\/#breadcrumb","itemListElement":[{"@type":"ListItem","position":1,"name":"home","item":"https:\/\/www.hsymachinery.com\/"},{"@type":"ListItem","position":2,"name":"products","item":"https:\/\/www.hsymachinery.com\/products\/"},{"@type":"ListItem","position":3,"name":"Walk-Behind Power Trowel PTH-L100"}]},{"@type":"WebSite","@id":"https:\/\/www.hsymachinery.com\/#website","url":"https:\/\/www.hsymachinery.com\/","name":"HSY Baumaschinen","description":"HSY Machinery - Ein f\u00fchrender chinesischer Lieferant von Baumaschinen, der eine breite Palette von leichten Baumaschinen anbietet. Zu unseren Hauptprodukten geh\u00f6ren Bewehrungsschneidemaschine, Bewehrungsbiegemaschine, Bewehrungsb\u00fcgel-Biegemaschine, Bewehrungsbogen-Biegemaschine, Bewehrungsrichtmaschine, F\u00fcnf-Kopf-Bewehrungsb\u00fcgel-Biegemaschine, Stampfhammer, Plattenverdichter, Betonschneider, Gl\u00e4ttmaschine und andere Baumaschinen. Wir sind mit fortschrittlichen CNC-Maschinen ausgestattet und verf\u00fcgen \u00fcber strenge Qualit\u00e4tskontrollstandards sowie einen umfassenden Kundendienst. Wenn Sie an unseren Produkten oder Dienstleistungen interessiert sind, freuen wir uns \u00fcber Ihre Anfrage per Nachricht.","publisher":{"@id":"https:\/\/www.hsymachinery.com\/#organization"},"potentialAction":[{"@type":"SearchAction","target":{"@type":"EntryPoint","urlTemplate":"https:\/\/www.hsymachinery.com\/?s={search_term_string}"},"query-input":{"@type":"PropertyValueSpecification","valueRequired":true,"valueName":"search_term_string"}}],"inLanguage":"de"},{"@type":"Organization","@id":"https:\/\/www.hsymachinery.com\/#organization","name":"HSY Baumaschinen","url":"https:\/\/www.hsymachinery.com\/","logo":{"@type":"ImageObject","inLanguage":"de","@id":"https:\/\/www.hsymachinery.com\/#\/schema\/logo\/image\/","url":"https:\/\/www.hsymachinery.com\/wp-content\/uploads\/2025\/06\/cropped-HSY-machinery.png","contentUrl":"https:\/\/www.hsymachinery.com\/wp-content\/uploads\/2025\/06\/cropped-HSY-machinery.png","width":600,"height":240,"caption":"HSY Construction Machinery"},"image":{"@id":"https:\/\/www.hsymachinery.com\/#\/schema\/logo\/image\/"}}]}},"_links":{"self":[{"href":"https:\/\/www.hsymachinery.com\/de\/wp-json\/wp\/v2\/product\/9172","targetHints":{"allow":["GET"]}}],"collection":[{"href":"https:\/\/www.hsymachinery.com\/de\/wp-json\/wp\/v2\/product"}],"about":[{"href":"https:\/\/www.hsymachinery.com\/de\/wp-json\/wp\/v2\/types\/product"}],"version-history":[{"count":3,"href":"https:\/\/www.hsymachinery.com\/de\/wp-json\/wp\/v2\/product\/9172\/revisions"}],"predecessor-version":[{"id":9579,"href":"https:\/\/www.hsymachinery.com\/de\/wp-json\/wp\/v2\/product\/9172\/revisions\/9579"}],"wp:featuredmedia":[{"embeddable":true,"href":"https:\/\/www.hsymachinery.com\/de\/wp-json\/wp\/v2\/media\/9173"}],"wp:attachment":[{"href":"https:\/\/www.hsymachinery.com\/de\/wp-json\/wp\/v2\/media?parent=9172"}],"wp:term":[{"taxonomy":"product_brand","embeddable":true,"href":"https:\/\/www.hsymachinery.com\/de\/wp-json\/wp\/v2\/product_brand?post=9172"},{"taxonomy":"product_cat","embeddable":true,"href":"https:\/\/www.hsymachinery.com\/de\/wp-json\/wp\/v2\/product_cat?post=9172"},{"taxonomy":"product_tag","embeddable":true,"href":"https:\/\/www.hsymachinery.com\/de\/wp-json\/wp\/v2\/product_tag?post=9172"}],"curies":[{"name":"wp","href":"https:\/\/api.w.org\/{rel}","templated":true}]}}