{"id":9130,"date":"2025-06-18T17:08:39","date_gmt":"2025-06-18T09:08:39","guid":{"rendered":"https:\/\/www.hsymachinery.com\/?post_type=product&#038;p=9130"},"modified":"2025-06-28T20:15:49","modified_gmt":"2025-06-28T12:15:49","slug":"plattenverdichter-ph-d250","status":"publish","type":"product","link":"https:\/\/www.hsymachinery.com\/de\/product\/plattenverdichter-ph-d250\/","title":{"rendered":"Plattenverdichter PH-D250"},"content":{"rendered":"<h2 data-start=\"107\" data-end=\"138\">Plattenverdichter PH-D250<\/h2>\n<h3 data-start=\"139\" data-end=\"259\">PH-D250 Elektrischer Plattenverdichter | Umweltfreundliche Bodenverdichtung f\u00fcr Innenr\u00e4ume, st\u00e4dtische Arbeitspl\u00e4tze und l\u00e4rmempfindliche Bereiche<\/h3>\n<h3 data-start=\"266\" data-end=\"342\">Produkt\u00fcbersicht - Elektrische Energie f\u00fcr saubere und leise Bodenverdichtung<a href=\"https:\/\/www.hsymachinery.com\/de\/produkte\/plattenverdichter\/\" target=\"_blank\" rel=\"noopener\"><img fetchpriority=\"high\" decoding=\"async\" class=\"wp-image-9131 alignright\" src=\"https:\/\/www.hsymachinery.com\/wp-content\/uploads\/2025\/06\/Plate-Compactor-PH-D250-300x300.jpg\" alt=\"\" width=\"460\" height=\"460\" srcset=\"https:\/\/www.hsymachinery.com\/wp-content\/uploads\/2025\/06\/Plate-Compactor-PH-D250-300x300.jpg 300w, https:\/\/www.hsymachinery.com\/wp-content\/uploads\/2025\/06\/Plate-Compactor-PH-D250-150x150.jpg 150w, https:\/\/www.hsymachinery.com\/wp-content\/uploads\/2025\/06\/Plate-Compactor-PH-D250-100x100.jpg 100w, https:\/\/www.hsymachinery.com\/wp-content\/uploads\/2025\/06\/Plate-Compactor-PH-D250.jpg 600w\" sizes=\"(max-width: 460px) 100vw, 460px\" \/><\/a><\/h3>\n<p data-start=\"344\" data-end=\"732\">Die <strong data-start=\"348\" data-end=\"375\">PH-D250 Plattenverdichter<\/strong> ist ein leistungsstarker, elektrisch angetriebener Bodenverdichter, der f\u00fcr Anwendungen entwickelt wurde, bei denen ein geringer Ger\u00e4uschpegel, keine Emissionen und eine pr\u00e4zise Steuerung erforderlich sind. Der PH-D250 ist ideal f\u00fcr st\u00e4dtische Bauvorhaben, die Vorbereitung von Bodenbel\u00e4gen in Innenr\u00e4umen, Kellerarbeiten und bel\u00fcftete Arbeitsbereiche und bietet eine kompakte und dennoch starke L\u00f6sung, ohne Kompromisse bei der Leistung einzugehen.<\/p>\n<p data-start=\"734\" data-end=\"870\">Sein Elektromotor liefert konstante Leistung ohne Kraftstoff, Rauch oder Startverz\u00f6gerungen - perfekt f\u00fcr umweltbewusste Baustellen.<\/p>\n<h3 data-start=\"877\" data-end=\"934\">Sauberer Betrieb, verl\u00e4ssliche Leistung und einfache Handhabung<\/h3>\n<p data-start=\"936\" data-end=\"1274\">Der PH-D250 wird von einem drehmomentstarken Elektromotor angetrieben und bietet eine stabile Vibrationskraft zur Verdichtung von Sand, Erde und Schotter. Die Stahlplatte sorgt f\u00fcr eine gleichm\u00e4\u00dfige Oberfl\u00e4chenbearbeitung, w\u00e4hrend der ger\u00e4uscharme Betrieb ihn f\u00fcr den Einsatz in l\u00e4rmsensiblen Umgebungen wie Wohngebieten oder Gesch\u00e4ftsgeb\u00e4uden geeignet macht.<\/p>\n<p data-start=\"1276\" data-end=\"1403\">Der PH-D250 ist wartungsarm, verursacht keine Kraftstoffkosten und keine Abgase und reduziert so die Komplexit\u00e4t des Betriebs und die Gesamtkosten des Projekts.<\/p>\n<h3 data-start=\"1410\" data-end=\"1472\">Die beste Wahl f\u00fcr Arbeiten in Innenr\u00e4umen und bei eingeschr\u00e4nktem Platzangebot in St\u00e4dten<\/h3>\n<p data-start=\"1474\" data-end=\"1756\">Dank seines emissionsfreien Designs erf\u00fcllt der PH-D250 die Umweltstandards und Bauvorschriften in St\u00e4dten, in denen der Einsatz von Benzin- oder Dieselmaschinen verboten ist. Er eignet sich perfekt f\u00fcr Bodenrenovierungen, schwer zug\u00e4ngliche Bereiche und Initiativen f\u00fcr umweltfreundliches Bauen.<\/p>\n<p data-start=\"1758\" data-end=\"1849\">Bauunternehmer w\u00e4hlen sie f\u00fcr Projekte, bei denen Zuverl\u00e4ssigkeit, Sicherheit und saubere Energie am wichtigsten sind.<\/p>\n<h3 data-start=\"1856\" data-end=\"1910\">Hauptmerkmale des elektrischen Plattenverdichters PH-D250<\/h3>\n<ul data-start=\"1912\" data-end=\"2189\">\n<li data-start=\"1912\" data-end=\"1965\">\n<p data-start=\"1914\" data-end=\"1965\">Elektromotor f\u00fcr leisen, emissionsfreien Betrieb<\/p>\n<\/li>\n<li data-start=\"1966\" data-end=\"2024\">\n<p data-start=\"1968\" data-end=\"2024\">Ideal f\u00fcr die Verdichtung in Innenr\u00e4umen, St\u00e4dten und geschlossenen R\u00e4umen<\/p>\n<\/li>\n<li data-start=\"2025\" data-end=\"2082\">\n<p data-start=\"2027\" data-end=\"2082\">Glatte Verdichtung f\u00fcr Bodenbel\u00e4ge, Erde und Kiesbetten<\/p>\n<\/li>\n<li data-start=\"2083\" data-end=\"2135\">\n<p data-start=\"2085\" data-end=\"2135\">Verdichtungsplatte aus Stahl sorgt f\u00fcr eine flache, gleichm\u00e4\u00dfige Oberfl\u00e4che<\/p>\n<\/li>\n<li data-start=\"2136\" data-end=\"2189\">\n<p data-start=\"2138\" data-end=\"2189\">Wartungsfreie Konstruktion mit niedrigen Betriebskosten<\/p>\n<\/li>\n<\/ul>\n<p><iframe title=\"Verdichter,Stopfstampfer,Stampfer,Plattenverdichter,Bauvibration,Verdichtungsmaschine.#tamping\" width=\"720\" height=\"405\" src=\"https:\/\/www.youtube.com\/embed\/kHw7Cpv12Zs?feature=oembed\" frameborder=\"0\" allow=\"accelerometer; autoplay; clipboard-write; encrypted-media; gyroscope; picture-in-picture; web-share\" referrerpolicy=\"strict-origin-when-cross-origin\" allowfullscreen><\/iframe><\/p>","protected":false},"excerpt":{"rendered":"<p>Der elektrische Plattenverdichter PH-D250 bietet eine leise, emissionsfreie Bodenverdichtung f\u00fcr Innenr\u00e4ume, Wohngebiete und Baustellen mit L\u00e4rmschutz. Saubere Energie, starke Leistung, kein Kraftstoff.<\/p>","protected":false},"featured_media":9131,"template":"","meta":{"_kad_post_transparent":"default","_kad_post_title":"","_kad_post_layout":"default","_kad_post_sidebar_id":"","_kad_post_content_style":"default","_kad_post_vertical_padding":"default","_kad_post_feature":"","_kad_post_feature_position":"","_kad_post_header":false,"_kad_post_footer":false},"product_brand":[],"product_cat":[59],"product_tag":[1066,1062,1065,1070,1069,1063,1067,1064,1061,1068],"class_list":{"0":"post-9130","1":"product","2":"type-product","3":"status-publish","4":"has-post-thumbnail","6":"product_cat-plate-compactor","7":"product_tag-diesel-plate-compactor","8":"product_tag-forward-plate-compactor","9":"product_tag-gasoline-plate-compactor","10":"product_tag-heavy-duty-plate-compactor","11":"product_tag-plate-compactor-for-asphalt","12":"product_tag-reversible-plate-compactor","13":"product_tag-road-construction-compactor","14":"product_tag-soil-plate-compactor","15":"product_tag-vibratory-plate-compactor","16":"product_tag-walk-behind-plate-compactor","18":"first","19":"instock","20":"shipping-taxable","21":"product-type-simple","22":"entry","23":"content-bg","24":"loop-entry"},"yoast_head":"<!-- This site is optimized with the Yoast SEO plugin v25.3.1 - https:\/\/yoast.com\/wordpress\/plugins\/seo\/ -->\n<title>Plate Compactor PH-D250 - HSY Construction Machinery<\/title>\n<meta name=\"description\" content=\"PH-D250 Electric Plate Compactor delivers quiet, zero-emission compaction for indoor flooring, urban projects, and green construction. Efficient and environmentally safe.\" \/>\n<meta name=\"robots\" content=\"index, follow, max-snippet:-1, max-image-preview:large, max-video-preview:-1\" \/>\n<link rel=\"canonical\" href=\"https:\/\/www.hsymachinery.com\/de\/product\/plattenverdichter-ph-d250\/\" \/>\n<meta property=\"og:locale\" content=\"de_DE\" \/>\n<meta property=\"og:type\" content=\"article\" \/>\n<meta property=\"og:title\" content=\"Plate Compactor PH-D250 - HSY Construction Machinery\" \/>\n<meta property=\"og:description\" content=\"PH-D250 Electric Plate Compactor delivers quiet, zero-emission compaction for indoor flooring, urban projects, and green construction. Efficient and environmentally safe.\" \/>\n<meta property=\"og:url\" content=\"https:\/\/www.hsymachinery.com\/de\/product\/plattenverdichter-ph-d250\/\" \/>\n<meta property=\"og:site_name\" content=\"HSY Construction Machinery\" \/>\n<meta property=\"article:modified_time\" content=\"2025-06-28T12:15:49+00:00\" \/>\n<meta property=\"og:image\" content=\"https:\/\/www.hsymachinery.com\/wp-content\/uploads\/2025\/06\/Plate-Compactor-PH-D250.jpg\" \/>\n\t<meta property=\"og:image:width\" content=\"600\" \/>\n\t<meta property=\"og:image:height\" content=\"600\" \/>\n\t<meta property=\"og:image:type\" content=\"image\/jpeg\" \/>\n<meta name=\"twitter:card\" content=\"summary_large_image\" \/>\n<meta name=\"twitter:label1\" content=\"Gesch\u00e4tzte Lesezeit\" \/>\n\t<meta name=\"twitter:data1\" content=\"2\u00a0Minuten\" \/>\n<script type=\"application\/ld+json\" class=\"yoast-schema-graph\">{\"@context\":\"https:\/\/schema.org\",\"@graph\":[{\"@type\":\"WebPage\",\"@id\":\"https:\/\/www.hsymachinery.com\/product\/plate-compactor-ph-d250\/\",\"url\":\"https:\/\/www.hsymachinery.com\/product\/plate-compactor-ph-d250\/\",\"name\":\"Plate Compactor PH-D250 - HSY Construction Machinery\",\"isPartOf\":{\"@id\":\"https:\/\/www.hsymachinery.com\/#website\"},\"primaryImageOfPage\":{\"@id\":\"https:\/\/www.hsymachinery.com\/product\/plate-compactor-ph-d250\/#primaryimage\"},\"image\":{\"@id\":\"https:\/\/www.hsymachinery.com\/product\/plate-compactor-ph-d250\/#primaryimage\"},\"thumbnailUrl\":\"https:\/\/www.hsymachinery.com\/wp-content\/uploads\/2025\/06\/Plate-Compactor-PH-D250.jpg\",\"datePublished\":\"2025-06-18T09:08:39+00:00\",\"dateModified\":\"2025-06-28T12:15:49+00:00\",\"description\":\"PH-D250 Electric Plate Compactor delivers quiet, zero-emission compaction for indoor flooring, urban projects, and green construction. Efficient and environmentally safe.\",\"breadcrumb\":{\"@id\":\"https:\/\/www.hsymachinery.com\/product\/plate-compactor-ph-d250\/#breadcrumb\"},\"inLanguage\":\"de\",\"potentialAction\":[{\"@type\":\"ReadAction\",\"target\":[\"https:\/\/www.hsymachinery.com\/product\/plate-compactor-ph-d250\/\"]}]},{\"@type\":\"ImageObject\",\"inLanguage\":\"de\",\"@id\":\"https:\/\/www.hsymachinery.com\/product\/plate-compactor-ph-d250\/#primaryimage\",\"url\":\"https:\/\/www.hsymachinery.com\/wp-content\/uploads\/2025\/06\/Plate-Compactor-PH-D250.jpg\",\"contentUrl\":\"https:\/\/www.hsymachinery.com\/wp-content\/uploads\/2025\/06\/Plate-Compactor-PH-D250.jpg\",\"width\":600,\"height\":600},{\"@type\":\"BreadcrumbList\",\"@id\":\"https:\/\/www.hsymachinery.com\/product\/plate-compactor-ph-d250\/#breadcrumb\",\"itemListElement\":[{\"@type\":\"ListItem\",\"position\":1,\"name\":\"home\",\"item\":\"https:\/\/www.hsymachinery.com\/\"},{\"@type\":\"ListItem\",\"position\":2,\"name\":\"products\",\"item\":\"https:\/\/www.hsymachinery.com\/products\/\"},{\"@type\":\"ListItem\",\"position\":3,\"name\":\"Plate Compactor PH-D250\"}]},{\"@type\":\"WebSite\",\"@id\":\"https:\/\/www.hsymachinery.com\/#website\",\"url\":\"https:\/\/www.hsymachinery.com\/\",\"name\":\"HSY Construction Machinery\",\"description\":\"HSY Machinery \u2013 A leading China construction machinery supplier, offering a wide range of light construction equipment. Our main products include Rebar Cutting Machine, Rebar Bending Machine, Rebar Stirrup Bending Machine, Rebar Arc Bending Machine, Rebar Straightening Machine, Five-Head Rebar Stirrup Bending Machine, Tamping Rammer, Plate Compactor, Concrete Cutter, Power Trowel, and other construction machinery. We are equipped with advanced CNC machines, and we enforce strict quality inspection standards along with comprehensive after-sales service. If you are interested in our products or services, we warmly welcome your inquiries via message.\",\"publisher\":{\"@id\":\"https:\/\/www.hsymachinery.com\/#organization\"},\"potentialAction\":[{\"@type\":\"SearchAction\",\"target\":{\"@type\":\"EntryPoint\",\"urlTemplate\":\"https:\/\/www.hsymachinery.com\/?s={search_term_string}\"},\"query-input\":{\"@type\":\"PropertyValueSpecification\",\"valueRequired\":true,\"valueName\":\"search_term_string\"}}],\"inLanguage\":\"de\"},{\"@type\":\"Organization\",\"@id\":\"https:\/\/www.hsymachinery.com\/#organization\",\"name\":\"HSY Construction Machinery\",\"url\":\"https:\/\/www.hsymachinery.com\/\",\"logo\":{\"@type\":\"ImageObject\",\"inLanguage\":\"de\",\"@id\":\"https:\/\/www.hsymachinery.com\/#\/schema\/logo\/image\/\",\"url\":\"https:\/\/www.hsymachinery.com\/wp-content\/uploads\/2025\/06\/cropped-HSY-machinery.png\",\"contentUrl\":\"https:\/\/www.hsymachinery.com\/wp-content\/uploads\/2025\/06\/cropped-HSY-machinery.png\",\"width\":600,\"height\":240,\"caption\":\"HSY Construction Machinery\"},\"image\":{\"@id\":\"https:\/\/www.hsymachinery.com\/#\/schema\/logo\/image\/\"}}]}<\/script>\n<!-- \/ Yoast SEO plugin. -->","yoast_head_json":{"title":"Plattenverdichter PH-D250 - HSY Construction Machinery","description":"Der elektrische Plattenverdichter PH-D250 bietet eine leise, emissionsfreie Verdichtung f\u00fcr Bodenbel\u00e4ge in Innenr\u00e4umen, st\u00e4dtische Projekte und \u00f6kologisches Bauen. Effizient und umweltschonend.","robots":{"index":"index","follow":"follow","max-snippet":"max-snippet:-1","max-image-preview":"max-image-preview:large","max-video-preview":"max-video-preview:-1"},"canonical":"https:\/\/www.hsymachinery.com\/de\/product\/plattenverdichter-ph-d250\/","og_locale":"de_DE","og_type":"article","og_title":"Plate Compactor PH-D250 - HSY Construction Machinery","og_description":"PH-D250 Electric Plate Compactor delivers quiet, zero-emission compaction for indoor flooring, urban projects, and green construction. Efficient and environmentally safe.","og_url":"https:\/\/www.hsymachinery.com\/de\/product\/plattenverdichter-ph-d250\/","og_site_name":"HSY Construction Machinery","article_modified_time":"2025-06-28T12:15:49+00:00","og_image":[{"width":600,"height":600,"url":"https:\/\/www.hsymachinery.com\/wp-content\/uploads\/2025\/06\/Plate-Compactor-PH-D250.jpg","type":"image\/jpeg"}],"twitter_card":"summary_large_image","twitter_misc":{"Gesch\u00e4tzte Lesezeit":"2\u00a0Minuten"},"schema":{"@context":"https:\/\/schema.org","@graph":[{"@type":"WebPage","@id":"https:\/\/www.hsymachinery.com\/product\/plate-compactor-ph-d250\/","url":"https:\/\/www.hsymachinery.com\/product\/plate-compactor-ph-d250\/","name":"Plattenverdichter PH-D250 - HSY Construction Machinery","isPartOf":{"@id":"https:\/\/www.hsymachinery.com\/#website"},"primaryImageOfPage":{"@id":"https:\/\/www.hsymachinery.com\/product\/plate-compactor-ph-d250\/#primaryimage"},"image":{"@id":"https:\/\/www.hsymachinery.com\/product\/plate-compactor-ph-d250\/#primaryimage"},"thumbnailUrl":"https:\/\/www.hsymachinery.com\/wp-content\/uploads\/2025\/06\/Plate-Compactor-PH-D250.jpg","datePublished":"2025-06-18T09:08:39+00:00","dateModified":"2025-06-28T12:15:49+00:00","description":"Der elektrische Plattenverdichter PH-D250 bietet eine leise, emissionsfreie Verdichtung f\u00fcr Bodenbel\u00e4ge in Innenr\u00e4umen, st\u00e4dtische Projekte und \u00f6kologisches Bauen. Effizient und umweltschonend.","breadcrumb":{"@id":"https:\/\/www.hsymachinery.com\/product\/plate-compactor-ph-d250\/#breadcrumb"},"inLanguage":"de","potentialAction":[{"@type":"ReadAction","target":["https:\/\/www.hsymachinery.com\/product\/plate-compactor-ph-d250\/"]}]},{"@type":"ImageObject","inLanguage":"de","@id":"https:\/\/www.hsymachinery.com\/product\/plate-compactor-ph-d250\/#primaryimage","url":"https:\/\/www.hsymachinery.com\/wp-content\/uploads\/2025\/06\/Plate-Compactor-PH-D250.jpg","contentUrl":"https:\/\/www.hsymachinery.com\/wp-content\/uploads\/2025\/06\/Plate-Compactor-PH-D250.jpg","width":600,"height":600},{"@type":"BreadcrumbList","@id":"https:\/\/www.hsymachinery.com\/product\/plate-compactor-ph-d250\/#breadcrumb","itemListElement":[{"@type":"ListItem","position":1,"name":"home","item":"https:\/\/www.hsymachinery.com\/"},{"@type":"ListItem","position":2,"name":"products","item":"https:\/\/www.hsymachinery.com\/products\/"},{"@type":"ListItem","position":3,"name":"Plate Compactor PH-D250"}]},{"@type":"WebSite","@id":"https:\/\/www.hsymachinery.com\/#website","url":"https:\/\/www.hsymachinery.com\/","name":"HSY Baumaschinen","description":"HSY Machinery - Ein f\u00fchrender chinesischer Lieferant von Baumaschinen, der eine breite Palette von leichten Baumaschinen anbietet. Zu unseren Hauptprodukten geh\u00f6ren Bewehrungsschneidemaschine, Bewehrungsbiegemaschine, Bewehrungsb\u00fcgel-Biegemaschine, Bewehrungsbogen-Biegemaschine, Bewehrungsrichtmaschine, F\u00fcnf-Kopf-Bewehrungsb\u00fcgel-Biegemaschine, Stampfhammer, Plattenverdichter, Betonschneider, Gl\u00e4ttmaschine und andere Baumaschinen. Wir sind mit fortschrittlichen CNC-Maschinen ausgestattet und verf\u00fcgen \u00fcber strenge Qualit\u00e4tskontrollstandards sowie einen umfassenden Kundendienst. Wenn Sie an unseren Produkten oder Dienstleistungen interessiert sind, freuen wir uns \u00fcber Ihre Anfrage per Nachricht.","publisher":{"@id":"https:\/\/www.hsymachinery.com\/#organization"},"potentialAction":[{"@type":"SearchAction","target":{"@type":"EntryPoint","urlTemplate":"https:\/\/www.hsymachinery.com\/?s={search_term_string}"},"query-input":{"@type":"PropertyValueSpecification","valueRequired":true,"valueName":"search_term_string"}}],"inLanguage":"de"},{"@type":"Organization","@id":"https:\/\/www.hsymachinery.com\/#organization","name":"HSY Baumaschinen","url":"https:\/\/www.hsymachinery.com\/","logo":{"@type":"ImageObject","inLanguage":"de","@id":"https:\/\/www.hsymachinery.com\/#\/schema\/logo\/image\/","url":"https:\/\/www.hsymachinery.com\/wp-content\/uploads\/2025\/06\/cropped-HSY-machinery.png","contentUrl":"https:\/\/www.hsymachinery.com\/wp-content\/uploads\/2025\/06\/cropped-HSY-machinery.png","width":600,"height":240,"caption":"HSY Construction Machinery"},"image":{"@id":"https:\/\/www.hsymachinery.com\/#\/schema\/logo\/image\/"}}]}},"_links":{"self":[{"href":"https:\/\/www.hsymachinery.com\/de\/wp-json\/wp\/v2\/product\/9130","targetHints":{"allow":["GET"]}}],"collection":[{"href":"https:\/\/www.hsymachinery.com\/de\/wp-json\/wp\/v2\/product"}],"about":[{"href":"https:\/\/www.hsymachinery.com\/de\/wp-json\/wp\/v2\/types\/product"}],"version-history":[{"count":3,"href":"https:\/\/www.hsymachinery.com\/de\/wp-json\/wp\/v2\/product\/9130\/revisions"}],"predecessor-version":[{"id":9543,"href":"https:\/\/www.hsymachinery.com\/de\/wp-json\/wp\/v2\/product\/9130\/revisions\/9543"}],"wp:featuredmedia":[{"embeddable":true,"href":"https:\/\/www.hsymachinery.com\/de\/wp-json\/wp\/v2\/media\/9131"}],"wp:attachment":[{"href":"https:\/\/www.hsymachinery.com\/de\/wp-json\/wp\/v2\/media?parent=9130"}],"wp:term":[{"taxonomy":"product_brand","embeddable":true,"href":"https:\/\/www.hsymachinery.com\/de\/wp-json\/wp\/v2\/product_brand?post=9130"},{"taxonomy":"product_cat","embeddable":true,"href":"https:\/\/www.hsymachinery.com\/de\/wp-json\/wp\/v2\/product_cat?post=9130"},{"taxonomy":"product_tag","embeddable":true,"href":"https:\/\/www.hsymachinery.com\/de\/wp-json\/wp\/v2\/product_tag?post=9130"}],"curies":[{"name":"wp","href":"https:\/\/api.w.org\/{rel}","templated":true}]}}