{"id":9106,"date":"2025-06-18T16:51:52","date_gmt":"2025-06-18T08:51:52","guid":{"rendered":"https:\/\/www.hsymachinery.com\/?post_type=product&#038;p=9106"},"modified":"2025-06-28T19:43:49","modified_gmt":"2025-06-28T11:43:49","slug":"plattenverdichter-ph-c90","status":"publish","type":"product","link":"https:\/\/www.hsymachinery.com\/de\/product\/plattenverdichter-ph-c90\/","title":{"rendered":"Plattenverdichter PH-C90"},"content":{"rendered":"<h2 data-start=\"95\" data-end=\"125\">Plattenverdichter PH-C90<\/h2>\n<h3 data-start=\"126\" data-end=\"239\">PH-C90 Diesel-Plattenverdichter | Kraftstoffsparender Bodenverdichter f\u00fcr Pflaster, Fundamente und schmale Arbeitsbereiche<\/h3>\n<h3 data-start=\"246\" data-end=\"321\">Produkt\u00fcbersicht - Drehmomentstarke Dieselleistung in einem kompakten Rahmen<a href=\"https:\/\/www.hsymachinery.com\/de\/produkte\/plattenverdichter\/\" target=\"_blank\" rel=\"noopener\"><img fetchpriority=\"high\" decoding=\"async\" class=\"wp-image-9111 alignright\" src=\"https:\/\/www.hsymachinery.com\/wp-content\/uploads\/2025\/06\/Plate-Compactor-PH-C90-e1750237307839-300x300.jpg\" alt=\"\" width=\"459\" height=\"459\" srcset=\"https:\/\/www.hsymachinery.com\/wp-content\/uploads\/2025\/06\/Plate-Compactor-PH-C90-e1750237307839-300x300.jpg 300w, https:\/\/www.hsymachinery.com\/wp-content\/uploads\/2025\/06\/Plate-Compactor-PH-C90-e1750237307839-150x150.jpg 150w, https:\/\/www.hsymachinery.com\/wp-content\/uploads\/2025\/06\/Plate-Compactor-PH-C90-e1750237307839-100x100.jpg 100w, https:\/\/www.hsymachinery.com\/wp-content\/uploads\/2025\/06\/Plate-Compactor-PH-C90-e1750237307839.jpg 600w\" sizes=\"(max-width: 459px) 100vw, 459px\" \/><\/a><\/h3>\n<p data-start=\"323\" data-end=\"610\">Die <strong data-start=\"327\" data-end=\"353\">PH-C90 Plattenverdichter<\/strong> wird von einem robusten Dieselmotor angetrieben, der eine hohe Verdichtungskraft bei hervorragender Kraftstoffeffizienz bietet. Er ist ideal f\u00fcr Anwendungen wie die Vorbereitung von Einfahrten, die Reparatur von Gehwegen, die Nivellierung von Pflastersteinen und die Verdichtung von Fundamenten.<\/p>\n<p data-start=\"612\" data-end=\"828\">Dieses Modell wurde f\u00fcr Bauunternehmer entwickelt, die eine zuverl\u00e4ssige, wartungsarme L\u00f6sung in Bereichen ben\u00f6tigen, in denen Benzin teuer oder eingeschr\u00e4nkt ist, und zeichnet sich durch seine Betriebseffizienz und seine robuste Leistung auf grobem Boden aus.<\/p>\n<h3 data-start=\"835\" data-end=\"898\">Zuverl\u00e4ssiger Betrieb, lange Laufzeit und niedrige Betriebskosten<\/h3>\n<p data-start=\"900\" data-end=\"1176\">Dank seines Dieselantriebs bietet der PH-C90 ein stabiles Drehmoment, auch bei Arbeiten auf dichtem oder feuchtem Boden. Die dicke Verdichtungsplatte aus Stahl sorgt f\u00fcr eine glatte Oberfl\u00e4che, w\u00e4hrend der sto\u00dfd\u00e4mpfende Griff den Komfort f\u00fcr den Fahrer bei l\u00e4ngerem Einsatz erh\u00f6ht.<\/p>\n<p data-start=\"1178\" data-end=\"1311\">Dank des geringeren Kraftstoffverbrauchs und der l\u00e4ngeren Laufzeit pro F\u00fcllung reduziert der PH-C90 die Ausfallzeiten und unterst\u00fctzt lange Arbeitstage unter Feldbedingungen.<\/p>\n<h3 data-start=\"1318\" data-end=\"1371\">Gebaut f\u00fcr abgelegene Projekte und schwere B\u00f6den<\/h3>\n<p data-start=\"1373\" data-end=\"1712\">Ganz gleich, ob Sie auf l\u00e4ndlichen Wegen, in harten Bodenzonen oder bei Projekten in Gebieten ohne einfachen Zugang zu Benzin arbeiten, der PH-C90 ist kompromisslos leistungsstark. Seine robuste Bauweise, die vibrationsresistente Struktur und der minimale Wartungsbedarf machen ihn zu einem idealen Ger\u00e4t f\u00fcr Bautrupps, die auf abgelegenen oder rauen Baustellen arbeiten.<\/p>\n<h3 data-start=\"1719\" data-end=\"1770\">Hauptmerkmale des PH-C90 Diesel-Plattenverdichters<\/h3>\n<ul data-start=\"1772\" data-end=\"2084\">\n<li data-start=\"1772\" data-end=\"1837\">\n<p data-start=\"1774\" data-end=\"1837\">Angetrieben von einem kraftstoffsparenden Dieselmotor f\u00fcr l\u00e4ngeren Betrieb<\/p>\n<\/li>\n<li data-start=\"1838\" data-end=\"1902\">\n<p data-start=\"1840\" data-end=\"1902\">Liefert kraftvolle Verdichtung in engen und mittleren Arbeitsbereichen<\/p>\n<\/li>\n<li data-start=\"1903\" data-end=\"1972\">\n<p data-start=\"1905\" data-end=\"1972\">Ideal f\u00fcr die Verdichtung von Untergr\u00fcnden, die Reparatur von Stra\u00dfenbel\u00e4gen und f\u00fcr Baustellen im Freien<\/p>\n<\/li>\n<li data-start=\"1973\" data-end=\"2034\">\n<p data-start=\"1975\" data-end=\"2034\">Robuste Stahlplatte f\u00fcr gleichbleibende Oberfl\u00e4chenqualit\u00e4t<\/p>\n<\/li>\n<li data-start=\"2035\" data-end=\"2084\">\n<p data-start=\"2037\" data-end=\"2084\">Zuverl\u00e4ssige Leistung bei niedrigen t\u00e4glichen Kraftstoffkosten<\/p>\n<\/li>\n<\/ul>\n<p><iframe title=\"Verdichter,Stopfstampfer,Stampfer,Plattenverdichter,Bauvibration,Verdichtungsmaschine.#tamping\" width=\"720\" height=\"405\" src=\"https:\/\/www.youtube.com\/embed\/kHw7Cpv12Zs?feature=oembed\" frameborder=\"0\" allow=\"accelerometer; autoplay; clipboard-write; encrypted-media; gyroscope; picture-in-picture; web-share\" referrerpolicy=\"strict-origin-when-cross-origin\" allowfullscreen><\/iframe><\/p>","protected":false},"excerpt":{"rendered":"<p>Der Diesel-Plattenverdichter PH-C90 bietet eine starke, kraftstoffsparende Bodenverdichtung f\u00fcr Gehwege, B\u00fcrgersteige und Fundamente. Gebaut f\u00fcr schwere B\u00f6den und lange Arbeitszeiten.<\/p>","protected":false},"featured_media":9111,"template":"","meta":{"_kad_post_transparent":"default","_kad_post_title":"","_kad_post_layout":"default","_kad_post_sidebar_id":"","_kad_post_content_style":"default","_kad_post_vertical_padding":"default","_kad_post_feature":"","_kad_post_feature_position":"","_kad_post_header":false,"_kad_post_footer":false},"product_brand":[],"product_cat":[59],"product_tag":[1066,1062,1065,1070,1069,1063,1067,1064,1061,1068],"class_list":{"0":"post-9106","1":"product","2":"type-product","3":"status-publish","4":"has-post-thumbnail","6":"product_cat-plate-compactor","7":"product_tag-diesel-plate-compactor","8":"product_tag-forward-plate-compactor","9":"product_tag-gasoline-plate-compactor","10":"product_tag-heavy-duty-plate-compactor","11":"product_tag-plate-compactor-for-asphalt","12":"product_tag-reversible-plate-compactor","13":"product_tag-road-construction-compactor","14":"product_tag-soil-plate-compactor","15":"product_tag-vibratory-plate-compactor","16":"product_tag-walk-behind-plate-compactor","18":"first","19":"instock","20":"shipping-taxable","21":"product-type-simple","22":"entry","23":"content-bg","24":"loop-entry"},"yoast_head":"<!-- This site is optimized with the Yoast SEO plugin v25.3.1 - https:\/\/yoast.com\/wordpress\/plugins\/seo\/ -->\n<title>Plate Compactor PH-C90 - HSY Construction Machinery<\/title>\n<meta name=\"description\" content=\"PH-C90 Diesel Plate Compactor offers high-impact, low-cost soil compaction for construction, pavement repair, and hard soil preparation. Built for long runtime.\" \/>\n<meta name=\"robots\" content=\"index, follow, max-snippet:-1, max-image-preview:large, max-video-preview:-1\" \/>\n<link rel=\"canonical\" href=\"https:\/\/www.hsymachinery.com\/de\/product\/plattenverdichter-ph-c90\/\" \/>\n<meta property=\"og:locale\" content=\"de_DE\" \/>\n<meta property=\"og:type\" content=\"article\" \/>\n<meta property=\"og:title\" content=\"Plate Compactor PH-C90 - HSY Construction Machinery\" \/>\n<meta property=\"og:description\" content=\"PH-C90 Diesel Plate Compactor offers high-impact, low-cost soil compaction for construction, pavement repair, and hard soil preparation. Built for long runtime.\" \/>\n<meta property=\"og:url\" content=\"https:\/\/www.hsymachinery.com\/de\/product\/plattenverdichter-ph-c90\/\" \/>\n<meta property=\"og:site_name\" content=\"HSY Construction Machinery\" \/>\n<meta property=\"article:modified_time\" content=\"2025-06-28T11:43:49+00:00\" \/>\n<meta property=\"og:image\" content=\"https:\/\/www.hsymachinery.com\/wp-content\/uploads\/2025\/06\/Plate-Compactor-PH-C90-e1750237307839.jpg\" \/>\n\t<meta property=\"og:image:width\" content=\"600\" \/>\n\t<meta property=\"og:image:height\" content=\"600\" \/>\n\t<meta property=\"og:image:type\" content=\"image\/jpeg\" \/>\n<meta name=\"twitter:card\" content=\"summary_large_image\" \/>\n<meta name=\"twitter:label1\" content=\"Gesch\u00e4tzte Lesezeit\" \/>\n\t<meta name=\"twitter:data1\" content=\"2\u00a0Minuten\" \/>\n<script type=\"application\/ld+json\" class=\"yoast-schema-graph\">{\"@context\":\"https:\/\/schema.org\",\"@graph\":[{\"@type\":\"WebPage\",\"@id\":\"https:\/\/www.hsymachinery.com\/product\/plate-compactor-ph-c90\/\",\"url\":\"https:\/\/www.hsymachinery.com\/product\/plate-compactor-ph-c90\/\",\"name\":\"Plate Compactor PH-C90 - HSY Construction Machinery\",\"isPartOf\":{\"@id\":\"https:\/\/www.hsymachinery.com\/#website\"},\"primaryImageOfPage\":{\"@id\":\"https:\/\/www.hsymachinery.com\/product\/plate-compactor-ph-c90\/#primaryimage\"},\"image\":{\"@id\":\"https:\/\/www.hsymachinery.com\/product\/plate-compactor-ph-c90\/#primaryimage\"},\"thumbnailUrl\":\"https:\/\/www.hsymachinery.com\/wp-content\/uploads\/2025\/06\/Plate-Compactor-PH-C90-e1750237307839.jpg\",\"datePublished\":\"2025-06-18T08:51:52+00:00\",\"dateModified\":\"2025-06-28T11:43:49+00:00\",\"description\":\"PH-C90 Diesel Plate Compactor offers high-impact, low-cost soil compaction for construction, pavement repair, and hard soil preparation. Built for long runtime.\",\"breadcrumb\":{\"@id\":\"https:\/\/www.hsymachinery.com\/product\/plate-compactor-ph-c90\/#breadcrumb\"},\"inLanguage\":\"de\",\"potentialAction\":[{\"@type\":\"ReadAction\",\"target\":[\"https:\/\/www.hsymachinery.com\/product\/plate-compactor-ph-c90\/\"]}]},{\"@type\":\"ImageObject\",\"inLanguage\":\"de\",\"@id\":\"https:\/\/www.hsymachinery.com\/product\/plate-compactor-ph-c90\/#primaryimage\",\"url\":\"https:\/\/www.hsymachinery.com\/wp-content\/uploads\/2025\/06\/Plate-Compactor-PH-C90-e1750237307839.jpg\",\"contentUrl\":\"https:\/\/www.hsymachinery.com\/wp-content\/uploads\/2025\/06\/Plate-Compactor-PH-C90-e1750237307839.jpg\",\"width\":600,\"height\":600},{\"@type\":\"BreadcrumbList\",\"@id\":\"https:\/\/www.hsymachinery.com\/product\/plate-compactor-ph-c90\/#breadcrumb\",\"itemListElement\":[{\"@type\":\"ListItem\",\"position\":1,\"name\":\"home\",\"item\":\"https:\/\/www.hsymachinery.com\/\"},{\"@type\":\"ListItem\",\"position\":2,\"name\":\"products\",\"item\":\"https:\/\/www.hsymachinery.com\/products\/\"},{\"@type\":\"ListItem\",\"position\":3,\"name\":\"Plate Compactor PH-C90\"}]},{\"@type\":\"WebSite\",\"@id\":\"https:\/\/www.hsymachinery.com\/#website\",\"url\":\"https:\/\/www.hsymachinery.com\/\",\"name\":\"HSY Construction Machinery\",\"description\":\"HSY Machinery \u2013 A leading China construction machinery supplier, offering a wide range of light construction equipment. Our main products include Rebar Cutting Machine, Rebar Bending Machine, Rebar Stirrup Bending Machine, Rebar Arc Bending Machine, Rebar Straightening Machine, Five-Head Rebar Stirrup Bending Machine, Tamping Rammer, Plate Compactor, Concrete Cutter, Power Trowel, and other construction machinery. We are equipped with advanced CNC machines, and we enforce strict quality inspection standards along with comprehensive after-sales service. If you are interested in our products or services, we warmly welcome your inquiries via message.\",\"publisher\":{\"@id\":\"https:\/\/www.hsymachinery.com\/#organization\"},\"potentialAction\":[{\"@type\":\"SearchAction\",\"target\":{\"@type\":\"EntryPoint\",\"urlTemplate\":\"https:\/\/www.hsymachinery.com\/?s={search_term_string}\"},\"query-input\":{\"@type\":\"PropertyValueSpecification\",\"valueRequired\":true,\"valueName\":\"search_term_string\"}}],\"inLanguage\":\"de\"},{\"@type\":\"Organization\",\"@id\":\"https:\/\/www.hsymachinery.com\/#organization\",\"name\":\"HSY Construction Machinery\",\"url\":\"https:\/\/www.hsymachinery.com\/\",\"logo\":{\"@type\":\"ImageObject\",\"inLanguage\":\"de\",\"@id\":\"https:\/\/www.hsymachinery.com\/#\/schema\/logo\/image\/\",\"url\":\"https:\/\/www.hsymachinery.com\/wp-content\/uploads\/2025\/06\/cropped-HSY-machinery.png\",\"contentUrl\":\"https:\/\/www.hsymachinery.com\/wp-content\/uploads\/2025\/06\/cropped-HSY-machinery.png\",\"width\":600,\"height\":240,\"caption\":\"HSY Construction Machinery\"},\"image\":{\"@id\":\"https:\/\/www.hsymachinery.com\/#\/schema\/logo\/image\/\"}}]}<\/script>\n<!-- \/ Yoast SEO plugin. -->","yoast_head_json":{"title":"Plattenverdichter PH-C90 - HSY Construction Machinery","description":"Der PH-C90 Diesel-Plattenverdichter bietet eine hochwirksame, kosteng\u00fcnstige Bodenverdichtung f\u00fcr den Bau, die Reparatur von Stra\u00dfenbel\u00e4gen und die Vorbereitung harter B\u00f6den. Gebaut f\u00fcr lange Laufzeiten.","robots":{"index":"index","follow":"follow","max-snippet":"max-snippet:-1","max-image-preview":"max-image-preview:large","max-video-preview":"max-video-preview:-1"},"canonical":"https:\/\/www.hsymachinery.com\/de\/product\/plattenverdichter-ph-c90\/","og_locale":"de_DE","og_type":"article","og_title":"Plate Compactor PH-C90 - HSY Construction Machinery","og_description":"PH-C90 Diesel Plate Compactor offers high-impact, low-cost soil compaction for construction, pavement repair, and hard soil preparation. Built for long runtime.","og_url":"https:\/\/www.hsymachinery.com\/de\/product\/plattenverdichter-ph-c90\/","og_site_name":"HSY Construction Machinery","article_modified_time":"2025-06-28T11:43:49+00:00","og_image":[{"width":600,"height":600,"url":"https:\/\/www.hsymachinery.com\/wp-content\/uploads\/2025\/06\/Plate-Compactor-PH-C90-e1750237307839.jpg","type":"image\/jpeg"}],"twitter_card":"summary_large_image","twitter_misc":{"Gesch\u00e4tzte Lesezeit":"2\u00a0Minuten"},"schema":{"@context":"https:\/\/schema.org","@graph":[{"@type":"WebPage","@id":"https:\/\/www.hsymachinery.com\/product\/plate-compactor-ph-c90\/","url":"https:\/\/www.hsymachinery.com\/product\/plate-compactor-ph-c90\/","name":"Plattenverdichter PH-C90 - HSY Construction Machinery","isPartOf":{"@id":"https:\/\/www.hsymachinery.com\/#website"},"primaryImageOfPage":{"@id":"https:\/\/www.hsymachinery.com\/product\/plate-compactor-ph-c90\/#primaryimage"},"image":{"@id":"https:\/\/www.hsymachinery.com\/product\/plate-compactor-ph-c90\/#primaryimage"},"thumbnailUrl":"https:\/\/www.hsymachinery.com\/wp-content\/uploads\/2025\/06\/Plate-Compactor-PH-C90-e1750237307839.jpg","datePublished":"2025-06-18T08:51:52+00:00","dateModified":"2025-06-28T11:43:49+00:00","description":"Der PH-C90 Diesel-Plattenverdichter bietet eine hochwirksame, kosteng\u00fcnstige Bodenverdichtung f\u00fcr den Bau, die Reparatur von Stra\u00dfenbel\u00e4gen und die Vorbereitung harter B\u00f6den. Gebaut f\u00fcr lange Laufzeiten.","breadcrumb":{"@id":"https:\/\/www.hsymachinery.com\/product\/plate-compactor-ph-c90\/#breadcrumb"},"inLanguage":"de","potentialAction":[{"@type":"ReadAction","target":["https:\/\/www.hsymachinery.com\/product\/plate-compactor-ph-c90\/"]}]},{"@type":"ImageObject","inLanguage":"de","@id":"https:\/\/www.hsymachinery.com\/product\/plate-compactor-ph-c90\/#primaryimage","url":"https:\/\/www.hsymachinery.com\/wp-content\/uploads\/2025\/06\/Plate-Compactor-PH-C90-e1750237307839.jpg","contentUrl":"https:\/\/www.hsymachinery.com\/wp-content\/uploads\/2025\/06\/Plate-Compactor-PH-C90-e1750237307839.jpg","width":600,"height":600},{"@type":"BreadcrumbList","@id":"https:\/\/www.hsymachinery.com\/product\/plate-compactor-ph-c90\/#breadcrumb","itemListElement":[{"@type":"ListItem","position":1,"name":"home","item":"https:\/\/www.hsymachinery.com\/"},{"@type":"ListItem","position":2,"name":"products","item":"https:\/\/www.hsymachinery.com\/products\/"},{"@type":"ListItem","position":3,"name":"Plate Compactor PH-C90"}]},{"@type":"WebSite","@id":"https:\/\/www.hsymachinery.com\/#website","url":"https:\/\/www.hsymachinery.com\/","name":"HSY Baumaschinen","description":"HSY Machinery - Ein f\u00fchrender chinesischer Lieferant von Baumaschinen, der eine breite Palette von leichten Baumaschinen anbietet. Zu unseren Hauptprodukten geh\u00f6ren Bewehrungsschneidemaschine, Bewehrungsbiegemaschine, Bewehrungsb\u00fcgel-Biegemaschine, Bewehrungsbogen-Biegemaschine, Bewehrungsrichtmaschine, F\u00fcnf-Kopf-Bewehrungsb\u00fcgel-Biegemaschine, Stampfhammer, Plattenverdichter, Betonschneider, Gl\u00e4ttmaschine und andere Baumaschinen. Wir sind mit fortschrittlichen CNC-Maschinen ausgestattet und verf\u00fcgen \u00fcber strenge Qualit\u00e4tskontrollstandards sowie einen umfassenden Kundendienst. Wenn Sie an unseren Produkten oder Dienstleistungen interessiert sind, freuen wir uns \u00fcber Ihre Anfrage per Nachricht.","publisher":{"@id":"https:\/\/www.hsymachinery.com\/#organization"},"potentialAction":[{"@type":"SearchAction","target":{"@type":"EntryPoint","urlTemplate":"https:\/\/www.hsymachinery.com\/?s={search_term_string}"},"query-input":{"@type":"PropertyValueSpecification","valueRequired":true,"valueName":"search_term_string"}}],"inLanguage":"de"},{"@type":"Organization","@id":"https:\/\/www.hsymachinery.com\/#organization","name":"HSY Baumaschinen","url":"https:\/\/www.hsymachinery.com\/","logo":{"@type":"ImageObject","inLanguage":"de","@id":"https:\/\/www.hsymachinery.com\/#\/schema\/logo\/image\/","url":"https:\/\/www.hsymachinery.com\/wp-content\/uploads\/2025\/06\/cropped-HSY-machinery.png","contentUrl":"https:\/\/www.hsymachinery.com\/wp-content\/uploads\/2025\/06\/cropped-HSY-machinery.png","width":600,"height":240,"caption":"HSY Construction Machinery"},"image":{"@id":"https:\/\/www.hsymachinery.com\/#\/schema\/logo\/image\/"}}]}},"_links":{"self":[{"href":"https:\/\/www.hsymachinery.com\/de\/wp-json\/wp\/v2\/product\/9106","targetHints":{"allow":["GET"]}}],"collection":[{"href":"https:\/\/www.hsymachinery.com\/de\/wp-json\/wp\/v2\/product"}],"about":[{"href":"https:\/\/www.hsymachinery.com\/de\/wp-json\/wp\/v2\/types\/product"}],"version-history":[{"count":3,"href":"https:\/\/www.hsymachinery.com\/de\/wp-json\/wp\/v2\/product\/9106\/revisions"}],"predecessor-version":[{"id":9529,"href":"https:\/\/www.hsymachinery.com\/de\/wp-json\/wp\/v2\/product\/9106\/revisions\/9529"}],"wp:featuredmedia":[{"embeddable":true,"href":"https:\/\/www.hsymachinery.com\/de\/wp-json\/wp\/v2\/media\/9111"}],"wp:attachment":[{"href":"https:\/\/www.hsymachinery.com\/de\/wp-json\/wp\/v2\/media?parent=9106"}],"wp:term":[{"taxonomy":"product_brand","embeddable":true,"href":"https:\/\/www.hsymachinery.com\/de\/wp-json\/wp\/v2\/product_brand?post=9106"},{"taxonomy":"product_cat","embeddable":true,"href":"https:\/\/www.hsymachinery.com\/de\/wp-json\/wp\/v2\/product_cat?post=9106"},{"taxonomy":"product_tag","embeddable":true,"href":"https:\/\/www.hsymachinery.com\/de\/wp-json\/wp\/v2\/product_tag?post=9106"}],"curies":[{"name":"wp","href":"https:\/\/api.w.org\/{rel}","templated":true}]}}