{"id":9076,"date":"2025-06-18T16:25:13","date_gmt":"2025-06-18T08:25:13","guid":{"rendered":"https:\/\/www.hsymachinery.com\/?post_type=product&#038;p=9076"},"modified":"2025-06-28T15:27:47","modified_gmt":"2025-06-28T07:27:47","slug":"stopfstampfer-ch-c100","status":"publish","type":"product","link":"https:\/\/www.hsymachinery.com\/de\/product\/stopfstampfer-ch-c100\/","title":{"rendered":"Stopfstampfer CH-C100"},"content":{"rendered":"<h2 data-start=\"124\" data-end=\"154\">Stopfstampfer CH-C100<\/h2>\n<h3 data-start=\"155\" data-end=\"261\">CH-C100 Diesel-Stopfstampfer | Schwerlast-Bodenverdichter f\u00fcr raue Bauumgebungen<\/h3>\n<h3 data-start=\"268\" data-end=\"352\">Produkt\u00fcbersicht - Drehmomentstarke Dieselkraft f\u00fcr anspruchsvolle Verdichtungsprojekte<img fetchpriority=\"high\" decoding=\"async\" class=\"wp-image-9077 alignright\" src=\"https:\/\/www.hsymachinery.com\/wp-content\/uploads\/2025\/06\/Tamping-Rammer-CH-C100-300x300.jpg\" alt=\"\" width=\"470\" height=\"470\" srcset=\"https:\/\/www.hsymachinery.com\/wp-content\/uploads\/2025\/06\/Tamping-Rammer-CH-C100-300x300.jpg 300w, https:\/\/www.hsymachinery.com\/wp-content\/uploads\/2025\/06\/Tamping-Rammer-CH-C100-150x150.jpg 150w, https:\/\/www.hsymachinery.com\/wp-content\/uploads\/2025\/06\/Tamping-Rammer-CH-C100-768x768.jpg 768w, https:\/\/www.hsymachinery.com\/wp-content\/uploads\/2025\/06\/Tamping-Rammer-CH-C100-600x600.jpg 600w, https:\/\/www.hsymachinery.com\/wp-content\/uploads\/2025\/06\/Tamping-Rammer-CH-C100-100x100.jpg 100w, https:\/\/www.hsymachinery.com\/wp-content\/uploads\/2025\/06\/Tamping-Rammer-CH-C100.jpg 800w\" sizes=\"(max-width: 470px) 100vw, 470px\" \/><\/h3>\n<p data-start=\"354\" data-end=\"697\">Die <strong data-start=\"358\" data-end=\"384\">CH-C100 Stopfstampfer<\/strong> wird von einem robusten Dieselmotor angetrieben, der auch unter Last eine au\u00dfergew\u00f6hnliche Rammkraft und ein hohes Drehmoment liefert. Er wurde speziell f\u00fcr den Einsatz auf abgelegenen Baustellen, f\u00fcr die Verf\u00fcllung von Rohrleitungen, die Vorbereitung von Stra\u00dfenbel\u00e4gen und Fundamentarbeiten entwickelt, wo Kraftstoffeinsparung und Leistungsstabilit\u00e4t entscheidend sind.<\/p>\n<p data-start=\"699\" data-end=\"858\">Dieses Modell bietet eine un\u00fcbertroffene Effizienz f\u00fcr lange Arbeitszyklen und erbringt gute Leistungen in B\u00f6den mit hoher Dichte wie Lehm und Kies, wo leichtere Stampfer versagen k\u00f6nnen.<\/p>\n<h3 data-start=\"865\" data-end=\"918\">Robuste Leistung, zuverl\u00e4ssiger Diesel-Antriebsstrang<\/h3>\n<p data-start=\"920\" data-end=\"1209\">Der CH-C100 ist mit einem kraftstoffsparenden Dieselmotor ausgestattet, der niedrige Betriebskosten und eine lange Lebensdauer gew\u00e4hrleistet. Der stahlverst\u00e4rkte Stopfschuh, der robuste Rahmen und das mehrstufige Sto\u00dfd\u00e4mpfungssystem sorgen f\u00fcr eine starke Verdichtung und minimieren gleichzeitig die Erm\u00fcdung des Fahrers.<\/p>\n<p data-start=\"1211\" data-end=\"1354\">Seine vereinfachte mechanische Struktur erm\u00f6glicht eine einfache Wartung und ist somit ideal f\u00fcr schwierige Arbeitsbedingungen mit eingeschr\u00e4nktem Zugang zu den St\u00fctzen.<\/p>\n<h3 data-start=\"1361\" data-end=\"1404\">Gebaut f\u00fcr raue Baustellenumgebungen<\/h3>\n<p data-start=\"1406\" data-end=\"1729\">Dank seines Dieselmotors ist der CH-C100 weniger empfindlich gegen\u00fcber der Kraftstoffqualit\u00e4t und kann auch in staubigen, feuchten oder hochgelegenen Umgebungen zuverl\u00e4ssig arbeiten. Dies macht ihn zur bevorzugten Wahl f\u00fcr Bauunternehmer, die in Entwicklungsregionen, Bergbauinfrastrukturen oder abgelegenen Gebieten mit variabler Strom- und Kraftstoffversorgung arbeiten.<\/p>\n<p data-start=\"1731\" data-end=\"1859\">Seine Stabilit\u00e4t, Tragbarkeit und gleichbleibende Leistung unter harten Bedingungen machen ihn zu einem echten Arbeitstier auf jeder Baustelle.<\/p>\n<h3 data-start=\"1866\" data-end=\"1917\">\u00a0Hauptmerkmale der CH-C100 Diesel-Stopfstampfer<\/h3>\n<ul data-start=\"1919\" data-end=\"2261\">\n<li data-start=\"1919\" data-end=\"1983\">\n<p data-start=\"1921\" data-end=\"1983\">Dieselbetriebener Motor f\u00fcr maximales Drehmoment und l\u00e4ngere Betriebsdauer<\/p>\n<\/li>\n<li data-start=\"1984\" data-end=\"2052\">\n<p data-start=\"1986\" data-end=\"2052\">Ideal f\u00fcr Lehm, Schotter, Grabenverf\u00fcllung und Verdichtung des Untergrunds<\/p>\n<\/li>\n<li data-start=\"2053\" data-end=\"2119\">\n<p data-start=\"2055\" data-end=\"2119\">Robustes Design mit vibrationsd\u00e4mpfendem System f\u00fcr mehr Benutzerkomfort<\/p>\n<\/li>\n<li data-start=\"2120\" data-end=\"2189\">\n<p data-start=\"2122\" data-end=\"2189\">Kraftstoffsparend und zuverl\u00e4ssig in abgelegenen oder wartungsarmen Gebieten<\/p>\n<\/li>\n<li data-start=\"2190\" data-end=\"2261\">\n<p data-start=\"2192\" data-end=\"2261\">Motor und Komponenten sind f\u00fcr harte Umweltbelastungen ausgelegt<\/p>\n<\/li>\n<\/ul>","protected":false},"excerpt":{"rendered":"<p>Der Dieselstampfer CH-C100 bietet eine kraftvolle Bodenverdichtung mit hohem Drehmoment und hoher Kraftstoffeffizienz. Die robuste Konstruktion eignet sich f\u00fcr schwierige Umgebungen und dichte B\u00f6den.<\/p>","protected":false},"featured_media":9077,"template":"","meta":{"_kad_post_transparent":"default","_kad_post_title":"","_kad_post_layout":"default","_kad_post_sidebar_id":"","_kad_post_content_style":"default","_kad_post_vertical_padding":"default","_kad_post_feature":"","_kad_post_feature_position":"","_kad_post_header":false,"_kad_post_footer":false},"product_brand":[],"product_cat":[83],"product_tag":[1060,1057,1058,1059,1051,1052,1056,1053,1055,1054],"class_list":{"0":"post-9076","1":"product","2":"type-product","3":"status-publish","4":"has-post-thumbnail","6":"product_cat-tamping-rammer","7":"product_tag-backfill-compactor-machine","8":"product_tag-diesel-tamping-rammer","9":"product_tag-earth-tamping-machine","10":"product_tag-handheld-tamping-rammer","11":"product_tag-impact-rammer","12":"product_tag-jumping-jack-compactor","13":"product_tag-petrol-tamping-rammer","14":"product_tag-plate-tamping-rammer","15":"product_tag-soil-compaction-rammer","16":"product_tag-vibratory-tamping-rammer","18":"first","19":"instock","20":"shipping-taxable","21":"product-type-simple","22":"entry","23":"content-bg","24":"loop-entry"},"yoast_head":"<!-- This site is optimized with the Yoast SEO plugin v25.3.1 - https:\/\/yoast.com\/wordpress\/plugins\/seo\/ -->\n<title>Tamping Rammer CH-C100 - HSY Construction Machinery<\/title>\n<meta name=\"description\" content=\"CH-C100 Diesel Tamping Rammer provides high-impact compaction for heavy soils. Built for durability, remote job sites, and tough environmental conditions.\" \/>\n<meta name=\"robots\" content=\"index, follow, max-snippet:-1, max-image-preview:large, max-video-preview:-1\" \/>\n<link rel=\"canonical\" href=\"https:\/\/www.hsymachinery.com\/de\/product\/stopfstampfer-ch-c100\/\" \/>\n<meta property=\"og:locale\" content=\"de_DE\" \/>\n<meta property=\"og:type\" content=\"article\" \/>\n<meta property=\"og:title\" content=\"Tamping Rammer CH-C100 - HSY Construction Machinery\" \/>\n<meta property=\"og:description\" content=\"CH-C100 Diesel Tamping Rammer provides high-impact compaction for heavy soils. Built for durability, remote job sites, and tough environmental conditions.\" \/>\n<meta property=\"og:url\" content=\"https:\/\/www.hsymachinery.com\/de\/product\/stopfstampfer-ch-c100\/\" \/>\n<meta property=\"og:site_name\" content=\"HSY Construction Machinery\" \/>\n<meta property=\"article:modified_time\" content=\"2025-06-28T07:27:47+00:00\" \/>\n<meta property=\"og:image\" content=\"https:\/\/www.hsymachinery.com\/wp-content\/uploads\/2025\/06\/Tamping-Rammer-CH-C100.jpg\" \/>\n\t<meta property=\"og:image:width\" content=\"800\" \/>\n\t<meta property=\"og:image:height\" content=\"800\" \/>\n\t<meta property=\"og:image:type\" content=\"image\/jpeg\" \/>\n<meta name=\"twitter:card\" content=\"summary_large_image\" \/>\n<meta name=\"twitter:label1\" content=\"Gesch\u00e4tzte Lesezeit\" \/>\n\t<meta name=\"twitter:data1\" content=\"2\u00a0Minuten\" \/>\n<script type=\"application\/ld+json\" class=\"yoast-schema-graph\">{\"@context\":\"https:\/\/schema.org\",\"@graph\":[{\"@type\":\"WebPage\",\"@id\":\"https:\/\/www.hsymachinery.com\/product\/tamping-rammer-ch-c100\/\",\"url\":\"https:\/\/www.hsymachinery.com\/product\/tamping-rammer-ch-c100\/\",\"name\":\"Tamping Rammer CH-C100 - HSY Construction Machinery\",\"isPartOf\":{\"@id\":\"https:\/\/www.hsymachinery.com\/#website\"},\"primaryImageOfPage\":{\"@id\":\"https:\/\/www.hsymachinery.com\/product\/tamping-rammer-ch-c100\/#primaryimage\"},\"image\":{\"@id\":\"https:\/\/www.hsymachinery.com\/product\/tamping-rammer-ch-c100\/#primaryimage\"},\"thumbnailUrl\":\"https:\/\/www.hsymachinery.com\/wp-content\/uploads\/2025\/06\/Tamping-Rammer-CH-C100.jpg\",\"datePublished\":\"2025-06-18T08:25:13+00:00\",\"dateModified\":\"2025-06-28T07:27:47+00:00\",\"description\":\"CH-C100 Diesel Tamping Rammer provides high-impact compaction for heavy soils. Built for durability, remote job sites, and tough environmental conditions.\",\"breadcrumb\":{\"@id\":\"https:\/\/www.hsymachinery.com\/product\/tamping-rammer-ch-c100\/#breadcrumb\"},\"inLanguage\":\"de\",\"potentialAction\":[{\"@type\":\"ReadAction\",\"target\":[\"https:\/\/www.hsymachinery.com\/product\/tamping-rammer-ch-c100\/\"]}]},{\"@type\":\"ImageObject\",\"inLanguage\":\"de\",\"@id\":\"https:\/\/www.hsymachinery.com\/product\/tamping-rammer-ch-c100\/#primaryimage\",\"url\":\"https:\/\/www.hsymachinery.com\/wp-content\/uploads\/2025\/06\/Tamping-Rammer-CH-C100.jpg\",\"contentUrl\":\"https:\/\/www.hsymachinery.com\/wp-content\/uploads\/2025\/06\/Tamping-Rammer-CH-C100.jpg\",\"width\":800,\"height\":800},{\"@type\":\"BreadcrumbList\",\"@id\":\"https:\/\/www.hsymachinery.com\/product\/tamping-rammer-ch-c100\/#breadcrumb\",\"itemListElement\":[{\"@type\":\"ListItem\",\"position\":1,\"name\":\"home\",\"item\":\"https:\/\/www.hsymachinery.com\/\"},{\"@type\":\"ListItem\",\"position\":2,\"name\":\"products\",\"item\":\"https:\/\/www.hsymachinery.com\/products\/\"},{\"@type\":\"ListItem\",\"position\":3,\"name\":\"Tamping Rammer CH-C100\"}]},{\"@type\":\"WebSite\",\"@id\":\"https:\/\/www.hsymachinery.com\/#website\",\"url\":\"https:\/\/www.hsymachinery.com\/\",\"name\":\"HSY Construction Machinery\",\"description\":\"HSY Machinery \u2013 A leading China construction machinery supplier, offering a wide range of light construction equipment. Our main products include Rebar Cutting Machine, Rebar Bending Machine, Rebar Stirrup Bending Machine, Rebar Arc Bending Machine, Rebar Straightening Machine, Five-Head Rebar Stirrup Bending Machine, Tamping Rammer, Plate Compactor, Concrete Cutter, Power Trowel, and other construction machinery. We are equipped with advanced CNC machines, and we enforce strict quality inspection standards along with comprehensive after-sales service. If you are interested in our products or services, we warmly welcome your inquiries via message.\",\"publisher\":{\"@id\":\"https:\/\/www.hsymachinery.com\/#organization\"},\"potentialAction\":[{\"@type\":\"SearchAction\",\"target\":{\"@type\":\"EntryPoint\",\"urlTemplate\":\"https:\/\/www.hsymachinery.com\/?s={search_term_string}\"},\"query-input\":{\"@type\":\"PropertyValueSpecification\",\"valueRequired\":true,\"valueName\":\"search_term_string\"}}],\"inLanguage\":\"de\"},{\"@type\":\"Organization\",\"@id\":\"https:\/\/www.hsymachinery.com\/#organization\",\"name\":\"HSY Construction Machinery\",\"url\":\"https:\/\/www.hsymachinery.com\/\",\"logo\":{\"@type\":\"ImageObject\",\"inLanguage\":\"de\",\"@id\":\"https:\/\/www.hsymachinery.com\/#\/schema\/logo\/image\/\",\"url\":\"https:\/\/www.hsymachinery.com\/wp-content\/uploads\/2025\/06\/cropped-HSY-machinery.png\",\"contentUrl\":\"https:\/\/www.hsymachinery.com\/wp-content\/uploads\/2025\/06\/cropped-HSY-machinery.png\",\"width\":600,\"height\":240,\"caption\":\"HSY Construction Machinery\"},\"image\":{\"@id\":\"https:\/\/www.hsymachinery.com\/#\/schema\/logo\/image\/\"}}]}<\/script>\n<!-- \/ Yoast SEO plugin. -->","yoast_head_json":{"title":"Stopfstampfer CH-C100 - HSY Construction Machinery","description":"Der CH-C100 Diesel-Stopfstampfer erm\u00f6glicht eine starke Verdichtung von schweren B\u00f6den. Gebaut f\u00fcr Langlebigkeit, abgelegene Baustellen und schwierige Umweltbedingungen.","robots":{"index":"index","follow":"follow","max-snippet":"max-snippet:-1","max-image-preview":"max-image-preview:large","max-video-preview":"max-video-preview:-1"},"canonical":"https:\/\/www.hsymachinery.com\/de\/product\/stopfstampfer-ch-c100\/","og_locale":"de_DE","og_type":"article","og_title":"Tamping Rammer CH-C100 - HSY Construction Machinery","og_description":"CH-C100 Diesel Tamping Rammer provides high-impact compaction for heavy soils. Built for durability, remote job sites, and tough environmental conditions.","og_url":"https:\/\/www.hsymachinery.com\/de\/product\/stopfstampfer-ch-c100\/","og_site_name":"HSY Construction Machinery","article_modified_time":"2025-06-28T07:27:47+00:00","og_image":[{"width":800,"height":800,"url":"https:\/\/www.hsymachinery.com\/wp-content\/uploads\/2025\/06\/Tamping-Rammer-CH-C100.jpg","type":"image\/jpeg"}],"twitter_card":"summary_large_image","twitter_misc":{"Gesch\u00e4tzte Lesezeit":"2\u00a0Minuten"},"schema":{"@context":"https:\/\/schema.org","@graph":[{"@type":"WebPage","@id":"https:\/\/www.hsymachinery.com\/product\/tamping-rammer-ch-c100\/","url":"https:\/\/www.hsymachinery.com\/product\/tamping-rammer-ch-c100\/","name":"Stopfstampfer CH-C100 - HSY Construction Machinery","isPartOf":{"@id":"https:\/\/www.hsymachinery.com\/#website"},"primaryImageOfPage":{"@id":"https:\/\/www.hsymachinery.com\/product\/tamping-rammer-ch-c100\/#primaryimage"},"image":{"@id":"https:\/\/www.hsymachinery.com\/product\/tamping-rammer-ch-c100\/#primaryimage"},"thumbnailUrl":"https:\/\/www.hsymachinery.com\/wp-content\/uploads\/2025\/06\/Tamping-Rammer-CH-C100.jpg","datePublished":"2025-06-18T08:25:13+00:00","dateModified":"2025-06-28T07:27:47+00:00","description":"Der CH-C100 Diesel-Stopfstampfer erm\u00f6glicht eine starke Verdichtung von schweren B\u00f6den. Gebaut f\u00fcr Langlebigkeit, abgelegene Baustellen und schwierige Umweltbedingungen.","breadcrumb":{"@id":"https:\/\/www.hsymachinery.com\/product\/tamping-rammer-ch-c100\/#breadcrumb"},"inLanguage":"de","potentialAction":[{"@type":"ReadAction","target":["https:\/\/www.hsymachinery.com\/product\/tamping-rammer-ch-c100\/"]}]},{"@type":"ImageObject","inLanguage":"de","@id":"https:\/\/www.hsymachinery.com\/product\/tamping-rammer-ch-c100\/#primaryimage","url":"https:\/\/www.hsymachinery.com\/wp-content\/uploads\/2025\/06\/Tamping-Rammer-CH-C100.jpg","contentUrl":"https:\/\/www.hsymachinery.com\/wp-content\/uploads\/2025\/06\/Tamping-Rammer-CH-C100.jpg","width":800,"height":800},{"@type":"BreadcrumbList","@id":"https:\/\/www.hsymachinery.com\/product\/tamping-rammer-ch-c100\/#breadcrumb","itemListElement":[{"@type":"ListItem","position":1,"name":"home","item":"https:\/\/www.hsymachinery.com\/"},{"@type":"ListItem","position":2,"name":"products","item":"https:\/\/www.hsymachinery.com\/products\/"},{"@type":"ListItem","position":3,"name":"Tamping Rammer CH-C100"}]},{"@type":"WebSite","@id":"https:\/\/www.hsymachinery.com\/#website","url":"https:\/\/www.hsymachinery.com\/","name":"HSY Baumaschinen","description":"HSY Machinery - Ein f\u00fchrender chinesischer Lieferant von Baumaschinen, der eine breite Palette von leichten Baumaschinen anbietet. Zu unseren Hauptprodukten geh\u00f6ren Bewehrungsschneidemaschine, Bewehrungsbiegemaschine, Bewehrungsb\u00fcgel-Biegemaschine, Bewehrungsbogen-Biegemaschine, Bewehrungsrichtmaschine, F\u00fcnf-Kopf-Bewehrungsb\u00fcgel-Biegemaschine, Stampfhammer, Plattenverdichter, Betonschneider, Gl\u00e4ttmaschine und andere Baumaschinen. Wir sind mit fortschrittlichen CNC-Maschinen ausgestattet und verf\u00fcgen \u00fcber strenge Qualit\u00e4tskontrollstandards sowie einen umfassenden Kundendienst. Wenn Sie an unseren Produkten oder Dienstleistungen interessiert sind, freuen wir uns \u00fcber Ihre Anfrage per Nachricht.","publisher":{"@id":"https:\/\/www.hsymachinery.com\/#organization"},"potentialAction":[{"@type":"SearchAction","target":{"@type":"EntryPoint","urlTemplate":"https:\/\/www.hsymachinery.com\/?s={search_term_string}"},"query-input":{"@type":"PropertyValueSpecification","valueRequired":true,"valueName":"search_term_string"}}],"inLanguage":"de"},{"@type":"Organization","@id":"https:\/\/www.hsymachinery.com\/#organization","name":"HSY Baumaschinen","url":"https:\/\/www.hsymachinery.com\/","logo":{"@type":"ImageObject","inLanguage":"de","@id":"https:\/\/www.hsymachinery.com\/#\/schema\/logo\/image\/","url":"https:\/\/www.hsymachinery.com\/wp-content\/uploads\/2025\/06\/cropped-HSY-machinery.png","contentUrl":"https:\/\/www.hsymachinery.com\/wp-content\/uploads\/2025\/06\/cropped-HSY-machinery.png","width":600,"height":240,"caption":"HSY Construction Machinery"},"image":{"@id":"https:\/\/www.hsymachinery.com\/#\/schema\/logo\/image\/"}}]}},"_links":{"self":[{"href":"https:\/\/www.hsymachinery.com\/de\/wp-json\/wp\/v2\/product\/9076","targetHints":{"allow":["GET"]}}],"collection":[{"href":"https:\/\/www.hsymachinery.com\/de\/wp-json\/wp\/v2\/product"}],"about":[{"href":"https:\/\/www.hsymachinery.com\/de\/wp-json\/wp\/v2\/types\/product"}],"version-history":[{"count":3,"href":"https:\/\/www.hsymachinery.com\/de\/wp-json\/wp\/v2\/product\/9076\/revisions"}],"predecessor-version":[{"id":9502,"href":"https:\/\/www.hsymachinery.com\/de\/wp-json\/wp\/v2\/product\/9076\/revisions\/9502"}],"wp:featuredmedia":[{"embeddable":true,"href":"https:\/\/www.hsymachinery.com\/de\/wp-json\/wp\/v2\/media\/9077"}],"wp:attachment":[{"href":"https:\/\/www.hsymachinery.com\/de\/wp-json\/wp\/v2\/media?parent=9076"}],"wp:term":[{"taxonomy":"product_brand","embeddable":true,"href":"https:\/\/www.hsymachinery.com\/de\/wp-json\/wp\/v2\/product_brand?post=9076"},{"taxonomy":"product_cat","embeddable":true,"href":"https:\/\/www.hsymachinery.com\/de\/wp-json\/wp\/v2\/product_cat?post=9076"},{"taxonomy":"product_tag","embeddable":true,"href":"https:\/\/www.hsymachinery.com\/de\/wp-json\/wp\/v2\/product_tag?post=9076"}],"curies":[{"name":"wp","href":"https:\/\/api.w.org\/{rel}","templated":true}]}}