{"id":9073,"date":"2025-06-18T16:23:56","date_gmt":"2025-06-18T08:23:56","guid":{"rendered":"https:\/\/www.hsymachinery.com\/?post_type=product&#038;p=9073"},"modified":"2025-06-28T15:24:41","modified_gmt":"2025-06-28T07:24:41","slug":"stopfstampfer-ch-h100","status":"publish","type":"product","link":"https:\/\/www.hsymachinery.com\/de\/product\/stopfstampfer-ch-h100\/","title":{"rendered":"Stopfstampfer CH-H100"},"content":{"rendered":"<h2 data-start=\"115\" data-end=\"145\">Stopfstampfer CH-H100<\/h2>\n<h3 data-start=\"146\" data-end=\"261\">CH-H100 Honda Benzin-Stopfstampfer | Zuverl\u00e4ssiger und leistungsstarker Bodenverdichter f\u00fcr professionelle Bauarbeiten<\/h3>\n<h3 data-start=\"268\" data-end=\"342\">Produkt\u00fcbersicht - Hochwertige Verdichtung mit zuverl\u00e4ssigem Honda-Motor<a href=\"https:\/\/www.hsymachinery.com\/de\/produkte\/stopfstampfer\/\" target=\"_blank\" rel=\"noopener\"><img fetchpriority=\"high\" decoding=\"async\" class=\"wp-image-9074 alignright\" src=\"https:\/\/www.hsymachinery.com\/wp-content\/uploads\/2025\/06\/Tamping-Rammer-CH-H100-300x300.jpg\" alt=\"\" width=\"476\" height=\"476\" srcset=\"https:\/\/www.hsymachinery.com\/wp-content\/uploads\/2025\/06\/Tamping-Rammer-CH-H100-300x300.jpg 300w, https:\/\/www.hsymachinery.com\/wp-content\/uploads\/2025\/06\/Tamping-Rammer-CH-H100-150x150.jpg 150w, https:\/\/www.hsymachinery.com\/wp-content\/uploads\/2025\/06\/Tamping-Rammer-CH-H100-768x768.jpg 768w, https:\/\/www.hsymachinery.com\/wp-content\/uploads\/2025\/06\/Tamping-Rammer-CH-H100-600x600.jpg 600w, https:\/\/www.hsymachinery.com\/wp-content\/uploads\/2025\/06\/Tamping-Rammer-CH-H100-100x100.jpg 100w, https:\/\/www.hsymachinery.com\/wp-content\/uploads\/2025\/06\/Tamping-Rammer-CH-H100.jpg 800w\" sizes=\"(max-width: 476px) 100vw, 476px\" \/><\/a><\/h3>\n<p data-start=\"344\" data-end=\"644\">Die <strong data-start=\"348\" data-end=\"374\">CH-H100 Stopfstampfer<\/strong> ist mit einem weltweit bew\u00e4hrten Honda GX160-Benzinmotor ausgestattet, der f\u00fcr eine stabile, hochwirksame Verdichtung bei einer Vielzahl von Bodentypen sorgt. Dieses Modell ist ein Favorit unter Bauunternehmern, die Wert auf einen zuverl\u00e4ssigen Motor, einfache Wartung und lange Lebensdauer legen.<\/p>\n<p data-start=\"646\" data-end=\"808\">Er eignet sich hervorragend f\u00fcr Grabenaushub, Fundamentarbeiten, Asphaltierungsarbeiten und st\u00e4dtische Bauarbeiten, insbesondere in Au\u00dfenbereichen oder halbwegs abgelegenen Gebieten.<\/p>\n<h3 data-start=\"815\" data-end=\"864\">Gebaut f\u00fcr Langlebigkeit und Feldleistung<\/h3>\n<p data-start=\"866\" data-end=\"1194\">Der Honda GX160-Motor bietet einen einfachen Start auf Zug, einen niedrigen Kraftstoffverbrauch und ein starkes Drehmoment, so dass der CH-H100 sowohl f\u00fcr sandige als auch f\u00fcr bindige B\u00f6den geeignet ist. Das verst\u00e4rkte, sto\u00dfd\u00e4mpfende Aufh\u00e4ngungssystem der Maschine minimiert die Erm\u00fcdung des Fahrers, w\u00e4hrend die Stampfplatte aus hochfestem Stahl eine lange Lebensdauer gew\u00e4hrleistet.<\/p>\n<p data-start=\"1196\" data-end=\"1291\">Sein kompakter Rahmen erm\u00f6glicht den Zugang zu engen R\u00e4umen, ohne die Leistung oder Stabilit\u00e4t zu beeintr\u00e4chtigen.<\/p>\n<h3 data-start=\"1298\" data-end=\"1348\">Zuverl\u00e4ssig bei anspruchsvollen Baustellenbedingungen<\/h3>\n<p data-start=\"1350\" data-end=\"1580\">Von kommunalen Reparaturen bis hin zur Aufr\u00fcstung der Infrastruktur - der CH-H100 ist f\u00fcr den Dauerbetrieb in rauen Au\u00dfenumgebungen geeignet. Dank des globalen Ersatzteilnetzes von Honda ist die Wartung einfach und kann \u00fcberall auf der Welt durchgef\u00fchrt werden.<\/p>\n<p data-start=\"1582\" data-end=\"1702\">Egal, ob Sie auf engem Raum oder \u00fcber viele Stunden hinweg verdichten, dieses Modell liefert jedes Mal Ergebnisse in Profiqualit\u00e4t.<\/p>\n<h3 data-start=\"1709\" data-end=\"1762\">Hauptmerkmale des CH-H100 Benzin-Schlagbohrers<\/h3>\n<ul data-start=\"1764\" data-end=\"2081\">\n<li data-start=\"1764\" data-end=\"1817\">\n<p data-start=\"1766\" data-end=\"1817\">Angetrieben von einem Honda GX160 4-Takt-Benzinmotor<\/p>\n<\/li>\n<li data-start=\"1818\" data-end=\"1877\">\n<p data-start=\"1820\" data-end=\"1877\">Hohe Rammkraft bei kraftstoffsparendem, leisem Betrieb<\/p>\n<\/li>\n<li data-start=\"1878\" data-end=\"1944\">\n<p data-start=\"1880\" data-end=\"1944\">Ideal f\u00fcr Gr\u00e4ben, Fundamente, Asphaltreparaturen und Baustellenvorbereitung<\/p>\n<\/li>\n<li data-start=\"1945\" data-end=\"2014\">\n<p data-start=\"1947\" data-end=\"2014\">\u00dcberragende Zuverl\u00e4ssigkeit und Langlebigkeit mit weltweiter Ersatzteilverf\u00fcgbarkeit<\/p>\n<\/li>\n<li data-start=\"2015\" data-end=\"2081\">\n<p data-start=\"2017\" data-end=\"2081\">Verst\u00e4rkter Stahlsockel und ergonomisches Schwingungsd\u00e4mpfungssystem<\/p>\n<\/li>\n<\/ul>\n<p><iframe title=\"Verdichter,Stopfstampfer,Stampfer,Plattenverdichter,Bauvibration,Verdichtungsmaschine.#tamping\" width=\"720\" height=\"540\" src=\"https:\/\/www.youtube.com\/embed\/j8Nod6Mcz9w?feature=oembed\" frameborder=\"0\" allow=\"accelerometer; autoplay; clipboard-write; encrypted-media; gyroscope; picture-in-picture; web-share\" referrerpolicy=\"strict-origin-when-cross-origin\" allowfullscreen><\/iframe><\/p>","protected":false},"excerpt":{"rendered":"<p>Der Stampfer CH-H100 arbeitet mit einem Honda GX160-Motor f\u00fcr eine kraftvolle und gleichm\u00e4\u00dfige Bodenverdichtung. Zuverl\u00e4ssige Leistung f\u00fcr anspruchsvolle professionelle Anwendungen.<\/p>","protected":false},"featured_media":9074,"template":"","meta":{"_kad_post_transparent":"default","_kad_post_title":"","_kad_post_layout":"default","_kad_post_sidebar_id":"","_kad_post_content_style":"default","_kad_post_vertical_padding":"default","_kad_post_feature":"","_kad_post_feature_position":"","_kad_post_header":false,"_kad_post_footer":false},"product_brand":[],"product_cat":[83],"product_tag":[1060,1057,1058,1059,1051,1052,1056,1053,1055,1054],"class_list":{"0":"post-9073","1":"product","2":"type-product","3":"status-publish","4":"has-post-thumbnail","6":"product_cat-tamping-rammer","7":"product_tag-backfill-compactor-machine","8":"product_tag-diesel-tamping-rammer","9":"product_tag-earth-tamping-machine","10":"product_tag-handheld-tamping-rammer","11":"product_tag-impact-rammer","12":"product_tag-jumping-jack-compactor","13":"product_tag-petrol-tamping-rammer","14":"product_tag-plate-tamping-rammer","15":"product_tag-soil-compaction-rammer","16":"product_tag-vibratory-tamping-rammer","18":"first","19":"instock","20":"shipping-taxable","21":"product-type-simple","22":"entry","23":"content-bg","24":"loop-entry"},"yoast_head":"<!-- This site is optimized with the Yoast SEO plugin v25.3.1 - https:\/\/yoast.com\/wordpress\/plugins\/seo\/ -->\n<title>Tamping Rammer CH-H100 - HSY Construction Machinery<\/title>\n<meta name=\"description\" content=\"CH-H100 Honda Tamping Rammer offers high-performance compaction with a GX160 engine. Built for trench, road, and foundation work. Durable and globally serviceable.\" \/>\n<meta name=\"robots\" content=\"index, follow, max-snippet:-1, max-image-preview:large, max-video-preview:-1\" \/>\n<link rel=\"canonical\" href=\"https:\/\/www.hsymachinery.com\/de\/product\/stopfstampfer-ch-h100\/\" \/>\n<meta property=\"og:locale\" content=\"de_DE\" \/>\n<meta property=\"og:type\" content=\"article\" \/>\n<meta property=\"og:title\" content=\"Tamping Rammer CH-H100 - HSY Construction Machinery\" \/>\n<meta property=\"og:description\" content=\"CH-H100 Honda Tamping Rammer offers high-performance compaction with a GX160 engine. Built for trench, road, and foundation work. Durable and globally serviceable.\" \/>\n<meta property=\"og:url\" content=\"https:\/\/www.hsymachinery.com\/de\/product\/stopfstampfer-ch-h100\/\" \/>\n<meta property=\"og:site_name\" content=\"HSY Construction Machinery\" \/>\n<meta property=\"article:modified_time\" content=\"2025-06-28T07:24:41+00:00\" \/>\n<meta property=\"og:image\" content=\"https:\/\/www.hsymachinery.com\/wp-content\/uploads\/2025\/06\/Tamping-Rammer-CH-H100.jpg\" \/>\n\t<meta property=\"og:image:width\" content=\"800\" \/>\n\t<meta property=\"og:image:height\" content=\"800\" \/>\n\t<meta property=\"og:image:type\" content=\"image\/jpeg\" \/>\n<meta name=\"twitter:card\" content=\"summary_large_image\" \/>\n<meta name=\"twitter:label1\" content=\"Gesch\u00e4tzte Lesezeit\" \/>\n\t<meta name=\"twitter:data1\" content=\"2\u00a0Minuten\" \/>\n<script type=\"application\/ld+json\" class=\"yoast-schema-graph\">{\"@context\":\"https:\/\/schema.org\",\"@graph\":[{\"@type\":\"WebPage\",\"@id\":\"https:\/\/www.hsymachinery.com\/product\/tamping-rammer-ch-h100\/\",\"url\":\"https:\/\/www.hsymachinery.com\/product\/tamping-rammer-ch-h100\/\",\"name\":\"Tamping Rammer CH-H100 - HSY Construction Machinery\",\"isPartOf\":{\"@id\":\"https:\/\/www.hsymachinery.com\/#website\"},\"primaryImageOfPage\":{\"@id\":\"https:\/\/www.hsymachinery.com\/product\/tamping-rammer-ch-h100\/#primaryimage\"},\"image\":{\"@id\":\"https:\/\/www.hsymachinery.com\/product\/tamping-rammer-ch-h100\/#primaryimage\"},\"thumbnailUrl\":\"https:\/\/www.hsymachinery.com\/wp-content\/uploads\/2025\/06\/Tamping-Rammer-CH-H100.jpg\",\"datePublished\":\"2025-06-18T08:23:56+00:00\",\"dateModified\":\"2025-06-28T07:24:41+00:00\",\"description\":\"CH-H100 Honda Tamping Rammer offers high-performance compaction with a GX160 engine. Built for trench, road, and foundation work. Durable and globally serviceable.\",\"breadcrumb\":{\"@id\":\"https:\/\/www.hsymachinery.com\/product\/tamping-rammer-ch-h100\/#breadcrumb\"},\"inLanguage\":\"de\",\"potentialAction\":[{\"@type\":\"ReadAction\",\"target\":[\"https:\/\/www.hsymachinery.com\/product\/tamping-rammer-ch-h100\/\"]}]},{\"@type\":\"ImageObject\",\"inLanguage\":\"de\",\"@id\":\"https:\/\/www.hsymachinery.com\/product\/tamping-rammer-ch-h100\/#primaryimage\",\"url\":\"https:\/\/www.hsymachinery.com\/wp-content\/uploads\/2025\/06\/Tamping-Rammer-CH-H100.jpg\",\"contentUrl\":\"https:\/\/www.hsymachinery.com\/wp-content\/uploads\/2025\/06\/Tamping-Rammer-CH-H100.jpg\",\"width\":800,\"height\":800},{\"@type\":\"BreadcrumbList\",\"@id\":\"https:\/\/www.hsymachinery.com\/product\/tamping-rammer-ch-h100\/#breadcrumb\",\"itemListElement\":[{\"@type\":\"ListItem\",\"position\":1,\"name\":\"home\",\"item\":\"https:\/\/www.hsymachinery.com\/\"},{\"@type\":\"ListItem\",\"position\":2,\"name\":\"products\",\"item\":\"https:\/\/www.hsymachinery.com\/products\/\"},{\"@type\":\"ListItem\",\"position\":3,\"name\":\"Tamping Rammer CH-H100\"}]},{\"@type\":\"WebSite\",\"@id\":\"https:\/\/www.hsymachinery.com\/#website\",\"url\":\"https:\/\/www.hsymachinery.com\/\",\"name\":\"HSY Construction Machinery\",\"description\":\"HSY Machinery \u2013 A leading China construction machinery supplier, offering a wide range of light construction equipment. Our main products include Rebar Cutting Machine, Rebar Bending Machine, Rebar Stirrup Bending Machine, Rebar Arc Bending Machine, Rebar Straightening Machine, Five-Head Rebar Stirrup Bending Machine, Tamping Rammer, Plate Compactor, Concrete Cutter, Power Trowel, and other construction machinery. We are equipped with advanced CNC machines, and we enforce strict quality inspection standards along with comprehensive after-sales service. If you are interested in our products or services, we warmly welcome your inquiries via message.\",\"publisher\":{\"@id\":\"https:\/\/www.hsymachinery.com\/#organization\"},\"potentialAction\":[{\"@type\":\"SearchAction\",\"target\":{\"@type\":\"EntryPoint\",\"urlTemplate\":\"https:\/\/www.hsymachinery.com\/?s={search_term_string}\"},\"query-input\":{\"@type\":\"PropertyValueSpecification\",\"valueRequired\":true,\"valueName\":\"search_term_string\"}}],\"inLanguage\":\"de\"},{\"@type\":\"Organization\",\"@id\":\"https:\/\/www.hsymachinery.com\/#organization\",\"name\":\"HSY Construction Machinery\",\"url\":\"https:\/\/www.hsymachinery.com\/\",\"logo\":{\"@type\":\"ImageObject\",\"inLanguage\":\"de\",\"@id\":\"https:\/\/www.hsymachinery.com\/#\/schema\/logo\/image\/\",\"url\":\"https:\/\/www.hsymachinery.com\/wp-content\/uploads\/2025\/06\/cropped-HSY-machinery.png\",\"contentUrl\":\"https:\/\/www.hsymachinery.com\/wp-content\/uploads\/2025\/06\/cropped-HSY-machinery.png\",\"width\":600,\"height\":240,\"caption\":\"HSY Construction Machinery\"},\"image\":{\"@id\":\"https:\/\/www.hsymachinery.com\/#\/schema\/logo\/image\/\"}}]}<\/script>\n<!-- \/ Yoast SEO plugin. -->","yoast_head_json":{"title":"Stopfstampfer CH-H100 - HSY Construction Machinery","description":"Der CH-H100 Honda-Stopfstampfer bietet eine leistungsstarke Verdichtung mit einem GX160-Motor. Gebaut f\u00fcr Graben-, Stra\u00dfen- und Fundamentarbeiten. Langlebig und weltweit wartbar.","robots":{"index":"index","follow":"follow","max-snippet":"max-snippet:-1","max-image-preview":"max-image-preview:large","max-video-preview":"max-video-preview:-1"},"canonical":"https:\/\/www.hsymachinery.com\/de\/product\/stopfstampfer-ch-h100\/","og_locale":"de_DE","og_type":"article","og_title":"Tamping Rammer CH-H100 - HSY Construction Machinery","og_description":"CH-H100 Honda Tamping Rammer offers high-performance compaction with a GX160 engine. Built for trench, road, and foundation work. Durable and globally serviceable.","og_url":"https:\/\/www.hsymachinery.com\/de\/product\/stopfstampfer-ch-h100\/","og_site_name":"HSY Construction Machinery","article_modified_time":"2025-06-28T07:24:41+00:00","og_image":[{"width":800,"height":800,"url":"https:\/\/www.hsymachinery.com\/wp-content\/uploads\/2025\/06\/Tamping-Rammer-CH-H100.jpg","type":"image\/jpeg"}],"twitter_card":"summary_large_image","twitter_misc":{"Gesch\u00e4tzte Lesezeit":"2\u00a0Minuten"},"schema":{"@context":"https:\/\/schema.org","@graph":[{"@type":"WebPage","@id":"https:\/\/www.hsymachinery.com\/product\/tamping-rammer-ch-h100\/","url":"https:\/\/www.hsymachinery.com\/product\/tamping-rammer-ch-h100\/","name":"Stopfstampfer CH-H100 - HSY Construction Machinery","isPartOf":{"@id":"https:\/\/www.hsymachinery.com\/#website"},"primaryImageOfPage":{"@id":"https:\/\/www.hsymachinery.com\/product\/tamping-rammer-ch-h100\/#primaryimage"},"image":{"@id":"https:\/\/www.hsymachinery.com\/product\/tamping-rammer-ch-h100\/#primaryimage"},"thumbnailUrl":"https:\/\/www.hsymachinery.com\/wp-content\/uploads\/2025\/06\/Tamping-Rammer-CH-H100.jpg","datePublished":"2025-06-18T08:23:56+00:00","dateModified":"2025-06-28T07:24:41+00:00","description":"Der CH-H100 Honda-Stopfstampfer bietet eine leistungsstarke Verdichtung mit einem GX160-Motor. Gebaut f\u00fcr Graben-, Stra\u00dfen- und Fundamentarbeiten. Langlebig und weltweit wartbar.","breadcrumb":{"@id":"https:\/\/www.hsymachinery.com\/product\/tamping-rammer-ch-h100\/#breadcrumb"},"inLanguage":"de","potentialAction":[{"@type":"ReadAction","target":["https:\/\/www.hsymachinery.com\/product\/tamping-rammer-ch-h100\/"]}]},{"@type":"ImageObject","inLanguage":"de","@id":"https:\/\/www.hsymachinery.com\/product\/tamping-rammer-ch-h100\/#primaryimage","url":"https:\/\/www.hsymachinery.com\/wp-content\/uploads\/2025\/06\/Tamping-Rammer-CH-H100.jpg","contentUrl":"https:\/\/www.hsymachinery.com\/wp-content\/uploads\/2025\/06\/Tamping-Rammer-CH-H100.jpg","width":800,"height":800},{"@type":"BreadcrumbList","@id":"https:\/\/www.hsymachinery.com\/product\/tamping-rammer-ch-h100\/#breadcrumb","itemListElement":[{"@type":"ListItem","position":1,"name":"home","item":"https:\/\/www.hsymachinery.com\/"},{"@type":"ListItem","position":2,"name":"products","item":"https:\/\/www.hsymachinery.com\/products\/"},{"@type":"ListItem","position":3,"name":"Tamping Rammer CH-H100"}]},{"@type":"WebSite","@id":"https:\/\/www.hsymachinery.com\/#website","url":"https:\/\/www.hsymachinery.com\/","name":"HSY Baumaschinen","description":"HSY Machinery - Ein f\u00fchrender chinesischer Lieferant von Baumaschinen, der eine breite Palette von leichten Baumaschinen anbietet. Zu unseren Hauptprodukten geh\u00f6ren Bewehrungsschneidemaschine, Bewehrungsbiegemaschine, Bewehrungsb\u00fcgel-Biegemaschine, Bewehrungsbogen-Biegemaschine, Bewehrungsrichtmaschine, F\u00fcnf-Kopf-Bewehrungsb\u00fcgel-Biegemaschine, Stampfhammer, Plattenverdichter, Betonschneider, Gl\u00e4ttmaschine und andere Baumaschinen. Wir sind mit fortschrittlichen CNC-Maschinen ausgestattet und verf\u00fcgen \u00fcber strenge Qualit\u00e4tskontrollstandards sowie einen umfassenden Kundendienst. Wenn Sie an unseren Produkten oder Dienstleistungen interessiert sind, freuen wir uns \u00fcber Ihre Anfrage per Nachricht.","publisher":{"@id":"https:\/\/www.hsymachinery.com\/#organization"},"potentialAction":[{"@type":"SearchAction","target":{"@type":"EntryPoint","urlTemplate":"https:\/\/www.hsymachinery.com\/?s={search_term_string}"},"query-input":{"@type":"PropertyValueSpecification","valueRequired":true,"valueName":"search_term_string"}}],"inLanguage":"de"},{"@type":"Organization","@id":"https:\/\/www.hsymachinery.com\/#organization","name":"HSY Baumaschinen","url":"https:\/\/www.hsymachinery.com\/","logo":{"@type":"ImageObject","inLanguage":"de","@id":"https:\/\/www.hsymachinery.com\/#\/schema\/logo\/image\/","url":"https:\/\/www.hsymachinery.com\/wp-content\/uploads\/2025\/06\/cropped-HSY-machinery.png","contentUrl":"https:\/\/www.hsymachinery.com\/wp-content\/uploads\/2025\/06\/cropped-HSY-machinery.png","width":600,"height":240,"caption":"HSY Construction Machinery"},"image":{"@id":"https:\/\/www.hsymachinery.com\/#\/schema\/logo\/image\/"}}]}},"_links":{"self":[{"href":"https:\/\/www.hsymachinery.com\/de\/wp-json\/wp\/v2\/product\/9073","targetHints":{"allow":["GET"]}}],"collection":[{"href":"https:\/\/www.hsymachinery.com\/de\/wp-json\/wp\/v2\/product"}],"about":[{"href":"https:\/\/www.hsymachinery.com\/de\/wp-json\/wp\/v2\/types\/product"}],"version-history":[{"count":4,"href":"https:\/\/www.hsymachinery.com\/de\/wp-json\/wp\/v2\/product\/9073\/revisions"}],"predecessor-version":[{"id":9500,"href":"https:\/\/www.hsymachinery.com\/de\/wp-json\/wp\/v2\/product\/9073\/revisions\/9500"}],"wp:featuredmedia":[{"embeddable":true,"href":"https:\/\/www.hsymachinery.com\/de\/wp-json\/wp\/v2\/media\/9074"}],"wp:attachment":[{"href":"https:\/\/www.hsymachinery.com\/de\/wp-json\/wp\/v2\/media?parent=9073"}],"wp:term":[{"taxonomy":"product_brand","embeddable":true,"href":"https:\/\/www.hsymachinery.com\/de\/wp-json\/wp\/v2\/product_brand?post=9073"},{"taxonomy":"product_cat","embeddable":true,"href":"https:\/\/www.hsymachinery.com\/de\/wp-json\/wp\/v2\/product_cat?post=9073"},{"taxonomy":"product_tag","embeddable":true,"href":"https:\/\/www.hsymachinery.com\/de\/wp-json\/wp\/v2\/product_tag?post=9073"}],"curies":[{"name":"wp","href":"https:\/\/api.w.org\/{rel}","templated":true}]}}