{"id":9058,"date":"2025-06-18T16:14:34","date_gmt":"2025-06-18T08:14:34","guid":{"rendered":"https:\/\/www.hsymachinery.com\/?post_type=product&#038;p=9058"},"modified":"2025-06-28T14:59:29","modified_gmt":"2025-06-28T06:59:29","slug":"stopfstampfer-ch-d100","status":"publish","type":"product","link":"https:\/\/www.hsymachinery.com\/de\/product\/stopfstampfer-ch-d100\/","title":{"rendered":"Stopfstampfer CH-D100"},"content":{"rendered":"<h2 data-start=\"112\" data-end=\"142\">Stopfstampfer CH-D100<\/h2>\n<h3 data-start=\"143\" data-end=\"244\">CH-D100 Elektromotor-Stopfstampfer | Hocheffiziente Verdichtungsger\u00e4te f\u00fcr Boden und Asphalt<\/h3>\n<h3 data-start=\"251\" data-end=\"332\">Produkt\u00fcbersicht - Effiziente elektrische Leistung f\u00fcr eine zuverl\u00e4ssige Bodenverdichtung<a href=\"https:\/\/www.hsymachinery.com\/de\/produkte\/stopfstampfer\/\" target=\"_blank\" rel=\"noopener\"><img fetchpriority=\"high\" decoding=\"async\" class=\"wp-image-9060 alignright\" src=\"https:\/\/www.hsymachinery.com\/wp-content\/uploads\/2025\/06\/Tamping-Rammer-CH-D100-1-300x300.jpg\" alt=\"\" width=\"499\" height=\"499\" srcset=\"https:\/\/www.hsymachinery.com\/wp-content\/uploads\/2025\/06\/Tamping-Rammer-CH-D100-1-300x300.jpg 300w, https:\/\/www.hsymachinery.com\/wp-content\/uploads\/2025\/06\/Tamping-Rammer-CH-D100-1-150x150.jpg 150w, https:\/\/www.hsymachinery.com\/wp-content\/uploads\/2025\/06\/Tamping-Rammer-CH-D100-1-768x768.jpg 768w, https:\/\/www.hsymachinery.com\/wp-content\/uploads\/2025\/06\/Tamping-Rammer-CH-D100-1-600x600.jpg 600w, https:\/\/www.hsymachinery.com\/wp-content\/uploads\/2025\/06\/Tamping-Rammer-CH-D100-1-100x100.jpg 100w, https:\/\/www.hsymachinery.com\/wp-content\/uploads\/2025\/06\/Tamping-Rammer-CH-D100-1.jpg 800w\" sizes=\"(max-width: 499px) 100vw, 499px\" \/><\/a><\/h3>\n<p data-start=\"334\" data-end=\"689\">Die <strong data-start=\"338\" data-end=\"373\">CH-D100 Elektrischer Stopfstampfer<\/strong> ist eine leistungsstarke und umweltfreundliche Verdichtungsmaschine, die f\u00fcr eine breite Palette von Boden- und Asphaltarbeiten konzipiert wurde. Angetrieben von einem drehmomentstarken Elektromotor liefert sie eine gleichm\u00e4\u00dfige Verdichtungskraft bei reduziertem L\u00e4rm und null Emissionen - perfekt f\u00fcr geschlossene Umgebungen und st\u00e4dtische Projekte mit L\u00e4rm- oder Abgasbeschr\u00e4nkungen.<\/p>\n<p data-start=\"691\" data-end=\"894\">Der CH-D100 ist ideal f\u00fcr die Verdichtung von koh\u00e4siven B\u00f6den, die Verf\u00fcllung von Gr\u00e4ben, Baugruben und Stra\u00dfenreparaturen und bietet ein ausgewogenes Verh\u00e4ltnis von Leistung, Zuverl\u00e4ssigkeit und Energieeffizienz f\u00fcr Bauexperten.<\/p>\n<h3 data-start=\"901\" data-end=\"960\">Reibungsloser Betrieb, langlebige Konstruktion und geringer Wartungsaufwand<\/h3>\n<p data-start=\"962\" data-end=\"1304\">Im Gegensatz zu Benzin- oder Dieselstampfern muss beim CH-D100 kein Kraftstoff nachgef\u00fcllt werden, was die Betriebskosten und das Brandrisiko minimiert. Sein Elektromotor springt sofort an und gew\u00e4hrleistet einen zuverl\u00e4ssigen Betrieb bei allen Wetterbedingungen. Die Maschine verf\u00fcgt \u00fcber ein hochbelastbares Federsystem, das die Schlagkraft maximiert und gleichzeitig die Vibrationen zum Schutz des Bedieners d\u00e4mpft.<\/p>\n<p data-start=\"1306\" data-end=\"1451\">Dank der robusten Vier-Punkt-Aufh\u00e4ngung, der verst\u00e4rkten Schuhplatte und des kompakten Geh\u00e4uses kann der CH-D100 auch in engen Arbeitsbereichen gut eingesetzt werden.<\/p>\n<h3 data-start=\"1458\" data-end=\"1508\">Ideal f\u00fcr den Einsatz in Innenr\u00e4umen und auf Baustellen<\/h3>\n<p data-start=\"1510\" data-end=\"1780\">Der CH-D100 zeichnet sich durch seine Umweltvertr\u00e4glichkeit aus. Er erzeugt keine Abgasemissionen und arbeitet mit einem niedrigeren Dezibel-Pegel, was ihn perfekt f\u00fcr den Tiefbau, Tunnelarbeiten und Baustellen in Innenr\u00e4umen macht, wo Luftqualit\u00e4t und L\u00e4rm eine Rolle spielen.<\/p>\n<p data-start=\"1782\" data-end=\"1936\">Dank seines einfachen Aufbaus und seines geringen Wartungsbedarfs ist dieser elektrische Stopfstampfer eine langlebige Investition f\u00fcr moderne Bauunternehmen.<\/p>\n<h3 data-start=\"1943\" data-end=\"1996\">Hauptmerkmale des CH-D100 Elektrostampfers<\/h3>\n<ul data-start=\"1998\" data-end=\"2300\">\n<li data-start=\"1998\" data-end=\"2068\">\n<p data-start=\"2000\" data-end=\"2068\">Ausgestattet mit einem langlebigen Elektromotor, ideal f\u00fcr den Einsatz in Innenr\u00e4umen\/St\u00e4dten<\/p>\n<\/li>\n<li data-start=\"2069\" data-end=\"2131\">\n<p data-start=\"2071\" data-end=\"2131\">Liefert starke Verdichtungskraft ohne Kraftstoff und Emissionen<\/p>\n<\/li>\n<li data-start=\"2132\" data-end=\"2182\">\n<p data-start=\"2134\" data-end=\"2182\">Schnellstartbetrieb mit minimaler Wartung<\/p>\n<\/li>\n<li data-start=\"2183\" data-end=\"2241\">\n<p data-start=\"2185\" data-end=\"2241\">Verst\u00e4rkte Tamper-Platte und schwingungsd\u00e4mpfende Halterung<\/p>\n<\/li>\n<li data-start=\"2242\" data-end=\"2300\">\n<p data-start=\"2244\" data-end=\"2300\">Geeignet f\u00fcr Gr\u00e4ben, Fundamente und beengte Bereiche<\/p>\n<\/li>\n<\/ul>\n<p><iframe title=\"Verdichter,Stopfstampfer,Stampfer,Plattenverdichter,Bauvibration,Verdichtungsmaschine.#tamping\" width=\"720\" height=\"540\" src=\"https:\/\/www.youtube.com\/embed\/j8Nod6Mcz9w?feature=oembed\" frameborder=\"0\" allow=\"accelerometer; autoplay; clipboard-write; encrypted-media; gyroscope; picture-in-picture; web-share\" referrerpolicy=\"strict-origin-when-cross-origin\" allowfullscreen><\/iframe><\/p>","protected":false},"excerpt":{"rendered":"<p>Der elektrische Stampfstampfer CH-D100 bietet eine kraftstoff- und emissionsfreie Bodenverdichtung f\u00fcr Gr\u00e4ben, Fundamente und Baustellen in St\u00e4dten. Leise, sauber und f\u00fcr den langfristigen Einsatz gebaut.<\/p>","protected":false},"featured_media":9060,"template":"","meta":{"_kad_post_transparent":"default","_kad_post_title":"","_kad_post_layout":"default","_kad_post_sidebar_id":"","_kad_post_content_style":"default","_kad_post_vertical_padding":"default","_kad_post_feature":"","_kad_post_feature_position":"","_kad_post_header":false,"_kad_post_footer":false},"product_brand":[],"product_cat":[83],"product_tag":[1060,1057,1058,1059,1051,1052,1056,1053,1055,1054],"class_list":{"0":"post-9058","1":"product","2":"type-product","3":"status-publish","4":"has-post-thumbnail","6":"product_cat-tamping-rammer","7":"product_tag-backfill-compactor-machine","8":"product_tag-diesel-tamping-rammer","9":"product_tag-earth-tamping-machine","10":"product_tag-handheld-tamping-rammer","11":"product_tag-impact-rammer","12":"product_tag-jumping-jack-compactor","13":"product_tag-petrol-tamping-rammer","14":"product_tag-plate-tamping-rammer","15":"product_tag-soil-compaction-rammer","16":"product_tag-vibratory-tamping-rammer","18":"first","19":"instock","20":"shipping-taxable","21":"product-type-simple","22":"entry","23":"content-bg","24":"loop-entry"},"yoast_head":"<!-- This site is optimized with the Yoast SEO plugin v25.3.1 - https:\/\/yoast.com\/wordpress\/plugins\/seo\/ -->\n<title>Tamping Rammer CH-D100 - HSY Construction Machinery<\/title>\n<meta name=\"description\" content=\"CH-D100 Electric Tamping Rammer delivers clean, fuel-free soil compaction. Ideal for indoor, trench, and foundation work. Durable, quiet, and easy to maintain.\" \/>\n<meta name=\"robots\" content=\"index, follow, max-snippet:-1, max-image-preview:large, max-video-preview:-1\" \/>\n<link rel=\"canonical\" href=\"https:\/\/www.hsymachinery.com\/de\/product\/stopfstampfer-ch-d100\/\" \/>\n<meta property=\"og:locale\" content=\"de_DE\" \/>\n<meta property=\"og:type\" content=\"article\" \/>\n<meta property=\"og:title\" content=\"Tamping Rammer CH-D100 - HSY Construction Machinery\" \/>\n<meta property=\"og:description\" content=\"CH-D100 Electric Tamping Rammer delivers clean, fuel-free soil compaction. Ideal for indoor, trench, and foundation work. Durable, quiet, and easy to maintain.\" \/>\n<meta property=\"og:url\" content=\"https:\/\/www.hsymachinery.com\/de\/product\/stopfstampfer-ch-d100\/\" \/>\n<meta property=\"og:site_name\" content=\"HSY Construction Machinery\" \/>\n<meta property=\"article:modified_time\" content=\"2025-06-28T06:59:29+00:00\" \/>\n<meta property=\"og:image\" content=\"https:\/\/www.hsymachinery.com\/wp-content\/uploads\/2025\/06\/Tamping-Rammer-CH-D100-1.jpg\" \/>\n\t<meta property=\"og:image:width\" content=\"800\" \/>\n\t<meta property=\"og:image:height\" content=\"800\" \/>\n\t<meta property=\"og:image:type\" content=\"image\/jpeg\" \/>\n<meta name=\"twitter:card\" content=\"summary_large_image\" \/>\n<meta name=\"twitter:label1\" content=\"Gesch\u00e4tzte Lesezeit\" \/>\n\t<meta name=\"twitter:data1\" content=\"2\u00a0Minuten\" \/>\n<script type=\"application\/ld+json\" class=\"yoast-schema-graph\">{\"@context\":\"https:\/\/schema.org\",\"@graph\":[{\"@type\":\"WebPage\",\"@id\":\"https:\/\/www.hsymachinery.com\/product\/tamping-rammer-ch-d100\/\",\"url\":\"https:\/\/www.hsymachinery.com\/product\/tamping-rammer-ch-d100\/\",\"name\":\"Tamping Rammer CH-D100 - HSY Construction Machinery\",\"isPartOf\":{\"@id\":\"https:\/\/www.hsymachinery.com\/#website\"},\"primaryImageOfPage\":{\"@id\":\"https:\/\/www.hsymachinery.com\/product\/tamping-rammer-ch-d100\/#primaryimage\"},\"image\":{\"@id\":\"https:\/\/www.hsymachinery.com\/product\/tamping-rammer-ch-d100\/#primaryimage\"},\"thumbnailUrl\":\"https:\/\/www.hsymachinery.com\/wp-content\/uploads\/2025\/06\/Tamping-Rammer-CH-D100-1.jpg\",\"datePublished\":\"2025-06-18T08:14:34+00:00\",\"dateModified\":\"2025-06-28T06:59:29+00:00\",\"description\":\"CH-D100 Electric Tamping Rammer delivers clean, fuel-free soil compaction. Ideal for indoor, trench, and foundation work. Durable, quiet, and easy to maintain.\",\"breadcrumb\":{\"@id\":\"https:\/\/www.hsymachinery.com\/product\/tamping-rammer-ch-d100\/#breadcrumb\"},\"inLanguage\":\"de\",\"potentialAction\":[{\"@type\":\"ReadAction\",\"target\":[\"https:\/\/www.hsymachinery.com\/product\/tamping-rammer-ch-d100\/\"]}]},{\"@type\":\"ImageObject\",\"inLanguage\":\"de\",\"@id\":\"https:\/\/www.hsymachinery.com\/product\/tamping-rammer-ch-d100\/#primaryimage\",\"url\":\"https:\/\/www.hsymachinery.com\/wp-content\/uploads\/2025\/06\/Tamping-Rammer-CH-D100-1.jpg\",\"contentUrl\":\"https:\/\/www.hsymachinery.com\/wp-content\/uploads\/2025\/06\/Tamping-Rammer-CH-D100-1.jpg\",\"width\":800,\"height\":800},{\"@type\":\"BreadcrumbList\",\"@id\":\"https:\/\/www.hsymachinery.com\/product\/tamping-rammer-ch-d100\/#breadcrumb\",\"itemListElement\":[{\"@type\":\"ListItem\",\"position\":1,\"name\":\"home\",\"item\":\"https:\/\/www.hsymachinery.com\/\"},{\"@type\":\"ListItem\",\"position\":2,\"name\":\"products\",\"item\":\"https:\/\/www.hsymachinery.com\/products\/\"},{\"@type\":\"ListItem\",\"position\":3,\"name\":\"Tamping Rammer CH-D100\"}]},{\"@type\":\"WebSite\",\"@id\":\"https:\/\/www.hsymachinery.com\/#website\",\"url\":\"https:\/\/www.hsymachinery.com\/\",\"name\":\"HSY Construction Machinery\",\"description\":\"HSY Machinery \u2013 A leading China construction machinery supplier, offering a wide range of light construction equipment. Our main products include Rebar Cutting Machine, Rebar Bending Machine, Rebar Stirrup Bending Machine, Rebar Arc Bending Machine, Rebar Straightening Machine, Five-Head Rebar Stirrup Bending Machine, Tamping Rammer, Plate Compactor, Concrete Cutter, Power Trowel, and other construction machinery. We are equipped with advanced CNC machines, and we enforce strict quality inspection standards along with comprehensive after-sales service. If you are interested in our products or services, we warmly welcome your inquiries via message.\",\"publisher\":{\"@id\":\"https:\/\/www.hsymachinery.com\/#organization\"},\"potentialAction\":[{\"@type\":\"SearchAction\",\"target\":{\"@type\":\"EntryPoint\",\"urlTemplate\":\"https:\/\/www.hsymachinery.com\/?s={search_term_string}\"},\"query-input\":{\"@type\":\"PropertyValueSpecification\",\"valueRequired\":true,\"valueName\":\"search_term_string\"}}],\"inLanguage\":\"de\"},{\"@type\":\"Organization\",\"@id\":\"https:\/\/www.hsymachinery.com\/#organization\",\"name\":\"HSY Construction Machinery\",\"url\":\"https:\/\/www.hsymachinery.com\/\",\"logo\":{\"@type\":\"ImageObject\",\"inLanguage\":\"de\",\"@id\":\"https:\/\/www.hsymachinery.com\/#\/schema\/logo\/image\/\",\"url\":\"https:\/\/www.hsymachinery.com\/wp-content\/uploads\/2025\/06\/cropped-HSY-machinery.png\",\"contentUrl\":\"https:\/\/www.hsymachinery.com\/wp-content\/uploads\/2025\/06\/cropped-HSY-machinery.png\",\"width\":600,\"height\":240,\"caption\":\"HSY Construction Machinery\"},\"image\":{\"@id\":\"https:\/\/www.hsymachinery.com\/#\/schema\/logo\/image\/\"}}]}<\/script>\n<!-- \/ Yoast SEO plugin. -->","yoast_head_json":{"title":"Stopfstampfer CH-D100 - HSY Construction Machinery","description":"Der CH-D100 Elektrostampfer sorgt f\u00fcr eine saubere, kraftstofffreie Bodenverdichtung. Ideal f\u00fcr Innenraum-, Graben- und Fundamentarbeiten. Langlebig, leise und leicht zu warten.","robots":{"index":"index","follow":"follow","max-snippet":"max-snippet:-1","max-image-preview":"max-image-preview:large","max-video-preview":"max-video-preview:-1"},"canonical":"https:\/\/www.hsymachinery.com\/de\/product\/stopfstampfer-ch-d100\/","og_locale":"de_DE","og_type":"article","og_title":"Tamping Rammer CH-D100 - HSY Construction Machinery","og_description":"CH-D100 Electric Tamping Rammer delivers clean, fuel-free soil compaction. Ideal for indoor, trench, and foundation work. Durable, quiet, and easy to maintain.","og_url":"https:\/\/www.hsymachinery.com\/de\/product\/stopfstampfer-ch-d100\/","og_site_name":"HSY Construction Machinery","article_modified_time":"2025-06-28T06:59:29+00:00","og_image":[{"width":800,"height":800,"url":"https:\/\/www.hsymachinery.com\/wp-content\/uploads\/2025\/06\/Tamping-Rammer-CH-D100-1.jpg","type":"image\/jpeg"}],"twitter_card":"summary_large_image","twitter_misc":{"Gesch\u00e4tzte Lesezeit":"2\u00a0Minuten"},"schema":{"@context":"https:\/\/schema.org","@graph":[{"@type":"WebPage","@id":"https:\/\/www.hsymachinery.com\/product\/tamping-rammer-ch-d100\/","url":"https:\/\/www.hsymachinery.com\/product\/tamping-rammer-ch-d100\/","name":"Stopfstampfer CH-D100 - HSY Construction Machinery","isPartOf":{"@id":"https:\/\/www.hsymachinery.com\/#website"},"primaryImageOfPage":{"@id":"https:\/\/www.hsymachinery.com\/product\/tamping-rammer-ch-d100\/#primaryimage"},"image":{"@id":"https:\/\/www.hsymachinery.com\/product\/tamping-rammer-ch-d100\/#primaryimage"},"thumbnailUrl":"https:\/\/www.hsymachinery.com\/wp-content\/uploads\/2025\/06\/Tamping-Rammer-CH-D100-1.jpg","datePublished":"2025-06-18T08:14:34+00:00","dateModified":"2025-06-28T06:59:29+00:00","description":"Der CH-D100 Elektrostampfer sorgt f\u00fcr eine saubere, kraftstofffreie Bodenverdichtung. Ideal f\u00fcr Innenraum-, Graben- und Fundamentarbeiten. Langlebig, leise und leicht zu warten.","breadcrumb":{"@id":"https:\/\/www.hsymachinery.com\/product\/tamping-rammer-ch-d100\/#breadcrumb"},"inLanguage":"de","potentialAction":[{"@type":"ReadAction","target":["https:\/\/www.hsymachinery.com\/product\/tamping-rammer-ch-d100\/"]}]},{"@type":"ImageObject","inLanguage":"de","@id":"https:\/\/www.hsymachinery.com\/product\/tamping-rammer-ch-d100\/#primaryimage","url":"https:\/\/www.hsymachinery.com\/wp-content\/uploads\/2025\/06\/Tamping-Rammer-CH-D100-1.jpg","contentUrl":"https:\/\/www.hsymachinery.com\/wp-content\/uploads\/2025\/06\/Tamping-Rammer-CH-D100-1.jpg","width":800,"height":800},{"@type":"BreadcrumbList","@id":"https:\/\/www.hsymachinery.com\/product\/tamping-rammer-ch-d100\/#breadcrumb","itemListElement":[{"@type":"ListItem","position":1,"name":"home","item":"https:\/\/www.hsymachinery.com\/"},{"@type":"ListItem","position":2,"name":"products","item":"https:\/\/www.hsymachinery.com\/products\/"},{"@type":"ListItem","position":3,"name":"Tamping Rammer CH-D100"}]},{"@type":"WebSite","@id":"https:\/\/www.hsymachinery.com\/#website","url":"https:\/\/www.hsymachinery.com\/","name":"HSY Baumaschinen","description":"HSY Machinery - Ein f\u00fchrender chinesischer Lieferant von Baumaschinen, der eine breite Palette von leichten Baumaschinen anbietet. Zu unseren Hauptprodukten geh\u00f6ren Bewehrungsschneidemaschine, Bewehrungsbiegemaschine, Bewehrungsb\u00fcgel-Biegemaschine, Bewehrungsbogen-Biegemaschine, Bewehrungsrichtmaschine, F\u00fcnf-Kopf-Bewehrungsb\u00fcgel-Biegemaschine, Stampfhammer, Plattenverdichter, Betonschneider, Gl\u00e4ttmaschine und andere Baumaschinen. Wir sind mit fortschrittlichen CNC-Maschinen ausgestattet und verf\u00fcgen \u00fcber strenge Qualit\u00e4tskontrollstandards sowie einen umfassenden Kundendienst. Wenn Sie an unseren Produkten oder Dienstleistungen interessiert sind, freuen wir uns \u00fcber Ihre Anfrage per Nachricht.","publisher":{"@id":"https:\/\/www.hsymachinery.com\/#organization"},"potentialAction":[{"@type":"SearchAction","target":{"@type":"EntryPoint","urlTemplate":"https:\/\/www.hsymachinery.com\/?s={search_term_string}"},"query-input":{"@type":"PropertyValueSpecification","valueRequired":true,"valueName":"search_term_string"}}],"inLanguage":"de"},{"@type":"Organization","@id":"https:\/\/www.hsymachinery.com\/#organization","name":"HSY Baumaschinen","url":"https:\/\/www.hsymachinery.com\/","logo":{"@type":"ImageObject","inLanguage":"de","@id":"https:\/\/www.hsymachinery.com\/#\/schema\/logo\/image\/","url":"https:\/\/www.hsymachinery.com\/wp-content\/uploads\/2025\/06\/cropped-HSY-machinery.png","contentUrl":"https:\/\/www.hsymachinery.com\/wp-content\/uploads\/2025\/06\/cropped-HSY-machinery.png","width":600,"height":240,"caption":"HSY Construction Machinery"},"image":{"@id":"https:\/\/www.hsymachinery.com\/#\/schema\/logo\/image\/"}}]}},"_links":{"self":[{"href":"https:\/\/www.hsymachinery.com\/de\/wp-json\/wp\/v2\/product\/9058","targetHints":{"allow":["GET"]}}],"collection":[{"href":"https:\/\/www.hsymachinery.com\/de\/wp-json\/wp\/v2\/product"}],"about":[{"href":"https:\/\/www.hsymachinery.com\/de\/wp-json\/wp\/v2\/types\/product"}],"version-history":[{"count":3,"href":"https:\/\/www.hsymachinery.com\/de\/wp-json\/wp\/v2\/product\/9058\/revisions"}],"predecessor-version":[{"id":9491,"href":"https:\/\/www.hsymachinery.com\/de\/wp-json\/wp\/v2\/product\/9058\/revisions\/9491"}],"wp:featuredmedia":[{"embeddable":true,"href":"https:\/\/www.hsymachinery.com\/de\/wp-json\/wp\/v2\/media\/9060"}],"wp:attachment":[{"href":"https:\/\/www.hsymachinery.com\/de\/wp-json\/wp\/v2\/media?parent=9058"}],"wp:term":[{"taxonomy":"product_brand","embeddable":true,"href":"https:\/\/www.hsymachinery.com\/de\/wp-json\/wp\/v2\/product_brand?post=9058"},{"taxonomy":"product_cat","embeddable":true,"href":"https:\/\/www.hsymachinery.com\/de\/wp-json\/wp\/v2\/product_cat?post=9058"},{"taxonomy":"product_tag","embeddable":true,"href":"https:\/\/www.hsymachinery.com\/de\/wp-json\/wp\/v2\/product_tag?post=9058"}],"curies":[{"name":"wp","href":"https:\/\/api.w.org\/{rel}","templated":true}]}}