{"id":9050,"date":"2025-06-18T15:35:27","date_gmt":"2025-06-18T07:35:27","guid":{"rendered":"https:\/\/www.hsymachinery.com\/?post_type=product&#038;p=9050"},"modified":"2025-06-28T13:46:51","modified_gmt":"2025-06-28T05:46:51","slug":"automatische-bugelbiegemaschine-stwq4-14b","status":"publish","type":"product","link":"https:\/\/www.hsymachinery.com\/de\/product\/automatische-bugelbiegemaschine-stwq4-14b\/","title":{"rendered":"Automatische Steigb\u00fcgel-Biegemaschine STWQ4-14B"},"content":{"rendered":"<h2 data-start=\"124\" data-end=\"175\">Automatische Steigb\u00fcgel-Biegemaschine STWQ4-14B<\/h2>\n<h3 data-start=\"176\" data-end=\"296\">STWQ4-14B Automatic Rebar Stirrup Bender | Advanced CNC Coil-Type Steel Bar Bending Machine for 4-12mm Reinforcement<\/h3>\n<h3 data-start=\"303\" data-end=\"382\">Produkt\u00fcbersicht - Optimiert f\u00fcr die flexible Hochgeschwindigkeits-B\u00fcgelproduktion<a href=\"https:\/\/www.hsymachinery.com\/de\/produkte\/automatische-bugelbiegemaschine\/\" target=\"_blank\" rel=\"noopener\"><img fetchpriority=\"high\" decoding=\"async\" class=\"wp-image-9051 alignright\" src=\"https:\/\/www.hsymachinery.com\/wp-content\/uploads\/2025\/06\/Automatic-Stirrup-Bending-Machine-STWQ4-14B-parameter-300x300.jpg\" alt=\"\" width=\"502\" height=\"502\" srcset=\"https:\/\/www.hsymachinery.com\/wp-content\/uploads\/2025\/06\/Automatic-Stirrup-Bending-Machine-STWQ4-14B-parameter-300x300.jpg 300w, https:\/\/www.hsymachinery.com\/wp-content\/uploads\/2025\/06\/Automatic-Stirrup-Bending-Machine-STWQ4-14B-parameter-150x150.jpg 150w, https:\/\/www.hsymachinery.com\/wp-content\/uploads\/2025\/06\/Automatic-Stirrup-Bending-Machine-STWQ4-14B-parameter-100x100.jpg 100w, https:\/\/www.hsymachinery.com\/wp-content\/uploads\/2025\/06\/Automatic-Stirrup-Bending-Machine-STWQ4-14B-parameter.jpg 600w\" sizes=\"(max-width: 502px) 100vw, 502px\" \/><\/a><\/h3>\n<p data-start=\"384\" data-end=\"782\">Die <strong data-start=\"388\" data-end=\"435\">STWQ4-14B Automatische Steigb\u00fcgel-Biegemaschine<\/strong> ist f\u00fcr die pr\u00e4zise Hochgeschwindigkeits-B\u00fcgelformung von gewickeltem Bewehrungsstahl im Bereich von 4 mm bis 12 mm ausgelegt. Dieses Modell zeichnet sich durch eine verbesserte Stabilit\u00e4t des Rahmens, ein reibungsloseres Zuf\u00fchrungssystem und schnellere Zykluszeiten aus, was es zu einer erstklassigen Wahl f\u00fcr hocheffiziente Baustellen, modulare Fabrikationsst\u00e4tten und Betonstahlverarbeitungszentren macht.<\/p>\n<p data-start=\"784\" data-end=\"943\">Durch die Integration vollautomatischer Richt-, Schneid- und Biegeprozesse rationalisiert die Maschine die Produktion und reduziert gleichzeitig Materialabfall und Arbeitskosten.<\/p>\n<h3 data-start=\"950\" data-end=\"1005\">Intelligenter Betrieb, schnelles Umschalten und saubere Biegungen<\/h3>\n<p data-start=\"1007\" data-end=\"1303\">Die STWQ4-14B ist mit einem aktualisierten CNC-Bedienfeld ausgestattet, das die Speicherung von Formen unterst\u00fctzt und es dem Bediener erm\u00f6glicht, innerhalb von Sekunden zwischen verschiedenen Designs zu wechseln. Die hochpr\u00e4zisen Servomotoren treiben die automatischen Zuf\u00fchr- und Biegearme an und gew\u00e4hrleisten so eine gleichbleibende Qualit\u00e4t auch bei gro\u00dfen Produktionsl\u00e4ufen.<\/p>\n<p data-start=\"1305\" data-end=\"1462\">Der einstellbare Rollenrichtapparat minimiert die Verformung und unterst\u00fctzt die pr\u00e4zise Ausf\u00fchrung von Winkeln, die sowohl f\u00fcr symmetrische als auch f\u00fcr komplexe B\u00fcgelformen geeignet sind.<\/p>\n<h3 data-start=\"1469\" data-end=\"1526\">Verst\u00e4rktes Design mit internationaler Kompatibilit\u00e4t<\/h3>\n<p data-start=\"1528\" data-end=\"1801\">Der STWQ4-14B ist mit einem dickeren Stahlrahmen ausgestattet, der Vibrationen reduziert und die Langlebigkeit erh\u00f6ht. Der modulare Aufbau erleichtert den Zugang zur Wartung, und die Maschine verf\u00fcgt \u00fcber Sicherheitsalarme, Zentralschmierung und Stromversorgungsschutzfunktionen.<\/p>\n<p data-start=\"1803\" data-end=\"1931\">Er wird mit 380 V\/50 Hz betrieben und kann an internationale Spannungsstandards angepasst werden, so dass er die Anforderungen des weltweiten Exports problemlos erf\u00fcllt.<\/p>\n<h3 data-start=\"1938\" data-end=\"1994\">Hauptmerkmale der automatischen B\u00fcgelbiegevorrichtung STWQ4-14B<\/h3>\n<ul data-start=\"1996\" data-end=\"2313\">\n<li data-start=\"1996\" data-end=\"2062\">\n<p data-start=\"1998\" data-end=\"2062\">Verarbeitet 4-12mm gewickelte Stahlst\u00e4be zu verschiedenen B\u00fcgelformen<\/p>\n<\/li>\n<li data-start=\"2063\" data-end=\"2133\">\n<p data-start=\"2065\" data-end=\"2133\">Moderne CNC-Schnittstelle mit Formged\u00e4chtnis f\u00fcr schnelle Programmwechsel<\/p>\n<\/li>\n<li data-start=\"2134\" data-end=\"2190\">\n<p data-start=\"2136\" data-end=\"2190\">Verbessertes Motorsystem und schnell formende Biegek\u00f6pfe<\/p>\n<\/li>\n<li data-start=\"2191\" data-end=\"2252\">\n<p data-start=\"2193\" data-end=\"2252\">Robuster Rahmen mit integrierter Schmierung und Fehlermeldungen<\/p>\n<\/li>\n<li data-start=\"2253\" data-end=\"2313\">\n<p data-start=\"2255\" data-end=\"2313\">Konzipiert f\u00fcr Exportm\u00e4rkte und den industriellen Dauereinsatz<\/p>\n<\/li>\n<\/ul>\n<p><iframe title=\"B\u00fcgelbiegemaschine,cnc Bewehrungsbiegemaschine,Bewehrungsmaschine,Bewehrungsb\u00fcgelbieger\" width=\"720\" height=\"540\" src=\"https:\/\/www.youtube.com\/embed\/7lyC3GtmOvI?feature=oembed\" frameborder=\"0\" allow=\"accelerometer; autoplay; clipboard-write; encrypted-media; gyroscope; picture-in-picture; web-share\" referrerpolicy=\"strict-origin-when-cross-origin\" allowfullscreen><\/iframe><\/p>","protected":false},"excerpt":{"rendered":"<p>STWQ4-14B formt mit CNC-Pr\u00e4zision 4-12 mm dicke Bewehrungsrollen zu B\u00fcgeln. Sie zeichnet sich durch einen schnellen Programmwechsel, hohe Stabilit\u00e4t und Hochgeschwindigkeitsformung f\u00fcr industrielle Aufgaben aus.<\/p>","protected":false},"featured_media":9052,"template":"","meta":{"_kad_post_transparent":"default","_kad_post_title":"","_kad_post_layout":"default","_kad_post_sidebar_id":"","_kad_post_content_style":"default","_kad_post_vertical_padding":"default","_kad_post_feature":"","_kad_post_feature_position":"","_kad_post_header":false,"_kad_post_footer":false},"product_brand":[],"product_cat":[61],"product_tag":[998,1043,1042,1044,1046,1048,1045,1050,1047,1049],"class_list":{"0":"post-9050","1":"product","2":"type-product","3":"status-publish","4":"has-post-thumbnail","6":"product_cat-automatic-stirrup-bending-machine","7":"product_tag-automatic-rebar-bending-machine","8":"product_tag-automatic-rebar-stirrup-bending-and-cutting-machine","9":"product_tag-cnc-automatic-stirrup-bending-and-cutting-machine","10":"product_tag-cnc-stirrup-bending-machine","11":"product_tag-rebar-stirrup-making-machine","12":"product_tag-reinforcement-bar-stirrup-bender","13":"product_tag-steel-bar-stirrup-bender","14":"product_tag-stirrup-bender-for-construction-steel","15":"product_tag-stirrup-forming-machine","16":"product_tag-wire-stirrup-bending-equipment","18":"first","19":"instock","20":"featured","21":"shipping-taxable","22":"product-type-simple","23":"entry","24":"content-bg","25":"loop-entry"},"yoast_head":"<!-- This site is optimized with the Yoast SEO plugin v25.3.1 - https:\/\/yoast.com\/wordpress\/plugins\/seo\/ -->\n<title>Automatic Stirrup Bending Machine STWQ4-14B - HSY Construction Machinery<\/title>\n<meta name=\"description\" content=\"Automatic Stirrup Bending Machine STWQ4-14B bends 4\u201312mm coiled steel bars into stirrups. Stable, fast, and built for heavy-duty fabrication and global use.\" \/>\n<meta name=\"robots\" content=\"index, follow, max-snippet:-1, max-image-preview:large, max-video-preview:-1\" \/>\n<link rel=\"canonical\" href=\"https:\/\/www.hsymachinery.com\/de\/product\/automatische-bugelbiegemaschine-stwq4-14b\/\" \/>\n<meta property=\"og:locale\" content=\"de_DE\" \/>\n<meta property=\"og:type\" content=\"article\" \/>\n<meta property=\"og:title\" content=\"Automatic Stirrup Bending Machine STWQ4-14B - HSY Construction Machinery\" \/>\n<meta property=\"og:description\" content=\"Automatic Stirrup Bending Machine STWQ4-14B bends 4\u201312mm coiled steel bars into stirrups. Stable, fast, and built for heavy-duty fabrication and global use.\" \/>\n<meta property=\"og:url\" content=\"https:\/\/www.hsymachinery.com\/de\/product\/automatische-bugelbiegemaschine-stwq4-14b\/\" \/>\n<meta property=\"og:site_name\" content=\"HSY Construction Machinery\" \/>\n<meta property=\"article:modified_time\" content=\"2025-06-28T05:46:51+00:00\" \/>\n<meta property=\"og:image\" content=\"https:\/\/www.hsymachinery.com\/wp-content\/uploads\/2025\/06\/Automatic-Stirrup-Bending-Machine-STWQ4-14B.jpg\" \/>\n\t<meta property=\"og:image:width\" content=\"600\" \/>\n\t<meta property=\"og:image:height\" content=\"600\" \/>\n\t<meta property=\"og:image:type\" content=\"image\/jpeg\" \/>\n<meta name=\"twitter:card\" content=\"summary_large_image\" \/>\n<meta name=\"twitter:label1\" content=\"Gesch\u00e4tzte Lesezeit\" \/>\n\t<meta name=\"twitter:data1\" content=\"2\u00a0Minuten\" \/>\n<script type=\"application\/ld+json\" class=\"yoast-schema-graph\">{\"@context\":\"https:\/\/schema.org\",\"@graph\":[{\"@type\":\"WebPage\",\"@id\":\"https:\/\/www.hsymachinery.com\/product\/automatic-stirrup-bending-machine-stwq4-14b\/\",\"url\":\"https:\/\/www.hsymachinery.com\/product\/automatic-stirrup-bending-machine-stwq4-14b\/\",\"name\":\"Automatic Stirrup Bending Machine STWQ4-14B - HSY Construction Machinery\",\"isPartOf\":{\"@id\":\"https:\/\/www.hsymachinery.com\/#website\"},\"primaryImageOfPage\":{\"@id\":\"https:\/\/www.hsymachinery.com\/product\/automatic-stirrup-bending-machine-stwq4-14b\/#primaryimage\"},\"image\":{\"@id\":\"https:\/\/www.hsymachinery.com\/product\/automatic-stirrup-bending-machine-stwq4-14b\/#primaryimage\"},\"thumbnailUrl\":\"https:\/\/www.hsymachinery.com\/wp-content\/uploads\/2025\/06\/Automatic-Stirrup-Bending-Machine-STWQ4-14B.jpg\",\"datePublished\":\"2025-06-18T07:35:27+00:00\",\"dateModified\":\"2025-06-28T05:46:51+00:00\",\"description\":\"Automatic Stirrup Bending Machine STWQ4-14B bends 4\u201312mm coiled steel bars into stirrups. Stable, fast, and built for heavy-duty fabrication and global use.\",\"breadcrumb\":{\"@id\":\"https:\/\/www.hsymachinery.com\/product\/automatic-stirrup-bending-machine-stwq4-14b\/#breadcrumb\"},\"inLanguage\":\"de\",\"potentialAction\":[{\"@type\":\"ReadAction\",\"target\":[\"https:\/\/www.hsymachinery.com\/product\/automatic-stirrup-bending-machine-stwq4-14b\/\"]}]},{\"@type\":\"ImageObject\",\"inLanguage\":\"de\",\"@id\":\"https:\/\/www.hsymachinery.com\/product\/automatic-stirrup-bending-machine-stwq4-14b\/#primaryimage\",\"url\":\"https:\/\/www.hsymachinery.com\/wp-content\/uploads\/2025\/06\/Automatic-Stirrup-Bending-Machine-STWQ4-14B.jpg\",\"contentUrl\":\"https:\/\/www.hsymachinery.com\/wp-content\/uploads\/2025\/06\/Automatic-Stirrup-Bending-Machine-STWQ4-14B.jpg\",\"width\":600,\"height\":600},{\"@type\":\"BreadcrumbList\",\"@id\":\"https:\/\/www.hsymachinery.com\/product\/automatic-stirrup-bending-machine-stwq4-14b\/#breadcrumb\",\"itemListElement\":[{\"@type\":\"ListItem\",\"position\":1,\"name\":\"home\",\"item\":\"https:\/\/www.hsymachinery.com\/\"},{\"@type\":\"ListItem\",\"position\":2,\"name\":\"products\",\"item\":\"https:\/\/www.hsymachinery.com\/products\/\"},{\"@type\":\"ListItem\",\"position\":3,\"name\":\"Automatic Stirrup Bending Machine STWQ4-14B\"}]},{\"@type\":\"WebSite\",\"@id\":\"https:\/\/www.hsymachinery.com\/#website\",\"url\":\"https:\/\/www.hsymachinery.com\/\",\"name\":\"HSY Construction Machinery\",\"description\":\"HSY Machinery \u2013 A leading China construction machinery supplier, offering a wide range of light construction equipment. Our main products include Rebar Cutting Machine, Rebar Bending Machine, Rebar Stirrup Bending Machine, Rebar Arc Bending Machine, Rebar Straightening Machine, Five-Head Rebar Stirrup Bending Machine, Tamping Rammer, Plate Compactor, Concrete Cutter, Power Trowel, and other construction machinery. We are equipped with advanced CNC machines, and we enforce strict quality inspection standards along with comprehensive after-sales service. If you are interested in our products or services, we warmly welcome your inquiries via message.\",\"publisher\":{\"@id\":\"https:\/\/www.hsymachinery.com\/#organization\"},\"potentialAction\":[{\"@type\":\"SearchAction\",\"target\":{\"@type\":\"EntryPoint\",\"urlTemplate\":\"https:\/\/www.hsymachinery.com\/?s={search_term_string}\"},\"query-input\":{\"@type\":\"PropertyValueSpecification\",\"valueRequired\":true,\"valueName\":\"search_term_string\"}}],\"inLanguage\":\"de\"},{\"@type\":\"Organization\",\"@id\":\"https:\/\/www.hsymachinery.com\/#organization\",\"name\":\"HSY Construction Machinery\",\"url\":\"https:\/\/www.hsymachinery.com\/\",\"logo\":{\"@type\":\"ImageObject\",\"inLanguage\":\"de\",\"@id\":\"https:\/\/www.hsymachinery.com\/#\/schema\/logo\/image\/\",\"url\":\"https:\/\/www.hsymachinery.com\/wp-content\/uploads\/2025\/06\/cropped-HSY-machinery.png\",\"contentUrl\":\"https:\/\/www.hsymachinery.com\/wp-content\/uploads\/2025\/06\/cropped-HSY-machinery.png\",\"width\":600,\"height\":240,\"caption\":\"HSY Construction Machinery\"},\"image\":{\"@id\":\"https:\/\/www.hsymachinery.com\/#\/schema\/logo\/image\/\"}}]}<\/script>\n<!-- \/ Yoast SEO plugin. -->","yoast_head_json":{"title":"Automatische B\u00fcgelbiegemaschine STWQ4-14B - HSY Construction Machinery","description":"Die automatische B\u00fcgelbiegemaschine STWQ4-14B biegt 4-12 mm dicke gewickelte Stahlst\u00e4be zu B\u00fcgeln. Stabil, schnell und f\u00fcr die Schwerlastfertigung und den weltweiten Einsatz gebaut.","robots":{"index":"index","follow":"follow","max-snippet":"max-snippet:-1","max-image-preview":"max-image-preview:large","max-video-preview":"max-video-preview:-1"},"canonical":"https:\/\/www.hsymachinery.com\/de\/product\/automatische-bugelbiegemaschine-stwq4-14b\/","og_locale":"de_DE","og_type":"article","og_title":"Automatic Stirrup Bending Machine STWQ4-14B - HSY Construction Machinery","og_description":"Automatic Stirrup Bending Machine STWQ4-14B bends 4\u201312mm coiled steel bars into stirrups. Stable, fast, and built for heavy-duty fabrication and global use.","og_url":"https:\/\/www.hsymachinery.com\/de\/product\/automatische-bugelbiegemaschine-stwq4-14b\/","og_site_name":"HSY Construction Machinery","article_modified_time":"2025-06-28T05:46:51+00:00","og_image":[{"width":600,"height":600,"url":"https:\/\/www.hsymachinery.com\/wp-content\/uploads\/2025\/06\/Automatic-Stirrup-Bending-Machine-STWQ4-14B.jpg","type":"image\/jpeg"}],"twitter_card":"summary_large_image","twitter_misc":{"Gesch\u00e4tzte Lesezeit":"2\u00a0Minuten"},"schema":{"@context":"https:\/\/schema.org","@graph":[{"@type":"WebPage","@id":"https:\/\/www.hsymachinery.com\/product\/automatic-stirrup-bending-machine-stwq4-14b\/","url":"https:\/\/www.hsymachinery.com\/product\/automatic-stirrup-bending-machine-stwq4-14b\/","name":"Automatische B\u00fcgelbiegemaschine STWQ4-14B - HSY Construction Machinery","isPartOf":{"@id":"https:\/\/www.hsymachinery.com\/#website"},"primaryImageOfPage":{"@id":"https:\/\/www.hsymachinery.com\/product\/automatic-stirrup-bending-machine-stwq4-14b\/#primaryimage"},"image":{"@id":"https:\/\/www.hsymachinery.com\/product\/automatic-stirrup-bending-machine-stwq4-14b\/#primaryimage"},"thumbnailUrl":"https:\/\/www.hsymachinery.com\/wp-content\/uploads\/2025\/06\/Automatic-Stirrup-Bending-Machine-STWQ4-14B.jpg","datePublished":"2025-06-18T07:35:27+00:00","dateModified":"2025-06-28T05:46:51+00:00","description":"Die automatische B\u00fcgelbiegemaschine STWQ4-14B biegt 4-12 mm dicke gewickelte Stahlst\u00e4be zu B\u00fcgeln. Stabil, schnell und f\u00fcr die Schwerlastfertigung und den weltweiten Einsatz gebaut.","breadcrumb":{"@id":"https:\/\/www.hsymachinery.com\/product\/automatic-stirrup-bending-machine-stwq4-14b\/#breadcrumb"},"inLanguage":"de","potentialAction":[{"@type":"ReadAction","target":["https:\/\/www.hsymachinery.com\/product\/automatic-stirrup-bending-machine-stwq4-14b\/"]}]},{"@type":"ImageObject","inLanguage":"de","@id":"https:\/\/www.hsymachinery.com\/product\/automatic-stirrup-bending-machine-stwq4-14b\/#primaryimage","url":"https:\/\/www.hsymachinery.com\/wp-content\/uploads\/2025\/06\/Automatic-Stirrup-Bending-Machine-STWQ4-14B.jpg","contentUrl":"https:\/\/www.hsymachinery.com\/wp-content\/uploads\/2025\/06\/Automatic-Stirrup-Bending-Machine-STWQ4-14B.jpg","width":600,"height":600},{"@type":"BreadcrumbList","@id":"https:\/\/www.hsymachinery.com\/product\/automatic-stirrup-bending-machine-stwq4-14b\/#breadcrumb","itemListElement":[{"@type":"ListItem","position":1,"name":"home","item":"https:\/\/www.hsymachinery.com\/"},{"@type":"ListItem","position":2,"name":"products","item":"https:\/\/www.hsymachinery.com\/products\/"},{"@type":"ListItem","position":3,"name":"Automatic Stirrup Bending Machine STWQ4-14B"}]},{"@type":"WebSite","@id":"https:\/\/www.hsymachinery.com\/#website","url":"https:\/\/www.hsymachinery.com\/","name":"HSY Baumaschinen","description":"HSY Machinery - Ein f\u00fchrender chinesischer Lieferant von Baumaschinen, der eine breite Palette von leichten Baumaschinen anbietet. Zu unseren Hauptprodukten geh\u00f6ren Bewehrungsschneidemaschine, Bewehrungsbiegemaschine, Bewehrungsb\u00fcgel-Biegemaschine, Bewehrungsbogen-Biegemaschine, Bewehrungsrichtmaschine, F\u00fcnf-Kopf-Bewehrungsb\u00fcgel-Biegemaschine, Stampfhammer, Plattenverdichter, Betonschneider, Gl\u00e4ttmaschine und andere Baumaschinen. Wir sind mit fortschrittlichen CNC-Maschinen ausgestattet und verf\u00fcgen \u00fcber strenge Qualit\u00e4tskontrollstandards sowie einen umfassenden Kundendienst. Wenn Sie an unseren Produkten oder Dienstleistungen interessiert sind, freuen wir uns \u00fcber Ihre Anfrage per Nachricht.","publisher":{"@id":"https:\/\/www.hsymachinery.com\/#organization"},"potentialAction":[{"@type":"SearchAction","target":{"@type":"EntryPoint","urlTemplate":"https:\/\/www.hsymachinery.com\/?s={search_term_string}"},"query-input":{"@type":"PropertyValueSpecification","valueRequired":true,"valueName":"search_term_string"}}],"inLanguage":"de"},{"@type":"Organization","@id":"https:\/\/www.hsymachinery.com\/#organization","name":"HSY Baumaschinen","url":"https:\/\/www.hsymachinery.com\/","logo":{"@type":"ImageObject","inLanguage":"de","@id":"https:\/\/www.hsymachinery.com\/#\/schema\/logo\/image\/","url":"https:\/\/www.hsymachinery.com\/wp-content\/uploads\/2025\/06\/cropped-HSY-machinery.png","contentUrl":"https:\/\/www.hsymachinery.com\/wp-content\/uploads\/2025\/06\/cropped-HSY-machinery.png","width":600,"height":240,"caption":"HSY Construction Machinery"},"image":{"@id":"https:\/\/www.hsymachinery.com\/#\/schema\/logo\/image\/"}}]}},"_links":{"self":[{"href":"https:\/\/www.hsymachinery.com\/de\/wp-json\/wp\/v2\/product\/9050","targetHints":{"allow":["GET"]}}],"collection":[{"href":"https:\/\/www.hsymachinery.com\/de\/wp-json\/wp\/v2\/product"}],"about":[{"href":"https:\/\/www.hsymachinery.com\/de\/wp-json\/wp\/v2\/types\/product"}],"version-history":[{"count":3,"href":"https:\/\/www.hsymachinery.com\/de\/wp-json\/wp\/v2\/product\/9050\/revisions"}],"predecessor-version":[{"id":9482,"href":"https:\/\/www.hsymachinery.com\/de\/wp-json\/wp\/v2\/product\/9050\/revisions\/9482"}],"wp:featuredmedia":[{"embeddable":true,"href":"https:\/\/www.hsymachinery.com\/de\/wp-json\/wp\/v2\/media\/9052"}],"wp:attachment":[{"href":"https:\/\/www.hsymachinery.com\/de\/wp-json\/wp\/v2\/media?parent=9050"}],"wp:term":[{"taxonomy":"product_brand","embeddable":true,"href":"https:\/\/www.hsymachinery.com\/de\/wp-json\/wp\/v2\/product_brand?post=9050"},{"taxonomy":"product_cat","embeddable":true,"href":"https:\/\/www.hsymachinery.com\/de\/wp-json\/wp\/v2\/product_cat?post=9050"},{"taxonomy":"product_tag","embeddable":true,"href":"https:\/\/www.hsymachinery.com\/de\/wp-json\/wp\/v2\/product_tag?post=9050"}],"curies":[{"name":"wp","href":"https:\/\/api.w.org\/{rel}","templated":true}]}}