{"id":9023,"date":"2025-06-18T14:22:46","date_gmt":"2025-06-18T06:22:46","guid":{"rendered":"https:\/\/www.hsymachinery.com\/?post_type=product&#038;p=9023"},"modified":"2025-06-28T00:45:04","modified_gmt":"2025-06-27T16:45:04","slug":"bewehrungsrichtmaschine-gtf4-16a","status":"publish","type":"product","link":"https:\/\/www.hsymachinery.com\/de\/product\/bewehrungsrichtmaschine-gtf4-16a\/","title":{"rendered":"Bewehrungsrichtmaschine GTF4-16A"},"content":{"rendered":"<h2 data-start=\"139\" data-end=\"183\">Bewehrungsrichtmaschine GTF4-16A<\/h2>\n<h3 data-start=\"184\" data-end=\"321\">GTF4-16A Frequenzumrichter-gesteuerte Richtmaschine f\u00fcr 4-16 mm Betonstahl | Hochleistungs-Richtmaschine f\u00fcr Betonstahl mit variabler Frequenz<\/h3>\n<h3 data-start=\"328\" data-end=\"414\">Produkt\u00fcbersicht - Flexibles und leistungsstarkes Spulenrichten mit VFD-Technologie<\/h3>\n<p data-start=\"416\" data-end=\"761\">Die <strong data-start=\"420\" data-end=\"460\"><a href=\"https:\/\/www.hsymachinery.com\/de\/produkte\/bewehrungsrichtmaschine\/\" target=\"_blank\" rel=\"noopener\">Maschine zum Richten von Bewehrungsst\u00e4ben<\/a> GTF4-16A<\/strong> ist f\u00fcr das hocheffiziente Richten von gewickeltem Stabstahl von 4 mm bis 16 mm konzipiert und nutzt die Invertertechnologie (VFD), um eine pr\u00e4zise Geschwindigkeitssteuerung zu erm\u00f6glichen. Dieses Modell ist ideal f\u00fcr den Br\u00fcckenbau, Fertigteilwerke und die industrielle Stahlverarbeitung, wo Sie sowohl Leistung als auch Anpassungsf\u00e4higkeit ben\u00f6tigen.<\/p>\n<p data-start=\"763\" data-end=\"953\">Durch den Antrieb mit variabler Frequenz reduziert der GTF4-16A nicht nur den Energieverbrauch, sondern minimiert auch den Verschlei\u00df des mechanischen Systems, was zu einer l\u00e4ngeren Lebensdauer und einem reibungsloseren Betrieb f\u00fchrt.<\/p>\n<h3 data-start=\"960\" data-end=\"1030\">Hohes Drehmoment und einstellbare Geschwindigkeit durch variable Frequenzsteuerung<\/h3>\n<p data-start=\"1032\" data-end=\"1320\">Mit dem VFD-System der Maschine k\u00f6nnen Sie die Richtgeschwindigkeit in Echtzeit \u00e4ndern, je nach Materialart und Produktionsanforderungen. Egal, ob Sie mit weichem Kohlenstoffstahl oder hochfestem Betonstahl arbeiten, das einstellbare Rollensystem und die stabile Vorschubkraft sorgen f\u00fcr eine hervorragende Geradheit.<\/p>\n<p data-start=\"1322\" data-end=\"1521\">Sein mit Invertertechnologie verbesserter Kupferkernmotor liefert ein konstantes Drehmoment bei voller Kontrolle \u00fcber den Vorschubrhythmus - ideal sowohl f\u00fcr kleine Chargen als auch f\u00fcr den Dauerbetrieb.<\/p>\n<h3 data-start=\"1528\" data-end=\"1581\">Robuster Rahmen mit globaler Spannungskompatibilit\u00e4t<\/h3>\n<p data-start=\"1583\" data-end=\"1847\">Der GTF4-16A ist aus verst\u00e4rktem Stahl gefertigt und widersteht Vibrationen und mechanischer Erm\u00fcdung bei starker Beanspruchung. Die Maschine verf\u00fcgt \u00fcber ein platzsparendes Design mit Rollen f\u00fcr die Mobilit\u00e4t, so dass sie leicht an einem anderen Ort aufgestellt oder in eine Produktionslinie integriert werden kann.<\/p>\n<p data-start=\"1849\" data-end=\"1958\">Es ist vollst\u00e4ndig kompatibel mit 220V\/380V (50\/60Hz) Stromsystemen und unterst\u00fctzt den Export und den Einsatz vor Ort weltweit.<\/p>\n<h3 data-start=\"1965\" data-end=\"2023\">Hauptmerkmale der Stabstahlrichtmaschine GTF4-16A<\/h3>\n<ul data-start=\"2025\" data-end=\"2322\">\n<li data-start=\"2025\" data-end=\"2079\">\n<p data-start=\"2027\" data-end=\"2079\">Richtet Bewehrungsst\u00e4be von 4-16 mm mit hoher Genauigkeit<\/p>\n<\/li>\n<li data-start=\"2080\" data-end=\"2149\">\n<p data-start=\"2082\" data-end=\"2149\"><strong data-start=\"2082\" data-end=\"2118\">Steuerung mit variabler Frequenz (VFD)<\/strong> f\u00fcr einstellbare Arbeitsgeschwindigkeit<\/p>\n<\/li>\n<li data-start=\"2150\" data-end=\"2206\">\n<p data-start=\"2152\" data-end=\"2206\">Leistungsstarkes Drehmomentsystem und pr\u00e4zise ausgerichtete Rollen<\/p>\n<\/li>\n<li data-start=\"2207\" data-end=\"2265\">\n<p data-start=\"2209\" data-end=\"2265\">Konzipiert f\u00fcr den Einsatz in der Industrie, in Fertigteilwerken und im Export<\/p>\n<\/li>\n<li data-start=\"2266\" data-end=\"2322\">\n<p data-start=\"2268\" data-end=\"2322\">Unterst\u00fctzt globale Stromeinspeisung f\u00fcr flexiblen Einsatz<\/p>\n<\/li>\n<\/ul>\n<p><iframe title=\"Richtmaschine f\u00fcr Bewehrungsst\u00e4be. Betonstahl-Schneider. Maschine zum Schneiden von Bewehrungsst\u00e4ben. 1TP10Blechschneider 1TP10Blechschneidmaschine\" width=\"720\" height=\"405\" src=\"https:\/\/www.youtube.com\/embed\/7FKkySPeKVQ?feature=oembed\" frameborder=\"0\" allow=\"accelerometer; autoplay; clipboard-write; encrypted-media; gyroscope; picture-in-picture; web-share\" referrerpolicy=\"strict-origin-when-cross-origin\" allowfullscreen><\/iframe><\/p>","protected":false},"excerpt":{"rendered":"<p>GTF4-16A richtet Stahlstangen von 4-16 mm mit Inverter-Drehzahlregelung. Perfekt f\u00fcr den industriellen Einsatz, kombiniert sie schwere Leistung mit variablem Frequenzantrieb f\u00fcr flexiblen Betrieb.<\/p>","protected":false},"featured_media":9024,"template":"","meta":{"_kad_post_transparent":"default","_kad_post_title":"","_kad_post_layout":"default","_kad_post_sidebar_id":"","_kad_post_content_style":"default","_kad_post_vertical_padding":"default","_kad_post_feature":"","_kad_post_feature_position":"","_kad_post_header":false,"_kad_post_footer":false},"product_brand":[],"product_cat":[62],"product_tag":[1026,1028,1030,1031,1034,1027,1032,1025,1029,1033],"class_list":{"0":"post-9023","1":"product","2":"type-product","3":"status-publish","4":"has-post-thumbnail","6":"product_cat-rebar-straightening-machine","7":"product_tag-automatic-rebar-straightener","8":"product_tag-cnc-rebar-straightening-equipment","9":"product_tag-coiled-rebar-straightening-machine","10":"product_tag-construction-bar-straightening-machine","11":"product_tag-high-speed-rebar-straightening-tool","12":"product_tag-hydraulic-rebar-straightening-machine","13":"product_tag-rebar-leveling-and-cutting-machine","14":"product_tag-steel-bar-straightening-machine","15":"product_tag-steel-wire-straightener-and-cutter","16":"product_tag-straightening-machine-for-steel-rods","18":"first","19":"instock","20":"shipping-taxable","21":"product-type-simple","22":"entry","23":"content-bg","24":"loop-entry"},"yoast_head":"<!-- This site is optimized with the Yoast SEO plugin v25.3.1 - https:\/\/yoast.com\/wordpress\/plugins\/seo\/ -->\n<title>Rebar Straightening Machine GTF4-16A - HSY Construction Machinery<\/title>\n<meta name=\"description\" content=\"Rebar Straightening Machine GTF4-16A processes 4\u201316mm coil bars with VFD control. Ideal for high-efficiency industrial use and global export compatibility.\" \/>\n<meta name=\"robots\" content=\"index, follow, max-snippet:-1, max-image-preview:large, max-video-preview:-1\" \/>\n<link rel=\"canonical\" href=\"https:\/\/www.hsymachinery.com\/de\/product\/bewehrungsrichtmaschine-gtf4-16a\/\" \/>\n<meta property=\"og:locale\" content=\"de_DE\" \/>\n<meta property=\"og:type\" content=\"article\" \/>\n<meta property=\"og:title\" content=\"Rebar Straightening Machine GTF4-16A - HSY Construction Machinery\" \/>\n<meta property=\"og:description\" content=\"Rebar Straightening Machine GTF4-16A processes 4\u201316mm coil bars with VFD control. Ideal for high-efficiency industrial use and global export compatibility.\" \/>\n<meta property=\"og:url\" content=\"https:\/\/www.hsymachinery.com\/de\/product\/bewehrungsrichtmaschine-gtf4-16a\/\" \/>\n<meta property=\"og:site_name\" content=\"HSY Construction Machinery\" \/>\n<meta property=\"article:modified_time\" content=\"2025-06-27T16:45:04+00:00\" \/>\n<meta property=\"og:image\" content=\"https:\/\/www.hsymachinery.com\/wp-content\/uploads\/2025\/06\/Rebar-Straightening-Machine-GTF4-16A.jpg\" \/>\n\t<meta property=\"og:image:width\" content=\"600\" \/>\n\t<meta property=\"og:image:height\" content=\"600\" \/>\n\t<meta property=\"og:image:type\" content=\"image\/jpeg\" \/>\n<meta name=\"twitter:card\" content=\"summary_large_image\" \/>\n<meta name=\"twitter:label1\" content=\"Gesch\u00e4tzte Lesezeit\" \/>\n\t<meta name=\"twitter:data1\" content=\"2\u00a0Minuten\" \/>\n<script type=\"application\/ld+json\" class=\"yoast-schema-graph\">{\"@context\":\"https:\/\/schema.org\",\"@graph\":[{\"@type\":\"WebPage\",\"@id\":\"https:\/\/www.hsymachinery.com\/product\/rebar-straightening-machine-gtf4-16a\/\",\"url\":\"https:\/\/www.hsymachinery.com\/product\/rebar-straightening-machine-gtf4-16a\/\",\"name\":\"Rebar Straightening Machine GTF4-16A - HSY Construction Machinery\",\"isPartOf\":{\"@id\":\"https:\/\/www.hsymachinery.com\/#website\"},\"primaryImageOfPage\":{\"@id\":\"https:\/\/www.hsymachinery.com\/product\/rebar-straightening-machine-gtf4-16a\/#primaryimage\"},\"image\":{\"@id\":\"https:\/\/www.hsymachinery.com\/product\/rebar-straightening-machine-gtf4-16a\/#primaryimage\"},\"thumbnailUrl\":\"https:\/\/www.hsymachinery.com\/wp-content\/uploads\/2025\/06\/Rebar-Straightening-Machine-GTF4-16A.jpg\",\"datePublished\":\"2025-06-18T06:22:46+00:00\",\"dateModified\":\"2025-06-27T16:45:04+00:00\",\"description\":\"Rebar Straightening Machine GTF4-16A processes 4\u201316mm coil bars with VFD control. Ideal for high-efficiency industrial use and global export compatibility.\",\"breadcrumb\":{\"@id\":\"https:\/\/www.hsymachinery.com\/product\/rebar-straightening-machine-gtf4-16a\/#breadcrumb\"},\"inLanguage\":\"de\",\"potentialAction\":[{\"@type\":\"ReadAction\",\"target\":[\"https:\/\/www.hsymachinery.com\/product\/rebar-straightening-machine-gtf4-16a\/\"]}]},{\"@type\":\"ImageObject\",\"inLanguage\":\"de\",\"@id\":\"https:\/\/www.hsymachinery.com\/product\/rebar-straightening-machine-gtf4-16a\/#primaryimage\",\"url\":\"https:\/\/www.hsymachinery.com\/wp-content\/uploads\/2025\/06\/Rebar-Straightening-Machine-GTF4-16A.jpg\",\"contentUrl\":\"https:\/\/www.hsymachinery.com\/wp-content\/uploads\/2025\/06\/Rebar-Straightening-Machine-GTF4-16A.jpg\",\"width\":600,\"height\":600},{\"@type\":\"BreadcrumbList\",\"@id\":\"https:\/\/www.hsymachinery.com\/product\/rebar-straightening-machine-gtf4-16a\/#breadcrumb\",\"itemListElement\":[{\"@type\":\"ListItem\",\"position\":1,\"name\":\"home\",\"item\":\"https:\/\/www.hsymachinery.com\/\"},{\"@type\":\"ListItem\",\"position\":2,\"name\":\"products\",\"item\":\"https:\/\/www.hsymachinery.com\/products\/\"},{\"@type\":\"ListItem\",\"position\":3,\"name\":\"Rebar Straightening Machine GTF4-16A\"}]},{\"@type\":\"WebSite\",\"@id\":\"https:\/\/www.hsymachinery.com\/#website\",\"url\":\"https:\/\/www.hsymachinery.com\/\",\"name\":\"HSY Construction Machinery\",\"description\":\"HSY Machinery \u2013 A leading China construction machinery supplier, offering a wide range of light construction equipment. Our main products include Rebar Cutting Machine, Rebar Bending Machine, Rebar Stirrup Bending Machine, Rebar Arc Bending Machine, Rebar Straightening Machine, Five-Head Rebar Stirrup Bending Machine, Tamping Rammer, Plate Compactor, Concrete Cutter, Power Trowel, and other construction machinery. We are equipped with advanced CNC machines, and we enforce strict quality inspection standards along with comprehensive after-sales service. If you are interested in our products or services, we warmly welcome your inquiries via message.\",\"publisher\":{\"@id\":\"https:\/\/www.hsymachinery.com\/#organization\"},\"potentialAction\":[{\"@type\":\"SearchAction\",\"target\":{\"@type\":\"EntryPoint\",\"urlTemplate\":\"https:\/\/www.hsymachinery.com\/?s={search_term_string}\"},\"query-input\":{\"@type\":\"PropertyValueSpecification\",\"valueRequired\":true,\"valueName\":\"search_term_string\"}}],\"inLanguage\":\"de\"},{\"@type\":\"Organization\",\"@id\":\"https:\/\/www.hsymachinery.com\/#organization\",\"name\":\"HSY Construction Machinery\",\"url\":\"https:\/\/www.hsymachinery.com\/\",\"logo\":{\"@type\":\"ImageObject\",\"inLanguage\":\"de\",\"@id\":\"https:\/\/www.hsymachinery.com\/#\/schema\/logo\/image\/\",\"url\":\"https:\/\/www.hsymachinery.com\/wp-content\/uploads\/2025\/06\/cropped-HSY-machinery.png\",\"contentUrl\":\"https:\/\/www.hsymachinery.com\/wp-content\/uploads\/2025\/06\/cropped-HSY-machinery.png\",\"width\":600,\"height\":240,\"caption\":\"HSY Construction Machinery\"},\"image\":{\"@id\":\"https:\/\/www.hsymachinery.com\/#\/schema\/logo\/image\/\"}}]}<\/script>\n<!-- \/ Yoast SEO plugin. -->","yoast_head_json":{"title":"Bewehrungsrichtmaschine GTF4-16A - HSY Baumaschinen","description":"Die Bewehrungsrichtmaschine GTF4-16A verarbeitet 4-16 mm starke Coils mit VFD-Steuerung. Ideal f\u00fcr hocheffizienten industriellen Einsatz und weltweite Exportkompatibilit\u00e4t.","robots":{"index":"index","follow":"follow","max-snippet":"max-snippet:-1","max-image-preview":"max-image-preview:large","max-video-preview":"max-video-preview:-1"},"canonical":"https:\/\/www.hsymachinery.com\/de\/product\/bewehrungsrichtmaschine-gtf4-16a\/","og_locale":"de_DE","og_type":"article","og_title":"Rebar Straightening Machine GTF4-16A - HSY Construction Machinery","og_description":"Rebar Straightening Machine GTF4-16A processes 4\u201316mm coil bars with VFD control. Ideal for high-efficiency industrial use and global export compatibility.","og_url":"https:\/\/www.hsymachinery.com\/de\/product\/bewehrungsrichtmaschine-gtf4-16a\/","og_site_name":"HSY Construction Machinery","article_modified_time":"2025-06-27T16:45:04+00:00","og_image":[{"width":600,"height":600,"url":"https:\/\/www.hsymachinery.com\/wp-content\/uploads\/2025\/06\/Rebar-Straightening-Machine-GTF4-16A.jpg","type":"image\/jpeg"}],"twitter_card":"summary_large_image","twitter_misc":{"Gesch\u00e4tzte Lesezeit":"2\u00a0Minuten"},"schema":{"@context":"https:\/\/schema.org","@graph":[{"@type":"WebPage","@id":"https:\/\/www.hsymachinery.com\/product\/rebar-straightening-machine-gtf4-16a\/","url":"https:\/\/www.hsymachinery.com\/product\/rebar-straightening-machine-gtf4-16a\/","name":"Bewehrungsrichtmaschine GTF4-16A - HSY Baumaschinen","isPartOf":{"@id":"https:\/\/www.hsymachinery.com\/#website"},"primaryImageOfPage":{"@id":"https:\/\/www.hsymachinery.com\/product\/rebar-straightening-machine-gtf4-16a\/#primaryimage"},"image":{"@id":"https:\/\/www.hsymachinery.com\/product\/rebar-straightening-machine-gtf4-16a\/#primaryimage"},"thumbnailUrl":"https:\/\/www.hsymachinery.com\/wp-content\/uploads\/2025\/06\/Rebar-Straightening-Machine-GTF4-16A.jpg","datePublished":"2025-06-18T06:22:46+00:00","dateModified":"2025-06-27T16:45:04+00:00","description":"Die Bewehrungsrichtmaschine GTF4-16A verarbeitet 4-16 mm starke Coils mit VFD-Steuerung. Ideal f\u00fcr hocheffizienten industriellen Einsatz und weltweite Exportkompatibilit\u00e4t.","breadcrumb":{"@id":"https:\/\/www.hsymachinery.com\/product\/rebar-straightening-machine-gtf4-16a\/#breadcrumb"},"inLanguage":"de","potentialAction":[{"@type":"ReadAction","target":["https:\/\/www.hsymachinery.com\/product\/rebar-straightening-machine-gtf4-16a\/"]}]},{"@type":"ImageObject","inLanguage":"de","@id":"https:\/\/www.hsymachinery.com\/product\/rebar-straightening-machine-gtf4-16a\/#primaryimage","url":"https:\/\/www.hsymachinery.com\/wp-content\/uploads\/2025\/06\/Rebar-Straightening-Machine-GTF4-16A.jpg","contentUrl":"https:\/\/www.hsymachinery.com\/wp-content\/uploads\/2025\/06\/Rebar-Straightening-Machine-GTF4-16A.jpg","width":600,"height":600},{"@type":"BreadcrumbList","@id":"https:\/\/www.hsymachinery.com\/product\/rebar-straightening-machine-gtf4-16a\/#breadcrumb","itemListElement":[{"@type":"ListItem","position":1,"name":"home","item":"https:\/\/www.hsymachinery.com\/"},{"@type":"ListItem","position":2,"name":"products","item":"https:\/\/www.hsymachinery.com\/products\/"},{"@type":"ListItem","position":3,"name":"Rebar Straightening Machine GTF4-16A"}]},{"@type":"WebSite","@id":"https:\/\/www.hsymachinery.com\/#website","url":"https:\/\/www.hsymachinery.com\/","name":"HSY Baumaschinen","description":"HSY Machinery - Ein f\u00fchrender chinesischer Lieferant von Baumaschinen, der eine breite Palette von leichten Baumaschinen anbietet. Zu unseren Hauptprodukten geh\u00f6ren Bewehrungsschneidemaschine, Bewehrungsbiegemaschine, Bewehrungsb\u00fcgel-Biegemaschine, Bewehrungsbogen-Biegemaschine, Bewehrungsrichtmaschine, F\u00fcnf-Kopf-Bewehrungsb\u00fcgel-Biegemaschine, Stampfhammer, Plattenverdichter, Betonschneider, Gl\u00e4ttmaschine und andere Baumaschinen. Wir sind mit fortschrittlichen CNC-Maschinen ausgestattet und verf\u00fcgen \u00fcber strenge Qualit\u00e4tskontrollstandards sowie einen umfassenden Kundendienst. Wenn Sie an unseren Produkten oder Dienstleistungen interessiert sind, freuen wir uns \u00fcber Ihre Anfrage per Nachricht.","publisher":{"@id":"https:\/\/www.hsymachinery.com\/#organization"},"potentialAction":[{"@type":"SearchAction","target":{"@type":"EntryPoint","urlTemplate":"https:\/\/www.hsymachinery.com\/?s={search_term_string}"},"query-input":{"@type":"PropertyValueSpecification","valueRequired":true,"valueName":"search_term_string"}}],"inLanguage":"de"},{"@type":"Organization","@id":"https:\/\/www.hsymachinery.com\/#organization","name":"HSY Baumaschinen","url":"https:\/\/www.hsymachinery.com\/","logo":{"@type":"ImageObject","inLanguage":"de","@id":"https:\/\/www.hsymachinery.com\/#\/schema\/logo\/image\/","url":"https:\/\/www.hsymachinery.com\/wp-content\/uploads\/2025\/06\/cropped-HSY-machinery.png","contentUrl":"https:\/\/www.hsymachinery.com\/wp-content\/uploads\/2025\/06\/cropped-HSY-machinery.png","width":600,"height":240,"caption":"HSY Construction Machinery"},"image":{"@id":"https:\/\/www.hsymachinery.com\/#\/schema\/logo\/image\/"}}]}},"_links":{"self":[{"href":"https:\/\/www.hsymachinery.com\/de\/wp-json\/wp\/v2\/product\/9023","targetHints":{"allow":["GET"]}}],"collection":[{"href":"https:\/\/www.hsymachinery.com\/de\/wp-json\/wp\/v2\/product"}],"about":[{"href":"https:\/\/www.hsymachinery.com\/de\/wp-json\/wp\/v2\/types\/product"}],"version-history":[{"count":3,"href":"https:\/\/www.hsymachinery.com\/de\/wp-json\/wp\/v2\/product\/9023\/revisions"}],"predecessor-version":[{"id":9447,"href":"https:\/\/www.hsymachinery.com\/de\/wp-json\/wp\/v2\/product\/9023\/revisions\/9447"}],"wp:featuredmedia":[{"embeddable":true,"href":"https:\/\/www.hsymachinery.com\/de\/wp-json\/wp\/v2\/media\/9024"}],"wp:attachment":[{"href":"https:\/\/www.hsymachinery.com\/de\/wp-json\/wp\/v2\/media?parent=9023"}],"wp:term":[{"taxonomy":"product_brand","embeddable":true,"href":"https:\/\/www.hsymachinery.com\/de\/wp-json\/wp\/v2\/product_brand?post=9023"},{"taxonomy":"product_cat","embeddable":true,"href":"https:\/\/www.hsymachinery.com\/de\/wp-json\/wp\/v2\/product_cat?post=9023"},{"taxonomy":"product_tag","embeddable":true,"href":"https:\/\/www.hsymachinery.com\/de\/wp-json\/wp\/v2\/product_tag?post=9023"}],"curies":[{"name":"wp","href":"https:\/\/api.w.org\/{rel}","templated":true}]}}