{"id":9020,"date":"2025-06-18T14:21:32","date_gmt":"2025-06-18T06:21:32","guid":{"rendered":"https:\/\/www.hsymachinery.com\/?post_type=product&#038;p=9020"},"modified":"2025-06-28T00:40:55","modified_gmt":"2025-06-27T16:40:55","slug":"bewehrungsrichtmaschine-gtf4-14","status":"publish","type":"product","link":"https:\/\/www.hsymachinery.com\/de\/product\/bewehrungsrichtmaschine-gtf4-14\/","title":{"rendered":"Bewehrungsrichtmaschine GTF4-14"},"content":{"rendered":"<h2 data-start=\"171\" data-end=\"214\">Bewehrungsrichtmaschine GTF4-14<\/h2>\n<h3 data-start=\"215\" data-end=\"348\">GTF4-14 Bewehrungsrichtmaschine mit variabler Frequenz f\u00fcr 4-14mm Stahlstangen | Hochgeschwindigkeits-Spulenrichtmaschine mit Invertersteuerung<\/h3>\n<h3 data-start=\"355\" data-end=\"432\">Produkt\u00fcbersicht - Intelligentes Richten mit variabler Frequenzsteuerung<\/h3>\n<p data-start=\"434\" data-end=\"843\">Die <strong data-start=\"438\" data-end=\"477\"><a href=\"https:\/\/www.hsymachinery.com\/de\/produkte\/bewehrungsrichtmaschine\/\" target=\"_blank\" rel=\"noopener\">Maschine zum Richten von Bewehrungsst\u00e4ben<\/a> GTF4-14<\/strong> kombiniert eine hohe Leistung mit einer fortschrittlichen variablen Frequenzsteuerung, die es dem Benutzer erm\u00f6glicht, 4 mm bis 14 mm dicke gewickelte Stahlst\u00e4be mit Pr\u00e4zision und Energieeffizienz zu richten. Dieses Modell eignet sich gut f\u00fcr Gro\u00dfbaustellen, Betonstahlverarbeitungszentren und Fertigteilproduktionslinien, wo flexible Geschwindigkeit und zuverl\u00e4ssige Leistung entscheidend sind.<\/p>\n<p data-start=\"845\" data-end=\"977\">Durch die Integration der Umrichtertechnologie bietet er eine einstellbare Drehzahlregelung und eine geringere Belastung des Motors w\u00e4hrend des Anlaufs und des Betriebs.<\/p>\n<h3 data-start=\"984\" data-end=\"1040\">Umrichtergesteuerte Geschwindigkeit mit hohem Drehmoment<\/h3>\n<p data-start=\"1042\" data-end=\"1299\">Der GTF4-14 ist mit einem frequenzgeregelten Antrieb (VFD) ausgestattet, der eine gleichm\u00e4\u00dfige Steuerung der Richtgeschwindigkeit erm\u00f6glicht. Der Bediener kann die Vorschubgeschwindigkeit in Echtzeit an die verschiedenen Stangentypen anpassen und so die Produktionseffizienz verbessern und gleichzeitig den Verschlei\u00df der Komponenten minimieren.<\/p>\n<p data-start=\"1301\" data-end=\"1559\">Das Pr\u00e4zisionsrollensystem sorgt daf\u00fcr, dass jede Stange gerade und gleichm\u00e4\u00dfig austritt. Der drehmomentstarke Motor liefert in Verbindung mit dem Umrichter auch bei hoher Arbeitsbelastung eine stabile Zugkraft, so dass die Maschine sowohl f\u00fcr Baustahl als auch f\u00fcr hochfesten Stahl geeignet ist.<\/p>\n<h3 data-start=\"1566\" data-end=\"1616\">Robuster Rahmen und globale Leistungskompatibilit\u00e4t<\/h3>\n<p data-start=\"1618\" data-end=\"1886\">Der robuste Stahlrahmen absorbiert Vibrationen im Dauerbetrieb und sorgt f\u00fcr eine lange Lebensdauer und gleichm\u00e4\u00dfige Leistung. Trotz seiner robusten Bauweise hat der GTF4-14 ein kompaktes Layout, das sich f\u00fcr die Installation in engen Werkst\u00e4tten oder mobilen Feldaufbauten eignet.<\/p>\n<p data-start=\"1888\" data-end=\"1994\">Er unterst\u00fctzt zwei Spannungen (220V\/380V, 50Hz\/60Hz) und ist damit f\u00fcr den Export in verschiedene globale M\u00e4rkte geeignet.<\/p>\n<h3 data-start=\"2001\" data-end=\"2058\">Wesentliche Merkmale der Stabstahlrichtmaschine GTF4-14<\/h3>\n<ul data-start=\"2060\" data-end=\"2350\">\n<li data-start=\"2060\" data-end=\"2120\">\n<p data-start=\"2062\" data-end=\"2120\">Richtet 4-14mm gewickelte Stahlst\u00e4be mit hoher Pr\u00e4zision<\/p>\n<\/li>\n<li data-start=\"2121\" data-end=\"2186\">\n<p data-start=\"2123\" data-end=\"2186\">Eigenschaften <strong data-start=\"2132\" data-end=\"2166\">Antrieb mit variabler Frequenz (VFD)<\/strong> f\u00fcr Geschwindigkeitskontrolle<\/p>\n<\/li>\n<li data-start=\"2187\" data-end=\"2248\">\n<p data-start=\"2189\" data-end=\"2248\">Ideal f\u00fcr die industrielle und exportorientierte Verarbeitung von Betonstahl<\/p>\n<\/li>\n<li data-start=\"2249\" data-end=\"2304\">\n<p data-start=\"2251\" data-end=\"2304\">Starkes Traktionssystem und einstellbare Rollenanordnung<\/p>\n<\/li>\n<li data-start=\"2305\" data-end=\"2350\">\n<p data-start=\"2307\" data-end=\"2350\">Kompaktes, langlebiges und exporttaugliches Design<\/p>\n<\/li>\n<\/ul>\n<p><iframe title=\"Richtmaschine f\u00fcr Bewehrungsst\u00e4be. Betonstahl-Schneider. Maschine zum Schneiden von Bewehrungsst\u00e4ben. 1TP10Blechschneider 1TP10Blechschneidmaschine\" width=\"720\" height=\"405\" src=\"https:\/\/www.youtube.com\/embed\/7FKkySPeKVQ?feature=oembed\" frameborder=\"0\" allow=\"accelerometer; autoplay; clipboard-write; encrypted-media; gyroscope; picture-in-picture; web-share\" referrerpolicy=\"strict-origin-when-cross-origin\" allowfullscreen><\/iframe><\/p>","protected":false},"excerpt":{"rendered":"<p>Die GTF4-14 Bewehrungsrichtmaschine richtet 4-14 mm dicke Coils mit invertergesteuerter Geschwindigkeit. Gebaut f\u00fcr hocheffiziente Leistung im Bau- und Vorfertigungssektor.<\/p>","protected":false},"featured_media":9021,"template":"","meta":{"_kad_post_transparent":"default","_kad_post_title":"","_kad_post_layout":"default","_kad_post_sidebar_id":"","_kad_post_content_style":"default","_kad_post_vertical_padding":"default","_kad_post_feature":"","_kad_post_feature_position":"","_kad_post_header":false,"_kad_post_footer":false},"product_brand":[],"product_cat":[62],"product_tag":[1026,1028,1030,1031,1034,1027,1032,1025,1029,1033],"class_list":{"0":"post-9020","1":"product","2":"type-product","3":"status-publish","4":"has-post-thumbnail","6":"product_cat-rebar-straightening-machine","7":"product_tag-automatic-rebar-straightener","8":"product_tag-cnc-rebar-straightening-equipment","9":"product_tag-coiled-rebar-straightening-machine","10":"product_tag-construction-bar-straightening-machine","11":"product_tag-high-speed-rebar-straightening-tool","12":"product_tag-hydraulic-rebar-straightening-machine","13":"product_tag-rebar-leveling-and-cutting-machine","14":"product_tag-steel-bar-straightening-machine","15":"product_tag-steel-wire-straightener-and-cutter","16":"product_tag-straightening-machine-for-steel-rods","18":"first","19":"instock","20":"featured","21":"shipping-taxable","22":"product-type-simple","23":"entry","24":"content-bg","25":"loop-entry"},"yoast_head":"<!-- This site is optimized with the Yoast SEO plugin v25.3.1 - https:\/\/yoast.com\/wordpress\/plugins\/seo\/ -->\n<title>Rebar Straightening Machine GTF4-14 - HSY Construction Machinery<\/title>\n<meta name=\"description\" content=\"Rebar Straightening Machine GTF4-14 with variable frequency control straightens 4\u201314mm bars. Ideal for industrial use with inverter technology and global voltage support.\" \/>\n<meta name=\"robots\" content=\"index, follow, max-snippet:-1, max-image-preview:large, max-video-preview:-1\" \/>\n<link rel=\"canonical\" href=\"https:\/\/www.hsymachinery.com\/de\/product\/bewehrungsrichtmaschine-gtf4-14\/\" \/>\n<meta property=\"og:locale\" content=\"de_DE\" \/>\n<meta property=\"og:type\" content=\"article\" \/>\n<meta property=\"og:title\" content=\"Rebar Straightening Machine GTF4-14 - HSY Construction Machinery\" \/>\n<meta property=\"og:description\" content=\"Rebar Straightening Machine GTF4-14 with variable frequency control straightens 4\u201314mm bars. Ideal for industrial use with inverter technology and global voltage support.\" \/>\n<meta property=\"og:url\" content=\"https:\/\/www.hsymachinery.com\/de\/product\/bewehrungsrichtmaschine-gtf4-14\/\" \/>\n<meta property=\"og:site_name\" content=\"HSY Construction Machinery\" \/>\n<meta property=\"article:modified_time\" content=\"2025-06-27T16:40:55+00:00\" \/>\n<meta property=\"og:image\" content=\"https:\/\/www.hsymachinery.com\/wp-content\/uploads\/2025\/06\/Rebar-Straightening-Machine-GTF4-14.jpg\" \/>\n\t<meta property=\"og:image:width\" content=\"600\" \/>\n\t<meta property=\"og:image:height\" content=\"600\" \/>\n\t<meta property=\"og:image:type\" content=\"image\/jpeg\" \/>\n<meta name=\"twitter:card\" content=\"summary_large_image\" \/>\n<meta name=\"twitter:label1\" content=\"Gesch\u00e4tzte Lesezeit\" \/>\n\t<meta name=\"twitter:data1\" content=\"2\u00a0Minuten\" \/>\n<script type=\"application\/ld+json\" class=\"yoast-schema-graph\">{\"@context\":\"https:\/\/schema.org\",\"@graph\":[{\"@type\":\"WebPage\",\"@id\":\"https:\/\/www.hsymachinery.com\/product\/rebar-straightening-machine-gtf4-14\/\",\"url\":\"https:\/\/www.hsymachinery.com\/product\/rebar-straightening-machine-gtf4-14\/\",\"name\":\"Rebar Straightening Machine GTF4-14 - HSY Construction Machinery\",\"isPartOf\":{\"@id\":\"https:\/\/www.hsymachinery.com\/#website\"},\"primaryImageOfPage\":{\"@id\":\"https:\/\/www.hsymachinery.com\/product\/rebar-straightening-machine-gtf4-14\/#primaryimage\"},\"image\":{\"@id\":\"https:\/\/www.hsymachinery.com\/product\/rebar-straightening-machine-gtf4-14\/#primaryimage\"},\"thumbnailUrl\":\"https:\/\/www.hsymachinery.com\/wp-content\/uploads\/2025\/06\/Rebar-Straightening-Machine-GTF4-14.jpg\",\"datePublished\":\"2025-06-18T06:21:32+00:00\",\"dateModified\":\"2025-06-27T16:40:55+00:00\",\"description\":\"Rebar Straightening Machine GTF4-14 with variable frequency control straightens 4\u201314mm bars. Ideal for industrial use with inverter technology and global voltage support.\",\"breadcrumb\":{\"@id\":\"https:\/\/www.hsymachinery.com\/product\/rebar-straightening-machine-gtf4-14\/#breadcrumb\"},\"inLanguage\":\"de\",\"potentialAction\":[{\"@type\":\"ReadAction\",\"target\":[\"https:\/\/www.hsymachinery.com\/product\/rebar-straightening-machine-gtf4-14\/\"]}]},{\"@type\":\"ImageObject\",\"inLanguage\":\"de\",\"@id\":\"https:\/\/www.hsymachinery.com\/product\/rebar-straightening-machine-gtf4-14\/#primaryimage\",\"url\":\"https:\/\/www.hsymachinery.com\/wp-content\/uploads\/2025\/06\/Rebar-Straightening-Machine-GTF4-14.jpg\",\"contentUrl\":\"https:\/\/www.hsymachinery.com\/wp-content\/uploads\/2025\/06\/Rebar-Straightening-Machine-GTF4-14.jpg\",\"width\":600,\"height\":600},{\"@type\":\"BreadcrumbList\",\"@id\":\"https:\/\/www.hsymachinery.com\/product\/rebar-straightening-machine-gtf4-14\/#breadcrumb\",\"itemListElement\":[{\"@type\":\"ListItem\",\"position\":1,\"name\":\"home\",\"item\":\"https:\/\/www.hsymachinery.com\/\"},{\"@type\":\"ListItem\",\"position\":2,\"name\":\"products\",\"item\":\"https:\/\/www.hsymachinery.com\/products\/\"},{\"@type\":\"ListItem\",\"position\":3,\"name\":\"Rebar Straightening Machine GTF4-14\"}]},{\"@type\":\"WebSite\",\"@id\":\"https:\/\/www.hsymachinery.com\/#website\",\"url\":\"https:\/\/www.hsymachinery.com\/\",\"name\":\"HSY Construction Machinery\",\"description\":\"HSY Machinery \u2013 A leading China construction machinery supplier, offering a wide range of light construction equipment. Our main products include Rebar Cutting Machine, Rebar Bending Machine, Rebar Stirrup Bending Machine, Rebar Arc Bending Machine, Rebar Straightening Machine, Five-Head Rebar Stirrup Bending Machine, Tamping Rammer, Plate Compactor, Concrete Cutter, Power Trowel, and other construction machinery. We are equipped with advanced CNC machines, and we enforce strict quality inspection standards along with comprehensive after-sales service. If you are interested in our products or services, we warmly welcome your inquiries via message.\",\"publisher\":{\"@id\":\"https:\/\/www.hsymachinery.com\/#organization\"},\"potentialAction\":[{\"@type\":\"SearchAction\",\"target\":{\"@type\":\"EntryPoint\",\"urlTemplate\":\"https:\/\/www.hsymachinery.com\/?s={search_term_string}\"},\"query-input\":{\"@type\":\"PropertyValueSpecification\",\"valueRequired\":true,\"valueName\":\"search_term_string\"}}],\"inLanguage\":\"de\"},{\"@type\":\"Organization\",\"@id\":\"https:\/\/www.hsymachinery.com\/#organization\",\"name\":\"HSY Construction Machinery\",\"url\":\"https:\/\/www.hsymachinery.com\/\",\"logo\":{\"@type\":\"ImageObject\",\"inLanguage\":\"de\",\"@id\":\"https:\/\/www.hsymachinery.com\/#\/schema\/logo\/image\/\",\"url\":\"https:\/\/www.hsymachinery.com\/wp-content\/uploads\/2025\/06\/cropped-HSY-machinery.png\",\"contentUrl\":\"https:\/\/www.hsymachinery.com\/wp-content\/uploads\/2025\/06\/cropped-HSY-machinery.png\",\"width\":600,\"height\":240,\"caption\":\"HSY Construction Machinery\"},\"image\":{\"@id\":\"https:\/\/www.hsymachinery.com\/#\/schema\/logo\/image\/\"}}]}<\/script>\n<!-- \/ Yoast SEO plugin. -->","yoast_head_json":{"title":"Bewehrungsrichtmaschine GTF4-14 - HSY Baumaschinen","description":"Die Bewehrungsrichtmaschine GTF4-14 mit variabler Frequenzsteuerung richtet St\u00e4be von 4-14 mm. Ideal f\u00fcr den industriellen Einsatz mit Invertertechnologie und globaler Spannungsunterst\u00fctzung.","robots":{"index":"index","follow":"follow","max-snippet":"max-snippet:-1","max-image-preview":"max-image-preview:large","max-video-preview":"max-video-preview:-1"},"canonical":"https:\/\/www.hsymachinery.com\/de\/product\/bewehrungsrichtmaschine-gtf4-14\/","og_locale":"de_DE","og_type":"article","og_title":"Rebar Straightening Machine GTF4-14 - HSY Construction Machinery","og_description":"Rebar Straightening Machine GTF4-14 with variable frequency control straightens 4\u201314mm bars. Ideal for industrial use with inverter technology and global voltage support.","og_url":"https:\/\/www.hsymachinery.com\/de\/product\/bewehrungsrichtmaschine-gtf4-14\/","og_site_name":"HSY Construction Machinery","article_modified_time":"2025-06-27T16:40:55+00:00","og_image":[{"width":600,"height":600,"url":"https:\/\/www.hsymachinery.com\/wp-content\/uploads\/2025\/06\/Rebar-Straightening-Machine-GTF4-14.jpg","type":"image\/jpeg"}],"twitter_card":"summary_large_image","twitter_misc":{"Gesch\u00e4tzte Lesezeit":"2\u00a0Minuten"},"schema":{"@context":"https:\/\/schema.org","@graph":[{"@type":"WebPage","@id":"https:\/\/www.hsymachinery.com\/product\/rebar-straightening-machine-gtf4-14\/","url":"https:\/\/www.hsymachinery.com\/product\/rebar-straightening-machine-gtf4-14\/","name":"Bewehrungsrichtmaschine GTF4-14 - HSY Baumaschinen","isPartOf":{"@id":"https:\/\/www.hsymachinery.com\/#website"},"primaryImageOfPage":{"@id":"https:\/\/www.hsymachinery.com\/product\/rebar-straightening-machine-gtf4-14\/#primaryimage"},"image":{"@id":"https:\/\/www.hsymachinery.com\/product\/rebar-straightening-machine-gtf4-14\/#primaryimage"},"thumbnailUrl":"https:\/\/www.hsymachinery.com\/wp-content\/uploads\/2025\/06\/Rebar-Straightening-Machine-GTF4-14.jpg","datePublished":"2025-06-18T06:21:32+00:00","dateModified":"2025-06-27T16:40:55+00:00","description":"Die Bewehrungsrichtmaschine GTF4-14 mit variabler Frequenzsteuerung richtet St\u00e4be von 4-14 mm. Ideal f\u00fcr den industriellen Einsatz mit Invertertechnologie und globaler Spannungsunterst\u00fctzung.","breadcrumb":{"@id":"https:\/\/www.hsymachinery.com\/product\/rebar-straightening-machine-gtf4-14\/#breadcrumb"},"inLanguage":"de","potentialAction":[{"@type":"ReadAction","target":["https:\/\/www.hsymachinery.com\/product\/rebar-straightening-machine-gtf4-14\/"]}]},{"@type":"ImageObject","inLanguage":"de","@id":"https:\/\/www.hsymachinery.com\/product\/rebar-straightening-machine-gtf4-14\/#primaryimage","url":"https:\/\/www.hsymachinery.com\/wp-content\/uploads\/2025\/06\/Rebar-Straightening-Machine-GTF4-14.jpg","contentUrl":"https:\/\/www.hsymachinery.com\/wp-content\/uploads\/2025\/06\/Rebar-Straightening-Machine-GTF4-14.jpg","width":600,"height":600},{"@type":"BreadcrumbList","@id":"https:\/\/www.hsymachinery.com\/product\/rebar-straightening-machine-gtf4-14\/#breadcrumb","itemListElement":[{"@type":"ListItem","position":1,"name":"home","item":"https:\/\/www.hsymachinery.com\/"},{"@type":"ListItem","position":2,"name":"products","item":"https:\/\/www.hsymachinery.com\/products\/"},{"@type":"ListItem","position":3,"name":"Rebar Straightening Machine GTF4-14"}]},{"@type":"WebSite","@id":"https:\/\/www.hsymachinery.com\/#website","url":"https:\/\/www.hsymachinery.com\/","name":"HSY Baumaschinen","description":"HSY Machinery - Ein f\u00fchrender chinesischer Lieferant von Baumaschinen, der eine breite Palette von leichten Baumaschinen anbietet. Zu unseren Hauptprodukten geh\u00f6ren Bewehrungsschneidemaschine, Bewehrungsbiegemaschine, Bewehrungsb\u00fcgel-Biegemaschine, Bewehrungsbogen-Biegemaschine, Bewehrungsrichtmaschine, F\u00fcnf-Kopf-Bewehrungsb\u00fcgel-Biegemaschine, Stampfhammer, Plattenverdichter, Betonschneider, Gl\u00e4ttmaschine und andere Baumaschinen. Wir sind mit fortschrittlichen CNC-Maschinen ausgestattet und verf\u00fcgen \u00fcber strenge Qualit\u00e4tskontrollstandards sowie einen umfassenden Kundendienst. Wenn Sie an unseren Produkten oder Dienstleistungen interessiert sind, freuen wir uns \u00fcber Ihre Anfrage per Nachricht.","publisher":{"@id":"https:\/\/www.hsymachinery.com\/#organization"},"potentialAction":[{"@type":"SearchAction","target":{"@type":"EntryPoint","urlTemplate":"https:\/\/www.hsymachinery.com\/?s={search_term_string}"},"query-input":{"@type":"PropertyValueSpecification","valueRequired":true,"valueName":"search_term_string"}}],"inLanguage":"de"},{"@type":"Organization","@id":"https:\/\/www.hsymachinery.com\/#organization","name":"HSY Baumaschinen","url":"https:\/\/www.hsymachinery.com\/","logo":{"@type":"ImageObject","inLanguage":"de","@id":"https:\/\/www.hsymachinery.com\/#\/schema\/logo\/image\/","url":"https:\/\/www.hsymachinery.com\/wp-content\/uploads\/2025\/06\/cropped-HSY-machinery.png","contentUrl":"https:\/\/www.hsymachinery.com\/wp-content\/uploads\/2025\/06\/cropped-HSY-machinery.png","width":600,"height":240,"caption":"HSY Construction Machinery"},"image":{"@id":"https:\/\/www.hsymachinery.com\/#\/schema\/logo\/image\/"}}]}},"_links":{"self":[{"href":"https:\/\/www.hsymachinery.com\/de\/wp-json\/wp\/v2\/product\/9020","targetHints":{"allow":["GET"]}}],"collection":[{"href":"https:\/\/www.hsymachinery.com\/de\/wp-json\/wp\/v2\/product"}],"about":[{"href":"https:\/\/www.hsymachinery.com\/de\/wp-json\/wp\/v2\/types\/product"}],"version-history":[{"count":3,"href":"https:\/\/www.hsymachinery.com\/de\/wp-json\/wp\/v2\/product\/9020\/revisions"}],"predecessor-version":[{"id":9445,"href":"https:\/\/www.hsymachinery.com\/de\/wp-json\/wp\/v2\/product\/9020\/revisions\/9445"}],"wp:featuredmedia":[{"embeddable":true,"href":"https:\/\/www.hsymachinery.com\/de\/wp-json\/wp\/v2\/media\/9021"}],"wp:attachment":[{"href":"https:\/\/www.hsymachinery.com\/de\/wp-json\/wp\/v2\/media?parent=9020"}],"wp:term":[{"taxonomy":"product_brand","embeddable":true,"href":"https:\/\/www.hsymachinery.com\/de\/wp-json\/wp\/v2\/product_brand?post=9020"},{"taxonomy":"product_cat","embeddable":true,"href":"https:\/\/www.hsymachinery.com\/de\/wp-json\/wp\/v2\/product_cat?post=9020"},{"taxonomy":"product_tag","embeddable":true,"href":"https:\/\/www.hsymachinery.com\/de\/wp-json\/wp\/v2\/product_tag?post=9020"}],"curies":[{"name":"wp","href":"https:\/\/api.w.org\/{rel}","templated":true}]}}