{"id":9001,"date":"2025-06-18T12:40:00","date_gmt":"2025-06-18T04:40:00","guid":{"rendered":"https:\/\/www.hsymachinery.com\/?post_type=product&#038;p=9001"},"modified":"2025-06-27T23:44:12","modified_gmt":"2025-06-27T15:44:12","slug":"bewehrungsrichtmaschine-gtd4-10a","status":"publish","type":"product","link":"https:\/\/www.hsymachinery.com\/de\/product\/bewehrungsrichtmaschine-gtd4-10a\/","title":{"rendered":"Bewehrungsrichtmaschine GTD4-10A"},"content":{"rendered":"<h2 data-start=\"120\" data-end=\"164\">Bewehrungsrichtmaschine GTD4-10A<\/h2>\n<h3 data-start=\"165\" data-end=\"294\">GTD4-10A Automatische Bewehrungsrichtmaschine f\u00fcr 4-10mm Stahlstangen | Hochgeschwindigkeits-Stahlstangenrichtmaschine f\u00fcr den Baueinsatz<\/h3>\n<h3 data-start=\"301\" data-end=\"401\">Produkt\u00fcbersicht - Schnelles und pr\u00e4zises Richten von Bewehrungsst\u00e4ben auf Baustellen und in Fabrikationsbetrieben<\/h3>\n<p data-start=\"403\" data-end=\"699\">Die <strong data-start=\"407\" data-end=\"447\"><a href=\"https:\/\/www.hsymachinery.com\/de\/produkte\/bewehrungsrichtmaschine\/\" target=\"_blank\" rel=\"noopener\">Maschine zum Richten von Bewehrungsst\u00e4ben<\/a> GTD4-10A<\/strong> wird gebaut, um zu begradigen <strong data-start=\"471\" data-end=\"506\">Stabstahl mit einem Durchmesser von 4 mm bis 10 mm<\/strong> mit Geschwindigkeit und Genauigkeit. Ganz gleich, ob Sie in einer Betonstahlfabrik oder auf einer Baustelle arbeiten, diese Maschine tr\u00e4gt zur Rationalisierung Ihres Betonstahlvorbereitungsprozesses und zur Verbesserung der Materialkonsistenz bei.<\/p>\n<p data-start=\"701\" data-end=\"834\">Es entfernt Verformungen, Coil-Memory und Biegungen von kalt- oder warmgewalztem Bewehrungsstahl und bereitet ihn f\u00fcr das Schneiden, Schwei\u00dfen oder Verlegen vor.<\/p>\n<h3 data-start=\"841\" data-end=\"895\">Sanftes Richten mit einstellbarer Vorschubgeschwindigkeit<\/h3>\n<p data-start=\"897\" data-end=\"1163\">Sie k\u00f6nnen die Richtwalzen an verschiedene Stahlstangengr\u00f6\u00dfen anpassen, was einen flexiblen Einsatz bei allen Arten von Bewehrungsst\u00e4ben erm\u00f6glicht. Der Elektromotor mit Kupferkern erzeugt eine gleichm\u00e4\u00dfige Zugkraft, die sicherstellt, dass der Stab v\u00f6llig gerade und ohne Restbiegung herauskommt.<\/p>\n<p data-start=\"1165\" data-end=\"1380\">Der GTD4-10A verf\u00fcgt au\u00dferdem \u00fcber ein langlebiges Traktionssystem und eine einstellbare Geschwindigkeitskontrolle, die Ihnen die volle Kontrolle \u00fcber die Bearbeitungsgeschwindigkeit gibt. Dies f\u00fchrt zu geraderen St\u00e4ben bei minimalem Arbeitsaufwand und h\u00f6herer Leistung.<\/p>\n<h3 data-start=\"1387\" data-end=\"1432\">Kompakt, langlebig und bereit f\u00fcr den Export<\/h3>\n<p data-start=\"1434\" data-end=\"1761\">Das verst\u00e4rkte Stahlchassis macht die Maschine vibrations- und verschlei\u00dffest f\u00fcr den Dauerbetrieb. Dank der kompakten Grundfl\u00e4che passt sie in kleine Werkst\u00e4tten und kann leicht zu Baustellen transportiert werden. Sie kann mit 220 V oder 380 V (50 Hz\/60 Hz) betrieben werden und erf\u00fcllt damit die Stromanforderungen f\u00fcr lokale und internationale Benutzer.<\/p>\n<p data-start=\"1763\" data-end=\"1876\">Wenn Sie gewickelte Stahlst\u00e4be schnell und pr\u00e4zise richten wollen, liefert die GTD4-10A zuverl\u00e4ssige Ergebnisse.<\/p>\n<h3 data-start=\"1883\" data-end=\"1941\">Wesentliche Merkmale der Bewehrungsrichtmaschine GTD4-10A<\/h3>\n<ul data-start=\"1943\" data-end=\"2184\">\n<li data-start=\"1943\" data-end=\"2005\">\n<p data-start=\"1945\" data-end=\"2005\">Richtet 4-10 mm Rundstahl vom Coil oder aus vorgebogenem Material<\/p>\n<\/li>\n<li data-start=\"2006\" data-end=\"2069\">\n<p data-start=\"2008\" data-end=\"2069\">Ideal f\u00fcr Baustellen, Betonstahlwerke und Fertigteilwerke<\/p>\n<\/li>\n<li data-start=\"2070\" data-end=\"2124\">\n<p data-start=\"2072\" data-end=\"2124\">Einstellbare Richtwalzen und Geschwindigkeitsregelung<\/p>\n<\/li>\n<li data-start=\"2125\" data-end=\"2184\">\n<p data-start=\"2127\" data-end=\"2184\">Exportfreundliche Spannung und kompakte Bauweise f\u00fcr Mobilit\u00e4t<\/p>\n<\/li>\n<\/ul>\n<p><iframe title=\"#Konstruktion #rebarbiegemaschine #rebarschneider #rebarschneidemaschine #rebarschneidemaschine\" width=\"720\" height=\"405\" src=\"https:\/\/www.youtube.com\/embed\/YnqPtwSEoVw?feature=oembed\" frameborder=\"0\" allow=\"accelerometer; autoplay; clipboard-write; encrypted-media; gyroscope; picture-in-picture; web-share\" referrerpolicy=\"strict-origin-when-cross-origin\" allowfullscreen><\/iframe><\/p>","protected":false},"excerpt":{"rendered":"<p>Die GTD4-10A Bewehrungsrichtmaschine richtet effizient 4-10 mm dicke Stahlst\u00e4be. Sie verf\u00fcgt \u00fcber eine einstellbare Geschwindigkeit, hohe Genauigkeit und einen kompakten Rahmen f\u00fcr den Einsatz auf der Baustelle oder in der Werkstatt.<\/p>","protected":false},"featured_media":9002,"template":"","meta":{"_kad_post_transparent":"default","_kad_post_title":"","_kad_post_layout":"default","_kad_post_sidebar_id":"","_kad_post_content_style":"default","_kad_post_vertical_padding":"default","_kad_post_feature":"","_kad_post_feature_position":"","_kad_post_header":false,"_kad_post_footer":false},"product_brand":[],"product_cat":[62],"product_tag":[1026,1028,1030,1031,1034,1027,1032,1025,1029,1033],"class_list":{"0":"post-9001","1":"product","2":"type-product","3":"status-publish","4":"has-post-thumbnail","6":"product_cat-rebar-straightening-machine","7":"product_tag-automatic-rebar-straightener","8":"product_tag-cnc-rebar-straightening-equipment","9":"product_tag-coiled-rebar-straightening-machine","10":"product_tag-construction-bar-straightening-machine","11":"product_tag-high-speed-rebar-straightening-tool","12":"product_tag-hydraulic-rebar-straightening-machine","13":"product_tag-rebar-leveling-and-cutting-machine","14":"product_tag-steel-bar-straightening-machine","15":"product_tag-steel-wire-straightener-and-cutter","16":"product_tag-straightening-machine-for-steel-rods","18":"first","19":"instock","20":"shipping-taxable","21":"product-type-simple","22":"entry","23":"content-bg","24":"loop-entry"},"yoast_head":"<!-- This site is optimized with the Yoast SEO plugin v25.3.1 - https:\/\/yoast.com\/wordpress\/plugins\/seo\/ -->\n<title>Rebar Straightening Machine GTD4-10A - HSY Construction Machinery<\/title>\n<meta name=\"description\" content=\"Rebar Straightening Machine GTD4-10A straightens 4\u201310mm steel bars with speed and precision. Compact, durable, and export-ready for construction projects.\" \/>\n<meta name=\"robots\" content=\"index, follow, max-snippet:-1, max-image-preview:large, max-video-preview:-1\" \/>\n<link rel=\"canonical\" href=\"https:\/\/www.hsymachinery.com\/de\/product\/bewehrungsrichtmaschine-gtd4-10a\/\" \/>\n<meta property=\"og:locale\" content=\"de_DE\" \/>\n<meta property=\"og:type\" content=\"article\" \/>\n<meta property=\"og:title\" content=\"Rebar Straightening Machine GTD4-10A - HSY Construction Machinery\" \/>\n<meta property=\"og:description\" content=\"Rebar Straightening Machine GTD4-10A straightens 4\u201310mm steel bars with speed and precision. Compact, durable, and export-ready for construction projects.\" \/>\n<meta property=\"og:url\" content=\"https:\/\/www.hsymachinery.com\/de\/product\/bewehrungsrichtmaschine-gtd4-10a\/\" \/>\n<meta property=\"og:site_name\" content=\"HSY Construction Machinery\" \/>\n<meta property=\"article:modified_time\" content=\"2025-06-27T15:44:12+00:00\" \/>\n<meta property=\"og:image\" content=\"https:\/\/www.hsymachinery.com\/wp-content\/uploads\/2025\/06\/Rebar-Straightening-Machine-GTD4-10A.jpg\" \/>\n\t<meta property=\"og:image:width\" content=\"600\" \/>\n\t<meta property=\"og:image:height\" content=\"600\" \/>\n\t<meta property=\"og:image:type\" content=\"image\/jpeg\" \/>\n<meta name=\"twitter:card\" content=\"summary_large_image\" \/>\n<meta name=\"twitter:label1\" content=\"Gesch\u00e4tzte Lesezeit\" \/>\n\t<meta name=\"twitter:data1\" content=\"2\u00a0Minuten\" \/>\n<script type=\"application\/ld+json\" class=\"yoast-schema-graph\">{\"@context\":\"https:\/\/schema.org\",\"@graph\":[{\"@type\":\"WebPage\",\"@id\":\"https:\/\/www.hsymachinery.com\/product\/rebar-straightening-machine-gtd4-10a\/\",\"url\":\"https:\/\/www.hsymachinery.com\/product\/rebar-straightening-machine-gtd4-10a\/\",\"name\":\"Rebar Straightening Machine GTD4-10A - HSY Construction Machinery\",\"isPartOf\":{\"@id\":\"https:\/\/www.hsymachinery.com\/#website\"},\"primaryImageOfPage\":{\"@id\":\"https:\/\/www.hsymachinery.com\/product\/rebar-straightening-machine-gtd4-10a\/#primaryimage\"},\"image\":{\"@id\":\"https:\/\/www.hsymachinery.com\/product\/rebar-straightening-machine-gtd4-10a\/#primaryimage\"},\"thumbnailUrl\":\"https:\/\/www.hsymachinery.com\/wp-content\/uploads\/2025\/06\/Rebar-Straightening-Machine-GTD4-10A.jpg\",\"datePublished\":\"2025-06-18T04:40:00+00:00\",\"dateModified\":\"2025-06-27T15:44:12+00:00\",\"description\":\"Rebar Straightening Machine GTD4-10A straightens 4\u201310mm steel bars with speed and precision. Compact, durable, and export-ready for construction projects.\",\"breadcrumb\":{\"@id\":\"https:\/\/www.hsymachinery.com\/product\/rebar-straightening-machine-gtd4-10a\/#breadcrumb\"},\"inLanguage\":\"de\",\"potentialAction\":[{\"@type\":\"ReadAction\",\"target\":[\"https:\/\/www.hsymachinery.com\/product\/rebar-straightening-machine-gtd4-10a\/\"]}]},{\"@type\":\"ImageObject\",\"inLanguage\":\"de\",\"@id\":\"https:\/\/www.hsymachinery.com\/product\/rebar-straightening-machine-gtd4-10a\/#primaryimage\",\"url\":\"https:\/\/www.hsymachinery.com\/wp-content\/uploads\/2025\/06\/Rebar-Straightening-Machine-GTD4-10A.jpg\",\"contentUrl\":\"https:\/\/www.hsymachinery.com\/wp-content\/uploads\/2025\/06\/Rebar-Straightening-Machine-GTD4-10A.jpg\",\"width\":600,\"height\":600},{\"@type\":\"BreadcrumbList\",\"@id\":\"https:\/\/www.hsymachinery.com\/product\/rebar-straightening-machine-gtd4-10a\/#breadcrumb\",\"itemListElement\":[{\"@type\":\"ListItem\",\"position\":1,\"name\":\"home\",\"item\":\"https:\/\/www.hsymachinery.com\/\"},{\"@type\":\"ListItem\",\"position\":2,\"name\":\"products\",\"item\":\"https:\/\/www.hsymachinery.com\/products\/\"},{\"@type\":\"ListItem\",\"position\":3,\"name\":\"Rebar Straightening Machine GTD4-10A\"}]},{\"@type\":\"WebSite\",\"@id\":\"https:\/\/www.hsymachinery.com\/#website\",\"url\":\"https:\/\/www.hsymachinery.com\/\",\"name\":\"HSY Construction Machinery\",\"description\":\"HSY Machinery \u2013 A leading China construction machinery supplier, offering a wide range of light construction equipment. Our main products include Rebar Cutting Machine, Rebar Bending Machine, Rebar Stirrup Bending Machine, Rebar Arc Bending Machine, Rebar Straightening Machine, Five-Head Rebar Stirrup Bending Machine, Tamping Rammer, Plate Compactor, Concrete Cutter, Power Trowel, and other construction machinery. We are equipped with advanced CNC machines, and we enforce strict quality inspection standards along with comprehensive after-sales service. If you are interested in our products or services, we warmly welcome your inquiries via message.\",\"publisher\":{\"@id\":\"https:\/\/www.hsymachinery.com\/#organization\"},\"potentialAction\":[{\"@type\":\"SearchAction\",\"target\":{\"@type\":\"EntryPoint\",\"urlTemplate\":\"https:\/\/www.hsymachinery.com\/?s={search_term_string}\"},\"query-input\":{\"@type\":\"PropertyValueSpecification\",\"valueRequired\":true,\"valueName\":\"search_term_string\"}}],\"inLanguage\":\"de\"},{\"@type\":\"Organization\",\"@id\":\"https:\/\/www.hsymachinery.com\/#organization\",\"name\":\"HSY Construction Machinery\",\"url\":\"https:\/\/www.hsymachinery.com\/\",\"logo\":{\"@type\":\"ImageObject\",\"inLanguage\":\"de\",\"@id\":\"https:\/\/www.hsymachinery.com\/#\/schema\/logo\/image\/\",\"url\":\"https:\/\/www.hsymachinery.com\/wp-content\/uploads\/2025\/06\/cropped-HSY-machinery.png\",\"contentUrl\":\"https:\/\/www.hsymachinery.com\/wp-content\/uploads\/2025\/06\/cropped-HSY-machinery.png\",\"width\":600,\"height\":240,\"caption\":\"HSY Construction Machinery\"},\"image\":{\"@id\":\"https:\/\/www.hsymachinery.com\/#\/schema\/logo\/image\/\"}}]}<\/script>\n<!-- \/ Yoast SEO plugin. -->","yoast_head_json":{"title":"Bewehrungsrichtmaschine GTD4-10A - HSY Baumaschinen","description":"Die Bewehrungsrichtmaschine GTD4-10A richtet Stahlstangen von 4-10 mm mit Geschwindigkeit und Pr\u00e4zision. Kompakt, langlebig und exportf\u00e4hig f\u00fcr Bauprojekte.","robots":{"index":"index","follow":"follow","max-snippet":"max-snippet:-1","max-image-preview":"max-image-preview:large","max-video-preview":"max-video-preview:-1"},"canonical":"https:\/\/www.hsymachinery.com\/de\/product\/bewehrungsrichtmaschine-gtd4-10a\/","og_locale":"de_DE","og_type":"article","og_title":"Rebar Straightening Machine GTD4-10A - HSY Construction Machinery","og_description":"Rebar Straightening Machine GTD4-10A straightens 4\u201310mm steel bars with speed and precision. Compact, durable, and export-ready for construction projects.","og_url":"https:\/\/www.hsymachinery.com\/de\/product\/bewehrungsrichtmaschine-gtd4-10a\/","og_site_name":"HSY Construction Machinery","article_modified_time":"2025-06-27T15:44:12+00:00","og_image":[{"width":600,"height":600,"url":"https:\/\/www.hsymachinery.com\/wp-content\/uploads\/2025\/06\/Rebar-Straightening-Machine-GTD4-10A.jpg","type":"image\/jpeg"}],"twitter_card":"summary_large_image","twitter_misc":{"Gesch\u00e4tzte Lesezeit":"2\u00a0Minuten"},"schema":{"@context":"https:\/\/schema.org","@graph":[{"@type":"WebPage","@id":"https:\/\/www.hsymachinery.com\/product\/rebar-straightening-machine-gtd4-10a\/","url":"https:\/\/www.hsymachinery.com\/product\/rebar-straightening-machine-gtd4-10a\/","name":"Bewehrungsrichtmaschine GTD4-10A - HSY Baumaschinen","isPartOf":{"@id":"https:\/\/www.hsymachinery.com\/#website"},"primaryImageOfPage":{"@id":"https:\/\/www.hsymachinery.com\/product\/rebar-straightening-machine-gtd4-10a\/#primaryimage"},"image":{"@id":"https:\/\/www.hsymachinery.com\/product\/rebar-straightening-machine-gtd4-10a\/#primaryimage"},"thumbnailUrl":"https:\/\/www.hsymachinery.com\/wp-content\/uploads\/2025\/06\/Rebar-Straightening-Machine-GTD4-10A.jpg","datePublished":"2025-06-18T04:40:00+00:00","dateModified":"2025-06-27T15:44:12+00:00","description":"Die Bewehrungsrichtmaschine GTD4-10A richtet Stahlstangen von 4-10 mm mit Geschwindigkeit und Pr\u00e4zision. Kompakt, langlebig und exportf\u00e4hig f\u00fcr Bauprojekte.","breadcrumb":{"@id":"https:\/\/www.hsymachinery.com\/product\/rebar-straightening-machine-gtd4-10a\/#breadcrumb"},"inLanguage":"de","potentialAction":[{"@type":"ReadAction","target":["https:\/\/www.hsymachinery.com\/product\/rebar-straightening-machine-gtd4-10a\/"]}]},{"@type":"ImageObject","inLanguage":"de","@id":"https:\/\/www.hsymachinery.com\/product\/rebar-straightening-machine-gtd4-10a\/#primaryimage","url":"https:\/\/www.hsymachinery.com\/wp-content\/uploads\/2025\/06\/Rebar-Straightening-Machine-GTD4-10A.jpg","contentUrl":"https:\/\/www.hsymachinery.com\/wp-content\/uploads\/2025\/06\/Rebar-Straightening-Machine-GTD4-10A.jpg","width":600,"height":600},{"@type":"BreadcrumbList","@id":"https:\/\/www.hsymachinery.com\/product\/rebar-straightening-machine-gtd4-10a\/#breadcrumb","itemListElement":[{"@type":"ListItem","position":1,"name":"home","item":"https:\/\/www.hsymachinery.com\/"},{"@type":"ListItem","position":2,"name":"products","item":"https:\/\/www.hsymachinery.com\/products\/"},{"@type":"ListItem","position":3,"name":"Rebar Straightening Machine GTD4-10A"}]},{"@type":"WebSite","@id":"https:\/\/www.hsymachinery.com\/#website","url":"https:\/\/www.hsymachinery.com\/","name":"HSY Baumaschinen","description":"HSY Machinery - Ein f\u00fchrender chinesischer Lieferant von Baumaschinen, der eine breite Palette von leichten Baumaschinen anbietet. Zu unseren Hauptprodukten geh\u00f6ren Bewehrungsschneidemaschine, Bewehrungsbiegemaschine, Bewehrungsb\u00fcgel-Biegemaschine, Bewehrungsbogen-Biegemaschine, Bewehrungsrichtmaschine, F\u00fcnf-Kopf-Bewehrungsb\u00fcgel-Biegemaschine, Stampfhammer, Plattenverdichter, Betonschneider, Gl\u00e4ttmaschine und andere Baumaschinen. Wir sind mit fortschrittlichen CNC-Maschinen ausgestattet und verf\u00fcgen \u00fcber strenge Qualit\u00e4tskontrollstandards sowie einen umfassenden Kundendienst. Wenn Sie an unseren Produkten oder Dienstleistungen interessiert sind, freuen wir uns \u00fcber Ihre Anfrage per Nachricht.","publisher":{"@id":"https:\/\/www.hsymachinery.com\/#organization"},"potentialAction":[{"@type":"SearchAction","target":{"@type":"EntryPoint","urlTemplate":"https:\/\/www.hsymachinery.com\/?s={search_term_string}"},"query-input":{"@type":"PropertyValueSpecification","valueRequired":true,"valueName":"search_term_string"}}],"inLanguage":"de"},{"@type":"Organization","@id":"https:\/\/www.hsymachinery.com\/#organization","name":"HSY Baumaschinen","url":"https:\/\/www.hsymachinery.com\/","logo":{"@type":"ImageObject","inLanguage":"de","@id":"https:\/\/www.hsymachinery.com\/#\/schema\/logo\/image\/","url":"https:\/\/www.hsymachinery.com\/wp-content\/uploads\/2025\/06\/cropped-HSY-machinery.png","contentUrl":"https:\/\/www.hsymachinery.com\/wp-content\/uploads\/2025\/06\/cropped-HSY-machinery.png","width":600,"height":240,"caption":"HSY Construction Machinery"},"image":{"@id":"https:\/\/www.hsymachinery.com\/#\/schema\/logo\/image\/"}}]}},"_links":{"self":[{"href":"https:\/\/www.hsymachinery.com\/de\/wp-json\/wp\/v2\/product\/9001","targetHints":{"allow":["GET"]}}],"collection":[{"href":"https:\/\/www.hsymachinery.com\/de\/wp-json\/wp\/v2\/product"}],"about":[{"href":"https:\/\/www.hsymachinery.com\/de\/wp-json\/wp\/v2\/types\/product"}],"version-history":[{"count":3,"href":"https:\/\/www.hsymachinery.com\/de\/wp-json\/wp\/v2\/product\/9001\/revisions"}],"predecessor-version":[{"id":9424,"href":"https:\/\/www.hsymachinery.com\/de\/wp-json\/wp\/v2\/product\/9001\/revisions\/9424"}],"wp:featuredmedia":[{"embeddable":true,"href":"https:\/\/www.hsymachinery.com\/de\/wp-json\/wp\/v2\/media\/9002"}],"wp:attachment":[{"href":"https:\/\/www.hsymachinery.com\/de\/wp-json\/wp\/v2\/media?parent=9001"}],"wp:term":[{"taxonomy":"product_brand","embeddable":true,"href":"https:\/\/www.hsymachinery.com\/de\/wp-json\/wp\/v2\/product_brand?post=9001"},{"taxonomy":"product_cat","embeddable":true,"href":"https:\/\/www.hsymachinery.com\/de\/wp-json\/wp\/v2\/product_cat?post=9001"},{"taxonomy":"product_tag","embeddable":true,"href":"https:\/\/www.hsymachinery.com\/de\/wp-json\/wp\/v2\/product_tag?post=9001"}],"curies":[{"name":"wp","href":"https:\/\/api.w.org\/{rel}","templated":true}]}}