{"id":8952,"date":"2025-06-18T12:03:03","date_gmt":"2025-06-18T04:03:03","guid":{"rendered":"https:\/\/www.hsymachinery.com\/?post_type=product&#038;p=8952"},"modified":"2025-06-25T23:33:40","modified_gmt":"2025-06-25T15:33:40","slug":"betonstahl-biegemaschine-gw60","status":"publish","type":"product","link":"https:\/\/www.hsymachinery.com\/de\/product\/betonstahl-biegemaschine-gw60\/","title":{"rendered":"Betonstahl-Biegemaschine GW60"},"content":{"rendered":"<h3 data-start=\"435\" data-end=\"546\">Hochleistungs-Stahlbiegemaschine GW60 f\u00fcr 6-45mm Stahl | Industrielle Stahlbiegemaschine f\u00fcr Bewehrungsprojekte<\/h3>\n<h3 data-start=\"553\" data-end=\"644\">\u00a0Produkt\u00fcbersicht - Hochentwickelte Profiliermaschine f\u00fcr das Biegen von dickem Stahl<\/h3>\n<p data-start=\"646\" data-end=\"973\">Die <strong data-start=\"650\" data-end=\"680\"><a href=\"https:\/\/www.hsymachinery.com\/de\/produkte\/betonstahl-biegemaschine\/\" target=\"_blank\" rel=\"noopener\">Betonstahl-Biegemaschine<\/a> GW60<\/strong> ist f\u00fcr die Bearbeitung von Stahlst\u00e4ben von 6 mm bis 45 mm ausgelegt und bietet eine zuverl\u00e4ssige Biegeleistung f\u00fcr gro\u00dfe Bau- und Fertigteilprojekte. Von Autobahnbr\u00fccken bis hin zu Industries\u00e4ulen bietet dieses robuste Werkzeug zum Formen von Bewehrungsst\u00e4ben eine konstante Winkelkontrolle und hohe Produktionseffizienz.<\/p>\n<p data-start=\"975\" data-end=\"1107\">Bauunternehmer entscheiden sich f\u00fcr den GW60, wenn sie ein h\u00f6heres Drehmoment, eine st\u00e4rkere Struktur und eine gr\u00f6\u00dfere Arbeitskapazit\u00e4t als bei Standard-Biegemaschinen f\u00fcr Betonstahl ben\u00f6tigen.<\/p>\n<h3 data-start=\"1114\" data-end=\"1165\">Leistungsstarker Motor mit erweiterter Biegefl\u00e4che<\/h3>\n<p data-start=\"1167\" data-end=\"1500\">Die Maschine verf\u00fcgt \u00fcber eine Biegescheibe mit gro\u00dfem Durchmesser, verst\u00e4rkte Biegestifte und zwei einstellbare Anschl\u00e4ge f\u00fcr pr\u00e4zise Winkeleinstellungen. Der Benutzer kann jeden Winkel bis zu 180\u00b0 schnell und zuverl\u00e4ssig einstellen. Der Industriekupfermotor liefert ein hohes Drehmoment, w\u00e4hrend das abgedichtete Getriebe eine leise und stabile Leistung \u00fcber lange Zeit gew\u00e4hrleistet.<\/p>\n<p data-start=\"1502\" data-end=\"1677\">Dar\u00fcber hinaus verf\u00fcgt der GW60 \u00fcber einen Sicherheits-Notausschalter und bietet sowohl manuelle als auch Fu\u00dfpedal-Steuerungsmodi, was die Flexibilit\u00e4t des Bedieners und die Sicherheit vor Ort erh\u00f6ht.<\/p>\n<h3 data-start=\"1684\" data-end=\"1727\">Robuster Rahmen und exporttaugliches Design<\/h3>\n<p data-start=\"1729\" data-end=\"2091\">Dank des verst\u00e4rkten Stahlrahmens und des sto\u00dffesten Geh\u00e4uses kann das GW60 auch in rauen Umgebungen zuverl\u00e4ssig arbeiten. Das Ger\u00e4t ist auf stabilen R\u00e4dern montiert und kann so leicht zwischen den Stationen transportiert werden. Durch die anpassbare Eingangsspannung (220V\/380V, 50Hz\/60Hz) ist dieses Modell f\u00fcr den internationalen Export geeignet, einschlie\u00dflich Afrika, S\u00fcdostasien und Lateinamerika.<\/p>\n<p data-start=\"2093\" data-end=\"2193\">Das wettergesch\u00fctzte Bedienfeld erm\u00f6glicht den Einsatz der Maschine an teilweise exponierten Stellen.<\/p>\n<h3 data-start=\"2200\" data-end=\"2241\">Die wichtigsten Vorteile der GW60 Rebar Bender<\/h3>\n<ul data-start=\"2243\" data-end=\"2494\">\n<li data-start=\"2243\" data-end=\"2306\">\n<p data-start=\"2245\" data-end=\"2306\">Biegt effizient und mit hoher Wiederholgenauigkeit 6-45 mm Stahlstangen<\/p>\n<\/li>\n<li data-start=\"2307\" data-end=\"2378\">\n<p data-start=\"2309\" data-end=\"2378\">Ideal f\u00fcr Br\u00fcckenbau, Fertigteilwerke, Tunnelverst\u00e4rkung und mehr<\/p>\n<\/li>\n<li data-start=\"2379\" data-end=\"2433\">\n<p data-start=\"2381\" data-end=\"2433\">Gro\u00dfe Biegeplatte f\u00fcr mehr Genauigkeit und St\u00e4rke<\/p>\n<\/li>\n<li data-start=\"2434\" data-end=\"2494\">\n<p data-start=\"2436\" data-end=\"2494\">Multispannungsunterst\u00fctzung f\u00fcr den weltweiten Baubetrieb<\/p>\n<\/li>\n<\/ul>\n<p><iframe title=\"#Konstruktion #Konstruktionsarbeiter #rebarmaschine #rebarbieger #rebarbiegen\" width=\"720\" height=\"405\" src=\"https:\/\/www.youtube.com\/embed\/GX-U7SGMcVc?feature=oembed\" frameborder=\"0\" allow=\"accelerometer; autoplay; clipboard-write; encrypted-media; gyroscope; picture-in-picture; web-share\" referrerpolicy=\"strict-origin-when-cross-origin\" allowfullscreen><\/iframe><\/p>","protected":false},"excerpt":{"rendered":"<p>Die Bewehrungsbiegemaschine GW60 verarbeitet 6-45 mm Stahlstangen mit hohem Drehmoment, pr\u00e4zisen Winkeln und einem robusten Rahmen. Ideal f\u00fcr Industriestandorte und bereit f\u00fcr den weltweiten Export.<\/p>","protected":false},"featured_media":8953,"template":"","meta":{"_kad_post_transparent":"default","_kad_post_title":"","_kad_post_layout":"default","_kad_post_sidebar_id":"","_kad_post_content_style":"default","_kad_post_vertical_padding":"default","_kad_post_feature":"","_kad_post_feature_position":"","_kad_post_header":false,"_kad_post_footer":false},"product_brand":[],"product_cat":[28],"product_tag":[998,1004,996,1003,997,1000,1001,999,995,1002],"class_list":{"0":"post-8952","1":"product","2":"type-product","3":"status-publish","4":"has-post-thumbnail","6":"product_cat-rebar-bending-machine","7":"product_tag-automatic-rebar-bending-machine","8":"product_tag-bar-bending-machine-price","9":"product_tag-cnc-rebar-bending-machine","10":"product_tag-construction-rebar-bender","11":"product_tag-electric-rebar-bender","12":"product_tag-electric-rebar-bending-machine","13":"product_tag-hydraulic-rebar-bending-machine","14":"product_tag-portable-rebar-bender","15":"product_tag-rebar-bender","16":"product_tag-steel-bar-bender","18":"first","19":"instock","20":"shipping-taxable","21":"product-type-simple","22":"entry","23":"content-bg","24":"loop-entry"},"yoast_head":"<!-- This site is optimized with the Yoast SEO plugin v25.3.1 - https:\/\/yoast.com\/wordpress\/plugins\/seo\/ -->\n<title>Rebar Bending Machine GW60 - HSY Construction Machinery<\/title>\n<meta name=\"description\" content=\"Rebar Bending Machine GW60 offers reliable bending for 6\u201345mm steel bars. This industrial-grade bar forming machine is ideal for heavy construction and global export projects.\" \/>\n<meta name=\"robots\" content=\"index, follow, max-snippet:-1, max-image-preview:large, max-video-preview:-1\" \/>\n<link rel=\"canonical\" href=\"https:\/\/www.hsymachinery.com\/de\/product\/betonstahl-biegemaschine-gw60\/\" \/>\n<meta property=\"og:locale\" content=\"de_DE\" \/>\n<meta property=\"og:type\" content=\"article\" \/>\n<meta property=\"og:title\" content=\"Rebar Bending Machine GW60 - HSY Construction Machinery\" \/>\n<meta property=\"og:description\" content=\"Rebar Bending Machine GW60 offers reliable bending for 6\u201345mm steel bars. This industrial-grade bar forming machine is ideal for heavy construction and global export projects.\" \/>\n<meta property=\"og:url\" content=\"https:\/\/www.hsymachinery.com\/de\/product\/betonstahl-biegemaschine-gw60\/\" \/>\n<meta property=\"og:site_name\" content=\"HSY Construction Machinery\" \/>\n<meta property=\"article:modified_time\" content=\"2025-06-25T15:33:40+00:00\" \/>\n<meta property=\"og:image\" content=\"https:\/\/www.hsymachinery.com\/wp-content\/uploads\/2025\/06\/Rebar-Bending-Machine-GW60.jpg\" \/>\n\t<meta property=\"og:image:width\" content=\"600\" \/>\n\t<meta property=\"og:image:height\" content=\"600\" \/>\n\t<meta property=\"og:image:type\" content=\"image\/jpeg\" \/>\n<meta name=\"twitter:card\" content=\"summary_large_image\" \/>\n<meta name=\"twitter:label1\" content=\"Gesch\u00e4tzte Lesezeit\" \/>\n\t<meta name=\"twitter:data1\" content=\"2\u00a0Minuten\" \/>\n<script type=\"application\/ld+json\" class=\"yoast-schema-graph\">{\"@context\":\"https:\/\/schema.org\",\"@graph\":[{\"@type\":\"WebPage\",\"@id\":\"https:\/\/www.hsymachinery.com\/product\/rebar-bending-machine-gw60\/\",\"url\":\"https:\/\/www.hsymachinery.com\/product\/rebar-bending-machine-gw60\/\",\"name\":\"Rebar Bending Machine GW60 - HSY Construction Machinery\",\"isPartOf\":{\"@id\":\"https:\/\/www.hsymachinery.com\/#website\"},\"primaryImageOfPage\":{\"@id\":\"https:\/\/www.hsymachinery.com\/product\/rebar-bending-machine-gw60\/#primaryimage\"},\"image\":{\"@id\":\"https:\/\/www.hsymachinery.com\/product\/rebar-bending-machine-gw60\/#primaryimage\"},\"thumbnailUrl\":\"https:\/\/www.hsymachinery.com\/wp-content\/uploads\/2025\/06\/Rebar-Bending-Machine-GW60.jpg\",\"datePublished\":\"2025-06-18T04:03:03+00:00\",\"dateModified\":\"2025-06-25T15:33:40+00:00\",\"description\":\"Rebar Bending Machine GW60 offers reliable bending for 6\u201345mm steel bars. This industrial-grade bar forming machine is ideal for heavy construction and global export projects.\",\"breadcrumb\":{\"@id\":\"https:\/\/www.hsymachinery.com\/product\/rebar-bending-machine-gw60\/#breadcrumb\"},\"inLanguage\":\"de\",\"potentialAction\":[{\"@type\":\"ReadAction\",\"target\":[\"https:\/\/www.hsymachinery.com\/product\/rebar-bending-machine-gw60\/\"]}]},{\"@type\":\"ImageObject\",\"inLanguage\":\"de\",\"@id\":\"https:\/\/www.hsymachinery.com\/product\/rebar-bending-machine-gw60\/#primaryimage\",\"url\":\"https:\/\/www.hsymachinery.com\/wp-content\/uploads\/2025\/06\/Rebar-Bending-Machine-GW60.jpg\",\"contentUrl\":\"https:\/\/www.hsymachinery.com\/wp-content\/uploads\/2025\/06\/Rebar-Bending-Machine-GW60.jpg\",\"width\":600,\"height\":600},{\"@type\":\"BreadcrumbList\",\"@id\":\"https:\/\/www.hsymachinery.com\/product\/rebar-bending-machine-gw60\/#breadcrumb\",\"itemListElement\":[{\"@type\":\"ListItem\",\"position\":1,\"name\":\"home\",\"item\":\"https:\/\/www.hsymachinery.com\/\"},{\"@type\":\"ListItem\",\"position\":2,\"name\":\"products\",\"item\":\"https:\/\/www.hsymachinery.com\/products\/\"},{\"@type\":\"ListItem\",\"position\":3,\"name\":\"Rebar Bending Machine GW60\"}]},{\"@type\":\"WebSite\",\"@id\":\"https:\/\/www.hsymachinery.com\/#website\",\"url\":\"https:\/\/www.hsymachinery.com\/\",\"name\":\"HSY Construction Machinery\",\"description\":\"HSY Machinery \u2013 A leading China construction machinery supplier, offering a wide range of light construction equipment. Our main products include Rebar Cutting Machine, Rebar Bending Machine, Rebar Stirrup Bending Machine, Rebar Arc Bending Machine, Rebar Straightening Machine, Five-Head Rebar Stirrup Bending Machine, Tamping Rammer, Plate Compactor, Concrete Cutter, Power Trowel, and other construction machinery. We are equipped with advanced CNC machines, and we enforce strict quality inspection standards along with comprehensive after-sales service. If you are interested in our products or services, we warmly welcome your inquiries via message.\",\"publisher\":{\"@id\":\"https:\/\/www.hsymachinery.com\/#organization\"},\"potentialAction\":[{\"@type\":\"SearchAction\",\"target\":{\"@type\":\"EntryPoint\",\"urlTemplate\":\"https:\/\/www.hsymachinery.com\/?s={search_term_string}\"},\"query-input\":{\"@type\":\"PropertyValueSpecification\",\"valueRequired\":true,\"valueName\":\"search_term_string\"}}],\"inLanguage\":\"de\"},{\"@type\":\"Organization\",\"@id\":\"https:\/\/www.hsymachinery.com\/#organization\",\"name\":\"HSY Construction Machinery\",\"url\":\"https:\/\/www.hsymachinery.com\/\",\"logo\":{\"@type\":\"ImageObject\",\"inLanguage\":\"de\",\"@id\":\"https:\/\/www.hsymachinery.com\/#\/schema\/logo\/image\/\",\"url\":\"https:\/\/www.hsymachinery.com\/wp-content\/uploads\/2025\/06\/cropped-HSY-machinery.png\",\"contentUrl\":\"https:\/\/www.hsymachinery.com\/wp-content\/uploads\/2025\/06\/cropped-HSY-machinery.png\",\"width\":600,\"height\":240,\"caption\":\"HSY Construction Machinery\"},\"image\":{\"@id\":\"https:\/\/www.hsymachinery.com\/#\/schema\/logo\/image\/\"}}]}<\/script>\n<!-- \/ Yoast SEO plugin. -->","yoast_head_json":{"title":"Bewehrungsbiegemaschine GW60 - HSY Construction Machinery","description":"Die Stabstahlbiegemaschine GW60 bietet zuverl\u00e4ssiges Biegen von Stahlst\u00e4ben zwischen 6 und 45 mm. Diese Stabstahlbiegemaschine in Industriequalit\u00e4t ist ideal f\u00fcr schwere Bauvorhaben und globale Exportprojekte.","robots":{"index":"index","follow":"follow","max-snippet":"max-snippet:-1","max-image-preview":"max-image-preview:large","max-video-preview":"max-video-preview:-1"},"canonical":"https:\/\/www.hsymachinery.com\/de\/product\/betonstahl-biegemaschine-gw60\/","og_locale":"de_DE","og_type":"article","og_title":"Rebar Bending Machine GW60 - HSY Construction Machinery","og_description":"Rebar Bending Machine GW60 offers reliable bending for 6\u201345mm steel bars. This industrial-grade bar forming machine is ideal for heavy construction and global export projects.","og_url":"https:\/\/www.hsymachinery.com\/de\/product\/betonstahl-biegemaschine-gw60\/","og_site_name":"HSY Construction Machinery","article_modified_time":"2025-06-25T15:33:40+00:00","og_image":[{"width":600,"height":600,"url":"https:\/\/www.hsymachinery.com\/wp-content\/uploads\/2025\/06\/Rebar-Bending-Machine-GW60.jpg","type":"image\/jpeg"}],"twitter_card":"summary_large_image","twitter_misc":{"Gesch\u00e4tzte Lesezeit":"2\u00a0Minuten"},"schema":{"@context":"https:\/\/schema.org","@graph":[{"@type":"WebPage","@id":"https:\/\/www.hsymachinery.com\/product\/rebar-bending-machine-gw60\/","url":"https:\/\/www.hsymachinery.com\/product\/rebar-bending-machine-gw60\/","name":"Bewehrungsbiegemaschine GW60 - HSY Construction Machinery","isPartOf":{"@id":"https:\/\/www.hsymachinery.com\/#website"},"primaryImageOfPage":{"@id":"https:\/\/www.hsymachinery.com\/product\/rebar-bending-machine-gw60\/#primaryimage"},"image":{"@id":"https:\/\/www.hsymachinery.com\/product\/rebar-bending-machine-gw60\/#primaryimage"},"thumbnailUrl":"https:\/\/www.hsymachinery.com\/wp-content\/uploads\/2025\/06\/Rebar-Bending-Machine-GW60.jpg","datePublished":"2025-06-18T04:03:03+00:00","dateModified":"2025-06-25T15:33:40+00:00","description":"Die Stabstahlbiegemaschine GW60 bietet zuverl\u00e4ssiges Biegen von Stahlst\u00e4ben zwischen 6 und 45 mm. Diese Stabstahlbiegemaschine in Industriequalit\u00e4t ist ideal f\u00fcr schwere Bauvorhaben und globale Exportprojekte.","breadcrumb":{"@id":"https:\/\/www.hsymachinery.com\/product\/rebar-bending-machine-gw60\/#breadcrumb"},"inLanguage":"de","potentialAction":[{"@type":"ReadAction","target":["https:\/\/www.hsymachinery.com\/product\/rebar-bending-machine-gw60\/"]}]},{"@type":"ImageObject","inLanguage":"de","@id":"https:\/\/www.hsymachinery.com\/product\/rebar-bending-machine-gw60\/#primaryimage","url":"https:\/\/www.hsymachinery.com\/wp-content\/uploads\/2025\/06\/Rebar-Bending-Machine-GW60.jpg","contentUrl":"https:\/\/www.hsymachinery.com\/wp-content\/uploads\/2025\/06\/Rebar-Bending-Machine-GW60.jpg","width":600,"height":600},{"@type":"BreadcrumbList","@id":"https:\/\/www.hsymachinery.com\/product\/rebar-bending-machine-gw60\/#breadcrumb","itemListElement":[{"@type":"ListItem","position":1,"name":"home","item":"https:\/\/www.hsymachinery.com\/"},{"@type":"ListItem","position":2,"name":"products","item":"https:\/\/www.hsymachinery.com\/products\/"},{"@type":"ListItem","position":3,"name":"Rebar Bending Machine GW60"}]},{"@type":"WebSite","@id":"https:\/\/www.hsymachinery.com\/#website","url":"https:\/\/www.hsymachinery.com\/","name":"HSY Baumaschinen","description":"HSY Machinery - Ein f\u00fchrender chinesischer Lieferant von Baumaschinen, der eine breite Palette von leichten Baumaschinen anbietet. Zu unseren Hauptprodukten geh\u00f6ren Bewehrungsschneidemaschine, Bewehrungsbiegemaschine, Bewehrungsb\u00fcgel-Biegemaschine, Bewehrungsbogen-Biegemaschine, Bewehrungsrichtmaschine, F\u00fcnf-Kopf-Bewehrungsb\u00fcgel-Biegemaschine, Stampfhammer, Plattenverdichter, Betonschneider, Gl\u00e4ttmaschine und andere Baumaschinen. Wir sind mit fortschrittlichen CNC-Maschinen ausgestattet und verf\u00fcgen \u00fcber strenge Qualit\u00e4tskontrollstandards sowie einen umfassenden Kundendienst. Wenn Sie an unseren Produkten oder Dienstleistungen interessiert sind, freuen wir uns \u00fcber Ihre Anfrage per Nachricht.","publisher":{"@id":"https:\/\/www.hsymachinery.com\/#organization"},"potentialAction":[{"@type":"SearchAction","target":{"@type":"EntryPoint","urlTemplate":"https:\/\/www.hsymachinery.com\/?s={search_term_string}"},"query-input":{"@type":"PropertyValueSpecification","valueRequired":true,"valueName":"search_term_string"}}],"inLanguage":"de"},{"@type":"Organization","@id":"https:\/\/www.hsymachinery.com\/#organization","name":"HSY Baumaschinen","url":"https:\/\/www.hsymachinery.com\/","logo":{"@type":"ImageObject","inLanguage":"de","@id":"https:\/\/www.hsymachinery.com\/#\/schema\/logo\/image\/","url":"https:\/\/www.hsymachinery.com\/wp-content\/uploads\/2025\/06\/cropped-HSY-machinery.png","contentUrl":"https:\/\/www.hsymachinery.com\/wp-content\/uploads\/2025\/06\/cropped-HSY-machinery.png","width":600,"height":240,"caption":"HSY Construction Machinery"},"image":{"@id":"https:\/\/www.hsymachinery.com\/#\/schema\/logo\/image\/"}}]}},"_links":{"self":[{"href":"https:\/\/www.hsymachinery.com\/de\/wp-json\/wp\/v2\/product\/8952","targetHints":{"allow":["GET"]}}],"collection":[{"href":"https:\/\/www.hsymachinery.com\/de\/wp-json\/wp\/v2\/product"}],"about":[{"href":"https:\/\/www.hsymachinery.com\/de\/wp-json\/wp\/v2\/types\/product"}],"version-history":[{"count":3,"href":"https:\/\/www.hsymachinery.com\/de\/wp-json\/wp\/v2\/product\/8952\/revisions"}],"predecessor-version":[{"id":9359,"href":"https:\/\/www.hsymachinery.com\/de\/wp-json\/wp\/v2\/product\/8952\/revisions\/9359"}],"wp:featuredmedia":[{"embeddable":true,"href":"https:\/\/www.hsymachinery.com\/de\/wp-json\/wp\/v2\/media\/8953"}],"wp:attachment":[{"href":"https:\/\/www.hsymachinery.com\/de\/wp-json\/wp\/v2\/media?parent=8952"}],"wp:term":[{"taxonomy":"product_brand","embeddable":true,"href":"https:\/\/www.hsymachinery.com\/de\/wp-json\/wp\/v2\/product_brand?post=8952"},{"taxonomy":"product_cat","embeddable":true,"href":"https:\/\/www.hsymachinery.com\/de\/wp-json\/wp\/v2\/product_cat?post=8952"},{"taxonomy":"product_tag","embeddable":true,"href":"https:\/\/www.hsymachinery.com\/de\/wp-json\/wp\/v2\/product_tag?post=8952"}],"curies":[{"name":"wp","href":"https:\/\/api.w.org\/{rel}","templated":true}]}}