{"id":8943,"date":"2025-06-18T11:59:17","date_gmt":"2025-06-18T03:59:17","guid":{"rendered":"https:\/\/www.hsymachinery.com\/?post_type=product&#038;p=8943"},"modified":"2025-06-25T23:11:34","modified_gmt":"2025-06-25T15:11:34","slug":"betonstahl-biegemaschine-gw45","status":"publish","type":"product","link":"https:\/\/www.hsymachinery.com\/de\/product\/betonstahl-biegemaschine-gw45\/","title":{"rendered":"Betonstahl-Biegemaschine GW45"},"content":{"rendered":"<h3 data-start=\"110\" data-end=\"191\">Mid-Sized Steel Rebar Bender f\u00fcr 6-36mm Bars | Construction Bending Equipment<\/h3>\n<h3 data-start=\"198\" data-end=\"297\">Produkt\u00fcbersicht - Schwere Betonstahlbiegemaschine f\u00fcr Bau- und Infrastrukturprojekte<\/h3>\n<p data-start=\"299\" data-end=\"609\">Die <strong data-start=\"303\" data-end=\"333\">Betonstahl-Biegemaschine GW45<\/strong> wurde entwickelt, um mit <strong data-start=\"358\" data-end=\"373\">6mm bis 36mm<\/strong> Stahlstangen mit hoher Biegepr\u00e4zision und Effizienz. Diese Baustahlbiegemaschine eignet sich sowohl f\u00fcr Baustellen als auch f\u00fcr Fertigungsbetriebe, insbesondere f\u00fcr Projekte wie Autobahnen, Wohnkomplexe, Br\u00fccken und Tunnels.<\/p>\n<p data-start=\"611\" data-end=\"796\">Mit ihrem robusten Rahmen, dem leistungsstarken Motor und den einstellbaren Biegewinkeln ist die GW45 ideal f\u00fcr Profis, die bei ihren t\u00e4glichen Bewehrungsarbeiten Zuverl\u00e4ssigkeit und Flexibilit\u00e4t suchen.<\/p>\n<h3 data-start=\"803\" data-end=\"853\">Verbesserte Kontrolle und hochpr\u00e4zises Biegen<\/h3>\n<p data-start=\"855\" data-end=\"1182\">Die <strong data-start=\"859\" data-end=\"889\"><a href=\"https:\/\/www.hsymachinery.com\/de\/produkte\/betonstahl-biegemaschine\/\" target=\"_blank\" rel=\"noopener\">Betonstahl-Biegemaschine<\/a> GW45<\/strong> verwendet eine rotierende Biegescheibe und ein mechanisches Stoppersystem, um pr\u00e4zise Biegungen von 0\u00b0 bis 180\u00b0 zu erzeugen. Die Bediener k\u00f6nnen verschiedene Winkel schnell und konsistent f\u00fcr komplexe B\u00fcgel oder kundenspezifische Bewehrungsformen einstellen. Dar\u00fcber hinaus kann die starke, flache Biegescheibe Stahl mit gro\u00dfem Durchmesser ohne Verformung verarbeiten.<\/p>\n<p data-start=\"1184\" data-end=\"1384\">A <strong data-start=\"1186\" data-end=\"1207\">Kupferkernmotor<\/strong> treibt die Maschine an und sorgt f\u00fcr ein konstantes Drehmoment und eine geringe Ger\u00e4uschentwicklung. Die <strong data-start=\"1281\" data-end=\"1299\">gekapseltes Getriebe<\/strong> sorgt f\u00fcr eine reibungslosere \u00dcbertragung, einen geringeren Wartungsaufwand und eine l\u00e4ngere Betriebslebensdauer.<\/p>\n<h3 data-start=\"1391\" data-end=\"1446\">\u00a0Gebaut, um harten Baubedingungen zu widerstehen<\/h3>\n<p data-start=\"1448\" data-end=\"1709\">Der GW45 verf\u00fcgt \u00fcber einen verst\u00e4rkten Stahlrahmen und hochbelastbare Biegeteile. Er arbeitet zuverl\u00e4ssig unter rauen Bedingungen wie auf staubigen Baustellen und in mobilen Werkst\u00e4tten. Dank der stabilen R\u00e4der kann der Benutzer die Maschine bei Bedarf leicht umpositionieren.<\/p>\n<p data-start=\"1711\" data-end=\"1936\">Dar\u00fcber hinaus verf\u00fcgt diese Betonstahlbiegemaschine \u00fcber eine Fu\u00dfpedal- oder Handschaltersteuerung f\u00fcr Betriebssicherheit und Komfort. Spannungs- und Frequenzoptionen (220V\/380V, 50Hz\/60Hz) machen die GW45 f\u00fcr globale M\u00e4rkte geeignet.<\/p>\n<h3 data-start=\"1943\" data-end=\"1991\">Warum sollten Sie sich f\u00fcr die GW45 Bewehrungsbiegemaschine entscheiden?<\/h3>\n<ul data-start=\"1993\" data-end=\"2219\">\n<li data-start=\"1993\" data-end=\"2060\">\n<p data-start=\"1995\" data-end=\"2060\">Biegt Stahlstangen von 6-36 mm pr\u00e4zise und mit konstanter Winkelkontrolle<\/p>\n<\/li>\n<li data-start=\"2061\" data-end=\"2112\">\n<p data-start=\"2063\" data-end=\"2112\">Starker Kupfermotor und wartungsarmes Getriebe<\/p>\n<\/li>\n<li data-start=\"2113\" data-end=\"2169\">\n<p data-start=\"2115\" data-end=\"2169\">Langlebig, mobil und f\u00fcr Baustellenbedingungen geeignet<\/p>\n<\/li>\n<li data-start=\"2170\" data-end=\"2219\">\n<p data-start=\"2172\" data-end=\"2219\">Exporttauglich mit Multispannungskonfiguration<\/p>\n<\/li>\n<\/ul>\n<p><iframe title=\"#Konstruktion #Konstruktionsarbeiter 1TP10Dreistangenbieger 1TP10Dreistangenbiegen\" width=\"720\" height=\"405\" src=\"https:\/\/www.youtube.com\/embed\/PJ1hngSXwUg?feature=oembed\" frameborder=\"0\" allow=\"accelerometer; autoplay; clipboard-write; encrypted-media; gyroscope; picture-in-picture; web-share\" referrerpolicy=\"strict-origin-when-cross-origin\" allowfullscreen><\/iframe><\/p>","protected":false},"excerpt":{"rendered":"<p>Die Bewehrungsbiegemaschine GW45 biegt Stahlst\u00e4be von 6-36 mm mit gleichm\u00e4\u00dfigem Drehmoment und hoher Pr\u00e4zision. Die robuste Konstruktion und die flexible Steuerung machen sie ideal f\u00fcr den Einsatz auf der Baustelle und in der Werkstatt.<\/p>","protected":false},"featured_media":8944,"template":"","meta":{"_kad_post_transparent":"default","_kad_post_title":"","_kad_post_layout":"default","_kad_post_sidebar_id":"","_kad_post_content_style":"default","_kad_post_vertical_padding":"default","_kad_post_feature":"","_kad_post_feature_position":"","_kad_post_header":false,"_kad_post_footer":false},"product_brand":[],"product_cat":[28],"product_tag":[998,1004,996,1003,997,1000,1001,999,995,1002],"class_list":{"0":"post-8943","1":"product","2":"type-product","3":"status-publish","4":"has-post-thumbnail","6":"product_cat-rebar-bending-machine","7":"product_tag-automatic-rebar-bending-machine","8":"product_tag-bar-bending-machine-price","9":"product_tag-cnc-rebar-bending-machine","10":"product_tag-construction-rebar-bender","11":"product_tag-electric-rebar-bender","12":"product_tag-electric-rebar-bending-machine","13":"product_tag-hydraulic-rebar-bending-machine","14":"product_tag-portable-rebar-bender","15":"product_tag-rebar-bender","16":"product_tag-steel-bar-bender","18":"first","19":"instock","20":"shipping-taxable","21":"product-type-simple","22":"entry","23":"content-bg","24":"loop-entry"},"yoast_head":"<!-- This site is optimized with the Yoast SEO plugin v25.3.1 - https:\/\/yoast.com\/wordpress\/plugins\/seo\/ -->\n<title>Rebar Bending Machine GW45 - HSY Construction Machinery<\/title>\n<meta name=\"description\" content=\"Rebar Bending Machine GW45 bends 6\u201336mm rebar with excellent control. Reliable, mobile, and ideal for medium-scale construction and steel reinforcement projects.\" \/>\n<meta name=\"robots\" content=\"index, follow, max-snippet:-1, max-image-preview:large, max-video-preview:-1\" \/>\n<link rel=\"canonical\" href=\"https:\/\/www.hsymachinery.com\/de\/product\/betonstahl-biegemaschine-gw45\/\" \/>\n<meta property=\"og:locale\" content=\"de_DE\" \/>\n<meta property=\"og:type\" content=\"article\" \/>\n<meta property=\"og:title\" content=\"Rebar Bending Machine GW45 - HSY Construction Machinery\" \/>\n<meta property=\"og:description\" content=\"Rebar Bending Machine GW45 bends 6\u201336mm rebar with excellent control. Reliable, mobile, and ideal for medium-scale construction and steel reinforcement projects.\" \/>\n<meta property=\"og:url\" content=\"https:\/\/www.hsymachinery.com\/de\/product\/betonstahl-biegemaschine-gw45\/\" \/>\n<meta property=\"og:site_name\" content=\"HSY Construction Machinery\" \/>\n<meta property=\"article:modified_time\" content=\"2025-06-25T15:11:34+00:00\" \/>\n<meta property=\"og:image\" content=\"https:\/\/www.hsymachinery.com\/wp-content\/uploads\/2025\/06\/Rebar-Bending-Machine-GW45.jpg\" \/>\n\t<meta property=\"og:image:width\" content=\"600\" \/>\n\t<meta property=\"og:image:height\" content=\"600\" \/>\n\t<meta property=\"og:image:type\" content=\"image\/jpeg\" \/>\n<meta name=\"twitter:card\" content=\"summary_large_image\" \/>\n<meta name=\"twitter:label1\" content=\"Gesch\u00e4tzte Lesezeit\" \/>\n\t<meta name=\"twitter:data1\" content=\"2\u00a0Minuten\" \/>\n<script type=\"application\/ld+json\" class=\"yoast-schema-graph\">{\"@context\":\"https:\/\/schema.org\",\"@graph\":[{\"@type\":\"WebPage\",\"@id\":\"https:\/\/www.hsymachinery.com\/product\/rebar-bending-machine-gw45\/\",\"url\":\"https:\/\/www.hsymachinery.com\/product\/rebar-bending-machine-gw45\/\",\"name\":\"Rebar Bending Machine GW45 - HSY Construction Machinery\",\"isPartOf\":{\"@id\":\"https:\/\/www.hsymachinery.com\/#website\"},\"primaryImageOfPage\":{\"@id\":\"https:\/\/www.hsymachinery.com\/product\/rebar-bending-machine-gw45\/#primaryimage\"},\"image\":{\"@id\":\"https:\/\/www.hsymachinery.com\/product\/rebar-bending-machine-gw45\/#primaryimage\"},\"thumbnailUrl\":\"https:\/\/www.hsymachinery.com\/wp-content\/uploads\/2025\/06\/Rebar-Bending-Machine-GW45.jpg\",\"datePublished\":\"2025-06-18T03:59:17+00:00\",\"dateModified\":\"2025-06-25T15:11:34+00:00\",\"description\":\"Rebar Bending Machine GW45 bends 6\u201336mm rebar with excellent control. Reliable, mobile, and ideal for medium-scale construction and steel reinforcement projects.\",\"breadcrumb\":{\"@id\":\"https:\/\/www.hsymachinery.com\/product\/rebar-bending-machine-gw45\/#breadcrumb\"},\"inLanguage\":\"de\",\"potentialAction\":[{\"@type\":\"ReadAction\",\"target\":[\"https:\/\/www.hsymachinery.com\/product\/rebar-bending-machine-gw45\/\"]}]},{\"@type\":\"ImageObject\",\"inLanguage\":\"de\",\"@id\":\"https:\/\/www.hsymachinery.com\/product\/rebar-bending-machine-gw45\/#primaryimage\",\"url\":\"https:\/\/www.hsymachinery.com\/wp-content\/uploads\/2025\/06\/Rebar-Bending-Machine-GW45.jpg\",\"contentUrl\":\"https:\/\/www.hsymachinery.com\/wp-content\/uploads\/2025\/06\/Rebar-Bending-Machine-GW45.jpg\",\"width\":600,\"height\":600},{\"@type\":\"BreadcrumbList\",\"@id\":\"https:\/\/www.hsymachinery.com\/product\/rebar-bending-machine-gw45\/#breadcrumb\",\"itemListElement\":[{\"@type\":\"ListItem\",\"position\":1,\"name\":\"home\",\"item\":\"https:\/\/www.hsymachinery.com\/\"},{\"@type\":\"ListItem\",\"position\":2,\"name\":\"products\",\"item\":\"https:\/\/www.hsymachinery.com\/products\/\"},{\"@type\":\"ListItem\",\"position\":3,\"name\":\"Rebar Bending Machine GW45\"}]},{\"@type\":\"WebSite\",\"@id\":\"https:\/\/www.hsymachinery.com\/#website\",\"url\":\"https:\/\/www.hsymachinery.com\/\",\"name\":\"HSY Construction Machinery\",\"description\":\"HSY Machinery \u2013 A leading China construction machinery supplier, offering a wide range of light construction equipment. Our main products include Rebar Cutting Machine, Rebar Bending Machine, Rebar Stirrup Bending Machine, Rebar Arc Bending Machine, Rebar Straightening Machine, Five-Head Rebar Stirrup Bending Machine, Tamping Rammer, Plate Compactor, Concrete Cutter, Power Trowel, and other construction machinery. We are equipped with advanced CNC machines, and we enforce strict quality inspection standards along with comprehensive after-sales service. If you are interested in our products or services, we warmly welcome your inquiries via message.\",\"publisher\":{\"@id\":\"https:\/\/www.hsymachinery.com\/#organization\"},\"potentialAction\":[{\"@type\":\"SearchAction\",\"target\":{\"@type\":\"EntryPoint\",\"urlTemplate\":\"https:\/\/www.hsymachinery.com\/?s={search_term_string}\"},\"query-input\":{\"@type\":\"PropertyValueSpecification\",\"valueRequired\":true,\"valueName\":\"search_term_string\"}}],\"inLanguage\":\"de\"},{\"@type\":\"Organization\",\"@id\":\"https:\/\/www.hsymachinery.com\/#organization\",\"name\":\"HSY Construction Machinery\",\"url\":\"https:\/\/www.hsymachinery.com\/\",\"logo\":{\"@type\":\"ImageObject\",\"inLanguage\":\"de\",\"@id\":\"https:\/\/www.hsymachinery.com\/#\/schema\/logo\/image\/\",\"url\":\"https:\/\/www.hsymachinery.com\/wp-content\/uploads\/2025\/06\/cropped-HSY-machinery.png\",\"contentUrl\":\"https:\/\/www.hsymachinery.com\/wp-content\/uploads\/2025\/06\/cropped-HSY-machinery.png\",\"width\":600,\"height\":240,\"caption\":\"HSY Construction Machinery\"},\"image\":{\"@id\":\"https:\/\/www.hsymachinery.com\/#\/schema\/logo\/image\/\"}}]}<\/script>\n<!-- \/ Yoast SEO plugin. -->","yoast_head_json":{"title":"Bewehrungsbiegemaschine GW45 - HSY Construction Machinery","description":"Die Betonstahlbiegemaschine GW45 biegt Betonstahl von 6-36 mm mit hervorragender Kontrolle. Zuverl\u00e4ssig, mobil und ideal f\u00fcr mittelgro\u00dfe Bau- und Stahlbewehrungsprojekte.","robots":{"index":"index","follow":"follow","max-snippet":"max-snippet:-1","max-image-preview":"max-image-preview:large","max-video-preview":"max-video-preview:-1"},"canonical":"https:\/\/www.hsymachinery.com\/de\/product\/betonstahl-biegemaschine-gw45\/","og_locale":"de_DE","og_type":"article","og_title":"Rebar Bending Machine GW45 - HSY Construction Machinery","og_description":"Rebar Bending Machine GW45 bends 6\u201336mm rebar with excellent control. Reliable, mobile, and ideal for medium-scale construction and steel reinforcement projects.","og_url":"https:\/\/www.hsymachinery.com\/de\/product\/betonstahl-biegemaschine-gw45\/","og_site_name":"HSY Construction Machinery","article_modified_time":"2025-06-25T15:11:34+00:00","og_image":[{"width":600,"height":600,"url":"https:\/\/www.hsymachinery.com\/wp-content\/uploads\/2025\/06\/Rebar-Bending-Machine-GW45.jpg","type":"image\/jpeg"}],"twitter_card":"summary_large_image","twitter_misc":{"Gesch\u00e4tzte Lesezeit":"2\u00a0Minuten"},"schema":{"@context":"https:\/\/schema.org","@graph":[{"@type":"WebPage","@id":"https:\/\/www.hsymachinery.com\/product\/rebar-bending-machine-gw45\/","url":"https:\/\/www.hsymachinery.com\/product\/rebar-bending-machine-gw45\/","name":"Bewehrungsbiegemaschine GW45 - HSY Construction Machinery","isPartOf":{"@id":"https:\/\/www.hsymachinery.com\/#website"},"primaryImageOfPage":{"@id":"https:\/\/www.hsymachinery.com\/product\/rebar-bending-machine-gw45\/#primaryimage"},"image":{"@id":"https:\/\/www.hsymachinery.com\/product\/rebar-bending-machine-gw45\/#primaryimage"},"thumbnailUrl":"https:\/\/www.hsymachinery.com\/wp-content\/uploads\/2025\/06\/Rebar-Bending-Machine-GW45.jpg","datePublished":"2025-06-18T03:59:17+00:00","dateModified":"2025-06-25T15:11:34+00:00","description":"Die Betonstahlbiegemaschine GW45 biegt Betonstahl von 6-36 mm mit hervorragender Kontrolle. Zuverl\u00e4ssig, mobil und ideal f\u00fcr mittelgro\u00dfe Bau- und Stahlbewehrungsprojekte.","breadcrumb":{"@id":"https:\/\/www.hsymachinery.com\/product\/rebar-bending-machine-gw45\/#breadcrumb"},"inLanguage":"de","potentialAction":[{"@type":"ReadAction","target":["https:\/\/www.hsymachinery.com\/product\/rebar-bending-machine-gw45\/"]}]},{"@type":"ImageObject","inLanguage":"de","@id":"https:\/\/www.hsymachinery.com\/product\/rebar-bending-machine-gw45\/#primaryimage","url":"https:\/\/www.hsymachinery.com\/wp-content\/uploads\/2025\/06\/Rebar-Bending-Machine-GW45.jpg","contentUrl":"https:\/\/www.hsymachinery.com\/wp-content\/uploads\/2025\/06\/Rebar-Bending-Machine-GW45.jpg","width":600,"height":600},{"@type":"BreadcrumbList","@id":"https:\/\/www.hsymachinery.com\/product\/rebar-bending-machine-gw45\/#breadcrumb","itemListElement":[{"@type":"ListItem","position":1,"name":"home","item":"https:\/\/www.hsymachinery.com\/"},{"@type":"ListItem","position":2,"name":"products","item":"https:\/\/www.hsymachinery.com\/products\/"},{"@type":"ListItem","position":3,"name":"Rebar Bending Machine GW45"}]},{"@type":"WebSite","@id":"https:\/\/www.hsymachinery.com\/#website","url":"https:\/\/www.hsymachinery.com\/","name":"HSY Baumaschinen","description":"HSY Machinery - Ein f\u00fchrender chinesischer Lieferant von Baumaschinen, der eine breite Palette von leichten Baumaschinen anbietet. Zu unseren Hauptprodukten geh\u00f6ren Bewehrungsschneidemaschine, Bewehrungsbiegemaschine, Bewehrungsb\u00fcgel-Biegemaschine, Bewehrungsbogen-Biegemaschine, Bewehrungsrichtmaschine, F\u00fcnf-Kopf-Bewehrungsb\u00fcgel-Biegemaschine, Stampfhammer, Plattenverdichter, Betonschneider, Gl\u00e4ttmaschine und andere Baumaschinen. Wir sind mit fortschrittlichen CNC-Maschinen ausgestattet und verf\u00fcgen \u00fcber strenge Qualit\u00e4tskontrollstandards sowie einen umfassenden Kundendienst. Wenn Sie an unseren Produkten oder Dienstleistungen interessiert sind, freuen wir uns \u00fcber Ihre Anfrage per Nachricht.","publisher":{"@id":"https:\/\/www.hsymachinery.com\/#organization"},"potentialAction":[{"@type":"SearchAction","target":{"@type":"EntryPoint","urlTemplate":"https:\/\/www.hsymachinery.com\/?s={search_term_string}"},"query-input":{"@type":"PropertyValueSpecification","valueRequired":true,"valueName":"search_term_string"}}],"inLanguage":"de"},{"@type":"Organization","@id":"https:\/\/www.hsymachinery.com\/#organization","name":"HSY Baumaschinen","url":"https:\/\/www.hsymachinery.com\/","logo":{"@type":"ImageObject","inLanguage":"de","@id":"https:\/\/www.hsymachinery.com\/#\/schema\/logo\/image\/","url":"https:\/\/www.hsymachinery.com\/wp-content\/uploads\/2025\/06\/cropped-HSY-machinery.png","contentUrl":"https:\/\/www.hsymachinery.com\/wp-content\/uploads\/2025\/06\/cropped-HSY-machinery.png","width":600,"height":240,"caption":"HSY Construction Machinery"},"image":{"@id":"https:\/\/www.hsymachinery.com\/#\/schema\/logo\/image\/"}}]}},"_links":{"self":[{"href":"https:\/\/www.hsymachinery.com\/de\/wp-json\/wp\/v2\/product\/8943","targetHints":{"allow":["GET"]}}],"collection":[{"href":"https:\/\/www.hsymachinery.com\/de\/wp-json\/wp\/v2\/product"}],"about":[{"href":"https:\/\/www.hsymachinery.com\/de\/wp-json\/wp\/v2\/types\/product"}],"version-history":[{"count":3,"href":"https:\/\/www.hsymachinery.com\/de\/wp-json\/wp\/v2\/product\/8943\/revisions"}],"predecessor-version":[{"id":9352,"href":"https:\/\/www.hsymachinery.com\/de\/wp-json\/wp\/v2\/product\/8943\/revisions\/9352"}],"wp:featuredmedia":[{"embeddable":true,"href":"https:\/\/www.hsymachinery.com\/de\/wp-json\/wp\/v2\/media\/8944"}],"wp:attachment":[{"href":"https:\/\/www.hsymachinery.com\/de\/wp-json\/wp\/v2\/media?parent=8943"}],"wp:term":[{"taxonomy":"product_brand","embeddable":true,"href":"https:\/\/www.hsymachinery.com\/de\/wp-json\/wp\/v2\/product_brand?post=8943"},{"taxonomy":"product_cat","embeddable":true,"href":"https:\/\/www.hsymachinery.com\/de\/wp-json\/wp\/v2\/product_cat?post=8943"},{"taxonomy":"product_tag","embeddable":true,"href":"https:\/\/www.hsymachinery.com\/de\/wp-json\/wp\/v2\/product_tag?post=8943"}],"curies":[{"name":"wp","href":"https:\/\/api.w.org\/{rel}","templated":true}]}}