{"id":8918,"date":"2025-06-18T11:23:11","date_gmt":"2025-06-18T03:23:11","guid":{"rendered":"https:\/\/www.hsymachinery.com\/?post_type=product&#038;p=8918"},"modified":"2025-06-25T20:46:53","modified_gmt":"2025-06-25T12:46:53","slug":"betonstahlschneidemaschine-gq45-rundmesser","status":"publish","type":"product","link":"https:\/\/www.hsymachinery.com\/de\/product\/betonstahlschneidemaschine-gq45-rundmesser\/","title":{"rendered":"Betonstahlschneidemaschine GQ45 (Rundmesser)"},"content":{"rendered":"<h3 data-start=\"332\" data-end=\"408\">Langlebiger Betonstahlschneider mit Rollmesser f\u00fcr die Verarbeitung gro\u00dfer Mengen Stahl<\/h3>\n<h3 data-start=\"415\" data-end=\"493\">\u00a0Produkt\u00fcbersicht - Rundmesser-Blechbearbeitungsmaschine f\u00fcr 6-36mm St\u00e4be<\/h3>\n<p data-start=\"495\" data-end=\"891\">Die <strong data-start=\"499\" data-end=\"543\">Betonstahlschneidemaschine GQ45 (Rundmesser)<\/strong> ist f\u00fcr das hocheffiziente Schneiden von Stahlstangen im Bauwesen und in der Industrie konzipiert. Dieses Modell ist geeignet f\u00fcr das Schneiden <strong data-start=\"674\" data-end=\"689\">6mm bis 36mm<\/strong> Rundstahl, verformte St\u00e4be und Bewehrungsstahl aus Kohlenstoff. Dank seiner <strong data-start=\"750\" data-end=\"780\">Rundmesser-Schneidesystem<\/strong>Die Maschine wendet eine rollende Scherbewegung an, die den Schneidwiderstand erheblich reduziert und die Geschwindigkeit erh\u00f6ht.<\/p>\n<h3 data-start=\"898\" data-end=\"948\">\u00a0Sanfte Scherbewegung mit weniger Klingenverschlei\u00df<\/h3>\n<p data-start=\"950\" data-end=\"1305\">Im Gegensatz zu flachen Messern verwendet das runde Messer eine kreisf\u00f6rmige Scherbewegung, die glattere Schnitte und eine l\u00e4ngere Lebensdauer der Klinge erm\u00f6glicht. Das Ergebnis: Die Bediener sp\u00fcren weniger Vibrationen und k\u00f6nnen mehr Stangen pro Stunde bei geringerer Erm\u00fcdung verarbeiten. Au\u00dferdem ist das <strong data-start=\"1196\" data-end=\"1238\">GQ45 Rundmesser-Schneidemaschine f\u00fcr Betonstahl<\/strong> sorgt daf\u00fcr, dass jede Stange sauber und ohne Verformungen oder Grate geschnitten wird.<\/p>\n<p data-start=\"1307\" data-end=\"1538\">A <strong data-start=\"1309\" data-end=\"1330\">Kupferkernmotor<\/strong> treibt das Ger\u00e4t an und liefert \u00fcber lange Betriebszyklen hinweg ein zuverl\u00e4ssiges Drehmoment. Das Getriebe besteht aus pr\u00e4zisionsgefertigten Komponenten, die die Reibung reduzieren, die Effizienz verbessern und die Lebensdauer der Maschine verl\u00e4ngern.<\/p>\n<h3 data-start=\"1545\" data-end=\"1588\">Stabiler Rahmen und exporttaugliches Design<\/h3>\n<p data-start=\"1590\" data-end=\"1982\">Gebaut mit einer <strong data-start=\"1603\" data-end=\"1632\">hochbelastbares Geh\u00e4use aus Gusseisen<\/strong>Das GQ45 (Rundmesser) ist sto\u00df- und verschlei\u00dffest f\u00fcr den Einsatz unter schwierigen Bedingungen. Dar\u00fcber hinaus umfasst die Maschine <strong data-start=\"1746\" data-end=\"1764\">robuste R\u00e4der<\/strong> f\u00fcr eine einfache Verlagerung auf der Baustelle. Der Bediener kann die Schnitth\u00fcbe mit einem <strong data-start=\"1840\" data-end=\"1857\">manueller Griff<\/strong>und sorgt f\u00fcr Sicherheit und Pr\u00e4zision. Die Wartung ist schnell und bequem durch die zu \u00f6ffnende Abdeckung und den werkzeuglosen Klingenwechsel.<\/p>\n<p data-start=\"1984\" data-end=\"2218\">Dieses Modell unterst\u00fctzt internationale Spannungsstandards (220V\/380V, 50Hz\/60Hz) und ist damit eine praktische Wahl f\u00fcr Exportm\u00e4rkte. Bauunternehmer auf der ganzen Welt verlassen sich auf die <strong data-start=\"2143\" data-end=\"2187\">Betonstahlschneidemaschine GQ45 (Rundmesser)<\/strong> f\u00fcr die t\u00e4gliche Arbeit beim Stahlschneiden.<\/p>\n<h3 data-start=\"2225\" data-end=\"2269\">Warum sollten Sie sich f\u00fcr das Modell GQ45 Round Knife entscheiden?<\/h3>\n<ul data-start=\"2271\" data-end=\"2463\">\n<li data-start=\"2271\" data-end=\"2315\">\n<p data-start=\"2273\" data-end=\"2315\">Effiziente Walzschere f\u00fcr 6-36 mm Betonstahl<\/p>\n<\/li>\n<li data-start=\"2316\" data-end=\"2353\">\n<p data-start=\"2318\" data-end=\"2353\">Weniger Vibrationen, l\u00e4ngere Lebensdauer der Klinge<\/p>\n<\/li>\n<li data-start=\"2354\" data-end=\"2396\">\n<p data-start=\"2356\" data-end=\"2396\">Schneller Schnittzyklus, saubere Kanten<\/p>\n<\/li>\n<li data-start=\"2397\" data-end=\"2463\">\n<p data-start=\"2399\" data-end=\"2463\">Gebaut f\u00fcr den Dauerbetrieb auf anspruchsvollen Baustellen<\/p>\n<\/li>\n<\/ul>\n<p><iframe title=\"#Konstruktion #Konstruktionsarbeiter #rebarmaschine #rebarschneidemaschine #rebarschneidemaschine #rebar\" width=\"720\" height=\"405\" src=\"https:\/\/www.youtube.com\/embed\/tdc4TA5-zRc?feature=oembed\" frameborder=\"0\" allow=\"accelerometer; autoplay; clipboard-write; encrypted-media; gyroscope; picture-in-picture; web-share\" referrerpolicy=\"strict-origin-when-cross-origin\" allowfullscreen><\/iframe><\/p>","protected":false},"excerpt":{"rendered":"<p>Die GQ45 Rundmesser-Stahlschneidemaschine schneidet 6-36 mm Stahlstangen mit rollender Scherpr\u00e4zision, reduziert den Widerstand und erh\u00f6ht die Geschwindigkeit und Lebensdauer der Klinge.<\/p>","protected":false},"featured_media":8919,"template":"","meta":{"_kad_post_transparent":"default","_kad_post_title":"","_kad_post_layout":"default","_kad_post_sidebar_id":"","_kad_post_content_style":"default","_kad_post_vertical_padding":"default","_kad_post_feature":"","_kad_post_feature_position":"","_kad_post_header":false,"_kad_post_footer":false},"product_brand":[],"product_cat":[51],"product_tag":[988,992,990,989,993,985,994,987,984,991,986],"class_list":{"0":"post-8918","1":"product","2":"type-product","3":"status-publish","4":"has-post-thumbnail","6":"product_cat-rebar-cutting-machine","7":"product_tag-automatic-rebar-cutter","8":"product_tag-construction-steel-bar-cutter","9":"product_tag-electric-rebar-cutting-tool","10":"product_tag-hydraulic-rebar-cutting-machine","11":"product_tag-portable-rebar-cutting-machine","12":"product_tag-rebar-cutter","13":"product_tag-rebar-cutting-machine","14":"product_tag-reinforcement-bar-cutter","15":"product_tag-steel-bar-cutting-machine","16":"product_tag-steel-rod-cutter-machine","17":"product_tag-tmt-bar-cutting-machine","19":"first","20":"instock","21":"shipping-taxable","22":"product-type-simple","23":"entry","24":"content-bg","25":"loop-entry"},"yoast_head":"<!-- This site is optimized with the Yoast SEO plugin v25.3.1 - https:\/\/yoast.com\/wordpress\/plugins\/seo\/ -->\n<title>Rebar Cutting Machine GQ45 (Round knife) - HSY Construction Machinery<\/title>\n<meta name=\"description\" content=\"Rebar Cutting Machine GQ45 (Round Knife) provides smooth, high-speed cutting of 6\u201336mm rebar. Ideal for construction and steel processing export markets.\" \/>\n<meta name=\"robots\" content=\"index, follow, max-snippet:-1, max-image-preview:large, max-video-preview:-1\" \/>\n<link rel=\"canonical\" href=\"https:\/\/www.hsymachinery.com\/de\/product\/betonstahlschneidemaschine-gq45-rundmesser\/\" \/>\n<meta property=\"og:locale\" content=\"de_DE\" \/>\n<meta property=\"og:type\" content=\"article\" \/>\n<meta property=\"og:title\" content=\"Rebar Cutting Machine GQ45 (Round knife) - HSY Construction Machinery\" \/>\n<meta property=\"og:description\" content=\"Rebar Cutting Machine GQ45 (Round Knife) provides smooth, high-speed cutting of 6\u201336mm rebar. Ideal for construction and steel processing export markets.\" \/>\n<meta property=\"og:url\" content=\"https:\/\/www.hsymachinery.com\/de\/product\/betonstahlschneidemaschine-gq45-rundmesser\/\" \/>\n<meta property=\"og:site_name\" content=\"HSY Construction Machinery\" \/>\n<meta property=\"article:modified_time\" content=\"2025-06-25T12:46:53+00:00\" \/>\n<meta property=\"og:image\" content=\"https:\/\/www.hsymachinery.com\/wp-content\/uploads\/2025\/06\/Rebar-Cutting-Machine-GQ45-Round-knife.jpg\" \/>\n\t<meta property=\"og:image:width\" content=\"600\" \/>\n\t<meta property=\"og:image:height\" content=\"600\" \/>\n\t<meta property=\"og:image:type\" content=\"image\/jpeg\" \/>\n<meta name=\"twitter:card\" content=\"summary_large_image\" \/>\n<meta name=\"twitter:label1\" content=\"Gesch\u00e4tzte Lesezeit\" \/>\n\t<meta name=\"twitter:data1\" content=\"2\u00a0Minuten\" \/>\n<script type=\"application\/ld+json\" class=\"yoast-schema-graph\">{\"@context\":\"https:\/\/schema.org\",\"@graph\":[{\"@type\":\"WebPage\",\"@id\":\"https:\/\/www.hsymachinery.com\/product\/rebar-cutting-machine-gq45-round-knife\/\",\"url\":\"https:\/\/www.hsymachinery.com\/product\/rebar-cutting-machine-gq45-round-knife\/\",\"name\":\"Rebar Cutting Machine GQ45 (Round knife) - HSY Construction Machinery\",\"isPartOf\":{\"@id\":\"https:\/\/www.hsymachinery.com\/#website\"},\"primaryImageOfPage\":{\"@id\":\"https:\/\/www.hsymachinery.com\/product\/rebar-cutting-machine-gq45-round-knife\/#primaryimage\"},\"image\":{\"@id\":\"https:\/\/www.hsymachinery.com\/product\/rebar-cutting-machine-gq45-round-knife\/#primaryimage\"},\"thumbnailUrl\":\"https:\/\/www.hsymachinery.com\/wp-content\/uploads\/2025\/06\/Rebar-Cutting-Machine-GQ45-Round-knife.jpg\",\"datePublished\":\"2025-06-18T03:23:11+00:00\",\"dateModified\":\"2025-06-25T12:46:53+00:00\",\"description\":\"Rebar Cutting Machine GQ45 (Round Knife) provides smooth, high-speed cutting of 6\u201336mm rebar. Ideal for construction and steel processing export markets.\",\"breadcrumb\":{\"@id\":\"https:\/\/www.hsymachinery.com\/product\/rebar-cutting-machine-gq45-round-knife\/#breadcrumb\"},\"inLanguage\":\"de\",\"potentialAction\":[{\"@type\":\"ReadAction\",\"target\":[\"https:\/\/www.hsymachinery.com\/product\/rebar-cutting-machine-gq45-round-knife\/\"]}]},{\"@type\":\"ImageObject\",\"inLanguage\":\"de\",\"@id\":\"https:\/\/www.hsymachinery.com\/product\/rebar-cutting-machine-gq45-round-knife\/#primaryimage\",\"url\":\"https:\/\/www.hsymachinery.com\/wp-content\/uploads\/2025\/06\/Rebar-Cutting-Machine-GQ45-Round-knife.jpg\",\"contentUrl\":\"https:\/\/www.hsymachinery.com\/wp-content\/uploads\/2025\/06\/Rebar-Cutting-Machine-GQ45-Round-knife.jpg\",\"width\":600,\"height\":600},{\"@type\":\"BreadcrumbList\",\"@id\":\"https:\/\/www.hsymachinery.com\/product\/rebar-cutting-machine-gq45-round-knife\/#breadcrumb\",\"itemListElement\":[{\"@type\":\"ListItem\",\"position\":1,\"name\":\"home\",\"item\":\"https:\/\/www.hsymachinery.com\/\"},{\"@type\":\"ListItem\",\"position\":2,\"name\":\"products\",\"item\":\"https:\/\/www.hsymachinery.com\/products\/\"},{\"@type\":\"ListItem\",\"position\":3,\"name\":\"Rebar Cutting Machine GQ45 (Round knife)\"}]},{\"@type\":\"WebSite\",\"@id\":\"https:\/\/www.hsymachinery.com\/#website\",\"url\":\"https:\/\/www.hsymachinery.com\/\",\"name\":\"HSY Construction Machinery\",\"description\":\"HSY Machinery \u2013 A leading China construction machinery supplier, offering a wide range of light construction equipment. Our main products include Rebar Cutting Machine, Rebar Bending Machine, Rebar Stirrup Bending Machine, Rebar Arc Bending Machine, Rebar Straightening Machine, Five-Head Rebar Stirrup Bending Machine, Tamping Rammer, Plate Compactor, Concrete Cutter, Power Trowel, and other construction machinery. We are equipped with advanced CNC machines, and we enforce strict quality inspection standards along with comprehensive after-sales service. If you are interested in our products or services, we warmly welcome your inquiries via message.\",\"publisher\":{\"@id\":\"https:\/\/www.hsymachinery.com\/#organization\"},\"potentialAction\":[{\"@type\":\"SearchAction\",\"target\":{\"@type\":\"EntryPoint\",\"urlTemplate\":\"https:\/\/www.hsymachinery.com\/?s={search_term_string}\"},\"query-input\":{\"@type\":\"PropertyValueSpecification\",\"valueRequired\":true,\"valueName\":\"search_term_string\"}}],\"inLanguage\":\"de\"},{\"@type\":\"Organization\",\"@id\":\"https:\/\/www.hsymachinery.com\/#organization\",\"name\":\"HSY Construction Machinery\",\"url\":\"https:\/\/www.hsymachinery.com\/\",\"logo\":{\"@type\":\"ImageObject\",\"inLanguage\":\"de\",\"@id\":\"https:\/\/www.hsymachinery.com\/#\/schema\/logo\/image\/\",\"url\":\"https:\/\/www.hsymachinery.com\/wp-content\/uploads\/2025\/06\/cropped-HSY-machinery.png\",\"contentUrl\":\"https:\/\/www.hsymachinery.com\/wp-content\/uploads\/2025\/06\/cropped-HSY-machinery.png\",\"width\":600,\"height\":240,\"caption\":\"HSY Construction Machinery\"},\"image\":{\"@id\":\"https:\/\/www.hsymachinery.com\/#\/schema\/logo\/image\/\"}}]}<\/script>\n<!-- \/ Yoast SEO plugin. -->","yoast_head_json":{"title":"Bewehrungsschneidemaschine GQ45 (Rundmesser) - HSY Construction Machinery","description":"Die Bewehrungsschneidemaschine GQ45 (Rundmesser) erm\u00f6glicht ein gleichm\u00e4\u00dfiges, schnelles Schneiden von Bewehrungsst\u00e4ben zwischen 6 und 36 mm. Ideal f\u00fcr das Baugewerbe und die stahlverarbeitenden Exportm\u00e4rkte.","robots":{"index":"index","follow":"follow","max-snippet":"max-snippet:-1","max-image-preview":"max-image-preview:large","max-video-preview":"max-video-preview:-1"},"canonical":"https:\/\/www.hsymachinery.com\/de\/product\/betonstahlschneidemaschine-gq45-rundmesser\/","og_locale":"de_DE","og_type":"article","og_title":"Rebar Cutting Machine GQ45 (Round knife) - HSY Construction Machinery","og_description":"Rebar Cutting Machine GQ45 (Round Knife) provides smooth, high-speed cutting of 6\u201336mm rebar. Ideal for construction and steel processing export markets.","og_url":"https:\/\/www.hsymachinery.com\/de\/product\/betonstahlschneidemaschine-gq45-rundmesser\/","og_site_name":"HSY Construction Machinery","article_modified_time":"2025-06-25T12:46:53+00:00","og_image":[{"width":600,"height":600,"url":"https:\/\/www.hsymachinery.com\/wp-content\/uploads\/2025\/06\/Rebar-Cutting-Machine-GQ45-Round-knife.jpg","type":"image\/jpeg"}],"twitter_card":"summary_large_image","twitter_misc":{"Gesch\u00e4tzte Lesezeit":"2\u00a0Minuten"},"schema":{"@context":"https:\/\/schema.org","@graph":[{"@type":"WebPage","@id":"https:\/\/www.hsymachinery.com\/product\/rebar-cutting-machine-gq45-round-knife\/","url":"https:\/\/www.hsymachinery.com\/product\/rebar-cutting-machine-gq45-round-knife\/","name":"Bewehrungsschneidemaschine GQ45 (Rundmesser) - HSY Construction Machinery","isPartOf":{"@id":"https:\/\/www.hsymachinery.com\/#website"},"primaryImageOfPage":{"@id":"https:\/\/www.hsymachinery.com\/product\/rebar-cutting-machine-gq45-round-knife\/#primaryimage"},"image":{"@id":"https:\/\/www.hsymachinery.com\/product\/rebar-cutting-machine-gq45-round-knife\/#primaryimage"},"thumbnailUrl":"https:\/\/www.hsymachinery.com\/wp-content\/uploads\/2025\/06\/Rebar-Cutting-Machine-GQ45-Round-knife.jpg","datePublished":"2025-06-18T03:23:11+00:00","dateModified":"2025-06-25T12:46:53+00:00","description":"Die Bewehrungsschneidemaschine GQ45 (Rundmesser) erm\u00f6glicht ein gleichm\u00e4\u00dfiges, schnelles Schneiden von Bewehrungsst\u00e4ben zwischen 6 und 36 mm. Ideal f\u00fcr das Baugewerbe und die stahlverarbeitenden Exportm\u00e4rkte.","breadcrumb":{"@id":"https:\/\/www.hsymachinery.com\/product\/rebar-cutting-machine-gq45-round-knife\/#breadcrumb"},"inLanguage":"de","potentialAction":[{"@type":"ReadAction","target":["https:\/\/www.hsymachinery.com\/product\/rebar-cutting-machine-gq45-round-knife\/"]}]},{"@type":"ImageObject","inLanguage":"de","@id":"https:\/\/www.hsymachinery.com\/product\/rebar-cutting-machine-gq45-round-knife\/#primaryimage","url":"https:\/\/www.hsymachinery.com\/wp-content\/uploads\/2025\/06\/Rebar-Cutting-Machine-GQ45-Round-knife.jpg","contentUrl":"https:\/\/www.hsymachinery.com\/wp-content\/uploads\/2025\/06\/Rebar-Cutting-Machine-GQ45-Round-knife.jpg","width":600,"height":600},{"@type":"BreadcrumbList","@id":"https:\/\/www.hsymachinery.com\/product\/rebar-cutting-machine-gq45-round-knife\/#breadcrumb","itemListElement":[{"@type":"ListItem","position":1,"name":"home","item":"https:\/\/www.hsymachinery.com\/"},{"@type":"ListItem","position":2,"name":"products","item":"https:\/\/www.hsymachinery.com\/products\/"},{"@type":"ListItem","position":3,"name":"Rebar Cutting Machine GQ45 (Round knife)"}]},{"@type":"WebSite","@id":"https:\/\/www.hsymachinery.com\/#website","url":"https:\/\/www.hsymachinery.com\/","name":"HSY Baumaschinen","description":"HSY Machinery - Ein f\u00fchrender chinesischer Lieferant von Baumaschinen, der eine breite Palette von leichten Baumaschinen anbietet. Zu unseren Hauptprodukten geh\u00f6ren Bewehrungsschneidemaschine, Bewehrungsbiegemaschine, Bewehrungsb\u00fcgel-Biegemaschine, Bewehrungsbogen-Biegemaschine, Bewehrungsrichtmaschine, F\u00fcnf-Kopf-Bewehrungsb\u00fcgel-Biegemaschine, Stampfhammer, Plattenverdichter, Betonschneider, Gl\u00e4ttmaschine und andere Baumaschinen. Wir sind mit fortschrittlichen CNC-Maschinen ausgestattet und verf\u00fcgen \u00fcber strenge Qualit\u00e4tskontrollstandards sowie einen umfassenden Kundendienst. Wenn Sie an unseren Produkten oder Dienstleistungen interessiert sind, freuen wir uns \u00fcber Ihre Anfrage per Nachricht.","publisher":{"@id":"https:\/\/www.hsymachinery.com\/#organization"},"potentialAction":[{"@type":"SearchAction","target":{"@type":"EntryPoint","urlTemplate":"https:\/\/www.hsymachinery.com\/?s={search_term_string}"},"query-input":{"@type":"PropertyValueSpecification","valueRequired":true,"valueName":"search_term_string"}}],"inLanguage":"de"},{"@type":"Organization","@id":"https:\/\/www.hsymachinery.com\/#organization","name":"HSY Baumaschinen","url":"https:\/\/www.hsymachinery.com\/","logo":{"@type":"ImageObject","inLanguage":"de","@id":"https:\/\/www.hsymachinery.com\/#\/schema\/logo\/image\/","url":"https:\/\/www.hsymachinery.com\/wp-content\/uploads\/2025\/06\/cropped-HSY-machinery.png","contentUrl":"https:\/\/www.hsymachinery.com\/wp-content\/uploads\/2025\/06\/cropped-HSY-machinery.png","width":600,"height":240,"caption":"HSY Construction Machinery"},"image":{"@id":"https:\/\/www.hsymachinery.com\/#\/schema\/logo\/image\/"}}]}},"_links":{"self":[{"href":"https:\/\/www.hsymachinery.com\/de\/wp-json\/wp\/v2\/product\/8918","targetHints":{"allow":["GET"]}}],"collection":[{"href":"https:\/\/www.hsymachinery.com\/de\/wp-json\/wp\/v2\/product"}],"about":[{"href":"https:\/\/www.hsymachinery.com\/de\/wp-json\/wp\/v2\/types\/product"}],"version-history":[{"count":3,"href":"https:\/\/www.hsymachinery.com\/de\/wp-json\/wp\/v2\/product\/8918\/revisions"}],"predecessor-version":[{"id":9327,"href":"https:\/\/www.hsymachinery.com\/de\/wp-json\/wp\/v2\/product\/8918\/revisions\/9327"}],"wp:featuredmedia":[{"embeddable":true,"href":"https:\/\/www.hsymachinery.com\/de\/wp-json\/wp\/v2\/media\/8919"}],"wp:attachment":[{"href":"https:\/\/www.hsymachinery.com\/de\/wp-json\/wp\/v2\/media?parent=8918"}],"wp:term":[{"taxonomy":"product_brand","embeddable":true,"href":"https:\/\/www.hsymachinery.com\/de\/wp-json\/wp\/v2\/product_brand?post=8918"},{"taxonomy":"product_cat","embeddable":true,"href":"https:\/\/www.hsymachinery.com\/de\/wp-json\/wp\/v2\/product_cat?post=8918"},{"taxonomy":"product_tag","embeddable":true,"href":"https:\/\/www.hsymachinery.com\/de\/wp-json\/wp\/v2\/product_tag?post=8918"}],"curies":[{"name":"wp","href":"https:\/\/api.w.org\/{rel}","templated":true}]}}