{"id":8909,"date":"2025-06-18T11:16:17","date_gmt":"2025-06-18T03:16:17","guid":{"rendered":"https:\/\/www.hsymachinery.com\/?post_type=product&#038;p=8909"},"modified":"2025-06-25T20:25:23","modified_gmt":"2025-06-25T12:25:23","slug":"betonstahlschneidemaschine-gq40a-flachmesser","status":"publish","type":"product","link":"https:\/\/www.hsymachinery.com\/de\/product\/betonstahlschneidemaschine-gq40a-flachmesser\/","title":{"rendered":"Betonstahlschneidemaschine GQ40A (Flachmesser)"},"content":{"rendered":"<h3 data-start=\"285\" data-end=\"362\">Hochpr\u00e4zise Bewehrungsschneidel\u00f6sung f\u00fcr anspruchsvolle Bauprojekte<\/h3>\n<h3 data-start=\"369\" data-end=\"421\">Produkt\u00fcbersicht: Gebaut f\u00fcr t\u00e4gliche Leistung<\/h3>\n<p data-start=\"423\" data-end=\"831\">Die <strong data-start=\"427\" data-end=\"471\">Betonstahlschneidemaschine GQ40A (Flachmesser)<\/strong> ist ein professioneller Stabstahlschneider, der f\u00fcr die t\u00e4glichen Anforderungen von Bau- und Stahlbauprojekten entwickelt wurde. Als weiterentwickelte Version des Modells GQ40 kombiniert er starke Leistung, hohe Pr\u00e4zision und hervorragende Haltbarkeit. Bauunternehmen auf der ganzen Welt setzen ihn bei Projekten wie Stra\u00dfen, Br\u00fccken, Tunneln und Stahlbetonbauten ein.<\/p>\n<h3 data-start=\"838\" data-end=\"885\">Effizientes Schneiden mit flachem Messerdesign<\/h3>\n<p data-start=\"887\" data-end=\"1302\">Das Herzst\u00fcck dieser Maschine ist die <strong data-start=\"924\" data-end=\"953\">Flachmesser-Schneidsystem<\/strong>die einen sauberen, glatten Schnitt f\u00fcr Stahlst\u00e4be erm\u00f6glicht. Durch diese Konstruktion wird bei jedem Arbeitsgang ein gleichm\u00e4\u00dfiger Druck ausge\u00fcbt, wodurch eine Verformung der St\u00e4be verhindert und der Materialverlust minimiert wird. Die <strong data-start=\"1126\" data-end=\"1170\">Betonstahlschneidemaschine GQ40A (Flachmesser)<\/strong> kann problemlos Stahlstangen mit Durchmessern von <strong data-start=\"1228\" data-end=\"1243\">6mm bis 32mm<\/strong>einschlie\u00dflich Rundstahl, Rippenstahl und Stahl mit niedrigem Kohlenstoffgehalt.<\/p>\n<p data-start=\"1304\" data-end=\"1493\">Au\u00dferdem ist das flache Messer leicht zu warten und auszutauschen, was minimale Ausfallzeiten auf der Baustelle gew\u00e4hrleistet. Seine \u00fcberragende Scherleistung verbessert die Arbeitseffizienz und verringert die Erm\u00fcdung des Bedieners.<\/p>\n<h3 data-start=\"1500\" data-end=\"1549\">Leistungsstarker Motor und leichtg\u00e4ngiges Getriebe<\/h3>\n<p data-start=\"1551\" data-end=\"1837\">Dieses Modell verwendet eine <strong data-start=\"1569\" data-end=\"1602\">Hochleistungs-Kupfermotor<\/strong> der ein starkes Drehmoment bei geringem Energieverbrauch liefert. Er l\u00e4uft reibungslos mit minimaler Ger\u00e4uschentwicklung und Vibration und ist daher f\u00fcr den Dauereinsatz geeignet. Das pr\u00e4zisionsgefertigte Getriebe sorgt f\u00fcr eine stabile \u00dcbertragung, auch bei hoher Arbeitsbelastung.<\/p>\n<p data-start=\"1839\" data-end=\"1979\">Das Ergebnis ist, dass die Maschine die Schnittgenauigkeit \u00fcber Tausende von Arbeitsg\u00e4ngen beibeh\u00e4lt und so die Lebensdauer des Motors und der Schneidmesser verl\u00e4ngert.<\/p>\n<h3 data-start=\"1986\" data-end=\"2036\">\u00a0Starke Struktur und benutzerfreundliche Mobilit\u00e4t<\/h3>\n<p data-start=\"2038\" data-end=\"2272\">Der Maschinenk\u00f6rper weist folgende Merkmale auf <strong data-start=\"2064\" data-end=\"2101\">Hochwertige Gusskonstruktion<\/strong>was die Festigkeit und Vibrationsbest\u00e4ndigkeit gew\u00e4hrleistet. Au\u00dferdem sind das kompakte Design und die <strong data-start=\"2188\" data-end=\"2207\">eingebaute R\u00e4der<\/strong> erleichtern den Transport und das Umsetzen, auch auf unebenen Fl\u00e4chen.<\/p>\n<p data-start=\"2274\" data-end=\"2456\">Die zu \u00f6ffnende obere Abdeckung bietet schnellen Zugang f\u00fcr Wartung und Klingenwechsel. Der Hebel f\u00fcr die manuelle Bedienung erm\u00f6glicht es dem Benutzer, jeden Schnitt mit Pr\u00e4zision und Sicherheit zu kontrollieren.<\/p>\n<h3 data-start=\"2463\" data-end=\"2493\">Sicherheit und Anpassungsf\u00e4higkeit<\/h3>\n<p data-start=\"2495\" data-end=\"2727\">Die <strong data-start=\"2499\" data-end=\"2543\">Betonstahlschneidemaschine GQ40A (Flachmesser)<\/strong> verf\u00fcgt \u00fcber integrierte Sicherheitsabdeckungen, die einen versehentlichen Kontakt mit beweglichen Teilen verhindern. Der Bedienmechanismus ist einfach, so dass er sich sowohl f\u00fcr erfahrene Arbeiter als auch f\u00fcr Einsteiger eignet.<\/p>\n<p data-start=\"2729\" data-end=\"2959\">Au\u00dferdem unterst\u00fctzt die Maschine <strong data-start=\"2760\" data-end=\"2816\">Kundenspezifische Spannungskonfigurationen (220V\/380V, 50Hz\/60Hz)<\/strong> f\u00fcr die Kompatibilit\u00e4t mit globalen Stromstandards. Dies macht ihn f\u00fcr internationale K\u00e4ufer und Baumaschinenh\u00e4ndler besonders geeignet.<\/p>\n<h3 data-start=\"2966\" data-end=\"3013\">\u00a0Warum sollten Sie sich f\u00fcr den GQ40A Flachmesser-Baustahlschneider entscheiden?<\/h3>\n<ul data-start=\"3015\" data-end=\"3260\">\n<li data-start=\"3015\" data-end=\"3067\">\n<p data-start=\"3017\" data-end=\"3067\">Liefert saubere, gleichm\u00e4\u00dfige Schnitte f\u00fcr Bewehrungsst\u00e4be von 6-32 mm<\/p>\n<\/li>\n<li data-start=\"3068\" data-end=\"3120\">\n<p data-start=\"3070\" data-end=\"3120\">Starker Motor mit zuverl\u00e4ssigem Drehmoment und Wirkungsgrad<\/p>\n<\/li>\n<li data-start=\"3121\" data-end=\"3169\">\n<p data-start=\"3123\" data-end=\"3169\">Einfache Wartung mit schnellem Klingenwechsel<\/p>\n<\/li>\n<li data-start=\"3170\" data-end=\"3218\">\n<p data-start=\"3172\" data-end=\"3218\">Mobil, kompakt und robust f\u00fcr den Baustelleneinsatz<\/p>\n<\/li>\n<li data-start=\"3219\" data-end=\"3260\">\n<p data-start=\"3221\" data-end=\"3260\">Exportf\u00e4hig mit Spannungsanpassung<\/p>\n<\/li>\n<\/ul>\n<p data-start=\"3262\" data-end=\"3479\">Ob Sie nun an gro\u00dfen Infrastrukturen oder an der routinem\u00e4\u00dfigen Stahlverarbeitung arbeiten, die <strong data-start=\"3349\" data-end=\"3393\"><a href=\"https:\/\/www.hsymachinery.com\/de\/produkte\/betonstahlschneidemaschine\/\" target=\"_blank\" rel=\"noopener\">Betonstahl-Schneidemaschine<\/a> GQ40A (Flachmesser)<\/strong> bietet Ihnen eine zuverl\u00e4ssige Hochgeschwindigkeits-Schneidel\u00f6sung, die f\u00fcr jedes Projekt einen Mehrwert darstellt.<\/p>\n<p><iframe title=\"#Konstruktion #Konstruktionsarbeiter #rebarmaschine #rebarschneidemaschine #rebarschneidemaschine #rebar\" width=\"720\" height=\"405\" src=\"https:\/\/www.youtube.com\/embed\/tdc4TA5-zRc?feature=oembed\" frameborder=\"0\" allow=\"accelerometer; autoplay; clipboard-write; encrypted-media; gyroscope; picture-in-picture; web-share\" referrerpolicy=\"strict-origin-when-cross-origin\" allowfullscreen><\/iframe><\/p>","protected":false},"excerpt":{"rendered":"<p>Der GQ40A Flachmesser-Bewehrungsschneider bietet schnelle, glatte Schnitte f\u00fcr 6-32 mm Stahlst\u00e4be. Ideal f\u00fcr den t\u00e4glichen Einsatz auf Baustellen und Exportm\u00e4rkten.<\/p>","protected":false},"featured_media":8910,"template":"","meta":{"_kad_post_transparent":"default","_kad_post_title":"","_kad_post_layout":"default","_kad_post_sidebar_id":"","_kad_post_content_style":"default","_kad_post_vertical_padding":"default","_kad_post_feature":"","_kad_post_feature_position":"","_kad_post_header":false,"_kad_post_footer":false},"product_brand":[],"product_cat":[51],"product_tag":[988,992,990,989,993,985,994,987,984,991,986],"class_list":{"0":"post-8909","1":"product","2":"type-product","3":"status-publish","4":"has-post-thumbnail","6":"product_cat-rebar-cutting-machine","7":"product_tag-automatic-rebar-cutter","8":"product_tag-construction-steel-bar-cutter","9":"product_tag-electric-rebar-cutting-tool","10":"product_tag-hydraulic-rebar-cutting-machine","11":"product_tag-portable-rebar-cutting-machine","12":"product_tag-rebar-cutter","13":"product_tag-rebar-cutting-machine","14":"product_tag-reinforcement-bar-cutter","15":"product_tag-steel-bar-cutting-machine","16":"product_tag-steel-rod-cutter-machine","17":"product_tag-tmt-bar-cutting-machine","19":"first","20":"instock","21":"shipping-taxable","22":"product-type-simple","23":"entry","24":"content-bg","25":"loop-entry"},"yoast_head":"<!-- This site is optimized with the Yoast SEO plugin v25.3.1 - https:\/\/yoast.com\/wordpress\/plugins\/seo\/ -->\n<title>Rebar Cutting Machine GQ40A (Flat knife) - HSY Construction Machinery<\/title>\n<meta name=\"description\" content=\"The Rebar Cutting Machine GQ40A (Flat Knife) cuts 6\u201332mm rebar cleanly and efficiently. Designed for high-volume construction and global export.\" \/>\n<meta name=\"robots\" content=\"index, follow, max-snippet:-1, max-image-preview:large, max-video-preview:-1\" \/>\n<link rel=\"canonical\" href=\"https:\/\/www.hsymachinery.com\/de\/product\/betonstahlschneidemaschine-gq40a-flachmesser\/\" \/>\n<meta property=\"og:locale\" content=\"de_DE\" \/>\n<meta property=\"og:type\" content=\"article\" \/>\n<meta property=\"og:title\" content=\"Rebar Cutting Machine GQ40A (Flat knife) - HSY Construction Machinery\" \/>\n<meta property=\"og:description\" content=\"The Rebar Cutting Machine GQ40A (Flat Knife) cuts 6\u201332mm rebar cleanly and efficiently. Designed for high-volume construction and global export.\" \/>\n<meta property=\"og:url\" content=\"https:\/\/www.hsymachinery.com\/de\/product\/betonstahlschneidemaschine-gq40a-flachmesser\/\" \/>\n<meta property=\"og:site_name\" content=\"HSY Construction Machinery\" \/>\n<meta property=\"article:modified_time\" content=\"2025-06-25T12:25:23+00:00\" \/>\n<meta property=\"og:image\" content=\"https:\/\/www.hsymachinery.com\/wp-content\/uploads\/2025\/06\/Rebar-Cutting-Machine-GQ40A-Flat-knife.jpg\" \/>\n\t<meta property=\"og:image:width\" content=\"600\" \/>\n\t<meta property=\"og:image:height\" content=\"600\" \/>\n\t<meta property=\"og:image:type\" content=\"image\/jpeg\" \/>\n<meta name=\"twitter:card\" content=\"summary_large_image\" \/>\n<meta name=\"twitter:label1\" content=\"Gesch\u00e4tzte Lesezeit\" \/>\n\t<meta name=\"twitter:data1\" content=\"3\u00a0Minuten\" \/>\n<script type=\"application\/ld+json\" class=\"yoast-schema-graph\">{\"@context\":\"https:\/\/schema.org\",\"@graph\":[{\"@type\":\"WebPage\",\"@id\":\"https:\/\/www.hsymachinery.com\/product\/rebar-cutting-machine-gq40a-flat-knife\/\",\"url\":\"https:\/\/www.hsymachinery.com\/product\/rebar-cutting-machine-gq40a-flat-knife\/\",\"name\":\"Rebar Cutting Machine GQ40A (Flat knife) - HSY Construction Machinery\",\"isPartOf\":{\"@id\":\"https:\/\/www.hsymachinery.com\/#website\"},\"primaryImageOfPage\":{\"@id\":\"https:\/\/www.hsymachinery.com\/product\/rebar-cutting-machine-gq40a-flat-knife\/#primaryimage\"},\"image\":{\"@id\":\"https:\/\/www.hsymachinery.com\/product\/rebar-cutting-machine-gq40a-flat-knife\/#primaryimage\"},\"thumbnailUrl\":\"https:\/\/www.hsymachinery.com\/wp-content\/uploads\/2025\/06\/Rebar-Cutting-Machine-GQ40A-Flat-knife.jpg\",\"datePublished\":\"2025-06-18T03:16:17+00:00\",\"dateModified\":\"2025-06-25T12:25:23+00:00\",\"description\":\"The Rebar Cutting Machine GQ40A (Flat Knife) cuts 6\u201332mm rebar cleanly and efficiently. Designed for high-volume construction and global export.\",\"breadcrumb\":{\"@id\":\"https:\/\/www.hsymachinery.com\/product\/rebar-cutting-machine-gq40a-flat-knife\/#breadcrumb\"},\"inLanguage\":\"de\",\"potentialAction\":[{\"@type\":\"ReadAction\",\"target\":[\"https:\/\/www.hsymachinery.com\/product\/rebar-cutting-machine-gq40a-flat-knife\/\"]}]},{\"@type\":\"ImageObject\",\"inLanguage\":\"de\",\"@id\":\"https:\/\/www.hsymachinery.com\/product\/rebar-cutting-machine-gq40a-flat-knife\/#primaryimage\",\"url\":\"https:\/\/www.hsymachinery.com\/wp-content\/uploads\/2025\/06\/Rebar-Cutting-Machine-GQ40A-Flat-knife.jpg\",\"contentUrl\":\"https:\/\/www.hsymachinery.com\/wp-content\/uploads\/2025\/06\/Rebar-Cutting-Machine-GQ40A-Flat-knife.jpg\",\"width\":600,\"height\":600},{\"@type\":\"BreadcrumbList\",\"@id\":\"https:\/\/www.hsymachinery.com\/product\/rebar-cutting-machine-gq40a-flat-knife\/#breadcrumb\",\"itemListElement\":[{\"@type\":\"ListItem\",\"position\":1,\"name\":\"home\",\"item\":\"https:\/\/www.hsymachinery.com\/\"},{\"@type\":\"ListItem\",\"position\":2,\"name\":\"products\",\"item\":\"https:\/\/www.hsymachinery.com\/products\/\"},{\"@type\":\"ListItem\",\"position\":3,\"name\":\"Rebar Cutting Machine GQ40A (Flat knife)\"}]},{\"@type\":\"WebSite\",\"@id\":\"https:\/\/www.hsymachinery.com\/#website\",\"url\":\"https:\/\/www.hsymachinery.com\/\",\"name\":\"HSY Construction Machinery\",\"description\":\"HSY Machinery \u2013 A leading China construction machinery supplier, offering a wide range of light construction equipment. Our main products include Rebar Cutting Machine, Rebar Bending Machine, Rebar Stirrup Bending Machine, Rebar Arc Bending Machine, Rebar Straightening Machine, Five-Head Rebar Stirrup Bending Machine, Tamping Rammer, Plate Compactor, Concrete Cutter, Power Trowel, and other construction machinery. We are equipped with advanced CNC machines, and we enforce strict quality inspection standards along with comprehensive after-sales service. If you are interested in our products or services, we warmly welcome your inquiries via message.\",\"publisher\":{\"@id\":\"https:\/\/www.hsymachinery.com\/#organization\"},\"potentialAction\":[{\"@type\":\"SearchAction\",\"target\":{\"@type\":\"EntryPoint\",\"urlTemplate\":\"https:\/\/www.hsymachinery.com\/?s={search_term_string}\"},\"query-input\":{\"@type\":\"PropertyValueSpecification\",\"valueRequired\":true,\"valueName\":\"search_term_string\"}}],\"inLanguage\":\"de\"},{\"@type\":\"Organization\",\"@id\":\"https:\/\/www.hsymachinery.com\/#organization\",\"name\":\"HSY Construction Machinery\",\"url\":\"https:\/\/www.hsymachinery.com\/\",\"logo\":{\"@type\":\"ImageObject\",\"inLanguage\":\"de\",\"@id\":\"https:\/\/www.hsymachinery.com\/#\/schema\/logo\/image\/\",\"url\":\"https:\/\/www.hsymachinery.com\/wp-content\/uploads\/2025\/06\/cropped-HSY-machinery.png\",\"contentUrl\":\"https:\/\/www.hsymachinery.com\/wp-content\/uploads\/2025\/06\/cropped-HSY-machinery.png\",\"width\":600,\"height\":240,\"caption\":\"HSY Construction Machinery\"},\"image\":{\"@id\":\"https:\/\/www.hsymachinery.com\/#\/schema\/logo\/image\/\"}}]}<\/script>\n<!-- \/ Yoast SEO plugin. -->","yoast_head_json":{"title":"Bewehrungsschneidemaschine GQ40A (Flachmesser) - HSY Construction Machinery","description":"Die Bewehrungsschneidemaschine GQ40A (Flachmesser) schneidet 6-32 mm starken Betonstahl sauber und effizient. Konzipiert f\u00fcr den Bau gro\u00dfer Mengen und den weltweiten Export.","robots":{"index":"index","follow":"follow","max-snippet":"max-snippet:-1","max-image-preview":"max-image-preview:large","max-video-preview":"max-video-preview:-1"},"canonical":"https:\/\/www.hsymachinery.com\/de\/product\/betonstahlschneidemaschine-gq40a-flachmesser\/","og_locale":"de_DE","og_type":"article","og_title":"Rebar Cutting Machine GQ40A (Flat knife) - HSY Construction Machinery","og_description":"The Rebar Cutting Machine GQ40A (Flat Knife) cuts 6\u201332mm rebar cleanly and efficiently. Designed for high-volume construction and global export.","og_url":"https:\/\/www.hsymachinery.com\/de\/product\/betonstahlschneidemaschine-gq40a-flachmesser\/","og_site_name":"HSY Construction Machinery","article_modified_time":"2025-06-25T12:25:23+00:00","og_image":[{"width":600,"height":600,"url":"https:\/\/www.hsymachinery.com\/wp-content\/uploads\/2025\/06\/Rebar-Cutting-Machine-GQ40A-Flat-knife.jpg","type":"image\/jpeg"}],"twitter_card":"summary_large_image","twitter_misc":{"Gesch\u00e4tzte Lesezeit":"3\u00a0Minuten"},"schema":{"@context":"https:\/\/schema.org","@graph":[{"@type":"WebPage","@id":"https:\/\/www.hsymachinery.com\/product\/rebar-cutting-machine-gq40a-flat-knife\/","url":"https:\/\/www.hsymachinery.com\/product\/rebar-cutting-machine-gq40a-flat-knife\/","name":"Bewehrungsschneidemaschine GQ40A (Flachmesser) - HSY Construction Machinery","isPartOf":{"@id":"https:\/\/www.hsymachinery.com\/#website"},"primaryImageOfPage":{"@id":"https:\/\/www.hsymachinery.com\/product\/rebar-cutting-machine-gq40a-flat-knife\/#primaryimage"},"image":{"@id":"https:\/\/www.hsymachinery.com\/product\/rebar-cutting-machine-gq40a-flat-knife\/#primaryimage"},"thumbnailUrl":"https:\/\/www.hsymachinery.com\/wp-content\/uploads\/2025\/06\/Rebar-Cutting-Machine-GQ40A-Flat-knife.jpg","datePublished":"2025-06-18T03:16:17+00:00","dateModified":"2025-06-25T12:25:23+00:00","description":"Die Bewehrungsschneidemaschine GQ40A (Flachmesser) schneidet 6-32 mm starken Betonstahl sauber und effizient. Konzipiert f\u00fcr den Bau gro\u00dfer Mengen und den weltweiten Export.","breadcrumb":{"@id":"https:\/\/www.hsymachinery.com\/product\/rebar-cutting-machine-gq40a-flat-knife\/#breadcrumb"},"inLanguage":"de","potentialAction":[{"@type":"ReadAction","target":["https:\/\/www.hsymachinery.com\/product\/rebar-cutting-machine-gq40a-flat-knife\/"]}]},{"@type":"ImageObject","inLanguage":"de","@id":"https:\/\/www.hsymachinery.com\/product\/rebar-cutting-machine-gq40a-flat-knife\/#primaryimage","url":"https:\/\/www.hsymachinery.com\/wp-content\/uploads\/2025\/06\/Rebar-Cutting-Machine-GQ40A-Flat-knife.jpg","contentUrl":"https:\/\/www.hsymachinery.com\/wp-content\/uploads\/2025\/06\/Rebar-Cutting-Machine-GQ40A-Flat-knife.jpg","width":600,"height":600},{"@type":"BreadcrumbList","@id":"https:\/\/www.hsymachinery.com\/product\/rebar-cutting-machine-gq40a-flat-knife\/#breadcrumb","itemListElement":[{"@type":"ListItem","position":1,"name":"home","item":"https:\/\/www.hsymachinery.com\/"},{"@type":"ListItem","position":2,"name":"products","item":"https:\/\/www.hsymachinery.com\/products\/"},{"@type":"ListItem","position":3,"name":"Rebar Cutting Machine GQ40A (Flat knife)"}]},{"@type":"WebSite","@id":"https:\/\/www.hsymachinery.com\/#website","url":"https:\/\/www.hsymachinery.com\/","name":"HSY Baumaschinen","description":"HSY Machinery - Ein f\u00fchrender chinesischer Lieferant von Baumaschinen, der eine breite Palette von leichten Baumaschinen anbietet. Zu unseren Hauptprodukten geh\u00f6ren Bewehrungsschneidemaschine, Bewehrungsbiegemaschine, Bewehrungsb\u00fcgel-Biegemaschine, Bewehrungsbogen-Biegemaschine, Bewehrungsrichtmaschine, F\u00fcnf-Kopf-Bewehrungsb\u00fcgel-Biegemaschine, Stampfhammer, Plattenverdichter, Betonschneider, Gl\u00e4ttmaschine und andere Baumaschinen. Wir sind mit fortschrittlichen CNC-Maschinen ausgestattet und verf\u00fcgen \u00fcber strenge Qualit\u00e4tskontrollstandards sowie einen umfassenden Kundendienst. Wenn Sie an unseren Produkten oder Dienstleistungen interessiert sind, freuen wir uns \u00fcber Ihre Anfrage per Nachricht.","publisher":{"@id":"https:\/\/www.hsymachinery.com\/#organization"},"potentialAction":[{"@type":"SearchAction","target":{"@type":"EntryPoint","urlTemplate":"https:\/\/www.hsymachinery.com\/?s={search_term_string}"},"query-input":{"@type":"PropertyValueSpecification","valueRequired":true,"valueName":"search_term_string"}}],"inLanguage":"de"},{"@type":"Organization","@id":"https:\/\/www.hsymachinery.com\/#organization","name":"HSY Baumaschinen","url":"https:\/\/www.hsymachinery.com\/","logo":{"@type":"ImageObject","inLanguage":"de","@id":"https:\/\/www.hsymachinery.com\/#\/schema\/logo\/image\/","url":"https:\/\/www.hsymachinery.com\/wp-content\/uploads\/2025\/06\/cropped-HSY-machinery.png","contentUrl":"https:\/\/www.hsymachinery.com\/wp-content\/uploads\/2025\/06\/cropped-HSY-machinery.png","width":600,"height":240,"caption":"HSY Construction Machinery"},"image":{"@id":"https:\/\/www.hsymachinery.com\/#\/schema\/logo\/image\/"}}]}},"_links":{"self":[{"href":"https:\/\/www.hsymachinery.com\/de\/wp-json\/wp\/v2\/product\/8909","targetHints":{"allow":["GET"]}}],"collection":[{"href":"https:\/\/www.hsymachinery.com\/de\/wp-json\/wp\/v2\/product"}],"about":[{"href":"https:\/\/www.hsymachinery.com\/de\/wp-json\/wp\/v2\/types\/product"}],"version-history":[{"count":4,"href":"https:\/\/www.hsymachinery.com\/de\/wp-json\/wp\/v2\/product\/8909\/revisions"}],"predecessor-version":[{"id":9320,"href":"https:\/\/www.hsymachinery.com\/de\/wp-json\/wp\/v2\/product\/8909\/revisions\/9320"}],"wp:featuredmedia":[{"embeddable":true,"href":"https:\/\/www.hsymachinery.com\/de\/wp-json\/wp\/v2\/media\/8910"}],"wp:attachment":[{"href":"https:\/\/www.hsymachinery.com\/de\/wp-json\/wp\/v2\/media?parent=8909"}],"wp:term":[{"taxonomy":"product_brand","embeddable":true,"href":"https:\/\/www.hsymachinery.com\/de\/wp-json\/wp\/v2\/product_brand?post=8909"},{"taxonomy":"product_cat","embeddable":true,"href":"https:\/\/www.hsymachinery.com\/de\/wp-json\/wp\/v2\/product_cat?post=8909"},{"taxonomy":"product_tag","embeddable":true,"href":"https:\/\/www.hsymachinery.com\/de\/wp-json\/wp\/v2\/product_tag?post=8909"}],"curies":[{"name":"wp","href":"https:\/\/api.w.org\/{rel}","templated":true}]}}