{"id":9235,"date":"2025-06-18T21:20:45","date_gmt":"2025-06-18T13:20:45","guid":{"rendered":"https:\/\/www.hsymachinery.com\/?post_type=product&#038;p=9235"},"modified":"2025-06-28T23:57:12","modified_gmt":"2025-06-28T15:57:12","slug":"ride-on-power-trowel-ptr-l100d","status":"publish","type":"product","link":"https:\/\/www.hsymachinery.com\/da\/produkt\/ride-on-power-trowel-ptr-l100d\/","title":{"rendered":"Ride-on elektrisk murske PTR-L100D"},"content":{"rendered":"<h2 data-start=\"144\" data-end=\"182\">Ride-on elektrisk murske PTR-L100D<\/h2>\n<h3 data-start=\"183\" data-end=\"297\">PTR-L100D Ride-on-betonspartel med dobbeltskive og Longxin-motor - maksimal d\u00e6kning til efterbehandling af store arealer<\/h3>\n<h3 data-start=\"304\" data-end=\"404\">Produktbeskrivelse - Longxin-drevet murske med dobbelt rotor til effektiv efterbehandling af store overflader<a href=\"https:\/\/www.hsymachinery.com\/da\/produkter\/ride-on-power-trowel\/\" target=\"_blank\" rel=\"noopener\"><img fetchpriority=\"high\" decoding=\"async\" class=\"wp-image-9616 alignright\" src=\"https:\/\/www.hsymachinery.com\/wp-content\/uploads\/2025\/06\/Sitting-Type-Power-Trowel-209x300.jpg\" alt=\"\" width=\"452\" height=\"649\" srcset=\"https:\/\/www.hsymachinery.com\/wp-content\/uploads\/2025\/06\/Sitting-Type-Power-Trowel-209x300.jpg 209w, https:\/\/www.hsymachinery.com\/wp-content\/uploads\/2025\/06\/Sitting-Type-Power-Trowel-713x1024.jpg 713w, https:\/\/www.hsymachinery.com\/wp-content\/uploads\/2025\/06\/Sitting-Type-Power-Trowel-768x1103.jpg 768w, https:\/\/www.hsymachinery.com\/wp-content\/uploads\/2025\/06\/Sitting-Type-Power-Trowel-600x862.jpg 600w, https:\/\/www.hsymachinery.com\/wp-content\/uploads\/2025\/06\/Sitting-Type-Power-Trowel.jpg 800w\" sizes=\"(max-width: 452px) 100vw, 452px\" \/><\/a><\/h3>\n<p data-start=\"406\" data-end=\"798\">Den <strong data-start=\"410\" data-end=\"444\">PTR-L100D Ride-on elektrisk murske<\/strong> har et rotorsystem med to skiver, der giver uovertruffen d\u00e6kning og j\u00e6vn finish p\u00e5 store betonprojekter. Denne maskine drives af en Longxin-benzinmotor og giver en st\u00e6rk kombination af holdbarhed, br\u00e6ndstofeffektivitet og stabil ydelse, hvilket g\u00f8r den til et fremragende valg for professionelle, der arbejder med kommercielle plader.<\/p>\n<p data-start=\"800\" data-end=\"1118\">Med to spartelbakker, der arbejder samtidig, \u00f8ger denne model overfladed\u00e6kningen dramatisk - perfekt til store byggepladser, logistikparker eller parkeringshuse. Ride-on-designet forbedrer produktiviteten og reducerer tr\u00e6thed ved at give operat\u00f8rerne mulighed for at arbejde komfortabelt i l\u00e6ngere perioder.<\/p>\n<p data-start=\"1120\" data-end=\"1430\">Desuden giver de uafh\u00e6ngige klingeh\u00f8jdekontroller p\u00e5 begge rotorer st\u00f8rre finishpr\u00e6cision, s\u00e5 du nemt kan skifte mellem flydning og polering. En forst\u00e6rket ramme, en kraftig gearkasse og et st\u00f8dabsorberende s\u00e6desystem forl\u00e6nger maskinens levetid og sikrer f\u00f8rerens stabilitet og komfort.<\/p>\n<p data-start=\"1432\" data-end=\"1600\">Takket v\u00e6re sit brede fodaftryk og Longxin-motorens p\u00e5lidelighed skiller PTR-L100D sig ud i ethvert projekt, der kr\u00e6ver hastighed, d\u00e6kning og ensartet efterbehandlingskvalitet.<\/p>\n<h3 data-start=\"1607\" data-end=\"1654\">N\u00f8glefunktioner for PTR-L100D ride-on murske<\/h3>\n<ul data-start=\"1656\" data-end=\"2068\">\n<li data-start=\"1656\" data-end=\"1715\">\n<p data-start=\"1658\" data-end=\"1715\">Dobbeltskivesystem til h\u00f8jeffektiv efterbehandling af beton<\/p>\n<\/li>\n<li data-start=\"1716\" data-end=\"1783\">\n<p data-start=\"1718\" data-end=\"1783\">Longxin-benzinmotor sikrer kraftig og stabil ydelse<\/p>\n<\/li>\n<li data-start=\"1784\" data-end=\"1854\">\n<p data-start=\"1786\" data-end=\"1854\">Ride-on-strukturen giver st\u00f8rre komfort og reducerer tr\u00e6thed i arbejdet<\/p>\n<\/li>\n<li data-start=\"1855\" data-end=\"1925\">\n<p data-start=\"1857\" data-end=\"1925\">Justerbar pitch-kontrol for begge skiver giver fleksibel efterbehandling<\/p>\n<\/li>\n<li data-start=\"1926\" data-end=\"1991\">\n<p data-start=\"1928\" data-end=\"1991\">Forst\u00e6rket ramme og gearkasse klarer h\u00e5rde forhold p\u00e5 byggepladsen<\/p>\n<\/li>\n<li data-start=\"1992\" data-end=\"2068\">\n<p data-start=\"1994\" data-end=\"2068\">Ideel til efterbehandling af plader i store omr\u00e5der i kommercielle og industrielle projekter<\/p>\n<\/li>\n<\/ul>\n<h3 data-start=\"2075\" data-end=\"2168\">Anvendelser - Bygget til lagerbygninger, lufthavne, store kommercielle gulve og udend\u00f8rs plader<\/h3>\n<p data-start=\"2170\" data-end=\"2319\">PTR-L100D er yderst velegnet til entrepren\u00f8rer, der arbejder p\u00e5 ekspansive betonoverflader, hvor tid, konsistens og br\u00e6ndstofeffektivitet betyder mest.<\/p>\n<p><iframe title=\"#byggeplads #byggepladsarbejder #spartel#\" width=\"720\" height=\"405\" src=\"https:\/\/www.youtube.com\/embed\/XQyVcEkyJOs?feature=oembed\" frameborder=\"0\" allow=\"accelerometer; autoplay; clipboard-write; encrypted-media; gyroscope; picture-in-picture; web-share\" referrerpolicy=\"strict-origin-when-cross-origin\" allowfullscreen><\/iframe><\/p>","protected":false},"excerpt":{"rendered":"<p>PTR-L100D ride-on glittemaskine med Longxin-motor og dobbeltskivedesign giver effektiv betonfinish til plader med stort areal i kommercielle eller industrielle milj\u00f8er.<\/p>","protected":false},"featured_media":9236,"template":"","meta":{"_kad_post_transparent":"default","_kad_post_title":"","_kad_post_layout":"default","_kad_post_sidebar_id":"","_kad_post_content_style":"default","_kad_post_vertical_padding":"default","_kad_post_feature":"","_kad_post_feature_position":"","_kad_post_header":false,"_kad_post_footer":false},"product_brand":[],"product_cat":[58],"product_tag":[1093,1094,1098,1091,1096,1092,1097,1099,1095,1100],"class_list":{"0":"post-9235","1":"product","2":"type-product","3":"status-publish","4":"has-post-thumbnail","6":"product_cat-ride-on-power-trowel","7":"product_tag-concrete-ride-on-trowel","8":"product_tag-concrete-ride-on-trowel-machine","9":"product_tag-concrete-surface-finishing-trowel","10":"product_tag-double-disc-ride-on-power-trowel","11":"product_tag-double-rotor-power-trowel","12":"product_tag-gasoline-ride-on-power-trowel","13":"product_tag-heavy-duty-ride-on-trowel","14":"product_tag-hydraulic-ride-on-trowel","15":"product_tag-ride-on-concrete-finishing-machine","16":"product_tag-ride-on-floor-trowel","18":"first","19":"instock","20":"shipping-taxable","21":"product-type-simple","22":"entry","23":"content-bg","24":"loop-entry"},"yoast_head":"<!-- This site is optimized with the Yoast SEO plugin v25.3.1 - https:\/\/yoast.com\/wordpress\/plugins\/seo\/ -->\n<title>Ride-On Power Trowel PTR-L100D - HSY Construction Machinery<\/title>\n<meta name=\"description\" content=\"PTR-L100D double-disc ride-on power trowel with Longxin engine delivers high-efficiency concrete finishing for large slabs in industrial and commercial projects.\" \/>\n<meta name=\"robots\" content=\"index, follow, max-snippet:-1, max-image-preview:large, max-video-preview:-1\" \/>\n<link rel=\"canonical\" href=\"https:\/\/www.hsymachinery.com\/da\/produkt\/ride-on-power-trowel-ptr-l100d\/\" \/>\n<meta property=\"og:locale\" content=\"da_DK\" \/>\n<meta property=\"og:type\" content=\"article\" \/>\n<meta property=\"og:title\" content=\"Ride-On Power Trowel PTR-L100D - HSY Construction Machinery\" \/>\n<meta property=\"og:description\" content=\"PTR-L100D double-disc ride-on power trowel with Longxin engine delivers high-efficiency concrete finishing for large slabs in industrial and commercial projects.\" \/>\n<meta property=\"og:url\" content=\"https:\/\/www.hsymachinery.com\/da\/produkt\/ride-on-power-trowel-ptr-l100d\/\" \/>\n<meta property=\"og:site_name\" content=\"HSY Construction Machinery\" \/>\n<meta property=\"article:modified_time\" content=\"2025-06-28T15:57:12+00:00\" \/>\n<meta property=\"og:image\" content=\"https:\/\/www.hsymachinery.com\/wp-content\/uploads\/2025\/06\/Ride-On-Power-Trowel-PTR-L100D.jpg\" \/>\n\t<meta property=\"og:image:width\" content=\"800\" \/>\n\t<meta property=\"og:image:height\" content=\"800\" \/>\n\t<meta property=\"og:image:type\" content=\"image\/jpeg\" \/>\n<meta name=\"twitter:card\" content=\"summary_large_image\" \/>\n<meta name=\"twitter:label1\" content=\"Estimeret l\u00e6setid\" \/>\n\t<meta name=\"twitter:data1\" content=\"2 minutter\" \/>\n<script type=\"application\/ld+json\" class=\"yoast-schema-graph\">{\"@context\":\"https:\/\/schema.org\",\"@graph\":[{\"@type\":\"WebPage\",\"@id\":\"https:\/\/www.hsymachinery.com\/product\/ride-on-power-trowel-ptr-l100d\/\",\"url\":\"https:\/\/www.hsymachinery.com\/product\/ride-on-power-trowel-ptr-l100d\/\",\"name\":\"Ride-On Power Trowel PTR-L100D - HSY Construction Machinery\",\"isPartOf\":{\"@id\":\"https:\/\/www.hsymachinery.com\/#website\"},\"primaryImageOfPage\":{\"@id\":\"https:\/\/www.hsymachinery.com\/product\/ride-on-power-trowel-ptr-l100d\/#primaryimage\"},\"image\":{\"@id\":\"https:\/\/www.hsymachinery.com\/product\/ride-on-power-trowel-ptr-l100d\/#primaryimage\"},\"thumbnailUrl\":\"https:\/\/www.hsymachinery.com\/wp-content\/uploads\/2025\/06\/Ride-On-Power-Trowel-PTR-L100D.jpg\",\"datePublished\":\"2025-06-18T13:20:45+00:00\",\"dateModified\":\"2025-06-28T15:57:12+00:00\",\"description\":\"PTR-L100D double-disc ride-on power trowel with Longxin engine delivers high-efficiency concrete finishing for large slabs in industrial and commercial projects.\",\"breadcrumb\":{\"@id\":\"https:\/\/www.hsymachinery.com\/product\/ride-on-power-trowel-ptr-l100d\/#breadcrumb\"},\"inLanguage\":\"da-DK\",\"potentialAction\":[{\"@type\":\"ReadAction\",\"target\":[\"https:\/\/www.hsymachinery.com\/product\/ride-on-power-trowel-ptr-l100d\/\"]}]},{\"@type\":\"ImageObject\",\"inLanguage\":\"da-DK\",\"@id\":\"https:\/\/www.hsymachinery.com\/product\/ride-on-power-trowel-ptr-l100d\/#primaryimage\",\"url\":\"https:\/\/www.hsymachinery.com\/wp-content\/uploads\/2025\/06\/Ride-On-Power-Trowel-PTR-L100D.jpg\",\"contentUrl\":\"https:\/\/www.hsymachinery.com\/wp-content\/uploads\/2025\/06\/Ride-On-Power-Trowel-PTR-L100D.jpg\",\"width\":800,\"height\":800},{\"@type\":\"BreadcrumbList\",\"@id\":\"https:\/\/www.hsymachinery.com\/product\/ride-on-power-trowel-ptr-l100d\/#breadcrumb\",\"itemListElement\":[{\"@type\":\"ListItem\",\"position\":1,\"name\":\"home\",\"item\":\"https:\/\/www.hsymachinery.com\/\"},{\"@type\":\"ListItem\",\"position\":2,\"name\":\"products\",\"item\":\"https:\/\/www.hsymachinery.com\/products\/\"},{\"@type\":\"ListItem\",\"position\":3,\"name\":\"Ride-On Power Trowel PTR-L100D\"}]},{\"@type\":\"WebSite\",\"@id\":\"https:\/\/www.hsymachinery.com\/#website\",\"url\":\"https:\/\/www.hsymachinery.com\/\",\"name\":\"HSY Construction Machinery\",\"description\":\"HSY Machinery \u2013 A leading China construction machinery supplier, offering a wide range of light construction equipment. Our main products include Rebar Cutting Machine, Rebar Bending Machine, Rebar Stirrup Bending Machine, Rebar Arc Bending Machine, Rebar Straightening Machine, Five-Head Rebar Stirrup Bending Machine, Tamping Rammer, Plate Compactor, Concrete Cutter, Power Trowel, and other construction machinery. We are equipped with advanced CNC machines, and we enforce strict quality inspection standards along with comprehensive after-sales service. If you are interested in our products or services, we warmly welcome your inquiries via message.\",\"publisher\":{\"@id\":\"https:\/\/www.hsymachinery.com\/#organization\"},\"potentialAction\":[{\"@type\":\"SearchAction\",\"target\":{\"@type\":\"EntryPoint\",\"urlTemplate\":\"https:\/\/www.hsymachinery.com\/?s={search_term_string}\"},\"query-input\":{\"@type\":\"PropertyValueSpecification\",\"valueRequired\":true,\"valueName\":\"search_term_string\"}}],\"inLanguage\":\"da-DK\"},{\"@type\":\"Organization\",\"@id\":\"https:\/\/www.hsymachinery.com\/#organization\",\"name\":\"HSY Construction Machinery\",\"url\":\"https:\/\/www.hsymachinery.com\/\",\"logo\":{\"@type\":\"ImageObject\",\"inLanguage\":\"da-DK\",\"@id\":\"https:\/\/www.hsymachinery.com\/#\/schema\/logo\/image\/\",\"url\":\"https:\/\/www.hsymachinery.com\/wp-content\/uploads\/2025\/06\/cropped-HSY-machinery.png\",\"contentUrl\":\"https:\/\/www.hsymachinery.com\/wp-content\/uploads\/2025\/06\/cropped-HSY-machinery.png\",\"width\":600,\"height\":240,\"caption\":\"HSY Construction Machinery\"},\"image\":{\"@id\":\"https:\/\/www.hsymachinery.com\/#\/schema\/logo\/image\/\"}}]}<\/script>\n<!-- \/ Yoast SEO plugin. -->","yoast_head_json":{"title":"Ride-on elektrisk murske PTR-L100D - HSY Entrepren\u00f8rmaskiner","description":"PTR-L100D dobbeltskive ride-on-glittemaskine med Longxin-motor leverer h\u00f8jeffektiv betonfinish til store plader i industrielle og kommercielle projekter.","robots":{"index":"index","follow":"follow","max-snippet":"max-snippet:-1","max-image-preview":"max-image-preview:large","max-video-preview":"max-video-preview:-1"},"canonical":"https:\/\/www.hsymachinery.com\/da\/produkt\/ride-on-power-trowel-ptr-l100d\/","og_locale":"da_DK","og_type":"article","og_title":"Ride-On Power Trowel PTR-L100D - HSY Construction Machinery","og_description":"PTR-L100D double-disc ride-on power trowel with Longxin engine delivers high-efficiency concrete finishing for large slabs in industrial and commercial projects.","og_url":"https:\/\/www.hsymachinery.com\/da\/produkt\/ride-on-power-trowel-ptr-l100d\/","og_site_name":"HSY Construction Machinery","article_modified_time":"2025-06-28T15:57:12+00:00","og_image":[{"width":800,"height":800,"url":"https:\/\/www.hsymachinery.com\/wp-content\/uploads\/2025\/06\/Ride-On-Power-Trowel-PTR-L100D.jpg","type":"image\/jpeg"}],"twitter_card":"summary_large_image","twitter_misc":{"Estimeret l\u00e6setid":"2 minutter"},"schema":{"@context":"https:\/\/schema.org","@graph":[{"@type":"WebPage","@id":"https:\/\/www.hsymachinery.com\/product\/ride-on-power-trowel-ptr-l100d\/","url":"https:\/\/www.hsymachinery.com\/product\/ride-on-power-trowel-ptr-l100d\/","name":"Ride-on elektrisk murske PTR-L100D - HSY Entrepren\u00f8rmaskiner","isPartOf":{"@id":"https:\/\/www.hsymachinery.com\/#website"},"primaryImageOfPage":{"@id":"https:\/\/www.hsymachinery.com\/product\/ride-on-power-trowel-ptr-l100d\/#primaryimage"},"image":{"@id":"https:\/\/www.hsymachinery.com\/product\/ride-on-power-trowel-ptr-l100d\/#primaryimage"},"thumbnailUrl":"https:\/\/www.hsymachinery.com\/wp-content\/uploads\/2025\/06\/Ride-On-Power-Trowel-PTR-L100D.jpg","datePublished":"2025-06-18T13:20:45+00:00","dateModified":"2025-06-28T15:57:12+00:00","description":"PTR-L100D dobbeltskive ride-on-glittemaskine med Longxin-motor leverer h\u00f8jeffektiv betonfinish til store plader i industrielle og kommercielle projekter.","breadcrumb":{"@id":"https:\/\/www.hsymachinery.com\/product\/ride-on-power-trowel-ptr-l100d\/#breadcrumb"},"inLanguage":"da-DK","potentialAction":[{"@type":"ReadAction","target":["https:\/\/www.hsymachinery.com\/product\/ride-on-power-trowel-ptr-l100d\/"]}]},{"@type":"ImageObject","inLanguage":"da-DK","@id":"https:\/\/www.hsymachinery.com\/product\/ride-on-power-trowel-ptr-l100d\/#primaryimage","url":"https:\/\/www.hsymachinery.com\/wp-content\/uploads\/2025\/06\/Ride-On-Power-Trowel-PTR-L100D.jpg","contentUrl":"https:\/\/www.hsymachinery.com\/wp-content\/uploads\/2025\/06\/Ride-On-Power-Trowel-PTR-L100D.jpg","width":800,"height":800},{"@type":"BreadcrumbList","@id":"https:\/\/www.hsymachinery.com\/product\/ride-on-power-trowel-ptr-l100d\/#breadcrumb","itemListElement":[{"@type":"ListItem","position":1,"name":"home","item":"https:\/\/www.hsymachinery.com\/"},{"@type":"ListItem","position":2,"name":"products","item":"https:\/\/www.hsymachinery.com\/products\/"},{"@type":"ListItem","position":3,"name":"Ride-On Power Trowel PTR-L100D"}]},{"@type":"WebSite","@id":"https:\/\/www.hsymachinery.com\/#website","url":"https:\/\/www.hsymachinery.com\/","name":"HSY Entrepren\u00f8rmaskiner","description":"HSY Machinery - En f\u00f8rende leverand\u00f8r af entrepren\u00f8rmaskiner i Kina, der tilbyder en bred vifte af let entrepren\u00f8rmateriel. Vores vigtigste produkter omfatter armeringssk\u00e6remaskine, armeringsb\u00f8jlemaskine, armeringsb\u00f8jlemaskine, armeringsbue-b\u00f8jlemaskine, armeringsudretningsmaskine, femhovedet armeringsb\u00f8jlemaskine, stampestamper, pladekomprimator, betonsk\u00e6rer, murske og andre entrepren\u00f8rmaskiner. Vi er udstyret med avancerede CNC-maskiner, og vi h\u00e5ndh\u00e6ver strenge standarder for kvalitetskontrol sammen med omfattende eftersalgsservice. Hvis du er interesseret i vores produkter eller tjenester, hilser vi dine foresp\u00f8rgsler via besked varmt velkommen.","publisher":{"@id":"https:\/\/www.hsymachinery.com\/#organization"},"potentialAction":[{"@type":"SearchAction","target":{"@type":"EntryPoint","urlTemplate":"https:\/\/www.hsymachinery.com\/?s={search_term_string}"},"query-input":{"@type":"PropertyValueSpecification","valueRequired":true,"valueName":"search_term_string"}}],"inLanguage":"da-DK"},{"@type":"Organization","@id":"https:\/\/www.hsymachinery.com\/#organization","name":"HSY Entrepren\u00f8rmaskiner","url":"https:\/\/www.hsymachinery.com\/","logo":{"@type":"ImageObject","inLanguage":"da-DK","@id":"https:\/\/www.hsymachinery.com\/#\/schema\/logo\/image\/","url":"https:\/\/www.hsymachinery.com\/wp-content\/uploads\/2025\/06\/cropped-HSY-machinery.png","contentUrl":"https:\/\/www.hsymachinery.com\/wp-content\/uploads\/2025\/06\/cropped-HSY-machinery.png","width":600,"height":240,"caption":"HSY Construction Machinery"},"image":{"@id":"https:\/\/www.hsymachinery.com\/#\/schema\/logo\/image\/"}}]}},"_links":{"self":[{"href":"https:\/\/www.hsymachinery.com\/da\/wp-json\/wp\/v2\/product\/9235","targetHints":{"allow":["GET"]}}],"collection":[{"href":"https:\/\/www.hsymachinery.com\/da\/wp-json\/wp\/v2\/product"}],"about":[{"href":"https:\/\/www.hsymachinery.com\/da\/wp-json\/wp\/v2\/types\/product"}],"version-history":[{"count":3,"href":"https:\/\/www.hsymachinery.com\/da\/wp-json\/wp\/v2\/product\/9235\/revisions"}],"predecessor-version":[{"id":9626,"href":"https:\/\/www.hsymachinery.com\/da\/wp-json\/wp\/v2\/product\/9235\/revisions\/9626"}],"wp:featuredmedia":[{"embeddable":true,"href":"https:\/\/www.hsymachinery.com\/da\/wp-json\/wp\/v2\/media\/9236"}],"wp:attachment":[{"href":"https:\/\/www.hsymachinery.com\/da\/wp-json\/wp\/v2\/media?parent=9235"}],"wp:term":[{"taxonomy":"product_brand","embeddable":true,"href":"https:\/\/www.hsymachinery.com\/da\/wp-json\/wp\/v2\/product_brand?post=9235"},{"taxonomy":"product_cat","embeddable":true,"href":"https:\/\/www.hsymachinery.com\/da\/wp-json\/wp\/v2\/product_cat?post=9235"},{"taxonomy":"product_tag","embeddable":true,"href":"https:\/\/www.hsymachinery.com\/da\/wp-json\/wp\/v2\/product_tag?post=9235"}],"curies":[{"name":"wp","href":"https:\/\/api.w.org\/{rel}","templated":true}]}}