{"id":9232,"date":"2025-06-18T21:19:30","date_gmt":"2025-06-18T13:19:30","guid":{"rendered":"https:\/\/www.hsymachinery.com\/?post_type=product&#038;p=9232"},"modified":"2025-06-28T23:53:29","modified_gmt":"2025-06-28T15:53:29","slug":"ride-on-power-trowel-ptr-h100","status":"publish","type":"product","link":"https:\/\/www.hsymachinery.com\/da\/produkt\/ride-on-power-trowel-ptr-h100\/","title":{"rendered":"Ride-on elektrisk murske PTR-H100"},"content":{"rendered":"<h2 data-start=\"146\" data-end=\"183\">Ride-on elektrisk murske PTR-H100<\/h2>\n<h3 data-start=\"184\" data-end=\"304\">PTR-H100 Ride-on betonfinishmaskine med Honda-motor | stor d\u00e6kning til professionel gulvfinish<\/h3>\n<h3 data-start=\"311\" data-end=\"410\">Produktbeskrivelse - Honda-drevet ride-on-spartel til h\u00f8jtydende industriel efterbehandling<a href=\"https:\/\/www.hsymachinery.com\/da\/produkter\/ride-on-power-trowel\/\" target=\"_blank\" rel=\"noopener\"><img fetchpriority=\"high\" decoding=\"async\" class=\"wp-image-9616 alignright\" src=\"https:\/\/www.hsymachinery.com\/wp-content\/uploads\/2025\/06\/Sitting-Type-Power-Trowel-209x300.jpg\" alt=\"\" width=\"451\" height=\"647\" srcset=\"https:\/\/www.hsymachinery.com\/wp-content\/uploads\/2025\/06\/Sitting-Type-Power-Trowel-209x300.jpg 209w, https:\/\/www.hsymachinery.com\/wp-content\/uploads\/2025\/06\/Sitting-Type-Power-Trowel-713x1024.jpg 713w, https:\/\/www.hsymachinery.com\/wp-content\/uploads\/2025\/06\/Sitting-Type-Power-Trowel-768x1103.jpg 768w, https:\/\/www.hsymachinery.com\/wp-content\/uploads\/2025\/06\/Sitting-Type-Power-Trowel-600x862.jpg 600w, https:\/\/www.hsymachinery.com\/wp-content\/uploads\/2025\/06\/Sitting-Type-Power-Trowel.jpg 800w\" sizes=\"(max-width: 451px) 100vw, 451px\" \/><\/a><\/h3>\n<p data-start=\"412\" data-end=\"720\">Den <strong data-start=\"416\" data-end=\"449\">PTR-H100 Ride-On elektrisk murske<\/strong> er konstrueret til at levere overlegne efterbehandlingsresultater p\u00e5 store betonpladeprojekter. Denne maskine drives af en Honda-benzinmotor og giver ensartet ydelse, nem h\u00e5ndtering og \u00f8get d\u00e6kning for entrepren\u00f8rer, der arbejder p\u00e5 industrielle eller kommercielle gulve.<\/p>\n<p data-start=\"722\" data-end=\"1061\">Med en 100 cm dobbeltskivediameter g\u00f8r PTR-H100 effektivt store betonomr\u00e5der f\u00e6rdige p\u00e5 kortere tid. Ride-on f\u00f8rers\u00e6det \u00f8ger komforten og kontrollen, is\u00e6r ved lange arbejdstider. Hondas motor sikrer et j\u00e6vnt drejningsmoment, br\u00e6ndstofeffektivitet og langvarig p\u00e5lidelighed, selv under kr\u00e6vende arbejdsbelastninger.<\/p>\n<p data-start=\"1063\" data-end=\"1351\">Desuden kan f\u00f8reren hurtigt justere knivh\u00e6ldningssystemet, hvilket giver en j\u00e6vn overgang mellem flyde- og efterbehandlingsopgaver. Den kraftige st\u00e5lramme, den forst\u00e6rkede gearkasse og det vibrationsd\u00e6mpende design sikrer driftsstabilitet og reducerer slid p\u00e5 maskinen over tid.<\/p>\n<p data-start=\"1353\" data-end=\"1575\">PTR-H100 er ideel til brug p\u00e5 fabriksgulve, i indk\u00f8bscentre, lagerbygninger og parkeringshuse og er en p\u00e5lidelig efterbehandlingsmaskine til fagfolk, der s\u00e6tter pris p\u00e5 pr\u00e6cision, holdbarhed og motorydelse.<\/p>\n<h3 data-start=\"1582\" data-end=\"1628\">N\u00f8glefunktioner i PTR-H100 Ride-On murske<\/h3>\n<ul data-start=\"1630\" data-end=\"2009\">\n<li data-start=\"1630\" data-end=\"1701\">\n<p data-start=\"1632\" data-end=\"1701\">Drives af Honda-benzinmotor for j\u00e6vn og effektiv drift<\/p>\n<\/li>\n<li data-start=\"1702\" data-end=\"1766\">\n<p data-start=\"1704\" data-end=\"1766\">100 cm sparteldiameter d\u00e6kker et st\u00f8rre omr\u00e5de med f\u00e6rre overk\u00f8rsler<\/p>\n<\/li>\n<li data-start=\"1767\" data-end=\"1831\">\n<p data-start=\"1769\" data-end=\"1831\">Ride-on-strukturen giver operat\u00f8ren komfort og fuld kontrol<\/p>\n<\/li>\n<li data-start=\"1832\" data-end=\"1890\">\n<p data-start=\"1834\" data-end=\"1890\">Justerbar bladafstand for pr\u00e6cisionsfinish<\/p>\n<\/li>\n<li data-start=\"1891\" data-end=\"1952\">\n<p data-start=\"1893\" data-end=\"1952\">Robust gearkasse og st\u00e5lramme til h\u00f8j ydeevne<\/p>\n<\/li>\n<li data-start=\"1953\" data-end=\"2009\">\n<p data-start=\"1955\" data-end=\"2009\">Designet til industrielle og kommercielle pladeprojekter<\/p>\n<\/li>\n<\/ul>\n<h3 data-start=\"2016\" data-end=\"2106\">Anvendelser - Perfekt til industrigulve, kommercielle lagerbygninger og parkeringsomr\u00e5der<\/h3>\n<p data-start=\"2108\" data-end=\"2304\">PTR-H100 er fremragende til efterbehandling af store m\u00e6ngder beton og tilbyder den perfekte kombination af d\u00e6kning, stabilitet og komfort til fagfolk, der arbejder med store gulvplader.<\/p>\n<p><iframe title=\"#byggeplads #byggepladsarbejder #spartel#\" width=\"720\" height=\"405\" src=\"https:\/\/www.youtube.com\/embed\/XQyVcEkyJOs?feature=oembed\" frameborder=\"0\" allow=\"accelerometer; autoplay; clipboard-write; encrypted-media; gyroscope; picture-in-picture; web-share\" referrerpolicy=\"strict-origin-when-cross-origin\" allowfullscreen><\/iframe><\/p>","protected":false},"excerpt":{"rendered":"<p>PTR-H100 ride-on-betonspartel med Honda-motor giver 100 cm finishbredde, fremragende stabilitet og professionelle resultater til store pladeopgaver.<\/p>","protected":false},"featured_media":9233,"template":"","meta":{"_kad_post_transparent":"default","_kad_post_title":"","_kad_post_layout":"default","_kad_post_sidebar_id":"","_kad_post_content_style":"default","_kad_post_vertical_padding":"default","_kad_post_feature":"","_kad_post_feature_position":"","_kad_post_header":false,"_kad_post_footer":false},"product_brand":[],"product_cat":[58],"product_tag":[1093,1094,1098,1091,1096,1092,1097,1099,1095,1100],"class_list":{"0":"post-9232","1":"product","2":"type-product","3":"status-publish","4":"has-post-thumbnail","6":"product_cat-ride-on-power-trowel","7":"product_tag-concrete-ride-on-trowel","8":"product_tag-concrete-ride-on-trowel-machine","9":"product_tag-concrete-surface-finishing-trowel","10":"product_tag-double-disc-ride-on-power-trowel","11":"product_tag-double-rotor-power-trowel","12":"product_tag-gasoline-ride-on-power-trowel","13":"product_tag-heavy-duty-ride-on-trowel","14":"product_tag-hydraulic-ride-on-trowel","15":"product_tag-ride-on-concrete-finishing-machine","16":"product_tag-ride-on-floor-trowel","18":"first","19":"instock","20":"featured","21":"shipping-taxable","22":"product-type-simple","23":"entry","24":"content-bg","25":"loop-entry"},"yoast_head":"<!-- This site is optimized with the Yoast SEO plugin v25.3.1 - https:\/\/yoast.com\/wordpress\/plugins\/seo\/ -->\n<title>Ride-On Power Trowel PTR-H100 - HSY Construction Machinery<\/title>\n<meta name=\"description\" content=\"PTR-H100 ride-on power trowel with 100 cm blades and Honda engine delivers efficient, high-performance slab finishing for industrial concrete floors.\" \/>\n<meta name=\"robots\" content=\"index, follow, max-snippet:-1, max-image-preview:large, max-video-preview:-1\" \/>\n<link rel=\"canonical\" href=\"https:\/\/www.hsymachinery.com\/da\/produkt\/ride-on-power-trowel-ptr-h100\/\" \/>\n<meta property=\"og:locale\" content=\"da_DK\" \/>\n<meta property=\"og:type\" content=\"article\" \/>\n<meta property=\"og:title\" content=\"Ride-On Power Trowel PTR-H100 - HSY Construction Machinery\" \/>\n<meta property=\"og:description\" content=\"PTR-H100 ride-on power trowel with 100 cm blades and Honda engine delivers efficient, high-performance slab finishing for industrial concrete floors.\" \/>\n<meta property=\"og:url\" content=\"https:\/\/www.hsymachinery.com\/da\/produkt\/ride-on-power-trowel-ptr-h100\/\" \/>\n<meta property=\"og:site_name\" content=\"HSY Construction Machinery\" \/>\n<meta property=\"article:modified_time\" content=\"2025-06-28T15:53:29+00:00\" \/>\n<meta property=\"og:image\" content=\"https:\/\/www.hsymachinery.com\/wp-content\/uploads\/2025\/06\/Ride-On-Power-Trowel-PTR-H100.jpg\" \/>\n\t<meta property=\"og:image:width\" content=\"800\" \/>\n\t<meta property=\"og:image:height\" content=\"800\" \/>\n\t<meta property=\"og:image:type\" content=\"image\/jpeg\" \/>\n<meta name=\"twitter:card\" content=\"summary_large_image\" \/>\n<meta name=\"twitter:label1\" content=\"Estimeret l\u00e6setid\" \/>\n\t<meta name=\"twitter:data1\" content=\"2 minutter\" \/>\n<script type=\"application\/ld+json\" class=\"yoast-schema-graph\">{\"@context\":\"https:\/\/schema.org\",\"@graph\":[{\"@type\":\"WebPage\",\"@id\":\"https:\/\/www.hsymachinery.com\/product\/ride-on-power-trowel-ptr-h100\/\",\"url\":\"https:\/\/www.hsymachinery.com\/product\/ride-on-power-trowel-ptr-h100\/\",\"name\":\"Ride-On Power Trowel PTR-H100 - HSY Construction Machinery\",\"isPartOf\":{\"@id\":\"https:\/\/www.hsymachinery.com\/#website\"},\"primaryImageOfPage\":{\"@id\":\"https:\/\/www.hsymachinery.com\/product\/ride-on-power-trowel-ptr-h100\/#primaryimage\"},\"image\":{\"@id\":\"https:\/\/www.hsymachinery.com\/product\/ride-on-power-trowel-ptr-h100\/#primaryimage\"},\"thumbnailUrl\":\"https:\/\/www.hsymachinery.com\/wp-content\/uploads\/2025\/06\/Ride-On-Power-Trowel-PTR-H100.jpg\",\"datePublished\":\"2025-06-18T13:19:30+00:00\",\"dateModified\":\"2025-06-28T15:53:29+00:00\",\"description\":\"PTR-H100 ride-on power trowel with 100 cm blades and Honda engine delivers efficient, high-performance slab finishing for industrial concrete floors.\",\"breadcrumb\":{\"@id\":\"https:\/\/www.hsymachinery.com\/product\/ride-on-power-trowel-ptr-h100\/#breadcrumb\"},\"inLanguage\":\"da-DK\",\"potentialAction\":[{\"@type\":\"ReadAction\",\"target\":[\"https:\/\/www.hsymachinery.com\/product\/ride-on-power-trowel-ptr-h100\/\"]}]},{\"@type\":\"ImageObject\",\"inLanguage\":\"da-DK\",\"@id\":\"https:\/\/www.hsymachinery.com\/product\/ride-on-power-trowel-ptr-h100\/#primaryimage\",\"url\":\"https:\/\/www.hsymachinery.com\/wp-content\/uploads\/2025\/06\/Ride-On-Power-Trowel-PTR-H100.jpg\",\"contentUrl\":\"https:\/\/www.hsymachinery.com\/wp-content\/uploads\/2025\/06\/Ride-On-Power-Trowel-PTR-H100.jpg\",\"width\":800,\"height\":800},{\"@type\":\"BreadcrumbList\",\"@id\":\"https:\/\/www.hsymachinery.com\/product\/ride-on-power-trowel-ptr-h100\/#breadcrumb\",\"itemListElement\":[{\"@type\":\"ListItem\",\"position\":1,\"name\":\"home\",\"item\":\"https:\/\/www.hsymachinery.com\/\"},{\"@type\":\"ListItem\",\"position\":2,\"name\":\"products\",\"item\":\"https:\/\/www.hsymachinery.com\/products\/\"},{\"@type\":\"ListItem\",\"position\":3,\"name\":\"Ride-On Power Trowel PTR-H100\"}]},{\"@type\":\"WebSite\",\"@id\":\"https:\/\/www.hsymachinery.com\/#website\",\"url\":\"https:\/\/www.hsymachinery.com\/\",\"name\":\"HSY Construction Machinery\",\"description\":\"HSY Machinery \u2013 A leading China construction machinery supplier, offering a wide range of light construction equipment. Our main products include Rebar Cutting Machine, Rebar Bending Machine, Rebar Stirrup Bending Machine, Rebar Arc Bending Machine, Rebar Straightening Machine, Five-Head Rebar Stirrup Bending Machine, Tamping Rammer, Plate Compactor, Concrete Cutter, Power Trowel, and other construction machinery. We are equipped with advanced CNC machines, and we enforce strict quality inspection standards along with comprehensive after-sales service. If you are interested in our products or services, we warmly welcome your inquiries via message.\",\"publisher\":{\"@id\":\"https:\/\/www.hsymachinery.com\/#organization\"},\"potentialAction\":[{\"@type\":\"SearchAction\",\"target\":{\"@type\":\"EntryPoint\",\"urlTemplate\":\"https:\/\/www.hsymachinery.com\/?s={search_term_string}\"},\"query-input\":{\"@type\":\"PropertyValueSpecification\",\"valueRequired\":true,\"valueName\":\"search_term_string\"}}],\"inLanguage\":\"da-DK\"},{\"@type\":\"Organization\",\"@id\":\"https:\/\/www.hsymachinery.com\/#organization\",\"name\":\"HSY Construction Machinery\",\"url\":\"https:\/\/www.hsymachinery.com\/\",\"logo\":{\"@type\":\"ImageObject\",\"inLanguage\":\"da-DK\",\"@id\":\"https:\/\/www.hsymachinery.com\/#\/schema\/logo\/image\/\",\"url\":\"https:\/\/www.hsymachinery.com\/wp-content\/uploads\/2025\/06\/cropped-HSY-machinery.png\",\"contentUrl\":\"https:\/\/www.hsymachinery.com\/wp-content\/uploads\/2025\/06\/cropped-HSY-machinery.png\",\"width\":600,\"height\":240,\"caption\":\"HSY Construction Machinery\"},\"image\":{\"@id\":\"https:\/\/www.hsymachinery.com\/#\/schema\/logo\/image\/\"}}]}<\/script>\n<!-- \/ Yoast SEO plugin. -->","yoast_head_json":{"title":"Ride-on elektrisk murske PTR-H100 - HSY Entrepren\u00f8rmaskiner","description":"PTR-H100 ride-on power trowel med 100 cm blade og Honda-motor leverer effektiv, h\u00f8jtydende pladefinish til industrielle betongulve.","robots":{"index":"index","follow":"follow","max-snippet":"max-snippet:-1","max-image-preview":"max-image-preview:large","max-video-preview":"max-video-preview:-1"},"canonical":"https:\/\/www.hsymachinery.com\/da\/produkt\/ride-on-power-trowel-ptr-h100\/","og_locale":"da_DK","og_type":"article","og_title":"Ride-On Power Trowel PTR-H100 - HSY Construction Machinery","og_description":"PTR-H100 ride-on power trowel with 100 cm blades and Honda engine delivers efficient, high-performance slab finishing for industrial concrete floors.","og_url":"https:\/\/www.hsymachinery.com\/da\/produkt\/ride-on-power-trowel-ptr-h100\/","og_site_name":"HSY Construction Machinery","article_modified_time":"2025-06-28T15:53:29+00:00","og_image":[{"width":800,"height":800,"url":"https:\/\/www.hsymachinery.com\/wp-content\/uploads\/2025\/06\/Ride-On-Power-Trowel-PTR-H100.jpg","type":"image\/jpeg"}],"twitter_card":"summary_large_image","twitter_misc":{"Estimeret l\u00e6setid":"2 minutter"},"schema":{"@context":"https:\/\/schema.org","@graph":[{"@type":"WebPage","@id":"https:\/\/www.hsymachinery.com\/product\/ride-on-power-trowel-ptr-h100\/","url":"https:\/\/www.hsymachinery.com\/product\/ride-on-power-trowel-ptr-h100\/","name":"Ride-on elektrisk murske PTR-H100 - HSY Entrepren\u00f8rmaskiner","isPartOf":{"@id":"https:\/\/www.hsymachinery.com\/#website"},"primaryImageOfPage":{"@id":"https:\/\/www.hsymachinery.com\/product\/ride-on-power-trowel-ptr-h100\/#primaryimage"},"image":{"@id":"https:\/\/www.hsymachinery.com\/product\/ride-on-power-trowel-ptr-h100\/#primaryimage"},"thumbnailUrl":"https:\/\/www.hsymachinery.com\/wp-content\/uploads\/2025\/06\/Ride-On-Power-Trowel-PTR-H100.jpg","datePublished":"2025-06-18T13:19:30+00:00","dateModified":"2025-06-28T15:53:29+00:00","description":"PTR-H100 ride-on power trowel med 100 cm blade og Honda-motor leverer effektiv, h\u00f8jtydende pladefinish til industrielle betongulve.","breadcrumb":{"@id":"https:\/\/www.hsymachinery.com\/product\/ride-on-power-trowel-ptr-h100\/#breadcrumb"},"inLanguage":"da-DK","potentialAction":[{"@type":"ReadAction","target":["https:\/\/www.hsymachinery.com\/product\/ride-on-power-trowel-ptr-h100\/"]}]},{"@type":"ImageObject","inLanguage":"da-DK","@id":"https:\/\/www.hsymachinery.com\/product\/ride-on-power-trowel-ptr-h100\/#primaryimage","url":"https:\/\/www.hsymachinery.com\/wp-content\/uploads\/2025\/06\/Ride-On-Power-Trowel-PTR-H100.jpg","contentUrl":"https:\/\/www.hsymachinery.com\/wp-content\/uploads\/2025\/06\/Ride-On-Power-Trowel-PTR-H100.jpg","width":800,"height":800},{"@type":"BreadcrumbList","@id":"https:\/\/www.hsymachinery.com\/product\/ride-on-power-trowel-ptr-h100\/#breadcrumb","itemListElement":[{"@type":"ListItem","position":1,"name":"home","item":"https:\/\/www.hsymachinery.com\/"},{"@type":"ListItem","position":2,"name":"products","item":"https:\/\/www.hsymachinery.com\/products\/"},{"@type":"ListItem","position":3,"name":"Ride-On Power Trowel PTR-H100"}]},{"@type":"WebSite","@id":"https:\/\/www.hsymachinery.com\/#website","url":"https:\/\/www.hsymachinery.com\/","name":"HSY Entrepren\u00f8rmaskiner","description":"HSY Machinery - En f\u00f8rende leverand\u00f8r af entrepren\u00f8rmaskiner i Kina, der tilbyder en bred vifte af let entrepren\u00f8rmateriel. Vores vigtigste produkter omfatter armeringssk\u00e6remaskine, armeringsb\u00f8jlemaskine, armeringsb\u00f8jlemaskine, armeringsbue-b\u00f8jlemaskine, armeringsudretningsmaskine, femhovedet armeringsb\u00f8jlemaskine, stampestamper, pladekomprimator, betonsk\u00e6rer, murske og andre entrepren\u00f8rmaskiner. Vi er udstyret med avancerede CNC-maskiner, og vi h\u00e5ndh\u00e6ver strenge standarder for kvalitetskontrol sammen med omfattende eftersalgsservice. Hvis du er interesseret i vores produkter eller tjenester, hilser vi dine foresp\u00f8rgsler via besked varmt velkommen.","publisher":{"@id":"https:\/\/www.hsymachinery.com\/#organization"},"potentialAction":[{"@type":"SearchAction","target":{"@type":"EntryPoint","urlTemplate":"https:\/\/www.hsymachinery.com\/?s={search_term_string}"},"query-input":{"@type":"PropertyValueSpecification","valueRequired":true,"valueName":"search_term_string"}}],"inLanguage":"da-DK"},{"@type":"Organization","@id":"https:\/\/www.hsymachinery.com\/#organization","name":"HSY Entrepren\u00f8rmaskiner","url":"https:\/\/www.hsymachinery.com\/","logo":{"@type":"ImageObject","inLanguage":"da-DK","@id":"https:\/\/www.hsymachinery.com\/#\/schema\/logo\/image\/","url":"https:\/\/www.hsymachinery.com\/wp-content\/uploads\/2025\/06\/cropped-HSY-machinery.png","contentUrl":"https:\/\/www.hsymachinery.com\/wp-content\/uploads\/2025\/06\/cropped-HSY-machinery.png","width":600,"height":240,"caption":"HSY Construction Machinery"},"image":{"@id":"https:\/\/www.hsymachinery.com\/#\/schema\/logo\/image\/"}}]}},"_links":{"self":[{"href":"https:\/\/www.hsymachinery.com\/da\/wp-json\/wp\/v2\/product\/9232","targetHints":{"allow":["GET"]}}],"collection":[{"href":"https:\/\/www.hsymachinery.com\/da\/wp-json\/wp\/v2\/product"}],"about":[{"href":"https:\/\/www.hsymachinery.com\/da\/wp-json\/wp\/v2\/types\/product"}],"version-history":[{"count":3,"href":"https:\/\/www.hsymachinery.com\/da\/wp-json\/wp\/v2\/product\/9232\/revisions"}],"predecessor-version":[{"id":9624,"href":"https:\/\/www.hsymachinery.com\/da\/wp-json\/wp\/v2\/product\/9232\/revisions\/9624"}],"wp:featuredmedia":[{"embeddable":true,"href":"https:\/\/www.hsymachinery.com\/da\/wp-json\/wp\/v2\/media\/9233"}],"wp:attachment":[{"href":"https:\/\/www.hsymachinery.com\/da\/wp-json\/wp\/v2\/media?parent=9232"}],"wp:term":[{"taxonomy":"product_brand","embeddable":true,"href":"https:\/\/www.hsymachinery.com\/da\/wp-json\/wp\/v2\/product_brand?post=9232"},{"taxonomy":"product_cat","embeddable":true,"href":"https:\/\/www.hsymachinery.com\/da\/wp-json\/wp\/v2\/product_cat?post=9232"},{"taxonomy":"product_tag","embeddable":true,"href":"https:\/\/www.hsymachinery.com\/da\/wp-json\/wp\/v2\/product_tag?post=9232"}],"curies":[{"name":"wp","href":"https:\/\/api.w.org\/{rel}","templated":true}]}}