{"id":9205,"date":"2025-06-18T20:34:21","date_gmt":"2025-06-18T12:34:21","guid":{"rendered":"https:\/\/www.hsymachinery.com\/?post_type=product&#038;p=9205"},"modified":"2025-06-28T23:07:53","modified_gmt":"2025-06-28T15:07:53","slug":"ga-bag-el-spartel-pth-d60-90a","status":"publish","type":"product","link":"https:\/\/www.hsymachinery.com\/da\/produkt\/ga-bag-el-spartel-pth-d60-90a\/","title":{"rendered":"G\u00e5-bag el-spartel PTH-D60\/90A"},"content":{"rendered":"<h2 data-start=\"148\" data-end=\"192\">G\u00e5-bag el-spartel PTH-D60\/90A<\/h2>\n<h3 data-start=\"193\" data-end=\"307\">PTH-D60\/90A Enhanced Electric Concrete Trowel | Kompakt, st\u00f8jsvag og holdbar efterbehandling til indend\u00f8rs pladeprojekter<\/h3>\n<h3 data-start=\"314\" data-end=\"420\">Produktbeskrivelse - Forst\u00e6rket elektrisk murske til ren og ensartet indend\u00f8rs betonafslutning<a href=\"https:\/\/www.hsymachinery.com\/da\/produkter\/ga-bagved-elektrisk-murske\/\" target=\"_blank\" rel=\"noopener\"><img fetchpriority=\"high\" decoding=\"async\" class=\"wp-image-9206 alignright\" src=\"https:\/\/www.hsymachinery.com\/wp-content\/uploads\/2025\/06\/Walk-Behind-Power-Trowel-PTH-D60A-244x300.jpg\" alt=\"\" width=\"451\" height=\"555\" srcset=\"https:\/\/www.hsymachinery.com\/wp-content\/uploads\/2025\/06\/Walk-Behind-Power-Trowel-PTH-D60A-244x300.jpg 244w, https:\/\/www.hsymachinery.com\/wp-content\/uploads\/2025\/06\/Walk-Behind-Power-Trowel-PTH-D60A.jpg 600w\" sizes=\"(max-width: 451px) 100vw, 451px\" \/><\/a><\/h3>\n<p data-start=\"422\" data-end=\"849\">Den <strong data-start=\"426\" data-end=\"466\">PTH-D60\/90A bagudg\u00e5ende el-spartel<\/strong> er en forst\u00e6rket eldrevet model, der er udviklet specielt til indend\u00f8rs betonarbejde, hvor lav st\u00f8j og ingen emissioner er afg\u00f8rende. Som en opgraderet version af PTH-D60\/90 tilbyder denne maskine forbedret mekanisk styrke, forbedret knivpr\u00e6cision og st\u00f8rre driftsstabilitet - samtidig med at fordelene ved eldrift bevares.<\/p>\n<p data-start=\"851\" data-end=\"1210\">PTH-D60\/90A er udstyret med en robust elmotor og k\u00f8rer st\u00f8jsvagt og effektivt, hvilket g\u00f8r den perfekt til hospitalsgulve, kommercielle k\u00e6ldre, k\u00f8kkener og kontorbygninger. Glattediameteren p\u00e5 60-90 cm giver den perfekte balance mellem man\u00f8vredygtighed og produktivitet, s\u00e5 brugerne nemt kan f\u00e6rdigg\u00f8re mellemstore plader.<\/p>\n<p data-start=\"1212\" data-end=\"1617\">Desuden kan operat\u00f8ren nemt justere klingens h\u00e6ldning for at skifte fra grovpudsning til slutpolering. Det vibrationsd\u00e6mpende, sammenklappelige h\u00e5ndtag minimerer brugerens tr\u00e6thed under l\u00e6ngerevarende skift og g\u00f8r opbevaring eller transport enkel. Desuden sikrer den forbedrede gearkasse, de slidst\u00e6rke spindelarme og den kraftige beskyttelsesring langvarig p\u00e5lidelighed, selv ved konstant brug.<\/p>\n<p data-start=\"1619\" data-end=\"1814\">Denne model er et godt valg for entrepren\u00f8rer, der har brug for st\u00f8jsvage, br\u00e6ndstoffrie og vedligeholdelsesvenlige efterbehandlingsv\u00e6rkt\u00f8jer, der leverer professionelle betonresultater uden at g\u00e5 p\u00e5 kompromis med milj\u00f8et.<\/p>\n<h3 data-start=\"1821\" data-end=\"1874\">N\u00f8glefunktioner i PTH-D60\/90A Walk-Behind murske<\/h3>\n<ul data-start=\"1876\" data-end=\"2240\">\n<li data-start=\"1876\" data-end=\"1938\">\n<p data-start=\"1878\" data-end=\"1938\">Opgraderet elmotor sikrer st\u00e6rk og st\u00f8jsvag drift<\/p>\n<\/li>\n<li data-start=\"1939\" data-end=\"1996\">\n<p data-start=\"1941\" data-end=\"1996\">60-90 cm arbejdsdiameter passer til mellemstore pladeopgaver<\/p>\n<\/li>\n<li data-start=\"1997\" data-end=\"2052\">\n<p data-start=\"1999\" data-end=\"2052\">Justerbar bladafstand giver fleksibilitet i efterbehandlingen<\/p>\n<\/li>\n<li data-start=\"2053\" data-end=\"2115\">\n<p data-start=\"2055\" data-end=\"2115\">Ergonomisk h\u00e5ndtag reducerer tr\u00e6thed og kan foldes sammen.<\/p>\n<\/li>\n<li data-start=\"2116\" data-end=\"2176\">\n<p data-start=\"2118\" data-end=\"2176\">Forst\u00e6rket gearkasse og struktur for bedre holdbarhed<\/p>\n<\/li>\n<li data-start=\"2177\" data-end=\"2240\">\n<p data-start=\"2179\" data-end=\"2240\">Ideel til indend\u00f8rs brug i st\u00f8j- og emissionsf\u00f8lsomme omr\u00e5der<\/p>\n<\/li>\n<\/ul>\n<h3 data-start=\"2247\" data-end=\"2334\">Anvendelser - Perfekt til kontorer, skoler, hospitaler og indend\u00f8rs kommercielle omr\u00e5der<\/h3>\n<p data-start=\"2336\" data-end=\"2653\">P\u00e5 grund af sin elektriske motor og kompakte st\u00f8rrelse er PTH-D60\/90A velegnet til indend\u00f8rs efterbehandlingsopgaver i uddannelsesinstitutioner, sundhedsfaciliteter, supermarkeder og bygninger i flere etager. Den emissionsfrie drift sikrer overholdelse af strenge regler for sikkerhed og luftkvalitet.<\/p>\n<p data-start=\"2655\" data-end=\"2817\">Derfor foretr\u00e6kker fagfolk PTH-D60\/90A, n\u00e5r de har brug for en kompakt, men kraftfuld glittemaskine, der udm\u00e6rker sig ved b\u00e5de ydeevne og milj\u00f8venlighed.<\/p>\n<p><iframe title=\"murerske,h\u00e5ndskubber,murerske,beton 1TP10Murerske 1TP10Murerske#beton\" width=\"720\" height=\"405\" src=\"https:\/\/www.youtube.com\/embed\/pa6AuNhMrwI?feature=oembed\" frameborder=\"0\" allow=\"accelerometer; autoplay; clipboard-write; encrypted-media; gyroscope; picture-in-picture; web-share\" referrerpolicy=\"strict-origin-when-cross-origin\" allowfullscreen><\/iframe><\/p>","protected":false},"excerpt":{"rendered":"<p>PTH-D60\/90A elektrisk walk-behind betonspartel tilbyder forst\u00e6rket struktur, st\u00f8jsvag drift og 60-90 cm d\u00e6kning for sikker, effektiv indend\u00f8rs f\u00e6rdigg\u00f8relse af plader.<\/p>","protected":false},"featured_media":9206,"template":"","meta":{"_kad_post_transparent":"default","_kad_post_title":"","_kad_post_layout":"default","_kad_post_sidebar_id":"","_kad_post_content_style":"default","_kad_post_vertical_padding":"default","_kad_post_feature":"","_kad_post_feature_position":"","_kad_post_header":false,"_kad_post_footer":false},"product_brand":[],"product_cat":[55],"product_tag":[1084,1083,1087,1081,1086,1085,1089,1088,1090,1082],"class_list":{"0":"post-9205","1":"product","2":"type-product","3":"status-publish","4":"has-post-thumbnail","6":"product_cat-walk-behind-power-trowel","7":"product_tag-cement-power-trowel","8":"product_tag-concrete-finishing-trowel","9":"product_tag-concrete-floor-finishing-machine","10":"product_tag-concrete-power-trowel","11":"product_tag-electric-walk-behind-trowel","12":"product_tag-gasoline-power-trowel","13":"product_tag-hand-operated-power-trowel","14":"product_tag-manual-power-trowel","15":"product_tag-walk-behind-concrete-finishing-machine","16":"product_tag-walk-behind-trowel-machine","18":"first","19":"instock","20":"shipping-taxable","21":"product-type-simple","22":"entry","23":"content-bg","24":"loop-entry"},"yoast_head":"<!-- This site is optimized with the Yoast SEO plugin v25.3.1 - https:\/\/yoast.com\/wordpress\/plugins\/seo\/ -->\n<title>Walk-Behind Power Trowel PTH-D60\/90A - HSY Construction Machinery<\/title>\n<meta name=\"description\" content=\"PTH-D60\/90A electric power trowel offers reinforced performance and quiet, emission-free operation for indoor concrete finishing. Ideal for offices, hospitals, and basements.Walk-Behind Power Trowel PTH-D60\/90A\" \/>\n<meta name=\"robots\" content=\"index, follow, max-snippet:-1, max-image-preview:large, max-video-preview:-1\" \/>\n<link rel=\"canonical\" href=\"https:\/\/www.hsymachinery.com\/da\/produkt\/ga-bag-el-spartel-pth-d60-90a\/\" \/>\n<meta property=\"og:locale\" content=\"da_DK\" \/>\n<meta property=\"og:type\" content=\"article\" \/>\n<meta property=\"og:title\" content=\"Walk-Behind Power Trowel PTH-D60\/90A - HSY Construction Machinery\" \/>\n<meta property=\"og:description\" content=\"PTH-D60\/90A electric power trowel offers reinforced performance and quiet, emission-free operation for indoor concrete finishing. Ideal for offices, hospitals, and basements.Walk-Behind Power Trowel PTH-D60\/90A\" \/>\n<meta property=\"og:url\" content=\"https:\/\/www.hsymachinery.com\/da\/produkt\/ga-bag-el-spartel-pth-d60-90a\/\" \/>\n<meta property=\"og:site_name\" content=\"HSY Construction Machinery\" \/>\n<meta property=\"article:modified_time\" content=\"2025-06-28T15:07:53+00:00\" \/>\n<meta property=\"og:image\" content=\"https:\/\/www.hsymachinery.com\/wp-content\/uploads\/2025\/06\/Walk-Behind-Power-Trowel-PTH-D60A.jpg\" \/>\n\t<meta property=\"og:image:width\" content=\"600\" \/>\n\t<meta property=\"og:image:height\" content=\"738\" \/>\n\t<meta property=\"og:image:type\" content=\"image\/jpeg\" \/>\n<meta name=\"twitter:card\" content=\"summary_large_image\" \/>\n<meta name=\"twitter:label1\" content=\"Estimeret l\u00e6setid\" \/>\n\t<meta name=\"twitter:data1\" content=\"2 minutter\" \/>\n<script type=\"application\/ld+json\" class=\"yoast-schema-graph\">{\"@context\":\"https:\/\/schema.org\",\"@graph\":[{\"@type\":\"WebPage\",\"@id\":\"https:\/\/www.hsymachinery.com\/product\/walk-behind-power-trowel-pth-d60-90a\/\",\"url\":\"https:\/\/www.hsymachinery.com\/product\/walk-behind-power-trowel-pth-d60-90a\/\",\"name\":\"Walk-Behind Power Trowel PTH-D60\/90A - HSY Construction Machinery\",\"isPartOf\":{\"@id\":\"https:\/\/www.hsymachinery.com\/#website\"},\"primaryImageOfPage\":{\"@id\":\"https:\/\/www.hsymachinery.com\/product\/walk-behind-power-trowel-pth-d60-90a\/#primaryimage\"},\"image\":{\"@id\":\"https:\/\/www.hsymachinery.com\/product\/walk-behind-power-trowel-pth-d60-90a\/#primaryimage\"},\"thumbnailUrl\":\"https:\/\/www.hsymachinery.com\/wp-content\/uploads\/2025\/06\/Walk-Behind-Power-Trowel-PTH-D60A.jpg\",\"datePublished\":\"2025-06-18T12:34:21+00:00\",\"dateModified\":\"2025-06-28T15:07:53+00:00\",\"description\":\"PTH-D60\/90A electric power trowel offers reinforced performance and quiet, emission-free operation for indoor concrete finishing. Ideal for offices, hospitals, and basements.Walk-Behind Power Trowel PTH-D60\/90A\",\"breadcrumb\":{\"@id\":\"https:\/\/www.hsymachinery.com\/product\/walk-behind-power-trowel-pth-d60-90a\/#breadcrumb\"},\"inLanguage\":\"da-DK\",\"potentialAction\":[{\"@type\":\"ReadAction\",\"target\":[\"https:\/\/www.hsymachinery.com\/product\/walk-behind-power-trowel-pth-d60-90a\/\"]}]},{\"@type\":\"ImageObject\",\"inLanguage\":\"da-DK\",\"@id\":\"https:\/\/www.hsymachinery.com\/product\/walk-behind-power-trowel-pth-d60-90a\/#primaryimage\",\"url\":\"https:\/\/www.hsymachinery.com\/wp-content\/uploads\/2025\/06\/Walk-Behind-Power-Trowel-PTH-D60A.jpg\",\"contentUrl\":\"https:\/\/www.hsymachinery.com\/wp-content\/uploads\/2025\/06\/Walk-Behind-Power-Trowel-PTH-D60A.jpg\",\"width\":600,\"height\":738},{\"@type\":\"BreadcrumbList\",\"@id\":\"https:\/\/www.hsymachinery.com\/product\/walk-behind-power-trowel-pth-d60-90a\/#breadcrumb\",\"itemListElement\":[{\"@type\":\"ListItem\",\"position\":1,\"name\":\"home\",\"item\":\"https:\/\/www.hsymachinery.com\/\"},{\"@type\":\"ListItem\",\"position\":2,\"name\":\"products\",\"item\":\"https:\/\/www.hsymachinery.com\/products\/\"},{\"@type\":\"ListItem\",\"position\":3,\"name\":\"Walk-Behind Power Trowel PTH-D60\/90A\"}]},{\"@type\":\"WebSite\",\"@id\":\"https:\/\/www.hsymachinery.com\/#website\",\"url\":\"https:\/\/www.hsymachinery.com\/\",\"name\":\"HSY Construction Machinery\",\"description\":\"HSY Machinery \u2013 A leading China construction machinery supplier, offering a wide range of light construction equipment. Our main products include Rebar Cutting Machine, Rebar Bending Machine, Rebar Stirrup Bending Machine, Rebar Arc Bending Machine, Rebar Straightening Machine, Five-Head Rebar Stirrup Bending Machine, Tamping Rammer, Plate Compactor, Concrete Cutter, Power Trowel, and other construction machinery. We are equipped with advanced CNC machines, and we enforce strict quality inspection standards along with comprehensive after-sales service. If you are interested in our products or services, we warmly welcome your inquiries via message.\",\"publisher\":{\"@id\":\"https:\/\/www.hsymachinery.com\/#organization\"},\"potentialAction\":[{\"@type\":\"SearchAction\",\"target\":{\"@type\":\"EntryPoint\",\"urlTemplate\":\"https:\/\/www.hsymachinery.com\/?s={search_term_string}\"},\"query-input\":{\"@type\":\"PropertyValueSpecification\",\"valueRequired\":true,\"valueName\":\"search_term_string\"}}],\"inLanguage\":\"da-DK\"},{\"@type\":\"Organization\",\"@id\":\"https:\/\/www.hsymachinery.com\/#organization\",\"name\":\"HSY Construction Machinery\",\"url\":\"https:\/\/www.hsymachinery.com\/\",\"logo\":{\"@type\":\"ImageObject\",\"inLanguage\":\"da-DK\",\"@id\":\"https:\/\/www.hsymachinery.com\/#\/schema\/logo\/image\/\",\"url\":\"https:\/\/www.hsymachinery.com\/wp-content\/uploads\/2025\/06\/cropped-HSY-machinery.png\",\"contentUrl\":\"https:\/\/www.hsymachinery.com\/wp-content\/uploads\/2025\/06\/cropped-HSY-machinery.png\",\"width\":600,\"height\":240,\"caption\":\"HSY Construction Machinery\"},\"image\":{\"@id\":\"https:\/\/www.hsymachinery.com\/#\/schema\/logo\/image\/\"}}]}<\/script>\n<!-- \/ Yoast SEO plugin. -->","yoast_head_json":{"title":"G\u00e5-bag el-spartel PTH-D60\/90A - HSY Entrepren\u00f8rmaskiner","description":"PTH-D60\/90A elektrisk glittemaskine tilbyder forst\u00e6rket ydeevne og st\u00f8jsvag, emissionsfri drift til indend\u00f8rs betonbehandling. Ideel til kontorer, hospitaler og k\u00e6ldre.Walk-Behind Power Trowel PTH-D60\/90A","robots":{"index":"index","follow":"follow","max-snippet":"max-snippet:-1","max-image-preview":"max-image-preview:large","max-video-preview":"max-video-preview:-1"},"canonical":"https:\/\/www.hsymachinery.com\/da\/produkt\/ga-bag-el-spartel-pth-d60-90a\/","og_locale":"da_DK","og_type":"article","og_title":"Walk-Behind Power Trowel PTH-D60\/90A - HSY Construction Machinery","og_description":"PTH-D60\/90A electric power trowel offers reinforced performance and quiet, emission-free operation for indoor concrete finishing. Ideal for offices, hospitals, and basements.Walk-Behind Power Trowel PTH-D60\/90A","og_url":"https:\/\/www.hsymachinery.com\/da\/produkt\/ga-bag-el-spartel-pth-d60-90a\/","og_site_name":"HSY Construction Machinery","article_modified_time":"2025-06-28T15:07:53+00:00","og_image":[{"width":600,"height":738,"url":"https:\/\/www.hsymachinery.com\/wp-content\/uploads\/2025\/06\/Walk-Behind-Power-Trowel-PTH-D60A.jpg","type":"image\/jpeg"}],"twitter_card":"summary_large_image","twitter_misc":{"Estimeret l\u00e6setid":"2 minutter"},"schema":{"@context":"https:\/\/schema.org","@graph":[{"@type":"WebPage","@id":"https:\/\/www.hsymachinery.com\/product\/walk-behind-power-trowel-pth-d60-90a\/","url":"https:\/\/www.hsymachinery.com\/product\/walk-behind-power-trowel-pth-d60-90a\/","name":"G\u00e5-bag el-spartel PTH-D60\/90A - HSY Entrepren\u00f8rmaskiner","isPartOf":{"@id":"https:\/\/www.hsymachinery.com\/#website"},"primaryImageOfPage":{"@id":"https:\/\/www.hsymachinery.com\/product\/walk-behind-power-trowel-pth-d60-90a\/#primaryimage"},"image":{"@id":"https:\/\/www.hsymachinery.com\/product\/walk-behind-power-trowel-pth-d60-90a\/#primaryimage"},"thumbnailUrl":"https:\/\/www.hsymachinery.com\/wp-content\/uploads\/2025\/06\/Walk-Behind-Power-Trowel-PTH-D60A.jpg","datePublished":"2025-06-18T12:34:21+00:00","dateModified":"2025-06-28T15:07:53+00:00","description":"PTH-D60\/90A elektrisk glittemaskine tilbyder forst\u00e6rket ydeevne og st\u00f8jsvag, emissionsfri drift til indend\u00f8rs betonbehandling. Ideel til kontorer, hospitaler og k\u00e6ldre.Walk-Behind Power Trowel PTH-D60\/90A","breadcrumb":{"@id":"https:\/\/www.hsymachinery.com\/product\/walk-behind-power-trowel-pth-d60-90a\/#breadcrumb"},"inLanguage":"da-DK","potentialAction":[{"@type":"ReadAction","target":["https:\/\/www.hsymachinery.com\/product\/walk-behind-power-trowel-pth-d60-90a\/"]}]},{"@type":"ImageObject","inLanguage":"da-DK","@id":"https:\/\/www.hsymachinery.com\/product\/walk-behind-power-trowel-pth-d60-90a\/#primaryimage","url":"https:\/\/www.hsymachinery.com\/wp-content\/uploads\/2025\/06\/Walk-Behind-Power-Trowel-PTH-D60A.jpg","contentUrl":"https:\/\/www.hsymachinery.com\/wp-content\/uploads\/2025\/06\/Walk-Behind-Power-Trowel-PTH-D60A.jpg","width":600,"height":738},{"@type":"BreadcrumbList","@id":"https:\/\/www.hsymachinery.com\/product\/walk-behind-power-trowel-pth-d60-90a\/#breadcrumb","itemListElement":[{"@type":"ListItem","position":1,"name":"home","item":"https:\/\/www.hsymachinery.com\/"},{"@type":"ListItem","position":2,"name":"products","item":"https:\/\/www.hsymachinery.com\/products\/"},{"@type":"ListItem","position":3,"name":"Walk-Behind Power Trowel PTH-D60\/90A"}]},{"@type":"WebSite","@id":"https:\/\/www.hsymachinery.com\/#website","url":"https:\/\/www.hsymachinery.com\/","name":"HSY Entrepren\u00f8rmaskiner","description":"HSY Machinery - En f\u00f8rende leverand\u00f8r af entrepren\u00f8rmaskiner i Kina, der tilbyder en bred vifte af let entrepren\u00f8rmateriel. Vores vigtigste produkter omfatter armeringssk\u00e6remaskine, armeringsb\u00f8jlemaskine, armeringsb\u00f8jlemaskine, armeringsbue-b\u00f8jlemaskine, armeringsudretningsmaskine, femhovedet armeringsb\u00f8jlemaskine, stampestamper, pladekomprimator, betonsk\u00e6rer, murske og andre entrepren\u00f8rmaskiner. Vi er udstyret med avancerede CNC-maskiner, og vi h\u00e5ndh\u00e6ver strenge standarder for kvalitetskontrol sammen med omfattende eftersalgsservice. Hvis du er interesseret i vores produkter eller tjenester, hilser vi dine foresp\u00f8rgsler via besked varmt velkommen.","publisher":{"@id":"https:\/\/www.hsymachinery.com\/#organization"},"potentialAction":[{"@type":"SearchAction","target":{"@type":"EntryPoint","urlTemplate":"https:\/\/www.hsymachinery.com\/?s={search_term_string}"},"query-input":{"@type":"PropertyValueSpecification","valueRequired":true,"valueName":"search_term_string"}}],"inLanguage":"da-DK"},{"@type":"Organization","@id":"https:\/\/www.hsymachinery.com\/#organization","name":"HSY Entrepren\u00f8rmaskiner","url":"https:\/\/www.hsymachinery.com\/","logo":{"@type":"ImageObject","inLanguage":"da-DK","@id":"https:\/\/www.hsymachinery.com\/#\/schema\/logo\/image\/","url":"https:\/\/www.hsymachinery.com\/wp-content\/uploads\/2025\/06\/cropped-HSY-machinery.png","contentUrl":"https:\/\/www.hsymachinery.com\/wp-content\/uploads\/2025\/06\/cropped-HSY-machinery.png","width":600,"height":240,"caption":"HSY Construction Machinery"},"image":{"@id":"https:\/\/www.hsymachinery.com\/#\/schema\/logo\/image\/"}}]}},"_links":{"self":[{"href":"https:\/\/www.hsymachinery.com\/da\/wp-json\/wp\/v2\/product\/9205","targetHints":{"allow":["GET"]}}],"collection":[{"href":"https:\/\/www.hsymachinery.com\/da\/wp-json\/wp\/v2\/product"}],"about":[{"href":"https:\/\/www.hsymachinery.com\/da\/wp-json\/wp\/v2\/types\/product"}],"version-history":[{"count":3,"href":"https:\/\/www.hsymachinery.com\/da\/wp-json\/wp\/v2\/product\/9205\/revisions"}],"predecessor-version":[{"id":9602,"href":"https:\/\/www.hsymachinery.com\/da\/wp-json\/wp\/v2\/product\/9205\/revisions\/9602"}],"wp:featuredmedia":[{"embeddable":true,"href":"https:\/\/www.hsymachinery.com\/da\/wp-json\/wp\/v2\/media\/9206"}],"wp:attachment":[{"href":"https:\/\/www.hsymachinery.com\/da\/wp-json\/wp\/v2\/media?parent=9205"}],"wp:term":[{"taxonomy":"product_brand","embeddable":true,"href":"https:\/\/www.hsymachinery.com\/da\/wp-json\/wp\/v2\/product_brand?post=9205"},{"taxonomy":"product_cat","embeddable":true,"href":"https:\/\/www.hsymachinery.com\/da\/wp-json\/wp\/v2\/product_cat?post=9205"},{"taxonomy":"product_tag","embeddable":true,"href":"https:\/\/www.hsymachinery.com\/da\/wp-json\/wp\/v2\/product_tag?post=9205"}],"curies":[{"name":"wp","href":"https:\/\/api.w.org\/{rel}","templated":true}]}}