{"id":9202,"date":"2025-06-18T20:33:18","date_gmt":"2025-06-18T12:33:18","guid":{"rendered":"https:\/\/www.hsymachinery.com\/?post_type=product&#038;p=9202"},"modified":"2025-06-28T23:04:04","modified_gmt":"2025-06-28T15:04:04","slug":"ga-bag-el-spartel-pth-d100","status":"publish","type":"product","link":"https:\/\/www.hsymachinery.com\/da\/produkt\/ga-bag-el-spartel-pth-d100\/","title":{"rendered":"G\u00e5-bag el-spartel PTH-D100"},"content":{"rendered":"<h2 data-start=\"143\" data-end=\"184\">G\u00e5-bag el-spartel PTH-D100<\/h2>\n<h3 data-start=\"185\" data-end=\"293\">PTH-D100 Elektrisk betonspartel - bredspektret, milj\u00f8venlig udj\u00e6vning til indend\u00f8rs pladeprojekter<\/h3>\n<h3 data-start=\"300\" data-end=\"396\">Produktbeskrivelse - H\u00f8jeffektiv elektrisk murske til stor indend\u00f8rs betonafslutning<a href=\"https:\/\/www.hsymachinery.com\/da\/produkter\/ga-bagved-elektrisk-murske\/\" target=\"_blank\" rel=\"noopener\"><img fetchpriority=\"high\" decoding=\"async\" class=\"wp-image-9203 alignright\" src=\"https:\/\/www.hsymachinery.com\/wp-content\/uploads\/2025\/06\/Walk-Behind-Power-Trowel-PTH-D100-244x300.jpg\" alt=\"\" width=\"452\" height=\"556\" srcset=\"https:\/\/www.hsymachinery.com\/wp-content\/uploads\/2025\/06\/Walk-Behind-Power-Trowel-PTH-D100-244x300.jpg 244w, https:\/\/www.hsymachinery.com\/wp-content\/uploads\/2025\/06\/Walk-Behind-Power-Trowel-PTH-D100.jpg 600w\" sizes=\"(max-width: 452px) 100vw, 452px\" \/><\/a><\/h3>\n<p data-start=\"398\" data-end=\"764\">Den <strong data-start=\"402\" data-end=\"439\">PTH-D100 G\u00e5-bag el-spartel<\/strong> er en elektrisk drevet betonfinishmaskine med stor diameter, der er designet til indend\u00f8rs byggeopgaver med store m\u00e6ngder. Takket v\u00e6re den milj\u00f8venlige elmotor k\u00f8rer den rent og stille, hvilket g\u00f8r den til et ideelt valg til projekter i lukkede milj\u00f8er, hvor br\u00e6ndstofemissioner og st\u00f8j skal minimeres.<\/p>\n<p data-start=\"766\" data-end=\"1114\">Med en gener\u00f8s sparteldiameter p\u00e5 100 cm d\u00e6kker denne maskine store gulvarealer med f\u00e6rre overk\u00f8rsler, hvilket hj\u00e6lper entrepren\u00f8rer med at udf\u00f8re opgaver hurtigere og mere effektivt. Desuden giver kontrolsystemet for knivh\u00f8jde en j\u00e6vn overgang mellem flyde- og efterbehandlingstrin, hvilket sikrer en ensartet, poleret betonoverflade ved hver brug.<\/p>\n<p data-start=\"1116\" data-end=\"1383\">Desuden reducerer det elektriske drivsystem driftsst\u00f8j og eliminerer dampe, hvilket skaber et sundere arbejdsomr\u00e5de for operat\u00f8rerne. Det ergonomiske foldeh\u00e5ndtag er designet til at reducere vibrationer og tr\u00e6thed hos operat\u00f8ren, samtidig med at det g\u00f8r transport og opbevaring let.<\/p>\n<p data-start=\"1385\" data-end=\"1745\">Desuden g\u00f8r den forst\u00e6rkede gearkasse, de holdbare spindelarme og den beskyttende sikkerhedsring PTH-D100 meget holdbar og i stand til at modst\u00e5 daglig brug p\u00e5 kr\u00e6vende arbejdspladser. Den er s\u00e6rligt velegnet til hospitaler, kommercielle k\u00e6ldre, lagergulve og andre steder, hvor st\u00f8jsvag, emissionsfri drift er afg\u00f8rende.<\/p>\n<h3 data-start=\"1752\" data-end=\"1805\">N\u00f8glefunktioner ved PTH-D100 elektrisk murske<\/h3>\n<ul data-start=\"1807\" data-end=\"2193\">\n<li data-start=\"1807\" data-end=\"1877\">\n<p data-start=\"1809\" data-end=\"1877\">Drevet af en effektiv elmotor for ren, lydl\u00f8s drift<\/p>\n<\/li>\n<li data-start=\"1878\" data-end=\"1940\">\n<p data-start=\"1880\" data-end=\"1940\">Stor sparteldiameter p\u00e5 100 cm \u00f8ger overfladed\u00e6kningen<\/p>\n<\/li>\n<li data-start=\"1941\" data-end=\"1997\">\n<p data-start=\"1943\" data-end=\"1997\">Justerbar bladafstand for pr\u00e6cis kontrol af finish<\/p>\n<\/li>\n<li data-start=\"1998\" data-end=\"2064\">\n<p data-start=\"2000\" data-end=\"2064\">H\u00e5ndtag med lav vibration reducerer tr\u00e6thed og kan foldes sammen.<\/p>\n<\/li>\n<li data-start=\"2065\" data-end=\"2119\">\n<p data-start=\"2067\" data-end=\"2119\">Robust gearkasse og ramme for langvarig p\u00e5lidelighed<\/p>\n<\/li>\n<li data-start=\"2120\" data-end=\"2193\">\n<p data-start=\"2122\" data-end=\"2193\">Fremragende til indend\u00f8rs eller regulerede milj\u00f8er med br\u00e6ndstofbegr\u00e6nsninger<\/p>\n<\/li>\n<\/ul>\n<h3 data-start=\"2200\" data-end=\"2283\">Anvendelser - Ideel til hospitaler, garager, lagerbygninger og indend\u00f8rs projekter<\/h3>\n<p data-start=\"2285\" data-end=\"2542\">PTH-D100 bruges i vid udstr\u00e6kning i indend\u00f8rs kommercielt byggeri, herunder parkeringshuse, medicinske faciliteter og butikscentre. Da den k\u00f8rer uden br\u00e6ndstof, overholder den reglerne for lukkede rum og f\u00f8lsomme arbejdsmilj\u00f8er.<\/p>\n<p data-start=\"2544\" data-end=\"2699\">Resultatet er, at entrepren\u00f8rer nyder godt af den lave vedligeholdelse, den st\u00f8jsvage drift og de professionelle resultater, selv p\u00e5 de mest udfordrende plader.<\/p>\n<p><iframe title=\"murerske,h\u00e5ndskubber,murerske,beton 1TP10Murerske 1TP10Murerske#beton\" width=\"720\" height=\"405\" src=\"https:\/\/www.youtube.com\/embed\/pa6AuNhMrwI?feature=oembed\" frameborder=\"0\" allow=\"accelerometer; autoplay; clipboard-write; encrypted-media; gyroscope; picture-in-picture; web-share\" referrerpolicy=\"strict-origin-when-cross-origin\" allowfullscreen><\/iframe><\/p>","protected":false},"excerpt":{"rendered":"<p>PTH-D100 elektrisk betonspartel med 100 cm klinge giver st\u00f8jsvag, h\u00f8jeffektiv overfladebehandling til indend\u00f8rs plader p\u00e5 hospitaler, lagre og kommercielle k\u00e6ldre.<\/p>","protected":false},"featured_media":9203,"template":"","meta":{"_kad_post_transparent":"default","_kad_post_title":"","_kad_post_layout":"default","_kad_post_sidebar_id":"","_kad_post_content_style":"default","_kad_post_vertical_padding":"default","_kad_post_feature":"","_kad_post_feature_position":"","_kad_post_header":false,"_kad_post_footer":false},"product_brand":[],"product_cat":[55],"product_tag":[1084,1083,1087,1081,1086,1085,1089,1088,1090,1082],"class_list":{"0":"post-9202","1":"product","2":"type-product","3":"status-publish","4":"has-post-thumbnail","6":"product_cat-walk-behind-power-trowel","7":"product_tag-cement-power-trowel","8":"product_tag-concrete-finishing-trowel","9":"product_tag-concrete-floor-finishing-machine","10":"product_tag-concrete-power-trowel","11":"product_tag-electric-walk-behind-trowel","12":"product_tag-gasoline-power-trowel","13":"product_tag-hand-operated-power-trowel","14":"product_tag-manual-power-trowel","15":"product_tag-walk-behind-concrete-finishing-machine","16":"product_tag-walk-behind-trowel-machine","18":"first","19":"instock","20":"shipping-taxable","21":"product-type-simple","22":"entry","23":"content-bg","24":"loop-entry"},"yoast_head":"<!-- This site is optimized with the Yoast SEO plugin v25.3.1 - https:\/\/yoast.com\/wordpress\/plugins\/seo\/ -->\n<title>Walk-Behind Power Trowel PTH-D100 - HSY Construction Machinery<\/title>\n<meta name=\"description\" content=\"PTH-D100 electric concrete power trowel delivers silent, emission-free slab finishing for indoor use. Ideal for large commercial projects and enclosed job sites.Walk-Behind Power Trowel PTH-D100\" \/>\n<meta name=\"robots\" content=\"index, follow, max-snippet:-1, max-image-preview:large, max-video-preview:-1\" \/>\n<link rel=\"canonical\" href=\"https:\/\/www.hsymachinery.com\/da\/produkt\/ga-bag-el-spartel-pth-d100\/\" \/>\n<meta property=\"og:locale\" content=\"da_DK\" \/>\n<meta property=\"og:type\" content=\"article\" \/>\n<meta property=\"og:title\" content=\"Walk-Behind Power Trowel PTH-D100 - HSY Construction Machinery\" \/>\n<meta property=\"og:description\" content=\"PTH-D100 electric concrete power trowel delivers silent, emission-free slab finishing for indoor use. Ideal for large commercial projects and enclosed job sites.Walk-Behind Power Trowel PTH-D100\" \/>\n<meta property=\"og:url\" content=\"https:\/\/www.hsymachinery.com\/da\/produkt\/ga-bag-el-spartel-pth-d100\/\" \/>\n<meta property=\"og:site_name\" content=\"HSY Construction Machinery\" \/>\n<meta property=\"article:modified_time\" content=\"2025-06-28T15:04:04+00:00\" \/>\n<meta property=\"og:image\" content=\"https:\/\/www.hsymachinery.com\/wp-content\/uploads\/2025\/06\/Walk-Behind-Power-Trowel-PTH-D100.jpg\" \/>\n\t<meta property=\"og:image:width\" content=\"600\" \/>\n\t<meta property=\"og:image:height\" content=\"738\" \/>\n\t<meta property=\"og:image:type\" content=\"image\/jpeg\" \/>\n<meta name=\"twitter:card\" content=\"summary_large_image\" \/>\n<meta name=\"twitter:label1\" content=\"Estimeret l\u00e6setid\" \/>\n\t<meta name=\"twitter:data1\" content=\"2 minutter\" \/>\n<script type=\"application\/ld+json\" class=\"yoast-schema-graph\">{\"@context\":\"https:\/\/schema.org\",\"@graph\":[{\"@type\":\"WebPage\",\"@id\":\"https:\/\/www.hsymachinery.com\/product\/walk-behind-power-trowel-pth-d100\/\",\"url\":\"https:\/\/www.hsymachinery.com\/product\/walk-behind-power-trowel-pth-d100\/\",\"name\":\"Walk-Behind Power Trowel PTH-D100 - HSY Construction Machinery\",\"isPartOf\":{\"@id\":\"https:\/\/www.hsymachinery.com\/#website\"},\"primaryImageOfPage\":{\"@id\":\"https:\/\/www.hsymachinery.com\/product\/walk-behind-power-trowel-pth-d100\/#primaryimage\"},\"image\":{\"@id\":\"https:\/\/www.hsymachinery.com\/product\/walk-behind-power-trowel-pth-d100\/#primaryimage\"},\"thumbnailUrl\":\"https:\/\/www.hsymachinery.com\/wp-content\/uploads\/2025\/06\/Walk-Behind-Power-Trowel-PTH-D100.jpg\",\"datePublished\":\"2025-06-18T12:33:18+00:00\",\"dateModified\":\"2025-06-28T15:04:04+00:00\",\"description\":\"PTH-D100 electric concrete power trowel delivers silent, emission-free slab finishing for indoor use. Ideal for large commercial projects and enclosed job sites.Walk-Behind Power Trowel PTH-D100\",\"breadcrumb\":{\"@id\":\"https:\/\/www.hsymachinery.com\/product\/walk-behind-power-trowel-pth-d100\/#breadcrumb\"},\"inLanguage\":\"da-DK\",\"potentialAction\":[{\"@type\":\"ReadAction\",\"target\":[\"https:\/\/www.hsymachinery.com\/product\/walk-behind-power-trowel-pth-d100\/\"]}]},{\"@type\":\"ImageObject\",\"inLanguage\":\"da-DK\",\"@id\":\"https:\/\/www.hsymachinery.com\/product\/walk-behind-power-trowel-pth-d100\/#primaryimage\",\"url\":\"https:\/\/www.hsymachinery.com\/wp-content\/uploads\/2025\/06\/Walk-Behind-Power-Trowel-PTH-D100.jpg\",\"contentUrl\":\"https:\/\/www.hsymachinery.com\/wp-content\/uploads\/2025\/06\/Walk-Behind-Power-Trowel-PTH-D100.jpg\",\"width\":600,\"height\":738},{\"@type\":\"BreadcrumbList\",\"@id\":\"https:\/\/www.hsymachinery.com\/product\/walk-behind-power-trowel-pth-d100\/#breadcrumb\",\"itemListElement\":[{\"@type\":\"ListItem\",\"position\":1,\"name\":\"home\",\"item\":\"https:\/\/www.hsymachinery.com\/\"},{\"@type\":\"ListItem\",\"position\":2,\"name\":\"products\",\"item\":\"https:\/\/www.hsymachinery.com\/products\/\"},{\"@type\":\"ListItem\",\"position\":3,\"name\":\"Walk-Behind Power Trowel PTH-D100\"}]},{\"@type\":\"WebSite\",\"@id\":\"https:\/\/www.hsymachinery.com\/#website\",\"url\":\"https:\/\/www.hsymachinery.com\/\",\"name\":\"HSY Construction Machinery\",\"description\":\"HSY Machinery \u2013 A leading China construction machinery supplier, offering a wide range of light construction equipment. Our main products include Rebar Cutting Machine, Rebar Bending Machine, Rebar Stirrup Bending Machine, Rebar Arc Bending Machine, Rebar Straightening Machine, Five-Head Rebar Stirrup Bending Machine, Tamping Rammer, Plate Compactor, Concrete Cutter, Power Trowel, and other construction machinery. We are equipped with advanced CNC machines, and we enforce strict quality inspection standards along with comprehensive after-sales service. If you are interested in our products or services, we warmly welcome your inquiries via message.\",\"publisher\":{\"@id\":\"https:\/\/www.hsymachinery.com\/#organization\"},\"potentialAction\":[{\"@type\":\"SearchAction\",\"target\":{\"@type\":\"EntryPoint\",\"urlTemplate\":\"https:\/\/www.hsymachinery.com\/?s={search_term_string}\"},\"query-input\":{\"@type\":\"PropertyValueSpecification\",\"valueRequired\":true,\"valueName\":\"search_term_string\"}}],\"inLanguage\":\"da-DK\"},{\"@type\":\"Organization\",\"@id\":\"https:\/\/www.hsymachinery.com\/#organization\",\"name\":\"HSY Construction Machinery\",\"url\":\"https:\/\/www.hsymachinery.com\/\",\"logo\":{\"@type\":\"ImageObject\",\"inLanguage\":\"da-DK\",\"@id\":\"https:\/\/www.hsymachinery.com\/#\/schema\/logo\/image\/\",\"url\":\"https:\/\/www.hsymachinery.com\/wp-content\/uploads\/2025\/06\/cropped-HSY-machinery.png\",\"contentUrl\":\"https:\/\/www.hsymachinery.com\/wp-content\/uploads\/2025\/06\/cropped-HSY-machinery.png\",\"width\":600,\"height\":240,\"caption\":\"HSY Construction Machinery\"},\"image\":{\"@id\":\"https:\/\/www.hsymachinery.com\/#\/schema\/logo\/image\/\"}}]}<\/script>\n<!-- \/ Yoast SEO plugin. -->","yoast_head_json":{"title":"G\u00e5-bag el-spartel PTH-D100 - HSY Entrepren\u00f8rmaskiner","description":"PTH-D100 elektrisk betonspartel leverer lydl\u00f8s, emissionsfri efterbehandling af plader til indend\u00f8rs brug. Ideel til store kommercielle projekter og lukkede byggepladser.Walk-Behind Power Trowel PTH-D100","robots":{"index":"index","follow":"follow","max-snippet":"max-snippet:-1","max-image-preview":"max-image-preview:large","max-video-preview":"max-video-preview:-1"},"canonical":"https:\/\/www.hsymachinery.com\/da\/produkt\/ga-bag-el-spartel-pth-d100\/","og_locale":"da_DK","og_type":"article","og_title":"Walk-Behind Power Trowel PTH-D100 - HSY Construction Machinery","og_description":"PTH-D100 electric concrete power trowel delivers silent, emission-free slab finishing for indoor use. Ideal for large commercial projects and enclosed job sites.Walk-Behind Power Trowel PTH-D100","og_url":"https:\/\/www.hsymachinery.com\/da\/produkt\/ga-bag-el-spartel-pth-d100\/","og_site_name":"HSY Construction Machinery","article_modified_time":"2025-06-28T15:04:04+00:00","og_image":[{"width":600,"height":738,"url":"https:\/\/www.hsymachinery.com\/wp-content\/uploads\/2025\/06\/Walk-Behind-Power-Trowel-PTH-D100.jpg","type":"image\/jpeg"}],"twitter_card":"summary_large_image","twitter_misc":{"Estimeret l\u00e6setid":"2 minutter"},"schema":{"@context":"https:\/\/schema.org","@graph":[{"@type":"WebPage","@id":"https:\/\/www.hsymachinery.com\/product\/walk-behind-power-trowel-pth-d100\/","url":"https:\/\/www.hsymachinery.com\/product\/walk-behind-power-trowel-pth-d100\/","name":"G\u00e5-bag el-spartel PTH-D100 - HSY Entrepren\u00f8rmaskiner","isPartOf":{"@id":"https:\/\/www.hsymachinery.com\/#website"},"primaryImageOfPage":{"@id":"https:\/\/www.hsymachinery.com\/product\/walk-behind-power-trowel-pth-d100\/#primaryimage"},"image":{"@id":"https:\/\/www.hsymachinery.com\/product\/walk-behind-power-trowel-pth-d100\/#primaryimage"},"thumbnailUrl":"https:\/\/www.hsymachinery.com\/wp-content\/uploads\/2025\/06\/Walk-Behind-Power-Trowel-PTH-D100.jpg","datePublished":"2025-06-18T12:33:18+00:00","dateModified":"2025-06-28T15:04:04+00:00","description":"PTH-D100 elektrisk betonspartel leverer lydl\u00f8s, emissionsfri efterbehandling af plader til indend\u00f8rs brug. Ideel til store kommercielle projekter og lukkede byggepladser.Walk-Behind Power Trowel PTH-D100","breadcrumb":{"@id":"https:\/\/www.hsymachinery.com\/product\/walk-behind-power-trowel-pth-d100\/#breadcrumb"},"inLanguage":"da-DK","potentialAction":[{"@type":"ReadAction","target":["https:\/\/www.hsymachinery.com\/product\/walk-behind-power-trowel-pth-d100\/"]}]},{"@type":"ImageObject","inLanguage":"da-DK","@id":"https:\/\/www.hsymachinery.com\/product\/walk-behind-power-trowel-pth-d100\/#primaryimage","url":"https:\/\/www.hsymachinery.com\/wp-content\/uploads\/2025\/06\/Walk-Behind-Power-Trowel-PTH-D100.jpg","contentUrl":"https:\/\/www.hsymachinery.com\/wp-content\/uploads\/2025\/06\/Walk-Behind-Power-Trowel-PTH-D100.jpg","width":600,"height":738},{"@type":"BreadcrumbList","@id":"https:\/\/www.hsymachinery.com\/product\/walk-behind-power-trowel-pth-d100\/#breadcrumb","itemListElement":[{"@type":"ListItem","position":1,"name":"home","item":"https:\/\/www.hsymachinery.com\/"},{"@type":"ListItem","position":2,"name":"products","item":"https:\/\/www.hsymachinery.com\/products\/"},{"@type":"ListItem","position":3,"name":"Walk-Behind Power Trowel PTH-D100"}]},{"@type":"WebSite","@id":"https:\/\/www.hsymachinery.com\/#website","url":"https:\/\/www.hsymachinery.com\/","name":"HSY Entrepren\u00f8rmaskiner","description":"HSY Machinery - En f\u00f8rende leverand\u00f8r af entrepren\u00f8rmaskiner i Kina, der tilbyder en bred vifte af let entrepren\u00f8rmateriel. Vores vigtigste produkter omfatter armeringssk\u00e6remaskine, armeringsb\u00f8jlemaskine, armeringsb\u00f8jlemaskine, armeringsbue-b\u00f8jlemaskine, armeringsudretningsmaskine, femhovedet armeringsb\u00f8jlemaskine, stampestamper, pladekomprimator, betonsk\u00e6rer, murske og andre entrepren\u00f8rmaskiner. Vi er udstyret med avancerede CNC-maskiner, og vi h\u00e5ndh\u00e6ver strenge standarder for kvalitetskontrol sammen med omfattende eftersalgsservice. Hvis du er interesseret i vores produkter eller tjenester, hilser vi dine foresp\u00f8rgsler via besked varmt velkommen.","publisher":{"@id":"https:\/\/www.hsymachinery.com\/#organization"},"potentialAction":[{"@type":"SearchAction","target":{"@type":"EntryPoint","urlTemplate":"https:\/\/www.hsymachinery.com\/?s={search_term_string}"},"query-input":{"@type":"PropertyValueSpecification","valueRequired":true,"valueName":"search_term_string"}}],"inLanguage":"da-DK"},{"@type":"Organization","@id":"https:\/\/www.hsymachinery.com\/#organization","name":"HSY Entrepren\u00f8rmaskiner","url":"https:\/\/www.hsymachinery.com\/","logo":{"@type":"ImageObject","inLanguage":"da-DK","@id":"https:\/\/www.hsymachinery.com\/#\/schema\/logo\/image\/","url":"https:\/\/www.hsymachinery.com\/wp-content\/uploads\/2025\/06\/cropped-HSY-machinery.png","contentUrl":"https:\/\/www.hsymachinery.com\/wp-content\/uploads\/2025\/06\/cropped-HSY-machinery.png","width":600,"height":240,"caption":"HSY Construction Machinery"},"image":{"@id":"https:\/\/www.hsymachinery.com\/#\/schema\/logo\/image\/"}}]}},"_links":{"self":[{"href":"https:\/\/www.hsymachinery.com\/da\/wp-json\/wp\/v2\/product\/9202","targetHints":{"allow":["GET"]}}],"collection":[{"href":"https:\/\/www.hsymachinery.com\/da\/wp-json\/wp\/v2\/product"}],"about":[{"href":"https:\/\/www.hsymachinery.com\/da\/wp-json\/wp\/v2\/types\/product"}],"version-history":[{"count":3,"href":"https:\/\/www.hsymachinery.com\/da\/wp-json\/wp\/v2\/product\/9202\/revisions"}],"predecessor-version":[{"id":9600,"href":"https:\/\/www.hsymachinery.com\/da\/wp-json\/wp\/v2\/product\/9202\/revisions\/9600"}],"wp:featuredmedia":[{"embeddable":true,"href":"https:\/\/www.hsymachinery.com\/da\/wp-json\/wp\/v2\/media\/9203"}],"wp:attachment":[{"href":"https:\/\/www.hsymachinery.com\/da\/wp-json\/wp\/v2\/media?parent=9202"}],"wp:term":[{"taxonomy":"product_brand","embeddable":true,"href":"https:\/\/www.hsymachinery.com\/da\/wp-json\/wp\/v2\/product_brand?post=9202"},{"taxonomy":"product_cat","embeddable":true,"href":"https:\/\/www.hsymachinery.com\/da\/wp-json\/wp\/v2\/product_cat?post=9202"},{"taxonomy":"product_tag","embeddable":true,"href":"https:\/\/www.hsymachinery.com\/da\/wp-json\/wp\/v2\/product_tag?post=9202"}],"curies":[{"name":"wp","href":"https:\/\/api.w.org\/{rel}","templated":true}]}}