{"id":9169,"date":"2025-06-18T18:27:56","date_gmt":"2025-06-18T10:27:56","guid":{"rendered":"https:\/\/www.hsymachinery.com\/?post_type=product&#038;p=9169"},"modified":"2025-06-28T21:58:31","modified_gmt":"2025-06-28T13:58:31","slug":"ga-bag-el-spartel-pth-l80-90","status":"publish","type":"product","link":"https:\/\/www.hsymachinery.com\/da\/produkt\/ga-bag-el-spartel-pth-l80-90\/","title":{"rendered":"G\u00e5-bag el-spartel PTH-L80\/90"},"content":{"rendered":"<h2 data-start=\"136\" data-end=\"179\">G\u00e5-bag el-spartel PTH-L80\/90<\/h2>\n<h3 data-start=\"180\" data-end=\"290\">PTH-L80\/90 Benzinbetonspartel med Loncin-motor | Ideel til mellemstore og store betonopgaver<\/h3>\n<h3 data-start=\"297\" data-end=\"396\">Produktbeskrivelse - Kraftfuld og effektiv betonpudser til flade og holdbare overflader<a href=\"https:\/\/www.hsymachinery.com\/da\/produkter\/ga-bagved-elektrisk-murske\/\" target=\"_blank\" rel=\"noopener\"><img fetchpriority=\"high\" decoding=\"async\" class=\"wp-image-9170 alignright\" src=\"https:\/\/www.hsymachinery.com\/wp-content\/uploads\/2025\/06\/Walk-Behind-Power-Trowel-PTH-L80-244x300.jpg\" alt=\"\" width=\"450\" height=\"553\" srcset=\"https:\/\/www.hsymachinery.com\/wp-content\/uploads\/2025\/06\/Walk-Behind-Power-Trowel-PTH-L80-244x300.jpg 244w, https:\/\/www.hsymachinery.com\/wp-content\/uploads\/2025\/06\/Walk-Behind-Power-Trowel-PTH-L80.jpg 600w\" sizes=\"(max-width: 450px) 100vw, 450px\" \/><\/a><\/h3>\n<p data-start=\"398\" data-end=\"764\">Den <strong data-start=\"402\" data-end=\"441\">PTH-L80\/90 bagudg\u00e5ende el-spartel<\/strong> er konstrueret til mellemstore og store overfladebehandlingsprojekter og drives af en p\u00e5lidelig Longxin (Loncin)-benzinmotor. Denne maskine leverer en ensartet ydelse, et h\u00f8jt drejningsmoment og pr\u00e6cis kontrol over klingens h\u00e6ldning, hvilket g\u00f8r den til det perfekte v\u00e6rkt\u00f8j for entrepren\u00f8rer, der har brug for en balance mellem kraft og man\u00f8vredygtighed.<\/p>\n<p data-start=\"766\" data-end=\"1101\">Takket v\u00e6re den st\u00f8rre arbejdsdiameter \u00f8ger PTH-L80\/90 efterbehandlingseffektiviteten og d\u00e6kningen, hvilket hj\u00e6lper brugerne med at udf\u00f8re opgaverne hurtigere uden at g\u00e5 p\u00e5 kompromis med kvaliteten. Maskinens forst\u00e6rkede gearkasse, justerbare h\u00e5ndtag og kraftige spindelenhed sikrer langvarig holdbarhed, selv i barske byggemilj\u00f8er.<\/p>\n<p data-start=\"1103\" data-end=\"1236\">Denne bagudg\u00e5ende glittemaskine er designet til professionelle og er et p\u00e5lideligt aktiv til fremstilling af t\u00e6tte, glatte og j\u00e6vne betonoverflader.<\/p>\n<h3 data-start=\"1243\" data-end=\"1292\">Vigtige egenskaber ved PTH-L80\/90 betonspartel<\/h3>\n<ul data-start=\"1294\" data-end=\"1616\">\n<li data-start=\"1294\" data-end=\"1346\">\n<p data-start=\"1296\" data-end=\"1346\">Udstyret med en kraftig Longxin-benzinmotor<\/p>\n<\/li>\n<li data-start=\"1347\" data-end=\"1408\">\n<p data-start=\"1349\" data-end=\"1408\">80\/90 cm sparteldiameter til efterbehandling af beton i store omr\u00e5der<\/p>\n<\/li>\n<li data-start=\"1409\" data-end=\"1463\">\n<p data-start=\"1411\" data-end=\"1463\">Justerbar bladh\u00e6ldning for pr\u00e6cis overfladekontrol<\/p>\n<\/li>\n<li data-start=\"1464\" data-end=\"1508\">\n<p data-start=\"1466\" data-end=\"1508\">Sammenklappeligt h\u00e5ndtag med anti-vibrationsgreb<\/p>\n<\/li>\n<li data-start=\"1509\" data-end=\"1559\">\n<p data-start=\"1511\" data-end=\"1559\">Robust design med fuld beskyttelse af sikkerhedsringen<\/p>\n<\/li>\n<li data-start=\"1560\" data-end=\"1616\">\n<p data-start=\"1562\" data-end=\"1616\">Let at vedligeholde, br\u00e6ndstofeffektiv og klar til brug p\u00e5 byggepladsen<\/p>\n<\/li>\n<\/ul>\n<h3 data-start=\"1623\" data-end=\"1711\">Anvendelser - Designet til plader, fabriksgulve, parkeringspladser og kommercielle opgaver<\/h3>\n<p data-start=\"1713\" data-end=\"1984\">PTH-L80\/90 er ideel til st\u00f8rre betonoverflader, herunder industrigulve, parkeringshuse, indk\u00f8rsler og fundamenter. Den stabile base og den store glitted\u00e6kning g\u00f8r den velegnet til opgaver, der kr\u00e6ver h\u00f8j ydelse og planhed.<\/p>\n<p data-start=\"1986\" data-end=\"2140\">Entrepren\u00f8rer foretr\u00e6kker denne model p\u00e5 grund af forholdet mellem kraft og st\u00f8rrelse, den nemme h\u00e5ndtering og evnen til at producere ensartede, professionelle resultater ved hver st\u00f8bning.<\/p>\n<p><iframe title=\"murerske,h\u00e5ndskubber,murerske,beton 1TP10Murerske 1TP10Murerske#beton\" width=\"720\" height=\"405\" src=\"https:\/\/www.youtube.com\/embed\/JeIeqDsn7vk?feature=oembed\" frameborder=\"0\" allow=\"accelerometer; autoplay; clipboard-write; encrypted-media; gyroscope; picture-in-picture; web-share\" referrerpolicy=\"strict-origin-when-cross-origin\" allowfullscreen><\/iframe><\/p>","protected":false},"excerpt":{"rendered":"<p>PTH-L80\/90 walk-behind glittemaskine med Longxin-motor er perfekt til efterbehandling af store betonplader og giver glatte og j\u00e6vne resultater med \u00f8get effektivitet.<\/p>","protected":false},"featured_media":9170,"template":"","meta":{"_kad_post_transparent":"default","_kad_post_title":"","_kad_post_layout":"default","_kad_post_sidebar_id":"","_kad_post_content_style":"default","_kad_post_vertical_padding":"default","_kad_post_feature":"","_kad_post_feature_position":"","_kad_post_header":false,"_kad_post_footer":false},"product_brand":[],"product_cat":[55],"product_tag":[1084,1083,1087,1081,1086,1085,1089,1088,1090,1082],"class_list":{"0":"post-9169","1":"product","2":"type-product","3":"status-publish","4":"has-post-thumbnail","6":"product_cat-walk-behind-power-trowel","7":"product_tag-cement-power-trowel","8":"product_tag-concrete-finishing-trowel","9":"product_tag-concrete-floor-finishing-machine","10":"product_tag-concrete-power-trowel","11":"product_tag-electric-walk-behind-trowel","12":"product_tag-gasoline-power-trowel","13":"product_tag-hand-operated-power-trowel","14":"product_tag-manual-power-trowel","15":"product_tag-walk-behind-concrete-finishing-machine","16":"product_tag-walk-behind-trowel-machine","18":"first","19":"instock","20":"shipping-taxable","21":"product-type-simple","22":"entry","23":"content-bg","24":"loop-entry"},"yoast_head":"<!-- This site is optimized with the Yoast SEO plugin v25.3.1 - https:\/\/yoast.com\/wordpress\/plugins\/seo\/ -->\n<title>Walk-Behind Power Trowel PTH-L80\/90 - HSY Construction Machinery<\/title>\n<meta name=\"description\" content=\"Walk-Behind Power Trowel PTH-L80\/90 with Loncin gasoline engine delivers efficient surface finishing for large slabs, factory floors, and parking lots. Reliable and durable.\" \/>\n<meta name=\"robots\" content=\"index, follow, max-snippet:-1, max-image-preview:large, max-video-preview:-1\" \/>\n<link rel=\"canonical\" href=\"https:\/\/www.hsymachinery.com\/da\/produkt\/ga-bag-el-spartel-pth-l80-90\/\" \/>\n<meta property=\"og:locale\" content=\"da_DK\" \/>\n<meta property=\"og:type\" content=\"article\" \/>\n<meta property=\"og:title\" content=\"Walk-Behind Power Trowel PTH-L80\/90 - HSY Construction Machinery\" \/>\n<meta property=\"og:description\" content=\"Walk-Behind Power Trowel PTH-L80\/90 with Loncin gasoline engine delivers efficient surface finishing for large slabs, factory floors, and parking lots. Reliable and durable.\" \/>\n<meta property=\"og:url\" content=\"https:\/\/www.hsymachinery.com\/da\/produkt\/ga-bag-el-spartel-pth-l80-90\/\" \/>\n<meta property=\"og:site_name\" content=\"HSY Construction Machinery\" \/>\n<meta property=\"article:modified_time\" content=\"2025-06-28T13:58:31+00:00\" \/>\n<meta property=\"og:image\" content=\"https:\/\/www.hsymachinery.com\/wp-content\/uploads\/2025\/06\/Walk-Behind-Power-Trowel-PTH-L80.jpg\" \/>\n\t<meta property=\"og:image:width\" content=\"600\" \/>\n\t<meta property=\"og:image:height\" content=\"738\" \/>\n\t<meta property=\"og:image:type\" content=\"image\/jpeg\" \/>\n<meta name=\"twitter:card\" content=\"summary_large_image\" \/>\n<meta name=\"twitter:label1\" content=\"Estimeret l\u00e6setid\" \/>\n\t<meta name=\"twitter:data1\" content=\"2 minutter\" \/>\n<script type=\"application\/ld+json\" class=\"yoast-schema-graph\">{\"@context\":\"https:\/\/schema.org\",\"@graph\":[{\"@type\":\"WebPage\",\"@id\":\"https:\/\/www.hsymachinery.com\/product\/walk-behind-power-trowel-pth-l80-90\/\",\"url\":\"https:\/\/www.hsymachinery.com\/product\/walk-behind-power-trowel-pth-l80-90\/\",\"name\":\"Walk-Behind Power Trowel PTH-L80\/90 - HSY Construction Machinery\",\"isPartOf\":{\"@id\":\"https:\/\/www.hsymachinery.com\/#website\"},\"primaryImageOfPage\":{\"@id\":\"https:\/\/www.hsymachinery.com\/product\/walk-behind-power-trowel-pth-l80-90\/#primaryimage\"},\"image\":{\"@id\":\"https:\/\/www.hsymachinery.com\/product\/walk-behind-power-trowel-pth-l80-90\/#primaryimage\"},\"thumbnailUrl\":\"https:\/\/www.hsymachinery.com\/wp-content\/uploads\/2025\/06\/Walk-Behind-Power-Trowel-PTH-L80.jpg\",\"datePublished\":\"2025-06-18T10:27:56+00:00\",\"dateModified\":\"2025-06-28T13:58:31+00:00\",\"description\":\"Walk-Behind Power Trowel PTH-L80\/90 with Loncin gasoline engine delivers efficient surface finishing for large slabs, factory floors, and parking lots. Reliable and durable.\",\"breadcrumb\":{\"@id\":\"https:\/\/www.hsymachinery.com\/product\/walk-behind-power-trowel-pth-l80-90\/#breadcrumb\"},\"inLanguage\":\"da-DK\",\"potentialAction\":[{\"@type\":\"ReadAction\",\"target\":[\"https:\/\/www.hsymachinery.com\/product\/walk-behind-power-trowel-pth-l80-90\/\"]}]},{\"@type\":\"ImageObject\",\"inLanguage\":\"da-DK\",\"@id\":\"https:\/\/www.hsymachinery.com\/product\/walk-behind-power-trowel-pth-l80-90\/#primaryimage\",\"url\":\"https:\/\/www.hsymachinery.com\/wp-content\/uploads\/2025\/06\/Walk-Behind-Power-Trowel-PTH-L80.jpg\",\"contentUrl\":\"https:\/\/www.hsymachinery.com\/wp-content\/uploads\/2025\/06\/Walk-Behind-Power-Trowel-PTH-L80.jpg\",\"width\":600,\"height\":738},{\"@type\":\"BreadcrumbList\",\"@id\":\"https:\/\/www.hsymachinery.com\/product\/walk-behind-power-trowel-pth-l80-90\/#breadcrumb\",\"itemListElement\":[{\"@type\":\"ListItem\",\"position\":1,\"name\":\"home\",\"item\":\"https:\/\/www.hsymachinery.com\/\"},{\"@type\":\"ListItem\",\"position\":2,\"name\":\"products\",\"item\":\"https:\/\/www.hsymachinery.com\/products\/\"},{\"@type\":\"ListItem\",\"position\":3,\"name\":\"Walk-Behind Power Trowel PTH-L80\/90\"}]},{\"@type\":\"WebSite\",\"@id\":\"https:\/\/www.hsymachinery.com\/#website\",\"url\":\"https:\/\/www.hsymachinery.com\/\",\"name\":\"HSY Construction Machinery\",\"description\":\"HSY Machinery \u2013 A leading China construction machinery supplier, offering a wide range of light construction equipment. Our main products include Rebar Cutting Machine, Rebar Bending Machine, Rebar Stirrup Bending Machine, Rebar Arc Bending Machine, Rebar Straightening Machine, Five-Head Rebar Stirrup Bending Machine, Tamping Rammer, Plate Compactor, Concrete Cutter, Power Trowel, and other construction machinery. We are equipped with advanced CNC machines, and we enforce strict quality inspection standards along with comprehensive after-sales service. If you are interested in our products or services, we warmly welcome your inquiries via message.\",\"publisher\":{\"@id\":\"https:\/\/www.hsymachinery.com\/#organization\"},\"potentialAction\":[{\"@type\":\"SearchAction\",\"target\":{\"@type\":\"EntryPoint\",\"urlTemplate\":\"https:\/\/www.hsymachinery.com\/?s={search_term_string}\"},\"query-input\":{\"@type\":\"PropertyValueSpecification\",\"valueRequired\":true,\"valueName\":\"search_term_string\"}}],\"inLanguage\":\"da-DK\"},{\"@type\":\"Organization\",\"@id\":\"https:\/\/www.hsymachinery.com\/#organization\",\"name\":\"HSY Construction Machinery\",\"url\":\"https:\/\/www.hsymachinery.com\/\",\"logo\":{\"@type\":\"ImageObject\",\"inLanguage\":\"da-DK\",\"@id\":\"https:\/\/www.hsymachinery.com\/#\/schema\/logo\/image\/\",\"url\":\"https:\/\/www.hsymachinery.com\/wp-content\/uploads\/2025\/06\/cropped-HSY-machinery.png\",\"contentUrl\":\"https:\/\/www.hsymachinery.com\/wp-content\/uploads\/2025\/06\/cropped-HSY-machinery.png\",\"width\":600,\"height\":240,\"caption\":\"HSY Construction Machinery\"},\"image\":{\"@id\":\"https:\/\/www.hsymachinery.com\/#\/schema\/logo\/image\/\"}}]}<\/script>\n<!-- \/ Yoast SEO plugin. -->","yoast_head_json":{"title":"G\u00e5-bag el-spartel PTH-L80\/90 - HSY Entrepren\u00f8rmaskiner","description":"Walk-Behind Power Trowel PTH-L80\/90 med Loncin-benzinmotor leverer effektiv overfladebehandling til store plader, fabriksgulve og parkeringspladser. P\u00e5lidelig og holdbar.","robots":{"index":"index","follow":"follow","max-snippet":"max-snippet:-1","max-image-preview":"max-image-preview:large","max-video-preview":"max-video-preview:-1"},"canonical":"https:\/\/www.hsymachinery.com\/da\/produkt\/ga-bag-el-spartel-pth-l80-90\/","og_locale":"da_DK","og_type":"article","og_title":"Walk-Behind Power Trowel PTH-L80\/90 - HSY Construction Machinery","og_description":"Walk-Behind Power Trowel PTH-L80\/90 with Loncin gasoline engine delivers efficient surface finishing for large slabs, factory floors, and parking lots. Reliable and durable.","og_url":"https:\/\/www.hsymachinery.com\/da\/produkt\/ga-bag-el-spartel-pth-l80-90\/","og_site_name":"HSY Construction Machinery","article_modified_time":"2025-06-28T13:58:31+00:00","og_image":[{"width":600,"height":738,"url":"https:\/\/www.hsymachinery.com\/wp-content\/uploads\/2025\/06\/Walk-Behind-Power-Trowel-PTH-L80.jpg","type":"image\/jpeg"}],"twitter_card":"summary_large_image","twitter_misc":{"Estimeret l\u00e6setid":"2 minutter"},"schema":{"@context":"https:\/\/schema.org","@graph":[{"@type":"WebPage","@id":"https:\/\/www.hsymachinery.com\/product\/walk-behind-power-trowel-pth-l80-90\/","url":"https:\/\/www.hsymachinery.com\/product\/walk-behind-power-trowel-pth-l80-90\/","name":"G\u00e5-bag el-spartel PTH-L80\/90 - HSY Entrepren\u00f8rmaskiner","isPartOf":{"@id":"https:\/\/www.hsymachinery.com\/#website"},"primaryImageOfPage":{"@id":"https:\/\/www.hsymachinery.com\/product\/walk-behind-power-trowel-pth-l80-90\/#primaryimage"},"image":{"@id":"https:\/\/www.hsymachinery.com\/product\/walk-behind-power-trowel-pth-l80-90\/#primaryimage"},"thumbnailUrl":"https:\/\/www.hsymachinery.com\/wp-content\/uploads\/2025\/06\/Walk-Behind-Power-Trowel-PTH-L80.jpg","datePublished":"2025-06-18T10:27:56+00:00","dateModified":"2025-06-28T13:58:31+00:00","description":"Walk-Behind Power Trowel PTH-L80\/90 med Loncin-benzinmotor leverer effektiv overfladebehandling til store plader, fabriksgulve og parkeringspladser. P\u00e5lidelig og holdbar.","breadcrumb":{"@id":"https:\/\/www.hsymachinery.com\/product\/walk-behind-power-trowel-pth-l80-90\/#breadcrumb"},"inLanguage":"da-DK","potentialAction":[{"@type":"ReadAction","target":["https:\/\/www.hsymachinery.com\/product\/walk-behind-power-trowel-pth-l80-90\/"]}]},{"@type":"ImageObject","inLanguage":"da-DK","@id":"https:\/\/www.hsymachinery.com\/product\/walk-behind-power-trowel-pth-l80-90\/#primaryimage","url":"https:\/\/www.hsymachinery.com\/wp-content\/uploads\/2025\/06\/Walk-Behind-Power-Trowel-PTH-L80.jpg","contentUrl":"https:\/\/www.hsymachinery.com\/wp-content\/uploads\/2025\/06\/Walk-Behind-Power-Trowel-PTH-L80.jpg","width":600,"height":738},{"@type":"BreadcrumbList","@id":"https:\/\/www.hsymachinery.com\/product\/walk-behind-power-trowel-pth-l80-90\/#breadcrumb","itemListElement":[{"@type":"ListItem","position":1,"name":"home","item":"https:\/\/www.hsymachinery.com\/"},{"@type":"ListItem","position":2,"name":"products","item":"https:\/\/www.hsymachinery.com\/products\/"},{"@type":"ListItem","position":3,"name":"Walk-Behind Power Trowel PTH-L80\/90"}]},{"@type":"WebSite","@id":"https:\/\/www.hsymachinery.com\/#website","url":"https:\/\/www.hsymachinery.com\/","name":"HSY Entrepren\u00f8rmaskiner","description":"HSY Machinery - En f\u00f8rende leverand\u00f8r af entrepren\u00f8rmaskiner i Kina, der tilbyder en bred vifte af let entrepren\u00f8rmateriel. Vores vigtigste produkter omfatter armeringssk\u00e6remaskine, armeringsb\u00f8jlemaskine, armeringsb\u00f8jlemaskine, armeringsbue-b\u00f8jlemaskine, armeringsudretningsmaskine, femhovedet armeringsb\u00f8jlemaskine, stampestamper, pladekomprimator, betonsk\u00e6rer, murske og andre entrepren\u00f8rmaskiner. Vi er udstyret med avancerede CNC-maskiner, og vi h\u00e5ndh\u00e6ver strenge standarder for kvalitetskontrol sammen med omfattende eftersalgsservice. Hvis du er interesseret i vores produkter eller tjenester, hilser vi dine foresp\u00f8rgsler via besked varmt velkommen.","publisher":{"@id":"https:\/\/www.hsymachinery.com\/#organization"},"potentialAction":[{"@type":"SearchAction","target":{"@type":"EntryPoint","urlTemplate":"https:\/\/www.hsymachinery.com\/?s={search_term_string}"},"query-input":{"@type":"PropertyValueSpecification","valueRequired":true,"valueName":"search_term_string"}}],"inLanguage":"da-DK"},{"@type":"Organization","@id":"https:\/\/www.hsymachinery.com\/#organization","name":"HSY Entrepren\u00f8rmaskiner","url":"https:\/\/www.hsymachinery.com\/","logo":{"@type":"ImageObject","inLanguage":"da-DK","@id":"https:\/\/www.hsymachinery.com\/#\/schema\/logo\/image\/","url":"https:\/\/www.hsymachinery.com\/wp-content\/uploads\/2025\/06\/cropped-HSY-machinery.png","contentUrl":"https:\/\/www.hsymachinery.com\/wp-content\/uploads\/2025\/06\/cropped-HSY-machinery.png","width":600,"height":240,"caption":"HSY Construction Machinery"},"image":{"@id":"https:\/\/www.hsymachinery.com\/#\/schema\/logo\/image\/"}}]}},"_links":{"self":[{"href":"https:\/\/www.hsymachinery.com\/da\/wp-json\/wp\/v2\/product\/9169","targetHints":{"allow":["GET"]}}],"collection":[{"href":"https:\/\/www.hsymachinery.com\/da\/wp-json\/wp\/v2\/product"}],"about":[{"href":"https:\/\/www.hsymachinery.com\/da\/wp-json\/wp\/v2\/types\/product"}],"version-history":[{"count":3,"href":"https:\/\/www.hsymachinery.com\/da\/wp-json\/wp\/v2\/product\/9169\/revisions"}],"predecessor-version":[{"id":9577,"href":"https:\/\/www.hsymachinery.com\/da\/wp-json\/wp\/v2\/product\/9169\/revisions\/9577"}],"wp:featuredmedia":[{"embeddable":true,"href":"https:\/\/www.hsymachinery.com\/da\/wp-json\/wp\/v2\/media\/9170"}],"wp:attachment":[{"href":"https:\/\/www.hsymachinery.com\/da\/wp-json\/wp\/v2\/media?parent=9169"}],"wp:term":[{"taxonomy":"product_brand","embeddable":true,"href":"https:\/\/www.hsymachinery.com\/da\/wp-json\/wp\/v2\/product_brand?post=9169"},{"taxonomy":"product_cat","embeddable":true,"href":"https:\/\/www.hsymachinery.com\/da\/wp-json\/wp\/v2\/product_cat?post=9169"},{"taxonomy":"product_tag","embeddable":true,"href":"https:\/\/www.hsymachinery.com\/da\/wp-json\/wp\/v2\/product_tag?post=9169"}],"curies":[{"name":"wp","href":"https:\/\/api.w.org\/{rel}","templated":true}]}}