{"id":9130,"date":"2025-06-18T17:08:39","date_gmt":"2025-06-18T09:08:39","guid":{"rendered":"https:\/\/www.hsymachinery.com\/?post_type=product&#038;p=9130"},"modified":"2025-06-28T20:15:49","modified_gmt":"2025-06-28T12:15:49","slug":"pladekomprimator-ph-d250","status":"publish","type":"product","link":"https:\/\/www.hsymachinery.com\/da\/produkt\/pladekomprimator-ph-d250\/","title":{"rendered":"Pladekomprimator PH-D250"},"content":{"rendered":"<h2 data-start=\"107\" data-end=\"138\">Pladekomprimator PH-D250<\/h2>\n<h3 data-start=\"139\" data-end=\"259\">PH-D250 Elektrisk pladekomprimator | Milj\u00f8venlig jordkomprimering til indend\u00f8rs byggepladser, byjobs og st\u00f8jf\u00f8lsomme omr\u00e5der<\/h3>\n<h3 data-start=\"266\" data-end=\"342\">Produktoversigt - Elektrisk kraft til ren og st\u00f8jsvag jordkomprimering<a href=\"https:\/\/www.hsymachinery.com\/da\/produkter\/pladekomprimator\/\" target=\"_blank\" rel=\"noopener\"><img fetchpriority=\"high\" decoding=\"async\" class=\"wp-image-9131 alignright\" src=\"https:\/\/www.hsymachinery.com\/wp-content\/uploads\/2025\/06\/Plate-Compactor-PH-D250-300x300.jpg\" alt=\"\" width=\"460\" height=\"460\" srcset=\"https:\/\/www.hsymachinery.com\/wp-content\/uploads\/2025\/06\/Plate-Compactor-PH-D250-300x300.jpg 300w, https:\/\/www.hsymachinery.com\/wp-content\/uploads\/2025\/06\/Plate-Compactor-PH-D250-150x150.jpg 150w, https:\/\/www.hsymachinery.com\/wp-content\/uploads\/2025\/06\/Plate-Compactor-PH-D250-100x100.jpg 100w, https:\/\/www.hsymachinery.com\/wp-content\/uploads\/2025\/06\/Plate-Compactor-PH-D250.jpg 600w\" sizes=\"(max-width: 460px) 100vw, 460px\" \/><\/a><\/h3>\n<p data-start=\"344\" data-end=\"732\">Den <strong data-start=\"348\" data-end=\"375\">PH-D250 Pladekomprimator<\/strong> er en kraftfuld eldrevet jordkomprimator, der er designet til opgaver, hvor der kr\u00e6ves lav st\u00f8j, ingen emissioner og pr\u00e6cis kontrol. PH-D250 er ideel til bybyggeri, forberedelse af indend\u00f8rs gulve, k\u00e6lderarbejde og ventilerede arbejdsomr\u00e5der og tilbyder en kompakt, men st\u00e6rk l\u00f8sning uden at g\u00e5 p\u00e5 kompromis med ydeevnen.<\/p>\n<p data-start=\"734\" data-end=\"870\">Den elektriske motor leverer konstant kraft uden br\u00e6ndstof, r\u00f8g eller opstartsforsinkelser - perfekt til milj\u00f8bevidste byggepladser.<\/p>\n<h3 data-start=\"877\" data-end=\"934\">Ren drift, p\u00e5lidelig kraft og nem h\u00e5ndtering<\/h3>\n<p data-start=\"936\" data-end=\"1274\">PH-D250 drives af en elektrisk motor med h\u00f8jt drejningsmoment og giver en stabil vibrationskraft til komprimering af sand, jord og knust grus. St\u00e5lpladen sikrer en ensartet overfladebehandling, mens den lydl\u00f8se drift g\u00f8r den velegnet til brug i st\u00f8jf\u00f8lsomme milj\u00f8er som f.eks. boligomr\u00e5der eller erhvervsbygninger.<\/p>\n<p data-start=\"1276\" data-end=\"1403\">Med minimal vedligeholdelse, ingen br\u00e6ndstofomkostninger og ingen udst\u00f8dning reducerer PH-D250 driftskompleksiteten og de samlede projektomkostninger.<\/p>\n<h3 data-start=\"1410\" data-end=\"1472\">Det bedste valg til indend\u00f8rs arbejde og begr\u00e6nsninger i byomr\u00e5der<\/h3>\n<p data-start=\"1474\" data-end=\"1756\">Takket v\u00e6re det emissionsfrie design overholder PH-D250 milj\u00f8standarder og bygningsreglementer i byer, hvor benzin- eller dieselmaskiner er begr\u00e6nset. Den er perfekt til gulvrenoveringer, zoner med begr\u00e6nset adgang og gr\u00f8nne byggeinitiativer.<\/p>\n<p data-start=\"1758\" data-end=\"1849\">Entrepren\u00f8rer v\u00e6lger den til projekter, hvor p\u00e5lidelighed, sikkerhed og ren energi betyder mest.<\/p>\n<h3 data-start=\"1856\" data-end=\"1910\">N\u00f8glefunktioner ved PH-D250 elektrisk pladekomprimator<\/h3>\n<ul data-start=\"1912\" data-end=\"2189\">\n<li data-start=\"1912\" data-end=\"1965\">\n<p data-start=\"1914\" data-end=\"1965\">Elektrisk motor til st\u00f8jsvag, emissionsfri drift<\/p>\n<\/li>\n<li data-start=\"1966\" data-end=\"2024\">\n<p data-start=\"1968\" data-end=\"2024\">Ideel til komprimering indend\u00f8rs, i byer og i lukkede rum<\/p>\n<\/li>\n<li data-start=\"2025\" data-end=\"2082\">\n<p data-start=\"2027\" data-end=\"2082\">J\u00e6vn komprimering af gulve, jord og grusbede<\/p>\n<\/li>\n<li data-start=\"2083\" data-end=\"2135\">\n<p data-start=\"2085\" data-end=\"2135\">Komprimeringsplade i st\u00e5l sikrer flad, j\u00e6vn finish<\/p>\n<\/li>\n<li data-start=\"2136\" data-end=\"2189\">\n<p data-start=\"2138\" data-end=\"2189\">Vedligeholdelsesfrit design med lave driftsomkostninger<\/p>\n<\/li>\n<\/ul>\n<p><iframe title=\"komprimator, stampestamper, tamper, pladekomprimator, byggevibration, komprimatormaskine.#tamping\" width=\"720\" height=\"405\" src=\"https:\/\/www.youtube.com\/embed\/kHw7Cpv12Zs?feature=oembed\" frameborder=\"0\" allow=\"accelerometer; autoplay; clipboard-write; encrypted-media; gyroscope; picture-in-picture; web-share\" referrerpolicy=\"strict-origin-when-cross-origin\" allowfullscreen><\/iframe><\/p>","protected":false},"excerpt":{"rendered":"<p>PH-D250 elektrisk pladekomprimator giver lydl\u00f8s, emissionsfri jordkomprimering til indend\u00f8rs, private og st\u00f8jbegr\u00e6nsede arbejdspladser. Ren energi, st\u00e6rk ydeevne, intet br\u00e6ndstof.<\/p>","protected":false},"featured_media":9131,"template":"","meta":{"_kad_post_transparent":"default","_kad_post_title":"","_kad_post_layout":"default","_kad_post_sidebar_id":"","_kad_post_content_style":"default","_kad_post_vertical_padding":"default","_kad_post_feature":"","_kad_post_feature_position":"","_kad_post_header":false,"_kad_post_footer":false},"product_brand":[],"product_cat":[59],"product_tag":[1066,1062,1065,1070,1069,1063,1067,1064,1061,1068],"class_list":{"0":"post-9130","1":"product","2":"type-product","3":"status-publish","4":"has-post-thumbnail","6":"product_cat-plate-compactor","7":"product_tag-diesel-plate-compactor","8":"product_tag-forward-plate-compactor","9":"product_tag-gasoline-plate-compactor","10":"product_tag-heavy-duty-plate-compactor","11":"product_tag-plate-compactor-for-asphalt","12":"product_tag-reversible-plate-compactor","13":"product_tag-road-construction-compactor","14":"product_tag-soil-plate-compactor","15":"product_tag-vibratory-plate-compactor","16":"product_tag-walk-behind-plate-compactor","18":"first","19":"instock","20":"shipping-taxable","21":"product-type-simple","22":"entry","23":"content-bg","24":"loop-entry"},"yoast_head":"<!-- This site is optimized with the Yoast SEO plugin v25.3.1 - https:\/\/yoast.com\/wordpress\/plugins\/seo\/ -->\n<title>Plate Compactor PH-D250 - HSY Construction Machinery<\/title>\n<meta name=\"description\" content=\"PH-D250 Electric Plate Compactor delivers quiet, zero-emission compaction for indoor flooring, urban projects, and green construction. Efficient and environmentally safe.\" \/>\n<meta name=\"robots\" content=\"index, follow, max-snippet:-1, max-image-preview:large, max-video-preview:-1\" \/>\n<link rel=\"canonical\" href=\"https:\/\/www.hsymachinery.com\/da\/produkt\/pladekomprimator-ph-d250\/\" \/>\n<meta property=\"og:locale\" content=\"da_DK\" \/>\n<meta property=\"og:type\" content=\"article\" \/>\n<meta property=\"og:title\" content=\"Plate Compactor PH-D250 - HSY Construction Machinery\" \/>\n<meta property=\"og:description\" content=\"PH-D250 Electric Plate Compactor delivers quiet, zero-emission compaction for indoor flooring, urban projects, and green construction. Efficient and environmentally safe.\" \/>\n<meta property=\"og:url\" content=\"https:\/\/www.hsymachinery.com\/da\/produkt\/pladekomprimator-ph-d250\/\" \/>\n<meta property=\"og:site_name\" content=\"HSY Construction Machinery\" \/>\n<meta property=\"article:modified_time\" content=\"2025-06-28T12:15:49+00:00\" \/>\n<meta property=\"og:image\" content=\"https:\/\/www.hsymachinery.com\/wp-content\/uploads\/2025\/06\/Plate-Compactor-PH-D250.jpg\" \/>\n\t<meta property=\"og:image:width\" content=\"600\" \/>\n\t<meta property=\"og:image:height\" content=\"600\" \/>\n\t<meta property=\"og:image:type\" content=\"image\/jpeg\" \/>\n<meta name=\"twitter:card\" content=\"summary_large_image\" \/>\n<meta name=\"twitter:label1\" content=\"Estimeret l\u00e6setid\" \/>\n\t<meta name=\"twitter:data1\" content=\"2 minutter\" \/>\n<script type=\"application\/ld+json\" class=\"yoast-schema-graph\">{\"@context\":\"https:\/\/schema.org\",\"@graph\":[{\"@type\":\"WebPage\",\"@id\":\"https:\/\/www.hsymachinery.com\/product\/plate-compactor-ph-d250\/\",\"url\":\"https:\/\/www.hsymachinery.com\/product\/plate-compactor-ph-d250\/\",\"name\":\"Plate Compactor PH-D250 - HSY Construction Machinery\",\"isPartOf\":{\"@id\":\"https:\/\/www.hsymachinery.com\/#website\"},\"primaryImageOfPage\":{\"@id\":\"https:\/\/www.hsymachinery.com\/product\/plate-compactor-ph-d250\/#primaryimage\"},\"image\":{\"@id\":\"https:\/\/www.hsymachinery.com\/product\/plate-compactor-ph-d250\/#primaryimage\"},\"thumbnailUrl\":\"https:\/\/www.hsymachinery.com\/wp-content\/uploads\/2025\/06\/Plate-Compactor-PH-D250.jpg\",\"datePublished\":\"2025-06-18T09:08:39+00:00\",\"dateModified\":\"2025-06-28T12:15:49+00:00\",\"description\":\"PH-D250 Electric Plate Compactor delivers quiet, zero-emission compaction for indoor flooring, urban projects, and green construction. Efficient and environmentally safe.\",\"breadcrumb\":{\"@id\":\"https:\/\/www.hsymachinery.com\/product\/plate-compactor-ph-d250\/#breadcrumb\"},\"inLanguage\":\"da-DK\",\"potentialAction\":[{\"@type\":\"ReadAction\",\"target\":[\"https:\/\/www.hsymachinery.com\/product\/plate-compactor-ph-d250\/\"]}]},{\"@type\":\"ImageObject\",\"inLanguage\":\"da-DK\",\"@id\":\"https:\/\/www.hsymachinery.com\/product\/plate-compactor-ph-d250\/#primaryimage\",\"url\":\"https:\/\/www.hsymachinery.com\/wp-content\/uploads\/2025\/06\/Plate-Compactor-PH-D250.jpg\",\"contentUrl\":\"https:\/\/www.hsymachinery.com\/wp-content\/uploads\/2025\/06\/Plate-Compactor-PH-D250.jpg\",\"width\":600,\"height\":600},{\"@type\":\"BreadcrumbList\",\"@id\":\"https:\/\/www.hsymachinery.com\/product\/plate-compactor-ph-d250\/#breadcrumb\",\"itemListElement\":[{\"@type\":\"ListItem\",\"position\":1,\"name\":\"home\",\"item\":\"https:\/\/www.hsymachinery.com\/\"},{\"@type\":\"ListItem\",\"position\":2,\"name\":\"products\",\"item\":\"https:\/\/www.hsymachinery.com\/products\/\"},{\"@type\":\"ListItem\",\"position\":3,\"name\":\"Plate Compactor PH-D250\"}]},{\"@type\":\"WebSite\",\"@id\":\"https:\/\/www.hsymachinery.com\/#website\",\"url\":\"https:\/\/www.hsymachinery.com\/\",\"name\":\"HSY Construction Machinery\",\"description\":\"HSY Machinery \u2013 A leading China construction machinery supplier, offering a wide range of light construction equipment. Our main products include Rebar Cutting Machine, Rebar Bending Machine, Rebar Stirrup Bending Machine, Rebar Arc Bending Machine, Rebar Straightening Machine, Five-Head Rebar Stirrup Bending Machine, Tamping Rammer, Plate Compactor, Concrete Cutter, Power Trowel, and other construction machinery. We are equipped with advanced CNC machines, and we enforce strict quality inspection standards along with comprehensive after-sales service. If you are interested in our products or services, we warmly welcome your inquiries via message.\",\"publisher\":{\"@id\":\"https:\/\/www.hsymachinery.com\/#organization\"},\"potentialAction\":[{\"@type\":\"SearchAction\",\"target\":{\"@type\":\"EntryPoint\",\"urlTemplate\":\"https:\/\/www.hsymachinery.com\/?s={search_term_string}\"},\"query-input\":{\"@type\":\"PropertyValueSpecification\",\"valueRequired\":true,\"valueName\":\"search_term_string\"}}],\"inLanguage\":\"da-DK\"},{\"@type\":\"Organization\",\"@id\":\"https:\/\/www.hsymachinery.com\/#organization\",\"name\":\"HSY Construction Machinery\",\"url\":\"https:\/\/www.hsymachinery.com\/\",\"logo\":{\"@type\":\"ImageObject\",\"inLanguage\":\"da-DK\",\"@id\":\"https:\/\/www.hsymachinery.com\/#\/schema\/logo\/image\/\",\"url\":\"https:\/\/www.hsymachinery.com\/wp-content\/uploads\/2025\/06\/cropped-HSY-machinery.png\",\"contentUrl\":\"https:\/\/www.hsymachinery.com\/wp-content\/uploads\/2025\/06\/cropped-HSY-machinery.png\",\"width\":600,\"height\":240,\"caption\":\"HSY Construction Machinery\"},\"image\":{\"@id\":\"https:\/\/www.hsymachinery.com\/#\/schema\/logo\/image\/\"}}]}<\/script>\n<!-- \/ Yoast SEO plugin. -->","yoast_head_json":{"title":"Pladekomprimator PH-D250 - HSY Entrepren\u00f8rmaskiner","description":"PH-D250 elektrisk pladekomprimator leverer st\u00f8jsvag, emissionsfri komprimering til indend\u00f8rs gulvbel\u00e6gning, byprojekter og gr\u00f8nt byggeri. Effektiv og milj\u00f8venlig.","robots":{"index":"index","follow":"follow","max-snippet":"max-snippet:-1","max-image-preview":"max-image-preview:large","max-video-preview":"max-video-preview:-1"},"canonical":"https:\/\/www.hsymachinery.com\/da\/produkt\/pladekomprimator-ph-d250\/","og_locale":"da_DK","og_type":"article","og_title":"Plate Compactor PH-D250 - HSY Construction Machinery","og_description":"PH-D250 Electric Plate Compactor delivers quiet, zero-emission compaction for indoor flooring, urban projects, and green construction. Efficient and environmentally safe.","og_url":"https:\/\/www.hsymachinery.com\/da\/produkt\/pladekomprimator-ph-d250\/","og_site_name":"HSY Construction Machinery","article_modified_time":"2025-06-28T12:15:49+00:00","og_image":[{"width":600,"height":600,"url":"https:\/\/www.hsymachinery.com\/wp-content\/uploads\/2025\/06\/Plate-Compactor-PH-D250.jpg","type":"image\/jpeg"}],"twitter_card":"summary_large_image","twitter_misc":{"Estimeret l\u00e6setid":"2 minutter"},"schema":{"@context":"https:\/\/schema.org","@graph":[{"@type":"WebPage","@id":"https:\/\/www.hsymachinery.com\/product\/plate-compactor-ph-d250\/","url":"https:\/\/www.hsymachinery.com\/product\/plate-compactor-ph-d250\/","name":"Pladekomprimator PH-D250 - HSY Entrepren\u00f8rmaskiner","isPartOf":{"@id":"https:\/\/www.hsymachinery.com\/#website"},"primaryImageOfPage":{"@id":"https:\/\/www.hsymachinery.com\/product\/plate-compactor-ph-d250\/#primaryimage"},"image":{"@id":"https:\/\/www.hsymachinery.com\/product\/plate-compactor-ph-d250\/#primaryimage"},"thumbnailUrl":"https:\/\/www.hsymachinery.com\/wp-content\/uploads\/2025\/06\/Plate-Compactor-PH-D250.jpg","datePublished":"2025-06-18T09:08:39+00:00","dateModified":"2025-06-28T12:15:49+00:00","description":"PH-D250 elektrisk pladekomprimator leverer st\u00f8jsvag, emissionsfri komprimering til indend\u00f8rs gulvbel\u00e6gning, byprojekter og gr\u00f8nt byggeri. Effektiv og milj\u00f8venlig.","breadcrumb":{"@id":"https:\/\/www.hsymachinery.com\/product\/plate-compactor-ph-d250\/#breadcrumb"},"inLanguage":"da-DK","potentialAction":[{"@type":"ReadAction","target":["https:\/\/www.hsymachinery.com\/product\/plate-compactor-ph-d250\/"]}]},{"@type":"ImageObject","inLanguage":"da-DK","@id":"https:\/\/www.hsymachinery.com\/product\/plate-compactor-ph-d250\/#primaryimage","url":"https:\/\/www.hsymachinery.com\/wp-content\/uploads\/2025\/06\/Plate-Compactor-PH-D250.jpg","contentUrl":"https:\/\/www.hsymachinery.com\/wp-content\/uploads\/2025\/06\/Plate-Compactor-PH-D250.jpg","width":600,"height":600},{"@type":"BreadcrumbList","@id":"https:\/\/www.hsymachinery.com\/product\/plate-compactor-ph-d250\/#breadcrumb","itemListElement":[{"@type":"ListItem","position":1,"name":"home","item":"https:\/\/www.hsymachinery.com\/"},{"@type":"ListItem","position":2,"name":"products","item":"https:\/\/www.hsymachinery.com\/products\/"},{"@type":"ListItem","position":3,"name":"Plate Compactor PH-D250"}]},{"@type":"WebSite","@id":"https:\/\/www.hsymachinery.com\/#website","url":"https:\/\/www.hsymachinery.com\/","name":"HSY Entrepren\u00f8rmaskiner","description":"HSY Machinery - En f\u00f8rende leverand\u00f8r af entrepren\u00f8rmaskiner i Kina, der tilbyder en bred vifte af let entrepren\u00f8rmateriel. Vores vigtigste produkter omfatter armeringssk\u00e6remaskine, armeringsb\u00f8jlemaskine, armeringsb\u00f8jlemaskine, armeringsbue-b\u00f8jlemaskine, armeringsudretningsmaskine, femhovedet armeringsb\u00f8jlemaskine, stampestamper, pladekomprimator, betonsk\u00e6rer, murske og andre entrepren\u00f8rmaskiner. Vi er udstyret med avancerede CNC-maskiner, og vi h\u00e5ndh\u00e6ver strenge standarder for kvalitetskontrol sammen med omfattende eftersalgsservice. Hvis du er interesseret i vores produkter eller tjenester, hilser vi dine foresp\u00f8rgsler via besked varmt velkommen.","publisher":{"@id":"https:\/\/www.hsymachinery.com\/#organization"},"potentialAction":[{"@type":"SearchAction","target":{"@type":"EntryPoint","urlTemplate":"https:\/\/www.hsymachinery.com\/?s={search_term_string}"},"query-input":{"@type":"PropertyValueSpecification","valueRequired":true,"valueName":"search_term_string"}}],"inLanguage":"da-DK"},{"@type":"Organization","@id":"https:\/\/www.hsymachinery.com\/#organization","name":"HSY Entrepren\u00f8rmaskiner","url":"https:\/\/www.hsymachinery.com\/","logo":{"@type":"ImageObject","inLanguage":"da-DK","@id":"https:\/\/www.hsymachinery.com\/#\/schema\/logo\/image\/","url":"https:\/\/www.hsymachinery.com\/wp-content\/uploads\/2025\/06\/cropped-HSY-machinery.png","contentUrl":"https:\/\/www.hsymachinery.com\/wp-content\/uploads\/2025\/06\/cropped-HSY-machinery.png","width":600,"height":240,"caption":"HSY Construction Machinery"},"image":{"@id":"https:\/\/www.hsymachinery.com\/#\/schema\/logo\/image\/"}}]}},"_links":{"self":[{"href":"https:\/\/www.hsymachinery.com\/da\/wp-json\/wp\/v2\/product\/9130","targetHints":{"allow":["GET"]}}],"collection":[{"href":"https:\/\/www.hsymachinery.com\/da\/wp-json\/wp\/v2\/product"}],"about":[{"href":"https:\/\/www.hsymachinery.com\/da\/wp-json\/wp\/v2\/types\/product"}],"version-history":[{"count":3,"href":"https:\/\/www.hsymachinery.com\/da\/wp-json\/wp\/v2\/product\/9130\/revisions"}],"predecessor-version":[{"id":9543,"href":"https:\/\/www.hsymachinery.com\/da\/wp-json\/wp\/v2\/product\/9130\/revisions\/9543"}],"wp:featuredmedia":[{"embeddable":true,"href":"https:\/\/www.hsymachinery.com\/da\/wp-json\/wp\/v2\/media\/9131"}],"wp:attachment":[{"href":"https:\/\/www.hsymachinery.com\/da\/wp-json\/wp\/v2\/media?parent=9130"}],"wp:term":[{"taxonomy":"product_brand","embeddable":true,"href":"https:\/\/www.hsymachinery.com\/da\/wp-json\/wp\/v2\/product_brand?post=9130"},{"taxonomy":"product_cat","embeddable":true,"href":"https:\/\/www.hsymachinery.com\/da\/wp-json\/wp\/v2\/product_cat?post=9130"},{"taxonomy":"product_tag","embeddable":true,"href":"https:\/\/www.hsymachinery.com\/da\/wp-json\/wp\/v2\/product_tag?post=9130"}],"curies":[{"name":"wp","href":"https:\/\/api.w.org\/{rel}","templated":true}]}}