{"id":9035,"date":"2025-06-18T14:51:23","date_gmt":"2025-06-18T06:51:23","guid":{"rendered":"https:\/\/www.hsymachinery.com\/?post_type=product&#038;p=9035"},"modified":"2025-06-28T11:54:06","modified_gmt":"2025-06-28T03:54:06","slug":"bukkemaskine-til-armeringsjern-med-fem-hoveder-gff-22","status":"publish","type":"product","link":"https:\/\/www.hsymachinery.com\/da\/produkt\/bukkemaskine-til-armeringsjern-med-fem-hoveder-gff-22\/","title":{"rendered":"B\u00f8jemaskine til armeringsjern med fem hoveder GFF-22"},"content":{"rendered":"<h2 data-start=\"116\" data-end=\"170\">B\u00f8jemaskine til armeringsjern med fem hoveder GFF-22<\/h2>\n<h3 data-start=\"171\" data-end=\"277\">GFF-22 CNC Five-Head Rebar Bending Machine | Pr\u00e6cisionsb\u00f8jningsudstyr til 6-22 mm st\u00e5lst\u00e6nger<\/h3>\n<h3 data-start=\"284\" data-end=\"362\">Produktoversigt - Heavy-Duty Stirrup Bending til armeringsjern med st\u00f8rre diameter<a href=\"https:\/\/www.hsymachinery.com\/da\/produkter\/bojemaskine-til-armeringsjern-med-fem-hoveder\/\" target=\"_blank\" rel=\"noopener\"><img fetchpriority=\"high\" decoding=\"async\" class=\"wp-image-9454 alignright\" src=\"https:\/\/www.hsymachinery.com\/wp-content\/uploads\/2025\/06\/5-Head-Rebar-Bender-for-Stirrup-225x300.jpg\" alt=\"\" width=\"401\" height=\"535\" srcset=\"https:\/\/www.hsymachinery.com\/wp-content\/uploads\/2025\/06\/5-Head-Rebar-Bender-for-Stirrup-225x300.jpg 225w, https:\/\/www.hsymachinery.com\/wp-content\/uploads\/2025\/06\/5-Head-Rebar-Bender-for-Stirrup-768x1024.jpg 768w, https:\/\/www.hsymachinery.com\/wp-content\/uploads\/2025\/06\/5-Head-Rebar-Bender-for-Stirrup-600x800.jpg 600w, https:\/\/www.hsymachinery.com\/wp-content\/uploads\/2025\/06\/5-Head-Rebar-Bender-for-Stirrup.jpg 800w\" sizes=\"(max-width: 401px) 100vw, 401px\" \/><\/a><\/h3>\n<p data-start=\"364\" data-end=\"706\">Den <strong data-start=\"368\" data-end=\"418\">B\u00f8jemaskine til armeringsjern med fem hoveder GFF-22<\/strong> er et robust og intelligent system, der er designet til at bearbejde 6 mm til 22 mm st\u00e5lst\u00e6nger til pr\u00e6cise b\u00f8jleformer. Med fem uafh\u00e6ngigt styrede bukkearme giver GFF-22 st\u00f8rre fleksibilitet, s\u00e5 brugerne kan forme st\u00f8rre og mere komplekse b\u00f8jlekonfigurationer ved h\u00f8j hastighed.<\/p>\n<p data-start=\"708\" data-end=\"895\">Denne model er s\u00e6rlig effektiv i infrastrukturprojekter, st\u00e5lv\u00e6rksteder og anl\u00e6g til masseproduktion af armeringsjern, hvor output og pr\u00e6cision er lige vigtige.<\/p>\n<h3 data-start=\"902\" data-end=\"964\">CNC-styret effektivitet med fleksible b\u00f8jledesigns<\/h3>\n<p data-start=\"966\" data-end=\"1314\">GFF-22 integrerer et CNC-styresystem og fem synkroniserede bukkehoveder, hvilket muligg\u00f8r en j\u00e6vn og hurtig produktion af rektangul\u00e6re, firkantede, U-formede eller specialfremstillede b\u00f8jler. Operat\u00f8rerne kan justere bukkevinkler, radius og stangl\u00e6ngde direkte via touch screen-gr\u00e6nsefladen, hvilket giver mulighed for batchprogrammering og jobskift p\u00e5 f\u00e5 minutter.<\/p>\n<p data-start=\"1316\" data-end=\"1474\">Det servodrevne system sikrer lave fejlmargener og minimal mekanisk slitage, hvilket resulterer i konsekvent lige, skarpe b\u00f8jninger p\u00e5 tv\u00e6rs af forskellige st\u00e5ltyper.<\/p>\n<h3 data-start=\"1481\" data-end=\"1537\">Udviklet til h\u00f8j kapacitet og langvarig drift<\/h3>\n<p data-start=\"1539\" data-end=\"1852\">Denne maskine er bygget p\u00e5 en forst\u00e6rket st\u00e5lplatform med et anti-tr\u00e6thedsdesign, der sikrer p\u00e5lidelig funktion selv under kontinuerlig brug ved h\u00f8j hastighed. Den har automatisk stangfremf\u00f8ring, central sm\u00f8ring og overbelastningsbeskyttelse for at reducere nedetid og forl\u00e6nge levetiden.<\/p>\n<p data-start=\"1854\" data-end=\"1991\">Str\u00f8mindgangen underst\u00f8tter 380V trefase (kan tilpasses til eksport), hvilket g\u00f8r GFF-22 ideel til b\u00e5de indenlandske og internationale markeder.<\/p>\n<h3 data-start=\"1998\" data-end=\"2057\">N\u00f8glefunktioner i femhovedet armeringsjernsbukker GFF-22<\/h3>\n<ul data-start=\"2059\" data-end=\"2383\">\n<li data-start=\"2059\" data-end=\"2114\">\n<p data-start=\"2061\" data-end=\"2114\">B\u00f8jer 6-22 mm st\u00e5lst\u00e6nger til komplekse b\u00f8jleformer<\/p>\n<\/li>\n<li data-start=\"2115\" data-end=\"2182\">\n<p data-start=\"2117\" data-end=\"2182\">Fem uafh\u00e6ngige hoveder giver synkroniseret flerpunktsbukning<\/p>\n<\/li>\n<li data-start=\"2183\" data-end=\"2245\">\n<p data-start=\"2185\" data-end=\"2245\">Udstyret med CNC-interface og hukommelsesbaseret formlagring<\/p>\n<\/li>\n<li data-start=\"2246\" data-end=\"2313\">\n<p data-start=\"2248\" data-end=\"2313\">Stabil ramme med automatisk sm\u00f8ring og overbelastningsbeskyttelse<\/p>\n<\/li>\n<li data-start=\"2314\" data-end=\"2383\">\n<p data-start=\"2316\" data-end=\"2383\">Ideel til produktion med h\u00f8jt output i civile og industrielle projekter<\/p>\n<\/li>\n<\/ul>\n<p><iframe title=\"Armeringsjernsbukker. Rebar bending machine. Rebar cutter #rebarbending #rebarbender #rebarcuttingmachine\" width=\"720\" height=\"405\" src=\"https:\/\/www.youtube.com\/embed\/wGf4SMojvYY?feature=oembed\" frameborder=\"0\" allow=\"accelerometer; autoplay; clipboard-write; encrypted-media; gyroscope; picture-in-picture; web-share\" referrerpolicy=\"strict-origin-when-cross-origin\" allowfullscreen><\/iframe><\/p>","protected":false},"excerpt":{"rendered":"<p>GFF-22 b\u00f8jlemaskine med fem hoveder former 6-22 mm armeringsjern til pr\u00e6cise b\u00f8jler. Har CNC-styring, hurtig jobskift og eksportklar heavy-duty design.<\/p>","protected":false},"featured_media":9036,"template":"","meta":{"_kad_post_transparent":"default","_kad_post_title":"","_kad_post_layout":"default","_kad_post_sidebar_id":"","_kad_post_content_style":"default","_kad_post_vertical_padding":"default","_kad_post_feature":"","_kad_post_feature_position":"","_kad_post_header":false,"_kad_post_footer":false},"product_brand":[],"product_cat":[60],"product_tag":[1039,1036,1038,1037,1035,1041,1040],"class_list":{"0":"post-9035","1":"product","2":"type-product","3":"status-publish","4":"has-post-thumbnail","6":"product_cat-five-head-rebar-stirrup-bending-machine","7":"product_tag-5-head-rebar-bender-for-stirrup","8":"product_tag-automatic-stirrup-bender-with-five-heads","9":"product_tag-cnc-stirrup-bending-equipment","10":"product_tag-high-speed-rebar-stirrup-machine","11":"product_tag-multi-head-rebar-stirrup-bending-machine","12":"product_tag-rebar-stirrup-forming-machine","13":"product_tag-steel-bar-stirrup-making-machine","15":"first","16":"instock","17":"featured","18":"shipping-taxable","19":"product-type-simple","20":"entry","21":"content-bg","22":"loop-entry"},"yoast_head":"<!-- This site is optimized with the Yoast SEO plugin v25.3.1 - https:\/\/yoast.com\/wordpress\/plugins\/seo\/ -->\n<title>Five-Head Rebar Stirrup Bending Machine GFF-22 - HSY Construction Machinery<\/title>\n<meta name=\"description\" content=\"The Five-Head Rebar Stirrup Bending Machine GFF-22 bends 6\u201322mm steel bars into stirrups. CNC-controlled, durable, and ideal for high-speed, industrial production.\" \/>\n<meta name=\"robots\" content=\"index, follow, max-snippet:-1, max-image-preview:large, max-video-preview:-1\" \/>\n<link rel=\"canonical\" href=\"https:\/\/www.hsymachinery.com\/da\/produkt\/bukkemaskine-til-armeringsjern-med-fem-hoveder-gff-22\/\" \/>\n<meta property=\"og:locale\" content=\"da_DK\" \/>\n<meta property=\"og:type\" content=\"article\" \/>\n<meta property=\"og:title\" content=\"Five-Head Rebar Stirrup Bending Machine GFF-22 - HSY Construction Machinery\" \/>\n<meta property=\"og:description\" content=\"The Five-Head Rebar Stirrup Bending Machine GFF-22 bends 6\u201322mm steel bars into stirrups. CNC-controlled, durable, and ideal for high-speed, industrial production.\" \/>\n<meta property=\"og:url\" content=\"https:\/\/www.hsymachinery.com\/da\/produkt\/bukkemaskine-til-armeringsjern-med-fem-hoveder-gff-22\/\" \/>\n<meta property=\"og:site_name\" content=\"HSY Construction Machinery\" \/>\n<meta property=\"article:modified_time\" content=\"2025-06-28T03:54:06+00:00\" \/>\n<meta property=\"og:image\" content=\"https:\/\/www.hsymachinery.com\/wp-content\/uploads\/2025\/06\/Five-Head-Rebar-Stirrup-Bending-Machine-GFF-22.jpg\" \/>\n\t<meta property=\"og:image:width\" content=\"600\" \/>\n\t<meta property=\"og:image:height\" content=\"600\" \/>\n\t<meta property=\"og:image:type\" content=\"image\/jpeg\" \/>\n<meta name=\"twitter:card\" content=\"summary_large_image\" \/>\n<meta name=\"twitter:label1\" content=\"Estimeret l\u00e6setid\" \/>\n\t<meta name=\"twitter:data1\" content=\"2 minutter\" \/>\n<script type=\"application\/ld+json\" class=\"yoast-schema-graph\">{\"@context\":\"https:\/\/schema.org\",\"@graph\":[{\"@type\":\"WebPage\",\"@id\":\"https:\/\/www.hsymachinery.com\/product\/five-head-rebar-stirrup-bending-machine-gff-22\/\",\"url\":\"https:\/\/www.hsymachinery.com\/product\/five-head-rebar-stirrup-bending-machine-gff-22\/\",\"name\":\"Five-Head Rebar Stirrup Bending Machine GFF-22 - HSY Construction Machinery\",\"isPartOf\":{\"@id\":\"https:\/\/www.hsymachinery.com\/#website\"},\"primaryImageOfPage\":{\"@id\":\"https:\/\/www.hsymachinery.com\/product\/five-head-rebar-stirrup-bending-machine-gff-22\/#primaryimage\"},\"image\":{\"@id\":\"https:\/\/www.hsymachinery.com\/product\/five-head-rebar-stirrup-bending-machine-gff-22\/#primaryimage\"},\"thumbnailUrl\":\"https:\/\/www.hsymachinery.com\/wp-content\/uploads\/2025\/06\/Five-Head-Rebar-Stirrup-Bending-Machine-GFF-22.jpg\",\"datePublished\":\"2025-06-18T06:51:23+00:00\",\"dateModified\":\"2025-06-28T03:54:06+00:00\",\"description\":\"The Five-Head Rebar Stirrup Bending Machine GFF-22 bends 6\u201322mm steel bars into stirrups. CNC-controlled, durable, and ideal for high-speed, industrial production.\",\"breadcrumb\":{\"@id\":\"https:\/\/www.hsymachinery.com\/product\/five-head-rebar-stirrup-bending-machine-gff-22\/#breadcrumb\"},\"inLanguage\":\"da-DK\",\"potentialAction\":[{\"@type\":\"ReadAction\",\"target\":[\"https:\/\/www.hsymachinery.com\/product\/five-head-rebar-stirrup-bending-machine-gff-22\/\"]}]},{\"@type\":\"ImageObject\",\"inLanguage\":\"da-DK\",\"@id\":\"https:\/\/www.hsymachinery.com\/product\/five-head-rebar-stirrup-bending-machine-gff-22\/#primaryimage\",\"url\":\"https:\/\/www.hsymachinery.com\/wp-content\/uploads\/2025\/06\/Five-Head-Rebar-Stirrup-Bending-Machine-GFF-22.jpg\",\"contentUrl\":\"https:\/\/www.hsymachinery.com\/wp-content\/uploads\/2025\/06\/Five-Head-Rebar-Stirrup-Bending-Machine-GFF-22.jpg\",\"width\":600,\"height\":600},{\"@type\":\"BreadcrumbList\",\"@id\":\"https:\/\/www.hsymachinery.com\/product\/five-head-rebar-stirrup-bending-machine-gff-22\/#breadcrumb\",\"itemListElement\":[{\"@type\":\"ListItem\",\"position\":1,\"name\":\"home\",\"item\":\"https:\/\/www.hsymachinery.com\/\"},{\"@type\":\"ListItem\",\"position\":2,\"name\":\"products\",\"item\":\"https:\/\/www.hsymachinery.com\/products\/\"},{\"@type\":\"ListItem\",\"position\":3,\"name\":\"Five-Head Rebar Stirrup Bending Machine GFF-22\"}]},{\"@type\":\"WebSite\",\"@id\":\"https:\/\/www.hsymachinery.com\/#website\",\"url\":\"https:\/\/www.hsymachinery.com\/\",\"name\":\"HSY Construction Machinery\",\"description\":\"HSY Machinery \u2013 A leading China construction machinery supplier, offering a wide range of light construction equipment. Our main products include Rebar Cutting Machine, Rebar Bending Machine, Rebar Stirrup Bending Machine, Rebar Arc Bending Machine, Rebar Straightening Machine, Five-Head Rebar Stirrup Bending Machine, Tamping Rammer, Plate Compactor, Concrete Cutter, Power Trowel, and other construction machinery. We are equipped with advanced CNC machines, and we enforce strict quality inspection standards along with comprehensive after-sales service. If you are interested in our products or services, we warmly welcome your inquiries via message.\",\"publisher\":{\"@id\":\"https:\/\/www.hsymachinery.com\/#organization\"},\"potentialAction\":[{\"@type\":\"SearchAction\",\"target\":{\"@type\":\"EntryPoint\",\"urlTemplate\":\"https:\/\/www.hsymachinery.com\/?s={search_term_string}\"},\"query-input\":{\"@type\":\"PropertyValueSpecification\",\"valueRequired\":true,\"valueName\":\"search_term_string\"}}],\"inLanguage\":\"da-DK\"},{\"@type\":\"Organization\",\"@id\":\"https:\/\/www.hsymachinery.com\/#organization\",\"name\":\"HSY Construction Machinery\",\"url\":\"https:\/\/www.hsymachinery.com\/\",\"logo\":{\"@type\":\"ImageObject\",\"inLanguage\":\"da-DK\",\"@id\":\"https:\/\/www.hsymachinery.com\/#\/schema\/logo\/image\/\",\"url\":\"https:\/\/www.hsymachinery.com\/wp-content\/uploads\/2025\/06\/cropped-HSY-machinery.png\",\"contentUrl\":\"https:\/\/www.hsymachinery.com\/wp-content\/uploads\/2025\/06\/cropped-HSY-machinery.png\",\"width\":600,\"height\":240,\"caption\":\"HSY Construction Machinery\"},\"image\":{\"@id\":\"https:\/\/www.hsymachinery.com\/#\/schema\/logo\/image\/\"}}]}<\/script>\n<!-- \/ Yoast SEO plugin. -->","yoast_head_json":{"title":"Fem-hoved-armeringsb\u00f8jlemaskine GFF-22 - HSY Construction Machinery","description":"Five-Head Rebar Stirrup Bending Machine GFF-22 b\u00f8jer 6-22 mm st\u00e5lst\u00e6nger til b\u00f8jler. CNC-styret, holdbar og ideel til industriel h\u00f8jhastighedsproduktion.","robots":{"index":"index","follow":"follow","max-snippet":"max-snippet:-1","max-image-preview":"max-image-preview:large","max-video-preview":"max-video-preview:-1"},"canonical":"https:\/\/www.hsymachinery.com\/da\/produkt\/bukkemaskine-til-armeringsjern-med-fem-hoveder-gff-22\/","og_locale":"da_DK","og_type":"article","og_title":"Five-Head Rebar Stirrup Bending Machine GFF-22 - HSY Construction Machinery","og_description":"The Five-Head Rebar Stirrup Bending Machine GFF-22 bends 6\u201322mm steel bars into stirrups. CNC-controlled, durable, and ideal for high-speed, industrial production.","og_url":"https:\/\/www.hsymachinery.com\/da\/produkt\/bukkemaskine-til-armeringsjern-med-fem-hoveder-gff-22\/","og_site_name":"HSY Construction Machinery","article_modified_time":"2025-06-28T03:54:06+00:00","og_image":[{"width":600,"height":600,"url":"https:\/\/www.hsymachinery.com\/wp-content\/uploads\/2025\/06\/Five-Head-Rebar-Stirrup-Bending-Machine-GFF-22.jpg","type":"image\/jpeg"}],"twitter_card":"summary_large_image","twitter_misc":{"Estimeret l\u00e6setid":"2 minutter"},"schema":{"@context":"https:\/\/schema.org","@graph":[{"@type":"WebPage","@id":"https:\/\/www.hsymachinery.com\/product\/five-head-rebar-stirrup-bending-machine-gff-22\/","url":"https:\/\/www.hsymachinery.com\/product\/five-head-rebar-stirrup-bending-machine-gff-22\/","name":"Fem-hoved-armeringsb\u00f8jlemaskine GFF-22 - HSY Construction Machinery","isPartOf":{"@id":"https:\/\/www.hsymachinery.com\/#website"},"primaryImageOfPage":{"@id":"https:\/\/www.hsymachinery.com\/product\/five-head-rebar-stirrup-bending-machine-gff-22\/#primaryimage"},"image":{"@id":"https:\/\/www.hsymachinery.com\/product\/five-head-rebar-stirrup-bending-machine-gff-22\/#primaryimage"},"thumbnailUrl":"https:\/\/www.hsymachinery.com\/wp-content\/uploads\/2025\/06\/Five-Head-Rebar-Stirrup-Bending-Machine-GFF-22.jpg","datePublished":"2025-06-18T06:51:23+00:00","dateModified":"2025-06-28T03:54:06+00:00","description":"Five-Head Rebar Stirrup Bending Machine GFF-22 b\u00f8jer 6-22 mm st\u00e5lst\u00e6nger til b\u00f8jler. CNC-styret, holdbar og ideel til industriel h\u00f8jhastighedsproduktion.","breadcrumb":{"@id":"https:\/\/www.hsymachinery.com\/product\/five-head-rebar-stirrup-bending-machine-gff-22\/#breadcrumb"},"inLanguage":"da-DK","potentialAction":[{"@type":"ReadAction","target":["https:\/\/www.hsymachinery.com\/product\/five-head-rebar-stirrup-bending-machine-gff-22\/"]}]},{"@type":"ImageObject","inLanguage":"da-DK","@id":"https:\/\/www.hsymachinery.com\/product\/five-head-rebar-stirrup-bending-machine-gff-22\/#primaryimage","url":"https:\/\/www.hsymachinery.com\/wp-content\/uploads\/2025\/06\/Five-Head-Rebar-Stirrup-Bending-Machine-GFF-22.jpg","contentUrl":"https:\/\/www.hsymachinery.com\/wp-content\/uploads\/2025\/06\/Five-Head-Rebar-Stirrup-Bending-Machine-GFF-22.jpg","width":600,"height":600},{"@type":"BreadcrumbList","@id":"https:\/\/www.hsymachinery.com\/product\/five-head-rebar-stirrup-bending-machine-gff-22\/#breadcrumb","itemListElement":[{"@type":"ListItem","position":1,"name":"home","item":"https:\/\/www.hsymachinery.com\/"},{"@type":"ListItem","position":2,"name":"products","item":"https:\/\/www.hsymachinery.com\/products\/"},{"@type":"ListItem","position":3,"name":"Five-Head Rebar Stirrup Bending Machine GFF-22"}]},{"@type":"WebSite","@id":"https:\/\/www.hsymachinery.com\/#website","url":"https:\/\/www.hsymachinery.com\/","name":"HSY Entrepren\u00f8rmaskiner","description":"HSY Machinery - En f\u00f8rende leverand\u00f8r af entrepren\u00f8rmaskiner i Kina, der tilbyder en bred vifte af let entrepren\u00f8rmateriel. Vores vigtigste produkter omfatter armeringssk\u00e6remaskine, armeringsb\u00f8jlemaskine, armeringsb\u00f8jlemaskine, armeringsbue-b\u00f8jlemaskine, armeringsudretningsmaskine, femhovedet armeringsb\u00f8jlemaskine, stampestamper, pladekomprimator, betonsk\u00e6rer, murske og andre entrepren\u00f8rmaskiner. Vi er udstyret med avancerede CNC-maskiner, og vi h\u00e5ndh\u00e6ver strenge standarder for kvalitetskontrol sammen med omfattende eftersalgsservice. Hvis du er interesseret i vores produkter eller tjenester, hilser vi dine foresp\u00f8rgsler via besked varmt velkommen.","publisher":{"@id":"https:\/\/www.hsymachinery.com\/#organization"},"potentialAction":[{"@type":"SearchAction","target":{"@type":"EntryPoint","urlTemplate":"https:\/\/www.hsymachinery.com\/?s={search_term_string}"},"query-input":{"@type":"PropertyValueSpecification","valueRequired":true,"valueName":"search_term_string"}}],"inLanguage":"da-DK"},{"@type":"Organization","@id":"https:\/\/www.hsymachinery.com\/#organization","name":"HSY Entrepren\u00f8rmaskiner","url":"https:\/\/www.hsymachinery.com\/","logo":{"@type":"ImageObject","inLanguage":"da-DK","@id":"https:\/\/www.hsymachinery.com\/#\/schema\/logo\/image\/","url":"https:\/\/www.hsymachinery.com\/wp-content\/uploads\/2025\/06\/cropped-HSY-machinery.png","contentUrl":"https:\/\/www.hsymachinery.com\/wp-content\/uploads\/2025\/06\/cropped-HSY-machinery.png","width":600,"height":240,"caption":"HSY Construction Machinery"},"image":{"@id":"https:\/\/www.hsymachinery.com\/#\/schema\/logo\/image\/"}}]}},"_links":{"self":[{"href":"https:\/\/www.hsymachinery.com\/da\/wp-json\/wp\/v2\/product\/9035","targetHints":{"allow":["GET"]}}],"collection":[{"href":"https:\/\/www.hsymachinery.com\/da\/wp-json\/wp\/v2\/product"}],"about":[{"href":"https:\/\/www.hsymachinery.com\/da\/wp-json\/wp\/v2\/types\/product"}],"version-history":[{"count":3,"href":"https:\/\/www.hsymachinery.com\/da\/wp-json\/wp\/v2\/product\/9035\/revisions"}],"predecessor-version":[{"id":9464,"href":"https:\/\/www.hsymachinery.com\/da\/wp-json\/wp\/v2\/product\/9035\/revisions\/9464"}],"wp:featuredmedia":[{"embeddable":true,"href":"https:\/\/www.hsymachinery.com\/da\/wp-json\/wp\/v2\/media\/9036"}],"wp:attachment":[{"href":"https:\/\/www.hsymachinery.com\/da\/wp-json\/wp\/v2\/media?parent=9035"}],"wp:term":[{"taxonomy":"product_brand","embeddable":true,"href":"https:\/\/www.hsymachinery.com\/da\/wp-json\/wp\/v2\/product_brand?post=9035"},{"taxonomy":"product_cat","embeddable":true,"href":"https:\/\/www.hsymachinery.com\/da\/wp-json\/wp\/v2\/product_cat?post=9035"},{"taxonomy":"product_tag","embeddable":true,"href":"https:\/\/www.hsymachinery.com\/da\/wp-json\/wp\/v2\/product_tag?post=9035"}],"curies":[{"name":"wp","href":"https:\/\/api.w.org\/{rel}","templated":true}]}}