{"id":9010,"date":"2025-06-18T14:14:06","date_gmt":"2025-06-18T06:14:06","guid":{"rendered":"https:\/\/www.hsymachinery.com\/?post_type=product&#038;p=9010"},"modified":"2025-06-28T00:01:02","modified_gmt":"2025-06-27T16:01:02","slug":"maskine-til-udretning-af-armeringsjern-gtd4-12","status":"publish","type":"product","link":"https:\/\/www.hsymachinery.com\/da\/produkt\/maskine-til-udretning-af-armeringsjern-gtd4-12\/","title":{"rendered":"Rettemaskine til armeringsjern GTD4-12"},"content":{"rendered":"<h2 data-start=\"104\" data-end=\"147\">Rettemaskine til armeringsjern GTD4-12<\/h2>\n<h3 data-start=\"148\" data-end=\"277\">GTD4-12 Heavy-Duty Rebar Straightener til 4-12 mm st\u00e5lst\u00e6nger | H\u00f8jhastighedsudstyr til at rette spoler til industrielle projekter<\/h3>\n<h3 data-start=\"284\" data-end=\"363\">Produktoversigt - H\u00f8jhastighedsretning til industrielle krav til armeringsjern<\/h3>\n<p data-start=\"365\" data-end=\"699\">Den <strong data-start=\"369\" data-end=\"408\"><a href=\"https:\/\/www.hsymachinery.com\/da\/produkter\/maskine-til-udretning-af-armeringsjern\/\" target=\"_blank\" rel=\"noopener\">Rettemaskine til armeringsjern<\/a> GTD4-12<\/strong> er konstrueret til at h\u00e5ndtere <strong data-start=\"433\" data-end=\"466\">4 mm til 12 mm oprullede st\u00e5lst\u00e6nger<\/strong>hvilket g\u00f8r den ideel til industriel bearbejdning af armeringsjern, pr\u00e6fabrikeringsanl\u00e6g og store byggeopgaver. Den retter armeringsjern ud hurtigt og pr\u00e6cist, hvilket reducerer det manuelle arbejde betydeligt og samtidig forbedrer kvaliteten af produktionen.<\/p>\n<p data-start=\"701\" data-end=\"819\">Entrepren\u00f8rer v\u00e6lger denne model, n\u00e5r de har brug for hurtige og ensartede resultater fra oprullet st\u00e5l i kr\u00e6vende milj\u00f8er.<\/p>\n<h3 data-start=\"826\" data-end=\"885\">Ret tykkere st\u00e6nger med stabilitet og pr\u00e6cision<\/h3>\n<p data-start=\"887\" data-end=\"1135\">Du kan finjustere GTD4-12's rulleposition og fremf\u00f8ringssp\u00e6nding, s\u00e5 den passer til forskellige st\u00e5lstangsdiametre. Det forst\u00e6rkede motorsystem giver en stabil kraft, der g\u00f8r det muligt at rette stangen j\u00e6vnt og ensartet, selv under lange arbejdscyklusser.<\/p>\n<p data-start=\"1137\" data-end=\"1323\">Den justerbare hastighedskontrol giver dig mulighed for at tilpasse produktionen til den daglige arbejdsbyrde, mens det vibrationsd\u00e6mpende design sikrer stabil drift og ensartet justering.<\/p>\n<h3 data-start=\"1330\" data-end=\"1388\">Robust bygget til kontinuerlig brug og eksportberedskab<\/h3>\n<p data-start=\"1390\" data-end=\"1660\">GTD4-12 er konstrueret af h\u00f8jstyrkest\u00e5l og er lavet til kr\u00e6vende brug. Den har en kompakt, men stabil base, industrielle hjul og et str\u00f8mforsyningssystem med dobbelt sp\u00e6nding (220V\/380V, 50Hz\/60Hz) - hvilket g\u00f8r den nem at bruge i forskellige regioner og p\u00e5 forskellige byggepladser.<\/p>\n<p data-start=\"1662\" data-end=\"1796\">Dens p\u00e5lidelige retteevne og eksportkompatible ops\u00e6tning g\u00f8r den til et f\u00f8rstevalg for internationale leverand\u00f8rer og entrepren\u00f8rer af armeringsjern.<\/p>\n<h3 data-start=\"1803\" data-end=\"1860\">N\u00f8glefunktioner i armeringsjernsretter GTD4-12<\/h3>\n<ul data-start=\"1862\" data-end=\"2111\">\n<li data-start=\"1862\" data-end=\"1922\">\n<p data-start=\"1864\" data-end=\"1922\">Retter 4-12 mm st\u00e5lst\u00e6nger fra coil med h\u00f8jt output<\/p>\n<\/li>\n<li data-start=\"1923\" data-end=\"1997\">\n<p data-start=\"1925\" data-end=\"1997\">Optimeret til pr\u00e6fabrikation, industriel forst\u00e6rkning og eksportbrug<\/p>\n<\/li>\n<li data-start=\"1998\" data-end=\"2056\">\n<p data-start=\"2000\" data-end=\"2056\">Justerbart rullesystem med stabil fremf\u00f8ringsmekanisme<\/p>\n<\/li>\n<li data-start=\"2057\" data-end=\"2111\">\n<p data-start=\"2059\" data-end=\"2111\">Sp\u00e6ndingsmuligheder passer til b\u00e5de lokale og globale projekter<\/p>\n<\/li>\n<\/ul>\n<p><iframe title=\"#construction #rebarbarmachine #rebarbending #rebarcutter #rebarcuttingmachine\" width=\"720\" height=\"405\" src=\"https:\/\/www.youtube.com\/embed\/YnqPtwSEoVw?feature=oembed\" frameborder=\"0\" allow=\"accelerometer; autoplay; clipboard-write; encrypted-media; gyroscope; picture-in-picture; web-share\" referrerpolicy=\"strict-origin-when-cross-origin\" allowfullscreen><\/iframe><\/p>","protected":false},"excerpt":{"rendered":"<p>GTD4-12 Rebar Straightening Machine behandler 4-12 mm st\u00e5lst\u00e6nger fra coil. Den har en st\u00e6rk og stabil ydeevne til opgaver i industrikvalitet og er velegnet til international brug.<\/p>","protected":false},"featured_media":9011,"template":"","meta":{"_kad_post_transparent":"default","_kad_post_title":"","_kad_post_layout":"default","_kad_post_sidebar_id":"","_kad_post_content_style":"default","_kad_post_vertical_padding":"default","_kad_post_feature":"","_kad_post_feature_position":"","_kad_post_header":false,"_kad_post_footer":false},"product_brand":[],"product_cat":[62],"product_tag":[1026,1028,1030,1031,1034,1027,1032,1025,1029,1033],"class_list":{"0":"post-9010","1":"product","2":"type-product","3":"status-publish","4":"has-post-thumbnail","6":"product_cat-rebar-straightening-machine","7":"product_tag-automatic-rebar-straightener","8":"product_tag-cnc-rebar-straightening-equipment","9":"product_tag-coiled-rebar-straightening-machine","10":"product_tag-construction-bar-straightening-machine","11":"product_tag-high-speed-rebar-straightening-tool","12":"product_tag-hydraulic-rebar-straightening-machine","13":"product_tag-rebar-leveling-and-cutting-machine","14":"product_tag-steel-bar-straightening-machine","15":"product_tag-steel-wire-straightener-and-cutter","16":"product_tag-straightening-machine-for-steel-rods","18":"first","19":"instock","20":"shipping-taxable","21":"product-type-simple","22":"entry","23":"content-bg","24":"loop-entry"},"yoast_head":"<!-- This site is optimized with the Yoast SEO plugin v25.3.1 - https:\/\/yoast.com\/wordpress\/plugins\/seo\/ -->\n<title>Rebar Straightening Machine GTD4-12 - HSY Construction Machinery<\/title>\n<meta name=\"description\" content=\"Rebar Straightening Machine GTD4-12 handles 4\u201312mm bars with precision. Ideal for industrial projects and exports, with adjustable speed and voltage compatibility.\" \/>\n<meta name=\"robots\" content=\"index, follow, max-snippet:-1, max-image-preview:large, max-video-preview:-1\" \/>\n<link rel=\"canonical\" href=\"https:\/\/www.hsymachinery.com\/da\/produkt\/maskine-til-udretning-af-armeringsjern-gtd4-12\/\" \/>\n<meta property=\"og:locale\" content=\"da_DK\" \/>\n<meta property=\"og:type\" content=\"article\" \/>\n<meta property=\"og:title\" content=\"Rebar Straightening Machine GTD4-12 - HSY Construction Machinery\" \/>\n<meta property=\"og:description\" content=\"Rebar Straightening Machine GTD4-12 handles 4\u201312mm bars with precision. Ideal for industrial projects and exports, with adjustable speed and voltage compatibility.\" \/>\n<meta property=\"og:url\" content=\"https:\/\/www.hsymachinery.com\/da\/produkt\/maskine-til-udretning-af-armeringsjern-gtd4-12\/\" \/>\n<meta property=\"og:site_name\" content=\"HSY Construction Machinery\" \/>\n<meta property=\"article:modified_time\" content=\"2025-06-27T16:01:02+00:00\" \/>\n<meta property=\"og:image\" content=\"https:\/\/www.hsymachinery.com\/wp-content\/uploads\/2025\/06\/Rebar-Straightening-Machine-GTD4-12.jpg\" \/>\n\t<meta property=\"og:image:width\" content=\"600\" \/>\n\t<meta property=\"og:image:height\" content=\"600\" \/>\n\t<meta property=\"og:image:type\" content=\"image\/jpeg\" \/>\n<meta name=\"twitter:card\" content=\"summary_large_image\" \/>\n<meta name=\"twitter:label1\" content=\"Estimeret l\u00e6setid\" \/>\n\t<meta name=\"twitter:data1\" content=\"2 minutter\" \/>\n<script type=\"application\/ld+json\" class=\"yoast-schema-graph\">{\"@context\":\"https:\/\/schema.org\",\"@graph\":[{\"@type\":\"WebPage\",\"@id\":\"https:\/\/www.hsymachinery.com\/product\/rebar-straightening-machine-gtd4-12\/\",\"url\":\"https:\/\/www.hsymachinery.com\/product\/rebar-straightening-machine-gtd4-12\/\",\"name\":\"Rebar Straightening Machine GTD4-12 - HSY Construction Machinery\",\"isPartOf\":{\"@id\":\"https:\/\/www.hsymachinery.com\/#website\"},\"primaryImageOfPage\":{\"@id\":\"https:\/\/www.hsymachinery.com\/product\/rebar-straightening-machine-gtd4-12\/#primaryimage\"},\"image\":{\"@id\":\"https:\/\/www.hsymachinery.com\/product\/rebar-straightening-machine-gtd4-12\/#primaryimage\"},\"thumbnailUrl\":\"https:\/\/www.hsymachinery.com\/wp-content\/uploads\/2025\/06\/Rebar-Straightening-Machine-GTD4-12.jpg\",\"datePublished\":\"2025-06-18T06:14:06+00:00\",\"dateModified\":\"2025-06-27T16:01:02+00:00\",\"description\":\"Rebar Straightening Machine GTD4-12 handles 4\u201312mm bars with precision. Ideal for industrial projects and exports, with adjustable speed and voltage compatibility.\",\"breadcrumb\":{\"@id\":\"https:\/\/www.hsymachinery.com\/product\/rebar-straightening-machine-gtd4-12\/#breadcrumb\"},\"inLanguage\":\"da-DK\",\"potentialAction\":[{\"@type\":\"ReadAction\",\"target\":[\"https:\/\/www.hsymachinery.com\/product\/rebar-straightening-machine-gtd4-12\/\"]}]},{\"@type\":\"ImageObject\",\"inLanguage\":\"da-DK\",\"@id\":\"https:\/\/www.hsymachinery.com\/product\/rebar-straightening-machine-gtd4-12\/#primaryimage\",\"url\":\"https:\/\/www.hsymachinery.com\/wp-content\/uploads\/2025\/06\/Rebar-Straightening-Machine-GTD4-12.jpg\",\"contentUrl\":\"https:\/\/www.hsymachinery.com\/wp-content\/uploads\/2025\/06\/Rebar-Straightening-Machine-GTD4-12.jpg\",\"width\":600,\"height\":600},{\"@type\":\"BreadcrumbList\",\"@id\":\"https:\/\/www.hsymachinery.com\/product\/rebar-straightening-machine-gtd4-12\/#breadcrumb\",\"itemListElement\":[{\"@type\":\"ListItem\",\"position\":1,\"name\":\"home\",\"item\":\"https:\/\/www.hsymachinery.com\/\"},{\"@type\":\"ListItem\",\"position\":2,\"name\":\"products\",\"item\":\"https:\/\/www.hsymachinery.com\/products\/\"},{\"@type\":\"ListItem\",\"position\":3,\"name\":\"Rebar Straightening Machine GTD4-12\"}]},{\"@type\":\"WebSite\",\"@id\":\"https:\/\/www.hsymachinery.com\/#website\",\"url\":\"https:\/\/www.hsymachinery.com\/\",\"name\":\"HSY Construction Machinery\",\"description\":\"HSY Machinery \u2013 A leading China construction machinery supplier, offering a wide range of light construction equipment. Our main products include Rebar Cutting Machine, Rebar Bending Machine, Rebar Stirrup Bending Machine, Rebar Arc Bending Machine, Rebar Straightening Machine, Five-Head Rebar Stirrup Bending Machine, Tamping Rammer, Plate Compactor, Concrete Cutter, Power Trowel, and other construction machinery. We are equipped with advanced CNC machines, and we enforce strict quality inspection standards along with comprehensive after-sales service. If you are interested in our products or services, we warmly welcome your inquiries via message.\",\"publisher\":{\"@id\":\"https:\/\/www.hsymachinery.com\/#organization\"},\"potentialAction\":[{\"@type\":\"SearchAction\",\"target\":{\"@type\":\"EntryPoint\",\"urlTemplate\":\"https:\/\/www.hsymachinery.com\/?s={search_term_string}\"},\"query-input\":{\"@type\":\"PropertyValueSpecification\",\"valueRequired\":true,\"valueName\":\"search_term_string\"}}],\"inLanguage\":\"da-DK\"},{\"@type\":\"Organization\",\"@id\":\"https:\/\/www.hsymachinery.com\/#organization\",\"name\":\"HSY Construction Machinery\",\"url\":\"https:\/\/www.hsymachinery.com\/\",\"logo\":{\"@type\":\"ImageObject\",\"inLanguage\":\"da-DK\",\"@id\":\"https:\/\/www.hsymachinery.com\/#\/schema\/logo\/image\/\",\"url\":\"https:\/\/www.hsymachinery.com\/wp-content\/uploads\/2025\/06\/cropped-HSY-machinery.png\",\"contentUrl\":\"https:\/\/www.hsymachinery.com\/wp-content\/uploads\/2025\/06\/cropped-HSY-machinery.png\",\"width\":600,\"height\":240,\"caption\":\"HSY Construction Machinery\"},\"image\":{\"@id\":\"https:\/\/www.hsymachinery.com\/#\/schema\/logo\/image\/\"}}]}<\/script>\n<!-- \/ Yoast SEO plugin. -->","yoast_head_json":{"title":"Armeringsjernsrettere GTD4-12 - HSY Entrepren\u00f8rmaskiner","description":"Rebar Straightening Machine GTD4-12 h\u00e5ndterer 4-12 mm st\u00e6nger med pr\u00e6cision. Ideel til industrielle projekter og eksport, med justerbar hastighed og sp\u00e6ndingskompatibilitet.","robots":{"index":"index","follow":"follow","max-snippet":"max-snippet:-1","max-image-preview":"max-image-preview:large","max-video-preview":"max-video-preview:-1"},"canonical":"https:\/\/www.hsymachinery.com\/da\/produkt\/maskine-til-udretning-af-armeringsjern-gtd4-12\/","og_locale":"da_DK","og_type":"article","og_title":"Rebar Straightening Machine GTD4-12 - HSY Construction Machinery","og_description":"Rebar Straightening Machine GTD4-12 handles 4\u201312mm bars with precision. Ideal for industrial projects and exports, with adjustable speed and voltage compatibility.","og_url":"https:\/\/www.hsymachinery.com\/da\/produkt\/maskine-til-udretning-af-armeringsjern-gtd4-12\/","og_site_name":"HSY Construction Machinery","article_modified_time":"2025-06-27T16:01:02+00:00","og_image":[{"width":600,"height":600,"url":"https:\/\/www.hsymachinery.com\/wp-content\/uploads\/2025\/06\/Rebar-Straightening-Machine-GTD4-12.jpg","type":"image\/jpeg"}],"twitter_card":"summary_large_image","twitter_misc":{"Estimeret l\u00e6setid":"2 minutter"},"schema":{"@context":"https:\/\/schema.org","@graph":[{"@type":"WebPage","@id":"https:\/\/www.hsymachinery.com\/product\/rebar-straightening-machine-gtd4-12\/","url":"https:\/\/www.hsymachinery.com\/product\/rebar-straightening-machine-gtd4-12\/","name":"Armeringsjernsrettere GTD4-12 - HSY Entrepren\u00f8rmaskiner","isPartOf":{"@id":"https:\/\/www.hsymachinery.com\/#website"},"primaryImageOfPage":{"@id":"https:\/\/www.hsymachinery.com\/product\/rebar-straightening-machine-gtd4-12\/#primaryimage"},"image":{"@id":"https:\/\/www.hsymachinery.com\/product\/rebar-straightening-machine-gtd4-12\/#primaryimage"},"thumbnailUrl":"https:\/\/www.hsymachinery.com\/wp-content\/uploads\/2025\/06\/Rebar-Straightening-Machine-GTD4-12.jpg","datePublished":"2025-06-18T06:14:06+00:00","dateModified":"2025-06-27T16:01:02+00:00","description":"Rebar Straightening Machine GTD4-12 h\u00e5ndterer 4-12 mm st\u00e6nger med pr\u00e6cision. Ideel til industrielle projekter og eksport, med justerbar hastighed og sp\u00e6ndingskompatibilitet.","breadcrumb":{"@id":"https:\/\/www.hsymachinery.com\/product\/rebar-straightening-machine-gtd4-12\/#breadcrumb"},"inLanguage":"da-DK","potentialAction":[{"@type":"ReadAction","target":["https:\/\/www.hsymachinery.com\/product\/rebar-straightening-machine-gtd4-12\/"]}]},{"@type":"ImageObject","inLanguage":"da-DK","@id":"https:\/\/www.hsymachinery.com\/product\/rebar-straightening-machine-gtd4-12\/#primaryimage","url":"https:\/\/www.hsymachinery.com\/wp-content\/uploads\/2025\/06\/Rebar-Straightening-Machine-GTD4-12.jpg","contentUrl":"https:\/\/www.hsymachinery.com\/wp-content\/uploads\/2025\/06\/Rebar-Straightening-Machine-GTD4-12.jpg","width":600,"height":600},{"@type":"BreadcrumbList","@id":"https:\/\/www.hsymachinery.com\/product\/rebar-straightening-machine-gtd4-12\/#breadcrumb","itemListElement":[{"@type":"ListItem","position":1,"name":"home","item":"https:\/\/www.hsymachinery.com\/"},{"@type":"ListItem","position":2,"name":"products","item":"https:\/\/www.hsymachinery.com\/products\/"},{"@type":"ListItem","position":3,"name":"Rebar Straightening Machine GTD4-12"}]},{"@type":"WebSite","@id":"https:\/\/www.hsymachinery.com\/#website","url":"https:\/\/www.hsymachinery.com\/","name":"HSY Entrepren\u00f8rmaskiner","description":"HSY Machinery - En f\u00f8rende leverand\u00f8r af entrepren\u00f8rmaskiner i Kina, der tilbyder en bred vifte af let entrepren\u00f8rmateriel. Vores vigtigste produkter omfatter armeringssk\u00e6remaskine, armeringsb\u00f8jlemaskine, armeringsb\u00f8jlemaskine, armeringsbue-b\u00f8jlemaskine, armeringsudretningsmaskine, femhovedet armeringsb\u00f8jlemaskine, stampestamper, pladekomprimator, betonsk\u00e6rer, murske og andre entrepren\u00f8rmaskiner. Vi er udstyret med avancerede CNC-maskiner, og vi h\u00e5ndh\u00e6ver strenge standarder for kvalitetskontrol sammen med omfattende eftersalgsservice. Hvis du er interesseret i vores produkter eller tjenester, hilser vi dine foresp\u00f8rgsler via besked varmt velkommen.","publisher":{"@id":"https:\/\/www.hsymachinery.com\/#organization"},"potentialAction":[{"@type":"SearchAction","target":{"@type":"EntryPoint","urlTemplate":"https:\/\/www.hsymachinery.com\/?s={search_term_string}"},"query-input":{"@type":"PropertyValueSpecification","valueRequired":true,"valueName":"search_term_string"}}],"inLanguage":"da-DK"},{"@type":"Organization","@id":"https:\/\/www.hsymachinery.com\/#organization","name":"HSY Entrepren\u00f8rmaskiner","url":"https:\/\/www.hsymachinery.com\/","logo":{"@type":"ImageObject","inLanguage":"da-DK","@id":"https:\/\/www.hsymachinery.com\/#\/schema\/logo\/image\/","url":"https:\/\/www.hsymachinery.com\/wp-content\/uploads\/2025\/06\/cropped-HSY-machinery.png","contentUrl":"https:\/\/www.hsymachinery.com\/wp-content\/uploads\/2025\/06\/cropped-HSY-machinery.png","width":600,"height":240,"caption":"HSY Construction Machinery"},"image":{"@id":"https:\/\/www.hsymachinery.com\/#\/schema\/logo\/image\/"}}]}},"_links":{"self":[{"href":"https:\/\/www.hsymachinery.com\/da\/wp-json\/wp\/v2\/product\/9010","targetHints":{"allow":["GET"]}}],"collection":[{"href":"https:\/\/www.hsymachinery.com\/da\/wp-json\/wp\/v2\/product"}],"about":[{"href":"https:\/\/www.hsymachinery.com\/da\/wp-json\/wp\/v2\/types\/product"}],"version-history":[{"count":3,"href":"https:\/\/www.hsymachinery.com\/da\/wp-json\/wp\/v2\/product\/9010\/revisions"}],"predecessor-version":[{"id":9430,"href":"https:\/\/www.hsymachinery.com\/da\/wp-json\/wp\/v2\/product\/9010\/revisions\/9430"}],"wp:featuredmedia":[{"embeddable":true,"href":"https:\/\/www.hsymachinery.com\/da\/wp-json\/wp\/v2\/media\/9011"}],"wp:attachment":[{"href":"https:\/\/www.hsymachinery.com\/da\/wp-json\/wp\/v2\/media?parent=9010"}],"wp:term":[{"taxonomy":"product_brand","embeddable":true,"href":"https:\/\/www.hsymachinery.com\/da\/wp-json\/wp\/v2\/product_brand?post=9010"},{"taxonomy":"product_cat","embeddable":true,"href":"https:\/\/www.hsymachinery.com\/da\/wp-json\/wp\/v2\/product_cat?post=9010"},{"taxonomy":"product_tag","embeddable":true,"href":"https:\/\/www.hsymachinery.com\/da\/wp-json\/wp\/v2\/product_tag?post=9010"}],"curies":[{"name":"wp","href":"https:\/\/api.w.org\/{rel}","templated":true}]}}