{"id":9004,"date":"2025-06-18T12:41:42","date_gmt":"2025-06-18T04:41:42","guid":{"rendered":"https:\/\/www.hsymachinery.com\/?post_type=product&#038;p=9004"},"modified":"2025-06-27T23:49:55","modified_gmt":"2025-06-27T15:49:55","slug":"maskine-til-udretning-af-armeringsjern-gtd4-10b","status":"publish","type":"product","link":"https:\/\/www.hsymachinery.com\/da\/produkt\/maskine-til-udretning-af-armeringsjern-gtd4-10b\/","title":{"rendered":"Rettemaskine til armeringsjern GTD4-10B"},"content":{"rendered":"<h2 data-start=\"107\" data-end=\"151\">Rettemaskine til armeringsjern GTD4-10B<\/h2>\n<h3 data-start=\"152\" data-end=\"270\">GTD4-10B St\u00e5lbj\u00e6lkeopretter til 4-10 mm armeringsjern | Kompakt spoleopretter til armeringsforarbejdning<\/h3>\n<h3 data-start=\"277\" data-end=\"355\">Produktoversigt - P\u00e5lidelig opretning af oprullet og deformeret armeringsjern<\/h3>\n<p data-start=\"357\" data-end=\"624\">Den <strong data-start=\"361\" data-end=\"401\"><a href=\"https:\/\/www.hsymachinery.com\/da\/produkter\/maskine-til-udretning-af-armeringsjern\/\" target=\"_blank\" rel=\"noopener\">Rettemaskine til armeringsjern<\/a> GTD4-10B<\/strong> er designet til effektivt at behandle <strong data-start=\"437\" data-end=\"463\">4 mm til 10 mm st\u00e5lst\u00e6nger<\/strong>Den leverer lige, ensartet materiale til bygge- og anl\u00e6gsarbejde. Den h\u00e5ndterer oprullede st\u00e5lst\u00e6nger og fjerner vridninger, b\u00f8jninger og hukommelse med pr\u00e6cision.<\/p>\n<p data-start=\"626\" data-end=\"782\">Denne model bruges i vid udstr\u00e6kning i v\u00e6rksteder, der bearbejder armeringsjern, p\u00e5 pr\u00e6fabrikerede fabrikker og i sm\u00e5 byggefirmaer, der \u00f8nsker at forbedre kvaliteten af armeringsjernet og reducere spild.<\/p>\n<h3 data-start=\"789\" data-end=\"838\">Stabil ydelse med pr\u00e6cis justering<\/h3>\n<p data-start=\"840\" data-end=\"1089\">Du kan nemt justere rullepositioneringen og sp\u00e6ndingsindstillingerne for at h\u00e5ndtere forskellige stangdiametre. Den kraftige drivmotor sikrer j\u00e6vn fremf\u00f8ring og opretning, mens rullesystemet holder vibrationerne lave og konsistensen h\u00f8j.<\/p>\n<p data-start=\"1091\" data-end=\"1255\">Med fremf\u00f8ringshastighedsregulatoren kan du tilpasse rettehastigheden til dine projektbehov, s\u00e5 du kan bearbejde flere st\u00e6nger p\u00e5 kortere tid uden at g\u00e5 p\u00e5 kompromis med kvaliteten.<\/p>\n<h3 data-start=\"1262\" data-end=\"1315\">Pladsbesparende design og global sp\u00e6ndingsunderst\u00f8ttelse<\/h3>\n<p data-start=\"1317\" data-end=\"1628\">GTD4-10B's kompakte krop passer fint ind i sn\u00e6vre arbejdsomr\u00e5der, samtidig med at den har en st\u00e6rk mekanisk ydeevne. Maskinen er bygget af industrist\u00e5l og har lang holdbarhed. Den underst\u00f8tter b\u00e5de 220V og 380V input ved 50\/60Hz, hvilket sikrer, at den fungerer problemfrit i forskellige internationale regioner.<\/p>\n<p data-start=\"1630\" data-end=\"1729\">Uanset om den bruges i en b\u00e6rbar ops\u00e6tning eller en fast produktionslinje, leverer den st\u00e6rke og pr\u00e6cise resultater.<\/p>\n<h3 data-start=\"1736\" data-end=\"1794\">N\u00f8glefunktioner i armeringsjernsretter GTD4-10B<\/h3>\n<ul data-start=\"1796\" data-end=\"2041\">\n<li data-start=\"1796\" data-end=\"1861\">\n<p data-start=\"1798\" data-end=\"1861\">Retter 4-10 mm armeringsjern fra coil med h\u00f8j effektivitet<\/p>\n<\/li>\n<li data-start=\"1862\" data-end=\"1929\">\n<p data-start=\"1864\" data-end=\"1929\">Designet til v\u00e6rksteder, pr\u00e6fabrikerede v\u00e6rfter og stedbaseret forarbejdning<\/p>\n<\/li>\n<li data-start=\"1930\" data-end=\"1984\">\n<p data-start=\"1932\" data-end=\"1984\">Justerbart fremf\u00f8ringssystem til pr\u00e6cisionsretning<\/p>\n<\/li>\n<li data-start=\"1985\" data-end=\"2041\">\n<p data-start=\"1987\" data-end=\"2041\">Kompakt, eksporterbar og str\u00f8mfleksibel konstruktion<\/p>\n<\/li>\n<\/ul>\n<p><iframe title=\"#construction #rebarbarmachine #rebarbending #rebarcutter #rebarcuttingmachine\" width=\"720\" height=\"405\" src=\"https:\/\/www.youtube.com\/embed\/YnqPtwSEoVw?feature=oembed\" frameborder=\"0\" allow=\"accelerometer; autoplay; clipboard-write; encrypted-media; gyroscope; picture-in-picture; web-share\" referrerpolicy=\"strict-origin-when-cross-origin\" allowfullscreen><\/iframe><\/p>","protected":false},"excerpt":{"rendered":"<p>GTD4-10B retter 4-10 mm st\u00e5lst\u00e6nger fra coil til lige l\u00e6ngder. Den er kompakt og nem at bruge og passer til fabrikker og global eksport.<\/p>","protected":false},"featured_media":9005,"template":"","meta":{"_kad_post_transparent":"default","_kad_post_title":"","_kad_post_layout":"default","_kad_post_sidebar_id":"","_kad_post_content_style":"default","_kad_post_vertical_padding":"default","_kad_post_feature":"","_kad_post_feature_position":"","_kad_post_header":false,"_kad_post_footer":false},"product_brand":[],"product_cat":[62],"product_tag":[1026,1028,1030,1031,1034,1027,1032,1025,1029,1033],"class_list":{"0":"post-9004","1":"product","2":"type-product","3":"status-publish","4":"has-post-thumbnail","6":"product_cat-rebar-straightening-machine","7":"product_tag-automatic-rebar-straightener","8":"product_tag-cnc-rebar-straightening-equipment","9":"product_tag-coiled-rebar-straightening-machine","10":"product_tag-construction-bar-straightening-machine","11":"product_tag-high-speed-rebar-straightening-tool","12":"product_tag-hydraulic-rebar-straightening-machine","13":"product_tag-rebar-leveling-and-cutting-machine","14":"product_tag-steel-bar-straightening-machine","15":"product_tag-steel-wire-straightener-and-cutter","16":"product_tag-straightening-machine-for-steel-rods","18":"first","19":"instock","20":"shipping-taxable","21":"product-type-simple","22":"entry","23":"content-bg","24":"loop-entry"},"yoast_head":"<!-- This site is optimized with the Yoast SEO plugin v25.3.1 - https:\/\/yoast.com\/wordpress\/plugins\/seo\/ -->\n<title>Rebar Straightening Machine GTD4-10B - HSY Construction Machinery<\/title>\n<meta name=\"description\" content=\"Rebar Straightening Machine GTD4-10B straightens 4\u201310mm steel bars efficiently. Compact design, durable build, and export-friendly voltage options.\" \/>\n<meta name=\"robots\" content=\"index, follow, max-snippet:-1, max-image-preview:large, max-video-preview:-1\" \/>\n<link rel=\"canonical\" href=\"https:\/\/www.hsymachinery.com\/da\/produkt\/maskine-til-udretning-af-armeringsjern-gtd4-10b\/\" \/>\n<meta property=\"og:locale\" content=\"da_DK\" \/>\n<meta property=\"og:type\" content=\"article\" \/>\n<meta property=\"og:title\" content=\"Rebar Straightening Machine GTD4-10B - HSY Construction Machinery\" \/>\n<meta property=\"og:description\" content=\"Rebar Straightening Machine GTD4-10B straightens 4\u201310mm steel bars efficiently. Compact design, durable build, and export-friendly voltage options.\" \/>\n<meta property=\"og:url\" content=\"https:\/\/www.hsymachinery.com\/da\/produkt\/maskine-til-udretning-af-armeringsjern-gtd4-10b\/\" \/>\n<meta property=\"og:site_name\" content=\"HSY Construction Machinery\" \/>\n<meta property=\"article:modified_time\" content=\"2025-06-27T15:49:55+00:00\" \/>\n<meta property=\"og:image\" content=\"https:\/\/www.hsymachinery.com\/wp-content\/uploads\/2025\/06\/Rebar-Straightening-Machine-GTD4-10B.jpg\" \/>\n\t<meta property=\"og:image:width\" content=\"600\" \/>\n\t<meta property=\"og:image:height\" content=\"600\" \/>\n\t<meta property=\"og:image:type\" content=\"image\/jpeg\" \/>\n<meta name=\"twitter:card\" content=\"summary_large_image\" \/>\n<meta name=\"twitter:label1\" content=\"Estimeret l\u00e6setid\" \/>\n\t<meta name=\"twitter:data1\" content=\"2 minutter\" \/>\n<script type=\"application\/ld+json\" class=\"yoast-schema-graph\">{\"@context\":\"https:\/\/schema.org\",\"@graph\":[{\"@type\":\"WebPage\",\"@id\":\"https:\/\/www.hsymachinery.com\/product\/rebar-straightening-machine-gtd4-10b\/\",\"url\":\"https:\/\/www.hsymachinery.com\/product\/rebar-straightening-machine-gtd4-10b\/\",\"name\":\"Rebar Straightening Machine GTD4-10B - HSY Construction Machinery\",\"isPartOf\":{\"@id\":\"https:\/\/www.hsymachinery.com\/#website\"},\"primaryImageOfPage\":{\"@id\":\"https:\/\/www.hsymachinery.com\/product\/rebar-straightening-machine-gtd4-10b\/#primaryimage\"},\"image\":{\"@id\":\"https:\/\/www.hsymachinery.com\/product\/rebar-straightening-machine-gtd4-10b\/#primaryimage\"},\"thumbnailUrl\":\"https:\/\/www.hsymachinery.com\/wp-content\/uploads\/2025\/06\/Rebar-Straightening-Machine-GTD4-10B.jpg\",\"datePublished\":\"2025-06-18T04:41:42+00:00\",\"dateModified\":\"2025-06-27T15:49:55+00:00\",\"description\":\"Rebar Straightening Machine GTD4-10B straightens 4\u201310mm steel bars efficiently. Compact design, durable build, and export-friendly voltage options.\",\"breadcrumb\":{\"@id\":\"https:\/\/www.hsymachinery.com\/product\/rebar-straightening-machine-gtd4-10b\/#breadcrumb\"},\"inLanguage\":\"da-DK\",\"potentialAction\":[{\"@type\":\"ReadAction\",\"target\":[\"https:\/\/www.hsymachinery.com\/product\/rebar-straightening-machine-gtd4-10b\/\"]}]},{\"@type\":\"ImageObject\",\"inLanguage\":\"da-DK\",\"@id\":\"https:\/\/www.hsymachinery.com\/product\/rebar-straightening-machine-gtd4-10b\/#primaryimage\",\"url\":\"https:\/\/www.hsymachinery.com\/wp-content\/uploads\/2025\/06\/Rebar-Straightening-Machine-GTD4-10B.jpg\",\"contentUrl\":\"https:\/\/www.hsymachinery.com\/wp-content\/uploads\/2025\/06\/Rebar-Straightening-Machine-GTD4-10B.jpg\",\"width\":600,\"height\":600},{\"@type\":\"BreadcrumbList\",\"@id\":\"https:\/\/www.hsymachinery.com\/product\/rebar-straightening-machine-gtd4-10b\/#breadcrumb\",\"itemListElement\":[{\"@type\":\"ListItem\",\"position\":1,\"name\":\"home\",\"item\":\"https:\/\/www.hsymachinery.com\/\"},{\"@type\":\"ListItem\",\"position\":2,\"name\":\"products\",\"item\":\"https:\/\/www.hsymachinery.com\/products\/\"},{\"@type\":\"ListItem\",\"position\":3,\"name\":\"Rebar Straightening Machine GTD4-10B\"}]},{\"@type\":\"WebSite\",\"@id\":\"https:\/\/www.hsymachinery.com\/#website\",\"url\":\"https:\/\/www.hsymachinery.com\/\",\"name\":\"HSY Construction Machinery\",\"description\":\"HSY Machinery \u2013 A leading China construction machinery supplier, offering a wide range of light construction equipment. Our main products include Rebar Cutting Machine, Rebar Bending Machine, Rebar Stirrup Bending Machine, Rebar Arc Bending Machine, Rebar Straightening Machine, Five-Head Rebar Stirrup Bending Machine, Tamping Rammer, Plate Compactor, Concrete Cutter, Power Trowel, and other construction machinery. We are equipped with advanced CNC machines, and we enforce strict quality inspection standards along with comprehensive after-sales service. If you are interested in our products or services, we warmly welcome your inquiries via message.\",\"publisher\":{\"@id\":\"https:\/\/www.hsymachinery.com\/#organization\"},\"potentialAction\":[{\"@type\":\"SearchAction\",\"target\":{\"@type\":\"EntryPoint\",\"urlTemplate\":\"https:\/\/www.hsymachinery.com\/?s={search_term_string}\"},\"query-input\":{\"@type\":\"PropertyValueSpecification\",\"valueRequired\":true,\"valueName\":\"search_term_string\"}}],\"inLanguage\":\"da-DK\"},{\"@type\":\"Organization\",\"@id\":\"https:\/\/www.hsymachinery.com\/#organization\",\"name\":\"HSY Construction Machinery\",\"url\":\"https:\/\/www.hsymachinery.com\/\",\"logo\":{\"@type\":\"ImageObject\",\"inLanguage\":\"da-DK\",\"@id\":\"https:\/\/www.hsymachinery.com\/#\/schema\/logo\/image\/\",\"url\":\"https:\/\/www.hsymachinery.com\/wp-content\/uploads\/2025\/06\/cropped-HSY-machinery.png\",\"contentUrl\":\"https:\/\/www.hsymachinery.com\/wp-content\/uploads\/2025\/06\/cropped-HSY-machinery.png\",\"width\":600,\"height\":240,\"caption\":\"HSY Construction Machinery\"},\"image\":{\"@id\":\"https:\/\/www.hsymachinery.com\/#\/schema\/logo\/image\/\"}}]}<\/script>\n<!-- \/ Yoast SEO plugin. -->","yoast_head_json":{"title":"Retningsmaskine til armeringsjern GTD4-10B - HSY Construction Machinery","description":"Rebar Straightening Machine GTD4-10B retter 4-10 mm st\u00e5lst\u00e6nger effektivt. Kompakt design, holdbar konstruktion og eksportvenlige sp\u00e6ndingsmuligheder.","robots":{"index":"index","follow":"follow","max-snippet":"max-snippet:-1","max-image-preview":"max-image-preview:large","max-video-preview":"max-video-preview:-1"},"canonical":"https:\/\/www.hsymachinery.com\/da\/produkt\/maskine-til-udretning-af-armeringsjern-gtd4-10b\/","og_locale":"da_DK","og_type":"article","og_title":"Rebar Straightening Machine GTD4-10B - HSY Construction Machinery","og_description":"Rebar Straightening Machine GTD4-10B straightens 4\u201310mm steel bars efficiently. Compact design, durable build, and export-friendly voltage options.","og_url":"https:\/\/www.hsymachinery.com\/da\/produkt\/maskine-til-udretning-af-armeringsjern-gtd4-10b\/","og_site_name":"HSY Construction Machinery","article_modified_time":"2025-06-27T15:49:55+00:00","og_image":[{"width":600,"height":600,"url":"https:\/\/www.hsymachinery.com\/wp-content\/uploads\/2025\/06\/Rebar-Straightening-Machine-GTD4-10B.jpg","type":"image\/jpeg"}],"twitter_card":"summary_large_image","twitter_misc":{"Estimeret l\u00e6setid":"2 minutter"},"schema":{"@context":"https:\/\/schema.org","@graph":[{"@type":"WebPage","@id":"https:\/\/www.hsymachinery.com\/product\/rebar-straightening-machine-gtd4-10b\/","url":"https:\/\/www.hsymachinery.com\/product\/rebar-straightening-machine-gtd4-10b\/","name":"Retningsmaskine til armeringsjern GTD4-10B - HSY Construction Machinery","isPartOf":{"@id":"https:\/\/www.hsymachinery.com\/#website"},"primaryImageOfPage":{"@id":"https:\/\/www.hsymachinery.com\/product\/rebar-straightening-machine-gtd4-10b\/#primaryimage"},"image":{"@id":"https:\/\/www.hsymachinery.com\/product\/rebar-straightening-machine-gtd4-10b\/#primaryimage"},"thumbnailUrl":"https:\/\/www.hsymachinery.com\/wp-content\/uploads\/2025\/06\/Rebar-Straightening-Machine-GTD4-10B.jpg","datePublished":"2025-06-18T04:41:42+00:00","dateModified":"2025-06-27T15:49:55+00:00","description":"Rebar Straightening Machine GTD4-10B retter 4-10 mm st\u00e5lst\u00e6nger effektivt. Kompakt design, holdbar konstruktion og eksportvenlige sp\u00e6ndingsmuligheder.","breadcrumb":{"@id":"https:\/\/www.hsymachinery.com\/product\/rebar-straightening-machine-gtd4-10b\/#breadcrumb"},"inLanguage":"da-DK","potentialAction":[{"@type":"ReadAction","target":["https:\/\/www.hsymachinery.com\/product\/rebar-straightening-machine-gtd4-10b\/"]}]},{"@type":"ImageObject","inLanguage":"da-DK","@id":"https:\/\/www.hsymachinery.com\/product\/rebar-straightening-machine-gtd4-10b\/#primaryimage","url":"https:\/\/www.hsymachinery.com\/wp-content\/uploads\/2025\/06\/Rebar-Straightening-Machine-GTD4-10B.jpg","contentUrl":"https:\/\/www.hsymachinery.com\/wp-content\/uploads\/2025\/06\/Rebar-Straightening-Machine-GTD4-10B.jpg","width":600,"height":600},{"@type":"BreadcrumbList","@id":"https:\/\/www.hsymachinery.com\/product\/rebar-straightening-machine-gtd4-10b\/#breadcrumb","itemListElement":[{"@type":"ListItem","position":1,"name":"home","item":"https:\/\/www.hsymachinery.com\/"},{"@type":"ListItem","position":2,"name":"products","item":"https:\/\/www.hsymachinery.com\/products\/"},{"@type":"ListItem","position":3,"name":"Rebar Straightening Machine GTD4-10B"}]},{"@type":"WebSite","@id":"https:\/\/www.hsymachinery.com\/#website","url":"https:\/\/www.hsymachinery.com\/","name":"HSY Entrepren\u00f8rmaskiner","description":"HSY Machinery - En f\u00f8rende leverand\u00f8r af entrepren\u00f8rmaskiner i Kina, der tilbyder en bred vifte af let entrepren\u00f8rmateriel. Vores vigtigste produkter omfatter armeringssk\u00e6remaskine, armeringsb\u00f8jlemaskine, armeringsb\u00f8jlemaskine, armeringsbue-b\u00f8jlemaskine, armeringsudretningsmaskine, femhovedet armeringsb\u00f8jlemaskine, stampestamper, pladekomprimator, betonsk\u00e6rer, murske og andre entrepren\u00f8rmaskiner. Vi er udstyret med avancerede CNC-maskiner, og vi h\u00e5ndh\u00e6ver strenge standarder for kvalitetskontrol sammen med omfattende eftersalgsservice. Hvis du er interesseret i vores produkter eller tjenester, hilser vi dine foresp\u00f8rgsler via besked varmt velkommen.","publisher":{"@id":"https:\/\/www.hsymachinery.com\/#organization"},"potentialAction":[{"@type":"SearchAction","target":{"@type":"EntryPoint","urlTemplate":"https:\/\/www.hsymachinery.com\/?s={search_term_string}"},"query-input":{"@type":"PropertyValueSpecification","valueRequired":true,"valueName":"search_term_string"}}],"inLanguage":"da-DK"},{"@type":"Organization","@id":"https:\/\/www.hsymachinery.com\/#organization","name":"HSY Entrepren\u00f8rmaskiner","url":"https:\/\/www.hsymachinery.com\/","logo":{"@type":"ImageObject","inLanguage":"da-DK","@id":"https:\/\/www.hsymachinery.com\/#\/schema\/logo\/image\/","url":"https:\/\/www.hsymachinery.com\/wp-content\/uploads\/2025\/06\/cropped-HSY-machinery.png","contentUrl":"https:\/\/www.hsymachinery.com\/wp-content\/uploads\/2025\/06\/cropped-HSY-machinery.png","width":600,"height":240,"caption":"HSY Construction Machinery"},"image":{"@id":"https:\/\/www.hsymachinery.com\/#\/schema\/logo\/image\/"}}]}},"_links":{"self":[{"href":"https:\/\/www.hsymachinery.com\/da\/wp-json\/wp\/v2\/product\/9004","targetHints":{"allow":["GET"]}}],"collection":[{"href":"https:\/\/www.hsymachinery.com\/da\/wp-json\/wp\/v2\/product"}],"about":[{"href":"https:\/\/www.hsymachinery.com\/da\/wp-json\/wp\/v2\/types\/product"}],"version-history":[{"count":3,"href":"https:\/\/www.hsymachinery.com\/da\/wp-json\/wp\/v2\/product\/9004\/revisions"}],"predecessor-version":[{"id":9426,"href":"https:\/\/www.hsymachinery.com\/da\/wp-json\/wp\/v2\/product\/9004\/revisions\/9426"}],"wp:featuredmedia":[{"embeddable":true,"href":"https:\/\/www.hsymachinery.com\/da\/wp-json\/wp\/v2\/media\/9005"}],"wp:attachment":[{"href":"https:\/\/www.hsymachinery.com\/da\/wp-json\/wp\/v2\/media?parent=9004"}],"wp:term":[{"taxonomy":"product_brand","embeddable":true,"href":"https:\/\/www.hsymachinery.com\/da\/wp-json\/wp\/v2\/product_brand?post=9004"},{"taxonomy":"product_cat","embeddable":true,"href":"https:\/\/www.hsymachinery.com\/da\/wp-json\/wp\/v2\/product_cat?post=9004"},{"taxonomy":"product_tag","embeddable":true,"href":"https:\/\/www.hsymachinery.com\/da\/wp-json\/wp\/v2\/product_tag?post=9004"}],"curies":[{"name":"wp","href":"https:\/\/api.w.org\/{rel}","templated":true}]}}