{"id":8939,"date":"2025-06-18T11:56:04","date_gmt":"2025-06-18T03:56:04","guid":{"rendered":"https:\/\/www.hsymachinery.com\/?post_type=product&#038;p=8939"},"modified":"2025-06-25T23:05:29","modified_gmt":"2025-06-25T15:05:29","slug":"armeringsjernsbukker-gw40","status":"publish","type":"product","link":"https:\/\/www.hsymachinery.com\/da\/produkt\/armeringsjernsbukker-gw40\/","title":{"rendered":"Rebar Bending Machine GW40"},"content":{"rendered":"<h3 data-start=\"323\" data-end=\"410\">Kompakt armeringsjernsbukker til 6-32 mm st\u00e6nger | Bygningsst\u00e5lbukker<\/h3>\n<h3 data-start=\"417\" data-end=\"491\">Produktoversigt - B\u00e6rbart st\u00e5lbukkeudstyr til brug p\u00e5 stedet<\/h3>\n<p data-start=\"493\" data-end=\"869\">Den <strong data-start=\"497\" data-end=\"527\">Rebar Bending Machine GW40<\/strong> er en kompakt, holdbar og meget effektiv <strong data-start=\"572\" data-end=\"596\">l\u00f8sning til b\u00f8jning af st\u00e6nger<\/strong> designet til forarbejdning <strong data-start=\"621\" data-end=\"636\">6 mm til 32 mm<\/strong> st\u00e5lst\u00e6nger. Uanset om du arbejder p\u00e5 sm\u00e5 boligomr\u00e5der eller mellemstore byggeprojekter, leverer denne maskine rene, pr\u00e6cise b\u00f8jninger hver gang. Den er perfekt til fundamenter, s\u00f8jler, bj\u00e6lker og generelt armeringsarbejde.<\/p>\n<p data-start=\"871\" data-end=\"1062\">Takket v\u00e6re den lette ramme og den nemme betjening kan medarbejderne flytte og betjene <strong data-start=\"956\" data-end=\"975\">GW40 stangbukker<\/strong> med minimal tr\u00e6ning. Resultatet er, at produktiviteten \u00f8ges, og arbejdsindsatsen mindskes.<\/p>\n<h3 data-start=\"1069\" data-end=\"1128\">\u00a0Pr\u00e6cis vinkelkontrol og j\u00e6vn bukkeydelse<\/h3>\n<p data-start=\"1130\" data-end=\"1439\">Den <strong data-start=\"1134\" data-end=\"1164\">Rebar Bending Machine GW40<\/strong> bruger en h\u00e6rdet bukkeskive med justerbare stopstifter til at styre bukkevinklen. Operat\u00f8rerne kan hurtigt skifte mellem forskellige vinkler - typisk op til 180\u00b0 - med stor ensartethed. Denne funktion g\u00f8r maskinen velegnet til b\u00e5de standardb\u00f8jninger og brugerdefinerede armeringsjernsformer.<\/p>\n<p data-start=\"1441\" data-end=\"1648\">Maskinen k\u00f8rer p\u00e5 en kraftig <strong data-start=\"1472\" data-end=\"1493\">Motor med kobbertr\u00e5d<\/strong> der sikrer et stabilt drejningsmoment. Desuden reducerer den lukkede, smurte gearkasse mekanisk slitage og forl\u00e6nger levetiden for de indvendige komponenter.<\/p>\n<h3 data-start=\"1655\" data-end=\"1704\">Holdbar struktur og global kompatibilitet<\/h3>\n<p data-start=\"1706\" data-end=\"1978\">Den <strong data-start=\"1710\" data-end=\"1740\">GW40 b\u00f8jemaskine til armeringsjern<\/strong> har et forst\u00e6rket st\u00f8bejernshus, der er designet til at modst\u00e5 st\u00f8d og deformation. Solide hjul g\u00f8r den lettere at transportere, og valgfri fod- eller h\u00e5ndbetjening \u00f8ger driftssikkerheden. Maskinens kompakte st\u00f8rrelse er ideel til steder med begr\u00e6nset plads.<\/p>\n<p data-start=\"1980\" data-end=\"2197\">Desuden underst\u00f8tter den <strong data-start=\"2005\" data-end=\"2052\">Brugerdefineret sp\u00e6ndingsindgang (220V\/380V, 50Hz\/60Hz)<\/strong> for problemfri international anvendelse. Dens robuste design og fleksible funktioner g\u00f8r den til et fremragende valg for byggefirmaer i hele verden.<\/p>\n<h3 data-start=\"2204\" data-end=\"2252\">Hvorfor v\u00e6lge GW40 Rebar Bending Machine?<\/h3>\n<ul data-start=\"2254\" data-end=\"2436\">\n<li data-start=\"2254\" data-end=\"2292\">\n<p data-start=\"2256\" data-end=\"2292\">B\u00f8jer n\u00f8jagtigt 6-32 mm st\u00e5lst\u00e6nger<\/p>\n<\/li>\n<li data-start=\"2293\" data-end=\"2344\">\n<p data-start=\"2295\" data-end=\"2344\">B\u00e6rbar og nem at betjene p\u00e5 trange byggepladser<\/p>\n<\/li>\n<li data-start=\"2345\" data-end=\"2387\">\n<p data-start=\"2347\" data-end=\"2387\">Holdbar gearkasse og langtidsholdbar motor<\/p>\n<\/li>\n<li data-start=\"2388\" data-end=\"2436\">\n<p data-start=\"2390\" data-end=\"2436\">Ideel til eksport og globalt byggeri<\/p>\n<\/li>\n<\/ul>\n<p><iframe title=\"#bygningsarbejde #bygningsarbejde #rejernsmaskine #rejernsbukker #rejernsbukker\" width=\"720\" height=\"405\" src=\"https:\/\/www.youtube.com\/embed\/GX-U7SGMcVc?feature=oembed\" frameborder=\"0\" allow=\"accelerometer; autoplay; clipboard-write; encrypted-media; gyroscope; picture-in-picture; web-share\" referrerpolicy=\"strict-origin-when-cross-origin\" allowfullscreen><\/iframe><\/p>","protected":false},"excerpt":{"rendered":"<p>GW40 Rebar Bending Machine b\u00f8jer 6-32 mm st\u00e6nger med n\u00f8jagtighed og kontrol. Dens kompakte st\u00f8rrelse og nemme betjening g\u00f8r den ideel til almindelige byggepladser.<\/p>","protected":false},"featured_media":8941,"template":"","meta":{"_kad_post_transparent":"default","_kad_post_title":"","_kad_post_layout":"default","_kad_post_sidebar_id":"","_kad_post_content_style":"default","_kad_post_vertical_padding":"default","_kad_post_feature":"","_kad_post_feature_position":"","_kad_post_header":false,"_kad_post_footer":false},"product_brand":[],"product_cat":[28],"product_tag":[998,1004,996,1003,997,1000,1001,999,995,1002],"class_list":{"0":"post-8939","1":"product","2":"type-product","3":"status-publish","4":"has-post-thumbnail","6":"product_cat-rebar-bending-machine","7":"product_tag-automatic-rebar-bending-machine","8":"product_tag-bar-bending-machine-price","9":"product_tag-cnc-rebar-bending-machine","10":"product_tag-construction-rebar-bender","11":"product_tag-electric-rebar-bender","12":"product_tag-electric-rebar-bending-machine","13":"product_tag-hydraulic-rebar-bending-machine","14":"product_tag-portable-rebar-bender","15":"product_tag-rebar-bender","16":"product_tag-steel-bar-bender","18":"first","19":"instock","20":"featured","21":"shipping-taxable","22":"product-type-simple","23":"entry","24":"content-bg","25":"loop-entry"},"yoast_head":"<!-- This site is optimized with the Yoast SEO plugin v25.3.1 - https:\/\/yoast.com\/wordpress\/plugins\/seo\/ -->\n<title>Rebar Bending Machine GW40 - HSY Construction Machinery<\/title>\n<meta name=\"description\" content=\"Rebar Bending Machine GW40 bends 6\u201332mm steel bars with high accuracy. Compact, portable, and suitable for export to construction markets worldwide.\" \/>\n<meta name=\"robots\" content=\"index, follow, max-snippet:-1, max-image-preview:large, max-video-preview:-1\" \/>\n<link rel=\"canonical\" href=\"https:\/\/www.hsymachinery.com\/da\/produkt\/armeringsjernsbukker-gw40\/\" \/>\n<meta property=\"og:locale\" content=\"da_DK\" \/>\n<meta property=\"og:type\" content=\"article\" \/>\n<meta property=\"og:title\" content=\"Rebar Bending Machine GW40 - HSY Construction Machinery\" \/>\n<meta property=\"og:description\" content=\"Rebar Bending Machine GW40 bends 6\u201332mm steel bars with high accuracy. Compact, portable, and suitable for export to construction markets worldwide.\" \/>\n<meta property=\"og:url\" content=\"https:\/\/www.hsymachinery.com\/da\/produkt\/armeringsjernsbukker-gw40\/\" \/>\n<meta property=\"og:site_name\" content=\"HSY Construction Machinery\" \/>\n<meta property=\"article:modified_time\" content=\"2025-06-25T15:05:29+00:00\" \/>\n<meta property=\"og:image\" content=\"https:\/\/www.hsymachinery.com\/wp-content\/uploads\/2025\/06\/Rebar-Bending-Machine-GW40.jpg\" \/>\n\t<meta property=\"og:image:width\" content=\"600\" \/>\n\t<meta property=\"og:image:height\" content=\"600\" \/>\n\t<meta property=\"og:image:type\" content=\"image\/jpeg\" \/>\n<meta name=\"twitter:card\" content=\"summary_large_image\" \/>\n<meta name=\"twitter:label1\" content=\"Estimeret l\u00e6setid\" \/>\n\t<meta name=\"twitter:data1\" content=\"2 minutter\" \/>\n<script type=\"application\/ld+json\" class=\"yoast-schema-graph\">{\"@context\":\"https:\/\/schema.org\",\"@graph\":[{\"@type\":\"WebPage\",\"@id\":\"https:\/\/www.hsymachinery.com\/product\/rebar-bending-machine-gw40\/\",\"url\":\"https:\/\/www.hsymachinery.com\/product\/rebar-bending-machine-gw40\/\",\"name\":\"Rebar Bending Machine GW40 - HSY Construction Machinery\",\"isPartOf\":{\"@id\":\"https:\/\/www.hsymachinery.com\/#website\"},\"primaryImageOfPage\":{\"@id\":\"https:\/\/www.hsymachinery.com\/product\/rebar-bending-machine-gw40\/#primaryimage\"},\"image\":{\"@id\":\"https:\/\/www.hsymachinery.com\/product\/rebar-bending-machine-gw40\/#primaryimage\"},\"thumbnailUrl\":\"https:\/\/www.hsymachinery.com\/wp-content\/uploads\/2025\/06\/Rebar-Bending-Machine-GW40.jpg\",\"datePublished\":\"2025-06-18T03:56:04+00:00\",\"dateModified\":\"2025-06-25T15:05:29+00:00\",\"description\":\"Rebar Bending Machine GW40 bends 6\u201332mm steel bars with high accuracy. Compact, portable, and suitable for export to construction markets worldwide.\",\"breadcrumb\":{\"@id\":\"https:\/\/www.hsymachinery.com\/product\/rebar-bending-machine-gw40\/#breadcrumb\"},\"inLanguage\":\"da-DK\",\"potentialAction\":[{\"@type\":\"ReadAction\",\"target\":[\"https:\/\/www.hsymachinery.com\/product\/rebar-bending-machine-gw40\/\"]}]},{\"@type\":\"ImageObject\",\"inLanguage\":\"da-DK\",\"@id\":\"https:\/\/www.hsymachinery.com\/product\/rebar-bending-machine-gw40\/#primaryimage\",\"url\":\"https:\/\/www.hsymachinery.com\/wp-content\/uploads\/2025\/06\/Rebar-Bending-Machine-GW40.jpg\",\"contentUrl\":\"https:\/\/www.hsymachinery.com\/wp-content\/uploads\/2025\/06\/Rebar-Bending-Machine-GW40.jpg\",\"width\":600,\"height\":600},{\"@type\":\"BreadcrumbList\",\"@id\":\"https:\/\/www.hsymachinery.com\/product\/rebar-bending-machine-gw40\/#breadcrumb\",\"itemListElement\":[{\"@type\":\"ListItem\",\"position\":1,\"name\":\"home\",\"item\":\"https:\/\/www.hsymachinery.com\/\"},{\"@type\":\"ListItem\",\"position\":2,\"name\":\"products\",\"item\":\"https:\/\/www.hsymachinery.com\/products\/\"},{\"@type\":\"ListItem\",\"position\":3,\"name\":\"Rebar Bending Machine GW40\"}]},{\"@type\":\"WebSite\",\"@id\":\"https:\/\/www.hsymachinery.com\/#website\",\"url\":\"https:\/\/www.hsymachinery.com\/\",\"name\":\"HSY Construction Machinery\",\"description\":\"HSY Machinery \u2013 A leading China construction machinery supplier, offering a wide range of light construction equipment. Our main products include Rebar Cutting Machine, Rebar Bending Machine, Rebar Stirrup Bending Machine, Rebar Arc Bending Machine, Rebar Straightening Machine, Five-Head Rebar Stirrup Bending Machine, Tamping Rammer, Plate Compactor, Concrete Cutter, Power Trowel, and other construction machinery. We are equipped with advanced CNC machines, and we enforce strict quality inspection standards along with comprehensive after-sales service. If you are interested in our products or services, we warmly welcome your inquiries via message.\",\"publisher\":{\"@id\":\"https:\/\/www.hsymachinery.com\/#organization\"},\"potentialAction\":[{\"@type\":\"SearchAction\",\"target\":{\"@type\":\"EntryPoint\",\"urlTemplate\":\"https:\/\/www.hsymachinery.com\/?s={search_term_string}\"},\"query-input\":{\"@type\":\"PropertyValueSpecification\",\"valueRequired\":true,\"valueName\":\"search_term_string\"}}],\"inLanguage\":\"da-DK\"},{\"@type\":\"Organization\",\"@id\":\"https:\/\/www.hsymachinery.com\/#organization\",\"name\":\"HSY Construction Machinery\",\"url\":\"https:\/\/www.hsymachinery.com\/\",\"logo\":{\"@type\":\"ImageObject\",\"inLanguage\":\"da-DK\",\"@id\":\"https:\/\/www.hsymachinery.com\/#\/schema\/logo\/image\/\",\"url\":\"https:\/\/www.hsymachinery.com\/wp-content\/uploads\/2025\/06\/cropped-HSY-machinery.png\",\"contentUrl\":\"https:\/\/www.hsymachinery.com\/wp-content\/uploads\/2025\/06\/cropped-HSY-machinery.png\",\"width\":600,\"height\":240,\"caption\":\"HSY Construction Machinery\"},\"image\":{\"@id\":\"https:\/\/www.hsymachinery.com\/#\/schema\/logo\/image\/\"}}]}<\/script>\n<!-- \/ Yoast SEO plugin. -->","yoast_head_json":{"title":"Armeringsb\u00f8jningsmaskine GW40 - HSY Construction Machinery","description":"Rebar Bending Machine GW40 b\u00f8jer 6-32 mm st\u00e5lst\u00e6nger med stor n\u00f8jagtighed. Kompakt, b\u00e6rbar og velegnet til eksport til byggemarkeder i hele verden.","robots":{"index":"index","follow":"follow","max-snippet":"max-snippet:-1","max-image-preview":"max-image-preview:large","max-video-preview":"max-video-preview:-1"},"canonical":"https:\/\/www.hsymachinery.com\/da\/produkt\/armeringsjernsbukker-gw40\/","og_locale":"da_DK","og_type":"article","og_title":"Rebar Bending Machine GW40 - HSY Construction Machinery","og_description":"Rebar Bending Machine GW40 bends 6\u201332mm steel bars with high accuracy. Compact, portable, and suitable for export to construction markets worldwide.","og_url":"https:\/\/www.hsymachinery.com\/da\/produkt\/armeringsjernsbukker-gw40\/","og_site_name":"HSY Construction Machinery","article_modified_time":"2025-06-25T15:05:29+00:00","og_image":[{"width":600,"height":600,"url":"https:\/\/www.hsymachinery.com\/wp-content\/uploads\/2025\/06\/Rebar-Bending-Machine-GW40.jpg","type":"image\/jpeg"}],"twitter_card":"summary_large_image","twitter_misc":{"Estimeret l\u00e6setid":"2 minutter"},"schema":{"@context":"https:\/\/schema.org","@graph":[{"@type":"WebPage","@id":"https:\/\/www.hsymachinery.com\/product\/rebar-bending-machine-gw40\/","url":"https:\/\/www.hsymachinery.com\/product\/rebar-bending-machine-gw40\/","name":"Armeringsb\u00f8jningsmaskine GW40 - HSY Construction Machinery","isPartOf":{"@id":"https:\/\/www.hsymachinery.com\/#website"},"primaryImageOfPage":{"@id":"https:\/\/www.hsymachinery.com\/product\/rebar-bending-machine-gw40\/#primaryimage"},"image":{"@id":"https:\/\/www.hsymachinery.com\/product\/rebar-bending-machine-gw40\/#primaryimage"},"thumbnailUrl":"https:\/\/www.hsymachinery.com\/wp-content\/uploads\/2025\/06\/Rebar-Bending-Machine-GW40.jpg","datePublished":"2025-06-18T03:56:04+00:00","dateModified":"2025-06-25T15:05:29+00:00","description":"Rebar Bending Machine GW40 b\u00f8jer 6-32 mm st\u00e5lst\u00e6nger med stor n\u00f8jagtighed. Kompakt, b\u00e6rbar og velegnet til eksport til byggemarkeder i hele verden.","breadcrumb":{"@id":"https:\/\/www.hsymachinery.com\/product\/rebar-bending-machine-gw40\/#breadcrumb"},"inLanguage":"da-DK","potentialAction":[{"@type":"ReadAction","target":["https:\/\/www.hsymachinery.com\/product\/rebar-bending-machine-gw40\/"]}]},{"@type":"ImageObject","inLanguage":"da-DK","@id":"https:\/\/www.hsymachinery.com\/product\/rebar-bending-machine-gw40\/#primaryimage","url":"https:\/\/www.hsymachinery.com\/wp-content\/uploads\/2025\/06\/Rebar-Bending-Machine-GW40.jpg","contentUrl":"https:\/\/www.hsymachinery.com\/wp-content\/uploads\/2025\/06\/Rebar-Bending-Machine-GW40.jpg","width":600,"height":600},{"@type":"BreadcrumbList","@id":"https:\/\/www.hsymachinery.com\/product\/rebar-bending-machine-gw40\/#breadcrumb","itemListElement":[{"@type":"ListItem","position":1,"name":"home","item":"https:\/\/www.hsymachinery.com\/"},{"@type":"ListItem","position":2,"name":"products","item":"https:\/\/www.hsymachinery.com\/products\/"},{"@type":"ListItem","position":3,"name":"Rebar Bending Machine GW40"}]},{"@type":"WebSite","@id":"https:\/\/www.hsymachinery.com\/#website","url":"https:\/\/www.hsymachinery.com\/","name":"HSY Entrepren\u00f8rmaskiner","description":"HSY Machinery - En f\u00f8rende leverand\u00f8r af entrepren\u00f8rmaskiner i Kina, der tilbyder en bred vifte af let entrepren\u00f8rmateriel. Vores vigtigste produkter omfatter armeringssk\u00e6remaskine, armeringsb\u00f8jlemaskine, armeringsb\u00f8jlemaskine, armeringsbue-b\u00f8jlemaskine, armeringsudretningsmaskine, femhovedet armeringsb\u00f8jlemaskine, stampestamper, pladekomprimator, betonsk\u00e6rer, murske og andre entrepren\u00f8rmaskiner. Vi er udstyret med avancerede CNC-maskiner, og vi h\u00e5ndh\u00e6ver strenge standarder for kvalitetskontrol sammen med omfattende eftersalgsservice. Hvis du er interesseret i vores produkter eller tjenester, hilser vi dine foresp\u00f8rgsler via besked varmt velkommen.","publisher":{"@id":"https:\/\/www.hsymachinery.com\/#organization"},"potentialAction":[{"@type":"SearchAction","target":{"@type":"EntryPoint","urlTemplate":"https:\/\/www.hsymachinery.com\/?s={search_term_string}"},"query-input":{"@type":"PropertyValueSpecification","valueRequired":true,"valueName":"search_term_string"}}],"inLanguage":"da-DK"},{"@type":"Organization","@id":"https:\/\/www.hsymachinery.com\/#organization","name":"HSY Entrepren\u00f8rmaskiner","url":"https:\/\/www.hsymachinery.com\/","logo":{"@type":"ImageObject","inLanguage":"da-DK","@id":"https:\/\/www.hsymachinery.com\/#\/schema\/logo\/image\/","url":"https:\/\/www.hsymachinery.com\/wp-content\/uploads\/2025\/06\/cropped-HSY-machinery.png","contentUrl":"https:\/\/www.hsymachinery.com\/wp-content\/uploads\/2025\/06\/cropped-HSY-machinery.png","width":600,"height":240,"caption":"HSY Construction Machinery"},"image":{"@id":"https:\/\/www.hsymachinery.com\/#\/schema\/logo\/image\/"}}]}},"_links":{"self":[{"href":"https:\/\/www.hsymachinery.com\/da\/wp-json\/wp\/v2\/product\/8939","targetHints":{"allow":["GET"]}}],"collection":[{"href":"https:\/\/www.hsymachinery.com\/da\/wp-json\/wp\/v2\/product"}],"about":[{"href":"https:\/\/www.hsymachinery.com\/da\/wp-json\/wp\/v2\/types\/product"}],"version-history":[{"count":3,"href":"https:\/\/www.hsymachinery.com\/da\/wp-json\/wp\/v2\/product\/8939\/revisions"}],"predecessor-version":[{"id":9350,"href":"https:\/\/www.hsymachinery.com\/da\/wp-json\/wp\/v2\/product\/8939\/revisions\/9350"}],"wp:featuredmedia":[{"embeddable":true,"href":"https:\/\/www.hsymachinery.com\/da\/wp-json\/wp\/v2\/media\/8941"}],"wp:attachment":[{"href":"https:\/\/www.hsymachinery.com\/da\/wp-json\/wp\/v2\/media?parent=8939"}],"wp:term":[{"taxonomy":"product_brand","embeddable":true,"href":"https:\/\/www.hsymachinery.com\/da\/wp-json\/wp\/v2\/product_brand?post=8939"},{"taxonomy":"product_cat","embeddable":true,"href":"https:\/\/www.hsymachinery.com\/da\/wp-json\/wp\/v2\/product_cat?post=8939"},{"taxonomy":"product_tag","embeddable":true,"href":"https:\/\/www.hsymachinery.com\/da\/wp-json\/wp\/v2\/product_tag?post=8939"}],"curies":[{"name":"wp","href":"https:\/\/api.w.org\/{rel}","templated":true}]}}