{"id":8933,"date":"2025-06-18T11:30:13","date_gmt":"2025-06-18T03:30:13","guid":{"rendered":"https:\/\/www.hsymachinery.com\/?post_type=product&#038;p=8933"},"modified":"2025-06-25T22:20:03","modified_gmt":"2025-06-25T14:20:03","slug":"armeringsjernsskaeremaskine-gq60-flad-kniv","status":"publish","type":"product","link":"https:\/\/www.hsymachinery.com\/da\/produkt\/armeringsjernsskaeremaskine-gq60-flad-kniv\/","title":{"rendered":"Armeringsjernssk\u00e6remaskine GQ60 (flad kniv)"},"content":{"rendered":"<h3 data-start=\"151\" data-end=\"233\">Ekstra kraftig armeringssk\u00e6rer med flad kniv til industrielle armeringsprojekter<\/h3>\n<h3 data-start=\"240\" data-end=\"309\">Produktoversigt - St\u00e5lsaks med flad klinge til 6-50 mm armeringsjern<\/h3>\n<p data-start=\"311\" data-end=\"784\">Den <strong data-start=\"315\" data-end=\"358\"><a href=\"https:\/\/www.hsymachinery.com\/da\/produkter\/skaeremaskine-til-armeringsjern\/\" target=\"_blank\" rel=\"noopener\">Sk\u00e6remaskine til armeringsjern<\/a> GQ60 (flad kniv)<\/strong> er konstrueret til at sk\u00e6re armeringsjern med h\u00f8j diameter i intensive byggemilj\u00f8er. Denne maskine kan h\u00e5ndtere st\u00e5lst\u00e6nger fra 6 mm op til 50 mm, hvilket g\u00f8r den til et ideelt valg til d\u00e6mningsbyggeri, motorvejsbroer, fremstilling af st\u00e5lkonstruktioner og tunnelforst\u00e6rkningsarbejde. Dens flade knivsystem giver et ensartet sk\u00e6retryk, hvilket resulterer i en j\u00e6vn og pr\u00e6cis klipning uden at g\u00e5 p\u00e5 kompromis med armeringsjernets integritet.<\/p>\n<p data-start=\"786\" data-end=\"927\">Med forbedret drejningsmoment, mekanisk styrke og sk\u00e6reomr\u00e5de er denne model bygget til opgaver, hvor b\u00e5de kraft og pr\u00e6cision ikke er til forhandling.<\/p>\n<h3 data-start=\"934\" data-end=\"984\">Industriel sk\u00e6rekraft med rene resultater<\/h3>\n<p data-start=\"986\" data-end=\"1294\">GQ60's flade knivdesign g\u00f8r det muligt for bladet at ber\u00f8re hele st\u00e5lstangens overflade j\u00e6vnt under klipningen. Dette reducerer i h\u00f8j grad kantafskrabning og deformation af stangen. Desuden er det st\u00e6rke st\u00e5lblad varmebehandlet for at sikre, at det forbliver skarpt og stabilt, selv efter mange timers kontinuerlig drift.<\/p>\n<p data-start=\"1296\" data-end=\"1603\">Armeringssk\u00e6remaskinen GQ60 (flad kniv) drives af en h\u00f8jtydende kobberkernemotor og leverer et uovertruffent drejningsmoment for sin st\u00f8rrelsesklasse. Den arbejder stabilt med lave vibrationer og minimalt energitab. Gearkassen og drivaggregatet er optimeret til lang levetid under industriel belastning.<\/p>\n<h3 data-start=\"1610\" data-end=\"1663\">Forst\u00e6rket krop og global eksporttilpasning<\/h3>\n<p data-start=\"1665\" data-end=\"2042\">Maskinens hus er lavet af h\u00f8jstyrke duktilt st\u00f8bejern, hvilket sikrer overlegen strukturel stivhed. Den har ogs\u00e5 kraftige transporthjul til mobilitet i udfordrende terr\u00e6n. Det ergonomiske h\u00e5ndtag giver hurtig og pr\u00e6cis kontrol over hver enkelt klipning. Vedligeholdelsen er hurtig og nem takket v\u00e6re det \u00e5bne adgangspanel og den brugervenlige knivmontering.<\/p>\n<p data-start=\"2044\" data-end=\"2224\">GQ60 underst\u00f8tter internationale standarder med tilpassede sp\u00e6ndingsmuligheder (220V\/380V, 50Hz\/60Hz), hvilket g\u00f8r den velegnet til eksport til Afrika, Asien, Sydamerika og andre steder.<\/p>\n<h3 data-start=\"2231\" data-end=\"2281\">Vigtige fordele ved GQ60 Flat Knife Rebar Cutter<\/h3>\n<ul data-start=\"2283\" data-end=\"2506\">\n<li data-start=\"2283\" data-end=\"2337\">\n<p data-start=\"2285\" data-end=\"2337\">Klipper 6-50 mm armeringsjern med flad, stabil klippekraft<\/p>\n<\/li>\n<li data-start=\"2338\" data-end=\"2396\">\n<p data-start=\"2340\" data-end=\"2396\">Bygget til industri- eller infrastrukturbrug med stort volumen<\/p>\n<\/li>\n<li data-start=\"2397\" data-end=\"2448\">\n<p data-start=\"2399\" data-end=\"2448\">Kraftig motor og p\u00e5lidelig momenttransmission<\/p>\n<\/li>\n<li data-start=\"2449\" data-end=\"2506\">\n<p data-start=\"2451\" data-end=\"2506\">Underst\u00f8tter international sp\u00e6ndingstilpasning til eksport<\/p>\n<\/li>\n<\/ul>\n<p><iframe title=\"#konstruktion #konstruktionsarbejder #rebar maskine #rebar sk\u00e6remaskine #rebar sk\u00e6remaskine #rebar bar\" width=\"720\" height=\"405\" src=\"https:\/\/www.youtube.com\/embed\/tdc4TA5-zRc?feature=oembed\" frameborder=\"0\" allow=\"accelerometer; autoplay; clipboard-write; encrypted-media; gyroscope; picture-in-picture; web-share\" referrerpolicy=\"strict-origin-when-cross-origin\" allowfullscreen><\/iframe><\/p>","protected":false},"excerpt":{"rendered":"<p>GQ60 Flat Knife Rebar Cutter bearbejder 6-50 mm armeringsjern med ensartet kraft og h\u00f8j holdbarhed. Ideel til armeringsarbejde i infrastrukturskala p\u00e5 globale byggemarkeder.<\/p>","protected":false},"featured_media":8934,"template":"","meta":{"_kad_post_transparent":"default","_kad_post_title":"","_kad_post_layout":"default","_kad_post_sidebar_id":"","_kad_post_content_style":"default","_kad_post_vertical_padding":"default","_kad_post_feature":"","_kad_post_feature_position":"","_kad_post_header":false,"_kad_post_footer":false},"product_brand":[],"product_cat":[51],"product_tag":[988,992,990,989,993,985,994,987,984,991,986],"class_list":{"0":"post-8933","1":"product","2":"type-product","3":"status-publish","4":"has-post-thumbnail","6":"product_cat-rebar-cutting-machine","7":"product_tag-automatic-rebar-cutter","8":"product_tag-construction-steel-bar-cutter","9":"product_tag-electric-rebar-cutting-tool","10":"product_tag-hydraulic-rebar-cutting-machine","11":"product_tag-portable-rebar-cutting-machine","12":"product_tag-rebar-cutter","13":"product_tag-rebar-cutting-machine","14":"product_tag-reinforcement-bar-cutter","15":"product_tag-steel-bar-cutting-machine","16":"product_tag-steel-rod-cutter-machine","17":"product_tag-tmt-bar-cutting-machine","19":"first","20":"instock","21":"shipping-taxable","22":"product-type-simple","23":"entry","24":"content-bg","25":"loop-entry"},"yoast_head":"<!-- This site is optimized with the Yoast SEO plugin v25.3.1 - https:\/\/yoast.com\/wordpress\/plugins\/seo\/ -->\n<title>Rebar Cutting Machine GQ60 (Flat knife) - HSY Construction Machinery<\/title>\n<meta name=\"description\" content=\"Rebar Cutting Machine GQ60 (Flat Knife) delivers strong, flat-blade shearing for 6\u201350mm rebar. Designed for heavy-duty construction and international export.\" \/>\n<meta name=\"robots\" content=\"index, follow, max-snippet:-1, max-image-preview:large, max-video-preview:-1\" \/>\n<link rel=\"canonical\" href=\"https:\/\/www.hsymachinery.com\/da\/produkt\/armeringsjernsskaeremaskine-gq60-flad-kniv\/\" \/>\n<meta property=\"og:locale\" content=\"da_DK\" \/>\n<meta property=\"og:type\" content=\"article\" \/>\n<meta property=\"og:title\" content=\"Rebar Cutting Machine GQ60 (Flat knife) - HSY Construction Machinery\" \/>\n<meta property=\"og:description\" content=\"Rebar Cutting Machine GQ60 (Flat Knife) delivers strong, flat-blade shearing for 6\u201350mm rebar. Designed for heavy-duty construction and international export.\" \/>\n<meta property=\"og:url\" content=\"https:\/\/www.hsymachinery.com\/da\/produkt\/armeringsjernsskaeremaskine-gq60-flad-kniv\/\" \/>\n<meta property=\"og:site_name\" content=\"HSY Construction Machinery\" \/>\n<meta property=\"article:modified_time\" content=\"2025-06-25T14:20:03+00:00\" \/>\n<meta property=\"og:image\" content=\"https:\/\/www.hsymachinery.com\/wp-content\/uploads\/2025\/06\/Rebar-Cutting-Machine-GQ60-Flat-knife.jpg\" \/>\n\t<meta property=\"og:image:width\" content=\"600\" \/>\n\t<meta property=\"og:image:height\" content=\"600\" \/>\n\t<meta property=\"og:image:type\" content=\"image\/jpeg\" \/>\n<meta name=\"twitter:card\" content=\"summary_large_image\" \/>\n<meta name=\"twitter:label1\" content=\"Estimeret l\u00e6setid\" \/>\n\t<meta name=\"twitter:data1\" content=\"2 minutter\" \/>\n<script type=\"application\/ld+json\" class=\"yoast-schema-graph\">{\"@context\":\"https:\/\/schema.org\",\"@graph\":[{\"@type\":\"WebPage\",\"@id\":\"https:\/\/www.hsymachinery.com\/product\/rebar-cutting-machine-gq60-flat-knife\/\",\"url\":\"https:\/\/www.hsymachinery.com\/product\/rebar-cutting-machine-gq60-flat-knife\/\",\"name\":\"Rebar Cutting Machine GQ60 (Flat knife) - HSY Construction Machinery\",\"isPartOf\":{\"@id\":\"https:\/\/www.hsymachinery.com\/#website\"},\"primaryImageOfPage\":{\"@id\":\"https:\/\/www.hsymachinery.com\/product\/rebar-cutting-machine-gq60-flat-knife\/#primaryimage\"},\"image\":{\"@id\":\"https:\/\/www.hsymachinery.com\/product\/rebar-cutting-machine-gq60-flat-knife\/#primaryimage\"},\"thumbnailUrl\":\"https:\/\/www.hsymachinery.com\/wp-content\/uploads\/2025\/06\/Rebar-Cutting-Machine-GQ60-Flat-knife.jpg\",\"datePublished\":\"2025-06-18T03:30:13+00:00\",\"dateModified\":\"2025-06-25T14:20:03+00:00\",\"description\":\"Rebar Cutting Machine GQ60 (Flat Knife) delivers strong, flat-blade shearing for 6\u201350mm rebar. Designed for heavy-duty construction and international export.\",\"breadcrumb\":{\"@id\":\"https:\/\/www.hsymachinery.com\/product\/rebar-cutting-machine-gq60-flat-knife\/#breadcrumb\"},\"inLanguage\":\"da-DK\",\"potentialAction\":[{\"@type\":\"ReadAction\",\"target\":[\"https:\/\/www.hsymachinery.com\/product\/rebar-cutting-machine-gq60-flat-knife\/\"]}]},{\"@type\":\"ImageObject\",\"inLanguage\":\"da-DK\",\"@id\":\"https:\/\/www.hsymachinery.com\/product\/rebar-cutting-machine-gq60-flat-knife\/#primaryimage\",\"url\":\"https:\/\/www.hsymachinery.com\/wp-content\/uploads\/2025\/06\/Rebar-Cutting-Machine-GQ60-Flat-knife.jpg\",\"contentUrl\":\"https:\/\/www.hsymachinery.com\/wp-content\/uploads\/2025\/06\/Rebar-Cutting-Machine-GQ60-Flat-knife.jpg\",\"width\":600,\"height\":600},{\"@type\":\"BreadcrumbList\",\"@id\":\"https:\/\/www.hsymachinery.com\/product\/rebar-cutting-machine-gq60-flat-knife\/#breadcrumb\",\"itemListElement\":[{\"@type\":\"ListItem\",\"position\":1,\"name\":\"home\",\"item\":\"https:\/\/www.hsymachinery.com\/\"},{\"@type\":\"ListItem\",\"position\":2,\"name\":\"products\",\"item\":\"https:\/\/www.hsymachinery.com\/products\/\"},{\"@type\":\"ListItem\",\"position\":3,\"name\":\"Rebar Cutting Machine GQ60 (Flat knife)\"}]},{\"@type\":\"WebSite\",\"@id\":\"https:\/\/www.hsymachinery.com\/#website\",\"url\":\"https:\/\/www.hsymachinery.com\/\",\"name\":\"HSY Construction Machinery\",\"description\":\"HSY Machinery \u2013 A leading China construction machinery supplier, offering a wide range of light construction equipment. Our main products include Rebar Cutting Machine, Rebar Bending Machine, Rebar Stirrup Bending Machine, Rebar Arc Bending Machine, Rebar Straightening Machine, Five-Head Rebar Stirrup Bending Machine, Tamping Rammer, Plate Compactor, Concrete Cutter, Power Trowel, and other construction machinery. We are equipped with advanced CNC machines, and we enforce strict quality inspection standards along with comprehensive after-sales service. If you are interested in our products or services, we warmly welcome your inquiries via message.\",\"publisher\":{\"@id\":\"https:\/\/www.hsymachinery.com\/#organization\"},\"potentialAction\":[{\"@type\":\"SearchAction\",\"target\":{\"@type\":\"EntryPoint\",\"urlTemplate\":\"https:\/\/www.hsymachinery.com\/?s={search_term_string}\"},\"query-input\":{\"@type\":\"PropertyValueSpecification\",\"valueRequired\":true,\"valueName\":\"search_term_string\"}}],\"inLanguage\":\"da-DK\"},{\"@type\":\"Organization\",\"@id\":\"https:\/\/www.hsymachinery.com\/#organization\",\"name\":\"HSY Construction Machinery\",\"url\":\"https:\/\/www.hsymachinery.com\/\",\"logo\":{\"@type\":\"ImageObject\",\"inLanguage\":\"da-DK\",\"@id\":\"https:\/\/www.hsymachinery.com\/#\/schema\/logo\/image\/\",\"url\":\"https:\/\/www.hsymachinery.com\/wp-content\/uploads\/2025\/06\/cropped-HSY-machinery.png\",\"contentUrl\":\"https:\/\/www.hsymachinery.com\/wp-content\/uploads\/2025\/06\/cropped-HSY-machinery.png\",\"width\":600,\"height\":240,\"caption\":\"HSY Construction Machinery\"},\"image\":{\"@id\":\"https:\/\/www.hsymachinery.com\/#\/schema\/logo\/image\/\"}}]}<\/script>\n<!-- \/ Yoast SEO plugin. -->","yoast_head_json":{"title":"Armeringsjernssk\u00e6remaskine GQ60 (flad kniv) - HSY Construction Machinery","description":"Armeringssk\u00e6remaskine GQ60 (flad kniv) leverer st\u00e6rk klipning med flad kniv til 6-50 mm armeringsjern. Designet til tungt byggeri og international eksport.","robots":{"index":"index","follow":"follow","max-snippet":"max-snippet:-1","max-image-preview":"max-image-preview:large","max-video-preview":"max-video-preview:-1"},"canonical":"https:\/\/www.hsymachinery.com\/da\/produkt\/armeringsjernsskaeremaskine-gq60-flad-kniv\/","og_locale":"da_DK","og_type":"article","og_title":"Rebar Cutting Machine GQ60 (Flat knife) - HSY Construction Machinery","og_description":"Rebar Cutting Machine GQ60 (Flat Knife) delivers strong, flat-blade shearing for 6\u201350mm rebar. Designed for heavy-duty construction and international export.","og_url":"https:\/\/www.hsymachinery.com\/da\/produkt\/armeringsjernsskaeremaskine-gq60-flad-kniv\/","og_site_name":"HSY Construction Machinery","article_modified_time":"2025-06-25T14:20:03+00:00","og_image":[{"width":600,"height":600,"url":"https:\/\/www.hsymachinery.com\/wp-content\/uploads\/2025\/06\/Rebar-Cutting-Machine-GQ60-Flat-knife.jpg","type":"image\/jpeg"}],"twitter_card":"summary_large_image","twitter_misc":{"Estimeret l\u00e6setid":"2 minutter"},"schema":{"@context":"https:\/\/schema.org","@graph":[{"@type":"WebPage","@id":"https:\/\/www.hsymachinery.com\/product\/rebar-cutting-machine-gq60-flat-knife\/","url":"https:\/\/www.hsymachinery.com\/product\/rebar-cutting-machine-gq60-flat-knife\/","name":"Armeringsjernssk\u00e6remaskine GQ60 (flad kniv) - HSY Construction Machinery","isPartOf":{"@id":"https:\/\/www.hsymachinery.com\/#website"},"primaryImageOfPage":{"@id":"https:\/\/www.hsymachinery.com\/product\/rebar-cutting-machine-gq60-flat-knife\/#primaryimage"},"image":{"@id":"https:\/\/www.hsymachinery.com\/product\/rebar-cutting-machine-gq60-flat-knife\/#primaryimage"},"thumbnailUrl":"https:\/\/www.hsymachinery.com\/wp-content\/uploads\/2025\/06\/Rebar-Cutting-Machine-GQ60-Flat-knife.jpg","datePublished":"2025-06-18T03:30:13+00:00","dateModified":"2025-06-25T14:20:03+00:00","description":"Armeringssk\u00e6remaskine GQ60 (flad kniv) leverer st\u00e6rk klipning med flad kniv til 6-50 mm armeringsjern. Designet til tungt byggeri og international eksport.","breadcrumb":{"@id":"https:\/\/www.hsymachinery.com\/product\/rebar-cutting-machine-gq60-flat-knife\/#breadcrumb"},"inLanguage":"da-DK","potentialAction":[{"@type":"ReadAction","target":["https:\/\/www.hsymachinery.com\/product\/rebar-cutting-machine-gq60-flat-knife\/"]}]},{"@type":"ImageObject","inLanguage":"da-DK","@id":"https:\/\/www.hsymachinery.com\/product\/rebar-cutting-machine-gq60-flat-knife\/#primaryimage","url":"https:\/\/www.hsymachinery.com\/wp-content\/uploads\/2025\/06\/Rebar-Cutting-Machine-GQ60-Flat-knife.jpg","contentUrl":"https:\/\/www.hsymachinery.com\/wp-content\/uploads\/2025\/06\/Rebar-Cutting-Machine-GQ60-Flat-knife.jpg","width":600,"height":600},{"@type":"BreadcrumbList","@id":"https:\/\/www.hsymachinery.com\/product\/rebar-cutting-machine-gq60-flat-knife\/#breadcrumb","itemListElement":[{"@type":"ListItem","position":1,"name":"home","item":"https:\/\/www.hsymachinery.com\/"},{"@type":"ListItem","position":2,"name":"products","item":"https:\/\/www.hsymachinery.com\/products\/"},{"@type":"ListItem","position":3,"name":"Rebar Cutting Machine GQ60 (Flat knife)"}]},{"@type":"WebSite","@id":"https:\/\/www.hsymachinery.com\/#website","url":"https:\/\/www.hsymachinery.com\/","name":"HSY Entrepren\u00f8rmaskiner","description":"HSY Machinery - En f\u00f8rende leverand\u00f8r af entrepren\u00f8rmaskiner i Kina, der tilbyder en bred vifte af let entrepren\u00f8rmateriel. Vores vigtigste produkter omfatter armeringssk\u00e6remaskine, armeringsb\u00f8jlemaskine, armeringsb\u00f8jlemaskine, armeringsbue-b\u00f8jlemaskine, armeringsudretningsmaskine, femhovedet armeringsb\u00f8jlemaskine, stampestamper, pladekomprimator, betonsk\u00e6rer, murske og andre entrepren\u00f8rmaskiner. Vi er udstyret med avancerede CNC-maskiner, og vi h\u00e5ndh\u00e6ver strenge standarder for kvalitetskontrol sammen med omfattende eftersalgsservice. Hvis du er interesseret i vores produkter eller tjenester, hilser vi dine foresp\u00f8rgsler via besked varmt velkommen.","publisher":{"@id":"https:\/\/www.hsymachinery.com\/#organization"},"potentialAction":[{"@type":"SearchAction","target":{"@type":"EntryPoint","urlTemplate":"https:\/\/www.hsymachinery.com\/?s={search_term_string}"},"query-input":{"@type":"PropertyValueSpecification","valueRequired":true,"valueName":"search_term_string"}}],"inLanguage":"da-DK"},{"@type":"Organization","@id":"https:\/\/www.hsymachinery.com\/#organization","name":"HSY Entrepren\u00f8rmaskiner","url":"https:\/\/www.hsymachinery.com\/","logo":{"@type":"ImageObject","inLanguage":"da-DK","@id":"https:\/\/www.hsymachinery.com\/#\/schema\/logo\/image\/","url":"https:\/\/www.hsymachinery.com\/wp-content\/uploads\/2025\/06\/cropped-HSY-machinery.png","contentUrl":"https:\/\/www.hsymachinery.com\/wp-content\/uploads\/2025\/06\/cropped-HSY-machinery.png","width":600,"height":240,"caption":"HSY Construction Machinery"},"image":{"@id":"https:\/\/www.hsymachinery.com\/#\/schema\/logo\/image\/"}}]}},"_links":{"self":[{"href":"https:\/\/www.hsymachinery.com\/da\/wp-json\/wp\/v2\/product\/8933","targetHints":{"allow":["GET"]}}],"collection":[{"href":"https:\/\/www.hsymachinery.com\/da\/wp-json\/wp\/v2\/product"}],"about":[{"href":"https:\/\/www.hsymachinery.com\/da\/wp-json\/wp\/v2\/types\/product"}],"version-history":[{"count":4,"href":"https:\/\/www.hsymachinery.com\/da\/wp-json\/wp\/v2\/product\/8933\/revisions"}],"predecessor-version":[{"id":9338,"href":"https:\/\/www.hsymachinery.com\/da\/wp-json\/wp\/v2\/product\/8933\/revisions\/9338"}],"wp:featuredmedia":[{"embeddable":true,"href":"https:\/\/www.hsymachinery.com\/da\/wp-json\/wp\/v2\/media\/8934"}],"wp:attachment":[{"href":"https:\/\/www.hsymachinery.com\/da\/wp-json\/wp\/v2\/media?parent=8933"}],"wp:term":[{"taxonomy":"product_brand","embeddable":true,"href":"https:\/\/www.hsymachinery.com\/da\/wp-json\/wp\/v2\/product_brand?post=8933"},{"taxonomy":"product_cat","embeddable":true,"href":"https:\/\/www.hsymachinery.com\/da\/wp-json\/wp\/v2\/product_cat?post=8933"},{"taxonomy":"product_tag","embeddable":true,"href":"https:\/\/www.hsymachinery.com\/da\/wp-json\/wp\/v2\/product_tag?post=8933"}],"curies":[{"name":"wp","href":"https:\/\/api.w.org\/{rel}","templated":true}]}}