{"id":8912,"date":"2025-06-18T11:19:29","date_gmt":"2025-06-18T03:19:29","guid":{"rendered":"https:\/\/www.hsymachinery.com\/?post_type=product&#038;p=8912"},"modified":"2025-06-25T20:33:40","modified_gmt":"2025-06-25T12:33:40","slug":"armeringsjernsskaeremaskine-gq40a-rund-kniv","status":"publish","type":"product","link":"https:\/\/www.hsymachinery.com\/da\/produkt\/armeringsjernsskaeremaskine-gq40a-rund-kniv\/","title":{"rendered":"Armeringsjernssk\u00e6remaskine GQ40A (rund kniv)"},"content":{"rendered":"<h3 data-start=\"238\" data-end=\"303\">H\u00f8jeffektiv armeringsjernsk\u00e6rer med glat rullende knivdesign<\/h3>\n<h3 data-start=\"310\" data-end=\"333\">\u00a0Produktoversigt<\/h3>\n<p data-start=\"335\" data-end=\"723\">Den <strong data-start=\"339\" data-end=\"384\">Armeringsjernssk\u00e6remaskine GQ40A (rund kniv)<\/strong> er konstrueret til h\u00f8jeffektiv sk\u00e6ring af st\u00e5lst\u00e6nger p\u00e5 moderne byggepladser. Den er designet til at h\u00e5ndtere armeringsjern med diametre<strong> fra 6 mm til 32 mm, herunder kulstofst\u00e5l, rundst\u00e5l og deformerede st\u00e6nger. Dens runde knivstruktur giver en unik rullende forskydning, som reducerer sk\u00e6remodstanden og forbedrer arbejdseffektiviteten.<\/strong><\/p>\n<h3 data-start=\"730\" data-end=\"764\">\u00a0J\u00e6vn og kraftfuld sk\u00e6ring<\/h3>\n<p data-start=\"766\" data-end=\"1114\">Udstyret med en <strong data-start=\"782\" data-end=\"811\">Kobbermotor af h\u00f8j kvalitet<\/strong>Denne maskine sikrer et konstant drejningsmoment og en stabil ydelse. Den arbejder j\u00e6vnt selv under tung belastning, hvilket g\u00f8r den ideel til lange skift p\u00e5 kr\u00e6vende byggeprojekter. Desuden reducerer pr\u00e6cisionsgearkassen vibrationer og mekanisk slitage, hvilket forl\u00e6nger maskinens levetid.<\/p>\n<p data-start=\"1116\" data-end=\"1384\">Den <strong data-start=\"1120\" data-end=\"1165\"><a href=\"https:\/\/www.hsymachinery.com\/da\/produkter\/skaeremaskine-til-armeringsjern\/\" target=\"_blank\" rel=\"noopener\">Sk\u00e6remaskine til armeringsjern<\/a> GQ40A (rund kniv)<\/strong> skiller sig ud med sin sk\u00e6rekvalitet. Den runde kniv skaber ikke kun renere kanter, men minimerer ogs\u00e5 forvridningen af armeringsjernet under sk\u00e6reprocessen. Resultatet er hurtigere sk\u00e6recyklusser og mindre materialespild.<\/p>\n<h3 data-start=\"1391\" data-end=\"1439\">\u00a0St\u00e6rk struktur og brugervenligt design<\/h3>\n<p data-start=\"1441\" data-end=\"1799\">Denne model har en st\u00f8bejernsramme, der giver maksimal holdbarhed og driftsstabilitet. Desuden har den solide hjul, der g\u00f8r den nem at flytte rundt p\u00e5 byggepladsen. Operat\u00f8ren kan styre klippeslaget med et manuelt h\u00e5ndtag, hvilket giver mulighed for pr\u00e6cis og sikker drift. Vedligeholdelsen er enkel takket v\u00e6re d\u00e6kslet, der kan \u00e5bnes, og mekanismen til hurtig udskiftning af knivene.<\/p>\n<p data-start=\"1806\" data-end=\"2069\">GQ40A (Round Knife) underst\u00f8tter sp\u00e6ndingstilpasning (220V\/380V, 50Hz\/60Hz), hvilket g\u00f8r den ideel til global eksport. Uanset om den bruges til boligbyggeri, motorvejsinfrastruktur eller st\u00e5lforarbejdningsanl\u00e6g, leverer denne maskine en ensartet ydelse hver dag.<\/p>\n<p><iframe title=\"Armeringsjernssk\u00e6rerarmeringsjernssk\u00e6remaskinearmeringsjernsmaskine, st\u00e5ljernssk\u00e6remaskine, entrepren\u00f8rmaskiner\" width=\"720\" height=\"405\" src=\"https:\/\/www.youtube.com\/embed\/cIrJPBezWsw?feature=oembed\" frameborder=\"0\" allow=\"accelerometer; autoplay; clipboard-write; encrypted-media; gyroscope; picture-in-picture; web-share\" referrerpolicy=\"strict-origin-when-cross-origin\" allowfullscreen><\/iframe><\/p>","protected":false},"excerpt":{"rendered":"<p>GQ40A Rebar Cutting Machine med rund kniv giver hurtig sk\u00e6ring med lav modstand til 6-32 mm st\u00e5lst\u00e6nger. Ideel til dagligt tungt byggearbejde.<\/p>","protected":false},"featured_media":8913,"template":"","meta":{"_kad_post_transparent":"default","_kad_post_title":"","_kad_post_layout":"default","_kad_post_sidebar_id":"","_kad_post_content_style":"default","_kad_post_vertical_padding":"default","_kad_post_feature":"","_kad_post_feature_position":"","_kad_post_header":false,"_kad_post_footer":false},"product_brand":[],"product_cat":[51],"product_tag":[988,992,990,989,993,985,994,987,984,991,986],"class_list":{"0":"post-8912","1":"product","2":"type-product","3":"status-publish","4":"has-post-thumbnail","6":"product_cat-rebar-cutting-machine","7":"product_tag-automatic-rebar-cutter","8":"product_tag-construction-steel-bar-cutter","9":"product_tag-electric-rebar-cutting-tool","10":"product_tag-hydraulic-rebar-cutting-machine","11":"product_tag-portable-rebar-cutting-machine","12":"product_tag-rebar-cutter","13":"product_tag-rebar-cutting-machine","14":"product_tag-reinforcement-bar-cutter","15":"product_tag-steel-bar-cutting-machine","16":"product_tag-steel-rod-cutter-machine","17":"product_tag-tmt-bar-cutting-machine","19":"first","20":"instock","21":"shipping-taxable","22":"product-type-simple","23":"entry","24":"content-bg","25":"loop-entry"},"yoast_head":"<!-- This site is optimized with the Yoast SEO plugin v25.3.1 - https:\/\/yoast.com\/wordpress\/plugins\/seo\/ -->\n<title>Rebar Cutting Machine GQ40A (Round knife) - HSY Construction Machinery<\/title>\n<meta name=\"description\" content=\"Rebar Cutting Machine GQ40A (Round Knife) delivers smooth, fast cutting of 6\u201332mm steel bars. Rolling blade design reduces resistance and boosts efficiency.\" \/>\n<meta name=\"robots\" content=\"index, follow, max-snippet:-1, max-image-preview:large, max-video-preview:-1\" \/>\n<link rel=\"canonical\" href=\"https:\/\/www.hsymachinery.com\/da\/produkt\/armeringsjernsskaeremaskine-gq40a-rund-kniv\/\" \/>\n<meta property=\"og:locale\" content=\"da_DK\" \/>\n<meta property=\"og:type\" content=\"article\" \/>\n<meta property=\"og:title\" content=\"Rebar Cutting Machine GQ40A (Round knife) - HSY Construction Machinery\" \/>\n<meta property=\"og:description\" content=\"Rebar Cutting Machine GQ40A (Round Knife) delivers smooth, fast cutting of 6\u201332mm steel bars. Rolling blade design reduces resistance and boosts efficiency.\" \/>\n<meta property=\"og:url\" content=\"https:\/\/www.hsymachinery.com\/da\/produkt\/armeringsjernsskaeremaskine-gq40a-rund-kniv\/\" \/>\n<meta property=\"og:site_name\" content=\"HSY Construction Machinery\" \/>\n<meta property=\"article:modified_time\" content=\"2025-06-25T12:33:40+00:00\" \/>\n<meta property=\"og:image\" content=\"https:\/\/www.hsymachinery.com\/wp-content\/uploads\/2025\/06\/Rebar-Cutting-Machine-GQ40A-Round-knife.jpg\" \/>\n\t<meta property=\"og:image:width\" content=\"600\" \/>\n\t<meta property=\"og:image:height\" content=\"600\" \/>\n\t<meta property=\"og:image:type\" content=\"image\/jpeg\" \/>\n<meta name=\"twitter:card\" content=\"summary_large_image\" \/>\n<meta name=\"twitter:label1\" content=\"Estimeret l\u00e6setid\" \/>\n\t<meta name=\"twitter:data1\" content=\"2 minutter\" \/>\n<script type=\"application\/ld+json\" class=\"yoast-schema-graph\">{\"@context\":\"https:\/\/schema.org\",\"@graph\":[{\"@type\":\"WebPage\",\"@id\":\"https:\/\/www.hsymachinery.com\/product\/rebar-cutting-machine-gq40a-round-knife\/\",\"url\":\"https:\/\/www.hsymachinery.com\/product\/rebar-cutting-machine-gq40a-round-knife\/\",\"name\":\"Rebar Cutting Machine GQ40A (Round knife) - HSY Construction Machinery\",\"isPartOf\":{\"@id\":\"https:\/\/www.hsymachinery.com\/#website\"},\"primaryImageOfPage\":{\"@id\":\"https:\/\/www.hsymachinery.com\/product\/rebar-cutting-machine-gq40a-round-knife\/#primaryimage\"},\"image\":{\"@id\":\"https:\/\/www.hsymachinery.com\/product\/rebar-cutting-machine-gq40a-round-knife\/#primaryimage\"},\"thumbnailUrl\":\"https:\/\/www.hsymachinery.com\/wp-content\/uploads\/2025\/06\/Rebar-Cutting-Machine-GQ40A-Round-knife.jpg\",\"datePublished\":\"2025-06-18T03:19:29+00:00\",\"dateModified\":\"2025-06-25T12:33:40+00:00\",\"description\":\"Rebar Cutting Machine GQ40A (Round Knife) delivers smooth, fast cutting of 6\u201332mm steel bars. Rolling blade design reduces resistance and boosts efficiency.\",\"breadcrumb\":{\"@id\":\"https:\/\/www.hsymachinery.com\/product\/rebar-cutting-machine-gq40a-round-knife\/#breadcrumb\"},\"inLanguage\":\"da-DK\",\"potentialAction\":[{\"@type\":\"ReadAction\",\"target\":[\"https:\/\/www.hsymachinery.com\/product\/rebar-cutting-machine-gq40a-round-knife\/\"]}]},{\"@type\":\"ImageObject\",\"inLanguage\":\"da-DK\",\"@id\":\"https:\/\/www.hsymachinery.com\/product\/rebar-cutting-machine-gq40a-round-knife\/#primaryimage\",\"url\":\"https:\/\/www.hsymachinery.com\/wp-content\/uploads\/2025\/06\/Rebar-Cutting-Machine-GQ40A-Round-knife.jpg\",\"contentUrl\":\"https:\/\/www.hsymachinery.com\/wp-content\/uploads\/2025\/06\/Rebar-Cutting-Machine-GQ40A-Round-knife.jpg\",\"width\":600,\"height\":600},{\"@type\":\"BreadcrumbList\",\"@id\":\"https:\/\/www.hsymachinery.com\/product\/rebar-cutting-machine-gq40a-round-knife\/#breadcrumb\",\"itemListElement\":[{\"@type\":\"ListItem\",\"position\":1,\"name\":\"home\",\"item\":\"https:\/\/www.hsymachinery.com\/\"},{\"@type\":\"ListItem\",\"position\":2,\"name\":\"products\",\"item\":\"https:\/\/www.hsymachinery.com\/products\/\"},{\"@type\":\"ListItem\",\"position\":3,\"name\":\"Rebar Cutting Machine GQ40A (Round knife)\"}]},{\"@type\":\"WebSite\",\"@id\":\"https:\/\/www.hsymachinery.com\/#website\",\"url\":\"https:\/\/www.hsymachinery.com\/\",\"name\":\"HSY Construction Machinery\",\"description\":\"HSY Machinery \u2013 A leading China construction machinery supplier, offering a wide range of light construction equipment. Our main products include Rebar Cutting Machine, Rebar Bending Machine, Rebar Stirrup Bending Machine, Rebar Arc Bending Machine, Rebar Straightening Machine, Five-Head Rebar Stirrup Bending Machine, Tamping Rammer, Plate Compactor, Concrete Cutter, Power Trowel, and other construction machinery. We are equipped with advanced CNC machines, and we enforce strict quality inspection standards along with comprehensive after-sales service. If you are interested in our products or services, we warmly welcome your inquiries via message.\",\"publisher\":{\"@id\":\"https:\/\/www.hsymachinery.com\/#organization\"},\"potentialAction\":[{\"@type\":\"SearchAction\",\"target\":{\"@type\":\"EntryPoint\",\"urlTemplate\":\"https:\/\/www.hsymachinery.com\/?s={search_term_string}\"},\"query-input\":{\"@type\":\"PropertyValueSpecification\",\"valueRequired\":true,\"valueName\":\"search_term_string\"}}],\"inLanguage\":\"da-DK\"},{\"@type\":\"Organization\",\"@id\":\"https:\/\/www.hsymachinery.com\/#organization\",\"name\":\"HSY Construction Machinery\",\"url\":\"https:\/\/www.hsymachinery.com\/\",\"logo\":{\"@type\":\"ImageObject\",\"inLanguage\":\"da-DK\",\"@id\":\"https:\/\/www.hsymachinery.com\/#\/schema\/logo\/image\/\",\"url\":\"https:\/\/www.hsymachinery.com\/wp-content\/uploads\/2025\/06\/cropped-HSY-machinery.png\",\"contentUrl\":\"https:\/\/www.hsymachinery.com\/wp-content\/uploads\/2025\/06\/cropped-HSY-machinery.png\",\"width\":600,\"height\":240,\"caption\":\"HSY Construction Machinery\"},\"image\":{\"@id\":\"https:\/\/www.hsymachinery.com\/#\/schema\/logo\/image\/\"}}]}<\/script>\n<!-- \/ Yoast SEO plugin. -->","yoast_head_json":{"title":"Armeringsjernsk\u00e6remaskine GQ40A (rund kniv) - HSY Construction Machinery","description":"Rebar Cutting Machine GQ40A (Round Knife) leverer j\u00e6vn, hurtig sk\u00e6ring af 6-32 mm st\u00e5lst\u00e6nger. Det rullende knivdesign reducerer modstanden og \u00f8ger effektiviteten.","robots":{"index":"index","follow":"follow","max-snippet":"max-snippet:-1","max-image-preview":"max-image-preview:large","max-video-preview":"max-video-preview:-1"},"canonical":"https:\/\/www.hsymachinery.com\/da\/produkt\/armeringsjernsskaeremaskine-gq40a-rund-kniv\/","og_locale":"da_DK","og_type":"article","og_title":"Rebar Cutting Machine GQ40A (Round knife) - HSY Construction Machinery","og_description":"Rebar Cutting Machine GQ40A (Round Knife) delivers smooth, fast cutting of 6\u201332mm steel bars. Rolling blade design reduces resistance and boosts efficiency.","og_url":"https:\/\/www.hsymachinery.com\/da\/produkt\/armeringsjernsskaeremaskine-gq40a-rund-kniv\/","og_site_name":"HSY Construction Machinery","article_modified_time":"2025-06-25T12:33:40+00:00","og_image":[{"width":600,"height":600,"url":"https:\/\/www.hsymachinery.com\/wp-content\/uploads\/2025\/06\/Rebar-Cutting-Machine-GQ40A-Round-knife.jpg","type":"image\/jpeg"}],"twitter_card":"summary_large_image","twitter_misc":{"Estimeret l\u00e6setid":"2 minutter"},"schema":{"@context":"https:\/\/schema.org","@graph":[{"@type":"WebPage","@id":"https:\/\/www.hsymachinery.com\/product\/rebar-cutting-machine-gq40a-round-knife\/","url":"https:\/\/www.hsymachinery.com\/product\/rebar-cutting-machine-gq40a-round-knife\/","name":"Armeringsjernsk\u00e6remaskine GQ40A (rund kniv) - HSY Construction Machinery","isPartOf":{"@id":"https:\/\/www.hsymachinery.com\/#website"},"primaryImageOfPage":{"@id":"https:\/\/www.hsymachinery.com\/product\/rebar-cutting-machine-gq40a-round-knife\/#primaryimage"},"image":{"@id":"https:\/\/www.hsymachinery.com\/product\/rebar-cutting-machine-gq40a-round-knife\/#primaryimage"},"thumbnailUrl":"https:\/\/www.hsymachinery.com\/wp-content\/uploads\/2025\/06\/Rebar-Cutting-Machine-GQ40A-Round-knife.jpg","datePublished":"2025-06-18T03:19:29+00:00","dateModified":"2025-06-25T12:33:40+00:00","description":"Rebar Cutting Machine GQ40A (Round Knife) leverer j\u00e6vn, hurtig sk\u00e6ring af 6-32 mm st\u00e5lst\u00e6nger. Det rullende knivdesign reducerer modstanden og \u00f8ger effektiviteten.","breadcrumb":{"@id":"https:\/\/www.hsymachinery.com\/product\/rebar-cutting-machine-gq40a-round-knife\/#breadcrumb"},"inLanguage":"da-DK","potentialAction":[{"@type":"ReadAction","target":["https:\/\/www.hsymachinery.com\/product\/rebar-cutting-machine-gq40a-round-knife\/"]}]},{"@type":"ImageObject","inLanguage":"da-DK","@id":"https:\/\/www.hsymachinery.com\/product\/rebar-cutting-machine-gq40a-round-knife\/#primaryimage","url":"https:\/\/www.hsymachinery.com\/wp-content\/uploads\/2025\/06\/Rebar-Cutting-Machine-GQ40A-Round-knife.jpg","contentUrl":"https:\/\/www.hsymachinery.com\/wp-content\/uploads\/2025\/06\/Rebar-Cutting-Machine-GQ40A-Round-knife.jpg","width":600,"height":600},{"@type":"BreadcrumbList","@id":"https:\/\/www.hsymachinery.com\/product\/rebar-cutting-machine-gq40a-round-knife\/#breadcrumb","itemListElement":[{"@type":"ListItem","position":1,"name":"home","item":"https:\/\/www.hsymachinery.com\/"},{"@type":"ListItem","position":2,"name":"products","item":"https:\/\/www.hsymachinery.com\/products\/"},{"@type":"ListItem","position":3,"name":"Rebar Cutting Machine GQ40A (Round knife)"}]},{"@type":"WebSite","@id":"https:\/\/www.hsymachinery.com\/#website","url":"https:\/\/www.hsymachinery.com\/","name":"HSY Entrepren\u00f8rmaskiner","description":"HSY Machinery - En f\u00f8rende leverand\u00f8r af entrepren\u00f8rmaskiner i Kina, der tilbyder en bred vifte af let entrepren\u00f8rmateriel. Vores vigtigste produkter omfatter armeringssk\u00e6remaskine, armeringsb\u00f8jlemaskine, armeringsb\u00f8jlemaskine, armeringsbue-b\u00f8jlemaskine, armeringsudretningsmaskine, femhovedet armeringsb\u00f8jlemaskine, stampestamper, pladekomprimator, betonsk\u00e6rer, murske og andre entrepren\u00f8rmaskiner. Vi er udstyret med avancerede CNC-maskiner, og vi h\u00e5ndh\u00e6ver strenge standarder for kvalitetskontrol sammen med omfattende eftersalgsservice. Hvis du er interesseret i vores produkter eller tjenester, hilser vi dine foresp\u00f8rgsler via besked varmt velkommen.","publisher":{"@id":"https:\/\/www.hsymachinery.com\/#organization"},"potentialAction":[{"@type":"SearchAction","target":{"@type":"EntryPoint","urlTemplate":"https:\/\/www.hsymachinery.com\/?s={search_term_string}"},"query-input":{"@type":"PropertyValueSpecification","valueRequired":true,"valueName":"search_term_string"}}],"inLanguage":"da-DK"},{"@type":"Organization","@id":"https:\/\/www.hsymachinery.com\/#organization","name":"HSY Entrepren\u00f8rmaskiner","url":"https:\/\/www.hsymachinery.com\/","logo":{"@type":"ImageObject","inLanguage":"da-DK","@id":"https:\/\/www.hsymachinery.com\/#\/schema\/logo\/image\/","url":"https:\/\/www.hsymachinery.com\/wp-content\/uploads\/2025\/06\/cropped-HSY-machinery.png","contentUrl":"https:\/\/www.hsymachinery.com\/wp-content\/uploads\/2025\/06\/cropped-HSY-machinery.png","width":600,"height":240,"caption":"HSY Construction Machinery"},"image":{"@id":"https:\/\/www.hsymachinery.com\/#\/schema\/logo\/image\/"}}]}},"_links":{"self":[{"href":"https:\/\/www.hsymachinery.com\/da\/wp-json\/wp\/v2\/product\/8912","targetHints":{"allow":["GET"]}}],"collection":[{"href":"https:\/\/www.hsymachinery.com\/da\/wp-json\/wp\/v2\/product"}],"about":[{"href":"https:\/\/www.hsymachinery.com\/da\/wp-json\/wp\/v2\/types\/product"}],"version-history":[{"count":3,"href":"https:\/\/www.hsymachinery.com\/da\/wp-json\/wp\/v2\/product\/8912\/revisions"}],"predecessor-version":[{"id":9322,"href":"https:\/\/www.hsymachinery.com\/da\/wp-json\/wp\/v2\/product\/8912\/revisions\/9322"}],"wp:featuredmedia":[{"embeddable":true,"href":"https:\/\/www.hsymachinery.com\/da\/wp-json\/wp\/v2\/media\/8913"}],"wp:attachment":[{"href":"https:\/\/www.hsymachinery.com\/da\/wp-json\/wp\/v2\/media?parent=8912"}],"wp:term":[{"taxonomy":"product_brand","embeddable":true,"href":"https:\/\/www.hsymachinery.com\/da\/wp-json\/wp\/v2\/product_brand?post=8912"},{"taxonomy":"product_cat","embeddable":true,"href":"https:\/\/www.hsymachinery.com\/da\/wp-json\/wp\/v2\/product_cat?post=8912"},{"taxonomy":"product_tag","embeddable":true,"href":"https:\/\/www.hsymachinery.com\/da\/wp-json\/wp\/v2\/product_tag?post=8912"}],"curies":[{"name":"wp","href":"https:\/\/api.w.org\/{rel}","templated":true}]}}