{"id":9226,"date":"2025-06-18T21:17:00","date_gmt":"2025-06-18T13:17:00","guid":{"rendered":"https:\/\/www.hsymachinery.com\/?post_type=product&#038;p=9226"},"modified":"2025-06-28T23:44:40","modified_gmt":"2025-06-28T15:44:40","slug":"pojezdova-motorova-lzice-ptr-h80","status":"publish","type":"product","link":"https:\/\/www.hsymachinery.com\/cs\/produkt\/pojezdova-motorova-lzice-ptr-h80\/","title":{"rendered":"Motorov\u00e1 l\u017e\u00edce PTR-H80 s pojezdem"},"content":{"rendered":"<h2 data-start=\"128\" data-end=\"164\">Motorov\u00e1 l\u017e\u00edce PTR-H80 s pojezdem<\/h2>\n<h3 data-start=\"165\" data-end=\"284\">PTR-H80 Ride-On Concrete Finishing Machine s motorem Honda | P\u0159esn\u00e9 vyhlazen\u00ed povrchu pro st\u0159edn\u00ed projekty desek<\/h3>\n<h3 data-start=\"291\" data-end=\"388\">Popis produktu - Hondou poh\u00e1n\u011bn\u00e9 pojezdov\u00e9 hlad\u00edtko pro vysoce v\u00fdkonn\u00e9 dokon\u010dov\u00e1n\u00ed betonu<a href=\"https:\/\/www.hsymachinery.com\/cs\/produkty\/pojezdova-motorova-lzice\/\" target=\"_blank\" rel=\"noopener\"><img fetchpriority=\"high\" decoding=\"async\" class=\"wp-image-9616 alignright\" src=\"https:\/\/www.hsymachinery.com\/wp-content\/uploads\/2025\/06\/Sitting-Type-Power-Trowel-209x300.jpg\" alt=\"\" width=\"454\" height=\"651\" srcset=\"https:\/\/www.hsymachinery.com\/wp-content\/uploads\/2025\/06\/Sitting-Type-Power-Trowel-209x300.jpg 209w, https:\/\/www.hsymachinery.com\/wp-content\/uploads\/2025\/06\/Sitting-Type-Power-Trowel-713x1024.jpg 713w, https:\/\/www.hsymachinery.com\/wp-content\/uploads\/2025\/06\/Sitting-Type-Power-Trowel-768x1103.jpg 768w, https:\/\/www.hsymachinery.com\/wp-content\/uploads\/2025\/06\/Sitting-Type-Power-Trowel-600x862.jpg 600w, https:\/\/www.hsymachinery.com\/wp-content\/uploads\/2025\/06\/Sitting-Type-Power-Trowel.jpg 800w\" sizes=\"(max-width: 454px) 100vw, 454px\" \/><\/a><\/h3>\n<p data-start=\"390\" data-end=\"713\">Na str\u00e1nk\u00e1ch <strong data-start=\"394\" data-end=\"426\">Elektrick\u00e1 l\u017e\u00edce PTR-H80 s pojezdem<\/strong> poskytuje profesion\u00e1ln\u00ed v\u00fdkon s vy\u0161\u0161\u00ed spolehlivost\u00ed benz\u00ednov\u00e9ho motoru Honda. Tento stroj je ur\u010den pro betonov\u00e9 desky st\u0159edn\u00ed velikosti a nab\u00edz\u00ed v\u00fdkonn\u00fd provoz, plynulou manipulaci a vynikaj\u00edc\u00ed v\u00fdsledky p\u0159i dokon\u010dov\u00e1n\u00ed pr\u016fmyslov\u00fdch a komer\u010dn\u00edch podlah.<\/p>\n<p data-start=\"715\" data-end=\"1097\">D\u00edky pr\u016fm\u011bru dvou kotou\u010d\u016f 80 cm umo\u017e\u0148uje PTR-H80 rychlej\u0161\u00ed pokryt\u00ed a zkracuje dobu pr\u00e1ce bez sn\u00ed\u017een\u00ed kvality. Konstrukce s pojezdem poskytuje obsluze pracovn\u00ed polohu vsed\u011b, co\u017e zvy\u0161uje pohodl\u00ed a kontrolu b\u011bhem dlouh\u00fdch pracovn\u00edch operac\u00ed. D\u00edky stabiln\u00edmu a \u00fasporn\u00e9mu motoru Honda pracuje stroj spolehliv\u011b i p\u0159i nep\u0159etr\u017eit\u00e9m provozu.<\/p>\n<p data-start=\"1099\" data-end=\"1388\">Krom\u011b toho je toto hlad\u00edtko vybaveno p\u0159esn\u00fdm syst\u00e9mem nastaven\u00ed sklonu no\u017ee, kter\u00fd umo\u017e\u0148uje obsluze snadn\u00fd p\u0159echod mezi plovouc\u00edm a le\u0161t\u00edc\u00edm zp\u016fsobem. Zes\u00edlen\u00fd ocelov\u00fd r\u00e1m, robustn\u00ed p\u0159evodovka a citliv\u00fd syst\u00e9m \u0159\u00edzen\u00ed zaji\u0161\u0165uj\u00ed dlouhodobou odolnost a hladk\u00e9 man\u00e9vrov\u00e1n\u00ed.<\/p>\n<p data-start=\"1390\" data-end=\"1607\">Model PTR-H80 je ide\u00e1ln\u00ed pro pou\u017eit\u00ed ve skladech, sklep\u00edch, komer\u010dn\u00edch podlah\u00e1ch a venkovn\u00edch desk\u00e1ch a je ur\u010den pro dodavatele, kte\u0159\u00ed vy\u017eaduj\u00ed v\u00fdkon, konzistenci a spolehliv\u00fd v\u00fdkon motoru v jednom kompaktn\u00edm \u0159e\u0161en\u00ed.<\/p>\n<h3 data-start=\"1614\" data-end=\"1665\">Kl\u00ed\u010dov\u00e9 vlastnosti elektrick\u00e9ho hlad\u00edtka PTR-H80 s pojezdem<\/h3>\n<ul data-start=\"1667\" data-end=\"2042\">\n<li data-start=\"1667\" data-end=\"1733\">\n<p data-start=\"1669\" data-end=\"1733\">Benz\u00ednov\u00fd motor Honda poskytuje plynul\u00fd a \u00fasporn\u00fd v\u00fdkon<\/p>\n<\/li>\n<li data-start=\"1734\" data-end=\"1799\">\n<p data-start=\"1736\" data-end=\"1799\">80 cm dvoudiskov\u00fd syst\u00e9m umo\u017e\u0148uje rychlou a rovnom\u011brnou \u00fapravu desek<\/p>\n<\/li>\n<li data-start=\"1800\" data-end=\"1867\">\n<p data-start=\"1802\" data-end=\"1867\">Uspo\u0159\u00e1d\u00e1n\u00ed ovl\u00e1dac\u00edch prvk\u016f Ride-on zvy\u0161uje pohodl\u00ed obsluhy a viditelnost.<\/p>\n<\/li>\n<li data-start=\"1868\" data-end=\"1923\">\n<p data-start=\"1870\" data-end=\"1923\">Stoup\u00e1n\u00ed no\u017ee se snadno nastavuje pro plovouc\u00ed nebo dokon\u010dovac\u00ed pr\u00e1ce<\/p>\n<\/li>\n<li data-start=\"1924\" data-end=\"1986\">\n<p data-start=\"1926\" data-end=\"1986\">Robustn\u00ed ocelov\u00e1 konstrukce a p\u0159evodovka pro vy\u0161\u0161\u00ed odolnost<\/p>\n<\/li>\n<li data-start=\"1987\" data-end=\"2042\">\n<p data-start=\"1989\" data-end=\"2042\">Ide\u00e1ln\u00ed pro st\u0159edn\u011b velk\u00e9 projekty v\u00fdstavby desek<\/p>\n<\/li>\n<\/ul>\n<h3 data-start=\"2049\" data-end=\"2136\">Pou\u017eit\u00ed - skv\u011bl\u00e9 pro sklady, parkovac\u00ed plochy a st\u0159edn\u011b velk\u00e9 komer\u010dn\u00ed podlahy<\/h3>\n<p data-start=\"2138\" data-end=\"2341\">PTR-H80 je nejvhodn\u011bj\u0161\u00ed pro profesion\u00e1ly, kte\u0159\u00ed dokon\u010duj\u00ed st\u0159edn\u011b velk\u00e9 betonov\u00e9 desky v logistick\u00fdch centrech, komer\u010dn\u00edch gar\u00e1\u017e\u00edch a interi\u00e9rov\u00fdch projektech, kde je vy\u017eadov\u00e1na rovnov\u00e1ha mezi velikost\u00ed a v\u00fdkonem.<\/p>","protected":false},"excerpt":{"rendered":"<p>PTR-H80 s motorem Honda zaji\u0161\u0165uje hladk\u00e9 a konzistentn\u00ed dokon\u010dov\u00e1n\u00ed betonu na st\u0159edn\u011b velk\u00fdch desk\u00e1ch. Pohodln\u00e1 obsluha a vysok\u00e1 odolnost pro pou\u017eit\u00ed na staveni\u0161ti.<\/p>","protected":false},"featured_media":9227,"template":"","meta":{"_kad_post_transparent":"default","_kad_post_title":"","_kad_post_layout":"default","_kad_post_sidebar_id":"","_kad_post_content_style":"default","_kad_post_vertical_padding":"default","_kad_post_feature":"","_kad_post_feature_position":"","_kad_post_header":false,"_kad_post_footer":false},"product_brand":[],"product_cat":[58],"product_tag":[1093,1094,1098,1091,1096,1092,1097,1099,1095,1100],"class_list":{"0":"post-9226","1":"product","2":"type-product","3":"status-publish","4":"has-post-thumbnail","6":"product_cat-ride-on-power-trowel","7":"product_tag-concrete-ride-on-trowel","8":"product_tag-concrete-ride-on-trowel-machine","9":"product_tag-concrete-surface-finishing-trowel","10":"product_tag-double-disc-ride-on-power-trowel","11":"product_tag-double-rotor-power-trowel","12":"product_tag-gasoline-ride-on-power-trowel","13":"product_tag-heavy-duty-ride-on-trowel","14":"product_tag-hydraulic-ride-on-trowel","15":"product_tag-ride-on-concrete-finishing-machine","16":"product_tag-ride-on-floor-trowel","18":"first","19":"instock","20":"shipping-taxable","21":"product-type-simple","22":"entry","23":"content-bg","24":"loop-entry"},"yoast_head":"<!-- This site is optimized with the Yoast SEO plugin v25.3.1 - https:\/\/yoast.com\/wordpress\/plugins\/seo\/ -->\n<title>Ride-On Power Trowel PTR-H80 - HSY Construction Machinery<\/title>\n<meta name=\"description\" content=\"PTR-H80 ride-on concrete trowel with Honda engine ensures efficient slab finishing with smooth handling and fuel economy. Ideal for medium-sized industrial projects.Ride-On Power Trowel PTR-H80\" \/>\n<meta name=\"robots\" content=\"index, follow, max-snippet:-1, max-image-preview:large, max-video-preview:-1\" \/>\n<link rel=\"canonical\" href=\"https:\/\/www.hsymachinery.com\/cs\/produkt\/pojezdova-motorova-lzice-ptr-h80\/\" \/>\n<meta property=\"og:locale\" content=\"cs_CZ\" \/>\n<meta property=\"og:type\" content=\"article\" \/>\n<meta property=\"og:title\" content=\"Ride-On Power Trowel PTR-H80 - HSY Construction Machinery\" \/>\n<meta property=\"og:description\" content=\"PTR-H80 ride-on concrete trowel with Honda engine ensures efficient slab finishing with smooth handling and fuel economy. Ideal for medium-sized industrial projects.Ride-On Power Trowel PTR-H80\" \/>\n<meta property=\"og:url\" content=\"https:\/\/www.hsymachinery.com\/cs\/produkt\/pojezdova-motorova-lzice-ptr-h80\/\" \/>\n<meta property=\"og:site_name\" content=\"HSY Construction Machinery\" \/>\n<meta property=\"article:modified_time\" content=\"2025-06-28T15:44:40+00:00\" \/>\n<meta property=\"og:image\" content=\"https:\/\/www.hsymachinery.com\/wp-content\/uploads\/2025\/06\/Ride-On-Power-Trowel-PTR-H80.jpg\" \/>\n\t<meta property=\"og:image:width\" content=\"800\" \/>\n\t<meta property=\"og:image:height\" content=\"800\" \/>\n\t<meta property=\"og:image:type\" content=\"image\/jpeg\" \/>\n<meta name=\"twitter:card\" content=\"summary_large_image\" \/>\n<meta name=\"twitter:label1\" content=\"Odhadovan\u00e1 doba \u010dten\u00ed\" \/>\n\t<meta name=\"twitter:data1\" content=\"2 minuty\" \/>\n<script type=\"application\/ld+json\" class=\"yoast-schema-graph\">{\"@context\":\"https:\/\/schema.org\",\"@graph\":[{\"@type\":\"WebPage\",\"@id\":\"https:\/\/www.hsymachinery.com\/product\/ride-on-power-trowel-ptr-h80\/\",\"url\":\"https:\/\/www.hsymachinery.com\/product\/ride-on-power-trowel-ptr-h80\/\",\"name\":\"Ride-On Power Trowel PTR-H80 - HSY Construction Machinery\",\"isPartOf\":{\"@id\":\"https:\/\/www.hsymachinery.com\/#website\"},\"primaryImageOfPage\":{\"@id\":\"https:\/\/www.hsymachinery.com\/product\/ride-on-power-trowel-ptr-h80\/#primaryimage\"},\"image\":{\"@id\":\"https:\/\/www.hsymachinery.com\/product\/ride-on-power-trowel-ptr-h80\/#primaryimage\"},\"thumbnailUrl\":\"https:\/\/www.hsymachinery.com\/wp-content\/uploads\/2025\/06\/Ride-On-Power-Trowel-PTR-H80.jpg\",\"datePublished\":\"2025-06-18T13:17:00+00:00\",\"dateModified\":\"2025-06-28T15:44:40+00:00\",\"description\":\"PTR-H80 ride-on concrete trowel with Honda engine ensures efficient slab finishing with smooth handling and fuel economy. Ideal for medium-sized industrial projects.Ride-On Power Trowel PTR-H80\",\"breadcrumb\":{\"@id\":\"https:\/\/www.hsymachinery.com\/product\/ride-on-power-trowel-ptr-h80\/#breadcrumb\"},\"inLanguage\":\"cs\",\"potentialAction\":[{\"@type\":\"ReadAction\",\"target\":[\"https:\/\/www.hsymachinery.com\/product\/ride-on-power-trowel-ptr-h80\/\"]}]},{\"@type\":\"ImageObject\",\"inLanguage\":\"cs\",\"@id\":\"https:\/\/www.hsymachinery.com\/product\/ride-on-power-trowel-ptr-h80\/#primaryimage\",\"url\":\"https:\/\/www.hsymachinery.com\/wp-content\/uploads\/2025\/06\/Ride-On-Power-Trowel-PTR-H80.jpg\",\"contentUrl\":\"https:\/\/www.hsymachinery.com\/wp-content\/uploads\/2025\/06\/Ride-On-Power-Trowel-PTR-H80.jpg\",\"width\":800,\"height\":800},{\"@type\":\"BreadcrumbList\",\"@id\":\"https:\/\/www.hsymachinery.com\/product\/ride-on-power-trowel-ptr-h80\/#breadcrumb\",\"itemListElement\":[{\"@type\":\"ListItem\",\"position\":1,\"name\":\"home\",\"item\":\"https:\/\/www.hsymachinery.com\/\"},{\"@type\":\"ListItem\",\"position\":2,\"name\":\"products\",\"item\":\"https:\/\/www.hsymachinery.com\/products\/\"},{\"@type\":\"ListItem\",\"position\":3,\"name\":\"Ride-On Power Trowel PTR-H80\"}]},{\"@type\":\"WebSite\",\"@id\":\"https:\/\/www.hsymachinery.com\/#website\",\"url\":\"https:\/\/www.hsymachinery.com\/\",\"name\":\"HSY Construction Machinery\",\"description\":\"HSY Machinery \u2013 A leading China construction machinery supplier, offering a wide range of light construction equipment. Our main products include Rebar Cutting Machine, Rebar Bending Machine, Rebar Stirrup Bending Machine, Rebar Arc Bending Machine, Rebar Straightening Machine, Five-Head Rebar Stirrup Bending Machine, Tamping Rammer, Plate Compactor, Concrete Cutter, Power Trowel, and other construction machinery. We are equipped with advanced CNC machines, and we enforce strict quality inspection standards along with comprehensive after-sales service. If you are interested in our products or services, we warmly welcome your inquiries via message.\",\"publisher\":{\"@id\":\"https:\/\/www.hsymachinery.com\/#organization\"},\"potentialAction\":[{\"@type\":\"SearchAction\",\"target\":{\"@type\":\"EntryPoint\",\"urlTemplate\":\"https:\/\/www.hsymachinery.com\/?s={search_term_string}\"},\"query-input\":{\"@type\":\"PropertyValueSpecification\",\"valueRequired\":true,\"valueName\":\"search_term_string\"}}],\"inLanguage\":\"cs\"},{\"@type\":\"Organization\",\"@id\":\"https:\/\/www.hsymachinery.com\/#organization\",\"name\":\"HSY Construction Machinery\",\"url\":\"https:\/\/www.hsymachinery.com\/\",\"logo\":{\"@type\":\"ImageObject\",\"inLanguage\":\"cs\",\"@id\":\"https:\/\/www.hsymachinery.com\/#\/schema\/logo\/image\/\",\"url\":\"https:\/\/www.hsymachinery.com\/wp-content\/uploads\/2025\/06\/cropped-HSY-machinery.png\",\"contentUrl\":\"https:\/\/www.hsymachinery.com\/wp-content\/uploads\/2025\/06\/cropped-HSY-machinery.png\",\"width\":600,\"height\":240,\"caption\":\"HSY Construction Machinery\"},\"image\":{\"@id\":\"https:\/\/www.hsymachinery.com\/#\/schema\/logo\/image\/\"}}]}<\/script>\n<!-- \/ Yoast SEO plugin. -->","yoast_head_json":{"title":"Motorov\u00e1 l\u017e\u00edce PTR-H80 s pojezdem - Stavebn\u00ed stroje HSY","description":"Poj\u00edzdn\u00e1 betonov\u00e1 l\u017e\u00edce PTR-H80 s motorem Honda zaji\u0161\u0165uje efektivn\u00ed dokon\u010dov\u00e1n\u00ed desek s plynulou manipulac\u00ed a \u00fasporou paliva. Ide\u00e1ln\u00ed pro st\u0159edn\u011b velk\u00e9 pr\u016fmyslov\u00e9 projekty.Poj\u00edzdn\u00e1 motorov\u00e1 st\u011brka PTR-H80","robots":{"index":"index","follow":"follow","max-snippet":"max-snippet:-1","max-image-preview":"max-image-preview:large","max-video-preview":"max-video-preview:-1"},"canonical":"https:\/\/www.hsymachinery.com\/cs\/produkt\/pojezdova-motorova-lzice-ptr-h80\/","og_locale":"cs_CZ","og_type":"article","og_title":"Ride-On Power Trowel PTR-H80 - HSY Construction Machinery","og_description":"PTR-H80 ride-on concrete trowel with Honda engine ensures efficient slab finishing with smooth handling and fuel economy. Ideal for medium-sized industrial projects.Ride-On Power Trowel PTR-H80","og_url":"https:\/\/www.hsymachinery.com\/cs\/produkt\/pojezdova-motorova-lzice-ptr-h80\/","og_site_name":"HSY Construction Machinery","article_modified_time":"2025-06-28T15:44:40+00:00","og_image":[{"width":800,"height":800,"url":"https:\/\/www.hsymachinery.com\/wp-content\/uploads\/2025\/06\/Ride-On-Power-Trowel-PTR-H80.jpg","type":"image\/jpeg"}],"twitter_card":"summary_large_image","twitter_misc":{"Odhadovan\u00e1 doba \u010dten\u00ed":"2 minuty"},"schema":{"@context":"https:\/\/schema.org","@graph":[{"@type":"WebPage","@id":"https:\/\/www.hsymachinery.com\/product\/ride-on-power-trowel-ptr-h80\/","url":"https:\/\/www.hsymachinery.com\/product\/ride-on-power-trowel-ptr-h80\/","name":"Motorov\u00e1 l\u017e\u00edce PTR-H80 s pojezdem - Stavebn\u00ed stroje HSY","isPartOf":{"@id":"https:\/\/www.hsymachinery.com\/#website"},"primaryImageOfPage":{"@id":"https:\/\/www.hsymachinery.com\/product\/ride-on-power-trowel-ptr-h80\/#primaryimage"},"image":{"@id":"https:\/\/www.hsymachinery.com\/product\/ride-on-power-trowel-ptr-h80\/#primaryimage"},"thumbnailUrl":"https:\/\/www.hsymachinery.com\/wp-content\/uploads\/2025\/06\/Ride-On-Power-Trowel-PTR-H80.jpg","datePublished":"2025-06-18T13:17:00+00:00","dateModified":"2025-06-28T15:44:40+00:00","description":"Poj\u00edzdn\u00e1 betonov\u00e1 l\u017e\u00edce PTR-H80 s motorem Honda zaji\u0161\u0165uje efektivn\u00ed dokon\u010dov\u00e1n\u00ed desek s plynulou manipulac\u00ed a \u00fasporou paliva. Ide\u00e1ln\u00ed pro st\u0159edn\u011b velk\u00e9 pr\u016fmyslov\u00e9 projekty.Poj\u00edzdn\u00e1 motorov\u00e1 st\u011brka PTR-H80","breadcrumb":{"@id":"https:\/\/www.hsymachinery.com\/product\/ride-on-power-trowel-ptr-h80\/#breadcrumb"},"inLanguage":"cs","potentialAction":[{"@type":"ReadAction","target":["https:\/\/www.hsymachinery.com\/product\/ride-on-power-trowel-ptr-h80\/"]}]},{"@type":"ImageObject","inLanguage":"cs","@id":"https:\/\/www.hsymachinery.com\/product\/ride-on-power-trowel-ptr-h80\/#primaryimage","url":"https:\/\/www.hsymachinery.com\/wp-content\/uploads\/2025\/06\/Ride-On-Power-Trowel-PTR-H80.jpg","contentUrl":"https:\/\/www.hsymachinery.com\/wp-content\/uploads\/2025\/06\/Ride-On-Power-Trowel-PTR-H80.jpg","width":800,"height":800},{"@type":"BreadcrumbList","@id":"https:\/\/www.hsymachinery.com\/product\/ride-on-power-trowel-ptr-h80\/#breadcrumb","itemListElement":[{"@type":"ListItem","position":1,"name":"home","item":"https:\/\/www.hsymachinery.com\/"},{"@type":"ListItem","position":2,"name":"products","item":"https:\/\/www.hsymachinery.com\/products\/"},{"@type":"ListItem","position":3,"name":"Ride-On Power Trowel PTR-H80"}]},{"@type":"WebSite","@id":"https:\/\/www.hsymachinery.com\/#website","url":"https:\/\/www.hsymachinery.com\/","name":"Stavebn\u00ed stroje HSY","description":"HSY Machinery - P\u0159edn\u00ed \u010d\u00ednsk\u00fd dodavatel stavebn\u00edch stroj\u016f, kter\u00fd nab\u00edz\u00ed \u0161irokou \u0161k\u00e1lu lehk\u00fdch stavebn\u00edch stroj\u016f. Mezi na\u0161e hlavn\u00ed produkty pat\u0159\u00ed \u0159eza\u010dka prut\u016f, oh\u00fdba\u010dka prut\u016f, oh\u00fdba\u010dka prut\u016f, obloukov\u00e1 oh\u00fdba\u010dka prut\u016f, rovna\u010dka prut\u016f, p\u011btihlav\u0148ov\u00e1 oh\u00fdba\u010dka prut\u016f, p\u011bchovac\u00ed kladivo, zhut\u0148ova\u010d desek, \u0159eza\u010dka betonu, motorov\u00e1 st\u011brka a dal\u0161\u00ed stavebn\u00ed stroje. Jsme vybaveni modern\u00edmi CNC stroji a prosazujeme p\u0159\u00edsn\u00e9 standardy kontroly kvality spolu s komplexn\u00edm poprodejn\u00edm servisem. Pokud m\u00e1te z\u00e1jem o na\u0161e v\u00fdrobky nebo slu\u017eby, srde\u010dn\u011b uv\u00edt\u00e1me va\u0161e dotazy prost\u0159ednictv\u00edm zpr\u00e1vy.","publisher":{"@id":"https:\/\/www.hsymachinery.com\/#organization"},"potentialAction":[{"@type":"SearchAction","target":{"@type":"EntryPoint","urlTemplate":"https:\/\/www.hsymachinery.com\/?s={search_term_string}"},"query-input":{"@type":"PropertyValueSpecification","valueRequired":true,"valueName":"search_term_string"}}],"inLanguage":"cs"},{"@type":"Organization","@id":"https:\/\/www.hsymachinery.com\/#organization","name":"Stavebn\u00ed stroje HSY","url":"https:\/\/www.hsymachinery.com\/","logo":{"@type":"ImageObject","inLanguage":"cs","@id":"https:\/\/www.hsymachinery.com\/#\/schema\/logo\/image\/","url":"https:\/\/www.hsymachinery.com\/wp-content\/uploads\/2025\/06\/cropped-HSY-machinery.png","contentUrl":"https:\/\/www.hsymachinery.com\/wp-content\/uploads\/2025\/06\/cropped-HSY-machinery.png","width":600,"height":240,"caption":"HSY Construction Machinery"},"image":{"@id":"https:\/\/www.hsymachinery.com\/#\/schema\/logo\/image\/"}}]}},"_links":{"self":[{"href":"https:\/\/www.hsymachinery.com\/cs\/wp-json\/wp\/v2\/product\/9226","targetHints":{"allow":["GET"]}}],"collection":[{"href":"https:\/\/www.hsymachinery.com\/cs\/wp-json\/wp\/v2\/product"}],"about":[{"href":"https:\/\/www.hsymachinery.com\/cs\/wp-json\/wp\/v2\/types\/product"}],"version-history":[{"count":3,"href":"https:\/\/www.hsymachinery.com\/cs\/wp-json\/wp\/v2\/product\/9226\/revisions"}],"predecessor-version":[{"id":9620,"href":"https:\/\/www.hsymachinery.com\/cs\/wp-json\/wp\/v2\/product\/9226\/revisions\/9620"}],"wp:featuredmedia":[{"embeddable":true,"href":"https:\/\/www.hsymachinery.com\/cs\/wp-json\/wp\/v2\/media\/9227"}],"wp:attachment":[{"href":"https:\/\/www.hsymachinery.com\/cs\/wp-json\/wp\/v2\/media?parent=9226"}],"wp:term":[{"taxonomy":"product_brand","embeddable":true,"href":"https:\/\/www.hsymachinery.com\/cs\/wp-json\/wp\/v2\/product_brand?post=9226"},{"taxonomy":"product_cat","embeddable":true,"href":"https:\/\/www.hsymachinery.com\/cs\/wp-json\/wp\/v2\/product_cat?post=9226"},{"taxonomy":"product_tag","embeddable":true,"href":"https:\/\/www.hsymachinery.com\/cs\/wp-json\/wp\/v2\/product_tag?post=9226"}],"curies":[{"name":"wp","href":"https:\/\/api.w.org\/{rel}","templated":true}]}}