{"id":9211,"date":"2025-06-18T20:38:34","date_gmt":"2025-06-18T12:38:34","guid":{"rendered":"https:\/\/www.hsymachinery.com\/?post_type=product&#038;p=9211"},"modified":"2025-06-28T23:14:56","modified_gmt":"2025-06-28T15:14:56","slug":"motorova-lzice-s-pojezdem-pth-l100b","status":"publish","type":"product","link":"https:\/\/www.hsymachinery.com\/cs\/produkt\/motorova-lzice-s-pojezdem-pth-l100b\/","title":{"rendered":"Elektrick\u00e1 l\u017e\u00edce PTH-L100B s chod\u00edc\u00edm ramenem"},"content":{"rendered":"<h2 data-start=\"155\" data-end=\"197\">Elektrick\u00e1 l\u017e\u00edce PTH-L100B s chod\u00edc\u00edm ramenem<\/h2>\n<h3 data-start=\"198\" data-end=\"320\">PTH-L100B Velkoplo\u0161n\u00e1 benz\u00ednov\u00e1 beton\u00e1\u0159sk\u00e1 l\u017e\u00edce | Motor Longxin | Vylep\u0161en\u00e9 dokon\u010dov\u00e1n\u00ed desek pro vysoce efektivn\u00ed projekty<\/h3>\n<h3 data-start=\"327\" data-end=\"438\">Popis produktu - Longxin-Powered Trowel pro vyhlazov\u00e1n\u00ed velk\u00fdch betonov\u00fdch desek s vylep\u0161en\u00edm v\u00fdkonu<a href=\"https:\/\/www.hsymachinery.com\/cs\/produkty\/motorova-lzice-s-pojezdem\/\" target=\"_blank\" rel=\"noopener\"><img fetchpriority=\"high\" decoding=\"async\" class=\"wp-image-9212 alignright\" src=\"https:\/\/www.hsymachinery.com\/wp-content\/uploads\/2025\/06\/Walk-Behind-Power-Trowel-PTH-L100B-244x300.jpg\" alt=\"\" width=\"451\" height=\"555\" srcset=\"https:\/\/www.hsymachinery.com\/wp-content\/uploads\/2025\/06\/Walk-Behind-Power-Trowel-PTH-L100B-244x300.jpg 244w, https:\/\/www.hsymachinery.com\/wp-content\/uploads\/2025\/06\/Walk-Behind-Power-Trowel-PTH-L100B.jpg 600w\" sizes=\"(max-width: 451px) 100vw, 451px\" \/><\/a><\/h3>\n<p data-start=\"440\" data-end=\"853\">Na str\u00e1nk\u00e1ch <strong data-start=\"444\" data-end=\"482\">Motorov\u00e1 l\u017e\u00edce PTH-L100B s pojezdem<\/strong> je benz\u00ednov\u00fd stroj na dokon\u010dov\u00e1n\u00ed betonu s velk\u00fdm pr\u016fm\u011brem a spolehliv\u00fdm motorem Longxin. Tento model je vylep\u0161enou verz\u00ed standardn\u00edch 100 cm hlad\u00edtek a byl navr\u017een s ohledem na vy\u0161\u0161\u00ed odolnost, lep\u0161\u00ed vyv\u00e1\u017een\u00ed a p\u0159esn\u011bj\u0161\u00ed ovl\u00e1d\u00e1n\u00ed dokon\u010dovac\u00edch prac\u00ed - je tedy ide\u00e1ln\u00ed pro profesion\u00e1ly, kte\u0159\u00ed zpracov\u00e1vaj\u00ed st\u0159edn\u011b velk\u00e9 a\u017e velk\u00e9 projekty betonov\u00fdch desek.<\/p>\n<p data-start=\"855\" data-end=\"1200\">D\u00edky pr\u016fm\u011bru st\u011brky 100 cm zvy\u0161uje PTH-L100B pokryt\u00ed na jeden pr\u016fjezd, \u010d\u00edm\u017e v\u00fdrazn\u011b zvy\u0161uje produktivitu na pr\u016fmyslov\u00fdch podlah\u00e1ch, ve skladech a na parkovi\u0161t\u00edch. Syst\u00e9m nastaviteln\u00e9 rozte\u010de no\u017e\u016f stroje nav\u00edc umo\u017e\u0148uje plynul\u00fd p\u0159echod mezi st\u011brkov\u00e1n\u00edm a fin\u00e1ln\u00ed \u00fapravou a zaji\u0161\u0165uje bezchybn\u00fd povrch s vysok\u00fdm leskem.<\/p>\n<p data-start=\"1202\" data-end=\"1644\">Zes\u00edlen\u00e1 p\u0159evodovka, modernizovan\u00e1 ramena pavouka a vylep\u0161en\u00fd bezpe\u010dnostn\u00ed krou\u017eek nav\u00edc umo\u017e\u0148uj\u00ed spolehliv\u00fd provoz stroje v n\u00e1ro\u010dn\u00fdch podm\u00ednk\u00e1ch. Jeho ergonomick\u00e1 skl\u00e1dac\u00ed rukoje\u0165 obsahuje \u00fachyty sni\u017euj\u00edc\u00ed vibrace a nab\u00edz\u00ed tak vy\u0161\u0161\u00ed komfort obsluhy p\u0159i del\u0161\u00edm pou\u017e\u00edv\u00e1n\u00ed. Benz\u00ednov\u00fd motor Longxin poskytuje stabiln\u00ed to\u010div\u00fd moment, plynul\u00fd v\u00fdkon a vynikaj\u00edc\u00ed palivovou \u00fa\u010dinnost, \u010d\u00edm\u017e dlouhodob\u011b sni\u017euje provozn\u00ed n\u00e1klady.<\/p>\n<p data-start=\"1646\" data-end=\"1862\">D\u00edky vylep\u0161en\u00e9 konstrukci spl\u0148uje PTH-L100B nejen pot\u0159eby velk\u00fdch staveni\u0161\u0165, ale tak\u00e9 poskytuje st\u00e1lou kvalitu, provozn\u00ed stabilitu a dlouhou \u017eivotnost, a to i v n\u00e1ro\u010dn\u00fdch podm\u00ednk\u00e1ch.<\/p>\n<h3 data-start=\"1869\" data-end=\"1926\">Kl\u00ed\u010dov\u00e9 vlastnosti motorov\u00e9 l\u017e\u00edce PTH-L100B s chod\u00edc\u00edm ramenem<\/h3>\n<ul data-start=\"1928\" data-end=\"2358\">\n<li data-start=\"1928\" data-end=\"2000\">\n<p data-start=\"1930\" data-end=\"2000\">Pohon benz\u00ednov\u00fdm motorem Longxin pro siln\u00fd a stabiln\u00ed v\u00fdkon<\/p>\n<\/li>\n<li data-start=\"2001\" data-end=\"2074\">\n<p data-start=\"2003\" data-end=\"2074\">Pr\u016fm\u011br hlad\u00edtka 100 cm zvy\u0161uje efektivitu dokon\u010dov\u00e1n\u00ed velk\u00fdch desek<\/p>\n<\/li>\n<li data-start=\"2075\" data-end=\"2149\">\n<p data-start=\"2077\" data-end=\"2149\">Vylep\u0161en\u00e1 p\u0159evodovka a konstrukce pro vy\u0161\u0161\u00ed odolnost a dlouhodob\u00e9 pou\u017e\u00edv\u00e1n\u00ed<\/p>\n<\/li>\n<li data-start=\"2150\" data-end=\"2227\">\n<p data-start=\"2152\" data-end=\"2227\">Nastaviteln\u00e1 rozte\u010d no\u017e\u016f umo\u017e\u0148uje p\u0159esn\u00e9 ovl\u00e1d\u00e1n\u00ed pro plovouc\u00ed nebo le\u0161tic\u00ed pr\u00e1ce.<\/p>\n<\/li>\n<li data-start=\"2228\" data-end=\"2287\">\n<p data-start=\"2230\" data-end=\"2287\">Skl\u00e1dac\u00ed antivibra\u010dn\u00ed rukoje\u0165 sni\u017euje \u00fanavu obsluhy<\/p>\n<\/li>\n<li data-start=\"2288\" data-end=\"2358\">\n<p data-start=\"2290\" data-end=\"2358\">Ide\u00e1ln\u00ed pro pr\u016fmyslov\u00e9, komer\u010dn\u00ed a komun\u00e1ln\u00ed \u00fapravy betonu.<\/p>\n<\/li>\n<\/ul>\n<h3 data-start=\"2365\" data-end=\"2451\">Pou\u017eit\u00ed - nejvhodn\u011bj\u0161\u00ed pro velk\u00e9 desky, sklady, d\u00edlny a parkovac\u00ed konstrukce<\/h3>\n<p data-start=\"2453\" data-end=\"2757\">PTH-L100B se \u0161iroce pou\u017e\u00edv\u00e1 v tov\u00e1rn\u00e1ch, logistick\u00fdch centrech, na velk\u00fdch p\u0159\u00edjezdov\u00fdch cest\u00e1ch a v projektech komer\u010dn\u00edch nemovitost\u00ed. D\u00edky vysoce efektivn\u00edmu provozu a profesion\u00e1ln\u00edm v\u00fdsledk\u016fm je preferovan\u00fdm n\u00e1strojem pro dodavatele, kte\u0159\u00ed po\u017eaduj\u00ed v\u00fdkon, spolehlivost a kvalitu v jednom stroji.<\/p>\n<p data-start=\"2759\" data-end=\"2889\">Proto je obl\u00edben\u00e1 zejm\u00e9na v n\u00e1ro\u010dn\u00fdch stavebn\u00edch term\u00ednech, kdy nelze slevit z kvality kryt\u00ed a povrchov\u00e9 \u00fapravy.<\/p>\n<p><iframe title=\"motorov\u00e1 st\u011brka, ru\u010dn\u00ed tla\u010dn\u00e1 motorov\u00e1 st\u011brka, st\u011brka, beton #st\u011brka #powertrowe#concrete\" width=\"720\" height=\"405\" src=\"https:\/\/www.youtube.com\/embed\/pa6AuNhMrwI?feature=oembed\" frameborder=\"0\" allow=\"accelerometer; autoplay; clipboard-write; encrypted-media; gyroscope; picture-in-picture; web-share\" referrerpolicy=\"strict-origin-when-cross-origin\" allowfullscreen><\/iframe><\/p>","protected":false},"excerpt":{"rendered":"<p>Benz\u00ednov\u00e9 hlad\u00edtko PTH-L100B je vybaveno motorem Longxin a pr\u016fm\u011brem 100 cm pro rychl\u00e9, odoln\u00e9 a p\u0159esn\u00e9 dokon\u010dov\u00e1n\u00ed betonov\u00fdch desek na velk\u00fdch staveni\u0161t\u00edch.<\/p>","protected":false},"featured_media":9212,"template":"","meta":{"_kad_post_transparent":"default","_kad_post_title":"","_kad_post_layout":"default","_kad_post_sidebar_id":"","_kad_post_content_style":"default","_kad_post_vertical_padding":"default","_kad_post_feature":"","_kad_post_feature_position":"","_kad_post_header":false,"_kad_post_footer":false},"product_brand":[],"product_cat":[55],"product_tag":[1084,1083,1087,1081,1086,1085,1089,1088,1090,1082],"class_list":{"0":"post-9211","1":"product","2":"type-product","3":"status-publish","4":"has-post-thumbnail","6":"product_cat-walk-behind-power-trowel","7":"product_tag-cement-power-trowel","8":"product_tag-concrete-finishing-trowel","9":"product_tag-concrete-floor-finishing-machine","10":"product_tag-concrete-power-trowel","11":"product_tag-electric-walk-behind-trowel","12":"product_tag-gasoline-power-trowel","13":"product_tag-hand-operated-power-trowel","14":"product_tag-manual-power-trowel","15":"product_tag-walk-behind-concrete-finishing-machine","16":"product_tag-walk-behind-trowel-machine","18":"first","19":"instock","20":"shipping-taxable","21":"product-type-simple","22":"entry","23":"content-bg","24":"loop-entry"},"yoast_head":"<!-- This site is optimized with the Yoast SEO plugin v25.3.1 - https:\/\/yoast.com\/wordpress\/plugins\/seo\/ -->\n<title>Walk-Behind Power Trowel PTH-L100B - HSY Construction Machinery<\/title>\n<meta name=\"description\" content=\"PTH-L100B walk-behind trowel with Longxin gasoline engine offers 100 cm coverage, enhanced durability, and smooth slab finishing for commercial and industrial projects.Walk-Behind Power Trowel PTH-L100B\" \/>\n<meta name=\"robots\" content=\"index, follow, max-snippet:-1, max-image-preview:large, max-video-preview:-1\" \/>\n<link rel=\"canonical\" href=\"https:\/\/www.hsymachinery.com\/cs\/produkt\/motorova-lzice-s-pojezdem-pth-l100b\/\" \/>\n<meta property=\"og:locale\" content=\"cs_CZ\" \/>\n<meta property=\"og:type\" content=\"article\" \/>\n<meta property=\"og:title\" content=\"Walk-Behind Power Trowel PTH-L100B - HSY Construction Machinery\" \/>\n<meta property=\"og:description\" content=\"PTH-L100B walk-behind trowel with Longxin gasoline engine offers 100 cm coverage, enhanced durability, and smooth slab finishing for commercial and industrial projects.Walk-Behind Power Trowel PTH-L100B\" \/>\n<meta property=\"og:url\" content=\"https:\/\/www.hsymachinery.com\/cs\/produkt\/motorova-lzice-s-pojezdem-pth-l100b\/\" \/>\n<meta property=\"og:site_name\" content=\"HSY Construction Machinery\" \/>\n<meta property=\"article:modified_time\" content=\"2025-06-28T15:14:56+00:00\" \/>\n<meta property=\"og:image\" content=\"https:\/\/www.hsymachinery.com\/wp-content\/uploads\/2025\/06\/Walk-Behind-Power-Trowel-PTH-L100B.jpg\" \/>\n\t<meta property=\"og:image:width\" content=\"600\" \/>\n\t<meta property=\"og:image:height\" content=\"738\" \/>\n\t<meta property=\"og:image:type\" content=\"image\/jpeg\" \/>\n<meta name=\"twitter:card\" content=\"summary_large_image\" \/>\n<meta name=\"twitter:label1\" content=\"Odhadovan\u00e1 doba \u010dten\u00ed\" \/>\n\t<meta name=\"twitter:data1\" content=\"2 minuty\" \/>\n<script type=\"application\/ld+json\" class=\"yoast-schema-graph\">{\"@context\":\"https:\/\/schema.org\",\"@graph\":[{\"@type\":\"WebPage\",\"@id\":\"https:\/\/www.hsymachinery.com\/product\/walk-behind-power-trowel-pth-l100b\/\",\"url\":\"https:\/\/www.hsymachinery.com\/product\/walk-behind-power-trowel-pth-l100b\/\",\"name\":\"Walk-Behind Power Trowel PTH-L100B - HSY Construction Machinery\",\"isPartOf\":{\"@id\":\"https:\/\/www.hsymachinery.com\/#website\"},\"primaryImageOfPage\":{\"@id\":\"https:\/\/www.hsymachinery.com\/product\/walk-behind-power-trowel-pth-l100b\/#primaryimage\"},\"image\":{\"@id\":\"https:\/\/www.hsymachinery.com\/product\/walk-behind-power-trowel-pth-l100b\/#primaryimage\"},\"thumbnailUrl\":\"https:\/\/www.hsymachinery.com\/wp-content\/uploads\/2025\/06\/Walk-Behind-Power-Trowel-PTH-L100B.jpg\",\"datePublished\":\"2025-06-18T12:38:34+00:00\",\"dateModified\":\"2025-06-28T15:14:56+00:00\",\"description\":\"PTH-L100B walk-behind trowel with Longxin gasoline engine offers 100 cm coverage, enhanced durability, and smooth slab finishing for commercial and industrial projects.Walk-Behind Power Trowel PTH-L100B\",\"breadcrumb\":{\"@id\":\"https:\/\/www.hsymachinery.com\/product\/walk-behind-power-trowel-pth-l100b\/#breadcrumb\"},\"inLanguage\":\"cs\",\"potentialAction\":[{\"@type\":\"ReadAction\",\"target\":[\"https:\/\/www.hsymachinery.com\/product\/walk-behind-power-trowel-pth-l100b\/\"]}]},{\"@type\":\"ImageObject\",\"inLanguage\":\"cs\",\"@id\":\"https:\/\/www.hsymachinery.com\/product\/walk-behind-power-trowel-pth-l100b\/#primaryimage\",\"url\":\"https:\/\/www.hsymachinery.com\/wp-content\/uploads\/2025\/06\/Walk-Behind-Power-Trowel-PTH-L100B.jpg\",\"contentUrl\":\"https:\/\/www.hsymachinery.com\/wp-content\/uploads\/2025\/06\/Walk-Behind-Power-Trowel-PTH-L100B.jpg\",\"width\":600,\"height\":738},{\"@type\":\"BreadcrumbList\",\"@id\":\"https:\/\/www.hsymachinery.com\/product\/walk-behind-power-trowel-pth-l100b\/#breadcrumb\",\"itemListElement\":[{\"@type\":\"ListItem\",\"position\":1,\"name\":\"home\",\"item\":\"https:\/\/www.hsymachinery.com\/\"},{\"@type\":\"ListItem\",\"position\":2,\"name\":\"products\",\"item\":\"https:\/\/www.hsymachinery.com\/products\/\"},{\"@type\":\"ListItem\",\"position\":3,\"name\":\"Walk-Behind Power Trowel PTH-L100B\"}]},{\"@type\":\"WebSite\",\"@id\":\"https:\/\/www.hsymachinery.com\/#website\",\"url\":\"https:\/\/www.hsymachinery.com\/\",\"name\":\"HSY Construction Machinery\",\"description\":\"HSY Machinery \u2013 A leading China construction machinery supplier, offering a wide range of light construction equipment. Our main products include Rebar Cutting Machine, Rebar Bending Machine, Rebar Stirrup Bending Machine, Rebar Arc Bending Machine, Rebar Straightening Machine, Five-Head Rebar Stirrup Bending Machine, Tamping Rammer, Plate Compactor, Concrete Cutter, Power Trowel, and other construction machinery. We are equipped with advanced CNC machines, and we enforce strict quality inspection standards along with comprehensive after-sales service. If you are interested in our products or services, we warmly welcome your inquiries via message.\",\"publisher\":{\"@id\":\"https:\/\/www.hsymachinery.com\/#organization\"},\"potentialAction\":[{\"@type\":\"SearchAction\",\"target\":{\"@type\":\"EntryPoint\",\"urlTemplate\":\"https:\/\/www.hsymachinery.com\/?s={search_term_string}\"},\"query-input\":{\"@type\":\"PropertyValueSpecification\",\"valueRequired\":true,\"valueName\":\"search_term_string\"}}],\"inLanguage\":\"cs\"},{\"@type\":\"Organization\",\"@id\":\"https:\/\/www.hsymachinery.com\/#organization\",\"name\":\"HSY Construction Machinery\",\"url\":\"https:\/\/www.hsymachinery.com\/\",\"logo\":{\"@type\":\"ImageObject\",\"inLanguage\":\"cs\",\"@id\":\"https:\/\/www.hsymachinery.com\/#\/schema\/logo\/image\/\",\"url\":\"https:\/\/www.hsymachinery.com\/wp-content\/uploads\/2025\/06\/cropped-HSY-machinery.png\",\"contentUrl\":\"https:\/\/www.hsymachinery.com\/wp-content\/uploads\/2025\/06\/cropped-HSY-machinery.png\",\"width\":600,\"height\":240,\"caption\":\"HSY Construction Machinery\"},\"image\":{\"@id\":\"https:\/\/www.hsymachinery.com\/#\/schema\/logo\/image\/\"}}]}<\/script>\n<!-- \/ Yoast SEO plugin. -->","yoast_head_json":{"title":"Elektrick\u00e1 l\u017e\u00edce PTH-L100B - Stavebn\u00ed stroje HSY","description":"Kr\u00e1\u010dej\u00edc\u00ed hlad\u00edtko PTH-L100B s benz\u00ednov\u00fdm motorem Longxin nab\u00edz\u00ed pokryt\u00ed 100 cm, zv\u00fd\u0161enou odolnost a hladkou povrchovou \u00fapravu desek pro komer\u010dn\u00ed a pr\u016fmyslov\u00e9 projekty.Kr\u00e1\u010dej\u00edc\u00ed hlad\u00edtko PTH-L100B","robots":{"index":"index","follow":"follow","max-snippet":"max-snippet:-1","max-image-preview":"max-image-preview:large","max-video-preview":"max-video-preview:-1"},"canonical":"https:\/\/www.hsymachinery.com\/cs\/produkt\/motorova-lzice-s-pojezdem-pth-l100b\/","og_locale":"cs_CZ","og_type":"article","og_title":"Walk-Behind Power Trowel PTH-L100B - HSY Construction Machinery","og_description":"PTH-L100B walk-behind trowel with Longxin gasoline engine offers 100 cm coverage, enhanced durability, and smooth slab finishing for commercial and industrial projects.Walk-Behind Power Trowel PTH-L100B","og_url":"https:\/\/www.hsymachinery.com\/cs\/produkt\/motorova-lzice-s-pojezdem-pth-l100b\/","og_site_name":"HSY Construction Machinery","article_modified_time":"2025-06-28T15:14:56+00:00","og_image":[{"width":600,"height":738,"url":"https:\/\/www.hsymachinery.com\/wp-content\/uploads\/2025\/06\/Walk-Behind-Power-Trowel-PTH-L100B.jpg","type":"image\/jpeg"}],"twitter_card":"summary_large_image","twitter_misc":{"Odhadovan\u00e1 doba \u010dten\u00ed":"2 minuty"},"schema":{"@context":"https:\/\/schema.org","@graph":[{"@type":"WebPage","@id":"https:\/\/www.hsymachinery.com\/product\/walk-behind-power-trowel-pth-l100b\/","url":"https:\/\/www.hsymachinery.com\/product\/walk-behind-power-trowel-pth-l100b\/","name":"Elektrick\u00e1 l\u017e\u00edce PTH-L100B - Stavebn\u00ed stroje HSY","isPartOf":{"@id":"https:\/\/www.hsymachinery.com\/#website"},"primaryImageOfPage":{"@id":"https:\/\/www.hsymachinery.com\/product\/walk-behind-power-trowel-pth-l100b\/#primaryimage"},"image":{"@id":"https:\/\/www.hsymachinery.com\/product\/walk-behind-power-trowel-pth-l100b\/#primaryimage"},"thumbnailUrl":"https:\/\/www.hsymachinery.com\/wp-content\/uploads\/2025\/06\/Walk-Behind-Power-Trowel-PTH-L100B.jpg","datePublished":"2025-06-18T12:38:34+00:00","dateModified":"2025-06-28T15:14:56+00:00","description":"Kr\u00e1\u010dej\u00edc\u00ed hlad\u00edtko PTH-L100B s benz\u00ednov\u00fdm motorem Longxin nab\u00edz\u00ed pokryt\u00ed 100 cm, zv\u00fd\u0161enou odolnost a hladkou povrchovou \u00fapravu desek pro komer\u010dn\u00ed a pr\u016fmyslov\u00e9 projekty.Kr\u00e1\u010dej\u00edc\u00ed hlad\u00edtko PTH-L100B","breadcrumb":{"@id":"https:\/\/www.hsymachinery.com\/product\/walk-behind-power-trowel-pth-l100b\/#breadcrumb"},"inLanguage":"cs","potentialAction":[{"@type":"ReadAction","target":["https:\/\/www.hsymachinery.com\/product\/walk-behind-power-trowel-pth-l100b\/"]}]},{"@type":"ImageObject","inLanguage":"cs","@id":"https:\/\/www.hsymachinery.com\/product\/walk-behind-power-trowel-pth-l100b\/#primaryimage","url":"https:\/\/www.hsymachinery.com\/wp-content\/uploads\/2025\/06\/Walk-Behind-Power-Trowel-PTH-L100B.jpg","contentUrl":"https:\/\/www.hsymachinery.com\/wp-content\/uploads\/2025\/06\/Walk-Behind-Power-Trowel-PTH-L100B.jpg","width":600,"height":738},{"@type":"BreadcrumbList","@id":"https:\/\/www.hsymachinery.com\/product\/walk-behind-power-trowel-pth-l100b\/#breadcrumb","itemListElement":[{"@type":"ListItem","position":1,"name":"home","item":"https:\/\/www.hsymachinery.com\/"},{"@type":"ListItem","position":2,"name":"products","item":"https:\/\/www.hsymachinery.com\/products\/"},{"@type":"ListItem","position":3,"name":"Walk-Behind Power Trowel PTH-L100B"}]},{"@type":"WebSite","@id":"https:\/\/www.hsymachinery.com\/#website","url":"https:\/\/www.hsymachinery.com\/","name":"Stavebn\u00ed stroje HSY","description":"HSY Machinery - P\u0159edn\u00ed \u010d\u00ednsk\u00fd dodavatel stavebn\u00edch stroj\u016f, kter\u00fd nab\u00edz\u00ed \u0161irokou \u0161k\u00e1lu lehk\u00fdch stavebn\u00edch stroj\u016f. Mezi na\u0161e hlavn\u00ed produkty pat\u0159\u00ed \u0159eza\u010dka prut\u016f, oh\u00fdba\u010dka prut\u016f, oh\u00fdba\u010dka prut\u016f, obloukov\u00e1 oh\u00fdba\u010dka prut\u016f, rovna\u010dka prut\u016f, p\u011btihlav\u0148ov\u00e1 oh\u00fdba\u010dka prut\u016f, p\u011bchovac\u00ed kladivo, zhut\u0148ova\u010d desek, \u0159eza\u010dka betonu, motorov\u00e1 st\u011brka a dal\u0161\u00ed stavebn\u00ed stroje. Jsme vybaveni modern\u00edmi CNC stroji a prosazujeme p\u0159\u00edsn\u00e9 standardy kontroly kvality spolu s komplexn\u00edm poprodejn\u00edm servisem. Pokud m\u00e1te z\u00e1jem o na\u0161e v\u00fdrobky nebo slu\u017eby, srde\u010dn\u011b uv\u00edt\u00e1me va\u0161e dotazy prost\u0159ednictv\u00edm zpr\u00e1vy.","publisher":{"@id":"https:\/\/www.hsymachinery.com\/#organization"},"potentialAction":[{"@type":"SearchAction","target":{"@type":"EntryPoint","urlTemplate":"https:\/\/www.hsymachinery.com\/?s={search_term_string}"},"query-input":{"@type":"PropertyValueSpecification","valueRequired":true,"valueName":"search_term_string"}}],"inLanguage":"cs"},{"@type":"Organization","@id":"https:\/\/www.hsymachinery.com\/#organization","name":"Stavebn\u00ed stroje HSY","url":"https:\/\/www.hsymachinery.com\/","logo":{"@type":"ImageObject","inLanguage":"cs","@id":"https:\/\/www.hsymachinery.com\/#\/schema\/logo\/image\/","url":"https:\/\/www.hsymachinery.com\/wp-content\/uploads\/2025\/06\/cropped-HSY-machinery.png","contentUrl":"https:\/\/www.hsymachinery.com\/wp-content\/uploads\/2025\/06\/cropped-HSY-machinery.png","width":600,"height":240,"caption":"HSY Construction Machinery"},"image":{"@id":"https:\/\/www.hsymachinery.com\/#\/schema\/logo\/image\/"}}]}},"_links":{"self":[{"href":"https:\/\/www.hsymachinery.com\/cs\/wp-json\/wp\/v2\/product\/9211","targetHints":{"allow":["GET"]}}],"collection":[{"href":"https:\/\/www.hsymachinery.com\/cs\/wp-json\/wp\/v2\/product"}],"about":[{"href":"https:\/\/www.hsymachinery.com\/cs\/wp-json\/wp\/v2\/types\/product"}],"version-history":[{"count":3,"href":"https:\/\/www.hsymachinery.com\/cs\/wp-json\/wp\/v2\/product\/9211\/revisions"}],"predecessor-version":[{"id":9606,"href":"https:\/\/www.hsymachinery.com\/cs\/wp-json\/wp\/v2\/product\/9211\/revisions\/9606"}],"wp:featuredmedia":[{"embeddable":true,"href":"https:\/\/www.hsymachinery.com\/cs\/wp-json\/wp\/v2\/media\/9212"}],"wp:attachment":[{"href":"https:\/\/www.hsymachinery.com\/cs\/wp-json\/wp\/v2\/media?parent=9211"}],"wp:term":[{"taxonomy":"product_brand","embeddable":true,"href":"https:\/\/www.hsymachinery.com\/cs\/wp-json\/wp\/v2\/product_brand?post=9211"},{"taxonomy":"product_cat","embeddable":true,"href":"https:\/\/www.hsymachinery.com\/cs\/wp-json\/wp\/v2\/product_cat?post=9211"},{"taxonomy":"product_tag","embeddable":true,"href":"https:\/\/www.hsymachinery.com\/cs\/wp-json\/wp\/v2\/product_tag?post=9211"}],"curies":[{"name":"wp","href":"https:\/\/api.w.org\/{rel}","templated":true}]}}