{"id":9202,"date":"2025-06-18T20:33:18","date_gmt":"2025-06-18T12:33:18","guid":{"rendered":"https:\/\/www.hsymachinery.com\/?post_type=product&#038;p=9202"},"modified":"2025-06-28T23:04:04","modified_gmt":"2025-06-28T15:04:04","slug":"motorova-lzice-s-pojezdem-pth-d100","status":"publish","type":"product","link":"https:\/\/www.hsymachinery.com\/cs\/produkt\/motorova-lzice-s-pojezdem-pth-d100\/","title":{"rendered":"Elektrick\u00e1 l\u017e\u00edce PTH-D100 s chod\u00edc\u00edm ramenem"},"content":{"rendered":"<h2 data-start=\"143\" data-end=\"184\">Elektrick\u00e1 l\u017e\u00edce PTH-D100 s chod\u00edc\u00edm ramenem<\/h2>\n<h3 data-start=\"185\" data-end=\"293\">PTH-D100 Elektrick\u00e1 st\u011brka na dokon\u010dov\u00e1n\u00ed betonu | \u0160irokoplo\u0161n\u00e9, ekologick\u00e9 vyhlazov\u00e1n\u00ed pro projekty vnit\u0159n\u00edch desek<\/h3>\n<h3 data-start=\"300\" data-end=\"396\">Popis produktu - Vysoce \u00fa\u010dinn\u00e1 elektrick\u00e1 st\u011brka pro velk\u00e9 vnit\u0159n\u00ed \u00fapravy betonu<a href=\"https:\/\/www.hsymachinery.com\/cs\/produkty\/motorova-lzice-s-pojezdem\/\" target=\"_blank\" rel=\"noopener\"><img fetchpriority=\"high\" decoding=\"async\" class=\"wp-image-9203 alignright\" src=\"https:\/\/www.hsymachinery.com\/wp-content\/uploads\/2025\/06\/Walk-Behind-Power-Trowel-PTH-D100-244x300.jpg\" alt=\"\" width=\"452\" height=\"556\" srcset=\"https:\/\/www.hsymachinery.com\/wp-content\/uploads\/2025\/06\/Walk-Behind-Power-Trowel-PTH-D100-244x300.jpg 244w, https:\/\/www.hsymachinery.com\/wp-content\/uploads\/2025\/06\/Walk-Behind-Power-Trowel-PTH-D100.jpg 600w\" sizes=\"(max-width: 452px) 100vw, 452px\" \/><\/a><\/h3>\n<p data-start=\"398\" data-end=\"764\">Na str\u00e1nk\u00e1ch <strong data-start=\"402\" data-end=\"439\">Motorov\u00e1 l\u017e\u00edce PTH-D100 s chod\u00edc\u00edm ramenem<\/strong> je elektricky poh\u00e1n\u011bn\u00fd stroj na dokon\u010dov\u00e1n\u00ed betonu s velk\u00fdm pr\u016fm\u011brem ur\u010den\u00fd pro velkoobjemov\u00e9 stavebn\u00ed aplikace v interi\u00e9ru. D\u00edky sv\u00e9mu ekologick\u00e9mu elektromotoru pracuje \u010dist\u011b a ti\u0161e, co\u017e z n\u011bj \u010din\u00ed ide\u00e1ln\u00ed volbu pro projekty v uzav\u0159en\u00e9m prost\u0159ed\u00ed, kde je t\u0159eba minimalizovat emise paliva a hluk.<\/p>\n<p data-start=\"766\" data-end=\"1114\">Tento stroj s velk\u00fdm pr\u016fm\u011brem st\u011brky 100 cm pokr\u00fdv\u00e1 velk\u00e9 podlahov\u00e9 plochy men\u0161\u00edm po\u010dtem p\u0159ejezd\u016f, \u010d\u00edm\u017e pom\u00e1h\u00e1 dodavatel\u016fm dokon\u010dit pr\u00e1ci rychleji a efektivn\u011bji. Syst\u00e9m \u0159\u00edzen\u00ed sklonu no\u017e\u016f nav\u00edc zaji\u0161\u0165uje plynul\u00e9 p\u0159echody mezi f\u00e1zemi plovouc\u00ed a dokon\u010dovac\u00ed, co\u017e zaru\u010duje konzistentn\u00ed le\u0161t\u011bn\u00fd betonov\u00fd povrch p\u0159i ka\u017ed\u00e9m pou\u017eit\u00ed.<\/p>\n<p data-start=\"1116\" data-end=\"1383\">Elektrick\u00fd pohon nav\u00edc sni\u017euje provozn\u00ed hluk a eliminuje v\u00fdpary, \u010d\u00edm\u017e vytv\u00e1\u0159\u00ed zdrav\u011bj\u0161\u00ed pracovn\u00ed prost\u0159ed\u00ed pro obsluhu. Ergonomick\u00e1 skl\u00e1dac\u00ed rukoje\u0165 je navr\u017eena tak, aby sni\u017eovala vibrace a \u00fanavu obsluhy a z\u00e1rove\u0148 usnad\u0148ovala p\u0159epravu a skladov\u00e1n\u00ed.<\/p>\n<p data-start=\"1385\" data-end=\"1745\">D\u00edky zes\u00edlen\u00e9 p\u0159evodovce, odoln\u00fdm pavou\u010d\u00edm ramen\u016fm a ochrann\u00e9mu bezpe\u010dnostn\u00edmu krou\u017eku je PTH-D100 nav\u00edc velmi odoln\u00fd a vydr\u017e\u00ed ka\u017edodenn\u00ed pou\u017e\u00edv\u00e1n\u00ed na n\u00e1ro\u010dn\u00fdch stavb\u00e1ch. Je obzvl\u00e1\u0161t\u011b vhodn\u00fd pro nemocnice, komer\u010dn\u00ed sklepy, skladov\u00e9 haly a dal\u0161\u00ed m\u00edsta, kde je d\u016fle\u017eit\u00fd tich\u00fd provoz bez emis\u00ed.<\/p>\n<h3 data-start=\"1752\" data-end=\"1805\">Kl\u00ed\u010dov\u00e9 vlastnosti elektrick\u00e9 l\u017e\u00edce PTH-D100<\/h3>\n<ul data-start=\"1807\" data-end=\"2193\">\n<li data-start=\"1807\" data-end=\"1877\">\n<p data-start=\"1809\" data-end=\"1877\">Pohon \u00fa\u010dinn\u00fdm elektromotorem pro \u010dist\u00fd a tich\u00fd provoz<\/p>\n<\/li>\n<li data-start=\"1878\" data-end=\"1940\">\n<p data-start=\"1880\" data-end=\"1940\">Velk\u00fd pr\u016fm\u011br st\u011brky 100 cm zvy\u0161uje pokryt\u00ed povrchu<\/p>\n<\/li>\n<li data-start=\"1941\" data-end=\"1997\">\n<p data-start=\"1943\" data-end=\"1997\">Nastaviteln\u00e1 rozte\u010d no\u017e\u016f pro p\u0159esnou kontrolu dokon\u010dovac\u00edch prac\u00ed<\/p>\n<\/li>\n<li data-start=\"1998\" data-end=\"2064\">\n<p data-start=\"2000\" data-end=\"2064\">Rukoje\u0165 s n\u00edzk\u00fdmi vibracemi sni\u017euje \u00fanavu a d\u00e1 se slo\u017eit pro p\u0159en\u00e1\u0161en\u00ed<\/p>\n<\/li>\n<li data-start=\"2065\" data-end=\"2119\">\n<p data-start=\"2067\" data-end=\"2119\">Robustn\u00ed p\u0159evodovka a r\u00e1m pro dlouhodobou spolehlivost<\/p>\n<\/li>\n<li data-start=\"2120\" data-end=\"2193\">\n<p data-start=\"2122\" data-end=\"2193\">Vynikaj\u00edc\u00ed pro vnit\u0159n\u00ed nebo regulovan\u00e9 prost\u0159ed\u00ed s omezen\u00edm paliva<\/p>\n<\/li>\n<\/ul>\n<h3 data-start=\"2200\" data-end=\"2283\">Pou\u017eit\u00ed - ide\u00e1ln\u00ed pro nemocnice, gar\u00e1\u017ee, sklady a vnit\u0159n\u00ed projekty<\/h3>\n<p data-start=\"2285\" data-end=\"2542\">PTH-D100 se \u0161iroce pou\u017e\u00edv\u00e1 ve vnit\u0159n\u00edch komer\u010dn\u00edch stavb\u00e1ch, v\u010detn\u011b parkovac\u00edch gar\u00e1\u017e\u00ed, zdravotnick\u00fdch za\u0159\u00edzen\u00ed a obchodn\u00edch center. Proto\u017ee pracuje bez paliva, spl\u0148uje p\u0159edpisy pro uzav\u0159en\u00e9 prostory a citliv\u00e1 pracovn\u00ed prost\u0159ed\u00ed.<\/p>\n<p data-start=\"2544\" data-end=\"2699\">D\u00edky tomu mohou dodavatel\u00e9 t\u011b\u017eit z n\u00edzk\u00fdch n\u00e1rok\u016f na \u00fadr\u017ebu, tich\u00e9ho provozu a profesion\u00e1ln\u00edch v\u00fdsledk\u016f i u t\u011bch nejn\u00e1ro\u010dn\u011bj\u0161\u00edch desek.<\/p>\n<p><iframe title=\"motorov\u00e1 st\u011brka, ru\u010dn\u00ed tla\u010dn\u00e1 motorov\u00e1 st\u011brka, st\u011brka, beton #st\u011brka #powertrowe#concrete\" width=\"720\" height=\"405\" src=\"https:\/\/www.youtube.com\/embed\/pa6AuNhMrwI?feature=oembed\" frameborder=\"0\" allow=\"accelerometer; autoplay; clipboard-write; encrypted-media; gyroscope; picture-in-picture; web-share\" referrerpolicy=\"strict-origin-when-cross-origin\" allowfullscreen><\/iframe><\/p>","protected":false},"excerpt":{"rendered":"<p>Elektrick\u00e1 st\u011brka na beton PTH-D100 se 100cm \u010depel\u00ed nab\u00edz\u00ed tichou a vysoce \u00fa\u010dinnou povrchovou \u00fapravu pro vnit\u0159n\u00ed desky v nemocnic\u00edch, skladech a komer\u010dn\u00edch sklep\u00edch.<\/p>","protected":false},"featured_media":9203,"template":"","meta":{"_kad_post_transparent":"default","_kad_post_title":"","_kad_post_layout":"default","_kad_post_sidebar_id":"","_kad_post_content_style":"default","_kad_post_vertical_padding":"default","_kad_post_feature":"","_kad_post_feature_position":"","_kad_post_header":false,"_kad_post_footer":false},"product_brand":[],"product_cat":[55],"product_tag":[1084,1083,1087,1081,1086,1085,1089,1088,1090,1082],"class_list":{"0":"post-9202","1":"product","2":"type-product","3":"status-publish","4":"has-post-thumbnail","6":"product_cat-walk-behind-power-trowel","7":"product_tag-cement-power-trowel","8":"product_tag-concrete-finishing-trowel","9":"product_tag-concrete-floor-finishing-machine","10":"product_tag-concrete-power-trowel","11":"product_tag-electric-walk-behind-trowel","12":"product_tag-gasoline-power-trowel","13":"product_tag-hand-operated-power-trowel","14":"product_tag-manual-power-trowel","15":"product_tag-walk-behind-concrete-finishing-machine","16":"product_tag-walk-behind-trowel-machine","18":"first","19":"instock","20":"shipping-taxable","21":"product-type-simple","22":"entry","23":"content-bg","24":"loop-entry"},"yoast_head":"<!-- This site is optimized with the Yoast SEO plugin v25.3.1 - https:\/\/yoast.com\/wordpress\/plugins\/seo\/ -->\n<title>Walk-Behind Power Trowel PTH-D100 - HSY Construction Machinery<\/title>\n<meta name=\"description\" content=\"PTH-D100 electric concrete power trowel delivers silent, emission-free slab finishing for indoor use. Ideal for large commercial projects and enclosed job sites.Walk-Behind Power Trowel PTH-D100\" \/>\n<meta name=\"robots\" content=\"index, follow, max-snippet:-1, max-image-preview:large, max-video-preview:-1\" \/>\n<link rel=\"canonical\" href=\"https:\/\/www.hsymachinery.com\/cs\/produkt\/motorova-lzice-s-pojezdem-pth-d100\/\" \/>\n<meta property=\"og:locale\" content=\"cs_CZ\" \/>\n<meta property=\"og:type\" content=\"article\" \/>\n<meta property=\"og:title\" content=\"Walk-Behind Power Trowel PTH-D100 - HSY Construction Machinery\" \/>\n<meta property=\"og:description\" content=\"PTH-D100 electric concrete power trowel delivers silent, emission-free slab finishing for indoor use. Ideal for large commercial projects and enclosed job sites.Walk-Behind Power Trowel PTH-D100\" \/>\n<meta property=\"og:url\" content=\"https:\/\/www.hsymachinery.com\/cs\/produkt\/motorova-lzice-s-pojezdem-pth-d100\/\" \/>\n<meta property=\"og:site_name\" content=\"HSY Construction Machinery\" \/>\n<meta property=\"article:modified_time\" content=\"2025-06-28T15:04:04+00:00\" \/>\n<meta property=\"og:image\" content=\"https:\/\/www.hsymachinery.com\/wp-content\/uploads\/2025\/06\/Walk-Behind-Power-Trowel-PTH-D100.jpg\" \/>\n\t<meta property=\"og:image:width\" content=\"600\" \/>\n\t<meta property=\"og:image:height\" content=\"738\" \/>\n\t<meta property=\"og:image:type\" content=\"image\/jpeg\" \/>\n<meta name=\"twitter:card\" content=\"summary_large_image\" \/>\n<meta name=\"twitter:label1\" content=\"Odhadovan\u00e1 doba \u010dten\u00ed\" \/>\n\t<meta name=\"twitter:data1\" content=\"2 minuty\" \/>\n<script type=\"application\/ld+json\" class=\"yoast-schema-graph\">{\"@context\":\"https:\/\/schema.org\",\"@graph\":[{\"@type\":\"WebPage\",\"@id\":\"https:\/\/www.hsymachinery.com\/product\/walk-behind-power-trowel-pth-d100\/\",\"url\":\"https:\/\/www.hsymachinery.com\/product\/walk-behind-power-trowel-pth-d100\/\",\"name\":\"Walk-Behind Power Trowel PTH-D100 - HSY Construction Machinery\",\"isPartOf\":{\"@id\":\"https:\/\/www.hsymachinery.com\/#website\"},\"primaryImageOfPage\":{\"@id\":\"https:\/\/www.hsymachinery.com\/product\/walk-behind-power-trowel-pth-d100\/#primaryimage\"},\"image\":{\"@id\":\"https:\/\/www.hsymachinery.com\/product\/walk-behind-power-trowel-pth-d100\/#primaryimage\"},\"thumbnailUrl\":\"https:\/\/www.hsymachinery.com\/wp-content\/uploads\/2025\/06\/Walk-Behind-Power-Trowel-PTH-D100.jpg\",\"datePublished\":\"2025-06-18T12:33:18+00:00\",\"dateModified\":\"2025-06-28T15:04:04+00:00\",\"description\":\"PTH-D100 electric concrete power trowel delivers silent, emission-free slab finishing for indoor use. Ideal for large commercial projects and enclosed job sites.Walk-Behind Power Trowel PTH-D100\",\"breadcrumb\":{\"@id\":\"https:\/\/www.hsymachinery.com\/product\/walk-behind-power-trowel-pth-d100\/#breadcrumb\"},\"inLanguage\":\"cs\",\"potentialAction\":[{\"@type\":\"ReadAction\",\"target\":[\"https:\/\/www.hsymachinery.com\/product\/walk-behind-power-trowel-pth-d100\/\"]}]},{\"@type\":\"ImageObject\",\"inLanguage\":\"cs\",\"@id\":\"https:\/\/www.hsymachinery.com\/product\/walk-behind-power-trowel-pth-d100\/#primaryimage\",\"url\":\"https:\/\/www.hsymachinery.com\/wp-content\/uploads\/2025\/06\/Walk-Behind-Power-Trowel-PTH-D100.jpg\",\"contentUrl\":\"https:\/\/www.hsymachinery.com\/wp-content\/uploads\/2025\/06\/Walk-Behind-Power-Trowel-PTH-D100.jpg\",\"width\":600,\"height\":738},{\"@type\":\"BreadcrumbList\",\"@id\":\"https:\/\/www.hsymachinery.com\/product\/walk-behind-power-trowel-pth-d100\/#breadcrumb\",\"itemListElement\":[{\"@type\":\"ListItem\",\"position\":1,\"name\":\"home\",\"item\":\"https:\/\/www.hsymachinery.com\/\"},{\"@type\":\"ListItem\",\"position\":2,\"name\":\"products\",\"item\":\"https:\/\/www.hsymachinery.com\/products\/\"},{\"@type\":\"ListItem\",\"position\":3,\"name\":\"Walk-Behind Power Trowel PTH-D100\"}]},{\"@type\":\"WebSite\",\"@id\":\"https:\/\/www.hsymachinery.com\/#website\",\"url\":\"https:\/\/www.hsymachinery.com\/\",\"name\":\"HSY Construction Machinery\",\"description\":\"HSY Machinery \u2013 A leading China construction machinery supplier, offering a wide range of light construction equipment. Our main products include Rebar Cutting Machine, Rebar Bending Machine, Rebar Stirrup Bending Machine, Rebar Arc Bending Machine, Rebar Straightening Machine, Five-Head Rebar Stirrup Bending Machine, Tamping Rammer, Plate Compactor, Concrete Cutter, Power Trowel, and other construction machinery. We are equipped with advanced CNC machines, and we enforce strict quality inspection standards along with comprehensive after-sales service. If you are interested in our products or services, we warmly welcome your inquiries via message.\",\"publisher\":{\"@id\":\"https:\/\/www.hsymachinery.com\/#organization\"},\"potentialAction\":[{\"@type\":\"SearchAction\",\"target\":{\"@type\":\"EntryPoint\",\"urlTemplate\":\"https:\/\/www.hsymachinery.com\/?s={search_term_string}\"},\"query-input\":{\"@type\":\"PropertyValueSpecification\",\"valueRequired\":true,\"valueName\":\"search_term_string\"}}],\"inLanguage\":\"cs\"},{\"@type\":\"Organization\",\"@id\":\"https:\/\/www.hsymachinery.com\/#organization\",\"name\":\"HSY Construction Machinery\",\"url\":\"https:\/\/www.hsymachinery.com\/\",\"logo\":{\"@type\":\"ImageObject\",\"inLanguage\":\"cs\",\"@id\":\"https:\/\/www.hsymachinery.com\/#\/schema\/logo\/image\/\",\"url\":\"https:\/\/www.hsymachinery.com\/wp-content\/uploads\/2025\/06\/cropped-HSY-machinery.png\",\"contentUrl\":\"https:\/\/www.hsymachinery.com\/wp-content\/uploads\/2025\/06\/cropped-HSY-machinery.png\",\"width\":600,\"height\":240,\"caption\":\"HSY Construction Machinery\"},\"image\":{\"@id\":\"https:\/\/www.hsymachinery.com\/#\/schema\/logo\/image\/\"}}]}<\/script>\n<!-- \/ Yoast SEO plugin. -->","yoast_head_json":{"title":"Elektrick\u00e1 l\u017e\u00edce PTH-D100 s chod\u00edc\u00edm ramenem - Stavebn\u00ed stroje HSY","description":"Elektrick\u00e9 hlad\u00edtko na beton PTH-D100 zaji\u0161\u0165uje tich\u00e9, bezemisn\u00ed dokon\u010dov\u00e1n\u00ed desek pro vnit\u0159n\u00ed pou\u017eit\u00ed. Ide\u00e1ln\u00ed pro velk\u00e9 komer\u010dn\u00ed projekty a uzav\u0159en\u00e1 staveni\u0161t\u011b.","robots":{"index":"index","follow":"follow","max-snippet":"max-snippet:-1","max-image-preview":"max-image-preview:large","max-video-preview":"max-video-preview:-1"},"canonical":"https:\/\/www.hsymachinery.com\/cs\/produkt\/motorova-lzice-s-pojezdem-pth-d100\/","og_locale":"cs_CZ","og_type":"article","og_title":"Walk-Behind Power Trowel PTH-D100 - HSY Construction Machinery","og_description":"PTH-D100 electric concrete power trowel delivers silent, emission-free slab finishing for indoor use. Ideal for large commercial projects and enclosed job sites.Walk-Behind Power Trowel PTH-D100","og_url":"https:\/\/www.hsymachinery.com\/cs\/produkt\/motorova-lzice-s-pojezdem-pth-d100\/","og_site_name":"HSY Construction Machinery","article_modified_time":"2025-06-28T15:04:04+00:00","og_image":[{"width":600,"height":738,"url":"https:\/\/www.hsymachinery.com\/wp-content\/uploads\/2025\/06\/Walk-Behind-Power-Trowel-PTH-D100.jpg","type":"image\/jpeg"}],"twitter_card":"summary_large_image","twitter_misc":{"Odhadovan\u00e1 doba \u010dten\u00ed":"2 minuty"},"schema":{"@context":"https:\/\/schema.org","@graph":[{"@type":"WebPage","@id":"https:\/\/www.hsymachinery.com\/product\/walk-behind-power-trowel-pth-d100\/","url":"https:\/\/www.hsymachinery.com\/product\/walk-behind-power-trowel-pth-d100\/","name":"Elektrick\u00e1 l\u017e\u00edce PTH-D100 s chod\u00edc\u00edm ramenem - Stavebn\u00ed stroje HSY","isPartOf":{"@id":"https:\/\/www.hsymachinery.com\/#website"},"primaryImageOfPage":{"@id":"https:\/\/www.hsymachinery.com\/product\/walk-behind-power-trowel-pth-d100\/#primaryimage"},"image":{"@id":"https:\/\/www.hsymachinery.com\/product\/walk-behind-power-trowel-pth-d100\/#primaryimage"},"thumbnailUrl":"https:\/\/www.hsymachinery.com\/wp-content\/uploads\/2025\/06\/Walk-Behind-Power-Trowel-PTH-D100.jpg","datePublished":"2025-06-18T12:33:18+00:00","dateModified":"2025-06-28T15:04:04+00:00","description":"Elektrick\u00e9 hlad\u00edtko na beton PTH-D100 zaji\u0161\u0165uje tich\u00e9, bezemisn\u00ed dokon\u010dov\u00e1n\u00ed desek pro vnit\u0159n\u00ed pou\u017eit\u00ed. Ide\u00e1ln\u00ed pro velk\u00e9 komer\u010dn\u00ed projekty a uzav\u0159en\u00e1 staveni\u0161t\u011b.","breadcrumb":{"@id":"https:\/\/www.hsymachinery.com\/product\/walk-behind-power-trowel-pth-d100\/#breadcrumb"},"inLanguage":"cs","potentialAction":[{"@type":"ReadAction","target":["https:\/\/www.hsymachinery.com\/product\/walk-behind-power-trowel-pth-d100\/"]}]},{"@type":"ImageObject","inLanguage":"cs","@id":"https:\/\/www.hsymachinery.com\/product\/walk-behind-power-trowel-pth-d100\/#primaryimage","url":"https:\/\/www.hsymachinery.com\/wp-content\/uploads\/2025\/06\/Walk-Behind-Power-Trowel-PTH-D100.jpg","contentUrl":"https:\/\/www.hsymachinery.com\/wp-content\/uploads\/2025\/06\/Walk-Behind-Power-Trowel-PTH-D100.jpg","width":600,"height":738},{"@type":"BreadcrumbList","@id":"https:\/\/www.hsymachinery.com\/product\/walk-behind-power-trowel-pth-d100\/#breadcrumb","itemListElement":[{"@type":"ListItem","position":1,"name":"home","item":"https:\/\/www.hsymachinery.com\/"},{"@type":"ListItem","position":2,"name":"products","item":"https:\/\/www.hsymachinery.com\/products\/"},{"@type":"ListItem","position":3,"name":"Walk-Behind Power Trowel PTH-D100"}]},{"@type":"WebSite","@id":"https:\/\/www.hsymachinery.com\/#website","url":"https:\/\/www.hsymachinery.com\/","name":"Stavebn\u00ed stroje HSY","description":"HSY Machinery - P\u0159edn\u00ed \u010d\u00ednsk\u00fd dodavatel stavebn\u00edch stroj\u016f, kter\u00fd nab\u00edz\u00ed \u0161irokou \u0161k\u00e1lu lehk\u00fdch stavebn\u00edch stroj\u016f. Mezi na\u0161e hlavn\u00ed produkty pat\u0159\u00ed \u0159eza\u010dka prut\u016f, oh\u00fdba\u010dka prut\u016f, oh\u00fdba\u010dka prut\u016f, obloukov\u00e1 oh\u00fdba\u010dka prut\u016f, rovna\u010dka prut\u016f, p\u011btihlav\u0148ov\u00e1 oh\u00fdba\u010dka prut\u016f, p\u011bchovac\u00ed kladivo, zhut\u0148ova\u010d desek, \u0159eza\u010dka betonu, motorov\u00e1 st\u011brka a dal\u0161\u00ed stavebn\u00ed stroje. Jsme vybaveni modern\u00edmi CNC stroji a prosazujeme p\u0159\u00edsn\u00e9 standardy kontroly kvality spolu s komplexn\u00edm poprodejn\u00edm servisem. Pokud m\u00e1te z\u00e1jem o na\u0161e v\u00fdrobky nebo slu\u017eby, srde\u010dn\u011b uv\u00edt\u00e1me va\u0161e dotazy prost\u0159ednictv\u00edm zpr\u00e1vy.","publisher":{"@id":"https:\/\/www.hsymachinery.com\/#organization"},"potentialAction":[{"@type":"SearchAction","target":{"@type":"EntryPoint","urlTemplate":"https:\/\/www.hsymachinery.com\/?s={search_term_string}"},"query-input":{"@type":"PropertyValueSpecification","valueRequired":true,"valueName":"search_term_string"}}],"inLanguage":"cs"},{"@type":"Organization","@id":"https:\/\/www.hsymachinery.com\/#organization","name":"Stavebn\u00ed stroje HSY","url":"https:\/\/www.hsymachinery.com\/","logo":{"@type":"ImageObject","inLanguage":"cs","@id":"https:\/\/www.hsymachinery.com\/#\/schema\/logo\/image\/","url":"https:\/\/www.hsymachinery.com\/wp-content\/uploads\/2025\/06\/cropped-HSY-machinery.png","contentUrl":"https:\/\/www.hsymachinery.com\/wp-content\/uploads\/2025\/06\/cropped-HSY-machinery.png","width":600,"height":240,"caption":"HSY Construction Machinery"},"image":{"@id":"https:\/\/www.hsymachinery.com\/#\/schema\/logo\/image\/"}}]}},"_links":{"self":[{"href":"https:\/\/www.hsymachinery.com\/cs\/wp-json\/wp\/v2\/product\/9202","targetHints":{"allow":["GET"]}}],"collection":[{"href":"https:\/\/www.hsymachinery.com\/cs\/wp-json\/wp\/v2\/product"}],"about":[{"href":"https:\/\/www.hsymachinery.com\/cs\/wp-json\/wp\/v2\/types\/product"}],"version-history":[{"count":3,"href":"https:\/\/www.hsymachinery.com\/cs\/wp-json\/wp\/v2\/product\/9202\/revisions"}],"predecessor-version":[{"id":9600,"href":"https:\/\/www.hsymachinery.com\/cs\/wp-json\/wp\/v2\/product\/9202\/revisions\/9600"}],"wp:featuredmedia":[{"embeddable":true,"href":"https:\/\/www.hsymachinery.com\/cs\/wp-json\/wp\/v2\/media\/9203"}],"wp:attachment":[{"href":"https:\/\/www.hsymachinery.com\/cs\/wp-json\/wp\/v2\/media?parent=9202"}],"wp:term":[{"taxonomy":"product_brand","embeddable":true,"href":"https:\/\/www.hsymachinery.com\/cs\/wp-json\/wp\/v2\/product_brand?post=9202"},{"taxonomy":"product_cat","embeddable":true,"href":"https:\/\/www.hsymachinery.com\/cs\/wp-json\/wp\/v2\/product_cat?post=9202"},{"taxonomy":"product_tag","embeddable":true,"href":"https:\/\/www.hsymachinery.com\/cs\/wp-json\/wp\/v2\/product_tag?post=9202"}],"curies":[{"name":"wp","href":"https:\/\/api.w.org\/{rel}","templated":true}]}}