{"id":9187,"date":"2025-06-18T18:34:22","date_gmt":"2025-06-18T10:34:22","guid":{"rendered":"https:\/\/www.hsymachinery.com\/?post_type=product&#038;p=9187"},"modified":"2025-06-28T22:30:07","modified_gmt":"2025-06-28T14:30:07","slug":"elektricka-lzice-s-pojezdem-pth-h100a","status":"publish","type":"product","link":"https:\/\/www.hsymachinery.com\/cs\/produkt\/elektricka-lzice-s-pojezdem-pth-h100a\/","title":{"rendered":"Motorov\u00e1 l\u017e\u00edce PTH-H100A s chod\u00edc\u00edm ramenem"},"content":{"rendered":"<h2 data-start=\"145\" data-end=\"187\">Motorov\u00e1 l\u017e\u00edce PTH-H100A s chod\u00edc\u00edm ramenem<\/h2>\n<h3 data-start=\"188\" data-end=\"290\">PTH-H100A Honda Beton\u00e1\u0159sk\u00e1 st\u011brka | Vylep\u0161en\u00fd v\u00fdkon pro vysoce p\u0159esn\u00e9 pr\u016fmyslov\u00e9 pr\u00e1ce s deskami<\/h3>\n<h3 data-start=\"297\" data-end=\"395\">Popis produktu - Pokro\u010dil\u00e9 hlad\u00edtko na beton poh\u00e1n\u011bn\u00e9 motorem Honda pro dokonal\u00e9 vyhlazen\u00ed povrchu<a href=\"https:\/\/www.hsymachinery.com\/cs\/produkty\/motorova-lzice-s-pojezdem\/\" target=\"_blank\" rel=\"noopener\"><img fetchpriority=\"high\" decoding=\"async\" class=\"wp-image-9188 alignright\" src=\"https:\/\/www.hsymachinery.com\/wp-content\/uploads\/2025\/06\/Walk-Behind-Power-Trowel-PTH-H100A-244x300.jpg\" alt=\"\" width=\"451\" height=\"555\" srcset=\"https:\/\/www.hsymachinery.com\/wp-content\/uploads\/2025\/06\/Walk-Behind-Power-Trowel-PTH-H100A-244x300.jpg 244w, https:\/\/www.hsymachinery.com\/wp-content\/uploads\/2025\/06\/Walk-Behind-Power-Trowel-PTH-H100A.jpg 600w\" sizes=\"(max-width: 451px) 100vw, 451px\" \/><\/a><\/h3>\n<p data-start=\"397\" data-end=\"794\">Na str\u00e1nk\u00e1ch <strong data-start=\"401\" data-end=\"439\">Motorov\u00e1 l\u017e\u00edce PTH-H100A s pojezdem<\/strong> je vylep\u0161en\u00e1 verze modelu PTH-H100, kter\u00e1 je ur\u010dena pro n\u00e1ro\u010dn\u00e9 pr\u00e1ce p\u0159i dokon\u010dov\u00e1n\u00ed betonu, kde z\u00e1le\u017e\u00ed na v\u00fdkonu a p\u0159esnosti. Tento stroj je vybaven vysoce v\u00fdkonn\u00fdm benz\u00ednov\u00fdm motorem Honda a zaru\u010duje dlouhodobou stabilitu, \u00faspornost a konzistentn\u00ed to\u010div\u00fd moment, kter\u00fd zvl\u00e1dne i ty nejn\u00e1ro\u010dn\u011bj\u0161\u00ed povrchov\u00e9 podm\u00ednky.<\/p>\n<p data-start=\"796\" data-end=\"1159\">Tento model m\u00e1 pr\u016fm\u011br st\u011brky 100 cm, co\u017e u\u017eivatel\u016fm umo\u017e\u0148uje rychle a efektivn\u011b dokon\u010dit velk\u00e9 plochy betonov\u00e9 desky. Model PTH-H100A vynik\u00e1 zdokonalen\u00fdm syst\u00e9mem ovl\u00e1d\u00e1n\u00ed plynu, vylep\u0161en\u00fdm nastaven\u00edm sklonu no\u017ee a mimo\u0159\u00e1dn\u011b zes\u00edlenou sestavou p\u0159evodovky, kter\u00e9 spole\u010dn\u011b zaji\u0161\u0165uj\u00ed hlad\u0161\u00ed chod a vynikaj\u00edc\u00ed v\u00fdsledky na povrchu.<\/p>\n<p data-start=\"1161\" data-end=\"1526\">Obsluha si m\u016f\u017ee snadno p\u0159izp\u016fsobit \u00fahel kotou\u010de podle toho, zda pot\u0159ebuje po\u010d\u00e1te\u010dn\u00ed plovouc\u00ed \u00fapravu, mezihlazen\u00ed nebo kone\u010dn\u00e9 le\u0161t\u011bn\u00ed. Jeho skl\u00e1dac\u00ed rukoje\u0165 s antivibra\u010dn\u00edmi \u00fachyty sni\u017euje \u00fanavu u\u017eivatele b\u011bhem dlouh\u00fdch hodin pr\u00e1ce, zat\u00edmco odoln\u00e1 sestava pavou\u010d\u00edho ramene a ochrann\u00fd krou\u017eek zaji\u0161\u0165uj\u00ed maxim\u00e1ln\u00ed stabilitu a bezpe\u010dnost na pracovi\u0161ti.<\/p>\n<p data-start=\"1528\" data-end=\"1733\">D\u00edky sv\u00e9 pr\u016fmyslov\u00e9 konstrukci je tento model \u0159e\u0161en\u00edm pro profesion\u00e1ly, kte\u0159\u00ed pot\u0159ebuj\u00ed p\u0159esn\u00e9 dokon\u010dovac\u00ed pr\u00e1ce v tov\u00e1rn\u00e1ch, na parkovi\u0161t\u00edch, ve skladech a na staveni\u0161t\u00edch.<\/p>\n<h3 data-start=\"1740\" data-end=\"1791\">Kl\u00ed\u010dov\u00e9 vlastnosti PTH-H100A Honda Power Trowel<\/h3>\n<ul data-start=\"1793\" data-end=\"2183\">\n<li data-start=\"1793\" data-end=\"1860\">\n<p data-start=\"1795\" data-end=\"1860\">Modernizovan\u00fd motor Honda nab\u00edz\u00ed vy\u0161\u0161\u00ed v\u00fdkon a stabilitu<\/p>\n<\/li>\n<li data-start=\"1861\" data-end=\"1925\">\n<p data-start=\"1863\" data-end=\"1925\">\u0160irok\u00fd 100 cm z\u00e1b\u011br no\u017ee zaji\u0161\u0165uje rychlej\u0161\u00ed dokon\u010den\u00ed projektu<\/p>\n<\/li>\n<li data-start=\"1926\" data-end=\"1990\">\n<p data-start=\"1928\" data-end=\"1990\">Vylep\u0161en\u00e1 regulace rozte\u010de umo\u017e\u0148uje p\u0159esnou povrchovou \u00fapravu<\/p>\n<\/li>\n<li data-start=\"1991\" data-end=\"2053\">\n<p data-start=\"1993\" data-end=\"2053\">Skl\u00e1dac\u00ed ergonomick\u00e1 rukoje\u0165 s antivibra\u010dn\u00ed pohodlnou rukojet\u00ed<\/p>\n<\/li>\n<li data-start=\"2054\" data-end=\"2116\">\n<p data-start=\"2056\" data-end=\"2116\">Pr\u016fmyslov\u00e1 p\u0159evodovka a pavou\u010d\u00ed ramena pro dlouhodob\u00e9 pou\u017e\u00edv\u00e1n\u00ed<\/p>\n<\/li>\n<li data-start=\"2117\" data-end=\"2183\">\n<p data-start=\"2119\" data-end=\"2183\">\u00dasporn\u00e9 palivo a snadn\u00e1 \u00fadr\u017eba pro ka\u017edodenn\u00ed po\u017eadavky na staveni\u0161ti<\/p>\n<\/li>\n<\/ul>\n<h3 data-start=\"2190\" data-end=\"2271\">Pou\u017eit\u00ed - nejlep\u0161\u00ed pro velk\u00e9 desky, logistick\u00e9 podlahy a komer\u010dn\u00ed pr\u00e1ce<\/h3>\n<p data-start=\"2273\" data-end=\"2606\">Model PTH-H100A je ur\u010den pro velkoobjemov\u00e9 dokon\u010dov\u00e1n\u00ed betonu v logistick\u00fdch centrech, pr\u016fmyslov\u00fdch d\u00edln\u00e1ch a t\u011b\u017ek\u00fdch stavebn\u00edch z\u00f3n\u00e1ch. Dodavatel\u00e9 d\u00e1vaj\u00ed p\u0159ednost t\u00e9to modernizovan\u00e9 verzi pro jej\u00ed p\u0159esn\u00e9 ovl\u00e1d\u00e1n\u00ed, vysokou pracovn\u00ed \u00fa\u010dinnost a profesion\u00e1ln\u00ed povrchovou \u00fapravu i na velk\u00fdch ploch\u00e1ch pod \u010dasov\u00fdm tlakem.<\/p>\n<p><iframe title=\"motorov\u00e1 st\u011brka, ru\u010dn\u00ed tla\u010dn\u00e1 motorov\u00e1 st\u011brka, st\u011brka, beton #st\u011brka #powertrowe#concrete\" width=\"720\" height=\"405\" src=\"https:\/\/www.youtube.com\/embed\/pa6AuNhMrwI?feature=oembed\" frameborder=\"0\" allow=\"accelerometer; autoplay; clipboard-write; encrypted-media; gyroscope; picture-in-picture; web-share\" referrerpolicy=\"strict-origin-when-cross-origin\" allowfullscreen><\/iframe><\/p>","protected":false},"excerpt":{"rendered":"<p>Modernizovan\u00e1 p\u011bchovan\u00e1 betonov\u00e1 l\u017e\u00edce PTH-H100A s motorem Honda zaji\u0161\u0165uje hladk\u00e9 a kontrolovan\u00e9 dokon\u010dov\u00e1n\u00ed desek pro velk\u00e9 stavebn\u00ed a pr\u016fmyslov\u00e9 pou\u017eit\u00ed.<\/p>","protected":false},"featured_media":9188,"template":"","meta":{"_kad_post_transparent":"default","_kad_post_title":"","_kad_post_layout":"default","_kad_post_sidebar_id":"","_kad_post_content_style":"default","_kad_post_vertical_padding":"default","_kad_post_feature":"","_kad_post_feature_position":"","_kad_post_header":false,"_kad_post_footer":false},"product_brand":[],"product_cat":[55],"product_tag":[1084,1083,1087,1081,1086,1085,1089,1088,1090,1082],"class_list":{"0":"post-9187","1":"product","2":"type-product","3":"status-publish","4":"has-post-thumbnail","6":"product_cat-walk-behind-power-trowel","7":"product_tag-cement-power-trowel","8":"product_tag-concrete-finishing-trowel","9":"product_tag-concrete-floor-finishing-machine","10":"product_tag-concrete-power-trowel","11":"product_tag-electric-walk-behind-trowel","12":"product_tag-gasoline-power-trowel","13":"product_tag-hand-operated-power-trowel","14":"product_tag-manual-power-trowel","15":"product_tag-walk-behind-concrete-finishing-machine","16":"product_tag-walk-behind-trowel-machine","18":"first","19":"instock","20":"shipping-taxable","21":"product-type-simple","22":"entry","23":"content-bg","24":"loop-entry"},"yoast_head":"<!-- This site is optimized with the Yoast SEO plugin v25.3.1 - https:\/\/yoast.com\/wordpress\/plugins\/seo\/ -->\n<title>Walk-Behind Power Trowel PTH-H100A - HSY Construction Machinery<\/title>\n<meta name=\"description\" content=\"PTH-H100A walk-behind concrete power trowel with Honda engine ensures precise, wide-area surface finishing for large slabs and industrial projects. Fuel-efficient and durable.\" \/>\n<meta name=\"robots\" content=\"index, follow, max-snippet:-1, max-image-preview:large, max-video-preview:-1\" \/>\n<link rel=\"canonical\" href=\"https:\/\/www.hsymachinery.com\/cs\/produkt\/elektricka-lzice-s-pojezdem-pth-h100a\/\" \/>\n<meta property=\"og:locale\" content=\"cs_CZ\" \/>\n<meta property=\"og:type\" content=\"article\" \/>\n<meta property=\"og:title\" content=\"Walk-Behind Power Trowel PTH-H100A - HSY Construction Machinery\" \/>\n<meta property=\"og:description\" content=\"PTH-H100A walk-behind concrete power trowel with Honda engine ensures precise, wide-area surface finishing for large slabs and industrial projects. Fuel-efficient and durable.\" \/>\n<meta property=\"og:url\" content=\"https:\/\/www.hsymachinery.com\/cs\/produkt\/elektricka-lzice-s-pojezdem-pth-h100a\/\" \/>\n<meta property=\"og:site_name\" content=\"HSY Construction Machinery\" \/>\n<meta property=\"article:modified_time\" content=\"2025-06-28T14:30:07+00:00\" \/>\n<meta property=\"og:image\" content=\"https:\/\/www.hsymachinery.com\/wp-content\/uploads\/2025\/06\/Walk-Behind-Power-Trowel-PTH-H100A.jpg\" \/>\n\t<meta property=\"og:image:width\" content=\"600\" \/>\n\t<meta property=\"og:image:height\" content=\"738\" \/>\n\t<meta property=\"og:image:type\" content=\"image\/jpeg\" \/>\n<meta name=\"twitter:card\" content=\"summary_large_image\" \/>\n<meta name=\"twitter:label1\" content=\"Odhadovan\u00e1 doba \u010dten\u00ed\" \/>\n\t<meta name=\"twitter:data1\" content=\"2 minuty\" \/>\n<script type=\"application\/ld+json\" class=\"yoast-schema-graph\">{\"@context\":\"https:\/\/schema.org\",\"@graph\":[{\"@type\":\"WebPage\",\"@id\":\"https:\/\/www.hsymachinery.com\/product\/walk-behind-power-trowel-pth-h100a\/\",\"url\":\"https:\/\/www.hsymachinery.com\/product\/walk-behind-power-trowel-pth-h100a\/\",\"name\":\"Walk-Behind Power Trowel PTH-H100A - HSY Construction Machinery\",\"isPartOf\":{\"@id\":\"https:\/\/www.hsymachinery.com\/#website\"},\"primaryImageOfPage\":{\"@id\":\"https:\/\/www.hsymachinery.com\/product\/walk-behind-power-trowel-pth-h100a\/#primaryimage\"},\"image\":{\"@id\":\"https:\/\/www.hsymachinery.com\/product\/walk-behind-power-trowel-pth-h100a\/#primaryimage\"},\"thumbnailUrl\":\"https:\/\/www.hsymachinery.com\/wp-content\/uploads\/2025\/06\/Walk-Behind-Power-Trowel-PTH-H100A.jpg\",\"datePublished\":\"2025-06-18T10:34:22+00:00\",\"dateModified\":\"2025-06-28T14:30:07+00:00\",\"description\":\"PTH-H100A walk-behind concrete power trowel with Honda engine ensures precise, wide-area surface finishing for large slabs and industrial projects. Fuel-efficient and durable.\",\"breadcrumb\":{\"@id\":\"https:\/\/www.hsymachinery.com\/product\/walk-behind-power-trowel-pth-h100a\/#breadcrumb\"},\"inLanguage\":\"cs\",\"potentialAction\":[{\"@type\":\"ReadAction\",\"target\":[\"https:\/\/www.hsymachinery.com\/product\/walk-behind-power-trowel-pth-h100a\/\"]}]},{\"@type\":\"ImageObject\",\"inLanguage\":\"cs\",\"@id\":\"https:\/\/www.hsymachinery.com\/product\/walk-behind-power-trowel-pth-h100a\/#primaryimage\",\"url\":\"https:\/\/www.hsymachinery.com\/wp-content\/uploads\/2025\/06\/Walk-Behind-Power-Trowel-PTH-H100A.jpg\",\"contentUrl\":\"https:\/\/www.hsymachinery.com\/wp-content\/uploads\/2025\/06\/Walk-Behind-Power-Trowel-PTH-H100A.jpg\",\"width\":600,\"height\":738},{\"@type\":\"BreadcrumbList\",\"@id\":\"https:\/\/www.hsymachinery.com\/product\/walk-behind-power-trowel-pth-h100a\/#breadcrumb\",\"itemListElement\":[{\"@type\":\"ListItem\",\"position\":1,\"name\":\"home\",\"item\":\"https:\/\/www.hsymachinery.com\/\"},{\"@type\":\"ListItem\",\"position\":2,\"name\":\"products\",\"item\":\"https:\/\/www.hsymachinery.com\/products\/\"},{\"@type\":\"ListItem\",\"position\":3,\"name\":\"Walk-Behind Power Trowel PTH-H100A\"}]},{\"@type\":\"WebSite\",\"@id\":\"https:\/\/www.hsymachinery.com\/#website\",\"url\":\"https:\/\/www.hsymachinery.com\/\",\"name\":\"HSY Construction Machinery\",\"description\":\"HSY Machinery \u2013 A leading China construction machinery supplier, offering a wide range of light construction equipment. Our main products include Rebar Cutting Machine, Rebar Bending Machine, Rebar Stirrup Bending Machine, Rebar Arc Bending Machine, Rebar Straightening Machine, Five-Head Rebar Stirrup Bending Machine, Tamping Rammer, Plate Compactor, Concrete Cutter, Power Trowel, and other construction machinery. We are equipped with advanced CNC machines, and we enforce strict quality inspection standards along with comprehensive after-sales service. If you are interested in our products or services, we warmly welcome your inquiries via message.\",\"publisher\":{\"@id\":\"https:\/\/www.hsymachinery.com\/#organization\"},\"potentialAction\":[{\"@type\":\"SearchAction\",\"target\":{\"@type\":\"EntryPoint\",\"urlTemplate\":\"https:\/\/www.hsymachinery.com\/?s={search_term_string}\"},\"query-input\":{\"@type\":\"PropertyValueSpecification\",\"valueRequired\":true,\"valueName\":\"search_term_string\"}}],\"inLanguage\":\"cs\"},{\"@type\":\"Organization\",\"@id\":\"https:\/\/www.hsymachinery.com\/#organization\",\"name\":\"HSY Construction Machinery\",\"url\":\"https:\/\/www.hsymachinery.com\/\",\"logo\":{\"@type\":\"ImageObject\",\"inLanguage\":\"cs\",\"@id\":\"https:\/\/www.hsymachinery.com\/#\/schema\/logo\/image\/\",\"url\":\"https:\/\/www.hsymachinery.com\/wp-content\/uploads\/2025\/06\/cropped-HSY-machinery.png\",\"contentUrl\":\"https:\/\/www.hsymachinery.com\/wp-content\/uploads\/2025\/06\/cropped-HSY-machinery.png\",\"width\":600,\"height\":240,\"caption\":\"HSY Construction Machinery\"},\"image\":{\"@id\":\"https:\/\/www.hsymachinery.com\/#\/schema\/logo\/image\/\"}}]}<\/script>\n<!-- \/ Yoast SEO plugin. -->","yoast_head_json":{"title":"Elektrick\u00e1 l\u017e\u00edce PTH-H100A - Stavebn\u00ed stroje HSY","description":"Motorov\u00e1 hladi\u010dka na beton PTH-H100A s motorem Honda zaji\u0161\u0165uje p\u0159esnou a plo\u0161nou povrchovou \u00fapravu velk\u00fdch desek a pr\u016fmyslov\u00fdch projekt\u016f. \u00dasporn\u00e1 a odoln\u00e1.","robots":{"index":"index","follow":"follow","max-snippet":"max-snippet:-1","max-image-preview":"max-image-preview:large","max-video-preview":"max-video-preview:-1"},"canonical":"https:\/\/www.hsymachinery.com\/cs\/produkt\/elektricka-lzice-s-pojezdem-pth-h100a\/","og_locale":"cs_CZ","og_type":"article","og_title":"Walk-Behind Power Trowel PTH-H100A - HSY Construction Machinery","og_description":"PTH-H100A walk-behind concrete power trowel with Honda engine ensures precise, wide-area surface finishing for large slabs and industrial projects. Fuel-efficient and durable.","og_url":"https:\/\/www.hsymachinery.com\/cs\/produkt\/elektricka-lzice-s-pojezdem-pth-h100a\/","og_site_name":"HSY Construction Machinery","article_modified_time":"2025-06-28T14:30:07+00:00","og_image":[{"width":600,"height":738,"url":"https:\/\/www.hsymachinery.com\/wp-content\/uploads\/2025\/06\/Walk-Behind-Power-Trowel-PTH-H100A.jpg","type":"image\/jpeg"}],"twitter_card":"summary_large_image","twitter_misc":{"Odhadovan\u00e1 doba \u010dten\u00ed":"2 minuty"},"schema":{"@context":"https:\/\/schema.org","@graph":[{"@type":"WebPage","@id":"https:\/\/www.hsymachinery.com\/product\/walk-behind-power-trowel-pth-h100a\/","url":"https:\/\/www.hsymachinery.com\/product\/walk-behind-power-trowel-pth-h100a\/","name":"Elektrick\u00e1 l\u017e\u00edce PTH-H100A - Stavebn\u00ed stroje HSY","isPartOf":{"@id":"https:\/\/www.hsymachinery.com\/#website"},"primaryImageOfPage":{"@id":"https:\/\/www.hsymachinery.com\/product\/walk-behind-power-trowel-pth-h100a\/#primaryimage"},"image":{"@id":"https:\/\/www.hsymachinery.com\/product\/walk-behind-power-trowel-pth-h100a\/#primaryimage"},"thumbnailUrl":"https:\/\/www.hsymachinery.com\/wp-content\/uploads\/2025\/06\/Walk-Behind-Power-Trowel-PTH-H100A.jpg","datePublished":"2025-06-18T10:34:22+00:00","dateModified":"2025-06-28T14:30:07+00:00","description":"Motorov\u00e1 hladi\u010dka na beton PTH-H100A s motorem Honda zaji\u0161\u0165uje p\u0159esnou a plo\u0161nou povrchovou \u00fapravu velk\u00fdch desek a pr\u016fmyslov\u00fdch projekt\u016f. \u00dasporn\u00e1 a odoln\u00e1.","breadcrumb":{"@id":"https:\/\/www.hsymachinery.com\/product\/walk-behind-power-trowel-pth-h100a\/#breadcrumb"},"inLanguage":"cs","potentialAction":[{"@type":"ReadAction","target":["https:\/\/www.hsymachinery.com\/product\/walk-behind-power-trowel-pth-h100a\/"]}]},{"@type":"ImageObject","inLanguage":"cs","@id":"https:\/\/www.hsymachinery.com\/product\/walk-behind-power-trowel-pth-h100a\/#primaryimage","url":"https:\/\/www.hsymachinery.com\/wp-content\/uploads\/2025\/06\/Walk-Behind-Power-Trowel-PTH-H100A.jpg","contentUrl":"https:\/\/www.hsymachinery.com\/wp-content\/uploads\/2025\/06\/Walk-Behind-Power-Trowel-PTH-H100A.jpg","width":600,"height":738},{"@type":"BreadcrumbList","@id":"https:\/\/www.hsymachinery.com\/product\/walk-behind-power-trowel-pth-h100a\/#breadcrumb","itemListElement":[{"@type":"ListItem","position":1,"name":"home","item":"https:\/\/www.hsymachinery.com\/"},{"@type":"ListItem","position":2,"name":"products","item":"https:\/\/www.hsymachinery.com\/products\/"},{"@type":"ListItem","position":3,"name":"Walk-Behind Power Trowel PTH-H100A"}]},{"@type":"WebSite","@id":"https:\/\/www.hsymachinery.com\/#website","url":"https:\/\/www.hsymachinery.com\/","name":"Stavebn\u00ed stroje HSY","description":"HSY Machinery - P\u0159edn\u00ed \u010d\u00ednsk\u00fd dodavatel stavebn\u00edch stroj\u016f, kter\u00fd nab\u00edz\u00ed \u0161irokou \u0161k\u00e1lu lehk\u00fdch stavebn\u00edch stroj\u016f. Mezi na\u0161e hlavn\u00ed produkty pat\u0159\u00ed \u0159eza\u010dka prut\u016f, oh\u00fdba\u010dka prut\u016f, oh\u00fdba\u010dka prut\u016f, obloukov\u00e1 oh\u00fdba\u010dka prut\u016f, rovna\u010dka prut\u016f, p\u011btihlav\u0148ov\u00e1 oh\u00fdba\u010dka prut\u016f, p\u011bchovac\u00ed kladivo, zhut\u0148ova\u010d desek, \u0159eza\u010dka betonu, motorov\u00e1 st\u011brka a dal\u0161\u00ed stavebn\u00ed stroje. Jsme vybaveni modern\u00edmi CNC stroji a prosazujeme p\u0159\u00edsn\u00e9 standardy kontroly kvality spolu s komplexn\u00edm poprodejn\u00edm servisem. Pokud m\u00e1te z\u00e1jem o na\u0161e v\u00fdrobky nebo slu\u017eby, srde\u010dn\u011b uv\u00edt\u00e1me va\u0161e dotazy prost\u0159ednictv\u00edm zpr\u00e1vy.","publisher":{"@id":"https:\/\/www.hsymachinery.com\/#organization"},"potentialAction":[{"@type":"SearchAction","target":{"@type":"EntryPoint","urlTemplate":"https:\/\/www.hsymachinery.com\/?s={search_term_string}"},"query-input":{"@type":"PropertyValueSpecification","valueRequired":true,"valueName":"search_term_string"}}],"inLanguage":"cs"},{"@type":"Organization","@id":"https:\/\/www.hsymachinery.com\/#organization","name":"Stavebn\u00ed stroje HSY","url":"https:\/\/www.hsymachinery.com\/","logo":{"@type":"ImageObject","inLanguage":"cs","@id":"https:\/\/www.hsymachinery.com\/#\/schema\/logo\/image\/","url":"https:\/\/www.hsymachinery.com\/wp-content\/uploads\/2025\/06\/cropped-HSY-machinery.png","contentUrl":"https:\/\/www.hsymachinery.com\/wp-content\/uploads\/2025\/06\/cropped-HSY-machinery.png","width":600,"height":240,"caption":"HSY Construction Machinery"},"image":{"@id":"https:\/\/www.hsymachinery.com\/#\/schema\/logo\/image\/"}}]}},"_links":{"self":[{"href":"https:\/\/www.hsymachinery.com\/cs\/wp-json\/wp\/v2\/product\/9187","targetHints":{"allow":["GET"]}}],"collection":[{"href":"https:\/\/www.hsymachinery.com\/cs\/wp-json\/wp\/v2\/product"}],"about":[{"href":"https:\/\/www.hsymachinery.com\/cs\/wp-json\/wp\/v2\/types\/product"}],"version-history":[{"count":3,"href":"https:\/\/www.hsymachinery.com\/cs\/wp-json\/wp\/v2\/product\/9187\/revisions"}],"predecessor-version":[{"id":9589,"href":"https:\/\/www.hsymachinery.com\/cs\/wp-json\/wp\/v2\/product\/9187\/revisions\/9589"}],"wp:featuredmedia":[{"embeddable":true,"href":"https:\/\/www.hsymachinery.com\/cs\/wp-json\/wp\/v2\/media\/9188"}],"wp:attachment":[{"href":"https:\/\/www.hsymachinery.com\/cs\/wp-json\/wp\/v2\/media?parent=9187"}],"wp:term":[{"taxonomy":"product_brand","embeddable":true,"href":"https:\/\/www.hsymachinery.com\/cs\/wp-json\/wp\/v2\/product_brand?post=9187"},{"taxonomy":"product_cat","embeddable":true,"href":"https:\/\/www.hsymachinery.com\/cs\/wp-json\/wp\/v2\/product_cat?post=9187"},{"taxonomy":"product_tag","embeddable":true,"href":"https:\/\/www.hsymachinery.com\/cs\/wp-json\/wp\/v2\/product_tag?post=9187"}],"curies":[{"name":"wp","href":"https:\/\/api.w.org\/{rel}","templated":true}]}}