{"id":9169,"date":"2025-06-18T18:27:56","date_gmt":"2025-06-18T10:27:56","guid":{"rendered":"https:\/\/www.hsymachinery.com\/?post_type=product&#038;p=9169"},"modified":"2025-06-28T21:58:31","modified_gmt":"2025-06-28T13:58:31","slug":"motorova-lzice-s-pojezdem-pth-l80-90","status":"publish","type":"product","link":"https:\/\/www.hsymachinery.com\/cs\/produkt\/motorova-lzice-s-pojezdem-pth-l80-90\/","title":{"rendered":"Motorov\u00e1 l\u017e\u00edce PTH-L80\/90 s chod\u00edc\u00edm ramenem"},"content":{"rendered":"<h2 data-start=\"136\" data-end=\"179\">Motorov\u00e1 l\u017e\u00edce PTH-L80\/90 s chod\u00edc\u00edm ramenem<\/h2>\n<h3 data-start=\"180\" data-end=\"290\">PTH-L80\/90 Benz\u00ednov\u00e9 hlad\u00edtko na beton s motorem Loncin | Ide\u00e1ln\u00ed pro st\u0159edn\u00ed a velk\u00e9 beton\u00e1\u0159sk\u00e9 pr\u00e1ce<\/h3>\n<h3 data-start=\"297\" data-end=\"396\">Popis produktu - V\u00fdkonn\u00e1 a \u00fa\u010dinn\u00e1 fini\u0161erka na beton pro rovn\u00e9 a odoln\u00e9 povrchy<a href=\"https:\/\/www.hsymachinery.com\/cs\/produkty\/motorova-lzice-s-pojezdem\/\" target=\"_blank\" rel=\"noopener\"><img fetchpriority=\"high\" decoding=\"async\" class=\"wp-image-9170 alignright\" src=\"https:\/\/www.hsymachinery.com\/wp-content\/uploads\/2025\/06\/Walk-Behind-Power-Trowel-PTH-L80-244x300.jpg\" alt=\"\" width=\"450\" height=\"553\" srcset=\"https:\/\/www.hsymachinery.com\/wp-content\/uploads\/2025\/06\/Walk-Behind-Power-Trowel-PTH-L80-244x300.jpg 244w, https:\/\/www.hsymachinery.com\/wp-content\/uploads\/2025\/06\/Walk-Behind-Power-Trowel-PTH-L80.jpg 600w\" sizes=\"(max-width: 450px) 100vw, 450px\" \/><\/a><\/h3>\n<p data-start=\"398\" data-end=\"764\">Na str\u00e1nk\u00e1ch <strong data-start=\"402\" data-end=\"441\">Motorov\u00e1 l\u017e\u00edce PTH-L80\/90 s chod\u00edc\u00edm ramenem<\/strong> je ur\u010dena pro st\u0159edn\u00ed a\u017e velk\u00e9 projekty povrchov\u00fdch \u00faprav a je poh\u00e1n\u011bna spolehliv\u00fdm benz\u00ednov\u00fdm motorem Longxin (Loncin). Tento stroj poskytuje konzistentn\u00ed v\u00fdkon, vysok\u00fd to\u010div\u00fd moment a p\u0159esn\u00e9 ovl\u00e1d\u00e1n\u00ed sklonu no\u017e\u016f, co\u017e z n\u011bj \u010din\u00ed ide\u00e1ln\u00ed n\u00e1stroj pro dodavatele, kte\u0159\u00ed pot\u0159ebuj\u00ed rovnov\u00e1hu mezi v\u00fdkonem a ovladatelnost\u00ed.<\/p>\n<p data-start=\"766\" data-end=\"1101\">D\u00edky v\u011bt\u0161\u00edmu pracovn\u00edmu pr\u016fm\u011bru zvy\u0161uje PTH-L80\/90 efektivitu dokon\u010dov\u00e1n\u00ed a pokryt\u00ed a pom\u00e1h\u00e1 u\u017eivatel\u016fm dokon\u010dit pr\u00e1ci rychleji bez ztr\u00e1ty kvality. Zes\u00edlen\u00e1 p\u0159evodovka stroje, nastaviteln\u00e1 rukoje\u0165 a sestava pavouka pro velkou z\u00e1t\u011b\u017e zaji\u0161\u0165uj\u00ed dlouhodobou odolnost i v n\u00e1ro\u010dn\u00fdch stavebn\u00edch podm\u00ednk\u00e1ch.<\/p>\n<p data-start=\"1103\" data-end=\"1236\">Tato p\u011b\u0161\u00ed hladi\u010dka je ur\u010dena pro profesion\u00e1ly a je spolehliv\u00fdm pomocn\u00edkem p\u0159i vytv\u00e1\u0159en\u00ed hust\u00fdch, hladk\u00fdch a rovn\u00fdch betonov\u00fdch povrch\u016f.<\/p>\n<h3 data-start=\"1243\" data-end=\"1292\">Kl\u00ed\u010dov\u00e9 vlastnosti hlad\u00edtka na beton PTH-L80\/90<\/h3>\n<ul data-start=\"1294\" data-end=\"1616\">\n<li data-start=\"1294\" data-end=\"1346\">\n<p data-start=\"1296\" data-end=\"1346\">Vybaven v\u00fdkonn\u00fdm benz\u00ednov\u00fdm motorem Longxin<\/p>\n<\/li>\n<li data-start=\"1347\" data-end=\"1408\">\n<p data-start=\"1349\" data-end=\"1408\">Pr\u016fm\u011br hlad\u00edtka 80\/90 cm pro plo\u0161n\u00e9 \u00fapravy betonu<\/p>\n<\/li>\n<li data-start=\"1409\" data-end=\"1463\">\n<p data-start=\"1411\" data-end=\"1463\">Nastaviteln\u00fd sklon lopatek pro p\u0159esn\u00e9 ovl\u00e1d\u00e1n\u00ed povrchu<\/p>\n<\/li>\n<li data-start=\"1464\" data-end=\"1508\">\n<p data-start=\"1466\" data-end=\"1508\">Skl\u00e1dac\u00ed rukoje\u0165 s antivibra\u010dn\u00ed rukojet\u00ed<\/p>\n<\/li>\n<li data-start=\"1509\" data-end=\"1559\">\n<p data-start=\"1511\" data-end=\"1559\">Robustn\u00ed konstrukce s plnou ochranou bezpe\u010dnostn\u00edho krou\u017eku<\/p>\n<\/li>\n<li data-start=\"1560\" data-end=\"1616\">\n<p data-start=\"1562\" data-end=\"1616\">Snadn\u00e1 \u00fadr\u017eba, n\u00edzk\u00e1 spot\u0159eba paliva a p\u0159ipravenost na staveni\u0161ti<\/p>\n<\/li>\n<\/ul>\n<h3 data-start=\"1623\" data-end=\"1711\">Pou\u017eit\u00ed - ur\u010deno pro desky, tov\u00e1rn\u00ed podlahy, parkovi\u0161t\u011b a komer\u010dn\u00ed pr\u00e1ce<\/h3>\n<p data-start=\"1713\" data-end=\"1984\">Model PTH-L80\/90 je ide\u00e1ln\u00ed pro v\u011bt\u0161\u00ed betonov\u00e9 plochy, v\u010detn\u011b pr\u016fmyslov\u00fdch podlah, gar\u00e1\u017e\u00ed, p\u0159\u00edjezdov\u00fdch cest a z\u00e1kladov\u00fdch podlo\u017eek. D\u00edky stabiln\u00ed z\u00e1kladn\u011b a velk\u00e9mu z\u00e1b\u011bru hlad\u00edtka je vhodn\u00e1 pro pr\u00e1ce vy\u017eaduj\u00edc\u00ed vysok\u00fd v\u00fdkon a rovinnostn\u00ed standardy.<\/p>\n<p data-start=\"1986\" data-end=\"2140\">Dodavatel\u00e9 d\u00e1vaj\u00ed p\u0159ednost tomuto modelu pro jeho pom\u011br v\u00fdkonu a velikosti, snadnou manipulaci a schopnost dosahovat konzistentn\u00edch profesion\u00e1ln\u00edch v\u00fdsledk\u016f p\u0159i ka\u017ed\u00e9m vylit\u00ed.<\/p>\n<p><iframe title=\"motorov\u00e1 st\u011brka, ru\u010dn\u00ed tla\u010dn\u00e1 motorov\u00e1 st\u011brka, st\u011brka, beton #st\u011brka #powertrowe#concrete\" width=\"720\" height=\"405\" src=\"https:\/\/www.youtube.com\/embed\/JeIeqDsn7vk?feature=oembed\" frameborder=\"0\" allow=\"accelerometer; autoplay; clipboard-write; encrypted-media; gyroscope; picture-in-picture; web-share\" referrerpolicy=\"strict-origin-when-cross-origin\" allowfullscreen><\/iframe><\/p>","protected":false},"excerpt":{"rendered":"<p>Kr\u00e1\u010dej\u00edc\u00ed hlad\u00edtko PTH-L80\/90 poh\u00e1n\u011bn\u00e9 motorem Longxin je ide\u00e1ln\u00ed pro dokon\u010dov\u00e1n\u00ed velk\u00fdch betonov\u00fdch desek a nab\u00edz\u00ed hladk\u00e9 a rovn\u00e9 v\u00fdsledky s vy\u0161\u0161\u00ed \u00fa\u010dinnost\u00ed.<\/p>","protected":false},"featured_media":9170,"template":"","meta":{"_kad_post_transparent":"default","_kad_post_title":"","_kad_post_layout":"default","_kad_post_sidebar_id":"","_kad_post_content_style":"default","_kad_post_vertical_padding":"default","_kad_post_feature":"","_kad_post_feature_position":"","_kad_post_header":false,"_kad_post_footer":false},"product_brand":[],"product_cat":[55],"product_tag":[1084,1083,1087,1081,1086,1085,1089,1088,1090,1082],"class_list":{"0":"post-9169","1":"product","2":"type-product","3":"status-publish","4":"has-post-thumbnail","6":"product_cat-walk-behind-power-trowel","7":"product_tag-cement-power-trowel","8":"product_tag-concrete-finishing-trowel","9":"product_tag-concrete-floor-finishing-machine","10":"product_tag-concrete-power-trowel","11":"product_tag-electric-walk-behind-trowel","12":"product_tag-gasoline-power-trowel","13":"product_tag-hand-operated-power-trowel","14":"product_tag-manual-power-trowel","15":"product_tag-walk-behind-concrete-finishing-machine","16":"product_tag-walk-behind-trowel-machine","18":"first","19":"instock","20":"shipping-taxable","21":"product-type-simple","22":"entry","23":"content-bg","24":"loop-entry"},"yoast_head":"<!-- This site is optimized with the Yoast SEO plugin v25.3.1 - https:\/\/yoast.com\/wordpress\/plugins\/seo\/ -->\n<title>Walk-Behind Power Trowel PTH-L80\/90 - HSY Construction Machinery<\/title>\n<meta name=\"description\" content=\"Walk-Behind Power Trowel PTH-L80\/90 with Loncin gasoline engine delivers efficient surface finishing for large slabs, factory floors, and parking lots. Reliable and durable.\" \/>\n<meta name=\"robots\" content=\"index, follow, max-snippet:-1, max-image-preview:large, max-video-preview:-1\" \/>\n<link rel=\"canonical\" href=\"https:\/\/www.hsymachinery.com\/cs\/produkt\/motorova-lzice-s-pojezdem-pth-l80-90\/\" \/>\n<meta property=\"og:locale\" content=\"cs_CZ\" \/>\n<meta property=\"og:type\" content=\"article\" \/>\n<meta property=\"og:title\" content=\"Walk-Behind Power Trowel PTH-L80\/90 - HSY Construction Machinery\" \/>\n<meta property=\"og:description\" content=\"Walk-Behind Power Trowel PTH-L80\/90 with Loncin gasoline engine delivers efficient surface finishing for large slabs, factory floors, and parking lots. Reliable and durable.\" \/>\n<meta property=\"og:url\" content=\"https:\/\/www.hsymachinery.com\/cs\/produkt\/motorova-lzice-s-pojezdem-pth-l80-90\/\" \/>\n<meta property=\"og:site_name\" content=\"HSY Construction Machinery\" \/>\n<meta property=\"article:modified_time\" content=\"2025-06-28T13:58:31+00:00\" \/>\n<meta property=\"og:image\" content=\"https:\/\/www.hsymachinery.com\/wp-content\/uploads\/2025\/06\/Walk-Behind-Power-Trowel-PTH-L80.jpg\" \/>\n\t<meta property=\"og:image:width\" content=\"600\" \/>\n\t<meta property=\"og:image:height\" content=\"738\" \/>\n\t<meta property=\"og:image:type\" content=\"image\/jpeg\" \/>\n<meta name=\"twitter:card\" content=\"summary_large_image\" \/>\n<meta name=\"twitter:label1\" content=\"Odhadovan\u00e1 doba \u010dten\u00ed\" \/>\n\t<meta name=\"twitter:data1\" content=\"2 minuty\" \/>\n<script type=\"application\/ld+json\" class=\"yoast-schema-graph\">{\"@context\":\"https:\/\/schema.org\",\"@graph\":[{\"@type\":\"WebPage\",\"@id\":\"https:\/\/www.hsymachinery.com\/product\/walk-behind-power-trowel-pth-l80-90\/\",\"url\":\"https:\/\/www.hsymachinery.com\/product\/walk-behind-power-trowel-pth-l80-90\/\",\"name\":\"Walk-Behind Power Trowel PTH-L80\/90 - HSY Construction Machinery\",\"isPartOf\":{\"@id\":\"https:\/\/www.hsymachinery.com\/#website\"},\"primaryImageOfPage\":{\"@id\":\"https:\/\/www.hsymachinery.com\/product\/walk-behind-power-trowel-pth-l80-90\/#primaryimage\"},\"image\":{\"@id\":\"https:\/\/www.hsymachinery.com\/product\/walk-behind-power-trowel-pth-l80-90\/#primaryimage\"},\"thumbnailUrl\":\"https:\/\/www.hsymachinery.com\/wp-content\/uploads\/2025\/06\/Walk-Behind-Power-Trowel-PTH-L80.jpg\",\"datePublished\":\"2025-06-18T10:27:56+00:00\",\"dateModified\":\"2025-06-28T13:58:31+00:00\",\"description\":\"Walk-Behind Power Trowel PTH-L80\/90 with Loncin gasoline engine delivers efficient surface finishing for large slabs, factory floors, and parking lots. Reliable and durable.\",\"breadcrumb\":{\"@id\":\"https:\/\/www.hsymachinery.com\/product\/walk-behind-power-trowel-pth-l80-90\/#breadcrumb\"},\"inLanguage\":\"cs\",\"potentialAction\":[{\"@type\":\"ReadAction\",\"target\":[\"https:\/\/www.hsymachinery.com\/product\/walk-behind-power-trowel-pth-l80-90\/\"]}]},{\"@type\":\"ImageObject\",\"inLanguage\":\"cs\",\"@id\":\"https:\/\/www.hsymachinery.com\/product\/walk-behind-power-trowel-pth-l80-90\/#primaryimage\",\"url\":\"https:\/\/www.hsymachinery.com\/wp-content\/uploads\/2025\/06\/Walk-Behind-Power-Trowel-PTH-L80.jpg\",\"contentUrl\":\"https:\/\/www.hsymachinery.com\/wp-content\/uploads\/2025\/06\/Walk-Behind-Power-Trowel-PTH-L80.jpg\",\"width\":600,\"height\":738},{\"@type\":\"BreadcrumbList\",\"@id\":\"https:\/\/www.hsymachinery.com\/product\/walk-behind-power-trowel-pth-l80-90\/#breadcrumb\",\"itemListElement\":[{\"@type\":\"ListItem\",\"position\":1,\"name\":\"home\",\"item\":\"https:\/\/www.hsymachinery.com\/\"},{\"@type\":\"ListItem\",\"position\":2,\"name\":\"products\",\"item\":\"https:\/\/www.hsymachinery.com\/products\/\"},{\"@type\":\"ListItem\",\"position\":3,\"name\":\"Walk-Behind Power Trowel PTH-L80\/90\"}]},{\"@type\":\"WebSite\",\"@id\":\"https:\/\/www.hsymachinery.com\/#website\",\"url\":\"https:\/\/www.hsymachinery.com\/\",\"name\":\"HSY Construction Machinery\",\"description\":\"HSY Machinery \u2013 A leading China construction machinery supplier, offering a wide range of light construction equipment. Our main products include Rebar Cutting Machine, Rebar Bending Machine, Rebar Stirrup Bending Machine, Rebar Arc Bending Machine, Rebar Straightening Machine, Five-Head Rebar Stirrup Bending Machine, Tamping Rammer, Plate Compactor, Concrete Cutter, Power Trowel, and other construction machinery. We are equipped with advanced CNC machines, and we enforce strict quality inspection standards along with comprehensive after-sales service. If you are interested in our products or services, we warmly welcome your inquiries via message.\",\"publisher\":{\"@id\":\"https:\/\/www.hsymachinery.com\/#organization\"},\"potentialAction\":[{\"@type\":\"SearchAction\",\"target\":{\"@type\":\"EntryPoint\",\"urlTemplate\":\"https:\/\/www.hsymachinery.com\/?s={search_term_string}\"},\"query-input\":{\"@type\":\"PropertyValueSpecification\",\"valueRequired\":true,\"valueName\":\"search_term_string\"}}],\"inLanguage\":\"cs\"},{\"@type\":\"Organization\",\"@id\":\"https:\/\/www.hsymachinery.com\/#organization\",\"name\":\"HSY Construction Machinery\",\"url\":\"https:\/\/www.hsymachinery.com\/\",\"logo\":{\"@type\":\"ImageObject\",\"inLanguage\":\"cs\",\"@id\":\"https:\/\/www.hsymachinery.com\/#\/schema\/logo\/image\/\",\"url\":\"https:\/\/www.hsymachinery.com\/wp-content\/uploads\/2025\/06\/cropped-HSY-machinery.png\",\"contentUrl\":\"https:\/\/www.hsymachinery.com\/wp-content\/uploads\/2025\/06\/cropped-HSY-machinery.png\",\"width\":600,\"height\":240,\"caption\":\"HSY Construction Machinery\"},\"image\":{\"@id\":\"https:\/\/www.hsymachinery.com\/#\/schema\/logo\/image\/\"}}]}<\/script>\n<!-- \/ Yoast SEO plugin. -->","yoast_head_json":{"title":"Motorov\u00e1 l\u017e\u00edce PTH-L80\/90 - Stavebn\u00ed stroje HSY","description":"Motorov\u00e1 l\u017e\u00edce PTH-L80\/90 s benz\u00ednov\u00fdm motorem Loncin zaji\u0161\u0165uje efektivn\u00ed povrchovou \u00fapravu velk\u00fdch desek, tov\u00e1rn\u00edch podlah a parkovi\u0161\u0165. Spolehliv\u00e9 a odoln\u00e9.","robots":{"index":"index","follow":"follow","max-snippet":"max-snippet:-1","max-image-preview":"max-image-preview:large","max-video-preview":"max-video-preview:-1"},"canonical":"https:\/\/www.hsymachinery.com\/cs\/produkt\/motorova-lzice-s-pojezdem-pth-l80-90\/","og_locale":"cs_CZ","og_type":"article","og_title":"Walk-Behind Power Trowel PTH-L80\/90 - HSY Construction Machinery","og_description":"Walk-Behind Power Trowel PTH-L80\/90 with Loncin gasoline engine delivers efficient surface finishing for large slabs, factory floors, and parking lots. Reliable and durable.","og_url":"https:\/\/www.hsymachinery.com\/cs\/produkt\/motorova-lzice-s-pojezdem-pth-l80-90\/","og_site_name":"HSY Construction Machinery","article_modified_time":"2025-06-28T13:58:31+00:00","og_image":[{"width":600,"height":738,"url":"https:\/\/www.hsymachinery.com\/wp-content\/uploads\/2025\/06\/Walk-Behind-Power-Trowel-PTH-L80.jpg","type":"image\/jpeg"}],"twitter_card":"summary_large_image","twitter_misc":{"Odhadovan\u00e1 doba \u010dten\u00ed":"2 minuty"},"schema":{"@context":"https:\/\/schema.org","@graph":[{"@type":"WebPage","@id":"https:\/\/www.hsymachinery.com\/product\/walk-behind-power-trowel-pth-l80-90\/","url":"https:\/\/www.hsymachinery.com\/product\/walk-behind-power-trowel-pth-l80-90\/","name":"Motorov\u00e1 l\u017e\u00edce PTH-L80\/90 - Stavebn\u00ed stroje HSY","isPartOf":{"@id":"https:\/\/www.hsymachinery.com\/#website"},"primaryImageOfPage":{"@id":"https:\/\/www.hsymachinery.com\/product\/walk-behind-power-trowel-pth-l80-90\/#primaryimage"},"image":{"@id":"https:\/\/www.hsymachinery.com\/product\/walk-behind-power-trowel-pth-l80-90\/#primaryimage"},"thumbnailUrl":"https:\/\/www.hsymachinery.com\/wp-content\/uploads\/2025\/06\/Walk-Behind-Power-Trowel-PTH-L80.jpg","datePublished":"2025-06-18T10:27:56+00:00","dateModified":"2025-06-28T13:58:31+00:00","description":"Motorov\u00e1 l\u017e\u00edce PTH-L80\/90 s benz\u00ednov\u00fdm motorem Loncin zaji\u0161\u0165uje efektivn\u00ed povrchovou \u00fapravu velk\u00fdch desek, tov\u00e1rn\u00edch podlah a parkovi\u0161\u0165. Spolehliv\u00e9 a odoln\u00e9.","breadcrumb":{"@id":"https:\/\/www.hsymachinery.com\/product\/walk-behind-power-trowel-pth-l80-90\/#breadcrumb"},"inLanguage":"cs","potentialAction":[{"@type":"ReadAction","target":["https:\/\/www.hsymachinery.com\/product\/walk-behind-power-trowel-pth-l80-90\/"]}]},{"@type":"ImageObject","inLanguage":"cs","@id":"https:\/\/www.hsymachinery.com\/product\/walk-behind-power-trowel-pth-l80-90\/#primaryimage","url":"https:\/\/www.hsymachinery.com\/wp-content\/uploads\/2025\/06\/Walk-Behind-Power-Trowel-PTH-L80.jpg","contentUrl":"https:\/\/www.hsymachinery.com\/wp-content\/uploads\/2025\/06\/Walk-Behind-Power-Trowel-PTH-L80.jpg","width":600,"height":738},{"@type":"BreadcrumbList","@id":"https:\/\/www.hsymachinery.com\/product\/walk-behind-power-trowel-pth-l80-90\/#breadcrumb","itemListElement":[{"@type":"ListItem","position":1,"name":"home","item":"https:\/\/www.hsymachinery.com\/"},{"@type":"ListItem","position":2,"name":"products","item":"https:\/\/www.hsymachinery.com\/products\/"},{"@type":"ListItem","position":3,"name":"Walk-Behind Power Trowel PTH-L80\/90"}]},{"@type":"WebSite","@id":"https:\/\/www.hsymachinery.com\/#website","url":"https:\/\/www.hsymachinery.com\/","name":"Stavebn\u00ed stroje HSY","description":"HSY Machinery - P\u0159edn\u00ed \u010d\u00ednsk\u00fd dodavatel stavebn\u00edch stroj\u016f, kter\u00fd nab\u00edz\u00ed \u0161irokou \u0161k\u00e1lu lehk\u00fdch stavebn\u00edch stroj\u016f. Mezi na\u0161e hlavn\u00ed produkty pat\u0159\u00ed \u0159eza\u010dka prut\u016f, oh\u00fdba\u010dka prut\u016f, oh\u00fdba\u010dka prut\u016f, obloukov\u00e1 oh\u00fdba\u010dka prut\u016f, rovna\u010dka prut\u016f, p\u011btihlav\u0148ov\u00e1 oh\u00fdba\u010dka prut\u016f, p\u011bchovac\u00ed kladivo, zhut\u0148ova\u010d desek, \u0159eza\u010dka betonu, motorov\u00e1 st\u011brka a dal\u0161\u00ed stavebn\u00ed stroje. Jsme vybaveni modern\u00edmi CNC stroji a prosazujeme p\u0159\u00edsn\u00e9 standardy kontroly kvality spolu s komplexn\u00edm poprodejn\u00edm servisem. Pokud m\u00e1te z\u00e1jem o na\u0161e v\u00fdrobky nebo slu\u017eby, srde\u010dn\u011b uv\u00edt\u00e1me va\u0161e dotazy prost\u0159ednictv\u00edm zpr\u00e1vy.","publisher":{"@id":"https:\/\/www.hsymachinery.com\/#organization"},"potentialAction":[{"@type":"SearchAction","target":{"@type":"EntryPoint","urlTemplate":"https:\/\/www.hsymachinery.com\/?s={search_term_string}"},"query-input":{"@type":"PropertyValueSpecification","valueRequired":true,"valueName":"search_term_string"}}],"inLanguage":"cs"},{"@type":"Organization","@id":"https:\/\/www.hsymachinery.com\/#organization","name":"Stavebn\u00ed stroje HSY","url":"https:\/\/www.hsymachinery.com\/","logo":{"@type":"ImageObject","inLanguage":"cs","@id":"https:\/\/www.hsymachinery.com\/#\/schema\/logo\/image\/","url":"https:\/\/www.hsymachinery.com\/wp-content\/uploads\/2025\/06\/cropped-HSY-machinery.png","contentUrl":"https:\/\/www.hsymachinery.com\/wp-content\/uploads\/2025\/06\/cropped-HSY-machinery.png","width":600,"height":240,"caption":"HSY Construction Machinery"},"image":{"@id":"https:\/\/www.hsymachinery.com\/#\/schema\/logo\/image\/"}}]}},"_links":{"self":[{"href":"https:\/\/www.hsymachinery.com\/cs\/wp-json\/wp\/v2\/product\/9169","targetHints":{"allow":["GET"]}}],"collection":[{"href":"https:\/\/www.hsymachinery.com\/cs\/wp-json\/wp\/v2\/product"}],"about":[{"href":"https:\/\/www.hsymachinery.com\/cs\/wp-json\/wp\/v2\/types\/product"}],"version-history":[{"count":3,"href":"https:\/\/www.hsymachinery.com\/cs\/wp-json\/wp\/v2\/product\/9169\/revisions"}],"predecessor-version":[{"id":9577,"href":"https:\/\/www.hsymachinery.com\/cs\/wp-json\/wp\/v2\/product\/9169\/revisions\/9577"}],"wp:featuredmedia":[{"embeddable":true,"href":"https:\/\/www.hsymachinery.com\/cs\/wp-json\/wp\/v2\/media\/9170"}],"wp:attachment":[{"href":"https:\/\/www.hsymachinery.com\/cs\/wp-json\/wp\/v2\/media?parent=9169"}],"wp:term":[{"taxonomy":"product_brand","embeddable":true,"href":"https:\/\/www.hsymachinery.com\/cs\/wp-json\/wp\/v2\/product_brand?post=9169"},{"taxonomy":"product_cat","embeddable":true,"href":"https:\/\/www.hsymachinery.com\/cs\/wp-json\/wp\/v2\/product_cat?post=9169"},{"taxonomy":"product_tag","embeddable":true,"href":"https:\/\/www.hsymachinery.com\/cs\/wp-json\/wp\/v2\/product_tag?post=9169"}],"curies":[{"name":"wp","href":"https:\/\/api.w.org\/{rel}","templated":true}]}}